{"id":13550,"date":"2020-10-03T08:10:45","date_gmt":"2020-10-03T08:10:45","guid":{"rendered":"http:\/\/www.unavets.com\/villalba\/our-team\/"},"modified":"2026-03-02T09:53:17","modified_gmt":"2026-03-02T09:53:17","slug":"nuestro-equipo","status":"publish","type":"page","link":"https:\/\/www.unavets.com\/villalba\/es\/nuestro-equipo\/","title":{"rendered":"Nuestro equipo"},"content":{"rendered":"\t\t<div data-elementor-type=\"wp-page\" data-elementor-id=\"13550\" class=\"elementor elementor-13550 elementor-282\" data-elementor-post-type=\"page\">\n\t\t\t\t\t\t<section class=\"elementor-section elementor-top-section elementor-element elementor-element-2315038 pad-bot-0 elementor-section-boxed elementor-section-height-default elementor-section-height-default\" data-id=\"2315038\" data-element_type=\"section\" data-e-type=\"section\" id=\"main-sec\" data-settings=\"{&quot;background_background&quot;:&quot;classic&quot;}\">\n\t\t\t\t\t\t<div class=\"elementor-container elementor-column-gap-default\">\n\t\t\t\t\t<div class=\"elementor-column elementor-col-100 elementor-top-column elementor-element elementor-element-35c75b2\" data-id=\"35c75b2\" data-element_type=\"column\" data-e-type=\"column\">\n\t\t\t<div class=\"elementor-widget-wrap elementor-element-populated\">\n\t\t\t\t\t\t<div class=\"elementor-element elementor-element-28b1762 elementor-widget elementor-widget-text-editor\" data-id=\"28b1762\" data-element_type=\"widget\" data-e-type=\"widget\" data-widget_type=\"text-editor.default\">\n\t\t\t\t<div class=\"elementor-widget-container\">\n\t\t\t\t\t\t\t\t\t<p>En Cl\u00ednica Veterinaria Villalba contamos con un equipo de veterinarios expertos y apasionados por su trabajo. Nuestro compromiso con la excelencia nos lleva a ofrecer servicios veterinarios de la m\u00e1s alta calidad, siempre pensando en el bienestar de tus animales de compa\u00f1\u00eda.<\/p>\t\t\t\t\t\t\t\t<\/div>\n\t\t\t\t<\/div>\n\t\t\t\t\t<\/div>\n\t\t<\/div>\n\t\t\t\t\t<\/div>\n\t\t<\/section>\n\t\t\t\t<section class=\"elementor-section elementor-top-section elementor-element elementor-element-e31a7cf team-member elementor-section-boxed elementor-section-height-default elementor-section-height-default\" data-id=\"e31a7cf\" data-element_type=\"section\" data-e-type=\"section\">\n\t\t\t\t\t\t<div class=\"elementor-container elementor-column-gap-default\">\n\t\t\t\t\t<div class=\"elementor-column elementor-col-100 elementor-top-column elementor-element elementor-element-74bc16f\" data-id=\"74bc16f\" data-element_type=\"column\" data-e-type=\"column\">\n\t\t\t<div class=\"elementor-widget-wrap elementor-element-populated\">\n\t\t\t\t\t\t<div class=\"elementor-element elementor-element-26c3b90 elementor-hidden-tablet elementor-hidden-phone elementor-widget elementor-widget-section_titleleft\" data-id=\"26c3b90\" data-element_type=\"widget\" data-e-type=\"widget\" data-widget_type=\"section_titleleft.default\">\n\t\t\t\t<div class=\"elementor-widget-container\">\n\t\t\t\t\t        <div class=\"ab_text-title fl-wrap\">\n            <h3>Veterinarios <\/h3><span class=\"section-separator fl-sec-sep\"><\/span>        <\/div>\n        \t\t\t\t<\/div>\n\t\t\t\t<\/div>\n\t\t\t\t<section class=\"elementor-section elementor-inner-section elementor-element elementor-element-3669b34 elementor-section-boxed elementor-section-height-default elementor-section-height-default\" data-id=\"3669b34\" data-element_type=\"section\" data-e-type=\"section\">\n\t\t\t\t\t\t<div class=\"elementor-container elementor-column-gap-default\">\n\t\t\t\t\t<div class=\"elementor-column elementor-col-25 elementor-inner-column elementor-element elementor-element-a7cd8be\" data-id=\"a7cd8be\" data-element_type=\"column\" data-e-type=\"column\">\n\t\t\t<div class=\"elementor-widget-wrap elementor-element-populated\">\n\t\t\t\t\t\t<div class=\"elementor-element elementor-element-f06a80a elementor-widget elementor-widget-team_box\" data-id=\"f06a80a\" data-element_type=\"widget\" data-e-type=\"widget\" data-widget_type=\"team_box.default\">\n\t\t\t\t<div class=\"elementor-widget-container\">\n\t\t\t\t\t            <div class=\"team-holder section-team fl-wrap\">\n                <div class=\"team-box-image\">\n                    <div class=\"team-photo\">\n                        <img decoding=\"async\" src=\"https:\/\/www.unavets.com\/villalba\/wp-content\/uploads\/sites\/55\/2024\/10\/443.png\" class=\"respimg\">                                    \n                    <\/div>\n                    <div class=\"team-info\">\n                        <h3><a href=\"\">Javier Garc\u00eda<\/a><\/h3><h4>Director Veterinario<\/h4>Javier cuenta con m\u00e1s de 16 a\u00f1os de experiencia en el campo de la medicina veterinaria, Es fundador y l\u00edder de la Cl\u00ednica Veterinaria Villalba. Licenciado en Veterinaria por la Facultad de Lugo en 2004,                    <\/div>\n                <\/div>\n            <\/div>\n        \t\t\t\t<\/div>\n\t\t\t\t<\/div>\n\t\t\t\t<div class=\"elementor-element elementor-element-53cee80 readmoretoggle elementor-widget elementor-widget-toggle\" data-id=\"53cee80\" data-element_type=\"widget\" data-e-type=\"widget\" data-widget_type=\"toggle.default\">\n\t\t\t\t<div class=\"elementor-widget-container\">\n\t\t\t\t\t\t\t<div class=\"elementor-toggle\">\n\t\t\t\t\t\t\t<div class=\"elementor-toggle-item\">\n\t\t\t\t\t<div id=\"elementor-tab-title-8781\" class=\"elementor-tab-title\" data-tab=\"1\" role=\"button\" aria-controls=\"elementor-tab-content-8781\" aria-expanded=\"false\">\n\t\t\t\t\t\t\t\t\t\t\t\t<a class=\"elementor-toggle-title\" tabindex=\"0\">Leer m\u00e1s<\/a>\n\t\t\t\t\t<\/div>\n\n\t\t\t\t\t<div id=\"elementor-tab-content-8781\" class=\"elementor-tab-content elementor-clearfix\" data-tab=\"1\" role=\"region\" aria-labelledby=\"elementor-tab-title-8781\"><p>Javier cuenta con un internado y residencia en el prestigioso Hospital Veterinario Rof Codina, donde adquiri\u00f3 una s\u00f3lida base en la pr\u00e1ctica de la medicina de peque\u00f1os animales. Tras su formaci\u00f3n avanzada, Javier decidi\u00f3 fundar la Cl\u00ednica Veterinaria Villalba en 2008, con el objetivo de proporcionar un servicio de calidad a las mascotas de la regi\u00f3n.<\/p><p>Especializado en cirug\u00eda, ha realizado numerosas intervenciones quir\u00fargicas complejas a lo largo de su carrera, aplicando siempre las t\u00e9cnicas m\u00e1s avanzadas para asegurar la recuperaci\u00f3n y bienestar de sus pacientes. Su enfoque integral de la medicina veterinaria, combinado con su pasi\u00f3n por los animales, lo convierten en un veterinario altamente respetado en la comunidad.<\/p><\/div>\n\t\t\t\t<\/div>\n\t\t\t\t\t\t\t\t<\/div>\n\t\t\t\t\t\t<\/div>\n\t\t\t\t<\/div>\n\t\t\t\t\t<\/div>\n\t\t<\/div>\n\t\t\t\t<div class=\"elementor-column elementor-col-25 elementor-inner-column elementor-element elementor-element-d5ec886\" data-id=\"d5ec886\" data-element_type=\"column\" data-e-type=\"column\">\n\t\t\t<div class=\"elementor-widget-wrap elementor-element-populated\">\n\t\t\t\t\t\t<div class=\"elementor-element elementor-element-4b8ca33 elementor-widget elementor-widget-team_box\" data-id=\"4b8ca33\" data-element_type=\"widget\" data-e-type=\"widget\" data-widget_type=\"team_box.default\">\n\t\t\t\t<div class=\"elementor-widget-container\">\n\t\t\t\t\t            <div class=\"team-holder section-team fl-wrap\">\n                <div class=\"team-box-image\">\n                    <div class=\"team-photo\">\n                        <img decoding=\"async\" src=\"https:\/\/www.unavets.com\/villalba\/wp-content\/uploads\/sites\/55\/2024\/10\/442.png\" class=\"respimg\">                                    \n                    <\/div>\n                    <div class=\"team-info\">\n                        <h3><a href=\"\"> Ignacio Cuesta<\/a><\/h3><h4>Veterinario<\/h4>Con una formaci\u00f3n s\u00f3lida en diagn\u00f3stico por imagen y medicina interna, Ignacio es un pilar fundamental en nuestro equipo veterinario. Licenciado por la Facultad de Veterinaria de Lugo en 2013,                     <\/div>\n                <\/div>\n            <\/div>\n        \t\t\t\t<\/div>\n\t\t\t\t<\/div>\n\t\t\t\t<div class=\"elementor-element elementor-element-af24106 readmoretoggle elementor-widget elementor-widget-toggle\" data-id=\"af24106\" data-element_type=\"widget\" data-e-type=\"widget\" data-widget_type=\"toggle.default\">\n\t\t\t\t<div class=\"elementor-widget-container\">\n\t\t\t\t\t\t\t<div class=\"elementor-toggle\">\n\t\t\t\t\t\t\t<div class=\"elementor-toggle-item\">\n\t\t\t\t\t<div id=\"elementor-tab-title-1831\" class=\"elementor-tab-title\" data-tab=\"1\" role=\"button\" aria-controls=\"elementor-tab-content-1831\" aria-expanded=\"false\">\n\t\t\t\t\t\t\t\t\t\t\t\t<a class=\"elementor-toggle-title\" tabindex=\"0\">Leer m\u00e1s<\/a>\n\t\t\t\t\t<\/div>\n\n\t\t\t\t\t<div id=\"elementor-tab-content-1831\" class=\"elementor-tab-content elementor-clearfix\" data-tab=\"1\" role=\"region\" aria-labelledby=\"elementor-tab-title-1831\"><p>Ignacio complet\u00f3 su formaci\u00f3n en el reconocido Hospital Veterinario Rof Codina, donde se especializ\u00f3 en el uso de t\u00e9cnicas avanzadas de diagn\u00f3stico por imagen. Su carrera lo llev\u00f3 a trabajar en diversas cl\u00ednicas en M\u00e1laga, donde adquiri\u00f3 una amplia experiencia en medicina interna antes de regresar a Lugo y unirse a la Cl\u00ednica Veterinaria Villalba.<\/p><\/div>\n\t\t\t\t<\/div>\n\t\t\t\t\t\t\t\t<\/div>\n\t\t\t\t\t\t<\/div>\n\t\t\t\t<\/div>\n\t\t\t\t\t<\/div>\n\t\t<\/div>\n\t\t\t\t<div class=\"elementor-column elementor-col-25 elementor-inner-column elementor-element elementor-element-ef06e16\" data-id=\"ef06e16\" data-element_type=\"column\" data-e-type=\"column\">\n\t\t\t<div class=\"elementor-widget-wrap elementor-element-populated\">\n\t\t\t\t\t\t<div class=\"elementor-element elementor-element-dc99232 elementor-widget elementor-widget-team_box\" data-id=\"dc99232\" data-element_type=\"widget\" data-e-type=\"widget\" data-widget_type=\"team_box.default\">\n\t\t\t\t<div class=\"elementor-widget-container\">\n\t\t\t\t\t            <div class=\"team-holder section-team fl-wrap\">\n                <div class=\"team-box-image\">\n                    <div class=\"team-photo\">\n                        <img decoding=\"async\" src=\"https:\/\/www.unavets.com\/villalba\/wp-content\/uploads\/sites\/55\/2024\/10\/Copia-de-Empleados-Pagina-web-3.png\" class=\"respimg\">                                    \n                    <\/div>\n                    <div class=\"team-info\">\n                        <h3><a href=\"\">Diego Rolle<\/a><\/h3><h4>Veterinario<\/h4>Diego se uni\u00f3 al equipo de la Cl\u00ednica Veterinaria Villalba tras licenciarse en 2015 por la Facultad de Lugo. Su carrera est\u00e1 marcada por una serie de experiencias internacionales que le han permitido formarse en algunas de las mejores cl\u00ednicas veterinarias del mundo.                    <\/div>\n                <\/div>\n            <\/div>\n        \t\t\t\t<\/div>\n\t\t\t\t<\/div>\n\t\t\t\t<div class=\"elementor-element elementor-element-1790244 readmoretoggle elementor-widget elementor-widget-toggle\" data-id=\"1790244\" data-element_type=\"widget\" data-e-type=\"widget\" data-widget_type=\"toggle.default\">\n\t\t\t\t<div class=\"elementor-widget-container\">\n\t\t\t\t\t\t\t<div class=\"elementor-toggle\">\n\t\t\t\t\t\t\t<div class=\"elementor-toggle-item\">\n\t\t\t\t\t<div id=\"elementor-tab-title-2471\" class=\"elementor-tab-title\" data-tab=\"1\" role=\"button\" aria-controls=\"elementor-tab-content-2471\" aria-expanded=\"false\">\n\t\t\t\t\t\t\t\t\t\t\t\t<a class=\"elementor-toggle-title\" tabindex=\"0\">Leer m\u00e1s<\/a>\n\t\t\t\t\t<\/div>\n\n\t\t\t\t\t<div id=\"elementor-tab-content-2471\" class=\"elementor-tab-content elementor-clearfix\" data-tab=\"1\" role=\"region\" aria-labelledby=\"elementor-tab-title-2471\"><p>Diego es un experto en medicina interna, donde ha aplicado t\u00e9cnicas innovadoras para el tratamiento de diversas enfermedades en peque\u00f1os animales, destac\u00e1ndose como uno de los veterinarios m\u00e1s apasionados y comprometidos con el cuidado de los gatos.<\/p><p>Con un enfoque centrado en la empat\u00eda y el cuidado integral, Diego ha sido responsable de mejorar la salud y calidad de vida de numerosos felinos, creando relaciones cercanas tanto con los animales como con sus due\u00f1os.<\/p><\/div>\n\t\t\t\t<\/div>\n\t\t\t\t\t\t\t\t<\/div>\n\t\t\t\t\t\t<\/div>\n\t\t\t\t<\/div>\n\t\t\t\t\t<\/div>\n\t\t<\/div>\n\t\t\t\t<div class=\"elementor-column elementor-col-25 elementor-inner-column elementor-element elementor-element-b179804\" data-id=\"b179804\" data-element_type=\"column\" data-e-type=\"column\">\n\t\t\t<div class=\"elementor-widget-wrap elementor-element-populated\">\n\t\t\t\t\t\t<div class=\"elementor-element elementor-element-5486713 elementor-widget elementor-widget-team_box\" data-id=\"5486713\" data-element_type=\"widget\" data-e-type=\"widget\" data-widget_type=\"team_box.default\">\n\t\t\t\t<div class=\"elementor-widget-container\">\n\t\t\t\t\t            <div class=\"team-holder section-team fl-wrap\">\n                <div class=\"team-box-image\">\n                    <div class=\"team-photo\">\n                        <img decoding=\"async\" src=\"https:\/\/www.unavets.com\/villalba\/wp-content\/uploads\/sites\/55\/2024\/10\/441.png\" class=\"respimg\">                                    \n                    <\/div>\n                    <div class=\"team-info\">\n                        <h3><a href=\"\">\u00c1ngela Mu\u00ed\u00f1a<\/a><\/h3><h4>Veterinaria<\/h4>\u00c1ngela se licenci\u00f3 en 2017 y, tras su paso por el Hospital Universitario Rof Codina, se uni\u00f3 al equipo de Cl\u00ednica Veterinaria Villalba en 2020. \u00c1ngela se especializa en cirug\u00eda veterinaria,                     <\/div>\n                <\/div>\n            <\/div>\n        \t\t\t\t<\/div>\n\t\t\t\t<\/div>\n\t\t\t\t<div class=\"elementor-element elementor-element-0aae43d readmoretoggle elementor-widget elementor-widget-toggle\" data-id=\"0aae43d\" data-element_type=\"widget\" data-e-type=\"widget\" data-widget_type=\"toggle.default\">\n\t\t\t\t<div class=\"elementor-widget-container\">\n\t\t\t\t\t\t\t<div class=\"elementor-toggle\">\n\t\t\t\t\t\t\t<div class=\"elementor-toggle-item\">\n\t\t\t\t\t<div id=\"elementor-tab-title-1111\" class=\"elementor-tab-title\" data-tab=\"1\" role=\"button\" aria-controls=\"elementor-tab-content-1111\" aria-expanded=\"false\">\n\t\t\t\t\t\t\t\t\t\t\t\t<a class=\"elementor-toggle-title\" tabindex=\"0\">Leer m\u00e1s<\/a>\n\t\t\t\t\t<\/div>\n\n\t\t\t\t\t<div id=\"elementor-tab-content-1111\" class=\"elementor-tab-content elementor-clearfix\" data-tab=\"1\" role=\"region\" aria-labelledby=\"elementor-tab-title-1111\"><p>donde ha desarrollado habilidades avanzadas en procedimientos quir\u00fargicos tanto de emergencia como programados. Su precisi\u00f3n y atenci\u00f3n al detalle la han convertido en una de las cirujanas m\u00e1s competentes de nuestra cl\u00ednica.<\/p><p>\u00a0<\/p><p>Su dedicaci\u00f3n hacia el bienestar animal y su compromiso con el uso de las \u00faltimas tecnolog\u00edas en cirug\u00eda veterinaria la posicionan como una de las veterinarias m\u00e1s respetadas y admiradas por sus compa\u00f1eros y clientes.<\/p><\/div>\n\t\t\t\t<\/div>\n\t\t\t\t\t\t\t\t<\/div>\n\t\t\t\t\t\t<\/div>\n\t\t\t\t<\/div>\n\t\t\t\t\t<\/div>\n\t\t<\/div>\n\t\t\t\t\t<\/div>\n\t\t<\/section>\n\t\t\t\t\t<\/div>\n\t\t<\/div>\n\t\t\t\t\t<\/div>\n\t\t<\/section>\n\t\t\t\t<section class=\"elementor-section elementor-top-section elementor-element elementor-element-bd3ff8b team-member elementor-section-boxed elementor-section-height-default elementor-section-height-default\" data-id=\"bd3ff8b\" data-element_type=\"section\" data-e-type=\"section\">\n\t\t\t\t\t\t<div class=\"elementor-container elementor-column-gap-default\">\n\t\t\t\t\t<div class=\"elementor-column elementor-col-100 elementor-top-column elementor-element elementor-element-bf13140\" data-id=\"bf13140\" data-element_type=\"column\" data-e-type=\"column\">\n\t\t\t<div class=\"elementor-widget-wrap elementor-element-populated\">\n\t\t\t\t\t\t<div class=\"elementor-element elementor-element-a256994 elementor-hidden-tablet elementor-hidden-phone elementor-widget elementor-widget-section_titleleft\" data-id=\"a256994\" data-element_type=\"widget\" data-e-type=\"widget\" data-widget_type=\"section_titleleft.default\">\n\t\t\t\t<div class=\"elementor-widget-container\">\n\t\t\t\t\t        <div class=\"ab_text-title fl-wrap\">\n            <h3>T\u00e9cnicos y Auxiliares<\/h3><span class=\"section-separator fl-sec-sep\"><\/span>        <\/div>\n        \t\t\t\t<\/div>\n\t\t\t\t<\/div>\n\t\t\t\t<section class=\"elementor-section elementor-inner-section elementor-element elementor-element-01e2190 elementor-section-boxed elementor-section-height-default elementor-section-height-default\" data-id=\"01e2190\" data-element_type=\"section\" data-e-type=\"section\">\n\t\t\t\t\t\t<div class=\"elementor-container elementor-column-gap-default\">\n\t\t\t\t\t<div class=\"elementor-column elementor-col-33 elementor-inner-column elementor-element elementor-element-d438f04 nodata_bor\" data-id=\"d438f04\" data-element_type=\"column\" data-e-type=\"column\">\n\t\t\t<div class=\"elementor-widget-wrap\">\n\t\t\t\t\t\t\t<\/div>\n\t\t<\/div>\n\t\t\t\t<div class=\"elementor-column elementor-col-33 elementor-inner-column elementor-element elementor-element-3d3d3e0 nodata_bor\" data-id=\"3d3d3e0\" data-element_type=\"column\" data-e-type=\"column\">\n\t\t\t<div class=\"elementor-widget-wrap\">\n\t\t\t\t\t\t\t<\/div>\n\t\t<\/div>\n\t\t\t\t<div class=\"elementor-column elementor-col-33 elementor-inner-column elementor-element elementor-element-c98919d nodata_bor\" data-id=\"c98919d\" data-element_type=\"column\" data-e-type=\"column\">\n\t\t\t<div class=\"elementor-widget-wrap\">\n\t\t\t\t\t\t\t<\/div>\n\t\t<\/div>\n\t\t\t\t\t<\/div>\n\t\t<\/section>\n\t\t\t\t\t<\/div>\n\t\t<\/div>\n\t\t\t\t\t<\/div>\n\t\t<\/section>\n\t\t\t\t<\/div>\n\t\t","protected":false},"excerpt":{"rendered":"<p>En Cl\u00ednica Veterinaria Villalba contamos con un equipo de veterinarios expertos y apasionados por su trabajo. Nuestro compromiso con la excelencia nos lleva a ofrecer servicios veterinarios de la m\u00e1s alta calidad, siempre pensando en el bienestar de tus animales de compa\u00f1\u00eda. Veterinarios Javier Garc\u00eda Director Veterinario Javier cuenta con m\u00e1s de 16 a\u00f1os de &hellip; <\/p>\n","protected":false},"author":1,"featured_media":0,"parent":0,"menu_order":0,"comment_status":"closed","ping_status":"closed","template":"page-fullwidth.php","meta":{"_acf_changed":false,"content-type":"","footnotes":""},"class_list":["post-13550","page","type-page","status-publish","hentry"],"acf":[],"_links":{"self":[{"href":"https:\/\/www.unavets.com\/villalba\/es\/wp-json\/wp\/v2\/pages\/13550","targetHints":{"allow":["GET"]}}],"collection":[{"href":"https:\/\/www.unavets.com\/villalba\/es\/wp-json\/wp\/v2\/pages"}],"about":[{"href":"https:\/\/www.unavets.com\/villalba\/es\/wp-json\/wp\/v2\/types\/page"}],"author":[{"embeddable":true,"href":"https:\/\/www.unavets.com\/villalba\/es\/wp-json\/wp\/v2\/users\/1"}],"replies":[{"embeddable":true,"href":"https:\/\/www.unavets.com\/villalba\/es\/wp-json\/wp\/v2\/comments?post=13550"}],"version-history":[{"count":46,"href":"https:\/\/www.unavets.com\/villalba\/es\/wp-json\/wp\/v2\/pages\/13550\/revisions"}],"predecessor-version":[{"id":21031,"href":"https:\/\/www.unavets.com\/villalba\/es\/wp-json\/wp\/v2\/pages\/13550\/revisions\/21031"}],"wp:attachment":[{"href":"https:\/\/www.unavets.com\/villalba\/es\/wp-json\/wp\/v2\/media?parent=13550"}],"curies":[{"name":"wp","href":"https:\/\/api.w.org\/{rel}","templated":true}]}}