{"id":12946,"date":"2020-10-15T12:40:09","date_gmt":"2020-10-15T12:40:09","guid":{"rendered":"http:\/\/www.unavets.com\/villalba\/surgery\/"},"modified":"2024-10-24T16:44:51","modified_gmt":"2024-10-24T16:44:51","slug":"cirugia","status":"publish","type":"page","link":"https:\/\/www.unavets.com\/villalba\/es\/especialidades\/cirugia\/","title":{"rendered":"Cirug\u00eda"},"content":{"rendered":"\t\t<div data-elementor-type=\"wp-page\" data-elementor-id=\"12946\" class=\"elementor elementor-12946 elementor-819\" data-elementor-post-type=\"page\">\n\t\t\t\t\t\t<section class=\"elementor-section elementor-top-section elementor-element elementor-element-3b7f1f2 elementor-section-boxed elementor-section-height-default elementor-section-height-default\" data-id=\"3b7f1f2\" data-element_type=\"section\" data-e-type=\"section\" id=\"main-sec\">\n\t\t\t\t\t\t<div class=\"elementor-container elementor-column-gap-default\">\n\t\t\t\t\t<div class=\"elementor-column elementor-col-100 elementor-top-column elementor-element elementor-element-138c88c\" data-id=\"138c88c\" data-element_type=\"column\" data-e-type=\"column\">\n\t\t\t<div class=\"elementor-widget-wrap elementor-element-populated\">\n\t\t\t\t\t\t<div class=\"elementor-element elementor-element-ec83cf0 elementor-widget elementor-widget-section_titleleft\" data-id=\"ec83cf0\" data-element_type=\"widget\" data-e-type=\"widget\" data-widget_type=\"section_titleleft.default\">\n\t\t\t\t<div class=\"elementor-widget-container\">\n\t\t\t\t\t        <div class=\"ab_text-title fl-wrap\">\n            <h3>Cirug\u00eda y quir\u00f3fanos<\/h3>\nEn Cl\u00ednica Veterinaria Villalba de Lugo disponemos de pre-quir\u00f3fano y quir\u00f3fano dotado con equipamiento anest\u00e9sico, monitorizaci\u00f3n, material avanzado y con personal cualificado para supervisar de manera segura a todos nuestros pacientes.\n<span class=\"section-separator fl-sec-sep\"><\/span>        <\/div>\n        \t\t\t\t<\/div>\n\t\t\t\t<\/div>\n\t\t\t\t\t<\/div>\n\t\t<\/div>\n\t\t\t\t\t<\/div>\n\t\t<\/section>\n\t\t\t\t<section class=\"elementor-section elementor-top-section elementor-element elementor-element-d993722 elementor-section-boxed elementor-section-height-default elementor-section-height-default\" data-id=\"d993722\" data-element_type=\"section\" data-e-type=\"section\">\n\t\t\t\t\t\t<div class=\"elementor-container elementor-column-gap-wide\">\n\t\t\t\t\t<div class=\"elementor-column elementor-col-50 elementor-top-column elementor-element elementor-element-065811d\" data-id=\"065811d\" data-element_type=\"column\" data-e-type=\"column\">\n\t\t\t<div class=\"elementor-widget-wrap elementor-element-populated\">\n\t\t\t\t\t\t<div class=\"elementor-element elementor-element-63d99ac elementor-widget elementor-widget-text-editor\" data-id=\"63d99ac\" data-element_type=\"widget\" data-e-type=\"widget\" data-widget_type=\"text-editor.default\">\n\t\t\t\t<div class=\"elementor-widget-container\">\n\t\t\t\t\t\t\t\t\t<p>En Cl\u00ednica Veterinaria Villalba para garantizar la salud y el bienestar de nuestros pacientes, se realizan cirug\u00edas rutinarias y otras menos comunes. Algunos procedimientos de cirug\u00eda general y otros m\u00e1s avanzados incluyen cirug\u00eda del o\u00eddo, cirug\u00eda de la piel, cirug\u00eda traumatol\u00f3gica, cirug\u00eda oral y la mayor\u00eda de cirug\u00edas de los tejidos blandos. Estamos orgullosos del equipo de profesionales, experimentados y amantes de los animales, que tienes a tu disposici\u00f3n para ayudarte, a t\u00ed y a tus mascotas.<\/p><p><strong>Servicios de cirug\u00eda<\/strong><\/p><ul><li>Consulta de cirug\u00eda<\/li><li>Traumatolog\u00eda y ortopedia<\/li><li>Reparaci\u00f3n de fracturas y cirug\u00eda de reconstrucci\u00f3n de heridas traum\u00e1ticas complejas.<\/li><li>Cirug\u00eda de tejidos blandos de rutina: esterilizaci\u00f3n, extracci\u00f3n de cuerpos extra\u00f1os abdominales, cirug\u00edas urinarias, etc.<\/li><li>Procedimientos laparosc\u00f3picos de rutina (m\u00ednimamente invasivos) como biopsias de h\u00edgado, ovariohisterectom\u00edas, etc.<\/li><li>Procedimientos laparosc\u00f3picos avanzados<\/li><\/ul>\t\t\t\t\t\t\t\t<\/div>\n\t\t\t\t<\/div>\n\t\t\t\t\t<\/div>\n\t\t<\/div>\n\t\t\t\t<div class=\"elementor-column elementor-col-50 elementor-top-column elementor-element elementor-element-2048e61\" data-id=\"2048e61\" data-element_type=\"column\" data-e-type=\"column\">\n\t\t\t<div class=\"elementor-widget-wrap elementor-element-populated\">\n\t\t\t\t\t\t<div class=\"elementor-element elementor-element-dc7c821 elementor-widget elementor-widget-image\" data-id=\"dc7c821\" data-element_type=\"widget\" data-e-type=\"widget\" data-widget_type=\"image.default\">\n\t\t\t\t<div class=\"elementor-widget-container\">\n\t\t\t\t\t\t\t\t\t\t\t\t\t\t\t<img fetchpriority=\"high\" width=\"724\" height=\"483\" class=\"attachment-large size-large wp-image-20700 lazy\" alt=\"\" data-src=\"https:\/\/www.unavets.com\/villalba\/wp-content\/uploads\/sites\/55\/2024\/10\/cirugia-vilalba-veterinaria-lugo3.jpg\" data-lazy=\"https:\/\/www.unavets.com\/villalba\/wp-content\/uploads\/sites\/55\/2024\/10\/cirugia-vilalba-veterinaria-lugo3.jpg\" \/>\t\t\t\t\t\t\t\t\t\t\t\t\t\t\t<\/div>\n\t\t\t\t<\/div>\n\t\t\t\t<div class=\"elementor-element elementor-element-6c7d8f0 elementor-align-center elementor-widget elementor-widget-button\" data-id=\"6c7d8f0\" data-element_type=\"widget\" data-e-type=\"widget\" data-widget_type=\"button.default\">\n\t\t\t\t<div class=\"elementor-widget-container\">\n\t\t\t\t\t\t\t\t\t<div class=\"elementor-button-wrapper\">\n\t\t\t\t\t<a class=\"elementor-button elementor-button-link elementor-size-md\" href=\"tel:%20982%20512%20301\">\n\t\t\t\t\t\t<span class=\"elementor-button-content-wrapper\">\n\t\t\t\t\t\t<span class=\"elementor-button-icon\">\n\t\t\t\t<i aria-hidden=\"true\" class=\"far fa-calendar-alt\"><\/i>\t\t\t<\/span>\n\t\t\t\t\t\t\t\t\t<span class=\"elementor-button-text\">Pide cita<\/span>\n\t\t\t\t\t<\/span>\n\t\t\t\t\t<\/a>\n\t\t\t\t<\/div>\n\t\t\t\t\t\t\t\t<\/div>\n\t\t\t\t<\/div>\n\t\t\t\t\t<\/div>\n\t\t<\/div>\n\t\t\t\t\t<\/div>\n\t\t<\/section>\n\t\t\t\t<section class=\"elementor-section elementor-top-section elementor-element elementor-element-c6e8d26 elementor-section-boxed elementor-section-height-default elementor-section-height-default\" data-id=\"c6e8d26\" data-element_type=\"section\" data-e-type=\"section\">\n\t\t\t\t\t\t<div class=\"elementor-container elementor-column-gap-default\">\n\t\t\t\t\t<div class=\"elementor-column elementor-col-100 elementor-top-column elementor-element elementor-element-d92d362\" data-id=\"d92d362\" data-element_type=\"column\" data-e-type=\"column\">\n\t\t\t<div class=\"elementor-widget-wrap elementor-element-populated\">\n\t\t\t\t\t\t<div class=\"elementor-element elementor-element-70fb1ad elementor-widget elementor-widget-section_titleleft\" data-id=\"70fb1ad\" data-element_type=\"widget\" data-e-type=\"widget\" data-widget_type=\"section_titleleft.default\">\n\t\t\t\t<div class=\"elementor-widget-container\">\n\t\t\t\t\t        <div class=\"ab_text-title fl-wrap\">\n            <h3>\u00bfCu\u00e1ndo considerar la cirug\u00eda?<\/h3><span class=\"section-separator fl-sec-sep\"><\/span>        <\/div>\n        \t\t\t\t<\/div>\n\t\t\t\t<\/div>\n\t\t\t\t\t<\/div>\n\t\t<\/div>\n\t\t\t\t\t<\/div>\n\t\t<\/section>\n\t\t\t\t<section class=\"elementor-section elementor-top-section elementor-element elementor-element-149f379 elementor-section-boxed elementor-section-height-default elementor-section-height-default\" data-id=\"149f379\" data-element_type=\"section\" data-e-type=\"section\">\n\t\t\t\t\t\t<div class=\"elementor-container elementor-column-gap-wide\">\n\t\t\t\t\t<div class=\"elementor-column elementor-col-50 elementor-top-column elementor-element elementor-element-2a8ea5b\" data-id=\"2a8ea5b\" data-element_type=\"column\" data-e-type=\"column\">\n\t\t\t<div class=\"elementor-widget-wrap elementor-element-populated\">\n\t\t\t\t\t\t<div class=\"elementor-element elementor-element-01118fc elementor-widget elementor-widget-image\" data-id=\"01118fc\" data-element_type=\"widget\" data-e-type=\"widget\" data-widget_type=\"image.default\">\n\t\t\t\t<div class=\"elementor-widget-container\">\n\t\t\t\t\t\t\t\t\t\t\t\t\t\t\t<img width=\"786\" height=\"524\" class=\"attachment-townhub-featured-image size-townhub-featured-image wp-image-20704 lazy\" alt=\"\" data-src=\"https:\/\/www.unavets.com\/villalba\/wp-content\/uploads\/sites\/55\/2024\/10\/cirugia-vilalba-veterinaria-lugo-786x524.jpg\" data-lazy=\"https:\/\/www.unavets.com\/villalba\/wp-content\/uploads\/sites\/55\/2024\/10\/cirugia-vilalba-veterinaria-lugo-786x524.jpg\" \/>\t\t\t\t\t\t\t\t\t\t\t\t\t\t\t<\/div>\n\t\t\t\t<\/div>\n\t\t\t\t\t<\/div>\n\t\t<\/div>\n\t\t\t\t<div class=\"elementor-column elementor-col-50 elementor-top-column elementor-element elementor-element-08b8459\" data-id=\"08b8459\" data-element_type=\"column\" data-e-type=\"column\">\n\t\t\t<div class=\"elementor-widget-wrap elementor-element-populated\">\n\t\t\t\t\t\t<div class=\"elementor-element elementor-element-e1b240e elementor-widget elementor-widget-text-editor\" data-id=\"e1b240e\" data-element_type=\"widget\" data-e-type=\"widget\" data-widget_type=\"text-editor.default\">\n\t\t\t\t<div class=\"elementor-widget-container\">\n\t\t\t\t\t\t\t\t\t<ul><li>Por lesiones traumatol\u00f3gicas<\/li><li>Diagn\u00f3stico y tratamiento quir\u00fargico de la cojera<\/li><li>Diagn\u00f3stico y tratamiento de las enfermedades del desarrollo: displasia de cadera y codo.<\/li><li>Presencia de tumores<\/li><li>Abdomen agudo<\/li><li>Enfermedad del tracto urinario<\/li><li>Enfermedad intrator\u00e1cica<\/li><li>Enfermedad de las v\u00edas respiratorias<\/li><li>Tratamiento de heridas complejas<\/li><li>Tratamiento preventivo m\u00ednimamente invasivo<\/li><\/ul>\t\t\t\t\t\t\t\t<\/div>\n\t\t\t\t<\/div>\n\t\t\t\t\t<\/div>\n\t\t<\/div>\n\t\t\t\t\t<\/div>\n\t\t<\/section>\n\t\t\t\t<\/div>\n\t\t","protected":false},"excerpt":{"rendered":"<p>Cirug\u00eda y quir\u00f3fanos En de disponemos de pre-quir\u00f3fano y quir\u00f3fano dotado con equipamiento anest\u00e9sico, monitorizaci\u00f3n, material avanzado y con personal cualificado para supervisar de manera segura a todos nuestros pacientes. En para garantizar la salud y el bienestar de nuestros pacientes, se realizan cirug\u00edas rutinarias y otras menos comunes. Algunos procedimientos de cirug\u00eda general y &hellip; <\/p>\n","protected":false},"author":8,"featured_media":0,"parent":13592,"menu_order":0,"comment_status":"closed","ping_status":"closed","template":"page-fullwidth.php","meta":{"_acf_changed":false,"content-type":"","footnotes":""},"class_list":["post-12946","page","type-page","status-publish","hentry"],"acf":[],"_links":{"self":[{"href":"https:\/\/www.unavets.com\/villalba\/es\/wp-json\/wp\/v2\/pages\/12946","targetHints":{"allow":["GET"]}}],"collection":[{"href":"https:\/\/www.unavets.com\/villalba\/es\/wp-json\/wp\/v2\/pages"}],"about":[{"href":"https:\/\/www.unavets.com\/villalba\/es\/wp-json\/wp\/v2\/types\/page"}],"author":[{"embeddable":true,"href":"https:\/\/www.unavets.com\/villalba\/es\/wp-json\/wp\/v2\/users\/8"}],"replies":[{"embeddable":true,"href":"https:\/\/www.unavets.com\/villalba\/es\/wp-json\/wp\/v2\/comments?post=12946"}],"version-history":[{"count":4,"href":"https:\/\/www.unavets.com\/villalba\/es\/wp-json\/wp\/v2\/pages\/12946\/revisions"}],"predecessor-version":[{"id":20712,"href":"https:\/\/www.unavets.com\/villalba\/es\/wp-json\/wp\/v2\/pages\/12946\/revisions\/20712"}],"up":[{"embeddable":true,"href":"https:\/\/www.unavets.com\/villalba\/es\/wp-json\/wp\/v2\/pages\/13592"}],"wp:attachment":[{"href":"https:\/\/www.unavets.com\/villalba\/es\/wp-json\/wp\/v2\/media?parent=12946"}],"curies":[{"name":"wp","href":"https:\/\/api.w.org\/{rel}","templated":true}]}}