{"id":15234,"date":"2021-06-15T11:31:27","date_gmt":"2021-06-15T11:31:27","guid":{"rendered":"http:\/\/www.unavets.com\/veterinariolugo\/?page_id=15234"},"modified":"2024-07-15T13:04:48","modified_gmt":"2024-07-15T13:04:48","slug":"hospitalizacion","status":"publish","type":"page","link":"https:\/\/www.unavets.com\/veterinariolugo\/es\/servicios\/hospitalizacion\/","title":{"rendered":"Hospitalizaci\u00f3n"},"content":{"rendered":"\t\t<div data-elementor-type=\"wp-page\" data-elementor-id=\"15234\" class=\"elementor elementor-15234 elementor-523\" data-elementor-post-type=\"page\">\n\t\t\t\t\t\t<section class=\"elementor-section elementor-top-section elementor-element elementor-element-d47bece pad-top-0 elementor-section-boxed elementor-section-height-default elementor-section-height-default\" data-id=\"d47bece\" data-element_type=\"section\" data-e-type=\"section\" id=\"main-sec\">\n\t\t\t\t\t\t<div class=\"elementor-container elementor-column-gap-wide\">\n\t\t\t\t\t<div class=\"elementor-column elementor-col-50 elementor-top-column elementor-element elementor-element-17d14fe\" data-id=\"17d14fe\" data-element_type=\"column\" data-e-type=\"column\">\n\t\t\t<div class=\"elementor-widget-wrap elementor-element-populated\">\n\t\t\t\t\t\t<div class=\"elementor-element elementor-element-aea8b6d elementor-widget elementor-widget-image\" data-id=\"aea8b6d\" data-element_type=\"widget\" data-e-type=\"widget\" data-widget_type=\"image.default\">\n\t\t\t\t<div class=\"elementor-widget-container\">\n\t\t\t\t\t\t\t\t\t\t\t\t\t\t\t<img fetchpriority=\"high\" width=\"646\" height=\"521\" class=\"attachment-large size-large wp-image-21069 lazy\" alt=\"\" data-src=\"https:\/\/www.unavets.com\/veterinariolugo\/wp-content\/uploads\/sites\/47\/2023\/12\/hospitalizacion-hv-lugo-__-e1721047195808.png\" data-lazy=\"https:\/\/www.unavets.com\/veterinariolugo\/wp-content\/uploads\/sites\/47\/2023\/12\/hospitalizacion-hv-lugo-__-e1721047195808.png\" \/>\t\t\t\t\t\t\t\t\t\t\t\t\t\t\t<\/div>\n\t\t\t\t<\/div>\n\t\t\t\t\t<\/div>\n\t\t<\/div>\n\t\t\t\t<div class=\"elementor-column elementor-col-50 elementor-top-column elementor-element elementor-element-c7280af\" data-id=\"c7280af\" data-element_type=\"column\" data-e-type=\"column\">\n\t\t\t<div class=\"elementor-widget-wrap elementor-element-populated\">\n\t\t\t\t\t\t<div class=\"elementor-element elementor-element-feb8866 elementor-widget elementor-widget-text-editor\" data-id=\"feb8866\" data-element_type=\"widget\" data-e-type=\"widget\" data-widget_type=\"text-editor.default\">\n\t\t\t\t<div class=\"elementor-widget-container\">\n\t\t\t\t\t\t\t\t\t<h4 class=\"title\"><strong>Hospital Veterinario en Lugo para <span class=\"block\">el cuidado de las mascotas<\/span><\/strong><\/h4><p>En nuestro hospital veterinario encontrar\u00e1s un ambiente seguro y acogedor para tu compa\u00f1ero peludo.<\/p><p>En ocasiones, las mascotas necesitan ser hospitalizadas para recibir una atenci\u00f3n especializada bajo la supervisi\u00f3n constante de nuestros veterinarios. En nuestro hospital de mascotas en Lugo, garantizamos un control exhaustivo de su evoluci\u00f3n, signos vitales y reacciones al tratamiento.<\/p><p>Somos un hospital veterinario 24 horas en Lugo, y disponemos de cheniles individuales dise\u00f1ados para su comodidad durante la recuperaci\u00f3n.<\/p><p>Nuestro equipo profesional y nuestras instalaciones de vanguardia aseguran la atenci\u00f3n constante de tu mascota en nuestro hospital veterinario en Lugo.<\/p>\t\t\t\t\t\t\t\t<\/div>\n\t\t\t\t<\/div>\n\t\t\t\t<div class=\"elementor-element elementor-element-d73455c elementor-align-center elementor-widget elementor-widget-button\" data-id=\"d73455c\" data-element_type=\"widget\" data-e-type=\"widget\" data-widget_type=\"button.default\">\n\t\t\t\t<div class=\"elementor-widget-container\">\n\t\t\t\t\t\t\t\t\t<div class=\"elementor-button-wrapper\">\n\t\t\t\t\t<a class=\"elementor-button elementor-button-link elementor-size-md\" href=\"https:\/\/www.unavets.com\/veterinariolugo\/es\/contacto\/\">\n\t\t\t\t\t\t<span class=\"elementor-button-content-wrapper\">\n\t\t\t\t\t\t<span class=\"elementor-button-icon\">\n\t\t\t\t<i aria-hidden=\"true\" class=\"far fa-calendar-alt\"><\/i>\t\t\t<\/span>\n\t\t\t\t\t\t\t\t\t<span class=\"elementor-button-text\">Pide Cita<\/span>\n\t\t\t\t\t<\/span>\n\t\t\t\t\t<\/a>\n\t\t\t\t<\/div>\n\t\t\t\t\t\t\t\t<\/div>\n\t\t\t\t<\/div>\n\t\t\t\t\t<\/div>\n\t\t<\/div>\n\t\t\t\t\t<\/div>\n\t\t<\/section>\n\t\t\t\t<section class=\"elementor-section elementor-top-section elementor-element elementor-element-f1f8860 elementor-section-boxed elementor-section-height-default elementor-section-height-default\" data-id=\"f1f8860\" data-element_type=\"section\" data-e-type=\"section\">\n\t\t\t\t\t\t<div class=\"elementor-container elementor-column-gap-default\">\n\t\t\t\t\t<div class=\"elementor-column elementor-col-100 elementor-top-column elementor-element elementor-element-a371cb8\" data-id=\"a371cb8\" data-element_type=\"column\" data-e-type=\"column\">\n\t\t\t<div class=\"elementor-widget-wrap elementor-element-populated\">\n\t\t\t\t\t\t<div class=\"elementor-element elementor-element-98700a0 elementor-widget elementor-widget-text-editor\" data-id=\"98700a0\" data-element_type=\"widget\" data-e-type=\"widget\" data-widget_type=\"text-editor.default\">\n\t\t\t\t<div class=\"elementor-widget-container\">\n\t\t\t\t\t\t\t\t\t<h4 class=\"title title--1\" style=\"text-align: left;\"><strong>\u00bfEn qu\u00e9 situaciones es necesaria la hospitalizaci\u00f3n de una mascota?<\/strong><\/h4><p style=\"text-align: left;\">En nuestro\u00a0<strong>hospital para perros<\/strong>\u00a0en Lugo contamos con un equipo preparado para cuidar de cualquier mascota en diversas situaciones, como enfermedades graves, intervenciones quir\u00fargicas, lesiones o deshidrataci\u00f3n. En nuestro\u00a0<strong>hospital de mascotas en Lugo<\/strong>, brindamos cuidados intensivos y supervisi\u00f3n veterinaria para asegurar una pronta recuperaci\u00f3n y evitar complicaciones. Si te preguntas cu\u00e1nto cuesta\u00a0<strong>hospitalizar a un perro en Lugo<\/strong>, cont\u00e1ctanos para recibir un presupuesto personalizado.<\/p><p style=\"text-align: left;\">Adem\u00e1s, nuestro\u00a0<strong>hospital de mascotas 24 horas<\/strong>\u00a0en Lugo est\u00e1 disponible para atender emergencias en cualquier momento del d\u00eda. En nuestro\u00a0<strong>hospital para gatos en Lugo<\/strong>\u00a0contamos con recursos necesarios para proporcionar el mejor cuidado a tu felino o a cualquier mascota. Conf\u00eda en nuestro\u00a0<strong>hospital veterinario en Lugo<\/strong>\u00a0para la salud y bienestar de tu compa\u00f1ero peludo.<\/p><h4 class=\"title title--1 font--center font--primary\" style=\"text-align: left;\"><strong>Nuestro hospital de mascotas en Lugo cuida de los animales las 24 horas del d\u00eda<\/strong><\/h4><p class=\"font--center\" style=\"text-align: left;\">Disponemos de instalaciones dise\u00f1adas para el bienestar y comodidad de los animales en caso de hospitalizaci\u00f3n, adem\u00e1s de contar con un equipo profesional encargado de proporcionar cuidados espec\u00edficos.<\/p>\t\t\t\t\t\t\t\t<\/div>\n\t\t\t\t<\/div>\n\t\t\t\t\t<\/div>\n\t\t<\/div>\n\t\t\t\t\t<\/div>\n\t\t<\/section>\n\t\t\t\t<section class=\"elementor-section elementor-top-section elementor-element elementor-element-8c87f7e elementor-section-boxed elementor-section-height-default elementor-section-height-default\" data-id=\"8c87f7e\" data-element_type=\"section\" data-e-type=\"section\">\n\t\t\t\t\t\t<div class=\"elementor-container elementor-column-gap-default\">\n\t\t\t\t\t<div class=\"elementor-column elementor-col-25 elementor-top-column elementor-element elementor-element-845bcba\" data-id=\"845bcba\" data-element_type=\"column\" data-e-type=\"column\">\n\t\t\t<div class=\"elementor-widget-wrap elementor-element-populated\">\n\t\t\t\t\t\t<div class=\"elementor-element elementor-element-7c184e2 elementor-widget elementor-widget-heading\" data-id=\"7c184e2\" data-element_type=\"widget\" data-e-type=\"widget\" data-widget_type=\"heading.default\">\n\t\t\t\t<div class=\"elementor-widget-container\">\n\t\t\t\t\t<h2 class=\"elementor-heading-title elementor-size-default\">Continua supervisi\u00f3n<\/h2>\t\t\t\t<\/div>\n\t\t\t\t<\/div>\n\t\t\t\t\t<\/div>\n\t\t<\/div>\n\t\t\t\t<div class=\"elementor-column elementor-col-25 elementor-top-column elementor-element elementor-element-c40dad5\" data-id=\"c40dad5\" data-element_type=\"column\" data-e-type=\"column\">\n\t\t\t<div class=\"elementor-widget-wrap elementor-element-populated\">\n\t\t\t\t\t\t<div class=\"elementor-element elementor-element-8ebee99 elementor-widget elementor-widget-heading\" data-id=\"8ebee99\" data-element_type=\"widget\" data-e-type=\"widget\" data-widget_type=\"heading.default\">\n\t\t\t\t<div class=\"elementor-widget-container\">\n\t\t\t\t\t<h2 class=\"elementor-heading-title elementor-size-default\">Contacto con el due\u00f1o <\/h2>\t\t\t\t<\/div>\n\t\t\t\t<\/div>\n\t\t\t\t\t<\/div>\n\t\t<\/div>\n\t\t\t\t<div class=\"elementor-column elementor-col-25 elementor-top-column elementor-element elementor-element-8b0c029\" data-id=\"8b0c029\" data-element_type=\"column\" data-e-type=\"column\">\n\t\t\t<div class=\"elementor-widget-wrap elementor-element-populated\">\n\t\t\t\t\t\t<div class=\"elementor-element elementor-element-f5f81b9 elementor-widget elementor-widget-heading\" data-id=\"f5f81b9\" data-element_type=\"widget\" data-e-type=\"widget\" data-widget_type=\"heading.default\">\n\t\t\t\t<div class=\"elementor-widget-container\">\n\t\t\t\t\t<h2 class=\"elementor-heading-title elementor-size-default\">Cuidados con mimo <\/h2>\t\t\t\t<\/div>\n\t\t\t\t<\/div>\n\t\t\t\t\t<\/div>\n\t\t<\/div>\n\t\t\t\t<div class=\"elementor-column elementor-col-25 elementor-top-column elementor-element elementor-element-3424f6c\" data-id=\"3424f6c\" data-element_type=\"column\" data-e-type=\"column\">\n\t\t\t<div class=\"elementor-widget-wrap elementor-element-populated\">\n\t\t\t\t\t\t<div class=\"elementor-element elementor-element-4f67898 elementor-widget elementor-widget-heading\" data-id=\"4f67898\" data-element_type=\"widget\" data-e-type=\"widget\" data-widget_type=\"heading.default\">\n\t\t\t\t<div class=\"elementor-widget-container\">\n\t\t\t\t\t<h2 class=\"elementor-heading-title elementor-size-default\">Tratamiento especializado<\/h2>\t\t\t\t<\/div>\n\t\t\t\t<\/div>\n\t\t\t\t\t<\/div>\n\t\t<\/div>\n\t\t\t\t\t<\/div>\n\t\t<\/section>\n\t\t\t\t<section class=\"elementor-section elementor-top-section elementor-element elementor-element-1209363 elementor-section-boxed elementor-section-height-default elementor-section-height-default\" data-id=\"1209363\" data-element_type=\"section\" data-e-type=\"section\">\n\t\t\t\t\t\t<div class=\"elementor-container elementor-column-gap-default\">\n\t\t\t\t\t<div class=\"elementor-column elementor-col-33 elementor-top-column elementor-element elementor-element-d6510cf\" data-id=\"d6510cf\" data-element_type=\"column\" data-e-type=\"column\">\n\t\t\t<div class=\"elementor-widget-wrap elementor-element-populated\">\n\t\t\t\t\t\t<div class=\"elementor-element elementor-element-4689552 elementor-widget elementor-widget-image\" data-id=\"4689552\" data-element_type=\"widget\" data-e-type=\"widget\" data-widget_type=\"image.default\">\n\t\t\t\t<div class=\"elementor-widget-container\">\n\t\t\t\t\t\t\t\t\t\t\t\t\t\t\t<img width=\"646\" height=\"461\" class=\"attachment-large size-large wp-image-21071 lazy\" alt=\"\" data-src=\"https:\/\/www.unavets.com\/veterinariolugo\/wp-content\/uploads\/sites\/47\/2023\/12\/hospitalizacion-hv-lugo-_-e1721047150970.png\" data-lazy=\"https:\/\/www.unavets.com\/veterinariolugo\/wp-content\/uploads\/sites\/47\/2023\/12\/hospitalizacion-hv-lugo-_-e1721047150970.png\" \/>\t\t\t\t\t\t\t\t\t\t\t\t\t\t\t<\/div>\n\t\t\t\t<\/div>\n\t\t\t\t\t<\/div>\n\t\t<\/div>\n\t\t\t\t<div class=\"elementor-column elementor-col-66 elementor-top-column elementor-element elementor-element-6c432c2\" data-id=\"6c432c2\" data-element_type=\"column\" data-e-type=\"column\">\n\t\t\t<div class=\"elementor-widget-wrap elementor-element-populated\">\n\t\t\t\t\t\t<div class=\"elementor-element elementor-element-e9f44a1 elementor-widget elementor-widget-text-editor\" data-id=\"e9f44a1\" data-element_type=\"widget\" data-e-type=\"widget\" data-widget_type=\"text-editor.default\">\n\t\t\t\t<div class=\"elementor-widget-container\">\n\t\t\t\t\t\t\t\t\t<h4 class=\"title title--1 font--primary\"><strong>Cuidados y comodidad asegurados durante la hospitalizaci\u00f3n de tu compa\u00f1ero m\u00e1s fiel<\/strong><\/h4><p>Como\u00a0<strong>hospital para gatos<\/strong>\u00a0en Lugo, nos preocupamos por atender todas las necesidades espec\u00edficas de cada animal en el momento de su ingreso, considerando su tama\u00f1o, tipo de enfermedad y el tratamiento m\u00e1s adecuado.<\/p><p>Adem\u00e1s, entendemos que estar separado de tu mascota es dif\u00edcil, por lo que en nuestro\u00a0<strong>hospital veterinario en Lugo<\/strong>\u00a0permitimos visitas dentro de un horario especial. Consulta las horas de visita de nuestro hospital para perros en Lugo contactando con nosotros.<\/p><p>En nuestro\u00a0<strong>hospital de mascotas<\/strong>\u00a0en Lugo creamos un ambiente seguro, acogedor y libre de estr\u00e9s para nuestros pacientes peludos. Contamos con personal especializado y dedicado que brinda cuidados personalizados, garantizando el bienestar y la comodidad de cada mascota.<\/p>\t\t\t\t\t\t\t\t<\/div>\n\t\t\t\t<\/div>\n\t\t\t\t\t<\/div>\n\t\t<\/div>\n\t\t\t\t\t<\/div>\n\t\t<\/section>\n\t\t\t\t<section class=\"elementor-section elementor-top-section elementor-element elementor-element-5ace570 elementor-section-boxed elementor-section-height-default elementor-section-height-default\" data-id=\"5ace570\" data-element_type=\"section\" data-e-type=\"section\">\n\t\t\t\t\t\t<div class=\"elementor-container elementor-column-gap-default\">\n\t\t\t\t\t<div class=\"elementor-column elementor-col-66 elementor-top-column elementor-element elementor-element-574b01e\" data-id=\"574b01e\" data-element_type=\"column\" data-e-type=\"column\">\n\t\t\t<div class=\"elementor-widget-wrap elementor-element-populated\">\n\t\t\t\t\t\t<div class=\"elementor-element elementor-element-e318dfb elementor-widget elementor-widget-text-editor\" data-id=\"e318dfb\" data-element_type=\"widget\" data-e-type=\"widget\" data-widget_type=\"text-editor.default\">\n\t\t\t\t<div class=\"elementor-widget-container\">\n\t\t\t\t\t\t\t\t\t<h4 class=\"title title--1 font--secondary\"><strong>Hospital para perros y gatos en Lugo<\/strong><\/h4><p>En nuestro\u00a0<strong>hospital veterinario en Lugo<\/strong>, comprendemos la importancia de brindar un entorno tranquilo y seguro para nuestras mascotas hospitalizadas. Es por eso que mantenemos a perros y gatos separados durante su estancia, evitando cualquier alteraci\u00f3n o estr\u00e9s adicional.<\/p><p>Adem\u00e1s, en nuestro\u00a0<strong>hospital de mascotas 24 horas<\/strong>\u00a0en Lugo, tomamos medidas concretas para prevenir la propagaci\u00f3n de enfermedades. No ingresamos a animales con enfermedades infecciosas en las mismas salas que aquellos que no las presentan, lo que garantiza la salud y el bienestar de todos nuestros pacientes.<\/p><p>En las instalaciones de nuestro\u00a0<strong>hospital para gatos en Lugo<\/strong>, seguimos un estricto protocolo de limpieza y desinfecci\u00f3n para mantener un ambiente higi\u00e9nico. Los cub\u00edculos individuales donde se encuentran las mascotas ingresadas se limpian diariamente, asegurando el m\u00e1ximo confort para cada paciente.<\/p><p>Brindamos atenci\u00f3n especializada en nuestro <strong>hospital para perros en Lugo<\/strong>\u00a0a todas las mascotas que ingresan, lo que nos convierte en el\u00a0<strong>hospital de mascotas en Lugo<\/strong>\u00a0de confianza.<\/p>\t\t\t\t\t\t\t\t<\/div>\n\t\t\t\t<\/div>\n\t\t\t\t\t<\/div>\n\t\t<\/div>\n\t\t\t\t<div class=\"elementor-column elementor-col-33 elementor-top-column elementor-element elementor-element-c056571\" data-id=\"c056571\" data-element_type=\"column\" data-e-type=\"column\">\n\t\t\t<div class=\"elementor-widget-wrap elementor-element-populated\">\n\t\t\t\t\t\t<div class=\"elementor-element elementor-element-21b6fb7 elementor-widget elementor-widget-image\" data-id=\"21b6fb7\" data-element_type=\"widget\" data-e-type=\"widget\" data-widget_type=\"image.default\">\n\t\t\t\t<div class=\"elementor-widget-container\">\n\t\t\t\t\t\t\t\t\t\t\t\t\t\t\t<img width=\"463\" height=\"506\" class=\"attachment-large size-large wp-image-20198 lazy\" alt=\"\" data-src=\"https:\/\/www.unavets.com\/veterinariolugo\/wp-content\/uploads\/sites\/47\/2023\/10\/Diseno-sin-titulo-15-e1721047388470.png\" data-lazy=\"https:\/\/www.unavets.com\/veterinariolugo\/wp-content\/uploads\/sites\/47\/2023\/10\/Diseno-sin-titulo-15-e1721047388470.png\" \/>\t\t\t\t\t\t\t\t\t\t\t\t\t\t\t<\/div>\n\t\t\t\t<\/div>\n\t\t\t\t\t<\/div>\n\t\t<\/div>\n\t\t\t\t\t<\/div>\n\t\t<\/section>\n\t\t\t\t<section class=\"elementor-section elementor-top-section elementor-element elementor-element-2a7effd elementor-section-boxed elementor-section-height-default elementor-section-height-default\" data-id=\"2a7effd\" data-element_type=\"section\" data-e-type=\"section\">\n\t\t\t\t\t\t<div class=\"elementor-container elementor-column-gap-default\">\n\t\t\t\t\t<div class=\"elementor-column elementor-col-100 elementor-top-column elementor-element elementor-element-1fbe89c\" data-id=\"1fbe89c\" data-element_type=\"column\" data-e-type=\"column\">\n\t\t\t<div class=\"elementor-widget-wrap elementor-element-populated\">\n\t\t\t\t\t\t<div class=\"elementor-element elementor-element-3396571 elementor-widget elementor-widget-text-editor\" data-id=\"3396571\" data-element_type=\"widget\" data-e-type=\"widget\" data-widget_type=\"text-editor.default\">\n\t\t\t\t<div class=\"elementor-widget-container\">\n\t\t\t\t\t\t\t\t\t<h4><strong>\u00bfQuieres saber cu\u00e1nto cuesta hospitalizar a un perro o gato en Lugo?<\/strong><\/h4><p>En nuestro\u00a0<strong>hospital veterinario en Lugo<\/strong>, entendemos que quieras tener una idea clara del costo de la hospitalizaci\u00f3n de tus mascotas, por lo que estamos preparados para responder a todas tus preguntas y ofrecerte los detalles sobre nuestro servicio como\u00a0<strong>hospital de mascotas 24 horas en Lugo<\/strong>. Debido a nuestra experiencia y vocaci\u00f3n, somos el\u00a0<strong>hospital para perros en Lugo<\/strong>\u00a0donde priorizamos el bienestar de tu mascota.<\/p><p>No dudes en contactarnos para conocer cu\u00e1nto cuesta\u00a0<strong>hospitalizar a un perro<\/strong>\u00a0en Lugo o los servicios que ofrecemos en nuestro\u00a0<strong>hospital para gatos en Lugo<\/strong>. Adem\u00e1s de ofrecerte la mejor atenci\u00f3n veterinaria, te proporcionamos un presupuesto transparente.<\/p>\t\t\t\t\t\t\t\t<\/div>\n\t\t\t\t<\/div>\n\t\t\t\t\t<\/div>\n\t\t<\/div>\n\t\t\t\t\t<\/div>\n\t\t<\/section>\n\t\t\t\t<\/div>\n\t\t","protected":false},"excerpt":{"rendered":"<p>Hospital Veterinario en Lugo para el cuidado de las mascotas En nuestro hospital veterinario encontrar\u00e1s un ambiente seguro y acogedor para tu compa\u00f1ero peludo. En ocasiones, las mascotas necesitan ser hospitalizadas para recibir una atenci\u00f3n especializada bajo la supervisi\u00f3n constante de nuestros veterinarios. En nuestro hospital de mascotas en Lugo, garantizamos un control exhaustivo de &hellip; <\/p>\n","protected":false},"author":8,"featured_media":0,"parent":13564,"menu_order":0,"comment_status":"closed","ping_status":"closed","template":"page-fullwidth.php","meta":{"_acf_changed":false,"content-type":"","footnotes":""},"class_list":["post-15234","page","type-page","status-publish","hentry"],"acf":[],"_links":{"self":[{"href":"https:\/\/www.unavets.com\/veterinariolugo\/es\/wp-json\/wp\/v2\/pages\/15234","targetHints":{"allow":["GET"]}}],"collection":[{"href":"https:\/\/www.unavets.com\/veterinariolugo\/es\/wp-json\/wp\/v2\/pages"}],"about":[{"href":"https:\/\/www.unavets.com\/veterinariolugo\/es\/wp-json\/wp\/v2\/types\/page"}],"author":[{"embeddable":true,"href":"https:\/\/www.unavets.com\/veterinariolugo\/es\/wp-json\/wp\/v2\/users\/8"}],"replies":[{"embeddable":true,"href":"https:\/\/www.unavets.com\/veterinariolugo\/es\/wp-json\/wp\/v2\/comments?post=15234"}],"version-history":[{"count":65,"href":"https:\/\/www.unavets.com\/veterinariolugo\/es\/wp-json\/wp\/v2\/pages\/15234\/revisions"}],"predecessor-version":[{"id":21963,"href":"https:\/\/www.unavets.com\/veterinariolugo\/es\/wp-json\/wp\/v2\/pages\/15234\/revisions\/21963"}],"up":[{"embeddable":true,"href":"https:\/\/www.unavets.com\/veterinariolugo\/es\/wp-json\/wp\/v2\/pages\/13564"}],"wp:attachment":[{"href":"https:\/\/www.unavets.com\/veterinariolugo\/es\/wp-json\/wp\/v2\/media?parent=15234"}],"curies":[{"name":"wp","href":"https:\/\/api.w.org\/{rel}","templated":true}]}}