{"id":13558,"date":"2020-10-03T08:10:58","date_gmt":"2020-10-03T08:10:58","guid":{"rendered":"http:\/\/www.unavets.com\/veterinariolugo\/our-facilities\/"},"modified":"2024-09-20T11:50:59","modified_gmt":"2024-09-20T11:50:59","slug":"instalaciones","status":"publish","type":"page","link":"https:\/\/www.unavets.com\/veterinariolugo\/es\/instalaciones\/","title":{"rendered":"Instalaciones"},"content":{"rendered":"\t\t<div data-elementor-type=\"wp-page\" data-elementor-id=\"13558\" class=\"elementor elementor-13558 elementor-281\" data-elementor-post-type=\"page\">\n\t\t\t\t\t\t<section class=\"elementor-section elementor-top-section elementor-element elementor-element-54cf215 pad-top-0 elementor-section-boxed elementor-section-height-default elementor-section-height-default\" data-id=\"54cf215\" data-element_type=\"section\" data-e-type=\"section\" id=\"main-sec\" data-settings=\"{&quot;background_background&quot;:&quot;classic&quot;}\">\n\t\t\t\t\t\t<div class=\"elementor-container elementor-column-gap-wide\">\n\t\t\t\t\t<div class=\"elementor-column elementor-col-100 elementor-top-column elementor-element elementor-element-d926441\" data-id=\"d926441\" data-element_type=\"column\" data-e-type=\"column\">\n\t\t\t<div class=\"elementor-widget-wrap elementor-element-populated\">\n\t\t\t\t\t\t<div class=\"elementor-element elementor-element-ac5c964 elementor-widget elementor-widget-text-editor\" data-id=\"ac5c964\" data-element_type=\"widget\" data-e-type=\"widget\" data-widget_type=\"text-editor.default\">\n\t\t\t\t<div class=\"elementor-widget-container\">\n\t\t\t\t\t\t\t\t\t<p><strong>El Hospital Veterinario Ciudad de Lugo ofrece un servicio integral a nuestros pacientes, tanto gatos como perros. Nuestras instalaciones est\u00e1n dise\u00f1adas para minimizar el estr\u00e9s de los animales y garantizar que reciban los cuidados adecuados.<\/strong><\/p>\t\t\t\t\t\t\t\t<\/div>\n\t\t\t\t<\/div>\n\t\t\t\t<section class=\"elementor-section elementor-inner-section elementor-element elementor-element-98275a1 elementor-section-boxed elementor-section-height-default elementor-section-height-default\" data-id=\"98275a1\" data-element_type=\"section\" data-e-type=\"section\">\n\t\t\t\t\t\t<div class=\"elementor-container elementor-column-gap-default\">\n\t\t\t\t\t<div class=\"elementor-column elementor-col-50 elementor-inner-column elementor-element elementor-element-07b222c\" data-id=\"07b222c\" data-element_type=\"column\" data-e-type=\"column\">\n\t\t\t<div class=\"elementor-widget-wrap elementor-element-populated\">\n\t\t\t\t\t\t<div class=\"elementor-element elementor-element-44b52f4 elementor-widget elementor-widget-image\" data-id=\"44b52f4\" data-element_type=\"widget\" data-e-type=\"widget\" data-widget_type=\"image.default\">\n\t\t\t\t<div class=\"elementor-widget-container\">\n\t\t\t\t\t\t\t\t\t\t\t\t\t\t\t<img fetchpriority=\"high\" width=\"600\" height=\"620\" class=\"attachment-1536x1536 size-1536x1536 wp-image-20937 lazy\" alt=\"\" data-src=\"https:\/\/www.unavets.com\/veterinariolugo\/wp-content\/uploads\/sites\/47\/2023\/12\/hospital-veterinario-lugo-laboratorio-instalaciones-1-e1703784352372.png\" data-lazy=\"https:\/\/www.unavets.com\/veterinariolugo\/wp-content\/uploads\/sites\/47\/2023\/12\/hospital-veterinario-lugo-laboratorio-instalaciones-1-e1703784352372.png\" \/>\t\t\t\t\t\t\t\t\t\t\t\t\t\t\t<\/div>\n\t\t\t\t<\/div>\n\t\t\t\t\t<\/div>\n\t\t<\/div>\n\t\t\t\t<div class=\"elementor-column elementor-col-50 elementor-inner-column elementor-element elementor-element-e32254f\" data-id=\"e32254f\" data-element_type=\"column\" data-e-type=\"column\">\n\t\t\t<div class=\"elementor-widget-wrap elementor-element-populated\">\n\t\t\t\t\t\t<div class=\"elementor-element elementor-element-6494dd8 elementor-widget elementor-widget-text-editor\" data-id=\"6494dd8\" data-element_type=\"widget\" data-e-type=\"widget\" data-widget_type=\"text-editor.default\">\n\t\t\t\t<div class=\"elementor-widget-container\">\n\t\t\t\t\t\t\t\t\t<ul>\n<li><strong>Salas de consulta y espera divididas:&nbsp;<\/strong>Prestamos mucha atenci\u00f3n en minimizar el estr\u00e9s de los pacientes y por ello separamos la zona de atenci\u00f3n de gatos de la de perros. Tenemos dos salas de espera totalmente separadas, dos consultas de gatos y cuatro de perros.<\/li>\n<li><strong>Sala de diagn\u00f3stico:<\/strong> Nuestra sala de diagn\u00f3stico est\u00e1 equipada con un equipo de rayos X y un ec\u00f3grafo de \u00faltima generaci\u00f3n que nos permiten realizar estudios radiogr\u00e1ficos y diagn\u00f3sticos por ultrasonidos con la m\u00e1xima calidad y eficacia.<\/li>\n<li><b>Quir\u00f3fanos: <\/b>Nuestro centro veterinario cuenta con dos quir\u00f3fanos totalmente equipados y preparados para atender a cualquier tipo de paciente, incluso los m\u00e1s graves.<\/li>\n<li><b>Hospitalizaciones independientes para perros y gatos: <\/b>Contamos con \u00e1reas de hospitalizaci\u00f3n canina y felina independientes para que cada paciente tenga los cuidados necesarios.&nbsp;\n\n&nbsp;Incluso hay cuatro hospitalizaciones totalmente separadas a las que dedicamos m\u00e1s de la mitad de la superficie del hospital para que cada grupo de pacientes tenga los cuidados adecuados sin poner en riesgo a los dem\u00e1s.<\/li>\n<li><b>Laboratorio:<\/b> Nuestro laboratorio est\u00e1 equipado con maquinaria de \u00faltima generaci\u00f3n que nos permite realizar diagn\u00f3sticos con mayor rapidez y exactitud.<\/li>\n<\/ul>\t\t\t\t\t\t\t\t<\/div>\n\t\t\t\t<\/div>\n\t\t\t\t\t<\/div>\n\t\t<\/div>\n\t\t\t\t\t<\/div>\n\t\t<\/section>\n\t\t\t\t<section class=\"elementor-section elementor-inner-section elementor-element elementor-element-cbd28ac elementor-section-boxed elementor-section-height-default elementor-section-height-default\" data-id=\"cbd28ac\" data-element_type=\"section\" data-e-type=\"section\">\n\t\t\t\t\t\t<div class=\"elementor-container elementor-column-gap-default\">\n\t\t\t\t\t<div class=\"elementor-column elementor-col-50 elementor-inner-column elementor-element elementor-element-e54cc90\" data-id=\"e54cc90\" data-element_type=\"column\" data-e-type=\"column\">\n\t\t\t<div class=\"elementor-widget-wrap elementor-element-populated\">\n\t\t\t\t\t\t<div class=\"elementor-element elementor-element-e77ffdd elementor-align-center elementor-widget elementor-widget-button\" data-id=\"e77ffdd\" data-element_type=\"widget\" data-e-type=\"widget\" data-widget_type=\"button.default\">\n\t\t\t\t<div class=\"elementor-widget-container\">\n\t\t\t\t\t\t\t\t\t<div class=\"elementor-button-wrapper\">\n\t\t\t\t\t<a class=\"elementor-button elementor-button-link elementor-size-sm\" href=\"https:\/\/www.unavets.com\/veterinariolugo\/es\/nuestro-equipo\/\">\n\t\t\t\t\t\t<span class=\"elementor-button-content-wrapper\">\n\t\t\t\t\t\t\t\t\t<span class=\"elementor-button-text\">Nuestro Equipo<\/span>\n\t\t\t\t\t<\/span>\n\t\t\t\t\t<\/a>\n\t\t\t\t<\/div>\n\t\t\t\t\t\t\t\t<\/div>\n\t\t\t\t<\/div>\n\t\t\t\t\t<\/div>\n\t\t<\/div>\n\t\t\t\t<div class=\"elementor-column elementor-col-50 elementor-inner-column elementor-element elementor-element-dc3e6b5\" data-id=\"dc3e6b5\" data-element_type=\"column\" data-e-type=\"column\">\n\t\t\t<div class=\"elementor-widget-wrap elementor-element-populated\">\n\t\t\t\t\t\t<div class=\"elementor-element elementor-element-ebe1efe elementor-align-center elementor-widget elementor-widget-button\" data-id=\"ebe1efe\" data-element_type=\"widget\" data-e-type=\"widget\" data-widget_type=\"button.default\">\n\t\t\t\t<div class=\"elementor-widget-container\">\n\t\t\t\t\t\t\t\t\t<div class=\"elementor-button-wrapper\">\n\t\t\t\t\t<a class=\"elementor-button elementor-button-link elementor-size-sm\" href=\"https:\/\/www.unavets.com\/veterinariolugo\/es\/servicios\/\">\n\t\t\t\t\t\t<span class=\"elementor-button-content-wrapper\">\n\t\t\t\t\t\t\t\t\t<span class=\"elementor-button-text\">Servicios<\/span>\n\t\t\t\t\t<\/span>\n\t\t\t\t\t<\/a>\n\t\t\t\t<\/div>\n\t\t\t\t\t\t\t\t<\/div>\n\t\t\t\t<\/div>\n\t\t\t\t\t<\/div>\n\t\t<\/div>\n\t\t\t\t\t<\/div>\n\t\t<\/section>\n\t\t\t\t\t<\/div>\n\t\t<\/div>\n\t\t\t\t\t<\/div>\n\t\t<\/section>\n\t\t\t\t<section class=\"elementor-section elementor-top-section elementor-element elementor-element-c64bf4c elementor-section-boxed elementor-section-height-default elementor-section-height-default\" data-id=\"c64bf4c\" data-element_type=\"section\" data-e-type=\"section\">\n\t\t\t\t\t\t<div class=\"elementor-container elementor-column-gap-default\">\n\t\t\t\t\t<div class=\"elementor-column elementor-col-100 elementor-top-column elementor-element elementor-element-46ea748\" data-id=\"46ea748\" data-element_type=\"column\" data-e-type=\"column\">\n\t\t\t<div class=\"elementor-widget-wrap elementor-element-populated\">\n\t\t\t\t\t\t<div class=\"elementor-element elementor-element-ad3e405 elementor-widget elementor-widget-gallery\" data-id=\"ad3e405\" data-element_type=\"widget\" data-e-type=\"widget\" data-settings=\"{&quot;columns&quot;:&quot;3&quot;,&quot;aspect_ratio&quot;:&quot;1:1&quot;,&quot;lazyload&quot;:&quot;yes&quot;,&quot;gallery_layout&quot;:&quot;grid&quot;,&quot;columns_tablet&quot;:2,&quot;columns_mobile&quot;:1,&quot;gap&quot;:{&quot;unit&quot;:&quot;px&quot;,&quot;size&quot;:10,&quot;sizes&quot;:[]},&quot;gap_tablet&quot;:{&quot;unit&quot;:&quot;px&quot;,&quot;size&quot;:10,&quot;sizes&quot;:[]},&quot;gap_mobile&quot;:{&quot;unit&quot;:&quot;px&quot;,&quot;size&quot;:10,&quot;sizes&quot;:[]},&quot;link_to&quot;:&quot;file&quot;,&quot;overlay_background&quot;:&quot;yes&quot;,&quot;content_hover_animation&quot;:&quot;fade-in&quot;}\" data-widget_type=\"gallery.default\">\n\t\t\t\t<div class=\"elementor-widget-container\">\n\t\t\t\t\t\t\t<div class=\"elementor-gallery__container\">\n\t\t\t\t\t\t\t<a class=\"e-gallery-item elementor-gallery-item elementor-animated-content\" href=\"https:\/\/www.unavets.com\/veterinariolugo\/wp-content\/uploads\/sites\/47\/2024\/09\/instalaciones-lugo-.jpg\" data-elementor-open-lightbox=\"yes\" data-elementor-lightbox-slideshow=\"ad3e405\" data-elementor-lightbox-title=\"instalaciones lugo\" data-e-action-hash=\"#elementor-action%3Aaction%3Dlightbox%26settings%3DeyJpZCI6MjIxMjEsInVybCI6Imh0dHBzOlwvXC93d3cudW5hdmV0cy5jb21cL3ZldGVyaW5hcmlvbHVnb1wvd3AtY29udGVudFwvdXBsb2Fkc1wvc2l0ZXNcLzQ3XC8yMDI0XC8wOVwvaW5zdGFsYWNpb25lcy1sdWdvLS5qcGciLCJzbGlkZXNob3ciOiJhZDNlNDA1In0%3D\">\n\t\t\t\t\t<div class=\"e-gallery-image elementor-gallery-item__image\" data-thumbnail=\"https:\/\/www.unavets.com\/veterinariolugo\/wp-content\/uploads\/sites\/47\/2024\/09\/instalaciones-lugo-.jpg\" data-width=\"724\" data-height=\"483\" aria-label=\"\" role=\"img\" ><\/div>\n\t\t\t\t\t\t\t\t\t\t\t<div class=\"elementor-gallery-item__overlay\"><\/div>\n\t\t\t\t\t\t\t\t\t\t\t\t\t\t<\/a>\n\t\t\t\t\t\t\t<a class=\"e-gallery-item elementor-gallery-item elementor-animated-content\" href=\"https:\/\/www.unavets.com\/veterinariolugo\/wp-content\/uploads\/sites\/47\/2023\/12\/instalaciones-ciudad-de-lugo-hospital2.jpg\" data-elementor-open-lightbox=\"yes\" data-elementor-lightbox-slideshow=\"ad3e405\" data-elementor-lightbox-title=\"hospitalizacion hv lugo __\" data-e-action-hash=\"#elementor-action%3Aaction%3Dlightbox%26settings%3DeyJpZCI6MjA3NjcsInVybCI6Imh0dHBzOlwvXC93d3cudW5hdmV0cy5jb21cL3ZldGVyaW5hcmlvbHVnb1wvd3AtY29udGVudFwvdXBsb2Fkc1wvc2l0ZXNcLzQ3XC8yMDIzXC8xMlwvaW5zdGFsYWNpb25lcy1jaXVkYWQtZGUtbHVnby1ob3NwaXRhbDIuanBnIiwic2xpZGVzaG93IjoiYWQzZTQwNSJ9\">\n\t\t\t\t\t<div class=\"e-gallery-image elementor-gallery-item__image\" data-thumbnail=\"https:\/\/www.unavets.com\/veterinariolugo\/wp-content\/uploads\/sites\/47\/2023\/12\/instalaciones-ciudad-de-lugo-hospital2.jpg\" data-width=\"724\" data-height=\"483\" aria-label=\"\" role=\"img\" ><\/div>\n\t\t\t\t\t\t\t\t\t\t\t<div class=\"elementor-gallery-item__overlay\"><\/div>\n\t\t\t\t\t\t\t\t\t\t\t\t\t\t<\/a>\n\t\t\t\t\t\t\t<a class=\"e-gallery-item elementor-gallery-item elementor-animated-content\" href=\"https:\/\/www.unavets.com\/veterinariolugo\/wp-content\/uploads\/sites\/47\/2023\/12\/instalaciones-ciudad-de-lugo-hospital3.jpg\" data-elementor-open-lightbox=\"yes\" data-elementor-lightbox-slideshow=\"ad3e405\" data-elementor-lightbox-title=\"instalaciones ciudad de lugo hospital3\" data-e-action-hash=\"#elementor-action%3Aaction%3Dlightbox%26settings%3DeyJpZCI6MjA3NjUsInVybCI6Imh0dHBzOlwvXC93d3cudW5hdmV0cy5jb21cL3ZldGVyaW5hcmlvbHVnb1wvd3AtY29udGVudFwvdXBsb2Fkc1wvc2l0ZXNcLzQ3XC8yMDIzXC8xMlwvaW5zdGFsYWNpb25lcy1jaXVkYWQtZGUtbHVnby1ob3NwaXRhbDMuanBnIiwic2xpZGVzaG93IjoiYWQzZTQwNSJ9\">\n\t\t\t\t\t<div class=\"e-gallery-image elementor-gallery-item__image\" data-thumbnail=\"https:\/\/www.unavets.com\/veterinariolugo\/wp-content\/uploads\/sites\/47\/2023\/12\/instalaciones-ciudad-de-lugo-hospital3.jpg\" data-width=\"724\" data-height=\"483\" aria-label=\"\" role=\"img\" ><\/div>\n\t\t\t\t\t\t\t\t\t\t\t<div class=\"elementor-gallery-item__overlay\"><\/div>\n\t\t\t\t\t\t\t\t\t\t\t\t\t\t<\/a>\n\t\t\t\t\t\t\t<a class=\"e-gallery-item elementor-gallery-item elementor-animated-content\" href=\"https:\/\/www.unavets.com\/veterinariolugo\/wp-content\/uploads\/sites\/47\/2023\/12\/instalaciones-ciudad-de-lugo-hospital4.jpg\" data-elementor-open-lightbox=\"yes\" data-elementor-lightbox-slideshow=\"ad3e405\" data-elementor-lightbox-title=\"instalaciones ciudad de lugo hospital4\" data-e-action-hash=\"#elementor-action%3Aaction%3Dlightbox%26settings%3DeyJpZCI6MjA3NjMsInVybCI6Imh0dHBzOlwvXC93d3cudW5hdmV0cy5jb21cL3ZldGVyaW5hcmlvbHVnb1wvd3AtY29udGVudFwvdXBsb2Fkc1wvc2l0ZXNcLzQ3XC8yMDIzXC8xMlwvaW5zdGFsYWNpb25lcy1jaXVkYWQtZGUtbHVnby1ob3NwaXRhbDQuanBnIiwic2xpZGVzaG93IjoiYWQzZTQwNSJ9\">\n\t\t\t\t\t<div class=\"e-gallery-image elementor-gallery-item__image\" data-thumbnail=\"https:\/\/www.unavets.com\/veterinariolugo\/wp-content\/uploads\/sites\/47\/2023\/12\/instalaciones-ciudad-de-lugo-hospital4.jpg\" data-width=\"724\" data-height=\"483\" aria-label=\"\" role=\"img\" ><\/div>\n\t\t\t\t\t\t\t\t\t\t\t<div class=\"elementor-gallery-item__overlay\"><\/div>\n\t\t\t\t\t\t\t\t\t\t\t\t\t\t<\/a>\n\t\t\t\t\t\t\t<a class=\"e-gallery-item elementor-gallery-item elementor-animated-content\" href=\"https:\/\/www.unavets.com\/veterinariolugo\/wp-content\/uploads\/sites\/47\/2023\/12\/Lugo-Unavets-73.jpg\" data-elementor-open-lightbox=\"yes\" data-elementor-lightbox-slideshow=\"ad3e405\" data-elementor-lightbox-title=\"Lugo Unavets -73\" data-e-action-hash=\"#elementor-action%3Aaction%3Dlightbox%26settings%3DeyJpZCI6MjA5MDYsInVybCI6Imh0dHBzOlwvXC93d3cudW5hdmV0cy5jb21cL3ZldGVyaW5hcmlvbHVnb1wvd3AtY29udGVudFwvdXBsb2Fkc1wvc2l0ZXNcLzQ3XC8yMDIzXC8xMlwvTHVnby1VbmF2ZXRzLTczLmpwZyIsInNsaWRlc2hvdyI6ImFkM2U0MDUifQ%3D%3D\">\n\t\t\t\t\t<div class=\"e-gallery-image elementor-gallery-item__image\" data-thumbnail=\"https:\/\/www.unavets.com\/veterinariolugo\/wp-content\/uploads\/sites\/47\/2023\/12\/Lugo-Unavets-73.jpg\" data-width=\"724\" data-height=\"483\" aria-label=\"\" role=\"img\" ><\/div>\n\t\t\t\t\t\t\t\t\t\t\t<div class=\"elementor-gallery-item__overlay\"><\/div>\n\t\t\t\t\t\t\t\t\t\t\t\t\t\t<\/a>\n\t\t\t\t\t\t\t<a class=\"e-gallery-item elementor-gallery-item elementor-animated-content\" href=\"https:\/\/www.unavets.com\/veterinariolugo\/wp-content\/uploads\/sites\/47\/2023\/12\/oncologia-lugo.jpg\" data-elementor-open-lightbox=\"yes\" data-elementor-lightbox-slideshow=\"ad3e405\" data-elementor-lightbox-title=\"oncologia lugo\" data-e-action-hash=\"#elementor-action%3Aaction%3Dlightbox%26settings%3DeyJpZCI6MjEyMzksInVybCI6Imh0dHBzOlwvXC93d3cudW5hdmV0cy5jb21cL3ZldGVyaW5hcmlvbHVnb1wvd3AtY29udGVudFwvdXBsb2Fkc1wvc2l0ZXNcLzQ3XC8yMDIzXC8xMlwvb25jb2xvZ2lhLWx1Z28uanBnIiwic2xpZGVzaG93IjoiYWQzZTQwNSJ9\">\n\t\t\t\t\t<div class=\"e-gallery-image elementor-gallery-item__image\" data-thumbnail=\"https:\/\/www.unavets.com\/veterinariolugo\/wp-content\/uploads\/sites\/47\/2023\/12\/oncologia-lugo.jpg\" data-width=\"724\" data-height=\"483\" aria-label=\"\" role=\"img\" ><\/div>\n\t\t\t\t\t\t\t\t\t\t\t<div class=\"elementor-gallery-item__overlay\"><\/div>\n\t\t\t\t\t\t\t\t\t\t\t\t\t\t<\/a>\n\t\t\t\t\t\t\t<a class=\"e-gallery-item elementor-gallery-item elementor-animated-content\" href=\"https:\/\/www.unavets.com\/veterinariolugo\/wp-content\/uploads\/sites\/47\/2023\/12\/Lugo-Unavets-93.jpg\" data-elementor-open-lightbox=\"yes\" data-elementor-lightbox-slideshow=\"ad3e405\" data-elementor-lightbox-title=\"Lugo Unavets -93\" data-e-action-hash=\"#elementor-action%3Aaction%3Dlightbox%26settings%3DeyJpZCI6MjA5MTIsInVybCI6Imh0dHBzOlwvXC93d3cudW5hdmV0cy5jb21cL3ZldGVyaW5hcmlvbHVnb1wvd3AtY29udGVudFwvdXBsb2Fkc1wvc2l0ZXNcLzQ3XC8yMDIzXC8xMlwvTHVnby1VbmF2ZXRzLTkzLmpwZyIsInNsaWRlc2hvdyI6ImFkM2U0MDUifQ%3D%3D\">\n\t\t\t\t\t<div class=\"e-gallery-image elementor-gallery-item__image\" data-thumbnail=\"https:\/\/www.unavets.com\/veterinariolugo\/wp-content\/uploads\/sites\/47\/2023\/12\/Lugo-Unavets-93.jpg\" data-width=\"724\" data-height=\"483\" aria-label=\"\" role=\"img\" ><\/div>\n\t\t\t\t\t\t\t\t\t\t\t<div class=\"elementor-gallery-item__overlay\"><\/div>\n\t\t\t\t\t\t\t\t\t\t\t\t\t\t<\/a>\n\t\t\t\t\t\t\t<a class=\"e-gallery-item elementor-gallery-item elementor-animated-content\" href=\"https:\/\/www.unavets.com\/veterinariolugo\/wp-content\/uploads\/sites\/47\/2023\/12\/Lugo-Unavets-88.jpg\" data-elementor-open-lightbox=\"yes\" data-elementor-lightbox-slideshow=\"ad3e405\" data-elementor-lightbox-title=\"Lugo Unavets -88\" data-e-action-hash=\"#elementor-action%3Aaction%3Dlightbox%26settings%3DeyJpZCI6MjA5MTQsInVybCI6Imh0dHBzOlwvXC93d3cudW5hdmV0cy5jb21cL3ZldGVyaW5hcmlvbHVnb1wvd3AtY29udGVudFwvdXBsb2Fkc1wvc2l0ZXNcLzQ3XC8yMDIzXC8xMlwvTHVnby1VbmF2ZXRzLTg4LmpwZyIsInNsaWRlc2hvdyI6ImFkM2U0MDUifQ%3D%3D\">\n\t\t\t\t\t<div class=\"e-gallery-image elementor-gallery-item__image\" data-thumbnail=\"https:\/\/www.unavets.com\/veterinariolugo\/wp-content\/uploads\/sites\/47\/2023\/12\/Lugo-Unavets-88.jpg\" data-width=\"600\" data-height=\"400\" aria-label=\"\" role=\"img\" ><\/div>\n\t\t\t\t\t\t\t\t\t\t\t<div class=\"elementor-gallery-item__overlay\"><\/div>\n\t\t\t\t\t\t\t\t\t\t\t\t\t\t<\/a>\n\t\t\t\t\t\t\t<a class=\"e-gallery-item elementor-gallery-item elementor-animated-content\" href=\"https:\/\/www.unavets.com\/veterinariolugo\/wp-content\/uploads\/sites\/47\/2023\/12\/Lugo-Unavets-111.jpg\" data-elementor-open-lightbox=\"yes\" data-elementor-lightbox-slideshow=\"ad3e405\" data-elementor-lightbox-title=\"Lugo Unavets -111\" data-e-action-hash=\"#elementor-action%3Aaction%3Dlightbox%26settings%3DeyJpZCI6MjA5MTYsInVybCI6Imh0dHBzOlwvXC93d3cudW5hdmV0cy5jb21cL3ZldGVyaW5hcmlvbHVnb1wvd3AtY29udGVudFwvdXBsb2Fkc1wvc2l0ZXNcLzQ3XC8yMDIzXC8xMlwvTHVnby1VbmF2ZXRzLTExMS5qcGciLCJzbGlkZXNob3ciOiJhZDNlNDA1In0%3D\">\n\t\t\t\t\t<div class=\"e-gallery-image elementor-gallery-item__image\" data-thumbnail=\"https:\/\/www.unavets.com\/veterinariolugo\/wp-content\/uploads\/sites\/47\/2023\/12\/Lugo-Unavets-111.jpg\" data-width=\"600\" data-height=\"400\" aria-label=\"\" role=\"img\" ><\/div>\n\t\t\t\t\t\t\t\t\t\t\t<div class=\"elementor-gallery-item__overlay\"><\/div>\n\t\t\t\t\t\t\t\t\t\t\t\t\t\t<\/a>\n\t\t\t\t\t<\/div>\n\t\t\t\t\t<\/div>\n\t\t\t\t<\/div>\n\t\t\t\t\t<\/div>\n\t\t<\/div>\n\t\t\t\t\t<\/div>\n\t\t<\/section>\n\t\t\t\t<\/div>\n\t\t","protected":false},"excerpt":{"rendered":"<p>El Hospital Veterinario Ciudad de Lugo ofrece un servicio integral a nuestros pacientes, tanto gatos como perros. Nuestras instalaciones est\u00e1n dise\u00f1adas para minimizar el estr\u00e9s de los animales y garantizar que reciban los cuidados adecuados. Salas de consulta y espera divididas:&nbsp;Prestamos mucha atenci\u00f3n en minimizar el estr\u00e9s de los pacientes y por ello separamos la &hellip; <\/p>\n","protected":false},"author":1,"featured_media":0,"parent":0,"menu_order":0,"comment_status":"closed","ping_status":"closed","template":"page-fullwidth.php","meta":{"_acf_changed":false,"content-type":"","footnotes":""},"class_list":["post-13558","page","type-page","status-publish","hentry"],"acf":[],"_links":{"self":[{"href":"https:\/\/www.unavets.com\/veterinariolugo\/es\/wp-json\/wp\/v2\/pages\/13558","targetHints":{"allow":["GET"]}}],"collection":[{"href":"https:\/\/www.unavets.com\/veterinariolugo\/es\/wp-json\/wp\/v2\/pages"}],"about":[{"href":"https:\/\/www.unavets.com\/veterinariolugo\/es\/wp-json\/wp\/v2\/types\/page"}],"author":[{"embeddable":true,"href":"https:\/\/www.unavets.com\/veterinariolugo\/es\/wp-json\/wp\/v2\/users\/1"}],"replies":[{"embeddable":true,"href":"https:\/\/www.unavets.com\/veterinariolugo\/es\/wp-json\/wp\/v2\/comments?post=13558"}],"version-history":[{"count":31,"href":"https:\/\/www.unavets.com\/veterinariolugo\/es\/wp-json\/wp\/v2\/pages\/13558\/revisions"}],"predecessor-version":[{"id":22128,"href":"https:\/\/www.unavets.com\/veterinariolugo\/es\/wp-json\/wp\/v2\/pages\/13558\/revisions\/22128"}],"wp:attachment":[{"href":"https:\/\/www.unavets.com\/veterinariolugo\/es\/wp-json\/wp\/v2\/media?parent=13558"}],"curies":[{"name":"wp","href":"https:\/\/api.w.org\/{rel}","templated":true}]}}