{"id":20804,"date":"2023-03-27T17:01:21","date_gmt":"2023-03-27T17:01:21","guid":{"rendered":"https:\/\/www.unavets.com\/valvet\/?page_id=20804"},"modified":"2023-03-27T17:09:24","modified_gmt":"2023-03-27T17:09:24","slug":"reproduccion-canina","status":"publish","type":"page","link":"https:\/\/www.unavets.com\/valvet\/es\/reproduccion-canina\/","title":{"rendered":"Reproducci\u00f3n Canina"},"content":{"rendered":"\t\t<div data-elementor-type=\"wp-page\" data-elementor-id=\"20804\" class=\"elementor elementor-20804\" data-elementor-post-type=\"page\">\n\t\t\t\t\t\t<section class=\"elementor-section elementor-top-section elementor-element elementor-element-d993722 elementor-section-boxed elementor-section-height-default elementor-section-height-default\" data-id=\"d993722\" data-element_type=\"section\" data-e-type=\"section\" id=\"main-sec\">\n\t\t\t\t\t\t<div class=\"elementor-container elementor-column-gap-default\">\n\t\t\t\t\t<div class=\"elementor-column elementor-col-100 elementor-top-column elementor-element elementor-element-065811d\" data-id=\"065811d\" data-element_type=\"column\" data-e-type=\"column\">\n\t\t\t<div class=\"elementor-widget-wrap elementor-element-populated\">\n\t\t\t\t\t\t<div class=\"elementor-element elementor-element-63d99ac elementor-widget elementor-widget-text-editor\" data-id=\"63d99ac\" data-element_type=\"widget\" data-e-type=\"widget\" data-widget_type=\"text-editor.default\">\n\t\t\t\t<div class=\"elementor-widget-container\">\n\t\t\t\t\t\t\t\t\t<p>El papel del perro en la vida del ser humano ha evolucionado notablemente en los \u00faltimos a\u00f1os. La necesidad de controlar su reproducci\u00f3n ha ido de la mano de esa evoluci\u00f3n.<\/p>\n<p>La reproducci\u00f3n asistida es la gesti\u00f3n de cuatro elementos fundamentales que son:<\/p>\n<ul>\n<li><b>Manejo del macho reproductor<\/b><\/li>\n<li><b>Manejo de la hembra reproductora<\/b><\/li>\n<li><b>Gesti\u00f3n de la cubrici\u00f3n: \u00bfmonta o inseminaci\u00f3n artificial?<\/b><\/li>\n<li><b>Manejo de la gestaci\u00f3n y el parto o la ces\u00e1rea<\/b><\/li>\n<\/ul>\n<p>la reproducci\u00f3n asistida se presenta como uno de los servicios cada vez m\u00e1s demandados tanto por criadores profesionales con ejemplares concretos, como por parte de propietarios privados que desean que sus mascotas se reproduzcan bajo el control estricto de un veterinario (al igual que se hace en humana).<\/p>\n<p><\/p>\n<p><b>En la Cl\u00ednica Veterinaria Puerto Venecia (GRUPO UNAVETS) ofrecemos servicios reproductivos \u00edntegros para poder llevar el control de la reproducci\u00f3n canina:<\/b><\/p>\n<ul>\n<li>Examen completo de la hembra: control previo a la cubrici\u00f3n, control del ciclo sexual: determinaci\u00f3n mediante control citol\u00f3gico y progesterona. Diagn\u00f3stico de gestaci\u00f3n manejo y control del parto.<\/li>\n<\/ul>\n<ul>\n<li>Exploraci\u00f3n f\u00edsica y anamnesis del macho reproductor, chequeo seminal, recolecci\u00f3n y evaluaci\u00f3n seminal, manejo del semen: procedimientos de conservaci\u00f3n: refrigeraci\u00f3n, congelaci\u00f3n seminal.<\/li>\n<\/ul>\n<p><\/p>\n<p><b>Realizamos el Servicio Completo siendo especialistas en:<\/b><\/p>\n<ul>\n<li><b>Inseminaci\u00f3n vaginal,<\/b> transcervical o endosc\u00f3pica.<\/li>\n<li><b>Refrigeraci\u00f3n y Congelaci\u00f3n seminal<\/b>, disponemos de kits de refrigeraci\u00f3n para env\u00edo de semen con una autonom\u00eda de 48 a 72 horas. Tras realizar espermiograma y la prueba de viabilidad seminal se lleva a cabo la congelaci\u00f3n del n\u00famero de dosis que necesite el criador.<\/li>\n<li><b>Disponemos de un BANCO DE SEMEN<\/b>, cat\u00e1logo de sementales de \u00e9lite para comercializar su semen refrigerado y\/o congelado: dogsemenbank.com<\/li>\n<\/ul>\n<p>En esta peque\u00f1a charla queremos darnos a conocer y os mostramos el trabajo que realizamos y todos los procesos implicados en la reproducci\u00f3n asistida canina.<\/p>\n<p><\/p>\t\t\t\t\t\t\t\t<\/div>\n\t\t\t\t<\/div>\n\t\t\t\t\t<\/div>\n\t\t<\/div>\n\t\t\t\t\t<\/div>\n\t\t<\/section>\n\t\t\t\t<section class=\"elementor-section elementor-top-section elementor-element elementor-element-099b2a8 elementor-section-boxed elementor-section-height-default elementor-section-height-default\" data-id=\"099b2a8\" data-element_type=\"section\" data-e-type=\"section\">\n\t\t\t\t\t\t<div class=\"elementor-container elementor-column-gap-default\">\n\t\t\t\t\t<div class=\"elementor-column elementor-col-100 elementor-top-column elementor-element elementor-element-109b8aa\" data-id=\"109b8aa\" data-element_type=\"column\" data-e-type=\"column\">\n\t\t\t<div class=\"elementor-widget-wrap elementor-element-populated\">\n\t\t\t\t\t\t<div class=\"elementor-element elementor-element-dc7c821 elementor-widget elementor-widget-image\" data-id=\"dc7c821\" data-element_type=\"widget\" data-e-type=\"widget\" data-widget_type=\"image.default\">\n\t\t\t\t<div class=\"elementor-widget-container\">\n\t\t\t\t\t\t\t\t\t\t\t\t\t\t\t<img fetchpriority=\"high\" width=\"724\" height=\"370\" class=\"attachment-medium_large size-medium_large wp-image-14524 lazy\" alt=\"\" data-src=\"https:\/\/www.unavets.com\/valvet\/wp-content\/uploads\/sites\/22\/2021\/06\/microchip-768x392.jpeg\" data-lazy=\"https:\/\/www.unavets.com\/valvet\/wp-content\/uploads\/sites\/22\/2021\/06\/microchip-768x392.jpeg\" \/>\t\t\t\t\t\t\t\t\t\t\t\t\t\t\t<\/div>\n\t\t\t\t<\/div>\n\t\t\t\t\t<\/div>\n\t\t<\/div>\n\t\t\t\t\t<\/div>\n\t\t<\/section>\n\t\t\t\t<\/div>\n\t\t","protected":false},"excerpt":{"rendered":"<p>El papel del perro en la vida del ser humano ha evolucionado notablemente en los \u00faltimos a\u00f1os. La necesidad de controlar su reproducci\u00f3n ha ido de la mano de esa evoluci\u00f3n. La reproducci\u00f3n asistida es la gesti\u00f3n de cuatro elementos fundamentales que son: Manejo del macho reproductor Manejo de la hembra reproductora Gesti\u00f3n de la &hellip; <\/p>\n","protected":false},"author":8,"featured_media":0,"parent":0,"menu_order":0,"comment_status":"closed","ping_status":"closed","template":"page-fullwidth.php","meta":{"_acf_changed":false,"content-type":"","footnotes":""},"class_list":["post-20804","page","type-page","status-publish","hentry"],"acf":[],"_links":{"self":[{"href":"https:\/\/www.unavets.com\/valvet\/es\/wp-json\/wp\/v2\/pages\/20804","targetHints":{"allow":["GET"]}}],"collection":[{"href":"https:\/\/www.unavets.com\/valvet\/es\/wp-json\/wp\/v2\/pages"}],"about":[{"href":"https:\/\/www.unavets.com\/valvet\/es\/wp-json\/wp\/v2\/types\/page"}],"author":[{"embeddable":true,"href":"https:\/\/www.unavets.com\/valvet\/es\/wp-json\/wp\/v2\/users\/8"}],"replies":[{"embeddable":true,"href":"https:\/\/www.unavets.com\/valvet\/es\/wp-json\/wp\/v2\/comments?post=20804"}],"version-history":[{"count":0,"href":"https:\/\/www.unavets.com\/valvet\/es\/wp-json\/wp\/v2\/pages\/20804\/revisions"}],"wp:attachment":[{"href":"https:\/\/www.unavets.com\/valvet\/es\/wp-json\/wp\/v2\/media?parent=20804"}],"curies":[{"name":"wp","href":"https:\/\/api.w.org\/{rel}","templated":true}]}}