{"id":20195,"date":"2023-02-01T10:32:34","date_gmt":"2023-02-01T10:32:34","guid":{"rendered":"https:\/\/www.unavets.com\/valvet\/?page_id=20195"},"modified":"2026-01-02T08:23:31","modified_gmt":"2026-01-02T08:23:31","slug":"nuestro-equipo_hospital-valvet","status":"publish","type":"page","link":"https:\/\/www.unavets.com\/valvet\/es\/nuestro-equipo_hospital-valvet\/","title":{"rendered":"Nuestro equipo Hospital Valvet"},"content":{"rendered":"\t\t<div data-elementor-type=\"wp-page\" data-elementor-id=\"20195\" class=\"elementor elementor-20195\" data-elementor-post-type=\"page\">\n\t\t\t\t\t\t<section class=\"elementor-section elementor-top-section elementor-element elementor-element-2315038 pad-bot-0 elementor-section-boxed elementor-section-height-default elementor-section-height-default\" data-id=\"2315038\" data-element_type=\"section\" data-e-type=\"section\" id=\"main-sec\" data-settings=\"{&quot;background_background&quot;:&quot;classic&quot;}\">\n\t\t\t\t\t\t<div class=\"elementor-container elementor-column-gap-default\">\n\t\t\t\t\t<div class=\"elementor-column elementor-col-100 elementor-top-column elementor-element elementor-element-35c75b2\" data-id=\"35c75b2\" data-element_type=\"column\" data-e-type=\"column\">\n\t\t\t<div class=\"elementor-widget-wrap elementor-element-populated\">\n\t\t\t\t\t\t<div class=\"elementor-element elementor-element-28b1762 elementor-widget elementor-widget-text-editor\" data-id=\"28b1762\" data-element_type=\"widget\" data-e-type=\"widget\" data-widget_type=\"text-editor.default\">\n\t\t\t\t<div class=\"elementor-widget-container\">\n\t\t\t\t\t\t\t\t\t<p>En<strong> Hospital Veterinario Valvet contamos con un equipo multidisciplinar de 11 veterinarios y 4 auxiliares<\/strong> que se encargan de que tanto propietarios como sus mejores amigos puedan disfrutar de su visita con los mejores profesionales del sector, el equipamiento m\u00e1s avanzado y el mejor asesoramiento cubriendo las <strong>24h a lo largo de los 365 d\u00edas del a\u00f1o.<\/strong><\/p>\t\t\t\t\t\t\t\t<\/div>\n\t\t\t\t<\/div>\n\t\t\t\t\t<\/div>\n\t\t<\/div>\n\t\t\t\t\t<\/div>\n\t\t<\/section>\n\t\t\t\t<section class=\"elementor-section elementor-top-section elementor-element elementor-element-90a7951 team-member elementor-section-boxed elementor-section-height-default elementor-section-height-default\" data-id=\"90a7951\" data-element_type=\"section\" data-e-type=\"section\">\n\t\t\t\t\t\t<div class=\"elementor-container elementor-column-gap-default\">\n\t\t\t\t\t<div class=\"elementor-column elementor-col-100 elementor-top-column elementor-element elementor-element-bfe25e4\" data-id=\"bfe25e4\" data-element_type=\"column\" data-e-type=\"column\">\n\t\t\t<div class=\"elementor-widget-wrap elementor-element-populated\">\n\t\t\t\t\t\t<div class=\"elementor-element elementor-element-4d7a18c elementor-hidden-tablet elementor-hidden-phone elementor-widget elementor-widget-section_titleleft\" data-id=\"4d7a18c\" data-element_type=\"widget\" data-e-type=\"widget\" data-widget_type=\"section_titleleft.default\">\n\t\t\t\t<div class=\"elementor-widget-container\">\n\t\t\t\t\t        <div class=\"ab_text-title fl-wrap\">\n            <h3>Veterinarios<\/h3><span class=\"section-separator fl-sec-sep\"><\/span>        <\/div>\n        \t\t\t\t<\/div>\n\t\t\t\t<\/div>\n\t\t\t\t<section class=\"elementor-section elementor-inner-section elementor-element elementor-element-a24e28a elementor-section-boxed elementor-section-height-default elementor-section-height-default\" data-id=\"a24e28a\" data-element_type=\"section\" data-e-type=\"section\">\n\t\t\t\t\t\t<div class=\"elementor-container elementor-column-gap-default\">\n\t\t\t\t\t<div class=\"elementor-column elementor-col-25 elementor-inner-column elementor-element elementor-element-3c5011a\" data-id=\"3c5011a\" data-element_type=\"column\" data-e-type=\"column\">\n\t\t\t<div class=\"elementor-widget-wrap elementor-element-populated\">\n\t\t\t\t\t\t<div class=\"elementor-element elementor-element-ea0274e elementor-widget elementor-widget-team_box\" data-id=\"ea0274e\" data-element_type=\"widget\" data-e-type=\"widget\" data-widget_type=\"team_box.default\">\n\t\t\t\t<div class=\"elementor-widget-container\">\n\t\t\t\t\t            <div class=\"team-holder section-team fl-wrap\">\n                <div class=\"team-box-image\">\n                    <div class=\"team-photo\">\n                        <img decoding=\"async\" src=\"https:\/\/www.unavets.com\/valvet\/wp-content\/uploads\/sites\/22\/2023\/02\/Anabel-tejedor.png\" class=\"respimg\">                                    \n                    <\/div>\n                    <div class=\"team-info\">\n                        <h3><a href=\"\">Ana Isabel Tejedor <\/a><\/h3><h4>Directora Veterinaria<\/h4>Licenciada en Veterinaria por la Universidad de Zaragoza en el a\u00f1o 2009, seguidamente comenz\u00f3 a trabajar en varios hospitales y cl\u00ednicas del territorio espa\u00f1ol. Posteriormente realizo un postgrado de Traumatolog\u00eda y actualmente est\u00e1 realizando el postgrado de Oftalmolog\u00eda. Sus \u00e1reas de inter\u00e9s son adem\u00e1s de las especializaciones la medicina de urgencias, cirug\u00eda y medicina interna.                    <\/div>\n                <\/div>\n            <\/div>\n        \t\t\t\t<\/div>\n\t\t\t\t<\/div>\n\t\t\t\t\t<\/div>\n\t\t<\/div>\n\t\t\t\t<div class=\"elementor-column elementor-col-25 elementor-inner-column elementor-element elementor-element-9ec5cf5\" data-id=\"9ec5cf5\" data-element_type=\"column\" data-e-type=\"column\">\n\t\t\t<div class=\"elementor-widget-wrap elementor-element-populated\">\n\t\t\t\t\t\t<div class=\"elementor-element elementor-element-7294639 elementor-widget elementor-widget-team_box\" data-id=\"7294639\" data-element_type=\"widget\" data-e-type=\"widget\" data-widget_type=\"team_box.default\">\n\t\t\t\t<div class=\"elementor-widget-container\">\n\t\t\t\t\t            <div class=\"team-holder section-team fl-wrap\">\n                <div class=\"team-box-image\">\n                    <div class=\"team-photo\">\n                        <img decoding=\"async\" src=\"https:\/\/www.unavets.com\/valvet\/wp-content\/uploads\/sites\/22\/2023\/02\/Alejandra-Trobo.png\" class=\"respimg\">                                    \n                    <\/div>\n                    <div class=\"team-info\">\n                        <h3><a href=\"\">Alejandra Trobo<\/a><\/h3><h4>Veterinaria<\/h4>Graduada en veterinaria por la Universidad Complutense de Madrid en 2021, colaborada en el servicio de medicina y cirug\u00eda animal en el hospital cl\u00ednico veterinario complutense en la unidad de cirug\u00eda y odontolog\u00eda de la universidad complutense de Madrid. Especialista en odontolog\u00eda ha participado en varios manuales, libros y art\u00edculos.                    <\/div>\n                <\/div>\n            <\/div>\n        \t\t\t\t<\/div>\n\t\t\t\t<\/div>\n\t\t\t\t\t<\/div>\n\t\t<\/div>\n\t\t\t\t<div class=\"elementor-column elementor-col-25 elementor-inner-column elementor-element elementor-element-47045f8\" data-id=\"47045f8\" data-element_type=\"column\" data-e-type=\"column\">\n\t\t\t<div class=\"elementor-widget-wrap elementor-element-populated\">\n\t\t\t\t\t\t<div class=\"elementor-element elementor-element-f4be005 elementor-widget elementor-widget-team_box\" data-id=\"f4be005\" data-element_type=\"widget\" data-e-type=\"widget\" data-widget_type=\"team_box.default\">\n\t\t\t\t<div class=\"elementor-widget-container\">\n\t\t\t\t\t            <div class=\"team-holder section-team fl-wrap\">\n                <div class=\"team-box-image\">\n                    <div class=\"team-photo\">\n                        <img decoding=\"async\" src=\"https:\/\/www.unavets.com\/valvet\/wp-content\/uploads\/sites\/22\/2025\/11\/Empleados-Pagina-web-9-scaled.jpg\" class=\"respimg\">                                    \n                    <\/div>\n                    <div class=\"team-info\">\n                        <h3><a href=\"\">Marta Rodrigo<\/a><\/h3><h4>Veterinaria<\/h4>Graduada en Veterinaria por la Universidad de Zaragoza en 2023, comenz\u00f3 su carrera profesional inmediatamente despu\u00e9s de finalizar sus estudios, adquiriendo experiencia en distintas \u00e1reas cl\u00ednicas. Complet\u00f3 un posgrado en Neurolog\u00eda y actualmente cursa otro en Fisioterapia y Rehabilitaci\u00f3n de perros y gatos. Adem\u00e1s, contin\u00faa form\u00e1ndose en nutrici\u00f3n animal, una de sus principales \u00e1reas de inter\u00e9s.                    <\/div>\n                <\/div>\n            <\/div>\n        \t\t\t\t<\/div>\n\t\t\t\t<\/div>\n\t\t\t\t\t<\/div>\n\t\t<\/div>\n\t\t\t\t<div class=\"elementor-column elementor-col-25 elementor-inner-column elementor-element elementor-element-8044960\" data-id=\"8044960\" data-element_type=\"column\" data-e-type=\"column\">\n\t\t\t<div class=\"elementor-widget-wrap elementor-element-populated\">\n\t\t\t\t\t\t<div class=\"elementor-element elementor-element-210e621 elementor-widget elementor-widget-team_box\" data-id=\"210e621\" data-element_type=\"widget\" data-e-type=\"widget\" data-widget_type=\"team_box.default\">\n\t\t\t\t<div class=\"elementor-widget-container\">\n\t\t\t\t\t            <div class=\"team-holder section-team fl-wrap\">\n                <div class=\"team-box-image\">\n                    <div class=\"team-photo\">\n                        <img decoding=\"async\" src=\"https:\/\/www.unavets.com\/valvet\/wp-content\/uploads\/sites\/22\/2025\/11\/Empleados-Pagina-web-13-scaled.jpg\" class=\"respimg\">                                    \n                    <\/div>\n                    <div class=\"team-info\">\n                        <h3><a href=\"\">Cristina Cabello<\/a><\/h3><h4>Veterinaria<\/h4>\nGraduada en Veterinaria por la Universidad de Zaragoza en 2024. Tras finalizar sus estudios, realiz\u00f3 cursos de formaci\u00f3n en cardiolog\u00eda y t\u00e9cnicas de urgencia. Posteriormente, inici\u00f3 un internado rotatorio durante un a\u00f1o en el Hospital Veterinario Canis, en Girona. De forma paralela, curs\u00f3 un postgrado en Medicina Interna con Cuas.\n                    <\/div>\n                <\/div>\n            <\/div>\n        \t\t\t\t<\/div>\n\t\t\t\t<\/div>\n\t\t\t\t<div class=\"elementor-element elementor-element-2ec5e91 readmoretoggle elementor-widget elementor-widget-toggle\" data-id=\"2ec5e91\" data-element_type=\"widget\" data-e-type=\"widget\" data-widget_type=\"toggle.default\">\n\t\t\t\t<div class=\"elementor-widget-container\">\n\t\t\t\t\t\t\t<div class=\"elementor-toggle\">\n\t\t\t\t\t\t\t<div class=\"elementor-toggle-item\">\n\t\t\t\t\t<div id=\"elementor-tab-title-4901\" class=\"elementor-tab-title\" data-tab=\"1\" role=\"button\" aria-controls=\"elementor-tab-content-4901\" aria-expanded=\"false\">\n\t\t\t\t\t\t\t\t\t\t\t\t<a class=\"elementor-toggle-title\" tabindex=\"0\">Leer m\u00e1s<\/a>\n\t\t\t\t\t<\/div>\n\n\t\t\t\t\t<div id=\"elementor-tab-content-4901\" class=\"elementor-tab-content elementor-clearfix\" data-tab=\"1\" role=\"region\" aria-labelledby=\"elementor-tab-title-4901\"><p>Sus \u00e1reas de inter\u00e9s actualmente son la Medicina Interna, la Cardiolog\u00eda y la Ecograf\u00eda.<\/p><\/div>\n\t\t\t\t<\/div>\n\t\t\t\t\t\t\t\t<\/div>\n\t\t\t\t\t\t<\/div>\n\t\t\t\t<\/div>\n\t\t\t\t\t<\/div>\n\t\t<\/div>\n\t\t\t\t\t<\/div>\n\t\t<\/section>\n\t\t\t\t\t<\/div>\n\t\t<\/div>\n\t\t\t\t\t<\/div>\n\t\t<\/section>\n\t\t\t\t<section class=\"elementor-section elementor-top-section elementor-element elementor-element-c2585c5 team-member elementor-section-boxed elementor-section-height-default elementor-section-height-default\" data-id=\"c2585c5\" data-element_type=\"section\" data-e-type=\"section\">\n\t\t\t\t\t\t<div class=\"elementor-container elementor-column-gap-default\">\n\t\t\t\t\t<div class=\"elementor-column elementor-col-100 elementor-top-column elementor-element elementor-element-6479a33\" data-id=\"6479a33\" data-element_type=\"column\" data-e-type=\"column\">\n\t\t\t<div class=\"elementor-widget-wrap elementor-element-populated\">\n\t\t\t\t\t\t<div class=\"elementor-element elementor-element-5b9531f elementor-hidden-tablet elementor-hidden-phone elementor-widget elementor-widget-section_titleleft\" data-id=\"5b9531f\" data-element_type=\"widget\" data-e-type=\"widget\" data-widget_type=\"section_titleleft.default\">\n\t\t\t\t<div class=\"elementor-widget-container\">\n\t\t\t\t\t        <div class=\"ab_text-title fl-wrap\">\n            <h3>T\u00e9cnicos y Auxiliares<\/h3><h4><\/h4><span class=\"section-separator fl-sec-sep\"><\/span>        <\/div>\n        \t\t\t\t<\/div>\n\t\t\t\t<\/div>\n\t\t\t\t<section class=\"elementor-section elementor-inner-section elementor-element elementor-element-c5dc456 elementor-section-boxed elementor-section-height-default elementor-section-height-default\" data-id=\"c5dc456\" data-element_type=\"section\" data-e-type=\"section\">\n\t\t\t\t\t\t<div class=\"elementor-container elementor-column-gap-default\">\n\t\t\t\t\t<div class=\"elementor-column elementor-col-25 elementor-inner-column elementor-element elementor-element-5c0f4b5\" data-id=\"5c0f4b5\" data-element_type=\"column\" data-e-type=\"column\">\n\t\t\t<div class=\"elementor-widget-wrap elementor-element-populated\">\n\t\t\t\t\t\t<div class=\"elementor-element elementor-element-42b2a21 elementor-widget elementor-widget-team_box\" data-id=\"42b2a21\" data-element_type=\"widget\" data-e-type=\"widget\" data-widget_type=\"team_box.default\">\n\t\t\t\t<div class=\"elementor-widget-container\">\n\t\t\t\t\t            <div class=\"team-holder section-team fl-wrap\">\n                <div class=\"team-box-image\">\n                    <div class=\"team-photo\">\n                        <img decoding=\"async\" src=\"https:\/\/www.unavets.com\/valvet\/wp-content\/uploads\/sites\/22\/2025\/12\/Empleados-Pagina-web-25-scaled.jpg\" class=\"respimg\">                                    \n                    <\/div>\n                    <div class=\"team-info\">\n                        <h3><a href=\"\">Gemma Bailach<\/a><\/h3><h4>Auxiliar Veterinaria<\/h4>Gemma compagina sus estudios del Grado en Veterinaria en la Universidad de Zaragoza con su labor como auxiliar veterinaria. Actualmente contin\u00faa form\u00e1ndose en diversas \u00e1reas cl\u00ednicas, mostrando especial inter\u00e9s por la cirug\u00eda, la ecograf\u00eda y la medicina interna. Destaca por su compromiso con el bienestar animal, su responsabilidad y su motivaci\u00f3n constante por aprender y crecer dentro del \u00e1mbito veterinario.                    <\/div>\n                <\/div>\n            <\/div>\n        \t\t\t\t<\/div>\n\t\t\t\t<\/div>\n\t\t\t\t\t<\/div>\n\t\t<\/div>\n\t\t\t\t<div class=\"elementor-column elementor-col-25 elementor-inner-column elementor-element elementor-element-db63b0f\" data-id=\"db63b0f\" data-element_type=\"column\" data-e-type=\"column\">\n\t\t\t<div class=\"elementor-widget-wrap elementor-element-populated\">\n\t\t\t\t\t\t<div class=\"elementor-element elementor-element-522ad9d elementor-widget elementor-widget-team_box\" data-id=\"522ad9d\" data-element_type=\"widget\" data-e-type=\"widget\" data-widget_type=\"team_box.default\">\n\t\t\t\t<div class=\"elementor-widget-container\">\n\t\t\t\t\t            <div class=\"team-holder section-team fl-wrap\">\n                <div class=\"team-box-image\">\n                    <div class=\"team-photo\">\n                        <img decoding=\"async\" src=\"https:\/\/www.unavets.com\/valvet\/wp-content\/uploads\/sites\/22\/2023\/02\/Jesica-Ballesteros.png\" class=\"respimg\">                                    \n                    <\/div>\n                    <div class=\"team-info\">\n                        <h3><a href=\"\">Jesica Ballesteros<\/a><\/h3><h4>Auxiliar Veterinaria<\/h4>Jesica comenz\u00f3 en hospital Valvet en 2019, primero se form\u00f3 en peluquer\u00eda canina y felina, continu\u00f3 su formaci\u00f3n de auxiliar cl\u00ednico, t\u00e9cnico y quir\u00fargico veterinario, le apasiona el mundo de los gatos, as\u00ed como el asesoramiento de nutrici\u00f3n.                    <\/div>\n                <\/div>\n            <\/div>\n        \t\t\t\t<\/div>\n\t\t\t\t<\/div>\n\t\t\t\t\t<\/div>\n\t\t<\/div>\n\t\t\t\t<div class=\"elementor-column elementor-col-25 elementor-inner-column elementor-element elementor-element-90265e6\" data-id=\"90265e6\" data-element_type=\"column\" data-e-type=\"column\">\n\t\t\t<div class=\"elementor-widget-wrap elementor-element-populated\">\n\t\t\t\t\t\t<div class=\"elementor-element elementor-element-64db406 elementor-widget elementor-widget-team_box\" data-id=\"64db406\" data-element_type=\"widget\" data-e-type=\"widget\" data-widget_type=\"team_box.default\">\n\t\t\t\t<div class=\"elementor-widget-container\">\n\t\t\t\t\t            <div class=\"team-holder section-team fl-wrap\">\n                <div class=\"team-box-image\">\n                    <div class=\"team-photo\">\n                        <img decoding=\"async\" src=\"https:\/\/www.unavets.com\/valvet\/wp-content\/uploads\/sites\/22\/2025\/03\/Patricia-3-scaled.jpg\" class=\"respimg\">                                    \n                    <\/div>\n                    <div class=\"team-info\">\n                        <h3><a href=\"\">Mercedes Moreno<\/a><\/h3><h4>Veterinaria<\/h4>Ayudante t\u00e9cnico veterinario, peluquera canina y t\u00e9cnico superior de laboratorio de diagn\u00f3stico cl\u00ednico.\n\nCuenta con m\u00e1s de cinco a\u00f1os de experiencia tanto en cl\u00ednicas de Teruel como de Zaragoza.\n\nSe incorpor\u00f3 a VALVET Valdespartera en septiembre, donde se encarga tanto de la recepci\u00f3n de los pacientes como de los hospitalizados, tambi\u00e9n como ayudante de quir\u00f3fano y en el procesado de muestras.\n\nEs una gran amante de los animales y de la felicidad que transmiten al pasar tiempo con ellos.                    <\/div>\n                <\/div>\n            <\/div>\n        \t\t\t\t<\/div>\n\t\t\t\t<\/div>\n\t\t\t\t\t<\/div>\n\t\t<\/div>\n\t\t\t\t<div class=\"elementor-column elementor-col-25 elementor-inner-column elementor-element elementor-element-5d80a86\" data-id=\"5d80a86\" data-element_type=\"column\" data-e-type=\"column\">\n\t\t\t<div class=\"elementor-widget-wrap elementor-element-populated\">\n\t\t\t\t\t\t<div class=\"elementor-element elementor-element-282c2df elementor-widget elementor-widget-team_box\" data-id=\"282c2df\" data-element_type=\"widget\" data-e-type=\"widget\" data-widget_type=\"team_box.default\">\n\t\t\t\t<div class=\"elementor-widget-container\">\n\t\t\t\t\t            <div class=\"team-holder section-team fl-wrap\">\n                <div class=\"team-box-image\">\n                    <div class=\"team-photo\">\n                        <img decoding=\"async\" src=\"https:\/\/www.unavets.com\/valvet\/wp-content\/uploads\/sites\/22\/2025\/11\/ana-e1762153734215.jpg\" class=\"respimg\">                                    \n                    <\/div>\n                    <div class=\"team-info\">\n                        <h3><a href=\"\">Ana Sope\u00f1a <\/a><\/h3><h4>Auxiliar Veterinaria<\/h4>Ana es auxiliar veterinaria con formaci\u00f3n en enfermer\u00eda veterinaria por la academia ZBrain. Apasionada de los animales desde peque\u00f1a, comenz\u00f3 su carrera en el mundo ecuestre, trabajando en el Centro Ecuestre de Alto Rendimiento de Zaragoza como entrenadora y cuidadora de potros. Tras finalizar sus pr\u00e1cticas en Valvet, descubri\u00f3 su inter\u00e9s por los peque\u00f1os animales, especialmente en urgencias y hospitalizaci\u00f3n.                     <\/div>\n                <\/div>\n            <\/div>\n        \t\t\t\t<\/div>\n\t\t\t\t<\/div>\n\t\t\t\t<div class=\"elementor-element elementor-element-85ea5be readmoretoggle elementor-widget elementor-widget-toggle\" data-id=\"85ea5be\" data-element_type=\"widget\" data-e-type=\"widget\" data-widget_type=\"toggle.default\">\n\t\t\t\t<div class=\"elementor-widget-container\">\n\t\t\t\t\t\t\t<div class=\"elementor-toggle\">\n\t\t\t\t\t\t\t<div class=\"elementor-toggle-item\">\n\t\t\t\t\t<div id=\"elementor-tab-title-1401\" class=\"elementor-tab-title\" data-tab=\"1\" role=\"button\" aria-controls=\"elementor-tab-content-1401\" aria-expanded=\"false\">\n\t\t\t\t\t\t\t\t\t\t\t\t<a class=\"elementor-toggle-title\" tabindex=\"0\">Leer m\u00e1s<\/a>\n\t\t\t\t\t<\/div>\n\n\t\t\t\t\t<div id=\"elementor-tab-content-1401\" class=\"elementor-tab-content elementor-clearfix\" data-tab=\"1\" role=\"region\" aria-labelledby=\"elementor-tab-title-1401\"><p>Por ello, se especializ\u00f3 con cursos en UCI, urgencias veterinarias y radiolog\u00eda. En su tiempo libre disfruta del deporte al aire libre, de montar potros y de los momentos tranquilos con su gata.<\/p><\/div>\n\t\t\t\t<\/div>\n\t\t\t\t\t\t\t\t<\/div>\n\t\t\t\t\t\t<\/div>\n\t\t\t\t<\/div>\n\t\t\t\t\t<\/div>\n\t\t<\/div>\n\t\t\t\t\t<\/div>\n\t\t<\/section>\n\t\t\t\t<section class=\"elementor-section elementor-inner-section elementor-element elementor-element-1013091 elementor-section-boxed elementor-section-height-default elementor-section-height-default\" data-id=\"1013091\" data-element_type=\"section\" data-e-type=\"section\">\n\t\t\t\t\t\t<div class=\"elementor-container elementor-column-gap-default\">\n\t\t\t\t\t<div class=\"elementor-column elementor-col-25 elementor-inner-column elementor-element elementor-element-b4eeed5\" data-id=\"b4eeed5\" data-element_type=\"column\" data-e-type=\"column\">\n\t\t\t<div class=\"elementor-widget-wrap elementor-element-populated\">\n\t\t\t\t\t\t<div class=\"elementor-element elementor-element-d1ac364 elementor-widget elementor-widget-team_box\" data-id=\"d1ac364\" data-element_type=\"widget\" data-e-type=\"widget\" data-widget_type=\"team_box.default\">\n\t\t\t\t<div class=\"elementor-widget-container\">\n\t\t\t\t\t            <div class=\"team-holder section-team fl-wrap\">\n                <div class=\"team-box-image\">\n                    <div class=\"team-photo\">\n                        <img decoding=\"async\" src=\"https:\/\/www.unavets.com\/valvet\/wp-content\/uploads\/sites\/22\/2023\/02\/Silvia-Pena.png\" class=\"respimg\">                                    \n                    <\/div>\n                    <div class=\"team-info\">\n                        <h3><a href=\"\">Silvia Pe\u00f1a<\/a><\/h3><h4>Peluquera Canina<\/h4>Silvia se incorpor\u00f3 al equipo en 2022 y es la responsable de nuestro sal\u00f3n y escuela de peluquer\u00eda ARTERO. Es auxiliar veterinaria titulada y tambi\u00e9n peluquera canina y felina certificada. Sus principales \u00e1reas de inter\u00e9s son la cosm\u00e9tica y la dermatolog\u00eda. Ha realizado formaciones en asistencia cl\u00ednica, peluquer\u00eda canina y felina y est\u00e9tica.\n\nDesde siempre ha tenido una gran pasi\u00f3n por los animales y, desde 2019, ha trabajado en residencias y guarder\u00edas, cuidando y mimando a todos los perritos que llegan a nuestras instalaciones.                    <\/div>\n                <\/div>\n            <\/div>\n        \t\t\t\t<\/div>\n\t\t\t\t<\/div>\n\t\t\t\t\t<\/div>\n\t\t<\/div>\n\t\t\t\t<div class=\"elementor-column elementor-col-25 elementor-inner-column elementor-element elementor-element-c60805d\" data-id=\"c60805d\" data-element_type=\"column\" data-e-type=\"column\">\n\t\t\t<div class=\"elementor-widget-wrap\">\n\t\t\t\t\t\t\t<\/div>\n\t\t<\/div>\n\t\t\t\t<div class=\"elementor-column elementor-col-25 elementor-inner-column elementor-element elementor-element-dfcb262\" data-id=\"dfcb262\" data-element_type=\"column\" data-e-type=\"column\">\n\t\t\t<div class=\"elementor-widget-wrap\">\n\t\t\t\t\t\t\t<\/div>\n\t\t<\/div>\n\t\t\t\t<div class=\"elementor-column elementor-col-25 elementor-inner-column elementor-element elementor-element-9f81d51\" data-id=\"9f81d51\" data-element_type=\"column\" data-e-type=\"column\">\n\t\t\t<div class=\"elementor-widget-wrap\">\n\t\t\t\t\t\t\t<\/div>\n\t\t<\/div>\n\t\t\t\t\t<\/div>\n\t\t<\/section>\n\t\t\t\t\t<\/div>\n\t\t<\/div>\n\t\t\t\t\t<\/div>\n\t\t<\/section>\n\t\t\t\t<\/div>\n\t\t","protected":false},"excerpt":{"rendered":"<p>En Hospital Veterinario Valvet contamos con un equipo multidisciplinar de 11 veterinarios y 4 auxiliares que se encargan de que tanto propietarios como sus mejores amigos puedan disfrutar de su visita con los mejores profesionales del sector, el equipamiento m\u00e1s avanzado y el mejor asesoramiento cubriendo las 24h a lo largo de los 365 d\u00edas &hellip; <\/p>\n","protected":false},"author":8,"featured_media":20258,"parent":0,"menu_order":0,"comment_status":"closed","ping_status":"closed","template":"page-fullwidth.php","meta":{"_acf_changed":false,"content-type":"","footnotes":""},"class_list":["post-20195","page","type-page","status-publish","has-post-thumbnail","hentry"],"acf":[],"_links":{"self":[{"href":"https:\/\/www.unavets.com\/valvet\/es\/wp-json\/wp\/v2\/pages\/20195","targetHints":{"allow":["GET"]}}],"collection":[{"href":"https:\/\/www.unavets.com\/valvet\/es\/wp-json\/wp\/v2\/pages"}],"about":[{"href":"https:\/\/www.unavets.com\/valvet\/es\/wp-json\/wp\/v2\/types\/page"}],"author":[{"embeddable":true,"href":"https:\/\/www.unavets.com\/valvet\/es\/wp-json\/wp\/v2\/users\/8"}],"replies":[{"embeddable":true,"href":"https:\/\/www.unavets.com\/valvet\/es\/wp-json\/wp\/v2\/comments?post=20195"}],"version-history":[{"count":51,"href":"https:\/\/www.unavets.com\/valvet\/es\/wp-json\/wp\/v2\/pages\/20195\/revisions"}],"predecessor-version":[{"id":22841,"href":"https:\/\/www.unavets.com\/valvet\/es\/wp-json\/wp\/v2\/pages\/20195\/revisions\/22841"}],"wp:featuredmedia":[{"embeddable":true,"href":"https:\/\/www.unavets.com\/valvet\/es\/wp-json\/wp\/v2\/media\/20258"}],"wp:attachment":[{"href":"https:\/\/www.unavets.com\/valvet\/es\/wp-json\/wp\/v2\/media?parent=20195"}],"curies":[{"name":"wp","href":"https:\/\/api.w.org\/{rel}","templated":true}]}}