{"id":12997,"date":"2021-01-04T08:19:34","date_gmt":"2021-01-04T08:19:34","guid":{"rendered":"http:\/\/www.unavets.com\/valvet\/?page_id=12997"},"modified":"2025-04-21T17:06:19","modified_gmt":"2025-04-21T17:06:19","slug":"quienes-somos","status":"publish","type":"page","link":"https:\/\/www.unavets.com\/valvet\/es\/quienes-somos\/","title":{"rendered":"Qui\u00e9nes Somos"},"content":{"rendered":"\t\t<div data-elementor-type=\"wp-page\" data-elementor-id=\"12997\" class=\"elementor elementor-12997 elementor-268\" data-elementor-post-type=\"page\">\n\t\t\t\t\t\t<section class=\"elementor-section elementor-top-section elementor-element elementor-element-54cf215 pad-top-0 elementor-section-boxed elementor-section-height-default elementor-section-height-default\" data-id=\"54cf215\" data-element_type=\"section\" data-e-type=\"section\" id=\"main-sec\" data-settings=\"{&quot;background_background&quot;:&quot;classic&quot;}\">\n\t\t\t\t\t\t<div class=\"elementor-container elementor-column-gap-default\">\n\t\t\t\t\t<div class=\"elementor-column elementor-col-100 elementor-top-column elementor-element elementor-element-d926441\" data-id=\"d926441\" data-element_type=\"column\" data-e-type=\"column\">\n\t\t\t<div class=\"elementor-widget-wrap elementor-element-populated\">\n\t\t\t\t\t\t<div class=\"elementor-element elementor-element-9725bcd elementor-widget elementor-widget-section_titleleft\" data-id=\"9725bcd\" data-element_type=\"widget\" data-e-type=\"widget\" data-widget_type=\"section_titleleft.default\">\n\t\t\t\t<div class=\"elementor-widget-container\">\n\t\t\t\t\t        <div class=\"ab_text-title fl-wrap\">\n            <h3>Cl\u00ednicas y Hospital Veterinario ubicadas en Zaragoza<\/h3>Nuestras cl\u00ednicas veterinarias est\u00e1n especializadas para ofrecer un servicio integral de la salud animal, en la que ofrecemos todos los servicios m\u00e9dico-quir\u00fargicos para tus mejores amigos.<span class=\"section-separator fl-sec-sep\"><\/span>        <\/div>\n        \t\t\t\t<\/div>\n\t\t\t\t<\/div>\n\t\t\t\t<section class=\"elementor-section elementor-inner-section elementor-element elementor-element-35814f4 elementor-section-full_width elementor-section-height-default elementor-section-height-default\" data-id=\"35814f4\" data-element_type=\"section\" data-e-type=\"section\">\n\t\t\t\t\t\t<div class=\"elementor-container elementor-column-gap-wide\">\n\t\t\t\t\t<div class=\"elementor-column elementor-col-50 elementor-inner-column elementor-element elementor-element-7fa3f34\" data-id=\"7fa3f34\" data-element_type=\"column\" data-e-type=\"column\">\n\t\t\t<div class=\"elementor-widget-wrap elementor-element-populated\">\n\t\t\t\t\t\t<div class=\"elementor-element elementor-element-9e79898 elementor-widget elementor-widget-image\" data-id=\"9e79898\" data-element_type=\"widget\" data-e-type=\"widget\" data-widget_type=\"image.default\">\n\t\t\t\t<div class=\"elementor-widget-container\">\n\t\t\t\t\t\t\t\t\t\t\t\t\t\t\t<img fetchpriority=\"high\" width=\"389\" height=\"672\" class=\"attachment-2048x2048 size-2048x2048 wp-image-20651 lazy\" alt=\"\" data-src=\"https:\/\/www.unavets.com\/valvet\/wp-content\/uploads\/sites\/22\/2023\/03\/Copia-de-Empleados-Pagina-web-7.png\" data-lazy=\"https:\/\/www.unavets.com\/valvet\/wp-content\/uploads\/sites\/22\/2023\/03\/Copia-de-Empleados-Pagina-web-7.png\" \/>\t\t\t\t\t\t\t\t\t\t\t\t\t\t\t<\/div>\n\t\t\t\t<\/div>\n\t\t\t\t\t<\/div>\n\t\t<\/div>\n\t\t\t\t<div class=\"elementor-column elementor-col-50 elementor-inner-column elementor-element elementor-element-202374d\" data-id=\"202374d\" data-element_type=\"column\" data-e-type=\"column\">\n\t\t\t<div class=\"elementor-widget-wrap elementor-element-populated\">\n\t\t\t\t\t\t<div class=\"elementor-element elementor-element-3b393ce about-wrap elementor-widget elementor-widget-text-editor\" data-id=\"3b393ce\" data-element_type=\"widget\" data-e-type=\"widget\" data-widget_type=\"text-editor.default\">\n\t\t\t\t<div class=\"elementor-widget-container\">\n\t\t\t\t\t\t\t\t\t<p class=\"MsoNormal\">Valvet, lo componen un total de cuatro centros: un hospital y tres cl\u00ednicas, fundados por Tom\u00e1s Conde y Javier Fondevila quienes abrieron la primera cl\u00ednica en 2015 y continuaron con el crecimiento hasta llegar a crear hoy en d\u00eda un grupo formado por cuatro centros:<\/p><ul><li><a href=\"https:\/\/www.unavets.com\/valvet\/es\/instalaciones-valvet-puerto-venecia\/\">\u00a0Puerto Venecia<\/a><\/li><li><a href=\"https:\/\/www.unavets.com\/valvet\/es\/instalaciones-hospital-veterinario-valvet\/\">Valvet Hospital 24<\/a><\/li><li><a href=\"https:\/\/www.unavets.com\/valvet\/es\/instalaciones-valvet-actur\/\">Actur\u00a0<\/a><\/li><li><a href=\"https:\/\/www.unavets.com\/valvet\/es\/instalaciones-consultorio-rosales\/\">Vet Rosales.<\/a><\/li><\/ul><p><strong>La plantilla est\u00e1 formada por un equipo de 23 personas. El grupo ofrece tambi\u00e9n servicio de peluquer\u00eda y una academia de auxiliares.<\/strong><\/p><p>\u00a0Entre sus servicios y especializaciones del equipo destacan:<\/p><ul><li>Reproducci\u00f3n<\/li><li>Etolog\u00eda<\/li><li>Odontolog\u00eda<\/li><li>Medicina felina<\/li><li>Cirug\u00eda<\/li><li>Traumatolog\u00eda<\/li><li>Rehabilitaci\u00f3n<\/li><li>Animales ex\u00f3ticos<\/li><\/ul><p>Los centros est\u00e1n muy equipados con salas de consultas, radiolog\u00eda digital, ec\u00f3grafo, quir\u00f3fano, laboratorio, el hospital 24h posee adem\u00e1s dos quir\u00f3fanos y tres salas de hospitalizaci\u00f3n.<\/p>\t\t\t\t\t\t\t\t<\/div>\n\t\t\t\t<\/div>\n\t\t\t\t\t<\/div>\n\t\t<\/div>\n\t\t\t\t\t<\/div>\n\t\t<\/section>\n\t\t\t\t\t<\/div>\n\t\t<\/div>\n\t\t\t\t\t<\/div>\n\t\t<\/section>\n\t\t\t\t<section class=\"elementor-section elementor-top-section elementor-element elementor-element-38295de elementor-section-boxed elementor-section-height-default elementor-section-height-default\" data-id=\"38295de\" data-element_type=\"section\" data-e-type=\"section\">\n\t\t\t\t\t\t<div class=\"elementor-container elementor-column-gap-default\">\n\t\t\t\t\t<div class=\"elementor-column elementor-col-100 elementor-top-column elementor-element elementor-element-c3d38f1\" data-id=\"c3d38f1\" data-element_type=\"column\" data-e-type=\"column\">\n\t\t\t<div class=\"elementor-widget-wrap elementor-element-populated\">\n\t\t\t\t\t\t<div class=\"elementor-element elementor-element-233379b elementor-widget elementor-widget-gallery\" data-id=\"233379b\" data-element_type=\"widget\" data-e-type=\"widget\" data-settings=\"{&quot;columns&quot;:&quot;3&quot;,&quot;aspect_ratio&quot;:&quot;1:1&quot;,&quot;lazyload&quot;:&quot;yes&quot;,&quot;gallery_layout&quot;:&quot;grid&quot;,&quot;columns_tablet&quot;:2,&quot;columns_mobile&quot;:1,&quot;gap&quot;:{&quot;unit&quot;:&quot;px&quot;,&quot;size&quot;:10,&quot;sizes&quot;:[]},&quot;gap_tablet&quot;:{&quot;unit&quot;:&quot;px&quot;,&quot;size&quot;:10,&quot;sizes&quot;:[]},&quot;gap_mobile&quot;:{&quot;unit&quot;:&quot;px&quot;,&quot;size&quot;:10,&quot;sizes&quot;:[]},&quot;link_to&quot;:&quot;file&quot;,&quot;overlay_background&quot;:&quot;yes&quot;,&quot;content_hover_animation&quot;:&quot;fade-in&quot;}\" data-widget_type=\"gallery.default\">\n\t\t\t\t<div class=\"elementor-widget-container\">\n\t\t\t\t\t\t\t<div class=\"elementor-gallery__container\">\n\t\t\t\t\t\t\t<a class=\"e-gallery-item elementor-gallery-item elementor-animated-content\" href=\"https:\/\/www.unavets.com\/valvet\/wp-content\/uploads\/sites\/22\/2023\/02\/instalaciones-veterinario-valvet-zaragoza.png\" data-elementor-open-lightbox=\"yes\" data-elementor-lightbox-slideshow=\"233379b\" data-elementor-lightbox-title=\"instalaciones veterinario valvet zaragoza\" data-e-action-hash=\"#elementor-action%3Aaction%3Dlightbox%26settings%3DeyJpZCI6MjA0MjUsInVybCI6Imh0dHBzOlwvXC93d3cudW5hdmV0cy5jb21cL3ZhbHZldFwvd3AtY29udGVudFwvdXBsb2Fkc1wvc2l0ZXNcLzIyXC8yMDIzXC8wMlwvaW5zdGFsYWNpb25lcy12ZXRlcmluYXJpby12YWx2ZXQtemFyYWdvemEucG5nIiwic2xpZGVzaG93IjoiMjMzMzc5YiJ9\">\n\t\t\t\t\t<div class=\"e-gallery-image elementor-gallery-item__image\" data-thumbnail=\"https:\/\/www.unavets.com\/valvet\/wp-content\/uploads\/sites\/22\/2023\/02\/instalaciones-veterinario-valvet-zaragoza.png\" data-width=\"642\" data-height=\"408\" aria-label=\"\" role=\"img\" ><\/div>\n\t\t\t\t\t\t\t\t\t\t\t<div class=\"elementor-gallery-item__overlay\"><\/div>\n\t\t\t\t\t\t\t\t\t\t\t\t\t\t<\/a>\n\t\t\t\t\t\t\t<a class=\"e-gallery-item elementor-gallery-item elementor-animated-content\" href=\"https:\/\/www.unavets.com\/valvet\/wp-content\/uploads\/sites\/22\/2023\/02\/instalaciones-veterinario-valvet-zaragoza_8.png\" data-elementor-open-lightbox=\"yes\" data-elementor-lightbox-slideshow=\"233379b\" data-elementor-lightbox-title=\"instalaciones veterinario valvet zaragoza_8\" data-e-action-hash=\"#elementor-action%3Aaction%3Dlightbox%26settings%3DeyJpZCI6MjA0NDQsInVybCI6Imh0dHBzOlwvXC93d3cudW5hdmV0cy5jb21cL3ZhbHZldFwvd3AtY29udGVudFwvdXBsb2Fkc1wvc2l0ZXNcLzIyXC8yMDIzXC8wMlwvaW5zdGFsYWNpb25lcy12ZXRlcmluYXJpby12YWx2ZXQtemFyYWdvemFfOC5wbmciLCJzbGlkZXNob3ciOiIyMzMzNzliIn0%3D\">\n\t\t\t\t\t<div class=\"e-gallery-image elementor-gallery-item__image\" data-thumbnail=\"https:\/\/www.unavets.com\/valvet\/wp-content\/uploads\/sites\/22\/2023\/02\/instalaciones-veterinario-valvet-zaragoza_8.png\" data-width=\"642\" data-height=\"408\" aria-label=\"\" role=\"img\" ><\/div>\n\t\t\t\t\t\t\t\t\t\t\t<div class=\"elementor-gallery-item__overlay\"><\/div>\n\t\t\t\t\t\t\t\t\t\t\t\t\t\t<\/a>\n\t\t\t\t\t\t\t<a class=\"e-gallery-item elementor-gallery-item elementor-animated-content\" href=\"https:\/\/www.unavets.com\/valvet\/wp-content\/uploads\/sites\/22\/2023\/03\/26.png\" data-elementor-open-lightbox=\"yes\" data-elementor-lightbox-slideshow=\"233379b\" data-elementor-lightbox-title=\"26\" data-e-action-hash=\"#elementor-action%3Aaction%3Dlightbox%26settings%3DeyJpZCI6MjA1NjksInVybCI6Imh0dHBzOlwvXC93d3cudW5hdmV0cy5jb21cL3ZhbHZldFwvd3AtY29udGVudFwvdXBsb2Fkc1wvc2l0ZXNcLzIyXC8yMDIzXC8wM1wvMjYucG5nIiwic2xpZGVzaG93IjoiMjMzMzc5YiJ9\">\n\t\t\t\t\t<div class=\"e-gallery-image elementor-gallery-item__image\" data-thumbnail=\"https:\/\/www.unavets.com\/valvet\/wp-content\/uploads\/sites\/22\/2023\/03\/26.png\" data-width=\"225\" data-height=\"225\" aria-label=\"\" role=\"img\" ><\/div>\n\t\t\t\t\t\t\t\t\t\t\t<div class=\"elementor-gallery-item__overlay\"><\/div>\n\t\t\t\t\t\t\t\t\t\t\t\t\t\t<\/a>\n\t\t\t\t\t\t\t<a class=\"e-gallery-item elementor-gallery-item elementor-animated-content\" href=\"https:\/\/www.unavets.com\/valvet\/wp-content\/uploads\/sites\/22\/2023\/02\/instalaciones-veterinario-valvet-zaragoza_3.png\" data-elementor-open-lightbox=\"yes\" data-elementor-lightbox-slideshow=\"233379b\" data-elementor-lightbox-title=\"instalaciones veterinario valvet zaragoza_3\" data-e-action-hash=\"#elementor-action%3Aaction%3Dlightbox%26settings%3DeyJpZCI6MjA0MzEsInVybCI6Imh0dHBzOlwvXC93d3cudW5hdmV0cy5jb21cL3ZhbHZldFwvd3AtY29udGVudFwvdXBsb2Fkc1wvc2l0ZXNcLzIyXC8yMDIzXC8wMlwvaW5zdGFsYWNpb25lcy12ZXRlcmluYXJpby12YWx2ZXQtemFyYWdvemFfMy5wbmciLCJzbGlkZXNob3ciOiIyMzMzNzliIn0%3D\">\n\t\t\t\t\t<div class=\"e-gallery-image elementor-gallery-item__image\" data-thumbnail=\"https:\/\/www.unavets.com\/valvet\/wp-content\/uploads\/sites\/22\/2023\/02\/instalaciones-veterinario-valvet-zaragoza_3.png\" data-width=\"642\" data-height=\"408\" aria-label=\"\" role=\"img\" ><\/div>\n\t\t\t\t\t\t\t\t\t\t\t<div class=\"elementor-gallery-item__overlay\"><\/div>\n\t\t\t\t\t\t\t\t\t\t\t\t\t\t<\/a>\n\t\t\t\t\t\t\t<a class=\"e-gallery-item elementor-gallery-item elementor-animated-content\" href=\"https:\/\/www.unavets.com\/valvet\/wp-content\/uploads\/sites\/22\/2023\/03\/22.png\" data-elementor-open-lightbox=\"yes\" data-elementor-lightbox-slideshow=\"233379b\" data-elementor-lightbox-title=\"22\" data-e-action-hash=\"#elementor-action%3Aaction%3Dlightbox%26settings%3DeyJpZCI6MjA1NjEsInVybCI6Imh0dHBzOlwvXC93d3cudW5hdmV0cy5jb21cL3ZhbHZldFwvd3AtY29udGVudFwvdXBsb2Fkc1wvc2l0ZXNcLzIyXC8yMDIzXC8wM1wvMjIucG5nIiwic2xpZGVzaG93IjoiMjMzMzc5YiJ9\">\n\t\t\t\t\t<div class=\"e-gallery-image elementor-gallery-item__image\" data-thumbnail=\"https:\/\/www.unavets.com\/valvet\/wp-content\/uploads\/sites\/22\/2023\/03\/22.png\" data-width=\"225\" data-height=\"225\" aria-label=\"\" role=\"img\" ><\/div>\n\t\t\t\t\t\t\t\t\t\t\t<div class=\"elementor-gallery-item__overlay\"><\/div>\n\t\t\t\t\t\t\t\t\t\t\t\t\t\t<\/a>\n\t\t\t\t\t\t\t<a class=\"e-gallery-item elementor-gallery-item elementor-animated-content\" href=\"https:\/\/www.unavets.com\/valvet\/wp-content\/uploads\/sites\/22\/2023\/04\/instalaciones-veterinario-valvet-zaragoza_4-3.png\" data-elementor-open-lightbox=\"yes\" data-elementor-lightbox-slideshow=\"233379b\" data-elementor-lightbox-title=\"instalaciones-veterinario-valvet-zaragoza_4.png\" data-e-action-hash=\"#elementor-action%3Aaction%3Dlightbox%26settings%3DeyJpZCI6MjExODIsInVybCI6Imh0dHBzOlwvXC93d3cudW5hdmV0cy5jb21cL3ZhbHZldFwvd3AtY29udGVudFwvdXBsb2Fkc1wvc2l0ZXNcLzIyXC8yMDIzXC8wNFwvaW5zdGFsYWNpb25lcy12ZXRlcmluYXJpby12YWx2ZXQtemFyYWdvemFfNC0zLnBuZyIsInNsaWRlc2hvdyI6IjIzMzM3OWIifQ%3D%3D\">\n\t\t\t\t\t<div class=\"e-gallery-image elementor-gallery-item__image\" data-thumbnail=\"https:\/\/www.unavets.com\/valvet\/wp-content\/uploads\/sites\/22\/2023\/04\/instalaciones-veterinario-valvet-zaragoza_4-3.png\" data-width=\"642\" data-height=\"408\" aria-label=\"\" role=\"img\" ><\/div>\n\t\t\t\t\t\t\t\t\t\t\t<div class=\"elementor-gallery-item__overlay\"><\/div>\n\t\t\t\t\t\t\t\t\t\t\t\t\t\t<\/a>\n\t\t\t\t\t<\/div>\n\t\t\t\t\t<\/div>\n\t\t\t\t<\/div>\n\t\t\t\t\t<\/div>\n\t\t<\/div>\n\t\t\t\t\t<\/div>\n\t\t<\/section>\n\t\t\t\t<\/div>\n\t\t","protected":false},"excerpt":{"rendered":"<p>Cl\u00ednicas y Hospital Veterinario ubicadas en Zaragoza Nuestras cl\u00ednicas veterinarias est\u00e1n especializadas para ofrecer un servicio integral de la salud animal, en la que ofrecemos todos los servicios m\u00e9dico-quir\u00fargicos para tus mejores amigos. Valvet, lo componen un total de cuatro centros: un hospital y tres cl\u00ednicas, fundados por Tom\u00e1s Conde y Javier Fondevila quienes abrieron &hellip; <\/p>\n","protected":false},"author":1,"featured_media":0,"parent":0,"menu_order":0,"comment_status":"closed","ping_status":"closed","template":"page-fullwidth.php","meta":{"_acf_changed":false,"content-type":"","footnotes":""},"class_list":["post-12997","page","type-page","status-publish","hentry"],"acf":[],"_links":{"self":[{"href":"https:\/\/www.unavets.com\/valvet\/es\/wp-json\/wp\/v2\/pages\/12997","targetHints":{"allow":["GET"]}}],"collection":[{"href":"https:\/\/www.unavets.com\/valvet\/es\/wp-json\/wp\/v2\/pages"}],"about":[{"href":"https:\/\/www.unavets.com\/valvet\/es\/wp-json\/wp\/v2\/types\/page"}],"author":[{"embeddable":true,"href":"https:\/\/www.unavets.com\/valvet\/es\/wp-json\/wp\/v2\/users\/1"}],"replies":[{"embeddable":true,"href":"https:\/\/www.unavets.com\/valvet\/es\/wp-json\/wp\/v2\/comments?post=12997"}],"version-history":[{"count":4,"href":"https:\/\/www.unavets.com\/valvet\/es\/wp-json\/wp\/v2\/pages\/12997\/revisions"}],"predecessor-version":[{"id":22503,"href":"https:\/\/www.unavets.com\/valvet\/es\/wp-json\/wp\/v2\/pages\/12997\/revisions\/22503"}],"wp:attachment":[{"href":"https:\/\/www.unavets.com\/valvet\/es\/wp-json\/wp\/v2\/media?parent=12997"}],"curies":[{"name":"wp","href":"https:\/\/api.w.org\/{rel}","templated":true}]}}