{"id":12986,"date":"2020-10-03T08:11:17","date_gmt":"2020-10-03T08:11:17","guid":{"rendered":"http:\/\/www.unavets.com\/valvet\/work-with-us\/"},"modified":"2023-03-27T15:13:18","modified_gmt":"2023-03-27T15:13:18","slug":"trabaja-con-nosotros","status":"publish","type":"page","link":"https:\/\/www.unavets.com\/valvet\/es\/trabaja-con-nosotros\/","title":{"rendered":"Trabaja con nosotros"},"content":{"rendered":"\t\t<div data-elementor-type=\"wp-page\" data-elementor-id=\"12986\" class=\"elementor elementor-12986 elementor-280\" data-elementor-post-type=\"page\">\n\t\t\t\t\t\t<section class=\"elementor-section elementor-top-section elementor-element elementor-element-54428c4 pad-bot-50 elementor-section-boxed elementor-section-height-default elementor-section-height-default\" data-id=\"54428c4\" data-element_type=\"section\" data-e-type=\"section\" id=\"main-sec\">\n\t\t\t\t\t\t<div class=\"elementor-container elementor-column-gap-wide\">\n\t\t\t\t\t<div class=\"elementor-column elementor-col-100 elementor-top-column elementor-element elementor-element-d435c3f\" data-id=\"d435c3f\" data-element_type=\"column\" data-e-type=\"column\">\n\t\t\t<div class=\"elementor-widget-wrap elementor-element-populated\">\n\t\t\t\t\t\t<div class=\"elementor-element elementor-element-4659daa elementor-widget elementor-widget-section_titleleft\" data-id=\"4659daa\" data-element_type=\"widget\" data-e-type=\"widget\" data-widget_type=\"section_titleleft.default\">\n\t\t\t\t<div class=\"elementor-widget-container\">\n\t\t\t\t\t        <div class=\"ab_text-title fl-wrap\">\n            <h3>\u00bfQuieres unirte a nuestro equipo?<\/h3><span class=\"section-separator fl-sec-sep\"><\/span>        <\/div>\n        \t\t\t\t<\/div>\n\t\t\t\t<\/div>\n\t\t\t\t<div class=\"elementor-element elementor-element-f74f60c elementor-widget elementor-widget-text-editor\" data-id=\"f74f60c\" data-element_type=\"widget\" data-e-type=\"widget\" data-widget_type=\"text-editor.default\">\n\t\t\t\t<div class=\"elementor-widget-container\">\n\t\t\t\t\t\t\t\t\t<p>Siempre estamos abiertos a ampliar nuestro equipo con profesionales cualificados, dedicados y apasionados. <span style=\"text-decoration: underline;color: #3366ff\"><strong><a style=\"color: #3366ff;text-decoration: underline\" href=\"http:\/\/www.unavets.com\/es\/trabaja-con-nosotros\/\">Descubre aqu\u00ed<\/a><\/strong><\/span> los puestos vacantes en Cl\u00ednicas Veterinarias Valvet y otras cl\u00ednicas de UNAVETS de tu zona.<\/p><p>Si actualmente no tenemos posiciones disponibles y est\u00e1s interesado en trabajar con nosotros, rellena el siguiente formulario y tendremos en cuenta tu perfil para pr\u00f3ximas vacantes.<\/p><p>\n\t\t\t\t\t\t<script>\n\t\t\t\t\t\t\twindow.hsFormsOnReady = window.hsFormsOnReady || [];\n\t\t\t\t\t\t\twindow.hsFormsOnReady.push(()=>{\n\t\t\t\t\t\t\t\thbspt.forms.create({\n\t\t\t\t\t\t\t\t\tportalId: 8560088,\n\t\t\t\t\t\t\t\t\tformId: \"41f51d17-0868-428b-a158-023e02fab217\",\n\t\t\t\t\t\t\t\t\ttarget: \"#hbspt-form-1777481157000-0838769618\",\n\t\t\t\t\t\t\t\t\tregion: \"\",\n\t\t\t\t\t\t\t\t\t\n\t\t\t\t\t\t\t})});\n\t\t\t\t\t\t<\/script>\n\t\t\t\t\t\t<div class=\"hbspt-form\" id=\"hbspt-form-1777481157000-0838769618\"><\/div><\/p>\t\t\t\t\t\t\t\t<\/div>\n\t\t\t\t<\/div>\n\t\t\t\t\t<\/div>\n\t\t<\/div>\n\t\t\t\t\t<\/div>\n\t\t<\/section>\n\t\t\t\t<\/div>\n\t\t","protected":false},"excerpt":{"rendered":"<p>\u00bfQuieres unirte a nuestro equipo? Siempre estamos abiertos a ampliar nuestro equipo con profesionales cualificados, dedicados y apasionados. Descubre aqu\u00ed los puestos vacantes en y otras cl\u00ednicas de UNAVETS de tu zona. Si actualmente no tenemos posiciones disponibles y est\u00e1s interesado en trabajar con nosotros, rellena el siguiente formulario y tendremos en cuenta tu perfil &hellip; <\/p>\n","protected":false},"author":1,"featured_media":0,"parent":0,"menu_order":0,"comment_status":"closed","ping_status":"closed","template":"page-fullwidth.php","meta":{"_acf_changed":false,"content-type":"","footnotes":""},"class_list":["post-12986","page","type-page","status-publish","hentry"],"acf":[],"_links":{"self":[{"href":"https:\/\/www.unavets.com\/valvet\/es\/wp-json\/wp\/v2\/pages\/12986","targetHints":{"allow":["GET"]}}],"collection":[{"href":"https:\/\/www.unavets.com\/valvet\/es\/wp-json\/wp\/v2\/pages"}],"about":[{"href":"https:\/\/www.unavets.com\/valvet\/es\/wp-json\/wp\/v2\/types\/page"}],"author":[{"embeddable":true,"href":"https:\/\/www.unavets.com\/valvet\/es\/wp-json\/wp\/v2\/users\/1"}],"replies":[{"embeddable":true,"href":"https:\/\/www.unavets.com\/valvet\/es\/wp-json\/wp\/v2\/comments?post=12986"}],"version-history":[{"count":0,"href":"https:\/\/www.unavets.com\/valvet\/es\/wp-json\/wp\/v2\/pages\/12986\/revisions"}],"wp:attachment":[{"href":"https:\/\/www.unavets.com\/valvet\/es\/wp-json\/wp\/v2\/media?parent=12986"}],"curies":[{"name":"wp","href":"https:\/\/api.w.org\/{rel}","templated":true}]}}