{"id":22936,"date":"2025-05-23T12:31:51","date_gmt":"2025-05-23T12:31:51","guid":{"rendered":"https:\/\/www.unavets.com\/tartanga\/?page_id=22936"},"modified":"2025-05-23T13:31:07","modified_gmt":"2025-05-23T13:31:07","slug":"banco-de-sangre-animal","status":"publish","type":"page","link":"https:\/\/www.unavets.com\/tartanga\/es\/banco-de-sangre-animal\/","title":{"rendered":"Banco de Sangre Animal"},"content":{"rendered":"\t\t<div data-elementor-type=\"wp-page\" data-elementor-id=\"22936\" class=\"elementor elementor-22936\" data-elementor-post-type=\"page\">\n\t\t\t\t\t\t<section class=\"elementor-section elementor-top-section elementor-element elementor-element-d993722 elementor-section-boxed elementor-section-height-default elementor-section-height-default\" data-id=\"d993722\" data-element_type=\"section\" data-e-type=\"section\" id=\"main-sec\">\n\t\t\t\t\t\t<div class=\"elementor-container elementor-column-gap-default\">\n\t\t\t\t\t<div class=\"elementor-column elementor-col-50 elementor-top-column elementor-element elementor-element-065811d\" data-id=\"065811d\" data-element_type=\"column\" data-e-type=\"column\">\n\t\t\t<div class=\"elementor-widget-wrap elementor-element-populated\">\n\t\t\t\t\t\t<div class=\"elementor-element elementor-element-63d99ac elementor-widget__width-initial elementor-widget elementor-widget-text-editor\" data-id=\"63d99ac\" data-element_type=\"widget\" data-e-type=\"widget\" data-widget_type=\"text-editor.default\">\n\t\t\t\t<div class=\"elementor-widget-container\">\n\t\t\t\t\t\t\t\t\t<p>En nuestros centros Tartanga UNAVETS, nos enorgullece ser<strong> colaboradores del Banco de Sangre Animal (BSA)<\/strong>. Esta relaci\u00f3n nos permite contribuir activamente a la atenci\u00f3n veterinaria de urgencias y cuidados cr\u00edticos en nuestra comunidad.<\/p><h4><strong>\u00bfQu\u00e9 significa esto?<\/strong><\/h4><p>Ser un centro colaborador nos aporta varios beneficios clave:<\/p><ul><li><strong>Uso de componentes sangu\u00edneos para nuestros propios pacientes:<\/strong> Tenemos acceso directo a un suministro de componentes sangu\u00edneos veterinarios, asegurando que nuestros pacientes que necesiten transfusiones reciban un tratamiento r\u00e1pido y eficaz.<\/li><li><strong>Ayudamos a cubrir las necesidades de nuestra \u00e1rea geogr\u00e1fica:<\/strong> Contribuimos a satisfacer las necesidades de suministro de sangre de la zona.\u00a0<\/li><li><strong>Centro de referencia para casos derivados:<\/strong> Aceptamos pacientes derivados para reevaluaci\u00f3n en casos espec\u00edficos, incluyendo:<br \/><ul data-sourcepos=\"13:5-15:0\"><li data-sourcepos=\"13:5-13:16\"><strong>Anemia<\/strong><\/li><li data-sourcepos=\"14:5-15:0\"><strong>Patolog\u00edas que requieran transfusi\u00f3n<\/strong><\/li><\/ul><\/li><\/ul>\t\t\t\t\t\t\t\t<\/div>\n\t\t\t\t<\/div>\n\t\t\t\t\t<\/div>\n\t\t<\/div>\n\t\t\t\t<div class=\"elementor-column elementor-col-50 elementor-top-column elementor-element elementor-element-2048e61\" data-id=\"2048e61\" data-element_type=\"column\" data-e-type=\"column\">\n\t\t\t<div class=\"elementor-widget-wrap elementor-element-populated\">\n\t\t\t\t\t\t<div class=\"elementor-element elementor-element-dc7c821 elementor-widget elementor-widget-image\" data-id=\"dc7c821\" data-element_type=\"widget\" data-e-type=\"widget\" data-widget_type=\"image.default\">\n\t\t\t\t<div class=\"elementor-widget-container\">\n\t\t\t\t\t\t\t\t\t\t\t\t\t\t\t<img decoding=\"async\" src=\"https:\/\/www.unavets.com\/tartanga\/wp-content\/uploads\/sites\/31\/elementor\/thumbs\/BSA-2-r68fg681mnu4mstfi926g498qy8s9k92ifvan0iaso.jpg\" title=\"BSA 2\" alt=\"BSA 2\" loading=\"lazy\" \/>\t\t\t\t\t\t\t\t\t\t\t\t\t\t\t<\/div>\n\t\t\t\t<\/div>\n\t\t\t\t\t<\/div>\n\t\t<\/div>\n\t\t\t\t\t<\/div>\n\t\t<\/section>\n\t\t\t\t<section class=\"elementor-section elementor-top-section elementor-element elementor-element-e492045 elementor-section-boxed elementor-section-height-default elementor-section-height-default\" data-id=\"e492045\" data-element_type=\"section\" data-e-type=\"section\">\n\t\t\t\t\t\t<div class=\"elementor-container elementor-column-gap-default\">\n\t\t\t\t\t<div class=\"elementor-column elementor-col-100 elementor-top-column elementor-element elementor-element-6f2f7b3\" data-id=\"6f2f7b3\" data-element_type=\"column\" data-e-type=\"column\">\n\t\t\t<div class=\"elementor-widget-wrap elementor-element-populated\">\n\t\t\t\t\t\t<div class=\"elementor-element elementor-element-a69ee85 elementor-widget elementor-widget-section_titleleft\" data-id=\"a69ee85\" data-element_type=\"widget\" data-e-type=\"widget\" data-widget_type=\"section_titleleft.default\">\n\t\t\t\t<div class=\"elementor-widget-container\">\n\t\t\t\t\t        <div class=\"ab_text-title fl-wrap\">\n            <span class=\"section-separator fl-sec-sep\"><\/span>        <\/div>\n        \t\t\t\t<\/div>\n\t\t\t\t<\/div>\n\t\t\t\t\t<\/div>\n\t\t<\/div>\n\t\t\t\t\t<\/div>\n\t\t<\/section>\n\t\t\t\t<section class=\"elementor-section elementor-top-section elementor-element elementor-element-1caa3b3 elementor-section-boxed elementor-section-height-default elementor-section-height-default\" data-id=\"1caa3b3\" data-element_type=\"section\" data-e-type=\"section\">\n\t\t\t\t\t\t<div class=\"elementor-container elementor-column-gap-default\">\n\t\t\t\t\t<div class=\"elementor-column elementor-col-50 elementor-top-column elementor-element elementor-element-93b1268\" data-id=\"93b1268\" data-element_type=\"column\" data-e-type=\"column\">\n\t\t\t<div class=\"elementor-widget-wrap elementor-element-populated\">\n\t\t\t\t\t\t<div class=\"elementor-element elementor-element-8c4d26b elementor-widget elementor-widget-image\" data-id=\"8c4d26b\" data-element_type=\"widget\" data-e-type=\"widget\" data-widget_type=\"image.default\">\n\t\t\t\t<div class=\"elementor-widget-container\">\n\t\t\t\t\t\t\t\t\t\t\t\t\t\t\t<img width=\"300\" height=\"123\" class=\"attachment-medium size-medium wp-image-22964 lazy\" alt=\"\" data-src=\"https:\/\/www.unavets.com\/tartanga\/wp-content\/uploads\/sites\/31\/2025\/05\/SIGLA-1-300x123.png\" data-lazy=\"https:\/\/www.unavets.com\/tartanga\/wp-content\/uploads\/sites\/31\/2025\/05\/SIGLA-1-300x123.png\" \/>\t\t\t\t\t\t\t\t\t\t\t\t\t\t\t<\/div>\n\t\t\t\t<\/div>\n\t\t\t\t\t<\/div>\n\t\t<\/div>\n\t\t\t\t<div class=\"elementor-column elementor-col-50 elementor-top-column elementor-element elementor-element-08b8459\" data-id=\"08b8459\" data-element_type=\"column\" data-e-type=\"column\">\n\t\t\t<div class=\"elementor-widget-wrap elementor-element-populated\">\n\t\t\t\t\t\t<div class=\"elementor-element elementor-element-e1b240e elementor-widget elementor-widget-text-editor\" data-id=\"e1b240e\" data-element_type=\"widget\" data-e-type=\"widget\" data-widget_type=\"text-editor.default\">\n\t\t\t\t<div class=\"elementor-widget-container\">\n\t\t\t\t\t\t\t\t\t<h3 style=\"line-height: 175%; text-align: left;\" align=\"center\">\u00bfEres una cl\u00ednica de Bilbao o alrededores?<\/h3><p style=\"line-height: 175%; text-align: left;\" align=\"center\">Queremos que sepas que puedes contar con nosotros como recurso de apoyo cuando lo necesites. Solicita informaci\u00f3n en cualquiera de nuestros centros.<\/p>\t\t\t\t\t\t\t\t<\/div>\n\t\t\t\t<\/div>\n\t\t\t\t\t<\/div>\n\t\t<\/div>\n\t\t\t\t\t<\/div>\n\t\t<\/section>\n\t\t\t\t<section class=\"elementor-section elementor-top-section elementor-element elementor-element-919f7ef elementor-section-boxed elementor-section-height-default elementor-section-height-default\" data-id=\"919f7ef\" data-element_type=\"section\" data-e-type=\"section\">\n\t\t\t\t\t\t<div class=\"elementor-container elementor-column-gap-default\">\n\t\t\t\t\t<div class=\"elementor-column elementor-col-50 elementor-top-column elementor-element elementor-element-19a60cc\" data-id=\"19a60cc\" data-element_type=\"column\" data-e-type=\"column\">\n\t\t\t<div class=\"elementor-widget-wrap elementor-element-populated\">\n\t\t\t\t\t\t<div class=\"elementor-element elementor-element-5e2387a elementor-align-center round-button elementor-widget elementor-widget-button\" data-id=\"5e2387a\" data-element_type=\"widget\" data-e-type=\"widget\" data-widget_type=\"button.default\">\n\t\t\t\t<div class=\"elementor-widget-container\">\n\t\t\t\t\t\t\t\t\t<div class=\"elementor-button-wrapper\">\n\t\t\t\t\t<a class=\"elementor-button elementor-button-link elementor-size-md\" href=\"tel:944170832\">\n\t\t\t\t\t\t<span class=\"elementor-button-content-wrapper\">\n\t\t\t\t\t\t<span class=\"elementor-button-icon\">\n\t\t\t\t<i aria-hidden=\"true\" class=\"far fa-calendar-alt\"><\/i>\t\t\t<\/span>\n\t\t\t\t\t\t\t\t\t<span class=\"elementor-button-text\">Hospital Veterinario Erandio<\/span>\n\t\t\t\t\t<\/span>\n\t\t\t\t\t<\/a>\n\t\t\t\t<\/div>\n\t\t\t\t\t\t\t\t<\/div>\n\t\t\t\t<\/div>\n\t\t\t\t\t<\/div>\n\t\t<\/div>\n\t\t\t\t<div class=\"elementor-column elementor-col-50 elementor-top-column elementor-element elementor-element-39f1aee\" data-id=\"39f1aee\" data-element_type=\"column\" data-e-type=\"column\">\n\t\t\t<div class=\"elementor-widget-wrap elementor-element-populated\">\n\t\t\t\t\t\t<div class=\"elementor-element elementor-element-0b5870f elementor-align-center round-button elementor-widget elementor-widget-button\" data-id=\"0b5870f\" data-element_type=\"widget\" data-e-type=\"widget\" data-widget_type=\"button.default\">\n\t\t\t\t<div class=\"elementor-widget-container\">\n\t\t\t\t\t\t\t\t\t<div class=\"elementor-button-wrapper\">\n\t\t\t\t\t<a class=\"elementor-button elementor-button-link elementor-size-md\" href=\"tel:944862608\">\n\t\t\t\t\t\t<span class=\"elementor-button-content-wrapper\">\n\t\t\t\t\t\t<span class=\"elementor-button-icon\">\n\t\t\t\t<i aria-hidden=\"true\" class=\"far fa-calendar-alt\"><\/i>\t\t\t<\/span>\n\t\t\t\t\t\t\t\t\t<span class=\"elementor-button-text\">Cl\u00ednica Veterinaria Tr\u00e1paga<\/span>\n\t\t\t\t\t<\/span>\n\t\t\t\t\t<\/a>\n\t\t\t\t<\/div>\n\t\t\t\t\t\t\t\t<\/div>\n\t\t\t\t<\/div>\n\t\t\t\t\t<\/div>\n\t\t<\/div>\n\t\t\t\t\t<\/div>\n\t\t<\/section>\n\t\t\t\t<section class=\"elementor-section elementor-top-section elementor-element elementor-element-971bedf elementor-section-boxed elementor-section-height-default elementor-section-height-default\" data-id=\"971bedf\" data-element_type=\"section\" data-e-type=\"section\">\n\t\t\t\t\t\t<div class=\"elementor-container elementor-column-gap-default\">\n\t\t\t\t\t<div class=\"elementor-column elementor-col-100 elementor-top-column elementor-element elementor-element-4a6ffd1\" data-id=\"4a6ffd1\" data-element_type=\"column\" data-e-type=\"column\">\n\t\t\t<div class=\"elementor-widget-wrap elementor-element-populated\">\n\t\t\t\t\t\t<div class=\"elementor-element elementor-element-aade08e elementor-widget elementor-widget-gallery\" data-id=\"aade08e\" data-element_type=\"widget\" data-e-type=\"widget\" data-settings=\"{&quot;columns&quot;:3,&quot;gap&quot;:{&quot;unit&quot;:&quot;px&quot;,&quot;size&quot;:13,&quot;sizes&quot;:[]},&quot;lazyload&quot;:&quot;yes&quot;,&quot;gallery_layout&quot;:&quot;grid&quot;,&quot;columns_tablet&quot;:2,&quot;columns_mobile&quot;:1,&quot;gap_tablet&quot;:{&quot;unit&quot;:&quot;px&quot;,&quot;size&quot;:10,&quot;sizes&quot;:[]},&quot;gap_mobile&quot;:{&quot;unit&quot;:&quot;px&quot;,&quot;size&quot;:10,&quot;sizes&quot;:[]},&quot;link_to&quot;:&quot;file&quot;,&quot;aspect_ratio&quot;:&quot;3:2&quot;,&quot;overlay_background&quot;:&quot;yes&quot;,&quot;content_hover_animation&quot;:&quot;fade-in&quot;}\" data-widget_type=\"gallery.default\">\n\t\t\t\t<div class=\"elementor-widget-container\">\n\t\t\t\t\t\t\t<div class=\"elementor-gallery__container\">\n\t\t\t\t\t\t\t<a class=\"e-gallery-item elementor-gallery-item elementor-animated-content\" href=\"https:\/\/www.unavets.com\/tartanga\/wp-content\/uploads\/sites\/31\/2025\/05\/BSA-4.jpg\" data-elementor-open-lightbox=\"yes\" data-elementor-lightbox-slideshow=\"aade08e\" data-elementor-lightbox-title=\"BSA 4\" data-e-action-hash=\"#elementor-action%3Aaction%3Dlightbox%26settings%3DeyJpZCI6MjI5OTYsInVybCI6Imh0dHBzOlwvXC93d3cudW5hdmV0cy5jb21cL3RhcnRhbmdhXC93cC1jb250ZW50XC91cGxvYWRzXC9zaXRlc1wvMzFcLzIwMjVcLzA1XC9CU0EtNC5qcGciLCJzbGlkZXNob3ciOiJhYWRlMDhlIn0%3D\">\n\t\t\t\t\t<div class=\"e-gallery-image elementor-gallery-item__image\" data-thumbnail=\"https:\/\/www.unavets.com\/tartanga\/wp-content\/uploads\/sites\/31\/2025\/05\/BSA-4-300x199.jpg\" data-width=\"300\" data-height=\"199\" aria-label=\"\" role=\"img\" ><\/div>\n\t\t\t\t\t\t\t\t\t\t\t<div class=\"elementor-gallery-item__overlay\"><\/div>\n\t\t\t\t\t\t\t\t\t\t\t\t\t\t<\/a>\n\t\t\t\t\t\t\t<a class=\"e-gallery-item elementor-gallery-item elementor-animated-content\" href=\"https:\/\/www.unavets.com\/tartanga\/wp-content\/uploads\/sites\/31\/2025\/05\/BSA-12.jpg\" data-elementor-open-lightbox=\"yes\" data-elementor-lightbox-slideshow=\"aade08e\" data-elementor-lightbox-title=\"BSA 12\" data-e-action-hash=\"#elementor-action%3Aaction%3Dlightbox%26settings%3DeyJpZCI6MjMwMTAsInVybCI6Imh0dHBzOlwvXC93d3cudW5hdmV0cy5jb21cL3RhcnRhbmdhXC93cC1jb250ZW50XC91cGxvYWRzXC9zaXRlc1wvMzFcLzIwMjVcLzA1XC9CU0EtMTIuanBnIiwic2xpZGVzaG93IjoiYWFkZTA4ZSJ9\">\n\t\t\t\t\t<div class=\"e-gallery-image elementor-gallery-item__image\" data-thumbnail=\"https:\/\/www.unavets.com\/tartanga\/wp-content\/uploads\/sites\/31\/2025\/05\/BSA-12-300x200.jpg\" data-width=\"300\" data-height=\"200\" aria-label=\"\" role=\"img\" ><\/div>\n\t\t\t\t\t\t\t\t\t\t\t<div class=\"elementor-gallery-item__overlay\"><\/div>\n\t\t\t\t\t\t\t\t\t\t\t\t\t\t<\/a>\n\t\t\t\t\t\t\t<a class=\"e-gallery-item elementor-gallery-item elementor-animated-content\" href=\"https:\/\/www.unavets.com\/tartanga\/wp-content\/uploads\/sites\/31\/2025\/05\/BSA-10.jpg\" data-elementor-open-lightbox=\"yes\" data-elementor-lightbox-slideshow=\"aade08e\" data-elementor-lightbox-title=\"BSA 10\" data-e-action-hash=\"#elementor-action%3Aaction%3Dlightbox%26settings%3DeyJpZCI6MjMwMDQsInVybCI6Imh0dHBzOlwvXC93d3cudW5hdmV0cy5jb21cL3RhcnRhbmdhXC93cC1jb250ZW50XC91cGxvYWRzXC9zaXRlc1wvMzFcLzIwMjVcLzA1XC9CU0EtMTAuanBnIiwic2xpZGVzaG93IjoiYWFkZTA4ZSJ9\">\n\t\t\t\t\t<div class=\"e-gallery-image elementor-gallery-item__image\" data-thumbnail=\"https:\/\/www.unavets.com\/tartanga\/wp-content\/uploads\/sites\/31\/2025\/05\/BSA-10-300x200.jpg\" data-width=\"300\" data-height=\"200\" aria-label=\"\" role=\"img\" ><\/div>\n\t\t\t\t\t\t\t\t\t\t\t<div class=\"elementor-gallery-item__overlay\"><\/div>\n\t\t\t\t\t\t\t\t\t\t\t\t\t\t<\/a>\n\t\t\t\t\t\t\t<a class=\"e-gallery-item elementor-gallery-item elementor-animated-content\" href=\"https:\/\/www.unavets.com\/tartanga\/wp-content\/uploads\/sites\/31\/2025\/05\/BSA6.jpg\" data-elementor-open-lightbox=\"yes\" data-elementor-lightbox-slideshow=\"aade08e\" data-elementor-lightbox-title=\"BSA6\" data-e-action-hash=\"#elementor-action%3Aaction%3Dlightbox%26settings%3DeyJpZCI6MjI5OTEsInVybCI6Imh0dHBzOlwvXC93d3cudW5hdmV0cy5jb21cL3RhcnRhbmdhXC93cC1jb250ZW50XC91cGxvYWRzXC9zaXRlc1wvMzFcLzIwMjVcLzA1XC9CU0E2LmpwZyIsInNsaWRlc2hvdyI6ImFhZGUwOGUifQ%3D%3D\">\n\t\t\t\t\t<div class=\"e-gallery-image elementor-gallery-item__image\" data-thumbnail=\"https:\/\/www.unavets.com\/tartanga\/wp-content\/uploads\/sites\/31\/2025\/05\/BSA6-300x199.jpg\" data-width=\"300\" data-height=\"199\" aria-label=\"\" role=\"img\" ><\/div>\n\t\t\t\t\t\t\t\t\t\t\t<div class=\"elementor-gallery-item__overlay\"><\/div>\n\t\t\t\t\t\t\t\t\t\t\t\t\t\t<\/a>\n\t\t\t\t\t\t\t<a class=\"e-gallery-item elementor-gallery-item elementor-animated-content\" href=\"https:\/\/www.unavets.com\/tartanga\/wp-content\/uploads\/sites\/31\/2025\/05\/BSA7.jpg\" data-elementor-open-lightbox=\"yes\" data-elementor-lightbox-slideshow=\"aade08e\" data-elementor-lightbox-title=\"BSA7\" data-e-action-hash=\"#elementor-action%3Aaction%3Dlightbox%26settings%3DeyJpZCI6MjI5ODksInVybCI6Imh0dHBzOlwvXC93d3cudW5hdmV0cy5jb21cL3RhcnRhbmdhXC93cC1jb250ZW50XC91cGxvYWRzXC9zaXRlc1wvMzFcLzIwMjVcLzA1XC9CU0E3LmpwZyIsInNsaWRlc2hvdyI6ImFhZGUwOGUifQ%3D%3D\">\n\t\t\t\t\t<div class=\"e-gallery-image elementor-gallery-item__image\" data-thumbnail=\"https:\/\/www.unavets.com\/tartanga\/wp-content\/uploads\/sites\/31\/2025\/05\/BSA7-300x200.jpg\" data-width=\"300\" data-height=\"200\" aria-label=\"\" role=\"img\" ><\/div>\n\t\t\t\t\t\t\t\t\t\t\t<div class=\"elementor-gallery-item__overlay\"><\/div>\n\t\t\t\t\t\t\t\t\t\t\t\t\t\t<\/a>\n\t\t\t\t\t\t\t<a class=\"e-gallery-item elementor-gallery-item elementor-animated-content\" href=\"https:\/\/www.unavets.com\/tartanga\/wp-content\/uploads\/sites\/31\/2025\/05\/BSA-3.jpg\" data-elementor-open-lightbox=\"yes\" data-elementor-lightbox-slideshow=\"aade08e\" data-elementor-lightbox-title=\"BSA 3\" data-e-action-hash=\"#elementor-action%3Aaction%3Dlightbox%26settings%3DeyJpZCI6MjI5OTgsInVybCI6Imh0dHBzOlwvXC93d3cudW5hdmV0cy5jb21cL3RhcnRhbmdhXC93cC1jb250ZW50XC91cGxvYWRzXC9zaXRlc1wvMzFcLzIwMjVcLzA1XC9CU0EtMy5qcGciLCJzbGlkZXNob3ciOiJhYWRlMDhlIn0%3D\">\n\t\t\t\t\t<div class=\"e-gallery-image elementor-gallery-item__image\" data-thumbnail=\"https:\/\/www.unavets.com\/tartanga\/wp-content\/uploads\/sites\/31\/2025\/05\/BSA-3-300x300.jpg\" data-width=\"300\" data-height=\"300\" aria-label=\"\" role=\"img\" ><\/div>\n\t\t\t\t\t\t\t\t\t\t\t<div class=\"elementor-gallery-item__overlay\"><\/div>\n\t\t\t\t\t\t\t\t\t\t\t\t\t\t<\/a>\n\t\t\t\t\t\t\t<a class=\"e-gallery-item elementor-gallery-item elementor-animated-content\" href=\"https:\/\/www.unavets.com\/tartanga\/wp-content\/uploads\/sites\/31\/2025\/05\/BSA-1.jpg\" data-elementor-open-lightbox=\"yes\" data-elementor-lightbox-slideshow=\"aade08e\" data-elementor-lightbox-title=\"BSA 1\" data-e-action-hash=\"#elementor-action%3Aaction%3Dlightbox%26settings%3DeyJpZCI6MjMwMDAsInVybCI6Imh0dHBzOlwvXC93d3cudW5hdmV0cy5jb21cL3RhcnRhbmdhXC93cC1jb250ZW50XC91cGxvYWRzXC9zaXRlc1wvMzFcLzIwMjVcLzA1XC9CU0EtMS5qcGciLCJzbGlkZXNob3ciOiJhYWRlMDhlIn0%3D\">\n\t\t\t\t\t<div class=\"e-gallery-image elementor-gallery-item__image\" data-thumbnail=\"https:\/\/www.unavets.com\/tartanga\/wp-content\/uploads\/sites\/31\/2025\/05\/BSA-1-300x200.jpg\" data-width=\"300\" data-height=\"200\" aria-label=\"\" role=\"img\" ><\/div>\n\t\t\t\t\t\t\t\t\t\t\t<div class=\"elementor-gallery-item__overlay\"><\/div>\n\t\t\t\t\t\t\t\t\t\t\t\t\t\t<\/a>\n\t\t\t\t\t\t\t<a class=\"e-gallery-item elementor-gallery-item elementor-animated-content\" href=\"https:\/\/www.unavets.com\/tartanga\/wp-content\/uploads\/sites\/31\/2025\/05\/BSA-13.jpg\" data-elementor-open-lightbox=\"yes\" data-elementor-lightbox-slideshow=\"aade08e\" data-elementor-lightbox-title=\"BSA 13\" data-e-action-hash=\"#elementor-action%3Aaction%3Dlightbox%26settings%3DeyJpZCI6MjMwMDgsInVybCI6Imh0dHBzOlwvXC93d3cudW5hdmV0cy5jb21cL3RhcnRhbmdhXC93cC1jb250ZW50XC91cGxvYWRzXC9zaXRlc1wvMzFcLzIwMjVcLzA1XC9CU0EtMTMuanBnIiwic2xpZGVzaG93IjoiYWFkZTA4ZSJ9\">\n\t\t\t\t\t<div class=\"e-gallery-image elementor-gallery-item__image\" data-thumbnail=\"https:\/\/www.unavets.com\/tartanga\/wp-content\/uploads\/sites\/31\/2025\/05\/BSA-13-300x199.jpg\" data-width=\"300\" data-height=\"199\" aria-label=\"\" role=\"img\" ><\/div>\n\t\t\t\t\t\t\t\t\t\t\t<div class=\"elementor-gallery-item__overlay\"><\/div>\n\t\t\t\t\t\t\t\t\t\t\t\t\t\t<\/a>\n\t\t\t\t\t\t\t<a class=\"e-gallery-item elementor-gallery-item elementor-animated-content\" href=\"https:\/\/www.unavets.com\/tartanga\/wp-content\/uploads\/sites\/31\/2025\/05\/BSA-9.jpg\" data-elementor-open-lightbox=\"yes\" data-elementor-lightbox-slideshow=\"aade08e\" data-elementor-lightbox-title=\"BSA 9\" data-e-action-hash=\"#elementor-action%3Aaction%3Dlightbox%26settings%3DeyJpZCI6MjMwMDYsInVybCI6Imh0dHBzOlwvXC93d3cudW5hdmV0cy5jb21cL3RhcnRhbmdhXC93cC1jb250ZW50XC91cGxvYWRzXC9zaXRlc1wvMzFcLzIwMjVcLzA1XC9CU0EtOS5qcGciLCJzbGlkZXNob3ciOiJhYWRlMDhlIn0%3D\">\n\t\t\t\t\t<div class=\"e-gallery-image elementor-gallery-item__image\" data-thumbnail=\"https:\/\/www.unavets.com\/tartanga\/wp-content\/uploads\/sites\/31\/2025\/05\/BSA-9-300x191.jpg\" data-width=\"300\" data-height=\"191\" aria-label=\"\" role=\"img\" ><\/div>\n\t\t\t\t\t\t\t\t\t\t\t<div class=\"elementor-gallery-item__overlay\"><\/div>\n\t\t\t\t\t\t\t\t\t\t\t\t\t\t<\/a>\n\t\t\t\t\t<\/div>\n\t\t\t\t\t<\/div>\n\t\t\t\t<\/div>\n\t\t\t\t\t<\/div>\n\t\t<\/div>\n\t\t\t\t\t<\/div>\n\t\t<\/section>\n\t\t\t\t<\/div>\n\t\t","protected":false},"excerpt":{"rendered":"<p>En nuestros centros Tartanga UNAVETS, nos enorgullece ser colaboradores del Banco de Sangre Animal (BSA). Esta relaci\u00f3n nos permite contribuir activamente a la atenci\u00f3n veterinaria de urgencias y cuidados cr\u00edticos en nuestra comunidad. \u00bfQu\u00e9 significa esto? Ser un centro colaborador nos aporta varios beneficios clave: Uso de componentes sangu\u00edneos para nuestros propios pacientes: Tenemos acceso &hellip; <\/p>\n","protected":false},"author":60,"featured_media":0,"parent":0,"menu_order":0,"comment_status":"closed","ping_status":"closed","template":"page-fullwidth.php","meta":{"_acf_changed":false,"content-type":"","footnotes":""},"class_list":["post-22936","page","type-page","status-publish","hentry"],"acf":[],"_links":{"self":[{"href":"https:\/\/www.unavets.com\/tartanga\/es\/wp-json\/wp\/v2\/pages\/22936","targetHints":{"allow":["GET"]}}],"collection":[{"href":"https:\/\/www.unavets.com\/tartanga\/es\/wp-json\/wp\/v2\/pages"}],"about":[{"href":"https:\/\/www.unavets.com\/tartanga\/es\/wp-json\/wp\/v2\/types\/page"}],"author":[{"embeddable":true,"href":"https:\/\/www.unavets.com\/tartanga\/es\/wp-json\/wp\/v2\/users\/60"}],"replies":[{"embeddable":true,"href":"https:\/\/www.unavets.com\/tartanga\/es\/wp-json\/wp\/v2\/comments?post=22936"}],"version-history":[{"count":38,"href":"https:\/\/www.unavets.com\/tartanga\/es\/wp-json\/wp\/v2\/pages\/22936\/revisions"}],"predecessor-version":[{"id":23018,"href":"https:\/\/www.unavets.com\/tartanga\/es\/wp-json\/wp\/v2\/pages\/22936\/revisions\/23018"}],"wp:attachment":[{"href":"https:\/\/www.unavets.com\/tartanga\/es\/wp-json\/wp\/v2\/media?parent=22936"}],"curies":[{"name":"wp","href":"https:\/\/api.w.org\/{rel}","templated":true}]}}