{"id":18617,"date":"2022-04-20T09:43:11","date_gmt":"2022-04-20T09:43:11","guid":{"rendered":"https:\/\/www.unavets.com\/tartanga\/?page_id=18617"},"modified":"2025-05-22T13:56:17","modified_gmt":"2025-05-22T13:56:17","slug":"hospital-veterinario-tartanga-erandio","status":"publish","type":"page","link":"https:\/\/www.unavets.com\/tartanga\/es\/hospital-veterinario-tartanga-erandio\/","title":{"rendered":"Hospital Veterinario Tartanga UNAVETS Erandio"},"content":{"rendered":"\t\t<div data-elementor-type=\"wp-page\" data-elementor-id=\"18617\" class=\"elementor elementor-18617\" data-elementor-post-type=\"page\">\n\t\t\t\t\t\t<section class=\"elementor-section elementor-top-section elementor-element elementor-element-54cf215 pad-top-0 elementor-section-boxed elementor-section-height-default elementor-section-height-default\" data-id=\"54cf215\" data-element_type=\"section\" data-e-type=\"section\" id=\"main-sec\" data-settings=\"{&quot;background_background&quot;:&quot;classic&quot;}\">\n\t\t\t\t\t\t<div class=\"elementor-container elementor-column-gap-wide\">\n\t\t\t\t\t<div class=\"elementor-column elementor-col-100 elementor-top-column elementor-element elementor-element-d926441\" data-id=\"d926441\" data-element_type=\"column\" data-e-type=\"column\">\n\t\t\t<div class=\"elementor-widget-wrap elementor-element-populated\">\n\t\t\t\t\t\t<div class=\"elementor-element elementor-element-ac5c964 elementor-widget elementor-widget-text-editor\" data-id=\"ac5c964\" data-element_type=\"widget\" data-e-type=\"widget\" data-widget_type=\"text-editor.default\">\n\t\t\t\t<div class=\"elementor-widget-container\">\n\t\t\t\t\t\t\t\t\t<p>Desde 2015, en el Hospital Veterinario Tartanga UNAVETS Erandio, contamos con la tecnolog\u00eda m\u00e1s avanzada para garantizar el tratamiento m\u00e1s adecuado para tu mascota. Nuestro centro se destaca en el sector por contar con profesionales altamente capacitados y comprometidos, que trabajan con seriedad, responsabilidad y eficiencia en la prestaci\u00f3n de nuestros servicios veterinarios.<\/p>\t\t\t\t\t\t\t\t<\/div>\n\t\t\t\t<\/div>\n\t\t\t\t<section class=\"elementor-section elementor-inner-section elementor-element elementor-element-98275a1 elementor-section-boxed elementor-section-height-default elementor-section-height-default\" data-id=\"98275a1\" data-element_type=\"section\" data-e-type=\"section\">\n\t\t\t\t\t\t<div class=\"elementor-container elementor-column-gap-default\">\n\t\t\t\t\t<div class=\"elementor-column elementor-col-50 elementor-inner-column elementor-element elementor-element-07b222c\" data-id=\"07b222c\" data-element_type=\"column\" data-e-type=\"column\">\n\t\t\t<div class=\"elementor-widget-wrap elementor-element-populated\">\n\t\t\t\t\t\t<div class=\"elementor-element elementor-element-44b52f4 elementor-widget elementor-widget-image\" data-id=\"44b52f4\" data-element_type=\"widget\" data-e-type=\"widget\" data-widget_type=\"image.default\">\n\t\t\t\t<div class=\"elementor-widget-container\">\n\t\t\t\t\t\t\t\t\t\t\t\t\t\t\t<img fetchpriority=\"high\" width=\"724\" height=\"483\" class=\"attachment-large size-large wp-image-20428 lazy\" alt=\"\" data-src=\"https:\/\/www.unavets.com\/tartanga\/wp-content\/uploads\/sites\/31\/2023\/06\/ERANDIO-2.jpg\" data-lazy=\"https:\/\/www.unavets.com\/tartanga\/wp-content\/uploads\/sites\/31\/2023\/06\/ERANDIO-2.jpg\" \/>\t\t\t\t\t\t\t\t\t\t\t\t\t\t\t<\/div>\n\t\t\t\t<\/div>\n\t\t\t\t\t<\/div>\n\t\t<\/div>\n\t\t\t\t<div class=\"elementor-column elementor-col-50 elementor-inner-column elementor-element elementor-element-e32254f\" data-id=\"e32254f\" data-element_type=\"column\" data-e-type=\"column\">\n\t\t\t<div class=\"elementor-widget-wrap elementor-element-populated\">\n\t\t\t\t\t\t<div class=\"elementor-element elementor-element-6494dd8 elementor-widget elementor-widget-text-editor\" data-id=\"6494dd8\" data-element_type=\"widget\" data-e-type=\"widget\" data-widget_type=\"text-editor.default\">\n\t\t\t\t<div class=\"elementor-widget-container\">\n\t\t\t\t\t\t\t\t\t<p>El <strong>hospital 24 horas<\/strong> est\u00e1 totalmente equipado y cuenta adem\u00e1s con \u00e1reas de hospitalizaci\u00f3n independientes para gatos y perros e infecciosos, un servicio de TAC y un<strong><a href=\"https:\/\/www.unavets.com\/tartanga\/es\/servicios\/fisiomasvet-rehabilitacion-veterinaria\/\"> servicio de rehabilitaci\u00f3n y fisioterapia<\/a>,<\/strong> entre otros.<\/p><p>En el Hospital Veterinario Tartanga Erandio nos especializamos en una amplia gama de servicios, que incluyen:\u00a0<\/p><ul><li>An\u00e1lisis Cl\u00ednicos<\/li><li>Cirug\u00eda<\/li><li>Diagn\u00f3sticos por imagen<\/li><li>Oncolog\u00eda<\/li><li>Traumatolog\u00eda<\/li><li>Medicina Interna y Medicina Felina<\/li><li>Rehabilitaci\u00f3n<\/li><\/ul><p>Estamos disponibles presencialmente 24 horas los 365 d\u00edas del a\u00f1o para urgencias veterinarias.<\/p><p><u><b>+34 630 030 830 (Tel\u00e9fono 24h Urgencias)\u00a0<\/b><\/u><\/p>\t\t\t\t\t\t\t\t<\/div>\n\t\t\t\t<\/div>\n\t\t\t\t\t<\/div>\n\t\t<\/div>\n\t\t\t\t\t<\/div>\n\t\t<\/section>\n\t\t\t\t<section class=\"elementor-section elementor-inner-section elementor-element elementor-element-cbd28ac elementor-section-boxed elementor-section-height-default elementor-section-height-default\" data-id=\"cbd28ac\" data-element_type=\"section\" data-e-type=\"section\">\n\t\t\t\t\t\t<div class=\"elementor-container elementor-column-gap-default\">\n\t\t\t\t\t<div class=\"elementor-column elementor-col-50 elementor-inner-column elementor-element elementor-element-e54cc90\" data-id=\"e54cc90\" data-element_type=\"column\" data-e-type=\"column\">\n\t\t\t<div class=\"elementor-widget-wrap elementor-element-populated\">\n\t\t\t\t\t\t<div class=\"elementor-element elementor-element-5db3b67 elementor-align-center elementor-widget elementor-widget-button\" data-id=\"5db3b67\" data-element_type=\"widget\" data-e-type=\"widget\" data-widget_type=\"button.default\">\n\t\t\t\t<div class=\"elementor-widget-container\">\n\t\t\t\t\t\t\t\t\t<div class=\"elementor-button-wrapper\">\n\t\t\t\t\t<a class=\"elementor-button elementor-button-link elementor-size-sm\" href=\"https:\/\/www.unavets.com\/tartanga\/es\/especialidades\/\">\n\t\t\t\t\t\t<span class=\"elementor-button-content-wrapper\">\n\t\t\t\t\t\t\t\t\t<span class=\"elementor-button-text\">Especialidades<\/span>\n\t\t\t\t\t<\/span>\n\t\t\t\t\t<\/a>\n\t\t\t\t<\/div>\n\t\t\t\t\t\t\t\t<\/div>\n\t\t\t\t<\/div>\n\t\t\t\t\t<\/div>\n\t\t<\/div>\n\t\t\t\t<div class=\"elementor-column elementor-col-50 elementor-inner-column elementor-element elementor-element-dc3e6b5\" data-id=\"dc3e6b5\" data-element_type=\"column\" data-e-type=\"column\">\n\t\t\t<div class=\"elementor-widget-wrap elementor-element-populated\">\n\t\t\t\t\t\t<div class=\"elementor-element elementor-element-ebe1efe elementor-align-center elementor-widget elementor-widget-button\" data-id=\"ebe1efe\" data-element_type=\"widget\" data-e-type=\"widget\" data-widget_type=\"button.default\">\n\t\t\t\t<div class=\"elementor-widget-container\">\n\t\t\t\t\t\t\t\t\t<div class=\"elementor-button-wrapper\">\n\t\t\t\t\t<a class=\"elementor-button elementor-button-link elementor-size-sm\" href=\"https:\/\/www.unavets.com\/tartanga\/es\/servicios\/\">\n\t\t\t\t\t\t<span class=\"elementor-button-content-wrapper\">\n\t\t\t\t\t\t\t\t\t<span class=\"elementor-button-text\">Servicios<\/span>\n\t\t\t\t\t<\/span>\n\t\t\t\t\t<\/a>\n\t\t\t\t<\/div>\n\t\t\t\t\t\t\t\t<\/div>\n\t\t\t\t<\/div>\n\t\t\t\t\t<\/div>\n\t\t<\/div>\n\t\t\t\t\t<\/div>\n\t\t<\/section>\n\t\t\t\t\t<\/div>\n\t\t<\/div>\n\t\t\t\t\t<\/div>\n\t\t<\/section>\n\t\t\t\t<section class=\"elementor-section elementor-top-section elementor-element elementor-element-c64bf4c elementor-section-boxed elementor-section-height-default elementor-section-height-default\" data-id=\"c64bf4c\" data-element_type=\"section\" data-e-type=\"section\">\n\t\t\t\t\t\t<div class=\"elementor-container elementor-column-gap-default\">\n\t\t\t\t\t<div class=\"elementor-column elementor-col-100 elementor-top-column elementor-element elementor-element-46ea748\" data-id=\"46ea748\" data-element_type=\"column\" data-e-type=\"column\">\n\t\t\t<div class=\"elementor-widget-wrap elementor-element-populated\">\n\t\t\t\t\t\t<div class=\"elementor-element elementor-element-ad3e405 elementor-widget elementor-widget-gallery\" data-id=\"ad3e405\" data-element_type=\"widget\" data-e-type=\"widget\" data-settings=\"{&quot;columns&quot;:&quot;3&quot;,&quot;aspect_ratio&quot;:&quot;1:1&quot;,&quot;lazyload&quot;:&quot;yes&quot;,&quot;gallery_layout&quot;:&quot;grid&quot;,&quot;columns_tablet&quot;:2,&quot;columns_mobile&quot;:1,&quot;gap&quot;:{&quot;unit&quot;:&quot;px&quot;,&quot;size&quot;:10,&quot;sizes&quot;:[]},&quot;gap_tablet&quot;:{&quot;unit&quot;:&quot;px&quot;,&quot;size&quot;:10,&quot;sizes&quot;:[]},&quot;gap_mobile&quot;:{&quot;unit&quot;:&quot;px&quot;,&quot;size&quot;:10,&quot;sizes&quot;:[]},&quot;link_to&quot;:&quot;file&quot;,&quot;overlay_background&quot;:&quot;yes&quot;,&quot;content_hover_animation&quot;:&quot;fade-in&quot;}\" data-widget_type=\"gallery.default\">\n\t\t\t\t<div class=\"elementor-widget-container\">\n\t\t\t\t\t\t\t<div class=\"elementor-gallery__container\">\n\t\t\t\t\t\t\t<a class=\"e-gallery-item elementor-gallery-item elementor-animated-content\" href=\"https:\/\/www.unavets.com\/tartanga\/wp-content\/uploads\/sites\/31\/2023\/06\/ERANDIO-4-1-1.jpg\" data-elementor-open-lightbox=\"yes\" data-elementor-lightbox-slideshow=\"ad3e405\" data-elementor-lightbox-title=\"ERANDIO-4-1.jpg\" data-e-action-hash=\"#elementor-action%3Aaction%3Dlightbox%26settings%3DeyJpZCI6MjE0NjksInVybCI6Imh0dHBzOlwvXC93d3cudW5hdmV0cy5jb21cL3RhcnRhbmdhXC93cC1jb250ZW50XC91cGxvYWRzXC9zaXRlc1wvMzFcLzIwMjNcLzA2XC9FUkFORElPLTQtMS0xLmpwZyIsInNsaWRlc2hvdyI6ImFkM2U0MDUifQ%3D%3D\">\n\t\t\t\t\t<div class=\"e-gallery-image elementor-gallery-item__image\" data-thumbnail=\"https:\/\/www.unavets.com\/tartanga\/wp-content\/uploads\/sites\/31\/2023\/06\/ERANDIO-4-1-1.jpg\" data-width=\"724\" data-height=\"483\" aria-label=\"\" role=\"img\" ><\/div>\n\t\t\t\t\t\t\t\t\t\t\t<div class=\"elementor-gallery-item__overlay\"><\/div>\n\t\t\t\t\t\t\t\t\t\t\t\t\t\t<\/a>\n\t\t\t\t\t\t\t<a class=\"e-gallery-item elementor-gallery-item elementor-animated-content\" href=\"https:\/\/www.unavets.com\/tartanga\/wp-content\/uploads\/sites\/31\/2024\/06\/C756FF7F-B389-47B3-B305-A20079F589A6.jpeg\" data-elementor-open-lightbox=\"yes\" data-elementor-lightbox-slideshow=\"ad3e405\" data-elementor-lightbox-title=\"C756FF7F-B389-47B3-B305-A20079F589A6\" data-e-action-hash=\"#elementor-action%3Aaction%3Dlightbox%26settings%3DeyJpZCI6MjI0NDAsInVybCI6Imh0dHBzOlwvXC93d3cudW5hdmV0cy5jb21cL3RhcnRhbmdhXC93cC1jb250ZW50XC91cGxvYWRzXC9zaXRlc1wvMzFcLzIwMjRcLzA2XC9DNzU2RkY3Ri1CMzg5LTQ3QjMtQjMwNS1BMjAwNzlGNTg5QTYuanBlZyIsInNsaWRlc2hvdyI6ImFkM2U0MDUifQ%3D%3D\">\n\t\t\t\t\t<div class=\"e-gallery-image elementor-gallery-item__image\" data-thumbnail=\"https:\/\/www.unavets.com\/tartanga\/wp-content\/uploads\/sites\/31\/2024\/06\/C756FF7F-B389-47B3-B305-A20079F589A6-1024x683.jpeg\" data-width=\"724\" data-height=\"483\" aria-label=\"\" role=\"img\" ><\/div>\n\t\t\t\t\t\t\t\t\t\t\t<div class=\"elementor-gallery-item__overlay\"><\/div>\n\t\t\t\t\t\t\t\t\t\t\t\t\t\t<\/a>\n\t\t\t\t\t\t\t<a class=\"e-gallery-item elementor-gallery-item elementor-animated-content\" href=\"https:\/\/www.unavets.com\/tartanga\/wp-content\/uploads\/sites\/31\/2023\/07\/veterinarios-unavets-tartanga-bilbao.jpg\" data-elementor-open-lightbox=\"yes\" data-elementor-lightbox-slideshow=\"ad3e405\" data-elementor-lightbox-title=\"veterinarios-unavets-tartanga-bilbao.jpg\" data-e-action-hash=\"#elementor-action%3Aaction%3Dlightbox%26settings%3DeyJpZCI6MjE2MjUsInVybCI6Imh0dHBzOlwvXC93d3cudW5hdmV0cy5jb21cL3RhcnRhbmdhXC93cC1jb250ZW50XC91cGxvYWRzXC9zaXRlc1wvMzFcLzIwMjNcLzA3XC92ZXRlcmluYXJpb3MtdW5hdmV0cy10YXJ0YW5nYS1iaWxiYW8uanBnIiwic2xpZGVzaG93IjoiYWQzZTQwNSJ9\">\n\t\t\t\t\t<div class=\"e-gallery-image elementor-gallery-item__image\" data-thumbnail=\"https:\/\/www.unavets.com\/tartanga\/wp-content\/uploads\/sites\/31\/2023\/07\/veterinarios-unavets-tartanga-bilbao.jpg\" data-width=\"724\" data-height=\"483\" aria-label=\"\" role=\"img\" ><\/div>\n\t\t\t\t\t\t\t\t\t\t\t<div class=\"elementor-gallery-item__overlay\"><\/div>\n\t\t\t\t\t\t\t\t\t\t\t\t\t\t<\/a>\n\t\t\t\t\t\t\t<a class=\"e-gallery-item elementor-gallery-item elementor-animated-content\" href=\"https:\/\/www.unavets.com\/tartanga\/wp-content\/uploads\/sites\/31\/2025\/05\/65DDE659-1325-4400-8EAB-11555296ECDD.jpeg\" data-elementor-open-lightbox=\"yes\" data-elementor-lightbox-slideshow=\"ad3e405\" data-elementor-lightbox-title=\"65DDE659-1325-4400-8EAB-11555296ECDD\" data-e-action-hash=\"#elementor-action%3Aaction%3Dlightbox%26settings%3DeyJpZCI6MjI4MzAsInVybCI6Imh0dHBzOlwvXC93d3cudW5hdmV0cy5jb21cL3RhcnRhbmdhXC93cC1jb250ZW50XC91cGxvYWRzXC9zaXRlc1wvMzFcLzIwMjVcLzA1XC82NURERTY1OS0xMzI1LTQ0MDAtOEVBQi0xMTU1NTI5NkVDREQuanBlZyIsInNsaWRlc2hvdyI6ImFkM2U0MDUifQ%3D%3D\">\n\t\t\t\t\t<div class=\"e-gallery-image elementor-gallery-item__image\" data-thumbnail=\"https:\/\/www.unavets.com\/tartanga\/wp-content\/uploads\/sites\/31\/2025\/05\/65DDE659-1325-4400-8EAB-11555296ECDD-1024x683.jpeg\" data-width=\"724\" data-height=\"483\" aria-label=\"\" role=\"img\" ><\/div>\n\t\t\t\t\t\t\t\t\t\t\t<div class=\"elementor-gallery-item__overlay\"><\/div>\n\t\t\t\t\t\t\t\t\t\t\t\t\t\t<\/a>\n\t\t\t\t\t\t\t<a class=\"e-gallery-item elementor-gallery-item elementor-animated-content\" href=\"https:\/\/www.unavets.com\/tartanga\/wp-content\/uploads\/sites\/31\/2024\/06\/6E4A2F50-EC9B-4A1F-A67A-5B9637FB2FA0-2.jpeg\" data-elementor-open-lightbox=\"yes\" data-elementor-lightbox-slideshow=\"ad3e405\" data-elementor-lightbox-title=\"6E4A2F50-EC9B-4A1F-A67A-5B9637FB2FA0\" data-e-action-hash=\"#elementor-action%3Aaction%3Dlightbox%26settings%3DeyJpZCI6MjI0NjAsInVybCI6Imh0dHBzOlwvXC93d3cudW5hdmV0cy5jb21cL3RhcnRhbmdhXC93cC1jb250ZW50XC91cGxvYWRzXC9zaXRlc1wvMzFcLzIwMjRcLzA2XC82RTRBMkY1MC1FQzlCLTRBMUYtQTY3QS01Qjk2MzdGQjJGQTAtMi5qcGVnIiwic2xpZGVzaG93IjoiYWQzZTQwNSJ9\">\n\t\t\t\t\t<div class=\"e-gallery-image elementor-gallery-item__image\" data-thumbnail=\"https:\/\/www.unavets.com\/tartanga\/wp-content\/uploads\/sites\/31\/2024\/06\/6E4A2F50-EC9B-4A1F-A67A-5B9637FB2FA0-2-1024x683.jpeg\" data-width=\"724\" data-height=\"483\" aria-label=\"\" role=\"img\" ><\/div>\n\t\t\t\t\t\t\t\t\t\t\t<div class=\"elementor-gallery-item__overlay\"><\/div>\n\t\t\t\t\t\t\t\t\t\t\t\t\t\t<\/a>\n\t\t\t\t\t\t\t<a class=\"e-gallery-item elementor-gallery-item elementor-animated-content\" href=\"https:\/\/www.unavets.com\/tartanga\/wp-content\/uploads\/sites\/31\/2024\/06\/Imagen-de-WhatsApp-2024-06-25-a-las-16.18.45_6541337b-e1719387941559.jpg\" data-elementor-open-lightbox=\"yes\" data-elementor-lightbox-slideshow=\"ad3e405\" data-elementor-lightbox-title=\"Imagen de WhatsApp 2024-06-25 a las 16.18.45_6541337b\" data-e-action-hash=\"#elementor-action%3Aaction%3Dlightbox%26settings%3DeyJpZCI6MjI0NzcsInVybCI6Imh0dHBzOlwvXC93d3cudW5hdmV0cy5jb21cL3RhcnRhbmdhXC93cC1jb250ZW50XC91cGxvYWRzXC9zaXRlc1wvMzFcLzIwMjRcLzA2XC9JbWFnZW4tZGUtV2hhdHNBcHAtMjAyNC0wNi0yNS1hLWxhcy0xNi4xOC40NV82NTQxMzM3Yi1lMTcxOTM4Nzk0MTU1OS5qcGciLCJzbGlkZXNob3ciOiJhZDNlNDA1In0%3D\">\n\t\t\t\t\t<div class=\"e-gallery-image elementor-gallery-item__image\" data-thumbnail=\"https:\/\/www.unavets.com\/tartanga\/wp-content\/uploads\/sites\/31\/2024\/06\/Imagen-de-WhatsApp-2024-06-25-a-las-16.18.45_6541337b-e1719387941559-960x1024.jpg\" data-width=\"724\" data-height=\"772\" aria-label=\"\" role=\"img\" ><\/div>\n\t\t\t\t\t\t\t\t\t\t\t<div class=\"elementor-gallery-item__overlay\"><\/div>\n\t\t\t\t\t\t\t\t\t\t\t\t\t\t<\/a>\n\t\t\t\t\t<\/div>\n\t\t\t\t\t<\/div>\n\t\t\t\t<\/div>\n\t\t\t\t\t<\/div>\n\t\t<\/div>\n\t\t\t\t\t<\/div>\n\t\t<\/section>\n\t\t\t\t<\/div>\n\t\t","protected":false},"excerpt":{"rendered":"<p>Desde 2015, en el Hospital Veterinario Tartanga UNAVETS Erandio, contamos con la tecnolog\u00eda m\u00e1s avanzada para garantizar el tratamiento m\u00e1s adecuado para tu mascota. Nuestro centro se destaca en el sector por contar con profesionales altamente capacitados y comprometidos, que trabajan con seriedad, responsabilidad y eficiencia en la prestaci\u00f3n de nuestros servicios veterinarios. El hospital &hellip; <\/p>\n","protected":false},"author":8,"featured_media":0,"parent":0,"menu_order":0,"comment_status":"closed","ping_status":"closed","template":"page-fullwidth.php","meta":{"_acf_changed":false,"content-type":"","footnotes":""},"class_list":["post-18617","page","type-page","status-publish","hentry"],"acf":[],"_links":{"self":[{"href":"https:\/\/www.unavets.com\/tartanga\/es\/wp-json\/wp\/v2\/pages\/18617","targetHints":{"allow":["GET"]}}],"collection":[{"href":"https:\/\/www.unavets.com\/tartanga\/es\/wp-json\/wp\/v2\/pages"}],"about":[{"href":"https:\/\/www.unavets.com\/tartanga\/es\/wp-json\/wp\/v2\/types\/page"}],"author":[{"embeddable":true,"href":"https:\/\/www.unavets.com\/tartanga\/es\/wp-json\/wp\/v2\/users\/8"}],"replies":[{"embeddable":true,"href":"https:\/\/www.unavets.com\/tartanga\/es\/wp-json\/wp\/v2\/comments?post=18617"}],"version-history":[{"count":33,"href":"https:\/\/www.unavets.com\/tartanga\/es\/wp-json\/wp\/v2\/pages\/18617\/revisions"}],"predecessor-version":[{"id":22840,"href":"https:\/\/www.unavets.com\/tartanga\/es\/wp-json\/wp\/v2\/pages\/18617\/revisions\/22840"}],"wp:attachment":[{"href":"https:\/\/www.unavets.com\/tartanga\/es\/wp-json\/wp\/v2\/media?parent=18617"}],"curies":[{"name":"wp","href":"https:\/\/api.w.org\/{rel}","templated":true}]}}