{"id":12997,"date":"2021-01-04T08:19:34","date_gmt":"2021-01-04T08:19:34","guid":{"rendered":"http:\/\/www.unavets.com\/tartanga\/?page_id=12997"},"modified":"2025-11-13T12:49:36","modified_gmt":"2025-11-13T12:49:36","slug":"quienes-somos","status":"publish","type":"page","link":"https:\/\/www.unavets.com\/tartanga\/es\/quienes-somos\/","title":{"rendered":"Qui\u00e9nes Somos"},"content":{"rendered":"\t\t<div data-elementor-type=\"wp-page\" data-elementor-id=\"12997\" class=\"elementor elementor-12997 elementor-268\" data-elementor-post-type=\"page\">\n\t\t\t\t\t\t<section class=\"elementor-section elementor-top-section elementor-element elementor-element-54cf215 pad-top-0 elementor-section-boxed elementor-section-height-default elementor-section-height-default\" data-id=\"54cf215\" data-element_type=\"section\" data-e-type=\"section\" id=\"main-sec\" data-settings=\"{&quot;background_background&quot;:&quot;classic&quot;}\">\n\t\t\t\t\t\t<div class=\"elementor-container elementor-column-gap-default\">\n\t\t\t\t\t<div class=\"elementor-column elementor-col-100 elementor-top-column elementor-element elementor-element-d926441\" data-id=\"d926441\" data-element_type=\"column\" data-e-type=\"column\">\n\t\t\t<div class=\"elementor-widget-wrap elementor-element-populated\">\n\t\t\t\t\t\t<section class=\"elementor-section elementor-inner-section elementor-element elementor-element-35814f4 elementor-section-full_width elementor-section-height-default elementor-section-height-default\" data-id=\"35814f4\" data-element_type=\"section\" data-e-type=\"section\">\n\t\t\t\t\t\t<div class=\"elementor-container elementor-column-gap-wide\">\n\t\t\t\t\t<div class=\"elementor-column elementor-col-50 elementor-inner-column elementor-element elementor-element-7fa3f34\" data-id=\"7fa3f34\" data-element_type=\"column\" data-e-type=\"column\">\n\t\t\t<div class=\"elementor-widget-wrap elementor-element-populated\">\n\t\t\t\t\t\t<div class=\"elementor-element elementor-element-9e79898 elementor-widget elementor-widget-image\" data-id=\"9e79898\" data-element_type=\"widget\" data-e-type=\"widget\" data-widget_type=\"image.default\">\n\t\t\t\t<div class=\"elementor-widget-container\">\n\t\t\t\t\t\t\t\t\t\t\t\t\t\t\t<img fetchpriority=\"high\" width=\"600\" height=\"839\" class=\"attachment-2048x2048 size-2048x2048 wp-image-20345 lazy\" alt=\"\" data-src=\"https:\/\/www.unavets.com\/tartanga\/wp-content\/uploads\/sites\/31\/2023\/06\/quienes-somos-tartanga--e1687169581746.png\" data-lazy=\"https:\/\/www.unavets.com\/tartanga\/wp-content\/uploads\/sites\/31\/2023\/06\/quienes-somos-tartanga--e1687169581746.png\" \/>\t\t\t\t\t\t\t\t\t\t\t\t\t\t\t<\/div>\n\t\t\t\t<\/div>\n\t\t\t\t\t<\/div>\n\t\t<\/div>\n\t\t\t\t<div class=\"elementor-column elementor-col-50 elementor-inner-column elementor-element elementor-element-202374d\" data-id=\"202374d\" data-element_type=\"column\" data-e-type=\"column\">\n\t\t\t<div class=\"elementor-widget-wrap elementor-element-populated\">\n\t\t\t\t\t\t<div class=\"elementor-element elementor-element-9725bcd elementor-widget elementor-widget-section_titleleft\" data-id=\"9725bcd\" data-element_type=\"widget\" data-e-type=\"widget\" data-widget_type=\"section_titleleft.default\">\n\t\t\t\t<div class=\"elementor-widget-container\">\n\t\t\t\t\t        <div class=\"ab_text-title fl-wrap\">\n            <h3>Centros Veterinarios ubicados en Vizcaya<\/h3>Nuestras cl\u00ednicas veterinarias est\u00e1n especializadas en el tratamiento y cuidado de todo tipo de mascotas, donde nos preocupamos por su salud y bienestar. <span class=\"section-separator fl-sec-sep\"><\/span>        <\/div>\n        \t\t\t\t<\/div>\n\t\t\t\t<\/div>\n\t\t\t\t<div class=\"elementor-element elementor-element-3b393ce about-wrap elementor-widget elementor-widget-text-editor\" data-id=\"3b393ce\" data-element_type=\"widget\" data-e-type=\"widget\" data-widget_type=\"text-editor.default\">\n\t\t\t\t<div class=\"elementor-widget-container\">\n\t\t\t\t\t\t\t\t\t<p>El <b>Hospital Veterinario Tartanga en Erandio, junto con las cl\u00ednicas veterinarias en Trapagaran y Algorta ubicadas a tan solo 20 km de Bilbao, conforman un completo y confiable grupo de centros veterinarios Tartanga UNAVETS en la regi\u00f3n<\/b>. Estos establecimientos ofrecen una amplia gama de servicios veterinarios de alta calidad para cuidar de la salud y el bienestar de las mascotas.<\/p><p>Con un equipo de veterinarios expertos y dedicados, as\u00ed como instalaciones y equipamiento, el Hospital Veterinario Tartanga y las cl\u00ednicas en Trapagaran y Algorta en Vizcaya est\u00e1n comprometidos en proporcionar una atenci\u00f3n integral, que incluye desde consultas hasta servicios de emergencia .<\/p><p>Contamos con dos cl\u00ednicas veterinarias, un<b> Hospital abierto 24 horas para urgencias veterinarias<\/b> y un centro de rehabilitaci\u00f3n animal ubicados en:<\/p><ul><li><a href=\"https:\/\/www.unavets.com\/tartanga\/es\/hospital-veterinario-tartanga-erandio\/\"><strong>Hospital Veterinario Tartanga UNAVETS Erandio,<\/strong><\/a> ubicado en <a href=\"https:\/\/goo.gl\/maps\/hT1fCC2FbKGrFxrDA\" target=\"_blank\" rel=\"noopener\">C\/<\/a><a href=\"https:\/\/goo.gl\/maps\/hT1fCC2FbKGrFxrDA\" target=\"_blank\" rel=\"noopener\">Zirgariak Etorbidea, 32, 48950 Erandio<\/a><\/li><li><a href=\"https:\/\/www.unavets.com\/tartanga\/es\/clinica-veterinaria-algorta\/\"><strong>Cl\u00ednica Veterinaria Tartanga UNAVETS Algorta,<\/strong><\/a> ubicado en <a href=\"https:\/\/goo.gl\/maps\/6BTfPTnjR1UUvNJTA\" target=\"_blank\" rel=\"noopener\">Kuskuburu kalea 1, 48991, Getxo, Vizcaya.<\/a><\/li><li><a href=\"https:\/\/www.unavets.com\/tartanga\/es\/clinica-veterinaria-trapaga\/\"><strong>Cl\u00ednica Veterinaria Tartanga UNAVETS Tr\u00e1paga<\/strong><\/a> ubicada en <a href=\"https:\/\/goo.gl\/maps\/ZmL8zRj5JxbNuia78\" target=\"_blank\" rel=\"noopener\">Salcedillo Etorbidea (en Agropiensos Linaza), 48510, Valle de Tr\u00e1paga<\/a><\/li><li><a href=\"https:\/\/www.unavets.com\/tartanga\/es\/servicios\/fisiomasvet-rehabilitacion-veterinaria\/\"><strong>Rehabilitaci\u00f3n Veterinaria FisioMasVet,<\/strong><\/a> centro ubicado en <a href=\"https:\/\/goo.gl\/maps\/hT1fCC2FbKGrFxrDA\" target=\"_blank\" rel=\"noopener\">C\/<\/a><a href=\"https:\/\/goo.gl\/maps\/hT1fCC2FbKGrFxrDA\" target=\"_blank\" rel=\"noopener\">Zirgariak Etorbidea, 32, 48950 Erandio<\/a><\/li><\/ul>\t\t\t\t\t\t\t\t<\/div>\n\t\t\t\t<\/div>\n\t\t\t\t\t<\/div>\n\t\t<\/div>\n\t\t\t\t\t<\/div>\n\t\t<\/section>\n\t\t\t\t<section class=\"elementor-section elementor-inner-section elementor-element elementor-element-31d68ae elementor-section-boxed elementor-section-height-default elementor-section-height-default\" data-id=\"31d68ae\" data-element_type=\"section\" data-e-type=\"section\">\n\t\t\t\t\t\t<div class=\"elementor-container elementor-column-gap-default\">\n\t\t\t\t\t<div class=\"elementor-column elementor-col-50 elementor-inner-column elementor-element elementor-element-8ddd41b\" data-id=\"8ddd41b\" data-element_type=\"column\" data-e-type=\"column\">\n\t\t\t<div class=\"elementor-widget-wrap elementor-element-populated\">\n\t\t\t\t\t\t<div class=\"elementor-element elementor-element-c87b63e elementor-align-center elementor-widget elementor-widget-button\" data-id=\"c87b63e\" data-element_type=\"widget\" data-e-type=\"widget\" data-widget_type=\"button.default\">\n\t\t\t\t<div class=\"elementor-widget-container\">\n\t\t\t\t\t\t\t\t\t<div class=\"elementor-button-wrapper\">\n\t\t\t\t\t<a class=\"elementor-button elementor-button-link elementor-size-sm\" href=\"https:\/\/www.unavets.com\/tartanga\/es\/especialidades\/\">\n\t\t\t\t\t\t<span class=\"elementor-button-content-wrapper\">\n\t\t\t\t\t\t\t\t\t<span class=\"elementor-button-text\">Especialidades<\/span>\n\t\t\t\t\t<\/span>\n\t\t\t\t\t<\/a>\n\t\t\t\t<\/div>\n\t\t\t\t\t\t\t\t<\/div>\n\t\t\t\t<\/div>\n\t\t\t\t\t<\/div>\n\t\t<\/div>\n\t\t\t\t<div class=\"elementor-column elementor-col-50 elementor-inner-column elementor-element elementor-element-d044a7e\" data-id=\"d044a7e\" data-element_type=\"column\" data-e-type=\"column\">\n\t\t\t<div class=\"elementor-widget-wrap elementor-element-populated\">\n\t\t\t\t\t\t<div class=\"elementor-element elementor-element-75ee515 elementor-align-center elementor-widget elementor-widget-button\" data-id=\"75ee515\" data-element_type=\"widget\" data-e-type=\"widget\" data-widget_type=\"button.default\">\n\t\t\t\t<div class=\"elementor-widget-container\">\n\t\t\t\t\t\t\t\t\t<div class=\"elementor-button-wrapper\">\n\t\t\t\t\t<a class=\"elementor-button elementor-button-link elementor-size-sm\" href=\"https:\/\/www.unavets.com\/tartanga\/es\/servicios\/\">\n\t\t\t\t\t\t<span class=\"elementor-button-content-wrapper\">\n\t\t\t\t\t\t\t\t\t<span class=\"elementor-button-text\">Servicios<\/span>\n\t\t\t\t\t<\/span>\n\t\t\t\t\t<\/a>\n\t\t\t\t<\/div>\n\t\t\t\t\t\t\t\t<\/div>\n\t\t\t\t<\/div>\n\t\t\t\t\t<\/div>\n\t\t<\/div>\n\t\t\t\t\t<\/div>\n\t\t<\/section>\n\t\t\t\t\t<\/div>\n\t\t<\/div>\n\t\t\t\t\t<\/div>\n\t\t<\/section>\n\t\t\t\t<section class=\"elementor-section elementor-top-section elementor-element elementor-element-38295de elementor-section-boxed elementor-section-height-default elementor-section-height-default\" data-id=\"38295de\" data-element_type=\"section\" data-e-type=\"section\">\n\t\t\t\t\t\t<div class=\"elementor-container elementor-column-gap-default\">\n\t\t\t\t\t<div class=\"elementor-column elementor-col-100 elementor-top-column elementor-element elementor-element-c3d38f1\" data-id=\"c3d38f1\" data-element_type=\"column\" data-e-type=\"column\">\n\t\t\t<div class=\"elementor-widget-wrap elementor-element-populated\">\n\t\t\t\t\t\t<div class=\"elementor-element elementor-element-233379b elementor-widget elementor-widget-gallery\" data-id=\"233379b\" data-element_type=\"widget\" data-e-type=\"widget\" data-settings=\"{&quot;columns&quot;:&quot;3&quot;,&quot;aspect_ratio&quot;:&quot;1:1&quot;,&quot;lazyload&quot;:&quot;yes&quot;,&quot;gallery_layout&quot;:&quot;grid&quot;,&quot;columns_tablet&quot;:2,&quot;columns_mobile&quot;:1,&quot;gap&quot;:{&quot;unit&quot;:&quot;px&quot;,&quot;size&quot;:10,&quot;sizes&quot;:[]},&quot;gap_tablet&quot;:{&quot;unit&quot;:&quot;px&quot;,&quot;size&quot;:10,&quot;sizes&quot;:[]},&quot;gap_mobile&quot;:{&quot;unit&quot;:&quot;px&quot;,&quot;size&quot;:10,&quot;sizes&quot;:[]},&quot;link_to&quot;:&quot;file&quot;,&quot;overlay_background&quot;:&quot;yes&quot;,&quot;content_hover_animation&quot;:&quot;fade-in&quot;}\" data-widget_type=\"gallery.default\">\n\t\t\t\t<div class=\"elementor-widget-container\">\n\t\t\t\t\t\t\t<div class=\"elementor-gallery__container\">\n\t\t\t\t\t\t\t<a class=\"e-gallery-item elementor-gallery-item elementor-animated-content\" href=\"https:\/\/www.unavets.com\/tartanga\/wp-content\/uploads\/sites\/31\/2023\/06\/veterinarios-unavets-tartanga-bilbao.jpg\" data-elementor-open-lightbox=\"yes\" data-elementor-lightbox-slideshow=\"233379b\" data-elementor-lightbox-title=\"veterinarios unavets tartanga bilbao\" data-e-action-hash=\"#elementor-action%3Aaction%3Dlightbox%26settings%3DeyJpZCI6MjAzMDgsInVybCI6Imh0dHBzOlwvXC93d3cudW5hdmV0cy5jb21cL3RhcnRhbmdhXC93cC1jb250ZW50XC91cGxvYWRzXC9zaXRlc1wvMzFcLzIwMjNcLzA2XC92ZXRlcmluYXJpb3MtdW5hdmV0cy10YXJ0YW5nYS1iaWxiYW8uanBnIiwic2xpZGVzaG93IjoiMjMzMzc5YiJ9\">\n\t\t\t\t\t<div class=\"e-gallery-image elementor-gallery-item__image\" data-thumbnail=\"https:\/\/www.unavets.com\/tartanga\/wp-content\/uploads\/sites\/31\/2023\/06\/veterinarios-unavets-tartanga-bilbao.jpg\" data-width=\"724\" data-height=\"483\" aria-label=\"\" role=\"img\" ><\/div>\n\t\t\t\t\t\t\t\t\t\t\t<div class=\"elementor-gallery-item__overlay\"><\/div>\n\t\t\t\t\t\t\t\t\t\t\t\t\t\t<\/a>\n\t\t\t\t\t\t\t<a class=\"e-gallery-item elementor-gallery-item elementor-animated-content\" href=\"https:\/\/www.unavets.com\/tartanga\/wp-content\/uploads\/sites\/31\/2024\/06\/C756FF7F-B389-47B3-B305-A20079F589A6.jpeg\" data-elementor-open-lightbox=\"yes\" data-elementor-lightbox-slideshow=\"233379b\" data-elementor-lightbox-title=\"C756FF7F-B389-47B3-B305-A20079F589A6\" data-e-action-hash=\"#elementor-action%3Aaction%3Dlightbox%26settings%3DeyJpZCI6MjI0NDEsInVybCI6Imh0dHBzOlwvXC93d3cudW5hdmV0cy5jb21cL3RhcnRhbmdhXC93cC1jb250ZW50XC91cGxvYWRzXC9zaXRlc1wvMzFcLzIwMjRcLzA2XC9DNzU2RkY3Ri1CMzg5LTQ3QjMtQjMwNS1BMjAwNzlGNTg5QTYuanBlZyIsInNsaWRlc2hvdyI6IjIzMzM3OWIifQ%3D%3D\">\n\t\t\t\t\t<div class=\"e-gallery-image elementor-gallery-item__image\" data-thumbnail=\"https:\/\/www.unavets.com\/tartanga\/wp-content\/uploads\/sites\/31\/2024\/06\/C756FF7F-B389-47B3-B305-A20079F589A6-1024x683.jpeg\" data-width=\"724\" data-height=\"483\" aria-label=\"\" role=\"img\" ><\/div>\n\t\t\t\t\t\t\t\t\t\t\t<div class=\"elementor-gallery-item__overlay\"><\/div>\n\t\t\t\t\t\t\t\t\t\t\t\t\t\t<\/a>\n\t\t\t\t\t\t\t<a class=\"e-gallery-item elementor-gallery-item elementor-animated-content\" href=\"https:\/\/www.unavets.com\/tartanga\/wp-content\/uploads\/sites\/31\/2024\/06\/6E4A2F50-EC9B-4A1F-A67A-5B9637FB2FA0-1.jpeg\" data-elementor-open-lightbox=\"yes\" data-elementor-lightbox-slideshow=\"233379b\" data-elementor-lightbox-title=\"6E4A2F50-EC9B-4A1F-A67A-5B9637FB2FA0\" data-e-action-hash=\"#elementor-action%3Aaction%3Dlightbox%26settings%3DeyJpZCI6MjI0MzcsInVybCI6Imh0dHBzOlwvXC93d3cudW5hdmV0cy5jb21cL3RhcnRhbmdhXC93cC1jb250ZW50XC91cGxvYWRzXC9zaXRlc1wvMzFcLzIwMjRcLzA2XC82RTRBMkY1MC1FQzlCLTRBMUYtQTY3QS01Qjk2MzdGQjJGQTAtMS5qcGVnIiwic2xpZGVzaG93IjoiMjMzMzc5YiJ9\">\n\t\t\t\t\t<div class=\"e-gallery-image elementor-gallery-item__image\" data-thumbnail=\"https:\/\/www.unavets.com\/tartanga\/wp-content\/uploads\/sites\/31\/2024\/06\/6E4A2F50-EC9B-4A1F-A67A-5B9637FB2FA0-1-1024x683.jpeg\" data-width=\"724\" data-height=\"483\" aria-label=\"\" role=\"img\" ><\/div>\n\t\t\t\t\t\t\t\t\t\t\t<div class=\"elementor-gallery-item__overlay\"><\/div>\n\t\t\t\t\t\t\t\t\t\t\t\t\t\t<\/a>\n\t\t\t\t\t\t\t<a class=\"e-gallery-item elementor-gallery-item elementor-animated-content\" href=\"https:\/\/www.unavets.com\/tartanga\/wp-content\/uploads\/sites\/31\/2024\/06\/Imagen-de-WhatsApp-2024-06-25-a-las-16.18.45_6541337b-e1719387941559.jpg\" data-elementor-open-lightbox=\"yes\" data-elementor-lightbox-slideshow=\"233379b\" data-elementor-lightbox-title=\"Imagen de WhatsApp 2024-06-25 a las 16.18.45_6541337b\" data-e-action-hash=\"#elementor-action%3Aaction%3Dlightbox%26settings%3DeyJpZCI6MjI0NzgsInVybCI6Imh0dHBzOlwvXC93d3cudW5hdmV0cy5jb21cL3RhcnRhbmdhXC93cC1jb250ZW50XC91cGxvYWRzXC9zaXRlc1wvMzFcLzIwMjRcLzA2XC9JbWFnZW4tZGUtV2hhdHNBcHAtMjAyNC0wNi0yNS1hLWxhcy0xNi4xOC40NV82NTQxMzM3Yi1lMTcxOTM4Nzk0MTU1OS5qcGciLCJzbGlkZXNob3ciOiIyMzMzNzliIn0%3D\">\n\t\t\t\t\t<div class=\"e-gallery-image elementor-gallery-item__image\" data-thumbnail=\"https:\/\/www.unavets.com\/tartanga\/wp-content\/uploads\/sites\/31\/2024\/06\/Imagen-de-WhatsApp-2024-06-25-a-las-16.18.45_6541337b-768x1024.jpg\" data-width=\"724\" data-height=\"965\" aria-label=\"\" role=\"img\" ><\/div>\n\t\t\t\t\t\t\t\t\t\t\t<div class=\"elementor-gallery-item__overlay\"><\/div>\n\t\t\t\t\t\t\t\t\t\t\t\t\t\t<\/a>\n\t\t\t\t\t\t\t<a class=\"e-gallery-item elementor-gallery-item elementor-animated-content\" href=\"https:\/\/www.unavets.com\/tartanga\/wp-content\/uploads\/sites\/31\/2023\/06\/rehabilitacion-fisiomasvet.jpg\" data-elementor-open-lightbox=\"yes\" data-elementor-lightbox-slideshow=\"233379b\" data-elementor-lightbox-title=\"rehabilitacion fisiomasvet\" data-e-action-hash=\"#elementor-action%3Aaction%3Dlightbox%26settings%3DeyJpZCI6MjAyODAsInVybCI6Imh0dHBzOlwvXC93d3cudW5hdmV0cy5jb21cL3RhcnRhbmdhXC93cC1jb250ZW50XC91cGxvYWRzXC9zaXRlc1wvMzFcLzIwMjNcLzA2XC9yZWhhYmlsaXRhY2lvbi1maXNpb21hc3ZldC5qcGciLCJzbGlkZXNob3ciOiIyMzMzNzliIn0%3D\">\n\t\t\t\t\t<div class=\"e-gallery-image elementor-gallery-item__image\" data-thumbnail=\"https:\/\/www.unavets.com\/tartanga\/wp-content\/uploads\/sites\/31\/2023\/06\/rehabilitacion-fisiomasvet.jpg\" data-width=\"724\" data-height=\"905\" aria-label=\"\" role=\"img\" ><\/div>\n\t\t\t\t\t\t\t\t\t\t\t<div class=\"elementor-gallery-item__overlay\"><\/div>\n\t\t\t\t\t\t\t\t\t\t\t\t\t\t<\/a>\n\t\t\t\t\t\t\t<a class=\"e-gallery-item elementor-gallery-item elementor-animated-content\" href=\"https:\/\/www.unavets.com\/tartanga\/wp-content\/uploads\/sites\/31\/2025\/05\/65DDE659-1325-4400-8EAB-11555296ECDD.jpeg\" data-elementor-open-lightbox=\"yes\" data-elementor-lightbox-slideshow=\"233379b\" data-elementor-lightbox-title=\"65DDE659-1325-4400-8EAB-11555296ECDD\" data-e-action-hash=\"#elementor-action%3Aaction%3Dlightbox%26settings%3DeyJpZCI6MjI4MzEsInVybCI6Imh0dHBzOlwvXC93d3cudW5hdmV0cy5jb21cL3RhcnRhbmdhXC93cC1jb250ZW50XC91cGxvYWRzXC9zaXRlc1wvMzFcLzIwMjVcLzA1XC82NURERTY1OS0xMzI1LTQ0MDAtOEVBQi0xMTU1NTI5NkVDREQuanBlZyIsInNsaWRlc2hvdyI6IjIzMzM3OWIifQ%3D%3D\">\n\t\t\t\t\t<div class=\"e-gallery-image elementor-gallery-item__image\" data-thumbnail=\"https:\/\/www.unavets.com\/tartanga\/wp-content\/uploads\/sites\/31\/2025\/05\/65DDE659-1325-4400-8EAB-11555296ECDD-1024x683.jpeg\" data-width=\"724\" data-height=\"483\" aria-label=\"\" role=\"img\" ><\/div>\n\t\t\t\t\t\t\t\t\t\t\t<div class=\"elementor-gallery-item__overlay\"><\/div>\n\t\t\t\t\t\t\t\t\t\t\t\t\t\t<\/a>\n\t\t\t\t\t<\/div>\n\t\t\t\t\t<\/div>\n\t\t\t\t<\/div>\n\t\t\t\t\t<\/div>\n\t\t<\/div>\n\t\t\t\t\t<\/div>\n\t\t<\/section>\n\t\t\t\t<\/div>\n\t\t","protected":false},"excerpt":{"rendered":"<p>Centros Veterinarios ubicados en Vizcaya Nuestras cl\u00ednicas veterinarias est\u00e1n especializadas en el tratamiento y cuidado de todo tipo de mascotas, donde nos preocupamos por su salud y bienestar. El Hospital Veterinario Tartanga en Erandio, junto con las cl\u00ednicas veterinarias en Trapagaran y Algorta ubicadas a tan solo 20 km de Bilbao, conforman un completo y &hellip; <\/p>\n","protected":false},"author":1,"featured_media":0,"parent":0,"menu_order":0,"comment_status":"closed","ping_status":"closed","template":"page-fullwidth.php","meta":{"_acf_changed":false,"content-type":"","footnotes":""},"class_list":["post-12997","page","type-page","status-publish","hentry"],"acf":[],"_links":{"self":[{"href":"https:\/\/www.unavets.com\/tartanga\/es\/wp-json\/wp\/v2\/pages\/12997","targetHints":{"allow":["GET"]}}],"collection":[{"href":"https:\/\/www.unavets.com\/tartanga\/es\/wp-json\/wp\/v2\/pages"}],"about":[{"href":"https:\/\/www.unavets.com\/tartanga\/es\/wp-json\/wp\/v2\/types\/page"}],"author":[{"embeddable":true,"href":"https:\/\/www.unavets.com\/tartanga\/es\/wp-json\/wp\/v2\/users\/1"}],"replies":[{"embeddable":true,"href":"https:\/\/www.unavets.com\/tartanga\/es\/wp-json\/wp\/v2\/comments?post=12997"}],"version-history":[{"count":33,"href":"https:\/\/www.unavets.com\/tartanga\/es\/wp-json\/wp\/v2\/pages\/12997\/revisions"}],"predecessor-version":[{"id":23134,"href":"https:\/\/www.unavets.com\/tartanga\/es\/wp-json\/wp\/v2\/pages\/12997\/revisions\/23134"}],"wp:attachment":[{"href":"https:\/\/www.unavets.com\/tartanga\/es\/wp-json\/wp\/v2\/media?parent=12997"}],"curies":[{"name":"wp","href":"https:\/\/api.w.org\/{rel}","templated":true}]}}