{"id":12997,"date":"2021-01-04T08:19:34","date_gmt":"2021-01-04T08:19:34","guid":{"rendered":"http:\/\/www.unavets.com\/sansebastian\/?page_id=12997"},"modified":"2021-09-22T09:58:04","modified_gmt":"2021-09-22T09:58:04","slug":"quienes-somos","status":"publish","type":"page","link":"https:\/\/www.unavets.com\/sansebastian\/es\/quienes-somos\/","title":{"rendered":"Qui\u00e9nes Somos"},"content":{"rendered":"\t\t<div data-elementor-type=\"wp-page\" data-elementor-id=\"12997\" class=\"elementor elementor-12997 elementor-268\" data-elementor-post-type=\"page\">\n\t\t\t\t\t\t<section class=\"elementor-section elementor-top-section elementor-element elementor-element-54cf215 pad-top-0 elementor-section-boxed elementor-section-height-default elementor-section-height-default\" data-id=\"54cf215\" data-element_type=\"section\" data-e-type=\"section\" id=\"main-sec\" data-settings=\"{&quot;background_background&quot;:&quot;classic&quot;}\">\n\t\t\t\t\t\t<div class=\"elementor-container elementor-column-gap-default\">\n\t\t\t\t\t<div class=\"elementor-column elementor-col-100 elementor-top-column elementor-element elementor-element-d926441\" data-id=\"d926441\" data-element_type=\"column\" data-e-type=\"column\">\n\t\t\t<div class=\"elementor-widget-wrap elementor-element-populated\">\n\t\t\t\t\t\t<div class=\"elementor-element elementor-element-9725bcd elementor-widget elementor-widget-section_titleleft\" data-id=\"9725bcd\" data-element_type=\"widget\" data-e-type=\"widget\" data-widget_type=\"section_titleleft.default\">\n\t\t\t\t<div class=\"elementor-widget-container\">\n\t\t\t\t\t        <div class=\"ab_text-title fl-wrap\">\n            <h3>Cl\u00ednica Veterinaria en Almer\u00eda con Urgencias las 24h<\/h3>Llevamos 29 a\u00f1os contribuyendo a mejorar la salud de las mascotas.<span class=\"section-separator fl-sec-sep\"><\/span>        <\/div>\n        \t\t\t\t<\/div>\n\t\t\t\t<\/div>\n\t\t\t\t<section class=\"elementor-section elementor-inner-section elementor-element elementor-element-35814f4 elementor-section-full_width elementor-section-height-default elementor-section-height-default\" data-id=\"35814f4\" data-element_type=\"section\" data-e-type=\"section\">\n\t\t\t\t\t\t<div class=\"elementor-container elementor-column-gap-wide\">\n\t\t\t\t\t<div class=\"elementor-column elementor-col-50 elementor-inner-column elementor-element elementor-element-7fa3f34\" data-id=\"7fa3f34\" data-element_type=\"column\" data-e-type=\"column\">\n\t\t\t<div class=\"elementor-widget-wrap elementor-element-populated\">\n\t\t\t\t\t\t<div class=\"elementor-element elementor-element-9e79898 elementor-widget elementor-widget-image\" data-id=\"9e79898\" data-element_type=\"widget\" data-e-type=\"widget\" data-widget_type=\"image.default\">\n\t\t\t\t<div class=\"elementor-widget-container\">\n\t\t\t\t\t\t\t\t\t\t\t\t\t\t\t<img fetchpriority=\"high\" width=\"786\" height=\"524\" class=\"attachment-townhub-single-image size-townhub-single-image wp-image-16766 lazy\" alt=\"\" data-src=\"https:\/\/www.unavets.com\/sansebastian\/wp-content\/uploads\/sites\/7\/2021\/07\/About-us_5-786x524.jpg\" data-lazy=\"https:\/\/www.unavets.com\/sansebastian\/wp-content\/uploads\/sites\/7\/2021\/07\/About-us_5-786x524.jpg\" \/>\t\t\t\t\t\t\t\t\t\t\t\t\t\t\t<\/div>\n\t\t\t\t<\/div>\n\t\t\t\t\t<\/div>\n\t\t<\/div>\n\t\t\t\t<div class=\"elementor-column elementor-col-50 elementor-inner-column elementor-element elementor-element-202374d\" data-id=\"202374d\" data-element_type=\"column\" data-e-type=\"column\">\n\t\t\t<div class=\"elementor-widget-wrap elementor-element-populated\">\n\t\t\t\t\t\t<div class=\"elementor-element elementor-element-2077247 about-wrap elementor-widget elementor-widget-text-editor\" data-id=\"2077247\" data-element_type=\"widget\" data-e-type=\"widget\" data-widget_type=\"text-editor.default\">\n\t\t\t\t<div class=\"elementor-widget-container\">\n\t\t\t\t\t\t\t\t\t<p>La Cl\u00ednica Veterinaria San Sebasti\u00e1n inici\u00f3 su andadura en 1992. Ubicada en la calle Pablo Ruiz Picasso, 7 de Almer\u00eda.<\/p><p>Est\u00e1 abierta de lunes a viernes de 10:00h a 18:00h de forma ininterrumpida.<\/p><p>Dispone de instalaciones modernas y c\u00f3modas tanto para clientes como para mascotas. Cuenta adem\u00e1s con un nuevo equipo de radiolog\u00eda digital y nuevo laboratorio cl\u00ednico propio.<\/p><p>En la Cl\u00ednica San Sebasti\u00e1n somos especialistas en traumatolog\u00eda y ortopedia, cirug\u00eda de tejidos blandos, endoscopia y medicina general.<\/p><p>Ofrecemos Atenci\u00f3n primaria y venta de alimentaci\u00f3n especializada.<\/p>\t\t\t\t\t\t\t\t<\/div>\n\t\t\t\t<\/div>\n\t\t\t\t\t<\/div>\n\t\t<\/div>\n\t\t\t\t\t<\/div>\n\t\t<\/section>\n\t\t\t\t<section class=\"elementor-section elementor-inner-section elementor-element elementor-element-31d68ae elementor-section-boxed elementor-section-height-default elementor-section-height-default\" data-id=\"31d68ae\" data-element_type=\"section\" data-e-type=\"section\">\n\t\t\t\t\t\t<div class=\"elementor-container elementor-column-gap-default\">\n\t\t\t\t\t<div class=\"elementor-column elementor-col-50 elementor-inner-column elementor-element elementor-element-8ddd41b\" data-id=\"8ddd41b\" data-element_type=\"column\" data-e-type=\"column\">\n\t\t\t<div class=\"elementor-widget-wrap elementor-element-populated\">\n\t\t\t\t\t\t<div class=\"elementor-element elementor-element-c87b63e elementor-align-center elementor-widget elementor-widget-button\" data-id=\"c87b63e\" data-element_type=\"widget\" data-e-type=\"widget\" data-widget_type=\"button.default\">\n\t\t\t\t<div class=\"elementor-widget-container\">\n\t\t\t\t\t\t\t\t\t<div class=\"elementor-button-wrapper\">\n\t\t\t\t\t<a class=\"elementor-button elementor-button-link elementor-size-sm\" href=\"\/sansebastian\/es\/instalaciones\/\">\n\t\t\t\t\t\t<span class=\"elementor-button-content-wrapper\">\n\t\t\t\t\t\t\t\t\t<span class=\"elementor-button-text\">Instalaciones<\/span>\n\t\t\t\t\t<\/span>\n\t\t\t\t\t<\/a>\n\t\t\t\t<\/div>\n\t\t\t\t\t\t\t\t<\/div>\n\t\t\t\t<\/div>\n\t\t\t\t\t<\/div>\n\t\t<\/div>\n\t\t\t\t<div class=\"elementor-column elementor-col-50 elementor-inner-column elementor-element elementor-element-d044a7e\" data-id=\"d044a7e\" data-element_type=\"column\" data-e-type=\"column\">\n\t\t\t<div class=\"elementor-widget-wrap elementor-element-populated\">\n\t\t\t\t\t\t<div class=\"elementor-element elementor-element-75ee515 elementor-align-center elementor-widget elementor-widget-button\" data-id=\"75ee515\" data-element_type=\"widget\" data-e-type=\"widget\" data-widget_type=\"button.default\">\n\t\t\t\t<div class=\"elementor-widget-container\">\n\t\t\t\t\t\t\t\t\t<div class=\"elementor-button-wrapper\">\n\t\t\t\t\t<a class=\"elementor-button elementor-button-link elementor-size-sm\" href=\"\/sansebastian\/es\/nuestro-equipo\/\">\n\t\t\t\t\t\t<span class=\"elementor-button-content-wrapper\">\n\t\t\t\t\t\t\t\t\t<span class=\"elementor-button-text\">Equipo<\/span>\n\t\t\t\t\t<\/span>\n\t\t\t\t\t<\/a>\n\t\t\t\t<\/div>\n\t\t\t\t\t\t\t\t<\/div>\n\t\t\t\t<\/div>\n\t\t\t\t\t<\/div>\n\t\t<\/div>\n\t\t\t\t\t<\/div>\n\t\t<\/section>\n\t\t\t\t\t<\/div>\n\t\t<\/div>\n\t\t\t\t\t<\/div>\n\t\t<\/section>\n\t\t\t\t<section class=\"elementor-section elementor-top-section elementor-element elementor-element-38295de elementor-section-boxed elementor-section-height-default elementor-section-height-default\" data-id=\"38295de\" data-element_type=\"section\" data-e-type=\"section\">\n\t\t\t\t\t\t<div class=\"elementor-container elementor-column-gap-default\">\n\t\t\t\t\t<div class=\"elementor-column elementor-col-100 elementor-top-column elementor-element elementor-element-c3d38f1\" data-id=\"c3d38f1\" data-element_type=\"column\" data-e-type=\"column\">\n\t\t\t<div class=\"elementor-widget-wrap elementor-element-populated\">\n\t\t\t\t\t\t<div class=\"elementor-element elementor-element-d803770 elementor-widget elementor-widget-gallery\" data-id=\"d803770\" data-element_type=\"widget\" data-e-type=\"widget\" data-settings=\"{&quot;columns&quot;:&quot;3&quot;,&quot;aspect_ratio&quot;:&quot;1:1&quot;,&quot;lazyload&quot;:&quot;yes&quot;,&quot;gallery_layout&quot;:&quot;grid&quot;,&quot;columns_tablet&quot;:2,&quot;columns_mobile&quot;:1,&quot;gap&quot;:{&quot;unit&quot;:&quot;px&quot;,&quot;size&quot;:10,&quot;sizes&quot;:[]},&quot;gap_tablet&quot;:{&quot;unit&quot;:&quot;px&quot;,&quot;size&quot;:10,&quot;sizes&quot;:[]},&quot;gap_mobile&quot;:{&quot;unit&quot;:&quot;px&quot;,&quot;size&quot;:10,&quot;sizes&quot;:[]},&quot;link_to&quot;:&quot;file&quot;,&quot;overlay_background&quot;:&quot;yes&quot;,&quot;content_hover_animation&quot;:&quot;fade-in&quot;}\" data-widget_type=\"gallery.default\">\n\t\t\t\t<div class=\"elementor-widget-container\">\n\t\t\t\t\t\t\t<div class=\"elementor-gallery__container\">\n\t\t\t\t\t\t\t<a class=\"e-gallery-item elementor-gallery-item elementor-animated-content\" href=\"https:\/\/www.unavets.com\/sansebastian\/wp-content\/uploads\/sites\/7\/2021\/07\/Team-Shaila-e1640883567257.png\" data-elementor-open-lightbox=\"yes\" data-elementor-lightbox-slideshow=\"d803770\" data-elementor-lightbox-title=\"Shaila\" data-e-action-hash=\"#elementor-action%3Aaction%3Dlightbox%26settings%3DeyJpZCI6MTY4MDIsInVybCI6Imh0dHBzOlwvXC93d3cudW5hdmV0cy5jb21cL3NhbnNlYmFzdGlhblwvd3AtY29udGVudFwvdXBsb2Fkc1wvc2l0ZXNcLzdcLzIwMjFcLzA3XC9UZWFtLVNoYWlsYS1lMTY0MDg4MzU2NzI1Ny5wbmciLCJzbGlkZXNob3ciOiJkODAzNzcwIn0%3D\">\n\t\t\t\t\t<div class=\"e-gallery-image elementor-gallery-item__image\" data-thumbnail=\"https:\/\/www.unavets.com\/sansebastian\/wp-content\/uploads\/sites\/7\/2021\/07\/Team-Shaila-593x1024.png\" data-width=\"593\" data-height=\"1024\" aria-label=\"\" role=\"img\" ><\/div>\n\t\t\t\t\t\t\t\t\t\t\t<div class=\"elementor-gallery-item__overlay\"><\/div>\n\t\t\t\t\t\t\t\t\t\t\t\t\t\t<\/a>\n\t\t\t\t\t\t\t<a class=\"e-gallery-item elementor-gallery-item elementor-animated-content\" href=\"https:\/\/www.unavets.com\/sansebastian\/wp-content\/uploads\/sites\/7\/2021\/07\/About-Us-Hero-Image.jpg\" data-elementor-open-lightbox=\"yes\" data-elementor-lightbox-slideshow=\"d803770\" data-elementor-lightbox-title=\"Jorge\" data-e-action-hash=\"#elementor-action%3Aaction%3Dlightbox%26settings%3DeyJpZCI6MTY3NTEsInVybCI6Imh0dHBzOlwvXC93d3cudW5hdmV0cy5jb21cL3NhbnNlYmFzdGlhblwvd3AtY29udGVudFwvdXBsb2Fkc1wvc2l0ZXNcLzdcLzIwMjFcLzA3XC9BYm91dC1Vcy1IZXJvLUltYWdlLmpwZyIsInNsaWRlc2hvdyI6ImQ4MDM3NzAifQ%3D%3D\">\n\t\t\t\t\t<div class=\"e-gallery-image elementor-gallery-item__image\" data-thumbnail=\"https:\/\/www.unavets.com\/sansebastian\/wp-content\/uploads\/sites\/7\/2021\/07\/About-Us-Hero-Image-825x1024.jpg\" data-width=\"724\" data-height=\"899\" aria-label=\"\" role=\"img\" ><\/div>\n\t\t\t\t\t\t\t\t\t\t\t<div class=\"elementor-gallery-item__overlay\"><\/div>\n\t\t\t\t\t\t\t\t\t\t\t\t\t\t<\/a>\n\t\t\t\t\t\t\t<a class=\"e-gallery-item elementor-gallery-item elementor-animated-content\" href=\"https:\/\/www.unavets.com\/sansebastian\/wp-content\/uploads\/sites\/7\/2021\/07\/About-us_2.jpg\" data-elementor-open-lightbox=\"yes\" data-elementor-lightbox-slideshow=\"d803770\" data-elementor-lightbox-title=\"Consulta de perros\" data-e-action-hash=\"#elementor-action%3Aaction%3Dlightbox%26settings%3DeyJpZCI6MTY3NTcsInVybCI6Imh0dHBzOlwvXC93d3cudW5hdmV0cy5jb21cL3NhbnNlYmFzdGlhblwvd3AtY29udGVudFwvdXBsb2Fkc1wvc2l0ZXNcLzdcLzIwMjFcLzA3XC9BYm91dC11c18yLmpwZyIsInNsaWRlc2hvdyI6ImQ4MDM3NzAifQ%3D%3D\">\n\t\t\t\t\t<div class=\"e-gallery-image elementor-gallery-item__image\" data-thumbnail=\"https:\/\/www.unavets.com\/sansebastian\/wp-content\/uploads\/sites\/7\/2021\/07\/About-us_2-683x1024.jpg\" data-width=\"683\" data-height=\"1024\" aria-label=\"\" role=\"img\" ><\/div>\n\t\t\t\t\t\t\t\t\t\t\t<div class=\"elementor-gallery-item__overlay\"><\/div>\n\t\t\t\t\t\t\t\t\t\t\t\t\t\t<\/a>\n\t\t\t\t\t\t\t<a class=\"e-gallery-item elementor-gallery-item elementor-animated-content\" href=\"https:\/\/www.unavets.com\/sansebastian\/wp-content\/uploads\/sites\/7\/2021\/07\/About-Us_3.jpg\" data-elementor-open-lightbox=\"yes\" data-elementor-lightbox-slideshow=\"d803770\" data-elementor-lightbox-title=\"Recepci\u00f3n\" data-e-action-hash=\"#elementor-action%3Aaction%3Dlightbox%26settings%3DeyJpZCI6MTY3NjAsInVybCI6Imh0dHBzOlwvXC93d3cudW5hdmV0cy5jb21cL3NhbnNlYmFzdGlhblwvd3AtY29udGVudFwvdXBsb2Fkc1wvc2l0ZXNcLzdcLzIwMjFcLzA3XC9BYm91dC1Vc18zLmpwZyIsInNsaWRlc2hvdyI6ImQ4MDM3NzAifQ%3D%3D\">\n\t\t\t\t\t<div class=\"e-gallery-image elementor-gallery-item__image\" data-thumbnail=\"https:\/\/www.unavets.com\/sansebastian\/wp-content\/uploads\/sites\/7\/2021\/07\/About-Us_3-1024x763.jpg\" data-width=\"724\" data-height=\"539\" aria-label=\"\" role=\"img\" ><\/div>\n\t\t\t\t\t\t\t\t\t\t\t<div class=\"elementor-gallery-item__overlay\"><\/div>\n\t\t\t\t\t\t\t\t\t\t\t\t\t\t<\/a>\n\t\t\t\t\t\t\t<a class=\"e-gallery-item elementor-gallery-item elementor-animated-content\" href=\"https:\/\/www.unavets.com\/sansebastian\/wp-content\/uploads\/sites\/7\/2021\/07\/About-us_4.jpg\" data-elementor-open-lightbox=\"yes\" data-elementor-lightbox-slideshow=\"d803770\" data-elementor-lightbox-title=\"Fachada\" data-e-action-hash=\"#elementor-action%3Aaction%3Dlightbox%26settings%3DeyJpZCI6MTY3NjMsInVybCI6Imh0dHBzOlwvXC93d3cudW5hdmV0cy5jb21cL3NhbnNlYmFzdGlhblwvd3AtY29udGVudFwvdXBsb2Fkc1wvc2l0ZXNcLzdcLzIwMjFcLzA3XC9BYm91dC11c180LmpwZyIsInNsaWRlc2hvdyI6ImQ4MDM3NzAifQ%3D%3D\">\n\t\t\t\t\t<div class=\"e-gallery-image elementor-gallery-item__image\" data-thumbnail=\"https:\/\/www.unavets.com\/sansebastian\/wp-content\/uploads\/sites\/7\/2021\/07\/About-us_4.jpg\" data-width=\"724\" data-height=\"712\" aria-label=\"\" role=\"img\" ><\/div>\n\t\t\t\t\t\t\t\t\t\t\t<div class=\"elementor-gallery-item__overlay\"><\/div>\n\t\t\t\t\t\t\t\t\t\t\t\t\t\t<\/a>\n\t\t\t\t\t\t\t<a class=\"e-gallery-item elementor-gallery-item elementor-animated-content\" href=\"https:\/\/www.unavets.com\/sansebastian\/wp-content\/uploads\/sites\/7\/2021\/07\/About-Us_6-e1640883618160.jpg\" data-elementor-open-lightbox=\"yes\" data-elementor-lightbox-slideshow=\"d803770\" data-elementor-lightbox-title=\"Pacientes\" data-e-action-hash=\"#elementor-action%3Aaction%3Dlightbox%26settings%3DeyJpZCI6MTY3NjksInVybCI6Imh0dHBzOlwvXC93d3cudW5hdmV0cy5jb21cL3NhbnNlYmFzdGlhblwvd3AtY29udGVudFwvdXBsb2Fkc1wvc2l0ZXNcLzdcLzIwMjFcLzA3XC9BYm91dC1Vc182LWUxNjQwODgzNjE4MTYwLmpwZyIsInNsaWRlc2hvdyI6ImQ4MDM3NzAifQ%3D%3D\">\n\t\t\t\t\t<div class=\"e-gallery-image elementor-gallery-item__image\" data-thumbnail=\"https:\/\/www.unavets.com\/sansebastian\/wp-content\/uploads\/sites\/7\/2021\/07\/About-Us_6-683x1024.jpg\" data-width=\"683\" data-height=\"1024\" aria-label=\"\" role=\"img\" ><\/div>\n\t\t\t\t\t\t\t\t\t\t\t<div class=\"elementor-gallery-item__overlay\"><\/div>\n\t\t\t\t\t\t\t\t\t\t\t\t\t\t<\/a>\n\t\t\t\t\t<\/div>\n\t\t\t\t\t<\/div>\n\t\t\t\t<\/div>\n\t\t\t\t\t<\/div>\n\t\t<\/div>\n\t\t\t\t\t<\/div>\n\t\t<\/section>\n\t\t\t\t<\/div>\n\t\t","protected":false},"excerpt":{"rendered":"<p>Cl\u00ednica Veterinaria en Almer\u00eda con Urgencias las 24h Llevamos 29 a\u00f1os contribuyendo a mejorar la salud de las mascotas. La Cl\u00ednica Veterinaria San Sebasti\u00e1n inici\u00f3 su andadura en 1992. Ubicada en la calle Pablo Ruiz Picasso, 7 de Almer\u00eda. Est\u00e1 abierta de lunes a viernes de 10:00h a 18:00h de forma ininterrumpida. Dispone de instalaciones &hellip; <\/p>\n","protected":false},"author":1,"featured_media":0,"parent":0,"menu_order":0,"comment_status":"closed","ping_status":"closed","template":"page-fullwidth.php","meta":{"_acf_changed":false,"content-type":"","footnotes":""},"class_list":["post-12997","page","type-page","status-publish","hentry"],"acf":[],"_links":{"self":[{"href":"https:\/\/www.unavets.com\/sansebastian\/es\/wp-json\/wp\/v2\/pages\/12997","targetHints":{"allow":["GET"]}}],"collection":[{"href":"https:\/\/www.unavets.com\/sansebastian\/es\/wp-json\/wp\/v2\/pages"}],"about":[{"href":"https:\/\/www.unavets.com\/sansebastian\/es\/wp-json\/wp\/v2\/types\/page"}],"author":[{"embeddable":true,"href":"https:\/\/www.unavets.com\/sansebastian\/es\/wp-json\/wp\/v2\/users\/1"}],"replies":[{"embeddable":true,"href":"https:\/\/www.unavets.com\/sansebastian\/es\/wp-json\/wp\/v2\/comments?post=12997"}],"version-history":[{"count":0,"href":"https:\/\/www.unavets.com\/sansebastian\/es\/wp-json\/wp\/v2\/pages\/12997\/revisions"}],"wp:attachment":[{"href":"https:\/\/www.unavets.com\/sansebastian\/es\/wp-json\/wp\/v2\/media?parent=12997"}],"curies":[{"name":"wp","href":"https:\/\/api.w.org\/{rel}","templated":true}]}}