{"id":18386,"date":"2025-06-13T08:27:45","date_gmt":"2025-06-13T08:27:45","guid":{"rendered":"https:\/\/www.unavets.com\/sanfrancisco\/?page_id=18386"},"modified":"2026-02-03T09:34:20","modified_gmt":"2026-02-03T09:34:20","slug":"clinica-amable-con-los-gatos","status":"publish","type":"page","link":"https:\/\/www.unavets.com\/sanfrancisco\/es\/clinica-amable-con-los-gatos\/","title":{"rendered":"Cl\u00ednica amable con los gatos"},"content":{"rendered":"\t\t<div data-elementor-type=\"wp-page\" data-elementor-id=\"18386\" class=\"elementor elementor-18386\" data-elementor-post-type=\"page\">\n\t\t\t\t\t\t<section class=\"elementor-section elementor-top-section elementor-element elementor-element-291c2ed elementor-section-boxed elementor-section-height-default elementor-section-height-default\" data-id=\"291c2ed\" data-element_type=\"section\" data-e-type=\"section\">\n\t\t\t\t\t\t<div class=\"elementor-container elementor-column-gap-default\">\n\t\t\t\t\t<div class=\"elementor-column elementor-col-50 elementor-top-column elementor-element elementor-element-9f48cfb\" data-id=\"9f48cfb\" data-element_type=\"column\" data-e-type=\"column\">\n\t\t\t<div class=\"elementor-widget-wrap elementor-element-populated\">\n\t\t\t\t\t\t<div class=\"elementor-element elementor-element-5b94c3d elementor-widget elementor-widget-text-editor\" data-id=\"5b94c3d\" data-element_type=\"widget\" data-e-type=\"widget\" data-widget_type=\"text-editor.default\">\n\t\t\t\t<div class=\"elementor-widget-container\">\n\t\t\t\t\t\t\t\t\t<p data-start=\"73\" data-end=\"413\">En<strong> la Cl\u00ednica Veterinaria San Francisco de As\u00eds<\/strong>, hemos obtenido la certificaci\u00f3n <strong data-start=\"143\" data-end=\"164\">CAT FRIENDLY SILVER<\/strong>\u00a0otorgada por la organizaci\u00f3n <strong data-start=\"194\" data-end=\"258\">International Cat Care | For the love of cats (icatcare.org)<\/strong>. Este reconocimiento nos acredita como un centro de referencia en el cuidado y bienestar de los gatos, asegurando un entorno adaptado a sus necesidades.<\/p><p data-start=\"415\" data-end=\"669\">El programa <strong data-start=\"427\" data-end=\"450\">Cat Friendly Clinic<\/strong>, impulsado por la Sociedad Internacional de Medicina Felina, busca mejorar la experiencia de los gatos en las cl\u00ednicas veterinarias, reduciendo su estr\u00e9s y facilitando su visita al veterinario junto a sus cuidadores.<\/p>\t\t\t\t\t\t\t\t<\/div>\n\t\t\t\t<\/div>\n\t\t\t\t<div class=\"elementor-element elementor-element-b49eeae elementor-widget elementor-widget-image\" data-id=\"b49eeae\" data-element_type=\"widget\" data-e-type=\"widget\" data-widget_type=\"image.default\">\n\t\t\t\t<div class=\"elementor-widget-container\">\n\t\t\t\t\t\t\t\t\t\t\t\t\t\t\t<img width=\"300\" height=\"163\" class=\"attachment-medium size-medium wp-image-18539 lazy\" alt=\"\" data-src=\"https:\/\/www.unavets.com\/sanfrancisco\/wp-content\/uploads\/sites\/20\/2026\/02\/CatFriendly-Logos-2-1-300x163.png\" data-lazy=\"https:\/\/www.unavets.com\/sanfrancisco\/wp-content\/uploads\/sites\/20\/2026\/02\/CatFriendly-Logos-2-1-300x163.png\" \/>\t\t\t\t\t\t\t\t\t\t\t\t\t\t\t<\/div>\n\t\t\t\t<\/div>\n\t\t\t\t\t<\/div>\n\t\t<\/div>\n\t\t\t\t<div class=\"elementor-column elementor-col-50 elementor-top-column elementor-element elementor-element-cc48da4\" data-id=\"cc48da4\" data-element_type=\"column\" data-e-type=\"column\">\n\t\t\t<div class=\"elementor-widget-wrap elementor-element-populated\">\n\t\t\t\t\t\t<div class=\"elementor-element elementor-element-7690681 elementor-widget elementor-widget-image\" data-id=\"7690681\" data-element_type=\"widget\" data-e-type=\"widget\" data-widget_type=\"image.default\">\n\t\t\t\t<div class=\"elementor-widget-container\">\n\t\t\t\t\t\t\t\t\t\t\t\t\t\t\t<img decoding=\"async\" src=\"https:\/\/www.unavets.com\/sanfrancisco\/wp-content\/uploads\/sites\/20\/elementor\/thumbs\/Fotos-Horizontales-10-scaled-1-r78n7ll64g24czn182rdnl2201i8bc1v25n3cg2i6g.jpg\" title=\"Fotos-Horizontales-10-scaled.jpg\" alt=\"Fotos-Horizontales-10-scaled.jpg\" loading=\"lazy\" \/>\t\t\t\t\t\t\t\t\t\t\t\t\t\t\t<\/div>\n\t\t\t\t<\/div>\n\t\t\t\t\t<\/div>\n\t\t<\/div>\n\t\t\t\t\t<\/div>\n\t\t<\/section>\n\t\t\t\t<section class=\"elementor-section elementor-top-section elementor-element elementor-element-969298f elementor-section-boxed elementor-section-height-default elementor-section-height-default\" data-id=\"969298f\" data-element_type=\"section\" data-e-type=\"section\">\n\t\t\t\t\t\t<div class=\"elementor-container elementor-column-gap-default\">\n\t\t\t\t\t<div class=\"elementor-column elementor-col-100 elementor-top-column elementor-element elementor-element-1231cb1\" data-id=\"1231cb1\" data-element_type=\"column\" data-e-type=\"column\">\n\t\t\t<div class=\"elementor-widget-wrap elementor-element-populated\">\n\t\t\t\t\t\t<div class=\"elementor-element elementor-element-ebe774d elementor-widget elementor-widget-text-editor\" data-id=\"ebe774d\" data-element_type=\"widget\" data-e-type=\"widget\" data-widget_type=\"text-editor.default\">\n\t\t\t\t<div class=\"elementor-widget-container\">\n\t\t\t\t\t\t\t\t\t<h3>\u00bfQu\u00e9 significa la Certificaci\u00f3n Plata para ti y tu gato?<\/h3>\t\t\t\t\t\t\t\t<\/div>\n\t\t\t\t<\/div>\n\t\t\t\t<div class=\"elementor-element elementor-element-261ea5b elementor-widget elementor-widget-text-editor\" data-id=\"261ea5b\" data-element_type=\"widget\" data-e-type=\"widget\" data-widget_type=\"text-editor.default\">\n\t\t\t\t<div class=\"elementor-widget-container\">\n\t\t\t\t\t\t\t\t\t<p data-sourcepos=\"13:1-13:82\">Nuestro nivel plata garantiza un cuidado considerado y adaptado a las necesidades de tu gato:<\/p><p data-sourcepos=\"13:1-13:82\"><strong>Un entorno adecuado desde la llegada:<\/strong><\/p><ul><li style=\"list-style-type: none;\"><ul><li>Contamos con una <strong>sala de espera separada y exclusiva para gatos<\/strong>, garantizando que no haya contacto estresante con perros u otros animales.<\/li><li><strong>Disponemos de mantas para cubrir los transportines<\/strong>, proporcionando un refugio seguro y minimizando la visibilidad de extra\u00f1os.<\/li><li>Facilitamos espacios para que los transportines puedan mantenerse fuera del suelo.<\/li><\/ul><\/li><\/ul><p><strong>Hospitalizaci\u00f3n con separaci\u00f3n:<\/strong><\/p><ul><li style=\"list-style-type: none;\"><ul><li>En caso de que tu gato necesite ser hospitalizado, disponemos de <strong>\u00e1reas de hospitalizaci\u00f3n donde perros y gatos est\u00e1n separados<\/strong>, evitando as\u00ed estr\u00e9s innecesario.<\/li><li>Nuestras <strong>jaulas cumplen o superan los tama\u00f1os m\u00ednimos<\/strong> establecidos, asegurando que tu gato tenga espacio adecuado para su comodidad durante su estancia.<\/li><\/ul><\/li><\/ul><p><strong>Consultas confortables:<\/strong><\/p><ul><li style=\"list-style-type: none;\"><ul><li>Ofrecemos una <strong>sala de consulta\/examen segura, protegida y bien equipada<\/strong>.<\/li><li>Nuestras citas tienen una duraci\u00f3n m\u00ednima de <strong>10 minutos<\/strong>, y dedicamos a\u00fan m\u00e1s tiempo a gatos enfermos, mayores, ansiosos, o para consultas de comportamiento y casos complejos.<\/li><\/ul><\/li><\/ul><p><strong>Instalaciones:<\/strong><\/p><ul><li style=\"list-style-type: none;\"><ul><li>Contamos con las <strong>instalaciones necesarias para anestesiar gatos<\/strong>, si es requerido para alg\u00fan procedimiento.<\/li><\/ul><\/li><\/ul><p data-sourcepos=\"31:3-31:55\"><strong>Equipamiento para gatos:<\/strong><\/p><ul><li style=\"list-style-type: none;\"><ul><li>Contamos con un<strong>\u00a0equipamiento<\/strong> <strong>adicional amigable con gatos<\/strong>, incluyendo herramientas para la atenci\u00f3n dental, lo que nos permite abordar una gama m\u00e1s amplia de necesidades m\u00e9dicas.<\/li><\/ul><\/li><\/ul>\t\t\t\t\t\t\t\t<\/div>\n\t\t\t\t<\/div>\n\t\t\t\t<div class=\"elementor-element elementor-element-379fc5f elementor-align-center elementor-widget elementor-widget-button\" data-id=\"379fc5f\" data-element_type=\"widget\" data-e-type=\"widget\" data-widget_type=\"button.default\">\n\t\t\t\t<div class=\"elementor-widget-container\">\n\t\t\t\t\t\t\t\t\t<div class=\"elementor-button-wrapper\">\n\t\t\t\t\t<a class=\"elementor-button elementor-button-link elementor-size-md\" href=\"tel:951313547\">\n\t\t\t\t\t\t<span class=\"elementor-button-content-wrapper\">\n\t\t\t\t\t\t<span class=\"elementor-button-icon\">\n\t\t\t\t<i aria-hidden=\"true\" class=\"far fa-calendar-alt\"><\/i>\t\t\t<\/span>\n\t\t\t\t\t\t\t\t\t<span class=\"elementor-button-text\">Pide Cita<\/span>\n\t\t\t\t\t<\/span>\n\t\t\t\t\t<\/a>\n\t\t\t\t<\/div>\n\t\t\t\t\t\t\t\t<\/div>\n\t\t\t\t<\/div>\n\t\t\t\t\t<\/div>\n\t\t<\/div>\n\t\t\t\t\t<\/div>\n\t\t<\/section>\n\t\t\t\t<\/div>\n\t\t","protected":false},"excerpt":{"rendered":"<p>En la Cl\u00ednica Veterinaria San Francisco de As\u00eds, hemos obtenido la certificaci\u00f3n CAT FRIENDLY SILVER\u00a0otorgada por la organizaci\u00f3n International Cat Care | For the love of cats (icatcare.org). Este reconocimiento nos acredita como un centro de referencia en el cuidado y bienestar de los gatos, asegurando un entorno adaptado a sus necesidades. El programa Cat &hellip; <\/p>\n","protected":false},"author":60,"featured_media":0,"parent":0,"menu_order":0,"comment_status":"closed","ping_status":"closed","template":"page-fullwidth.php","meta":{"_acf_changed":false,"content-type":"","footnotes":""},"class_list":["post-18386","page","type-page","status-publish","hentry"],"acf":[],"_links":{"self":[{"href":"https:\/\/www.unavets.com\/sanfrancisco\/es\/wp-json\/wp\/v2\/pages\/18386","targetHints":{"allow":["GET"]}}],"collection":[{"href":"https:\/\/www.unavets.com\/sanfrancisco\/es\/wp-json\/wp\/v2\/pages"}],"about":[{"href":"https:\/\/www.unavets.com\/sanfrancisco\/es\/wp-json\/wp\/v2\/types\/page"}],"author":[{"embeddable":true,"href":"https:\/\/www.unavets.com\/sanfrancisco\/es\/wp-json\/wp\/v2\/users\/60"}],"replies":[{"embeddable":true,"href":"https:\/\/www.unavets.com\/sanfrancisco\/es\/wp-json\/wp\/v2\/comments?post=18386"}],"version-history":[{"count":10,"href":"https:\/\/www.unavets.com\/sanfrancisco\/es\/wp-json\/wp\/v2\/pages\/18386\/revisions"}],"predecessor-version":[{"id":18542,"href":"https:\/\/www.unavets.com\/sanfrancisco\/es\/wp-json\/wp\/v2\/pages\/18386\/revisions\/18542"}],"wp:attachment":[{"href":"https:\/\/www.unavets.com\/sanfrancisco\/es\/wp-json\/wp\/v2\/media?parent=18386"}],"curies":[{"name":"wp","href":"https:\/\/api.w.org\/{rel}","templated":true}]}}