{"id":12997,"date":"2021-01-04T08:19:34","date_gmt":"2021-01-04T08:19:34","guid":{"rendered":"http:\/\/www.unavets.com\/sanbernardo\/?page_id=12997"},"modified":"2022-04-08T11:53:28","modified_gmt":"2022-04-08T11:53:28","slug":"quienes-somos","status":"publish","type":"page","link":"https:\/\/www.unavets.com\/sanbernardo\/es\/quienes-somos\/","title":{"rendered":"Qui\u00e9nes Somos"},"content":{"rendered":"\t\t<div data-elementor-type=\"wp-page\" data-elementor-id=\"12997\" class=\"elementor elementor-12997 elementor-268\" data-elementor-post-type=\"page\">\n\t\t\t\t\t\t<section class=\"elementor-section elementor-top-section elementor-element elementor-element-54cf215 pad-top-0 elementor-section-boxed elementor-section-height-default elementor-section-height-default\" data-id=\"54cf215\" data-element_type=\"section\" data-e-type=\"section\" id=\"main-sec\" data-settings=\"{&quot;background_background&quot;:&quot;classic&quot;}\">\n\t\t\t\t\t\t<div class=\"elementor-container elementor-column-gap-default\">\n\t\t\t\t\t<div class=\"elementor-column elementor-col-100 elementor-top-column elementor-element elementor-element-d926441\" data-id=\"d926441\" data-element_type=\"column\" data-e-type=\"column\">\n\t\t\t<div class=\"elementor-widget-wrap elementor-element-populated\">\n\t\t\t\t\t\t<div class=\"elementor-element elementor-element-9725bcd elementor-widget elementor-widget-section_titleleft\" data-id=\"9725bcd\" data-element_type=\"widget\" data-e-type=\"widget\" data-widget_type=\"section_titleleft.default\">\n\t\t\t\t<div class=\"elementor-widget-container\">\n\t\t\t\t\t        <div class=\"ab_text-title fl-wrap\">\n            <h3>Hospital Veterinario San Bernardo en Monc\u00f3far, Castell\u00f3n, abierto 24 horas.<\/h3>Nuestro hospital veterinario es un centro especializado en el tratamiento y cuidado de todo tipo de mascotas, en el que nos preocupamos por su salud y bienestar. <span class=\"section-separator fl-sec-sep\"><\/span>        <\/div>\n        \t\t\t\t<\/div>\n\t\t\t\t<\/div>\n\t\t\t\t<section class=\"elementor-section elementor-inner-section elementor-element elementor-element-35814f4 elementor-section-full_width elementor-section-height-default elementor-section-height-default\" data-id=\"35814f4\" data-element_type=\"section\" data-e-type=\"section\">\n\t\t\t\t\t\t<div class=\"elementor-container elementor-column-gap-wide\">\n\t\t\t\t\t<div class=\"elementor-column elementor-col-50 elementor-inner-column elementor-element elementor-element-7fa3f34\" data-id=\"7fa3f34\" data-element_type=\"column\" data-e-type=\"column\">\n\t\t\t<div class=\"elementor-widget-wrap elementor-element-populated\">\n\t\t\t\t\t\t<div class=\"elementor-element elementor-element-9e79898 elementor-widget elementor-widget-image\" data-id=\"9e79898\" data-element_type=\"widget\" data-e-type=\"widget\" data-widget_type=\"image.default\">\n\t\t\t\t<div class=\"elementor-widget-container\">\n\t\t\t\t\t\t\t\t\t\t\t\t\t\t\t<img fetchpriority=\"high\" width=\"408\" height=\"612\" class=\"attachment-2048x2048 size-2048x2048 wp-image-17577 lazy\" alt=\"\" data-src=\"https:\/\/www.unavets.com\/sanbernardo\/wp-content\/uploads\/sites\/16\/2022\/01\/Facilities-2.png\" data-lazy=\"https:\/\/www.unavets.com\/sanbernardo\/wp-content\/uploads\/sites\/16\/2022\/01\/Facilities-2.png\" \/>\t\t\t\t\t\t\t\t\t\t\t\t\t\t\t<\/div>\n\t\t\t\t<\/div>\n\t\t\t\t\t<\/div>\n\t\t<\/div>\n\t\t\t\t<div class=\"elementor-column elementor-col-50 elementor-inner-column elementor-element elementor-element-202374d\" data-id=\"202374d\" data-element_type=\"column\" data-e-type=\"column\">\n\t\t\t<div class=\"elementor-widget-wrap elementor-element-populated\">\n\t\t\t\t\t\t<div class=\"elementor-element elementor-element-3b393ce about-wrap elementor-widget elementor-widget-text-editor\" data-id=\"3b393ce\" data-element_type=\"widget\" data-e-type=\"widget\" data-widget_type=\"text-editor.default\">\n\t\t\t\t<div class=\"elementor-widget-container\">\n\t\t\t\t\t\t\t\t\t<p>En el Hospital Veterinario San Bernardo contamos con un equipo de veterinarios cualificados para la atenci\u00f3n integral de tu mascota, las 24 horas del d\u00eda, los 365 d\u00edas del a\u00f1o.<\/p><p>En 1996 nos iniciamos con un consultorio a las afueras del municipio, posteriormente, en el 2000, crecimos y pasamos a ser Centro Veterinario San Bernardo y, gracias a la fidelidad de nuestros clientes y nuestra dedicaci\u00f3n y vocaci\u00f3n, en julio de 2012 pudimos inaugurar el Hospital Veterinario San Bernardo, ubicado en una de las avenidas principales de acceso a la zona de playas de Monc\u00f3far, un municipio de f\u00e1cil acceso por autov\u00eda tanto desde Castell\u00f3n (20km) como desde Valencia (40km).<\/p><p>Contamos para ello con la \u00faltima tecnolog\u00eda para diagn\u00f3stico y con unas instalaciones cuidadosamente dise\u00f1adas que nos permiten desempe\u00f1ar nuestro trabajo de manera eficaz y c\u00f3moda.<\/p><p>Disponemos de amplias instalaciones con cinco consultas habilitadas para atender a sus mascotas, una de ellas con su sala de espera separada para que sus felinos no se estresen y su espera sea lo m\u00e1s agradable posible.<\/p><p>Tenemos un amplio horario de atenci\u00f3n para facilitar la visita de nuestros clientes y estamos en horario de urgencias presenciales siempre que su mascota lo requiera. Nuestros veterinarios y auxiliares se ocupan las 24h\/365 d\u00edas de atender tanto a las mascotas ingresadas como a las que requieren de una atenci\u00f3n de urgencia.<\/p><p>Para esto, tenemos un gran equipo formado por 10 veterinarios, 8 auxiliares y una peluquera.<\/p><p>Para cualquier urgencia puede contactar con nosotros. Atenci\u00f3n 24 horas. Abierto s\u00e1bados y domingos.<\/p>\t\t\t\t\t\t\t\t<\/div>\n\t\t\t\t<\/div>\n\t\t\t\t\t<\/div>\n\t\t<\/div>\n\t\t\t\t\t<\/div>\n\t\t<\/section>\n\t\t\t\t<section class=\"elementor-section elementor-inner-section elementor-element elementor-element-31d68ae elementor-section-boxed elementor-section-height-default elementor-section-height-default\" data-id=\"31d68ae\" data-element_type=\"section\" data-e-type=\"section\">\n\t\t\t\t\t\t<div class=\"elementor-container elementor-column-gap-default\">\n\t\t\t\t\t<div class=\"elementor-column elementor-col-50 elementor-inner-column elementor-element elementor-element-8ddd41b\" data-id=\"8ddd41b\" data-element_type=\"column\" data-e-type=\"column\">\n\t\t\t<div class=\"elementor-widget-wrap elementor-element-populated\">\n\t\t\t\t\t\t<div class=\"elementor-element elementor-element-c87b63e elementor-align-center elementor-widget elementor-widget-button\" data-id=\"c87b63e\" data-element_type=\"widget\" data-e-type=\"widget\" data-widget_type=\"button.default\">\n\t\t\t\t<div class=\"elementor-widget-container\">\n\t\t\t\t\t\t\t\t\t<div class=\"elementor-button-wrapper\">\n\t\t\t\t\t<a class=\"elementor-button elementor-button-link elementor-size-sm\" href=\"https:\/\/www.unavets.com\/sanbernardo\/es\/instalaciones\/\">\n\t\t\t\t\t\t<span class=\"elementor-button-content-wrapper\">\n\t\t\t\t\t\t\t\t\t<span class=\"elementor-button-text\">Instalaciones<\/span>\n\t\t\t\t\t<\/span>\n\t\t\t\t\t<\/a>\n\t\t\t\t<\/div>\n\t\t\t\t\t\t\t\t<\/div>\n\t\t\t\t<\/div>\n\t\t\t\t\t<\/div>\n\t\t<\/div>\n\t\t\t\t<div class=\"elementor-column elementor-col-50 elementor-inner-column elementor-element elementor-element-d044a7e\" data-id=\"d044a7e\" data-element_type=\"column\" data-e-type=\"column\">\n\t\t\t<div class=\"elementor-widget-wrap elementor-element-populated\">\n\t\t\t\t\t\t<div class=\"elementor-element elementor-element-75ee515 elementor-align-center elementor-widget elementor-widget-button\" data-id=\"75ee515\" data-element_type=\"widget\" data-e-type=\"widget\" data-widget_type=\"button.default\">\n\t\t\t\t<div class=\"elementor-widget-container\">\n\t\t\t\t\t\t\t\t\t<div class=\"elementor-button-wrapper\">\n\t\t\t\t\t<a class=\"elementor-button elementor-button-link elementor-size-sm\" href=\"https:\/\/www.unavets.com\/sanbernardo\/es\/nuestro-equipo\/\">\n\t\t\t\t\t\t<span class=\"elementor-button-content-wrapper\">\n\t\t\t\t\t\t\t\t\t<span class=\"elementor-button-text\">Equipo<\/span>\n\t\t\t\t\t<\/span>\n\t\t\t\t\t<\/a>\n\t\t\t\t<\/div>\n\t\t\t\t\t\t\t\t<\/div>\n\t\t\t\t<\/div>\n\t\t\t\t\t<\/div>\n\t\t<\/div>\n\t\t\t\t\t<\/div>\n\t\t<\/section>\n\t\t\t\t\t<\/div>\n\t\t<\/div>\n\t\t\t\t\t<\/div>\n\t\t<\/section>\n\t\t\t\t<section class=\"elementor-section elementor-top-section elementor-element elementor-element-38295de elementor-section-boxed elementor-section-height-default elementor-section-height-default\" data-id=\"38295de\" data-element_type=\"section\" data-e-type=\"section\">\n\t\t\t\t\t\t<div class=\"elementor-container elementor-column-gap-default\">\n\t\t\t\t\t<div class=\"elementor-column elementor-col-100 elementor-top-column elementor-element elementor-element-c3d38f1\" data-id=\"c3d38f1\" data-element_type=\"column\" data-e-type=\"column\">\n\t\t\t<div class=\"elementor-widget-wrap elementor-element-populated\">\n\t\t\t\t\t\t<div class=\"elementor-element elementor-element-233379b elementor-widget elementor-widget-gallery\" data-id=\"233379b\" data-element_type=\"widget\" data-e-type=\"widget\" data-settings=\"{&quot;columns&quot;:&quot;3&quot;,&quot;aspect_ratio&quot;:&quot;1:1&quot;,&quot;lazyload&quot;:&quot;yes&quot;,&quot;gallery_layout&quot;:&quot;grid&quot;,&quot;columns_tablet&quot;:2,&quot;columns_mobile&quot;:1,&quot;gap&quot;:{&quot;unit&quot;:&quot;px&quot;,&quot;size&quot;:10,&quot;sizes&quot;:[]},&quot;gap_tablet&quot;:{&quot;unit&quot;:&quot;px&quot;,&quot;size&quot;:10,&quot;sizes&quot;:[]},&quot;gap_mobile&quot;:{&quot;unit&quot;:&quot;px&quot;,&quot;size&quot;:10,&quot;sizes&quot;:[]},&quot;link_to&quot;:&quot;file&quot;,&quot;overlay_background&quot;:&quot;yes&quot;,&quot;content_hover_animation&quot;:&quot;fade-in&quot;}\" data-widget_type=\"gallery.default\">\n\t\t\t\t<div class=\"elementor-widget-container\">\n\t\t\t\t\t\t\t<div class=\"elementor-gallery__container\">\n\t\t\t\t\t\t\t<a class=\"e-gallery-item elementor-gallery-item elementor-animated-content\" href=\"https:\/\/www.unavets.com\/sanbernardo\/wp-content\/uploads\/sites\/16\/2022\/01\/F4.png\" data-elementor-open-lightbox=\"yes\" data-elementor-lightbox-slideshow=\"233379b\" data-elementor-lightbox-title=\"F4\" data-e-action-hash=\"#elementor-action%3Aaction%3Dlightbox%26settings%3DeyJpZCI6MTc0NjUsInVybCI6Imh0dHBzOlwvXC93d3cudW5hdmV0cy5jb21cL3NhbmJlcm5hcmRvXC93cC1jb250ZW50XC91cGxvYWRzXC9zaXRlc1wvMTZcLzIwMjJcLzAxXC9GNC5wbmciLCJzbGlkZXNob3ciOiIyMzMzNzliIn0%3D\">\n\t\t\t\t\t<div class=\"e-gallery-image elementor-gallery-item__image\" data-thumbnail=\"https:\/\/www.unavets.com\/sanbernardo\/wp-content\/uploads\/sites\/16\/2022\/01\/F4.png\" data-width=\"720\" data-height=\"489\" aria-label=\"\" role=\"img\" ><\/div>\n\t\t\t\t\t\t\t\t\t\t\t<div class=\"elementor-gallery-item__overlay\"><\/div>\n\t\t\t\t\t\t\t\t\t\t\t\t\t\t<\/a>\n\t\t\t\t\t\t\t<a class=\"e-gallery-item elementor-gallery-item elementor-animated-content\" href=\"https:\/\/www.unavets.com\/sanbernardo\/wp-content\/uploads\/sites\/16\/2022\/01\/AB3-e1643128154454.png\" data-elementor-open-lightbox=\"yes\" data-elementor-lightbox-slideshow=\"233379b\" data-e-action-hash=\"#elementor-action%3Aaction%3Dlightbox%26settings%3DeyJpZCI6MTc0NDQsInVybCI6Imh0dHBzOlwvXC93d3cudW5hdmV0cy5jb21cL3NhbmJlcm5hcmRvXC93cC1jb250ZW50XC91cGxvYWRzXC9zaXRlc1wvMTZcLzIwMjJcLzAxXC9BQjMtZTE2NDMxMjgxNTQ0NTQucG5nIiwic2xpZGVzaG93IjoiMjMzMzc5YiJ9\">\n\t\t\t\t\t<div class=\"e-gallery-image elementor-gallery-item__image\" data-thumbnail=\"https:\/\/www.unavets.com\/sanbernardo\/wp-content\/uploads\/sites\/16\/2022\/01\/AB3-e1643128154454.png\" data-width=\"556\" data-height=\"456\" aria-label=\"\" role=\"img\" ><\/div>\n\t\t\t\t\t\t\t\t\t\t\t<div class=\"elementor-gallery-item__overlay\"><\/div>\n\t\t\t\t\t\t\t\t\t\t\t\t\t\t<\/a>\n\t\t\t\t\t\t\t<a class=\"e-gallery-item elementor-gallery-item elementor-animated-content\" href=\"https:\/\/www.unavets.com\/sanbernardo\/wp-content\/uploads\/sites\/16\/2022\/01\/AB4-e1643128197203.png\" data-elementor-open-lightbox=\"yes\" data-elementor-lightbox-slideshow=\"233379b\" data-e-action-hash=\"#elementor-action%3Aaction%3Dlightbox%26settings%3DeyJpZCI6MTc0NDYsInVybCI6Imh0dHBzOlwvXC93d3cudW5hdmV0cy5jb21cL3NhbmJlcm5hcmRvXC93cC1jb250ZW50XC91cGxvYWRzXC9zaXRlc1wvMTZcLzIwMjJcLzAxXC9BQjQtZTE2NDMxMjgxOTcyMDMucG5nIiwic2xpZGVzaG93IjoiMjMzMzc5YiJ9\">\n\t\t\t\t\t<div class=\"e-gallery-image elementor-gallery-item__image\" data-thumbnail=\"https:\/\/www.unavets.com\/sanbernardo\/wp-content\/uploads\/sites\/16\/2022\/01\/AB4-e1643128197203.png\" data-width=\"573\" data-height=\"392\" aria-label=\"\" role=\"img\" ><\/div>\n\t\t\t\t\t\t\t\t\t\t\t<div class=\"elementor-gallery-item__overlay\"><\/div>\n\t\t\t\t\t\t\t\t\t\t\t\t\t\t<\/a>\n\t\t\t\t\t\t\t<a class=\"e-gallery-item elementor-gallery-item elementor-animated-content\" href=\"https:\/\/www.unavets.com\/sanbernardo\/wp-content\/uploads\/sites\/16\/2022\/01\/AB5.png\" data-elementor-open-lightbox=\"yes\" data-elementor-lightbox-slideshow=\"233379b\" data-e-action-hash=\"#elementor-action%3Aaction%3Dlightbox%26settings%3DeyJpZCI6MTc0NDgsInVybCI6Imh0dHBzOlwvXC93d3cudW5hdmV0cy5jb21cL3NhbmJlcm5hcmRvXC93cC1jb250ZW50XC91cGxvYWRzXC9zaXRlc1wvMTZcLzIwMjJcLzAxXC9BQjUucG5nIiwic2xpZGVzaG93IjoiMjMzMzc5YiJ9\">\n\t\t\t\t\t<div class=\"e-gallery-image elementor-gallery-item__image\" data-thumbnail=\"https:\/\/www.unavets.com\/sanbernardo\/wp-content\/uploads\/sites\/16\/2022\/01\/AB5.png\" data-width=\"347\" data-height=\"405\" aria-label=\"\" role=\"img\" ><\/div>\n\t\t\t\t\t\t\t\t\t\t\t<div class=\"elementor-gallery-item__overlay\"><\/div>\n\t\t\t\t\t\t\t\t\t\t\t\t\t\t<\/a>\n\t\t\t\t\t\t\t<a class=\"e-gallery-item elementor-gallery-item elementor-animated-content\" href=\"https:\/\/www.unavets.com\/sanbernardo\/wp-content\/uploads\/sites\/16\/2022\/01\/AB6.png\" data-elementor-open-lightbox=\"yes\" data-elementor-lightbox-slideshow=\"233379b\" data-e-action-hash=\"#elementor-action%3Aaction%3Dlightbox%26settings%3DeyJpZCI6MTc0NTAsInVybCI6Imh0dHBzOlwvXC93d3cudW5hdmV0cy5jb21cL3NhbmJlcm5hcmRvXC93cC1jb250ZW50XC91cGxvYWRzXC9zaXRlc1wvMTZcLzIwMjJcLzAxXC9BQjYucG5nIiwic2xpZGVzaG93IjoiMjMzMzc5YiJ9\">\n\t\t\t\t\t<div class=\"e-gallery-image elementor-gallery-item__image\" data-thumbnail=\"https:\/\/www.unavets.com\/sanbernardo\/wp-content\/uploads\/sites\/16\/2022\/01\/AB6.png\" data-width=\"347\" data-height=\"455\" aria-label=\"\" role=\"img\" ><\/div>\n\t\t\t\t\t\t\t\t\t\t\t<div class=\"elementor-gallery-item__overlay\"><\/div>\n\t\t\t\t\t\t\t\t\t\t\t\t\t\t<\/a>\n\t\t\t\t\t\t\t<a class=\"e-gallery-item elementor-gallery-item elementor-animated-content\" href=\"https:\/\/www.unavets.com\/sanbernardo\/wp-content\/uploads\/sites\/16\/2022\/01\/AB7.png\" data-elementor-open-lightbox=\"yes\" data-elementor-lightbox-slideshow=\"233379b\" data-e-action-hash=\"#elementor-action%3Aaction%3Dlightbox%26settings%3DeyJpZCI6MTc0NTIsInVybCI6Imh0dHBzOlwvXC93d3cudW5hdmV0cy5jb21cL3NhbmJlcm5hcmRvXC93cC1jb250ZW50XC91cGxvYWRzXC9zaXRlc1wvMTZcLzIwMjJcLzAxXC9BQjcucG5nIiwic2xpZGVzaG93IjoiMjMzMzc5YiJ9\">\n\t\t\t\t\t<div class=\"e-gallery-image elementor-gallery-item__image\" data-thumbnail=\"https:\/\/www.unavets.com\/sanbernardo\/wp-content\/uploads\/sites\/16\/2022\/01\/AB7.png\" data-width=\"719\" data-height=\"489\" aria-label=\"\" role=\"img\" ><\/div>\n\t\t\t\t\t\t\t\t\t\t\t<div class=\"elementor-gallery-item__overlay\"><\/div>\n\t\t\t\t\t\t\t\t\t\t\t\t\t\t<\/a>\n\t\t\t\t\t<\/div>\n\t\t\t\t\t<\/div>\n\t\t\t\t<\/div>\n\t\t\t\t\t<\/div>\n\t\t<\/div>\n\t\t\t\t\t<\/div>\n\t\t<\/section>\n\t\t\t\t<\/div>\n\t\t","protected":false},"excerpt":{"rendered":"<p>Hospital Veterinario San Bernardo en Monc\u00f3far, Castell\u00f3n, abierto 24 horas. Nuestro hospital veterinario es un centro especializado en el tratamiento y cuidado de todo tipo de mascotas, en el que nos preocupamos por su salud y bienestar. En el Hospital Veterinario San Bernardo contamos con un equipo de veterinarios cualificados para la atenci\u00f3n integral de &hellip; <\/p>\n","protected":false},"author":1,"featured_media":0,"parent":0,"menu_order":0,"comment_status":"closed","ping_status":"closed","template":"page-fullwidth.php","meta":{"_acf_changed":false,"content-type":"","footnotes":""},"class_list":["post-12997","page","type-page","status-publish","hentry"],"acf":[],"_links":{"self":[{"href":"https:\/\/www.unavets.com\/sanbernardo\/es\/wp-json\/wp\/v2\/pages\/12997","targetHints":{"allow":["GET"]}}],"collection":[{"href":"https:\/\/www.unavets.com\/sanbernardo\/es\/wp-json\/wp\/v2\/pages"}],"about":[{"href":"https:\/\/www.unavets.com\/sanbernardo\/es\/wp-json\/wp\/v2\/types\/page"}],"author":[{"embeddable":true,"href":"https:\/\/www.unavets.com\/sanbernardo\/es\/wp-json\/wp\/v2\/users\/1"}],"replies":[{"embeddable":true,"href":"https:\/\/www.unavets.com\/sanbernardo\/es\/wp-json\/wp\/v2\/comments?post=12997"}],"version-history":[{"count":0,"href":"https:\/\/www.unavets.com\/sanbernardo\/es\/wp-json\/wp\/v2\/pages\/12997\/revisions"}],"wp:attachment":[{"href":"https:\/\/www.unavets.com\/sanbernardo\/es\/wp-json\/wp\/v2\/media?parent=12997"}],"curies":[{"name":"wp","href":"https:\/\/api.w.org\/{rel}","templated":true}]}}