{"id":13558,"date":"2020-10-03T08:10:58","date_gmt":"2020-10-03T08:10:58","guid":{"rendered":"http:\/\/www.unavets.com\/ruzafa\/our-facilities\/"},"modified":"2023-08-03T14:25:12","modified_gmt":"2023-08-03T14:25:12","slug":"instalaciones","status":"publish","type":"page","link":"https:\/\/www.unavets.com\/ruzafa\/es\/instalaciones\/","title":{"rendered":"Instalaciones"},"content":{"rendered":"\t\t<div data-elementor-type=\"wp-page\" data-elementor-id=\"13558\" class=\"elementor elementor-13558 elementor-281\" data-elementor-post-type=\"page\">\n\t\t\t\t\t\t<section class=\"elementor-section elementor-top-section elementor-element elementor-element-54cf215 pad-top-0 elementor-section-boxed elementor-section-height-default elementor-section-height-default\" data-id=\"54cf215\" data-element_type=\"section\" data-e-type=\"section\" id=\"main-sec\" data-settings=\"{&quot;background_background&quot;:&quot;classic&quot;}\">\n\t\t\t\t\t\t<div class=\"elementor-container elementor-column-gap-wide\">\n\t\t\t\t\t<div class=\"elementor-column elementor-col-100 elementor-top-column elementor-element elementor-element-d926441\" data-id=\"d926441\" data-element_type=\"column\" data-e-type=\"column\">\n\t\t\t<div class=\"elementor-widget-wrap elementor-element-populated\">\n\t\t\t\t\t\t<div class=\"elementor-element elementor-element-ac5c964 elementor-widget elementor-widget-text-editor\" data-id=\"ac5c964\" data-element_type=\"widget\" data-e-type=\"widget\" data-widget_type=\"text-editor.default\">\n\t\t\t\t<div class=\"elementor-widget-container\">\n\t\t\t\t\t\t\t\t\t<p>La Cl\u00ednica Veterinaria Ruzafa cuenta con los mejores equipos e instalaciones a vuestra disposici\u00f3n para brindarte el m\u00e1s alto nivel de atenci\u00f3n<\/p>\t\t\t\t\t\t\t\t<\/div>\n\t\t\t\t<\/div>\n\t\t\t\t<section class=\"elementor-section elementor-inner-section elementor-element elementor-element-98275a1 elementor-section-boxed elementor-section-height-default elementor-section-height-default\" data-id=\"98275a1\" data-element_type=\"section\" data-e-type=\"section\">\n\t\t\t\t\t\t<div class=\"elementor-container elementor-column-gap-default\">\n\t\t\t\t\t<div class=\"elementor-column elementor-col-50 elementor-inner-column elementor-element elementor-element-07b222c\" data-id=\"07b222c\" data-element_type=\"column\" data-e-type=\"column\">\n\t\t\t<div class=\"elementor-widget-wrap elementor-element-populated\">\n\t\t\t\t\t\t<div class=\"elementor-element elementor-element-44b52f4 elementor-widget elementor-widget-image\" data-id=\"44b52f4\" data-element_type=\"widget\" data-e-type=\"widget\" data-widget_type=\"image.default\">\n\t\t\t\t<div class=\"elementor-widget-container\">\n\t\t\t\t\t\t\t\t\t\t\t\t\t\t\t<img fetchpriority=\"high\" width=\"772\" height=\"515\" class=\"attachment-1536x1536 size-1536x1536 wp-image-19602 lazy\" alt=\"\" data-src=\"https:\/\/www.unavets.com\/ruzafa\/wp-content\/uploads\/sites\/35\/2023\/08\/ACTUAL-DESIGN-This-is-what-we-publish-2.png\" data-lazy=\"https:\/\/www.unavets.com\/ruzafa\/wp-content\/uploads\/sites\/35\/2023\/08\/ACTUAL-DESIGN-This-is-what-we-publish-2.png\" \/>\t\t\t\t\t\t\t\t\t\t\t\t\t\t\t<\/div>\n\t\t\t\t<\/div>\n\t\t\t\t\t<\/div>\n\t\t<\/div>\n\t\t\t\t<div class=\"elementor-column elementor-col-50 elementor-inner-column elementor-element elementor-element-e32254f\" data-id=\"e32254f\" data-element_type=\"column\" data-e-type=\"column\">\n\t\t\t<div class=\"elementor-widget-wrap elementor-element-populated\">\n\t\t\t\t\t\t<div class=\"elementor-element elementor-element-6494dd8 elementor-widget elementor-widget-text-editor\" data-id=\"6494dd8\" data-element_type=\"widget\" data-e-type=\"widget\" data-widget_type=\"text-editor.default\">\n\t\t\t\t<div class=\"elementor-widget-container\">\n\t\t\t\t\t\t\t\t\t<p>Las instalaciones de la cl\u00ednica est\u00e1n completamente equipadas con la \u00faltima tecnolog\u00eda, lo que permite a los veterinarios proporcionar el mejor cuidado posible a sus pacientes.<\/p><p>La cl\u00ednica tambi\u00e9n cuenta con una sala de espera c\u00f3moda y acogedora, donde los due\u00f1os de las mascotas pueden esperar mientras sus mascotas son atendidas.<\/p><p><br \/>\u2022 La sala de espera es grande y luminosa, con asientos c\u00f3modos y una zona de juegos para perros.<br \/>\u2022 La sala de cirug\u00eda est\u00e1 completamente equipada con la \u00faltima tecnolog\u00eda, incluyendo un quir\u00f3fano est\u00e9ril, un equipo de anestesia y un monitor de signos vitales.<br \/>\u2022 La sala de hospitalizaci\u00f3n es tranquila y acogedora, con camas c\u00f3modas y un sistema de vigilancia 24 horas.<br \/>\u2022 La sala de rayos X est\u00e1 equipada con un equipo de rayos X digital de \u00faltima generaci\u00f3n, que permite a los veterinarios obtener im\u00e1genes de alta calidad de los huesos y \u00f3rganos de sus pacientes.<br \/>\u2022 La sala de laboratorio est\u00e1 equipada con un equipo de laboratorio completo, que permite a los veterinarios realizar an\u00e1lisis de sangre, orina y heces de sus pacientes.<\/p>\t\t\t\t\t\t\t\t<\/div>\n\t\t\t\t<\/div>\n\t\t\t\t\t<\/div>\n\t\t<\/div>\n\t\t\t\t\t<\/div>\n\t\t<\/section>\n\t\t\t\t<section class=\"elementor-section elementor-inner-section elementor-element elementor-element-cbd28ac elementor-section-boxed elementor-section-height-default elementor-section-height-default\" data-id=\"cbd28ac\" data-element_type=\"section\" data-e-type=\"section\">\n\t\t\t\t\t\t<div class=\"elementor-container elementor-column-gap-default\">\n\t\t\t\t\t<div class=\"elementor-column elementor-col-50 elementor-inner-column elementor-element elementor-element-e54cc90\" data-id=\"e54cc90\" data-element_type=\"column\" data-e-type=\"column\">\n\t\t\t<div class=\"elementor-widget-wrap elementor-element-populated\">\n\t\t\t\t\t\t<div class=\"elementor-element elementor-element-e77ffdd elementor-align-center elementor-widget elementor-widget-button\" data-id=\"e77ffdd\" data-element_type=\"widget\" data-e-type=\"widget\" data-widget_type=\"button.default\">\n\t\t\t\t<div class=\"elementor-widget-container\">\n\t\t\t\t\t\t\t\t\t<div class=\"elementor-button-wrapper\">\n\t\t\t\t\t<a class=\"elementor-button elementor-button-link elementor-size-sm\" href=\"https:\/\/www.unavets.com\/ruzafa\/es\/nuestro-equipo\/\">\n\t\t\t\t\t\t<span class=\"elementor-button-content-wrapper\">\n\t\t\t\t\t\t\t\t\t<span class=\"elementor-button-text\">Nuestro Equipo<\/span>\n\t\t\t\t\t<\/span>\n\t\t\t\t\t<\/a>\n\t\t\t\t<\/div>\n\t\t\t\t\t\t\t\t<\/div>\n\t\t\t\t<\/div>\n\t\t\t\t\t<\/div>\n\t\t<\/div>\n\t\t\t\t<div class=\"elementor-column elementor-col-50 elementor-inner-column elementor-element elementor-element-dc3e6b5\" data-id=\"dc3e6b5\" data-element_type=\"column\" data-e-type=\"column\">\n\t\t\t<div class=\"elementor-widget-wrap elementor-element-populated\">\n\t\t\t\t\t\t<div class=\"elementor-element elementor-element-ebe1efe elementor-align-center elementor-widget elementor-widget-button\" data-id=\"ebe1efe\" data-element_type=\"widget\" data-e-type=\"widget\" data-widget_type=\"button.default\">\n\t\t\t\t<div class=\"elementor-widget-container\">\n\t\t\t\t\t\t\t\t\t<div class=\"elementor-button-wrapper\">\n\t\t\t\t\t<a class=\"elementor-button elementor-button-link elementor-size-sm\" href=\"https:\/\/www.unavets.com\/ruzafa\/es\/servicios\/\">\n\t\t\t\t\t\t<span class=\"elementor-button-content-wrapper\">\n\t\t\t\t\t\t\t\t\t<span class=\"elementor-button-text\">Servicios<\/span>\n\t\t\t\t\t<\/span>\n\t\t\t\t\t<\/a>\n\t\t\t\t<\/div>\n\t\t\t\t\t\t\t\t<\/div>\n\t\t\t\t<\/div>\n\t\t\t\t\t<\/div>\n\t\t<\/div>\n\t\t\t\t\t<\/div>\n\t\t<\/section>\n\t\t\t\t\t<\/div>\n\t\t<\/div>\n\t\t\t\t\t<\/div>\n\t\t<\/section>\n\t\t\t\t<section class=\"elementor-section elementor-top-section elementor-element elementor-element-78a18a3 elementor-section-boxed elementor-section-height-default elementor-section-height-default\" data-id=\"78a18a3\" data-element_type=\"section\" data-e-type=\"section\">\n\t\t\t\t\t\t<div class=\"elementor-container elementor-column-gap-default\">\n\t\t\t\t\t<div class=\"elementor-column elementor-col-100 elementor-top-column elementor-element elementor-element-ae96487\" data-id=\"ae96487\" data-element_type=\"column\" data-e-type=\"column\">\n\t\t\t<div class=\"elementor-widget-wrap elementor-element-populated\">\n\t\t\t\t\t\t<div class=\"elementor-element elementor-element-d296140 elementor-widget elementor-widget-gallery\" data-id=\"d296140\" data-element_type=\"widget\" data-e-type=\"widget\" data-settings=\"{&quot;columns&quot;:&quot;3&quot;,&quot;aspect_ratio&quot;:&quot;1:1&quot;,&quot;lazyload&quot;:&quot;yes&quot;,&quot;gallery_layout&quot;:&quot;grid&quot;,&quot;columns_tablet&quot;:2,&quot;columns_mobile&quot;:1,&quot;gap&quot;:{&quot;unit&quot;:&quot;px&quot;,&quot;size&quot;:10,&quot;sizes&quot;:[]},&quot;gap_tablet&quot;:{&quot;unit&quot;:&quot;px&quot;,&quot;size&quot;:10,&quot;sizes&quot;:[]},&quot;gap_mobile&quot;:{&quot;unit&quot;:&quot;px&quot;,&quot;size&quot;:10,&quot;sizes&quot;:[]},&quot;link_to&quot;:&quot;file&quot;,&quot;overlay_background&quot;:&quot;yes&quot;,&quot;content_hover_animation&quot;:&quot;fade-in&quot;}\" data-widget_type=\"gallery.default\">\n\t\t\t\t<div class=\"elementor-widget-container\">\n\t\t\t\t\t\t\t<div class=\"elementor-gallery__container\">\n\t\t\t\t\t\t\t<a class=\"e-gallery-item elementor-gallery-item elementor-animated-content\" href=\"https:\/\/www.unavets.com\/ruzafa\/wp-content\/uploads\/sites\/35\/2023\/08\/instalaciones-ruzafa-2-1.jpg\" data-elementor-open-lightbox=\"yes\" data-elementor-lightbox-slideshow=\"d296140\" data-elementor-lightbox-title=\"instalaciones-ruzafa-2.jpg\" data-e-action-hash=\"#elementor-action%3Aaction%3Dlightbox%26settings%3DeyJpZCI6MTk1NzIsInVybCI6Imh0dHBzOlwvXC93d3cudW5hdmV0cy5jb21cL3J1emFmYVwvd3AtY29udGVudFwvdXBsb2Fkc1wvc2l0ZXNcLzM1XC8yMDIzXC8wOFwvaW5zdGFsYWNpb25lcy1ydXphZmEtMi0xLmpwZyIsInNsaWRlc2hvdyI6ImQyOTYxNDAifQ%3D%3D\">\n\t\t\t\t\t<div class=\"e-gallery-image elementor-gallery-item__image\" data-thumbnail=\"https:\/\/www.unavets.com\/ruzafa\/wp-content\/uploads\/sites\/35\/2023\/08\/instalaciones-ruzafa-2-1.jpg\" data-width=\"650\" data-height=\"434\" aria-label=\"\" role=\"img\" ><\/div>\n\t\t\t\t\t\t\t\t\t\t\t<div class=\"elementor-gallery-item__overlay\"><\/div>\n\t\t\t\t\t\t\t\t\t\t\t\t\t\t<\/a>\n\t\t\t\t\t\t\t<a class=\"e-gallery-item elementor-gallery-item elementor-animated-content\" href=\"https:\/\/www.unavets.com\/ruzafa\/wp-content\/uploads\/sites\/35\/2023\/08\/instalaciones-ruzafa-3-1.jpg\" data-elementor-open-lightbox=\"yes\" data-elementor-lightbox-slideshow=\"d296140\" data-elementor-lightbox-title=\"instalaciones-ruzafa-3.jpg\" data-e-action-hash=\"#elementor-action%3Aaction%3Dlightbox%26settings%3DeyJpZCI6MTk1NzQsInVybCI6Imh0dHBzOlwvXC93d3cudW5hdmV0cy5jb21cL3J1emFmYVwvd3AtY29udGVudFwvdXBsb2Fkc1wvc2l0ZXNcLzM1XC8yMDIzXC8wOFwvaW5zdGFsYWNpb25lcy1ydXphZmEtMy0xLmpwZyIsInNsaWRlc2hvdyI6ImQyOTYxNDAifQ%3D%3D\">\n\t\t\t\t\t<div class=\"e-gallery-image elementor-gallery-item__image\" data-thumbnail=\"https:\/\/www.unavets.com\/ruzafa\/wp-content\/uploads\/sites\/35\/2023\/08\/instalaciones-ruzafa-3-1.jpg\" data-width=\"724\" data-height=\"483\" aria-label=\"\" role=\"img\" ><\/div>\n\t\t\t\t\t\t\t\t\t\t\t<div class=\"elementor-gallery-item__overlay\"><\/div>\n\t\t\t\t\t\t\t\t\t\t\t\t\t\t<\/a>\n\t\t\t\t\t\t\t<a class=\"e-gallery-item elementor-gallery-item elementor-animated-content\" href=\"https:\/\/www.unavets.com\/ruzafa\/wp-content\/uploads\/sites\/35\/2023\/08\/instalaciones-ruzafa-4-2.jpg\" data-elementor-open-lightbox=\"yes\" data-elementor-lightbox-slideshow=\"d296140\" data-elementor-lightbox-title=\"instalaciones-ruzafa-4.jpg\" data-e-action-hash=\"#elementor-action%3Aaction%3Dlightbox%26settings%3DeyJpZCI6MTk1NzYsInVybCI6Imh0dHBzOlwvXC93d3cudW5hdmV0cy5jb21cL3J1emFmYVwvd3AtY29udGVudFwvdXBsb2Fkc1wvc2l0ZXNcLzM1XC8yMDIzXC8wOFwvaW5zdGFsYWNpb25lcy1ydXphZmEtNC0yLmpwZyIsInNsaWRlc2hvdyI6ImQyOTYxNDAifQ%3D%3D\">\n\t\t\t\t\t<div class=\"e-gallery-image elementor-gallery-item__image\" data-thumbnail=\"https:\/\/www.unavets.com\/ruzafa\/wp-content\/uploads\/sites\/35\/2023\/08\/instalaciones-ruzafa-4-2.jpg\" data-width=\"700\" data-height=\"467\" aria-label=\"\" role=\"img\" ><\/div>\n\t\t\t\t\t\t\t\t\t\t\t<div class=\"elementor-gallery-item__overlay\"><\/div>\n\t\t\t\t\t\t\t\t\t\t\t\t\t\t<\/a>\n\t\t\t\t\t\t\t<a class=\"e-gallery-item elementor-gallery-item elementor-animated-content\" href=\"https:\/\/www.unavets.com\/ruzafa\/wp-content\/uploads\/sites\/35\/2023\/08\/instalaciones-ruzafa-5-1.jpg\" data-elementor-open-lightbox=\"yes\" data-elementor-lightbox-slideshow=\"d296140\" data-elementor-lightbox-title=\"instalaciones-ruzafa-5.jpg\" data-e-action-hash=\"#elementor-action%3Aaction%3Dlightbox%26settings%3DeyJpZCI6MTk1NzgsInVybCI6Imh0dHBzOlwvXC93d3cudW5hdmV0cy5jb21cL3J1emFmYVwvd3AtY29udGVudFwvdXBsb2Fkc1wvc2l0ZXNcLzM1XC8yMDIzXC8wOFwvaW5zdGFsYWNpb25lcy1ydXphZmEtNS0xLmpwZyIsInNsaWRlc2hvdyI6ImQyOTYxNDAifQ%3D%3D\">\n\t\t\t\t\t<div class=\"e-gallery-image elementor-gallery-item__image\" data-thumbnail=\"https:\/\/www.unavets.com\/ruzafa\/wp-content\/uploads\/sites\/35\/2023\/08\/instalaciones-ruzafa-5-1.jpg\" data-width=\"600\" data-height=\"400\" aria-label=\"\" role=\"img\" ><\/div>\n\t\t\t\t\t\t\t\t\t\t\t<div class=\"elementor-gallery-item__overlay\"><\/div>\n\t\t\t\t\t\t\t\t\t\t\t\t\t\t<\/a>\n\t\t\t\t\t\t\t<a class=\"e-gallery-item elementor-gallery-item elementor-animated-content\" href=\"https:\/\/www.unavets.com\/ruzafa\/wp-content\/uploads\/sites\/35\/2023\/08\/instalaciones-ruzafa-1.jpg\" data-elementor-open-lightbox=\"yes\" data-elementor-lightbox-slideshow=\"d296140\" data-elementor-lightbox-title=\"instalaciones-ruzafa.jpg\" data-e-action-hash=\"#elementor-action%3Aaction%3Dlightbox%26settings%3DeyJpZCI6MTk1ODAsInVybCI6Imh0dHBzOlwvXC93d3cudW5hdmV0cy5jb21cL3J1emFmYVwvd3AtY29udGVudFwvdXBsb2Fkc1wvc2l0ZXNcLzM1XC8yMDIzXC8wOFwvaW5zdGFsYWNpb25lcy1ydXphZmEtMS5qcGciLCJzbGlkZXNob3ciOiJkMjk2MTQwIn0%3D\">\n\t\t\t\t\t<div class=\"e-gallery-image elementor-gallery-item__image\" data-thumbnail=\"https:\/\/www.unavets.com\/ruzafa\/wp-content\/uploads\/sites\/35\/2023\/08\/instalaciones-ruzafa-1.jpg\" data-width=\"700\" data-height=\"467\" aria-label=\"\" role=\"img\" ><\/div>\n\t\t\t\t\t\t\t\t\t\t\t<div class=\"elementor-gallery-item__overlay\"><\/div>\n\t\t\t\t\t\t\t\t\t\t\t\t\t\t<\/a>\n\t\t\t\t\t\t\t<a class=\"e-gallery-item elementor-gallery-item elementor-animated-content\" href=\"https:\/\/www.unavets.com\/ruzafa\/wp-content\/uploads\/sites\/35\/2023\/08\/quienes-somos-clinica-veterinaria-ruzafa-valencia5-1-1.jpg\" data-elementor-open-lightbox=\"yes\" data-elementor-lightbox-slideshow=\"d296140\" data-elementor-lightbox-title=\"quienes-somos-clinica-veterinaria-ruzafa-valencia5-1.jpg\" data-e-action-hash=\"#elementor-action%3Aaction%3Dlightbox%26settings%3DeyJpZCI6MTk1ODMsInVybCI6Imh0dHBzOlwvXC93d3cudW5hdmV0cy5jb21cL3J1emFmYVwvd3AtY29udGVudFwvdXBsb2Fkc1wvc2l0ZXNcLzM1XC8yMDIzXC8wOFwvcXVpZW5lcy1zb21vcy1jbGluaWNhLXZldGVyaW5hcmlhLXJ1emFmYS12YWxlbmNpYTUtMS0xLmpwZyIsInNsaWRlc2hvdyI6ImQyOTYxNDAifQ%3D%3D\">\n\t\t\t\t\t<div class=\"e-gallery-image elementor-gallery-item__image\" data-thumbnail=\"https:\/\/www.unavets.com\/ruzafa\/wp-content\/uploads\/sites\/35\/2023\/08\/quienes-somos-clinica-veterinaria-ruzafa-valencia5-1-1.jpg\" data-width=\"600\" data-height=\"400\" aria-label=\"\" role=\"img\" ><\/div>\n\t\t\t\t\t\t\t\t\t\t\t<div class=\"elementor-gallery-item__overlay\"><\/div>\n\t\t\t\t\t\t\t\t\t\t\t\t\t\t<\/a>\n\t\t\t\t\t<\/div>\n\t\t\t\t\t<\/div>\n\t\t\t\t<\/div>\n\t\t\t\t\t<\/div>\n\t\t<\/div>\n\t\t\t\t\t<\/div>\n\t\t<\/section>\n\t\t\t\t<\/div>\n\t\t","protected":false},"excerpt":{"rendered":"<p>La Cl\u00ednica Veterinaria Ruzafa cuenta con los mejores equipos e instalaciones a vuestra disposici\u00f3n para brindarte el m\u00e1s alto nivel de atenci\u00f3n Las instalaciones de la cl\u00ednica est\u00e1n completamente equipadas con la \u00faltima tecnolog\u00eda, lo que permite a los veterinarios proporcionar el mejor cuidado posible a sus pacientes. La cl\u00ednica tambi\u00e9n cuenta con una sala &hellip; <\/p>\n","protected":false},"author":1,"featured_media":0,"parent":0,"menu_order":0,"comment_status":"closed","ping_status":"closed","template":"page-fullwidth.php","meta":{"_acf_changed":false,"content-type":"","footnotes":""},"class_list":["post-13558","page","type-page","status-publish","hentry"],"acf":[],"_links":{"self":[{"href":"https:\/\/www.unavets.com\/ruzafa\/es\/wp-json\/wp\/v2\/pages\/13558","targetHints":{"allow":["GET"]}}],"collection":[{"href":"https:\/\/www.unavets.com\/ruzafa\/es\/wp-json\/wp\/v2\/pages"}],"about":[{"href":"https:\/\/www.unavets.com\/ruzafa\/es\/wp-json\/wp\/v2\/types\/page"}],"author":[{"embeddable":true,"href":"https:\/\/www.unavets.com\/ruzafa\/es\/wp-json\/wp\/v2\/users\/1"}],"replies":[{"embeddable":true,"href":"https:\/\/www.unavets.com\/ruzafa\/es\/wp-json\/wp\/v2\/comments?post=13558"}],"version-history":[{"count":0,"href":"https:\/\/www.unavets.com\/ruzafa\/es\/wp-json\/wp\/v2\/pages\/13558\/revisions"}],"wp:attachment":[{"href":"https:\/\/www.unavets.com\/ruzafa\/es\/wp-json\/wp\/v2\/media?parent=13558"}],"curies":[{"name":"wp","href":"https:\/\/api.w.org\/{rel}","templated":true}]}}