{"id":13550,"date":"2020-10-03T08:10:45","date_gmt":"2020-10-03T08:10:45","guid":{"rendered":"http:\/\/www.unavets.com\/ruzafa\/our-team\/"},"modified":"2026-03-27T07:02:02","modified_gmt":"2026-03-27T07:02:02","slug":"nuestro-equipo","status":"publish","type":"page","link":"https:\/\/www.unavets.com\/ruzafa\/es\/nuestro-equipo\/","title":{"rendered":"Nuestro equipo"},"content":{"rendered":"\t\t<div data-elementor-type=\"wp-page\" data-elementor-id=\"13550\" class=\"elementor elementor-13550 elementor-282\" data-elementor-post-type=\"page\">\n\t\t\t\t\t\t<section class=\"elementor-section elementor-top-section elementor-element elementor-element-2315038 pad-bot-0 elementor-section-boxed elementor-section-height-default elementor-section-height-default\" data-id=\"2315038\" data-element_type=\"section\" data-e-type=\"section\" id=\"main-sec\" data-settings=\"{&quot;background_background&quot;:&quot;classic&quot;}\">\n\t\t\t\t\t\t<div class=\"elementor-container elementor-column-gap-default\">\n\t\t\t\t\t<div class=\"elementor-column elementor-col-100 elementor-top-column elementor-element elementor-element-35c75b2\" data-id=\"35c75b2\" data-element_type=\"column\" data-e-type=\"column\">\n\t\t\t<div class=\"elementor-widget-wrap elementor-element-populated\">\n\t\t\t\t\t\t<div class=\"elementor-element elementor-element-28b1762 elementor-widget elementor-widget-text-editor\" data-id=\"28b1762\" data-element_type=\"widget\" data-e-type=\"widget\" data-widget_type=\"text-editor.default\">\n\t\t\t\t<div class=\"elementor-widget-container\">\n\t\t\t\t\t\t\t\t\t<p>En la <strong>Cl\u00ednica Veterinaria Ruzafa<\/strong> contamos con un equipo con gran experiencia y formaci\u00f3n: estamos comprometidos en mejorar, a trav\u00e9s de nuestra experiencia y formaci\u00f3n continua, el est\u00e1ndar de la medicina veterinaria y la atenci\u00f3n de alta calidad a nuestros pacientes.<\/p><p>Nuestras veterinarias est\u00e1n altamente capacitadas y dedicadas a la salud y el bienestar de tus mascotas. Nuestro <strong>amor por los animales<\/strong> es visible en el cuidado y atenci\u00f3n proporcionados.<\/p>\t\t\t\t\t\t\t\t<\/div>\n\t\t\t\t<\/div>\n\t\t\t\t\t<\/div>\n\t\t<\/div>\n\t\t\t\t\t<\/div>\n\t\t<\/section>\n\t\t\t\t<section class=\"elementor-section elementor-top-section elementor-element elementor-element-e31a7cf team-member elementor-section-boxed elementor-section-height-default elementor-section-height-default\" data-id=\"e31a7cf\" data-element_type=\"section\" data-e-type=\"section\">\n\t\t\t\t\t\t<div class=\"elementor-container elementor-column-gap-default\">\n\t\t\t\t\t<div class=\"elementor-column elementor-col-100 elementor-top-column elementor-element elementor-element-74bc16f\" data-id=\"74bc16f\" data-element_type=\"column\" data-e-type=\"column\">\n\t\t\t<div class=\"elementor-widget-wrap elementor-element-populated\">\n\t\t\t\t\t\t<div class=\"elementor-element elementor-element-26c3b90 elementor-hidden-tablet elementor-hidden-phone elementor-widget elementor-widget-section_titleleft\" data-id=\"26c3b90\" data-element_type=\"widget\" data-e-type=\"widget\" data-widget_type=\"section_titleleft.default\">\n\t\t\t\t<div class=\"elementor-widget-container\">\n\t\t\t\t\t        <div class=\"ab_text-title fl-wrap\">\n            <h3>Veterinarios <\/h3><span class=\"section-separator fl-sec-sep\"><\/span>        <\/div>\n        \t\t\t\t<\/div>\n\t\t\t\t<\/div>\n\t\t\t\t<section class=\"elementor-section elementor-inner-section elementor-element elementor-element-3669b34 elementor-section-boxed elementor-section-height-default elementor-section-height-default\" data-id=\"3669b34\" data-element_type=\"section\" data-e-type=\"section\">\n\t\t\t\t\t\t<div class=\"elementor-container elementor-column-gap-default\">\n\t\t\t\t\t<div class=\"elementor-column elementor-col-25 elementor-inner-column elementor-element elementor-element-a7cd8be\" data-id=\"a7cd8be\" data-element_type=\"column\" data-e-type=\"column\">\n\t\t\t<div class=\"elementor-widget-wrap elementor-element-populated\">\n\t\t\t\t\t\t<div class=\"elementor-element elementor-element-f06a80a elementor-widget elementor-widget-team_box\" data-id=\"f06a80a\" data-element_type=\"widget\" data-e-type=\"widget\" data-widget_type=\"team_box.default\">\n\t\t\t\t<div class=\"elementor-widget-container\">\n\t\t\t\t\t            <div class=\"team-holder section-team fl-wrap\">\n                <div class=\"team-box-image\">\n                    <div class=\"team-photo\">\n                        <img decoding=\"async\" src=\"https:\/\/www.unavets.com\/ruzafa\/wp-content\/uploads\/sites\/35\/2023\/08\/3.png\" class=\"respimg\">                                    \n                    <\/div>\n                    <div class=\"team-info\">\n                        <h3><a href=\"\">Mar\u00eda \u00c1ngeles Frontera Murgui<\/a><\/h3><h4>Directora Veterinaria<\/h4>Mari \u00c1ngeles curs\u00f3 la carrera de Veterinaria en la Facultad de Zaragoza entre finales de los a\u00f1os 80 y principios de los 90. Iniciando su trayectoria laboral en el a\u00f1o 1993\/94, tras un a\u00f1o trabajando en cl\u00ednica, fund\u00f3 junto a su socia la Cl\u00ednica Veterinaria Ruzafa.                    <\/div>\n                <\/div>\n            <\/div>\n        \t\t\t\t<\/div>\n\t\t\t\t<\/div>\n\t\t\t\t<div class=\"elementor-element elementor-element-53cee80 readmoretoggle elementor-widget elementor-widget-toggle\" data-id=\"53cee80\" data-element_type=\"widget\" data-e-type=\"widget\" data-widget_type=\"toggle.default\">\n\t\t\t\t<div class=\"elementor-widget-container\">\n\t\t\t\t\t\t\t<div class=\"elementor-toggle\">\n\t\t\t\t\t\t\t<div class=\"elementor-toggle-item\">\n\t\t\t\t\t<div id=\"elementor-tab-title-8781\" class=\"elementor-tab-title\" data-tab=\"1\" role=\"button\" aria-controls=\"elementor-tab-content-8781\" aria-expanded=\"false\">\n\t\t\t\t\t\t\t\t\t\t\t\t<a class=\"elementor-toggle-title\" tabindex=\"0\">Leer m\u00e1s<\/a>\n\t\t\t\t\t<\/div>\n\n\t\t\t\t\t<div id=\"elementor-tab-content-8781\" class=\"elementor-tab-content elementor-clearfix\" data-tab=\"1\" role=\"region\" aria-labelledby=\"elementor-tab-title-8781\"><p>Dedicadas al mundo canino, se enamor\u00f3 de los felinos, que poco a poco ganaron terreno en sus consultas.<\/p><p>Tras a\u00f1os asistiendo a cursos especializados en diferentes materias como dermatolog\u00eda, medicina interna y oncolog\u00eda, y algunos congresos, tambi\u00e9n curs\u00f3 en Bellaterra (Barcelona) el M\u00e1ster en Oftalmolog\u00eda en el a\u00f1o 2003-2004.<\/p><p>Le interesa tambi\u00e9n el campo de la cirug\u00eda, ya que en la Facultad particip\u00f3 en este departamento.<\/p><p>Con un gran equipo de profesionales junto a ella, han cubierto una trayectoria de casi 30 a\u00f1os.<\/p><p>En su tiempo libre procura hacer deporte, sobre todo en monta\u00f1a, cuidar de sus gatos y por supuesto disfrutar con su familia.<\/p><\/div>\n\t\t\t\t<\/div>\n\t\t\t\t\t\t\t\t<\/div>\n\t\t\t\t\t\t<\/div>\n\t\t\t\t<\/div>\n\t\t\t\t\t<\/div>\n\t\t<\/div>\n\t\t\t\t<div class=\"elementor-column elementor-col-25 elementor-inner-column elementor-element elementor-element-d5ec886\" data-id=\"d5ec886\" data-element_type=\"column\" data-e-type=\"column\">\n\t\t\t<div class=\"elementor-widget-wrap elementor-element-populated\">\n\t\t\t\t\t\t<div class=\"elementor-element elementor-element-4b8ca33 elementor-widget elementor-widget-team_box\" data-id=\"4b8ca33\" data-element_type=\"widget\" data-e-type=\"widget\" data-widget_type=\"team_box.default\">\n\t\t\t\t<div class=\"elementor-widget-container\">\n\t\t\t\t\t            <div class=\"team-holder section-team fl-wrap\">\n                <div class=\"team-box-image\">\n                    <div class=\"team-photo\">\n                        <img decoding=\"async\" src=\"https:\/\/www.unavets.com\/ruzafa\/wp-content\/uploads\/sites\/35\/2023\/08\/2.png\" class=\"respimg\">                                    \n                    <\/div>\n                    <div class=\"team-info\">\n                        <h3><a href=\"\">Victoria Navarro <\/a><\/h3><h4>Veterinario<\/h4>Graduada en Veterinaria por la Universidad CEU Cardenal Herrera en Moncada en 2018. Continu\u00f3 su formaci\u00f3n en 2019 con el posgrado de Urgencias y Cuidados Intensivos en peque\u00f1os animales en la Universidad UAB de Barcelona.                    <\/div>\n                <\/div>\n            <\/div>\n        \t\t\t\t<\/div>\n\t\t\t\t<\/div>\n\t\t\t\t<div class=\"elementor-element elementor-element-af24106 readmoretoggle elementor-widget elementor-widget-toggle\" data-id=\"af24106\" data-element_type=\"widget\" data-e-type=\"widget\" data-widget_type=\"toggle.default\">\n\t\t\t\t<div class=\"elementor-widget-container\">\n\t\t\t\t\t\t\t<div class=\"elementor-toggle\">\n\t\t\t\t\t\t\t<div class=\"elementor-toggle-item\">\n\t\t\t\t\t<div id=\"elementor-tab-title-1831\" class=\"elementor-tab-title\" data-tab=\"1\" role=\"button\" aria-controls=\"elementor-tab-content-1831\" aria-expanded=\"false\">\n\t\t\t\t\t\t\t\t\t\t\t\t<a class=\"elementor-toggle-title\" tabindex=\"0\">Leer m\u00e1s<\/a>\n\t\t\t\t\t<\/div>\n\n\t\t\t\t\t<div id=\"elementor-tab-content-1831\" class=\"elementor-tab-content elementor-clearfix\" data-tab=\"1\" role=\"region\" aria-labelledby=\"elementor-tab-title-1831\"><p>Desde el d\u00eda que acab\u00f3 la carrera comenz\u00f3 su vida laboral en la Cl\u00ednica Veterinaria Ruzafa y ha continuando ampliando su experiencia en medicina interna durante estos a\u00f1os, con la perspectiva de ampliar su formaci\u00f3n en gesti\u00f3n de cl\u00ednicas veterinarias y personal.<\/p><p>En su tiempo libre disfruta de dibujar retratos de mascotas, hacer fotograf\u00eda y pasar tiempo con su familia, incluyendo sus dos hijas perrunas.<\/p><\/div>\n\t\t\t\t<\/div>\n\t\t\t\t\t\t\t\t<\/div>\n\t\t\t\t\t\t<\/div>\n\t\t\t\t<\/div>\n\t\t\t\t\t<\/div>\n\t\t<\/div>\n\t\t\t\t<div class=\"elementor-column elementor-col-25 elementor-inner-column elementor-element elementor-element-b179804\" data-id=\"b179804\" data-element_type=\"column\" data-e-type=\"column\">\n\t\t\t<div class=\"elementor-widget-wrap\">\n\t\t\t\t\t\t\t<\/div>\n\t\t<\/div>\n\t\t\t\t<div class=\"elementor-column elementor-col-25 elementor-inner-column elementor-element elementor-element-abb8da2\" data-id=\"abb8da2\" data-element_type=\"column\" data-e-type=\"column\">\n\t\t\t<div class=\"elementor-widget-wrap\">\n\t\t\t\t\t\t\t<\/div>\n\t\t<\/div>\n\t\t\t\t\t<\/div>\n\t\t<\/section>\n\t\t\t\t\t<\/div>\n\t\t<\/div>\n\t\t\t\t\t<\/div>\n\t\t<\/section>\n\t\t\t\t<section class=\"elementor-section elementor-top-section elementor-element elementor-element-bd3ff8b team-member elementor-section-boxed elementor-section-height-default elementor-section-height-default\" data-id=\"bd3ff8b\" data-element_type=\"section\" data-e-type=\"section\">\n\t\t\t\t\t\t<div class=\"elementor-container elementor-column-gap-default\">\n\t\t\t\t\t<div class=\"elementor-column elementor-col-100 elementor-top-column elementor-element elementor-element-bf13140\" data-id=\"bf13140\" data-element_type=\"column\" data-e-type=\"column\">\n\t\t\t<div class=\"elementor-widget-wrap elementor-element-populated\">\n\t\t\t\t\t\t<div class=\"elementor-element elementor-element-a256994 elementor-hidden-tablet elementor-hidden-phone elementor-widget elementor-widget-section_titleleft\" data-id=\"a256994\" data-element_type=\"widget\" data-e-type=\"widget\" data-widget_type=\"section_titleleft.default\">\n\t\t\t\t<div class=\"elementor-widget-container\">\n\t\t\t\t\t        <div class=\"ab_text-title fl-wrap\">\n            <h3>T\u00e9cnicos y Auxiliares<\/h3><span class=\"section-separator fl-sec-sep\"><\/span>        <\/div>\n        \t\t\t\t<\/div>\n\t\t\t\t<\/div>\n\t\t\t\t<section class=\"elementor-section elementor-inner-section elementor-element elementor-element-01e2190 elementor-section-boxed elementor-section-height-default elementor-section-height-default\" data-id=\"01e2190\" data-element_type=\"section\" data-e-type=\"section\">\n\t\t\t\t\t\t<div class=\"elementor-container elementor-column-gap-default\">\n\t\t\t\t\t<div class=\"elementor-column elementor-col-25 elementor-inner-column elementor-element elementor-element-5740b6d\" data-id=\"5740b6d\" data-element_type=\"column\" data-e-type=\"column\">\n\t\t\t<div class=\"elementor-widget-wrap elementor-element-populated\">\n\t\t\t\t\t\t<div class=\"elementor-element elementor-element-d662d10 elementor-widget elementor-widget-team_box\" data-id=\"d662d10\" data-element_type=\"widget\" data-e-type=\"widget\" data-widget_type=\"team_box.default\">\n\t\t\t\t<div class=\"elementor-widget-container\">\n\t\t\t\t\t            <div class=\"team-holder section-team fl-wrap\">\n                <div class=\"team-box-image\">\n                    <div class=\"team-photo\">\n                        <img decoding=\"async\" src=\"https:\/\/www.unavets.com\/ruzafa\/wp-content\/uploads\/sites\/35\/2023\/08\/1.png\" class=\"respimg\">                                    \n                    <\/div>\n                    <div class=\"team-info\">\n                        <h3><a href=\"\">Beatriz Coller <\/a><\/h3><h4>Auxiliar Veterinaria <\/h4>Tras finalizar sus estudios de Auxiliar T\u00e9cnico Veterinario (ATV) en el Centro de Estudios CIM, y con m\u00e1s de 25 a\u00f1os de experiencia en cl\u00ednica de peque\u00f1os animales, sigue form\u00e1ndose y desarrollando su trabajo para ofrecer al cliente\/paciente una atenci\u00f3n cercana y de calidad.                    <\/div>\n                <\/div>\n            <\/div>\n        \t\t\t\t<\/div>\n\t\t\t\t<\/div>\n\t\t\t\t<div class=\"elementor-element elementor-element-545d096 readmoretoggle elementor-widget elementor-widget-toggle\" data-id=\"545d096\" data-element_type=\"widget\" data-e-type=\"widget\" data-widget_type=\"toggle.default\">\n\t\t\t\t<div class=\"elementor-widget-container\">\n\t\t\t\t\t\t\t<div class=\"elementor-toggle\">\n\t\t\t\t\t\t\t<div class=\"elementor-toggle-item\">\n\t\t\t\t\t<div id=\"elementor-tab-title-8841\" class=\"elementor-tab-title\" data-tab=\"1\" role=\"button\" aria-controls=\"elementor-tab-content-8841\" aria-expanded=\"false\">\n\t\t\t\t\t\t\t\t\t\t\t\t<a class=\"elementor-toggle-title\" tabindex=\"0\">Leer m\u00e1s<\/a>\n\t\t\t\t\t<\/div>\n\n\t\t\t\t\t<div id=\"elementor-tab-content-8841\" class=\"elementor-tab-content elementor-clearfix\" data-tab=\"1\" role=\"region\" aria-labelledby=\"elementor-tab-title-8841\"><p>Las \u00e1reas que m\u00e1s le gustan son hospitalizaci\u00f3n, medicina del comportamiento y nutrici\u00f3n, as\u00ed como el desarrollo de t\u00e9cnicas para minimizar el estr\u00e9s que sufren los pacientes mientras permanecen en las instalaciones.<\/p><p>\u00a0<\/p><p>&#8220;Nuestra labor como ATV, aunque invisible, es muy gratificante. No cambiar\u00eda mi trabajo por nada del mundo&#8221;, afirma.<\/p><\/div>\n\t\t\t\t<\/div>\n\t\t\t\t\t\t\t\t<\/div>\n\t\t\t\t\t\t<\/div>\n\t\t\t\t<\/div>\n\t\t\t\t\t<\/div>\n\t\t<\/div>\n\t\t\t\t<div class=\"elementor-column elementor-col-25 elementor-inner-column elementor-element elementor-element-ce55e44\" data-id=\"ce55e44\" data-element_type=\"column\" data-e-type=\"column\">\n\t\t\t<div class=\"elementor-widget-wrap elementor-element-populated\">\n\t\t\t\t\t\t<div class=\"elementor-element elementor-element-46912ac elementor-widget elementor-widget-team_box\" data-id=\"46912ac\" data-element_type=\"widget\" data-e-type=\"widget\" data-widget_type=\"team_box.default\">\n\t\t\t\t<div class=\"elementor-widget-container\">\n\t\t\t\t\t            <div class=\"team-holder section-team fl-wrap\">\n                <div class=\"team-box-image\">\n                    <div class=\"team-photo\">\n                        <img decoding=\"async\" src=\"https:\/\/www.unavets.com\/ruzafa\/wp-content\/uploads\/sites\/35\/2025\/11\/Empleados-Pagina-web-4-scaled.jpg\" class=\"respimg\">                                    \n                    <\/div>\n                    <div class=\"team-info\">\n                        <h3><a href=\"\">Karen Rodr\u00edguez<\/a><\/h3><h4>Auxiliar Veterinaria <\/h4>Se form\u00f3 como ATV en el Instituto Veterinario I-Vet en 2022. Realiz\u00f3 sus pr\u00e1cticas en el Hospital Veterinario Asgard (Alzira), donde posteriormente trabaj\u00f3 tres meses y pudo aprender de cerca el ritmo real de una cl\u00ednica.                    <\/div>\n                <\/div>\n            <\/div>\n        \t\t\t\t<\/div>\n\t\t\t\t<\/div>\n\t\t\t\t<div class=\"elementor-element elementor-element-c7ec329 readmoretoggle elementor-widget elementor-widget-toggle\" data-id=\"c7ec329\" data-element_type=\"widget\" data-e-type=\"widget\" data-widget_type=\"toggle.default\">\n\t\t\t\t<div class=\"elementor-widget-container\">\n\t\t\t\t\t\t\t<div class=\"elementor-toggle\">\n\t\t\t\t\t\t\t<div class=\"elementor-toggle-item\">\n\t\t\t\t\t<div id=\"elementor-tab-title-2091\" class=\"elementor-tab-title\" data-tab=\"1\" role=\"button\" aria-controls=\"elementor-tab-content-2091\" aria-expanded=\"false\">\n\t\t\t\t\t\t\t\t\t\t\t\t<a class=\"elementor-toggle-title\" tabindex=\"0\">Leer m\u00e1s<\/a>\n\t\t\t\t\t<\/div>\n\n\t\t\t\t\t<div id=\"elementor-tab-content-2091\" class=\"elementor-tab-content elementor-clearfix\" data-tab=\"1\" role=\"region\" aria-labelledby=\"elementor-tab-title-2091\"><p>Las \u00e1reas que m\u00e1s le apasionan son el quir\u00f3fano (dice que podr\u00eda vivir all\u00ed), la nutrici\u00f3n natural y el estudio del sistema digestivo \u2014al que considera nuestro \u201csegundo cerebro\u201d\u2014, adem\u00e1s de la etolog\u00eda y el bienestar emocional.<br data-start=\"565\" data-end=\"568\" \/>En su tiempo libre disfruta de pasear bajo el sol con su perro Aslan, practicar yoga, cocinar, leer y seguir aprendiendo sobre todo lo que despierta su curiosidad.<\/p><\/div>\n\t\t\t\t<\/div>\n\t\t\t\t\t\t\t\t<\/div>\n\t\t\t\t\t\t<\/div>\n\t\t\t\t<\/div>\n\t\t\t\t\t<\/div>\n\t\t<\/div>\n\t\t\t\t<div class=\"elementor-column elementor-col-25 elementor-inner-column elementor-element elementor-element-3d3d3e0 nodata_bor\" data-id=\"3d3d3e0\" data-element_type=\"column\" data-e-type=\"column\">\n\t\t\t<div class=\"elementor-widget-wrap\">\n\t\t\t\t\t\t\t<\/div>\n\t\t<\/div>\n\t\t\t\t<div class=\"elementor-column elementor-col-25 elementor-inner-column elementor-element elementor-element-c98919d nodata_bor\" data-id=\"c98919d\" data-element_type=\"column\" data-e-type=\"column\">\n\t\t\t<div class=\"elementor-widget-wrap\">\n\t\t\t\t\t\t\t<\/div>\n\t\t<\/div>\n\t\t\t\t\t<\/div>\n\t\t<\/section>\n\t\t\t\t\t<\/div>\n\t\t<\/div>\n\t\t\t\t\t<\/div>\n\t\t<\/section>\n\t\t\t\t<\/div>\n\t\t","protected":false},"excerpt":{"rendered":"<p>En la Cl\u00ednica Veterinaria Ruzafa contamos con un equipo con gran experiencia y formaci\u00f3n: estamos comprometidos en mejorar, a trav\u00e9s de nuestra experiencia y formaci\u00f3n continua, el est\u00e1ndar de la medicina veterinaria y la atenci\u00f3n de alta calidad a nuestros pacientes. Nuestras veterinarias est\u00e1n altamente capacitadas y dedicadas a la salud y el bienestar de &hellip; <\/p>\n","protected":false},"author":1,"featured_media":0,"parent":0,"menu_order":0,"comment_status":"closed","ping_status":"closed","template":"page-fullwidth.php","meta":{"_acf_changed":false,"content-type":"","footnotes":""},"class_list":["post-13550","page","type-page","status-publish","hentry"],"acf":[],"_links":{"self":[{"href":"https:\/\/www.unavets.com\/ruzafa\/es\/wp-json\/wp\/v2\/pages\/13550","targetHints":{"allow":["GET"]}}],"collection":[{"href":"https:\/\/www.unavets.com\/ruzafa\/es\/wp-json\/wp\/v2\/pages"}],"about":[{"href":"https:\/\/www.unavets.com\/ruzafa\/es\/wp-json\/wp\/v2\/types\/page"}],"author":[{"embeddable":true,"href":"https:\/\/www.unavets.com\/ruzafa\/es\/wp-json\/wp\/v2\/users\/1"}],"replies":[{"embeddable":true,"href":"https:\/\/www.unavets.com\/ruzafa\/es\/wp-json\/wp\/v2\/comments?post=13550"}],"version-history":[{"count":31,"href":"https:\/\/www.unavets.com\/ruzafa\/es\/wp-json\/wp\/v2\/pages\/13550\/revisions"}],"predecessor-version":[{"id":20537,"href":"https:\/\/www.unavets.com\/ruzafa\/es\/wp-json\/wp\/v2\/pages\/13550\/revisions\/20537"}],"wp:attachment":[{"href":"https:\/\/www.unavets.com\/ruzafa\/es\/wp-json\/wp\/v2\/media?parent=13550"}],"curies":[{"name":"wp","href":"https:\/\/api.w.org\/{rel}","templated":true}]}}