{"id":280,"date":"2020-10-03T08:11:17","date_gmt":"2020-10-03T08:11:17","guid":{"rendered":"http:\/\/www.unavets.com\/cabrils\/?page_id=280"},"modified":"2023-08-22T13:13:54","modified_gmt":"2023-08-22T13:13:54","slug":"join-us","status":"publish","type":"page","link":"https:\/\/www.unavets.com\/quirino\/join-us\/","title":{"rendered":"Work with Us"},"content":{"rendered":"\t\t<div data-elementor-type=\"wp-page\" data-elementor-id=\"280\" class=\"elementor elementor-280\" data-elementor-post-type=\"page\">\n\t\t\t\t\t\t<section class=\"elementor-section elementor-top-section elementor-element elementor-element-54428c4 pad-bot-50 elementor-section-boxed elementor-section-height-default elementor-section-height-default\" data-id=\"54428c4\" data-element_type=\"section\" data-e-type=\"section\" id=\"main-sec\">\n\t\t\t\t\t\t<div class=\"elementor-container elementor-column-gap-wide\">\n\t\t\t\t\t<div class=\"elementor-column elementor-col-50 elementor-top-column elementor-element elementor-element-e35c790\" data-id=\"e35c790\" data-element_type=\"column\" data-e-type=\"column\">\n\t\t\t<div class=\"elementor-widget-wrap elementor-element-populated\">\n\t\t\t\t\t\t<div class=\"elementor-element elementor-element-e99e1ac elementor-widget elementor-widget-section_titleleft\" data-id=\"e99e1ac\" data-element_type=\"widget\" data-e-type=\"widget\" data-widget_type=\"section_titleleft.default\">\n\t\t\t\t<div class=\"elementor-widget-container\">\n\t\t\t\t\t        <div class=\"ab_text-title fl-wrap\">\n            <h3>Ponte en contacto<\/h3><span class=\"section-separator fl-sec-sep\"><\/span>        <\/div>\n        \t\t\t\t<\/div>\n\t\t\t\t<\/div>\n\t\t\t\t<section class=\"elementor-section elementor-inner-section elementor-element elementor-element-00be141 elementor-section-boxed elementor-section-height-default elementor-section-height-default\" data-id=\"00be141\" data-element_type=\"section\" data-e-type=\"section\">\n\t\t\t\t\t\t<div class=\"elementor-container elementor-column-gap-default\">\n\t\t\t\t\t<div class=\"elementor-column elementor-col-50 elementor-inner-column elementor-element elementor-element-0022c7d\" data-id=\"0022c7d\" data-element_type=\"column\" data-e-type=\"column\">\n\t\t\t<div class=\"elementor-widget-wrap elementor-element-populated\">\n\t\t\t\t\t\t<div class=\"elementor-element elementor-element-22e1e64 elementor-widget elementor-widget-image\" data-id=\"22e1e64\" data-element_type=\"widget\" data-e-type=\"widget\" data-widget_type=\"image.default\">\n\t\t\t\t<div class=\"elementor-widget-container\">\n\t\t\t\t\t\t\t\t\t\t\t\t\t\t\t<img fetchpriority=\"high\" width=\"498\" height=\"148\" class=\"attachment-large size-large wp-image-23072 lazy\" alt=\"\" data-src=\"https:\/\/www.unavets.com\/quirino\/wp-content\/uploads\/sites\/33\/2023\/08\/Melocoton-Pincelada-Trazo-Fotografia-Logotipo-14-e1690812735750.png\" data-lazy=\"https:\/\/www.unavets.com\/quirino\/wp-content\/uploads\/sites\/33\/2023\/08\/Melocoton-Pincelada-Trazo-Fotografia-Logotipo-14-e1690812735750.png\" \/>\t\t\t\t\t\t\t\t\t\t\t\t\t\t\t<\/div>\n\t\t\t\t<\/div>\n\t\t\t\t\t<\/div>\n\t\t<\/div>\n\t\t\t\t<div class=\"elementor-column elementor-col-50 elementor-inner-column elementor-element elementor-element-e848bb9\" data-id=\"e848bb9\" data-element_type=\"column\" data-e-type=\"column\">\n\t\t\t<div class=\"elementor-widget-wrap\">\n\t\t\t\t\t\t\t<\/div>\n\t\t<\/div>\n\t\t\t\t\t<\/div>\n\t\t<\/section>\n\t\t\t\t<div class=\"elementor-element elementor-element-937f3eb contact-infos-widget elementor-widget elementor-widget-text-editor\" data-id=\"937f3eb\" data-element_type=\"widget\" data-e-type=\"widget\" data-widget_type=\"text-editor.default\">\n\t\t\t\t<div class=\"elementor-widget-container\">\n\t\t\t\t\t\t\t\t\t<ul class=\"no-list-style contact-infos\"><li><span class=\"no-rep\"><i class=\"fal fa-map-marker\"><\/i> Direcci\u00f3n:<a href=\"https:\/\/goo.gl\/maps\/5LtGx4z1T6Uhu68v7\" target=\"_blank\" rel=\"noopener\">C\/ V\u00eda Parque, 15, Bajo B, 11300 La L\u00ednea de la Concepci\u00f3n, C\u00e1diz<\/a><\/span><\/li><li><span class=\"no-rep\"><i class=\"fal fa-phone\"><\/i> Tel\u00e9fono: <a href=\"tel:+34 956 76 27 02\">956 762 702<\/a><\/span><\/li><li><span class=\"no-rep\"><i class=\"fal fa-envelope\"><\/i> Correo:<\/span> <a href=\"mailto:info.quirino@unavets.com\">info.quirino@unavets.com<\/a><\/li><\/ul><ul class=\"no-list-style contact-socials\"><li><a href=\"https:\/\/www.facebook.com\/clinicaveterinariaquirino\/\" target=\"_blank\" rel=\"noopener\"><i class=\"fab fa-facebook-f\"><\/i><\/a><\/li><\/ul>\t\t\t\t\t\t\t\t<\/div>\n\t\t\t\t<\/div>\n\t\t\t\t<section class=\"elementor-section elementor-inner-section elementor-element elementor-element-58c1b44 elementor-section-boxed elementor-section-height-default elementor-section-height-default\" data-id=\"58c1b44\" data-element_type=\"section\" data-e-type=\"section\">\n\t\t\t\t\t\t<div class=\"elementor-container elementor-column-gap-default\">\n\t\t\t\t\t<div class=\"elementor-column elementor-col-50 elementor-inner-column elementor-element elementor-element-d8f2dc2\" data-id=\"d8f2dc2\" data-element_type=\"column\" data-e-type=\"column\">\n\t\t\t<div class=\"elementor-widget-wrap elementor-element-populated\">\n\t\t\t\t\t\t<div class=\"elementor-element elementor-element-5c4c9fb elementor-widget elementor-widget-image\" data-id=\"5c4c9fb\" data-element_type=\"widget\" data-e-type=\"widget\" data-widget_type=\"image.default\">\n\t\t\t\t<div class=\"elementor-widget-container\">\n\t\t\t\t\t\t\t\t\t\t\t\t\t\t\t<img width=\"498\" height=\"128\" class=\"attachment-large size-large wp-image-23074 lazy\" alt=\"\" data-src=\"https:\/\/www.unavets.com\/quirino\/wp-content\/uploads\/sites\/33\/2023\/08\/Melocoton-Pincelada-Trazo-Fotografia-Logotipo-16-e1690812683624.png\" data-lazy=\"https:\/\/www.unavets.com\/quirino\/wp-content\/uploads\/sites\/33\/2023\/08\/Melocoton-Pincelada-Trazo-Fotografia-Logotipo-16-e1690812683624.png\" \/>\t\t\t\t\t\t\t\t\t\t\t\t\t\t\t<\/div>\n\t\t\t\t<\/div>\n\t\t\t\t\t<\/div>\n\t\t<\/div>\n\t\t\t\t<div class=\"elementor-column elementor-col-50 elementor-inner-column elementor-element elementor-element-2c4d235\" data-id=\"2c4d235\" data-element_type=\"column\" data-e-type=\"column\">\n\t\t\t<div class=\"elementor-widget-wrap\">\n\t\t\t\t\t\t\t<\/div>\n\t\t<\/div>\n\t\t\t\t\t<\/div>\n\t\t<\/section>\n\t\t\t\t<div class=\"elementor-element elementor-element-d5a10d4 contact-infos-widget elementor-widget elementor-widget-text-editor\" data-id=\"d5a10d4\" data-element_type=\"widget\" data-e-type=\"widget\" data-widget_type=\"text-editor.default\">\n\t\t\t\t<div class=\"elementor-widget-container\">\n\t\t\t\t\t\t\t\t\t<ul class=\"no-list-style contact-infos\"><li><span class=\"no-rep\"><i class=\"fal fa-map-marker\"><\/i> Direcci\u00f3n:<a href=\"https:\/\/goo.gl\/maps\/pkqw7mQr9uipD3eu9\" target=\"_blank\" rel=\"noopener\"> 6 Waterport Rd, Gibraltar GX11 1AA, Gibraltar<\/a><\/span><\/li><li><span class=\"no-rep\"><i class=\"fal fa-phone\"><\/i> Tel\u00e9fono:<a class=\"topbar-item\" href=\"tel: +35020078187\" rel=\"noopener\"><span class=\"info-text\"> +35 020 078 187<\/span><\/a><\/span><\/li><li><span class=\"no-rep\"><i class=\"fal fa-envelope\"><\/i> Correo:<\/span> <a href=\"mailto:info.quirinogibraltar@unavets.com\">info.quirinogibraltar@unavets.com<\/a><\/li><\/ul><ul class=\"no-list-style contact-socials\"><li><a href=\"https:\/\/www.facebook.com\/quirinovetgibraltar\/\" target=\"_blank\" rel=\"noopener\"><i class=\"fab fa-facebook-f\"><\/i><\/a><\/li><\/ul>\t\t\t\t\t\t\t\t<\/div>\n\t\t\t\t<\/div>\n\t\t\t\t\t<\/div>\n\t\t<\/div>\n\t\t\t\t<div class=\"elementor-column elementor-col-50 elementor-top-column elementor-element elementor-element-d435c3f\" data-id=\"d435c3f\" data-element_type=\"column\" data-e-type=\"column\">\n\t\t\t<div class=\"elementor-widget-wrap elementor-element-populated\">\n\t\t\t\t\t\t<div class=\"elementor-element elementor-element-4659daa elementor-widget elementor-widget-section_titleleft\" data-id=\"4659daa\" data-element_type=\"widget\" data-e-type=\"widget\" data-widget_type=\"section_titleleft.default\">\n\t\t\t\t<div class=\"elementor-widget-container\">\n\t\t\t\t\t        <div class=\"ab_text-title fl-wrap\">\n            <h3>Interested in joining our team?<\/h3><span class=\"section-separator fl-sec-sep\"><\/span>        <\/div>\n        \t\t\t\t<\/div>\n\t\t\t\t<\/div>\n\t\t\t\t<div class=\"elementor-element elementor-element-f74f60c elementor-widget elementor-widget-text-editor\" data-id=\"f74f60c\" data-element_type=\"widget\" data-e-type=\"widget\" data-widget_type=\"text-editor.default\">\n\t\t\t\t<div class=\"elementor-widget-container\">\n\t\t\t\t\t\t\t\t\t<p>We are always open to expanding our team with qualified, dedicated and passionate professionals.\u00a0 <span style=\"color: #3366ff\"><strong><span style=\"text-decoration: underline\"><a style=\"color: #3366ff;text-decoration: underline\" href=\"http:\/\/www.unavets.com\/career-opportunities\/\">Learn about <\/a><\/span><\/strong><\/span>the open positions at Quirino Veterinary Centres and other UNAVETS clinics in your area.<\/p><p>If we currently have no positions available but you are still interested in working with us, please fill out the form below and we will consider your profile for future vacancies.<\/p><p>\n\t\t\t\t\t\t<script>\n\t\t\t\t\t\t\twindow.hsFormsOnReady = window.hsFormsOnReady || [];\n\t\t\t\t\t\t\twindow.hsFormsOnReady.push(()=>{\n\t\t\t\t\t\t\t\thbspt.forms.create({\n\t\t\t\t\t\t\t\t\tportalId: 8560088,\n\t\t\t\t\t\t\t\t\tformId: \"83dcb409-2e5e-489b-a249-d9cd59c27316\",\n\t\t\t\t\t\t\t\t\ttarget: \"#hbspt-form-1776210363000-2203416635\",\n\t\t\t\t\t\t\t\t\tregion: \"\",\n\t\t\t\t\t\t\t\t\t\n\t\t\t\t\t\t\t})});\n\t\t\t\t\t\t<\/script>\n\t\t\t\t\t\t<div class=\"hbspt-form\" id=\"hbspt-form-1776210363000-2203416635\"><\/div><\/p>\t\t\t\t\t\t\t\t<\/div>\n\t\t\t\t<\/div>\n\t\t\t\t\t<\/div>\n\t\t<\/div>\n\t\t\t\t\t<\/div>\n\t\t<\/section>\n\t\t\t\t<\/div>\n\t\t","protected":false},"excerpt":{"rendered":"<p>Ponte en contacto Direcci\u00f3n:C\/ V\u00eda Parque, 15, Bajo B, 11300 La L\u00ednea de la Concepci\u00f3n, C\u00e1diz Tel\u00e9fono: 956 762 702 Correo: info.quirino@unavets.com Direcci\u00f3n: 6 Waterport Rd, Gibraltar GX11 1AA, Gibraltar Tel\u00e9fono: +35 020 078 187 Correo: info.quirinogibraltar@unavets.com Interested in joining our team? We are always open to expanding our team with qualified, dedicated and passionate &hellip; <\/p>\n","protected":false},"author":1,"featured_media":0,"parent":0,"menu_order":0,"comment_status":"closed","ping_status":"closed","template":"page-fullwidth.php","meta":{"_acf_changed":false,"content-type":"","footnotes":""},"class_list":["post-280","page","type-page","status-publish","hentry"],"acf":[],"_links":{"self":[{"href":"https:\/\/www.unavets.com\/quirino\/wp-json\/wp\/v2\/pages\/280","targetHints":{"allow":["GET"]}}],"collection":[{"href":"https:\/\/www.unavets.com\/quirino\/wp-json\/wp\/v2\/pages"}],"about":[{"href":"https:\/\/www.unavets.com\/quirino\/wp-json\/wp\/v2\/types\/page"}],"author":[{"embeddable":true,"href":"https:\/\/www.unavets.com\/quirino\/wp-json\/wp\/v2\/users\/1"}],"replies":[{"embeddable":true,"href":"https:\/\/www.unavets.com\/quirino\/wp-json\/wp\/v2\/comments?post=280"}],"version-history":[{"count":0,"href":"https:\/\/www.unavets.com\/quirino\/wp-json\/wp\/v2\/pages\/280\/revisions"}],"wp:attachment":[{"href":"https:\/\/www.unavets.com\/quirino\/wp-json\/wp\/v2\/media?parent=280"}],"curies":[{"name":"wp","href":"https:\/\/api.w.org\/{rel}","templated":true}]}}