{"id":18625,"date":"2022-04-20T09:47:57","date_gmt":"2022-04-20T09:47:57","guid":{"rendered":"https:\/\/www.unavets.com\/quirino\/?page_id=18625"},"modified":"2024-12-30T18:12:41","modified_gmt":"2024-12-30T18:12:41","slug":"quirino-veterinary-clinic-la-linea-de-la-concepcion","status":"publish","type":"page","link":"https:\/\/www.unavets.com\/quirino\/quirino-veterinary-clinic-la-linea-de-la-concepcion\/","title":{"rendered":"Quirino Veterinary Clinic &#8211; La L\u00ednea de la Concepci\u00f3n"},"content":{"rendered":"\t\t<div data-elementor-type=\"wp-page\" data-elementor-id=\"18625\" class=\"elementor elementor-18625 elementor-18617\" data-elementor-post-type=\"page\">\n\t\t\t\t\t\t<section class=\"elementor-section elementor-top-section elementor-element elementor-element-54cf215 pad-top-0 elementor-section-boxed elementor-section-height-default elementor-section-height-default\" data-id=\"54cf215\" data-element_type=\"section\" data-e-type=\"section\" id=\"main-sec\" data-settings=\"{&quot;background_background&quot;:&quot;classic&quot;}\">\n\t\t\t\t\t\t<div class=\"elementor-container elementor-column-gap-wide\">\n\t\t\t\t\t<div class=\"elementor-column elementor-col-100 elementor-top-column elementor-element elementor-element-d926441\" data-id=\"d926441\" data-element_type=\"column\" data-e-type=\"column\">\n\t\t\t<div class=\"elementor-widget-wrap elementor-element-populated\">\n\t\t\t\t\t\t<div class=\"elementor-element elementor-element-ac5c964 elementor-widget elementor-widget-text-editor\" data-id=\"ac5c964\" data-element_type=\"widget\" data-e-type=\"widget\" data-widget_type=\"text-editor.default\">\n\t\t\t\t<div class=\"elementor-widget-container\">\n\t\t\t\t\t\t\t\t\t<p><strong>Quirino Veterinary Clinic<\/strong><\/p><p><strong>Our team of veterinarians and technicians is highly qualified and experienced in caring for all types of pets, from dogs and cats to exotic animals.<\/strong><\/p>\t\t\t\t\t\t\t\t<\/div>\n\t\t\t\t<\/div>\n\t\t\t\t<section class=\"elementor-section elementor-inner-section elementor-element elementor-element-e4f502b elementor-section-boxed elementor-section-height-default elementor-section-height-default\" data-id=\"e4f502b\" data-element_type=\"section\" data-e-type=\"section\">\n\t\t\t\t\t\t<div class=\"elementor-container elementor-column-gap-default\">\n\t\t\t\t\t<div class=\"elementor-column elementor-col-50 elementor-inner-column elementor-element elementor-element-928a276\" data-id=\"928a276\" data-element_type=\"column\" data-e-type=\"column\">\n\t\t\t<div class=\"elementor-widget-wrap elementor-element-populated\">\n\t\t\t\t\t\t<div class=\"elementor-element elementor-element-b146978 elementor-widget elementor-widget-image\" data-id=\"b146978\" data-element_type=\"widget\" data-e-type=\"widget\" data-widget_type=\"image.default\">\n\t\t\t\t<div class=\"elementor-widget-container\">\n\t\t\t\t\t\t\t\t\t\t\t\t\t\t\t<img fetchpriority=\"high\" width=\"724\" height=\"917\" class=\"attachment-medium_large size-medium_large wp-image-24074 lazy\" alt=\"\" data-src=\"https:\/\/www.unavets.com\/quirino\/wp-content\/uploads\/sites\/33\/2024\/12\/quirino.png\" data-lazy=\"https:\/\/www.unavets.com\/quirino\/wp-content\/uploads\/sites\/33\/2024\/12\/quirino.png\" \/>\t\t\t\t\t\t\t\t\t\t\t\t\t\t\t<\/div>\n\t\t\t\t<\/div>\n\t\t\t\t\t<\/div>\n\t\t<\/div>\n\t\t\t\t<div class=\"elementor-column elementor-col-50 elementor-inner-column elementor-element elementor-element-3f454a3\" data-id=\"3f454a3\" data-element_type=\"column\" data-e-type=\"column\">\n\t\t\t<div class=\"elementor-widget-wrap elementor-element-populated\">\n\t\t\t\t\t\t<div class=\"elementor-element elementor-element-70f23ff elementor-widget elementor-widget-text-editor\" data-id=\"70f23ff\" data-element_type=\"widget\" data-e-type=\"widget\" data-widget_type=\"text-editor.default\">\n\t\t\t\t<div class=\"elementor-widget-container\">\n\t\t\t\t\t\t\t\t\t<p>Cl\u00ednica Veterinaria Quirino is a veterinary clinic located in La L\u00ednea de la Concepci\u00f3n, at C. V\u00eda Parque, 15, Bajo B. <b>With a contact telephone number: 956 762 702 and emergencies on +34 628 606 768<\/b>, this clinic offers high quality services for the care of animals.<\/p><p><strong>Our services<\/strong><\/p><p>We offer a wide range of services for the care of your pet, including:<\/p><ul><li>General consultations<\/li><li>Vaccinations<\/li><li>Spaying and neutering<\/li><li>Emergency consultations<\/li><\/ul><p>Our team of <strong>veterinarians and technicians is highly qualified and experienced in the care of all types of pets, from dogs and cats to exotic animals<\/strong>. We are committed to providing our clients with the best care possible, and we are always learning and growing to provide our patients with the best care possible.<\/p><p>Our facility is equipped with the latest technology to provide our patients with the best care possible. We also have a wheelchair accessible entrance, making it a comfortable and safe place for all clients.<\/p>\t\t\t\t\t\t\t\t<\/div>\n\t\t\t\t<\/div>\n\t\t\t\t\t<\/div>\n\t\t<\/div>\n\t\t\t\t\t<\/div>\n\t\t<\/section>\n\t\t\t\t<section class=\"elementor-section elementor-inner-section elementor-element elementor-element-cbd28ac elementor-section-boxed elementor-section-height-default elementor-section-height-default\" data-id=\"cbd28ac\" data-element_type=\"section\" data-e-type=\"section\">\n\t\t\t\t\t\t<div class=\"elementor-container elementor-column-gap-default\">\n\t\t\t\t\t<div class=\"elementor-column elementor-col-50 elementor-inner-column elementor-element elementor-element-e54cc90\" data-id=\"e54cc90\" data-element_type=\"column\" data-e-type=\"column\">\n\t\t\t<div class=\"elementor-widget-wrap elementor-element-populated\">\n\t\t\t\t\t\t<div class=\"elementor-element elementor-element-5db3b67 elementor-align-center elementor-widget elementor-widget-button\" data-id=\"5db3b67\" data-element_type=\"widget\" data-e-type=\"widget\" data-widget_type=\"button.default\">\n\t\t\t\t<div class=\"elementor-widget-container\">\n\t\t\t\t\t\t\t\t\t<div class=\"elementor-button-wrapper\">\n\t\t\t\t\t<a class=\"elementor-button elementor-button-link elementor-size-sm\" href=\"https:\/\/www.unavets.com\/quirino\/services\/\">\n\t\t\t\t\t\t<span class=\"elementor-button-content-wrapper\">\n\t\t\t\t\t\t\t\t\t<span class=\"elementor-button-text\">Services<\/span>\n\t\t\t\t\t<\/span>\n\t\t\t\t\t<\/a>\n\t\t\t\t<\/div>\n\t\t\t\t\t\t\t\t<\/div>\n\t\t\t\t<\/div>\n\t\t\t\t\t<\/div>\n\t\t<\/div>\n\t\t\t\t<div class=\"elementor-column elementor-col-50 elementor-inner-column elementor-element elementor-element-dc3e6b5\" data-id=\"dc3e6b5\" data-element_type=\"column\" data-e-type=\"column\">\n\t\t\t<div class=\"elementor-widget-wrap elementor-element-populated\">\n\t\t\t\t\t\t<div class=\"elementor-element elementor-element-ebe1efe elementor-align-center elementor-widget elementor-widget-button\" data-id=\"ebe1efe\" data-element_type=\"widget\" data-e-type=\"widget\" data-widget_type=\"button.default\">\n\t\t\t\t<div class=\"elementor-widget-container\">\n\t\t\t\t\t\t\t\t\t<div class=\"elementor-button-wrapper\">\n\t\t\t\t\t<a class=\"elementor-button elementor-button-link elementor-size-sm\" href=\"https:\/\/www.unavets.com\/quirino\/specialties\/\">\n\t\t\t\t\t\t<span class=\"elementor-button-content-wrapper\">\n\t\t\t\t\t\t\t\t\t<span class=\"elementor-button-text\">Specialties<\/span>\n\t\t\t\t\t<\/span>\n\t\t\t\t\t<\/a>\n\t\t\t\t<\/div>\n\t\t\t\t\t\t\t\t<\/div>\n\t\t\t\t<\/div>\n\t\t\t\t\t<\/div>\n\t\t<\/div>\n\t\t\t\t\t<\/div>\n\t\t<\/section>\n\t\t\t\t\t<\/div>\n\t\t<\/div>\n\t\t\t\t\t<\/div>\n\t\t<\/section>\n\t\t\t\t<section class=\"elementor-section elementor-top-section elementor-element elementor-element-a1dce67 elementor-section-boxed elementor-section-height-default elementor-section-height-default\" data-id=\"a1dce67\" data-element_type=\"section\" data-e-type=\"section\">\n\t\t\t\t\t\t<div class=\"elementor-container elementor-column-gap-default\">\n\t\t\t\t\t<div class=\"elementor-column elementor-col-100 elementor-top-column elementor-element elementor-element-1946e79\" data-id=\"1946e79\" data-element_type=\"column\" data-e-type=\"column\">\n\t\t\t<div class=\"elementor-widget-wrap elementor-element-populated\">\n\t\t\t\t\t\t<div class=\"elementor-element elementor-element-591459c elementor-widget elementor-widget-gallery\" data-id=\"591459c\" data-element_type=\"widget\" data-e-type=\"widget\" data-settings=\"{&quot;columns&quot;:&quot;3&quot;,&quot;aspect_ratio&quot;:&quot;1:1&quot;,&quot;lazyload&quot;:&quot;yes&quot;,&quot;gallery_layout&quot;:&quot;grid&quot;,&quot;columns_tablet&quot;:2,&quot;columns_mobile&quot;:1,&quot;gap&quot;:{&quot;unit&quot;:&quot;px&quot;,&quot;size&quot;:10,&quot;sizes&quot;:[]},&quot;gap_tablet&quot;:{&quot;unit&quot;:&quot;px&quot;,&quot;size&quot;:10,&quot;sizes&quot;:[]},&quot;gap_mobile&quot;:{&quot;unit&quot;:&quot;px&quot;,&quot;size&quot;:10,&quot;sizes&quot;:[]},&quot;link_to&quot;:&quot;file&quot;,&quot;overlay_background&quot;:&quot;yes&quot;,&quot;content_hover_animation&quot;:&quot;fade-in&quot;}\" data-widget_type=\"gallery.default\">\n\t\t\t\t<div class=\"elementor-widget-container\">\n\t\t\t\t\t\t\t<div class=\"elementor-gallery__container\">\n\t\t\t\t\t\t\t<a class=\"e-gallery-item elementor-gallery-item elementor-animated-content\" href=\"https:\/\/www.unavets.com\/quirino\/wp-content\/uploads\/sites\/33\/2023\/08\/INSTALACIONES-QUIRINO-LA-LINEA______-1.jpg\" data-elementor-open-lightbox=\"yes\" data-elementor-lightbox-slideshow=\"591459c\" data-elementor-lightbox-title=\"INSTALACIONES-QUIRINO-LA-LINEA______.jpg\" data-e-action-hash=\"#elementor-action%3Aaction%3Dlightbox%26settings%3DeyJpZCI6MjMxMTMsInVybCI6Imh0dHBzOlwvXC93d3cudW5hdmV0cy5jb21cL3F1aXJpbm9cL3dwLWNvbnRlbnRcL3VwbG9hZHNcL3NpdGVzXC8zM1wvMjAyM1wvMDhcL0lOU1RBTEFDSU9ORVMtUVVJUklOTy1MQS1MSU5FQV9fX19fXy0xLmpwZyIsInNsaWRlc2hvdyI6IjU5MTQ1OWMifQ%3D%3D\">\n\t\t\t\t\t<div class=\"e-gallery-image elementor-gallery-item__image\" data-thumbnail=\"https:\/\/www.unavets.com\/quirino\/wp-content\/uploads\/sites\/33\/2023\/08\/INSTALACIONES-QUIRINO-LA-LINEA______-1.jpg\" data-width=\"508\" data-height=\"339\" aria-label=\"\" role=\"img\" ><\/div>\n\t\t\t\t\t\t\t\t\t\t\t<div class=\"elementor-gallery-item__overlay\"><\/div>\n\t\t\t\t\t\t\t\t\t\t\t\t\t\t<\/a>\n\t\t\t\t\t\t\t<a class=\"e-gallery-item elementor-gallery-item elementor-animated-content\" href=\"https:\/\/www.unavets.com\/quirino\/wp-content\/uploads\/sites\/33\/2023\/08\/INSTALACIONES-QUIRINO-LA-LINEA-1.jpg\" data-elementor-open-lightbox=\"yes\" data-elementor-lightbox-slideshow=\"591459c\" data-elementor-lightbox-title=\"INSTALACIONES-QUIRINO-LA-LINEA.jpg\" data-e-action-hash=\"#elementor-action%3Aaction%3Dlightbox%26settings%3DeyJpZCI6MjM0MjksInVybCI6Imh0dHBzOlwvXC93d3cudW5hdmV0cy5jb21cL3F1aXJpbm9cL3dwLWNvbnRlbnRcL3VwbG9hZHNcL3NpdGVzXC8zM1wvMjAyM1wvMDhcL0lOU1RBTEFDSU9ORVMtUVVJUklOTy1MQS1MSU5FQS0xLmpwZyIsInNsaWRlc2hvdyI6IjU5MTQ1OWMifQ%3D%3D\">\n\t\t\t\t\t<div class=\"e-gallery-image elementor-gallery-item__image\" data-thumbnail=\"https:\/\/www.unavets.com\/quirino\/wp-content\/uploads\/sites\/33\/2023\/08\/INSTALACIONES-QUIRINO-LA-LINEA-1.jpg\" data-width=\"724\" data-height=\"483\" aria-label=\"\" role=\"img\" ><\/div>\n\t\t\t\t\t\t\t\t\t\t\t<div class=\"elementor-gallery-item__overlay\"><\/div>\n\t\t\t\t\t\t\t\t\t\t\t\t\t\t<\/a>\n\t\t\t\t\t\t\t<a class=\"e-gallery-item elementor-gallery-item elementor-animated-content\" href=\"https:\/\/www.unavets.com\/quirino\/wp-content\/uploads\/sites\/33\/2023\/08\/INSTALACIONES-QUIRINO-LA-LINEA____-1.jpg\" data-elementor-open-lightbox=\"yes\" data-elementor-lightbox-slideshow=\"591459c\" data-elementor-lightbox-title=\"INSTALACIONES-QUIRINO-LA-LINEA____.jpg\" data-e-action-hash=\"#elementor-action%3Aaction%3Dlightbox%26settings%3DeyJpZCI6MjMxNTcsInVybCI6Imh0dHBzOlwvXC93d3cudW5hdmV0cy5jb21cL3F1aXJpbm9cL3dwLWNvbnRlbnRcL3VwbG9hZHNcL3NpdGVzXC8zM1wvMjAyM1wvMDhcL0lOU1RBTEFDSU9ORVMtUVVJUklOTy1MQS1MSU5FQV9fX18tMS5qcGciLCJzbGlkZXNob3ciOiI1OTE0NTljIn0%3D\">\n\t\t\t\t\t<div class=\"e-gallery-image elementor-gallery-item__image\" data-thumbnail=\"https:\/\/www.unavets.com\/quirino\/wp-content\/uploads\/sites\/33\/2023\/08\/INSTALACIONES-QUIRINO-LA-LINEA____-1.jpg\" data-width=\"724\" data-height=\"483\" aria-label=\"\" role=\"img\" ><\/div>\n\t\t\t\t\t\t\t\t\t\t\t<div class=\"elementor-gallery-item__overlay\"><\/div>\n\t\t\t\t\t\t\t\t\t\t\t\t\t\t<\/a>\n\t\t\t\t\t\t\t<a class=\"e-gallery-item elementor-gallery-item elementor-animated-content\" href=\"https:\/\/www.unavets.com\/quirino\/wp-content\/uploads\/sites\/33\/2023\/08\/INSTALACIONES-QUIRINO-LA-LINEA__-2.jpg\" data-elementor-open-lightbox=\"yes\" data-elementor-lightbox-slideshow=\"591459c\" data-elementor-lightbox-title=\"INSTALACIONES-QUIRINO-LA-LINEA__.jpg\" data-e-action-hash=\"#elementor-action%3Aaction%3Dlightbox%26settings%3DeyJpZCI6MjMxNTEsInVybCI6Imh0dHBzOlwvXC93d3cudW5hdmV0cy5jb21cL3F1aXJpbm9cL3dwLWNvbnRlbnRcL3VwbG9hZHNcL3NpdGVzXC8zM1wvMjAyM1wvMDhcL0lOU1RBTEFDSU9ORVMtUVVJUklOTy1MQS1MSU5FQV9fLTIuanBnIiwic2xpZGVzaG93IjoiNTkxNDU5YyJ9\">\n\t\t\t\t\t<div class=\"e-gallery-image elementor-gallery-item__image\" data-thumbnail=\"https:\/\/www.unavets.com\/quirino\/wp-content\/uploads\/sites\/33\/2023\/08\/INSTALACIONES-QUIRINO-LA-LINEA__-2.jpg\" data-width=\"724\" data-height=\"483\" aria-label=\"\" role=\"img\" ><\/div>\n\t\t\t\t\t\t\t\t\t\t\t<div class=\"elementor-gallery-item__overlay\"><\/div>\n\t\t\t\t\t\t\t\t\t\t\t\t\t\t<\/a>\n\t\t\t\t\t\t\t<a class=\"e-gallery-item elementor-gallery-item elementor-animated-content\" href=\"https:\/\/www.unavets.com\/quirino\/wp-content\/uploads\/sites\/33\/2023\/08\/INSTALACIONES-QUIRINO-LA-LINEA_-1.jpg\" data-elementor-open-lightbox=\"yes\" data-elementor-lightbox-slideshow=\"591459c\" data-elementor-lightbox-title=\"INSTALACIONES-QUIRINO-LA-LINEA_.jpg\" data-e-action-hash=\"#elementor-action%3Aaction%3Dlightbox%26settings%3DeyJpZCI6MjMxMDksInVybCI6Imh0dHBzOlwvXC93d3cudW5hdmV0cy5jb21cL3F1aXJpbm9cL3dwLWNvbnRlbnRcL3VwbG9hZHNcL3NpdGVzXC8zM1wvMjAyM1wvMDhcL0lOU1RBTEFDSU9ORVMtUVVJUklOTy1MQS1MSU5FQV8tMS5qcGciLCJzbGlkZXNob3ciOiI1OTE0NTljIn0%3D\">\n\t\t\t\t\t<div class=\"e-gallery-image elementor-gallery-item__image\" data-thumbnail=\"https:\/\/www.unavets.com\/quirino\/wp-content\/uploads\/sites\/33\/2023\/08\/INSTALACIONES-QUIRINO-LA-LINEA_-1.jpg\" data-width=\"724\" data-height=\"483\" aria-label=\"\" role=\"img\" ><\/div>\n\t\t\t\t\t\t\t\t\t\t\t<div class=\"elementor-gallery-item__overlay\"><\/div>\n\t\t\t\t\t\t\t\t\t\t\t\t\t\t<\/a>\n\t\t\t\t\t\t\t<a class=\"e-gallery-item elementor-gallery-item elementor-animated-content\" href=\"https:\/\/www.unavets.com\/quirino\/wp-content\/uploads\/sites\/33\/2023\/08\/INSTALACIONES-QUIRINO-LA-LINEA_____-2.jpg\" data-elementor-open-lightbox=\"yes\" data-elementor-lightbox-slideshow=\"591459c\" data-elementor-lightbox-title=\"INSTALACIONES-QUIRINO-LA-LINEA_____.jpg\" data-e-action-hash=\"#elementor-action%3Aaction%3Dlightbox%26settings%3DeyJpZCI6MjMxMjcsInVybCI6Imh0dHBzOlwvXC93d3cudW5hdmV0cy5jb21cL3F1aXJpbm9cL3dwLWNvbnRlbnRcL3VwbG9hZHNcL3NpdGVzXC8zM1wvMjAyM1wvMDhcL0lOU1RBTEFDSU9ORVMtUVVJUklOTy1MQS1MSU5FQV9fX19fLTIuanBnIiwic2xpZGVzaG93IjoiNTkxNDU5YyJ9\">\n\t\t\t\t\t<div class=\"e-gallery-image elementor-gallery-item__image\" data-thumbnail=\"https:\/\/www.unavets.com\/quirino\/wp-content\/uploads\/sites\/33\/2023\/08\/INSTALACIONES-QUIRINO-LA-LINEA_____-2.jpg\" data-width=\"724\" data-height=\"483\" aria-label=\"\" role=\"img\" ><\/div>\n\t\t\t\t\t\t\t\t\t\t\t<div class=\"elementor-gallery-item__overlay\"><\/div>\n\t\t\t\t\t\t\t\t\t\t\t\t\t\t<\/a>\n\t\t\t\t\t<\/div>\n\t\t\t\t\t<\/div>\n\t\t\t\t<\/div>\n\t\t\t\t\t<\/div>\n\t\t<\/div>\n\t\t\t\t\t<\/div>\n\t\t<\/section>\n\t\t\t\t<\/div>\n\t\t","protected":false},"excerpt":{"rendered":"<p>Quirino Veterinary Clinic Our team of veterinarians and technicians is highly qualified and experienced in caring for all types of pets, from dogs and cats to exotic animals. Cl\u00ednica Veterinaria Quirino is a veterinary clinic located in La L\u00ednea de la Concepci\u00f3n, at C. V\u00eda Parque, 15, Bajo B. With a contact telephone number: 956 &hellip; <\/p>\n","protected":false},"author":8,"featured_media":0,"parent":0,"menu_order":0,"comment_status":"closed","ping_status":"closed","template":"page-fullwidth.php","meta":{"_acf_changed":false,"content-type":"","footnotes":""},"class_list":["post-18625","page","type-page","status-publish","hentry"],"acf":[],"_links":{"self":[{"href":"https:\/\/www.unavets.com\/quirino\/wp-json\/wp\/v2\/pages\/18625","targetHints":{"allow":["GET"]}}],"collection":[{"href":"https:\/\/www.unavets.com\/quirino\/wp-json\/wp\/v2\/pages"}],"about":[{"href":"https:\/\/www.unavets.com\/quirino\/wp-json\/wp\/v2\/types\/page"}],"author":[{"embeddable":true,"href":"https:\/\/www.unavets.com\/quirino\/wp-json\/wp\/v2\/users\/8"}],"replies":[{"embeddable":true,"href":"https:\/\/www.unavets.com\/quirino\/wp-json\/wp\/v2\/comments?post=18625"}],"version-history":[{"count":6,"href":"https:\/\/www.unavets.com\/quirino\/wp-json\/wp\/v2\/pages\/18625\/revisions"}],"predecessor-version":[{"id":24084,"href":"https:\/\/www.unavets.com\/quirino\/wp-json\/wp\/v2\/pages\/18625\/revisions\/24084"}],"wp:attachment":[{"href":"https:\/\/www.unavets.com\/quirino\/wp-json\/wp\/v2\/media?parent=18625"}],"curies":[{"name":"wp","href":"https:\/\/api.w.org\/{rel}","templated":true}]}}