{"id":24497,"date":"2025-11-25T12:21:33","date_gmt":"2025-11-25T12:21:33","guid":{"rendered":"https:\/\/www.unavets.com\/quirino\/?page_id=24497"},"modified":"2025-11-25T12:36:18","modified_gmt":"2025-11-25T12:36:18","slug":"instalaciones-gibraltar","status":"publish","type":"page","link":"https:\/\/www.unavets.com\/quirino\/es\/instalaciones-gibraltar\/","title":{"rendered":"Instalaciones Gibraltar"},"content":{"rendered":"\t\t<div data-elementor-type=\"wp-page\" data-elementor-id=\"24497\" class=\"elementor elementor-24497\" data-elementor-post-type=\"page\">\n\t\t\t\t\t\t<section class=\"elementor-section elementor-top-section elementor-element elementor-element-ac91977 elementor-section-boxed elementor-section-height-default elementor-section-height-default\" data-id=\"ac91977\" data-element_type=\"section\" data-e-type=\"section\">\n\t\t\t\t\t\t<div class=\"elementor-container elementor-column-gap-default\">\n\t\t\t\t\t<div class=\"elementor-column elementor-col-100 elementor-top-column elementor-element elementor-element-6427a01\" data-id=\"6427a01\" data-element_type=\"column\" data-e-type=\"column\">\n\t\t\t<div class=\"elementor-widget-wrap elementor-element-populated\">\n\t\t\t\t\t\t<div class=\"elementor-element elementor-element-9f9f208 elementor-widget elementor-widget-text-editor\" data-id=\"9f9f208\" data-element_type=\"widget\" data-e-type=\"widget\" data-widget_type=\"text-editor.default\">\n\t\t\t\t<div class=\"elementor-widget-container\">\n\t\t\t\t\t\t\t\t\t<p>Quirino Veterinary Clinic cuenta con los mejores equipos e instalaciones a nuestra disposici\u00f3n para ofrecerte el m\u00e1s alto nivel de atenci\u00f3n.<\/p><p>\u00a0<\/p>\t\t\t\t\t\t\t\t<\/div>\n\t\t\t\t<\/div>\n\t\t\t\t<section class=\"elementor-section elementor-inner-section elementor-element elementor-element-b6e3f09 elementor-section-boxed elementor-section-height-default elementor-section-height-default\" data-id=\"b6e3f09\" data-element_type=\"section\" data-e-type=\"section\">\n\t\t\t\t\t\t<div class=\"elementor-container elementor-column-gap-default\">\n\t\t\t\t\t<div class=\"elementor-column elementor-col-50 elementor-inner-column elementor-element elementor-element-d38557f\" data-id=\"d38557f\" data-element_type=\"column\" data-e-type=\"column\">\n\t\t\t<div class=\"elementor-widget-wrap elementor-element-populated\">\n\t\t\t\t\t\t<div class=\"elementor-element elementor-element-b3569ba elementor-widget elementor-widget-image\" data-id=\"b3569ba\" data-element_type=\"widget\" data-e-type=\"widget\" data-widget_type=\"image.default\">\n\t\t\t\t<div class=\"elementor-widget-container\">\n\t\t\t\t\t\t\t\t\t\t\t\t\t\t\t<img fetchpriority=\"high\" width=\"600\" height=\"438\" class=\"attachment-1536x1536 size-1536x1536 wp-image-23441 lazy\" alt=\"\" data-src=\"https:\/\/www.unavets.com\/quirino\/wp-content\/uploads\/sites\/33\/2023\/08\/MKG4999-1-e1690898214714-1.jpg\" data-lazy=\"https:\/\/www.unavets.com\/quirino\/wp-content\/uploads\/sites\/33\/2023\/08\/MKG4999-1-e1690898214714-1.jpg\" \/>\t\t\t\t\t\t\t\t\t\t\t\t\t\t\t<\/div>\n\t\t\t\t<\/div>\n\t\t\t\t\t<\/div>\n\t\t<\/div>\n\t\t\t\t<div class=\"elementor-column elementor-col-50 elementor-inner-column elementor-element elementor-element-debe757\" data-id=\"debe757\" data-element_type=\"column\" data-e-type=\"column\">\n\t\t\t<div class=\"elementor-widget-wrap elementor-element-populated\">\n\t\t\t\t\t\t<div class=\"elementor-element elementor-element-cefcd54 elementor-widget elementor-widget-text-editor\" data-id=\"cefcd54\" data-element_type=\"widget\" data-e-type=\"widget\" data-widget_type=\"text-editor.default\">\n\t\t\t\t<div class=\"elementor-widget-container\">\n\t\t\t\t\t\t\t\t\t<p data-path-to-node=\"2\"><strong>Quirino Veterinary Clinic<\/strong> abri\u00f3 sus puertas en 2015 en Gibraltar con el objetivo de ofrecer a cada mascota un cuidado profesional y compasivo basado en los m\u00e1s altos est\u00e1ndares m\u00e9dicos.\u00a0<\/p><p data-path-to-node=\"3\">Entendemos que tu mascota es un miembro importante de tu familia, por lo que nuestro equipo \u2014formado por veterinarios y auxiliares de veterinaria dedicados y en constante formaci\u00f3n\u2014 <strong>se esfuerza por ofrecer una atenci\u00f3n c\u00e1lida, personalizada y respetuosa.<\/strong> Juntos, combinamos experiencia, tecnolog\u00eda moderna y una aut\u00e9ntica pasi\u00f3n por el bienestar animal, proporcionando diagn\u00f3sticos precisos y un apoyo integral durante todas las etapas de la vida de tu mascota.<\/p><p data-path-to-node=\"4\">Nuestra cl\u00ednica cuenta con una c\u00f3moda <strong>sala de espera, un quir\u00f3fano totalmente equipado y sala prequir\u00fargica, una sala de hospitalizaci\u00f3n y herramientas de diagn\u00f3stico avanzadas como radiolog\u00eda digital, ecograf\u00eda, Doppler y ECG.<\/strong> Tambi\u00e9n ofrecemos una <strong>tienda especializada de alimentaci\u00f3n y accesorios para mascotas<\/strong>, donde puedes encontrar productos cuidadosamente seleccionados para satisfacer las necesidades nutricionales y de bienestar de tu mascota.<\/p><p data-path-to-node=\"5\">En Quirino Veterinary Clinic, trabajamos cada d\u00eda para mejorar, mantenernos al d\u00eda y ofrecer un <strong>servicio basado en la confianza, la empat\u00eda y la profesionalidad.<\/strong><\/p>\t\t\t\t\t\t\t\t<\/div>\n\t\t\t\t<\/div>\n\t\t\t\t\t<\/div>\n\t\t<\/div>\n\t\t\t\t\t<\/div>\n\t\t<\/section>\n\t\t\t\t<section class=\"elementor-section elementor-inner-section elementor-element elementor-element-49b0bcb elementor-section-boxed elementor-section-height-default elementor-section-height-default\" data-id=\"49b0bcb\" data-element_type=\"section\" data-e-type=\"section\">\n\t\t\t\t\t\t<div class=\"elementor-container elementor-column-gap-default\">\n\t\t\t\t\t<div class=\"elementor-column elementor-col-50 elementor-inner-column elementor-element elementor-element-bd59347\" data-id=\"bd59347\" data-element_type=\"column\" data-e-type=\"column\">\n\t\t\t<div class=\"elementor-widget-wrap elementor-element-populated\">\n\t\t\t\t\t\t<div class=\"elementor-element elementor-element-2688b9a elementor-align-center elementor-widget elementor-widget-button\" data-id=\"2688b9a\" data-element_type=\"widget\" data-e-type=\"widget\" data-widget_type=\"button.default\">\n\t\t\t\t<div class=\"elementor-widget-container\">\n\t\t\t\t\t\t\t\t\t<div class=\"elementor-button-wrapper\">\n\t\t\t\t\t<a class=\"elementor-button elementor-button-link elementor-size-sm\" href=\"https:\/\/www.unavets.com\/quirino\/es\/nuestro-equipo-gibraltar\/\">\n\t\t\t\t\t\t<span class=\"elementor-button-content-wrapper\">\n\t\t\t\t\t\t\t\t\t<span class=\"elementor-button-text\">Nuestro Equipo<\/span>\n\t\t\t\t\t<\/span>\n\t\t\t\t\t<\/a>\n\t\t\t\t<\/div>\n\t\t\t\t\t\t\t\t<\/div>\n\t\t\t\t<\/div>\n\t\t\t\t\t<\/div>\n\t\t<\/div>\n\t\t\t\t<div class=\"elementor-column elementor-col-50 elementor-inner-column elementor-element elementor-element-aa854e6\" data-id=\"aa854e6\" data-element_type=\"column\" data-e-type=\"column\">\n\t\t\t<div class=\"elementor-widget-wrap elementor-element-populated\">\n\t\t\t\t\t\t<div class=\"elementor-element elementor-element-e3ee0fc elementor-align-center elementor-widget elementor-widget-button\" data-id=\"e3ee0fc\" data-element_type=\"widget\" data-e-type=\"widget\" data-widget_type=\"button.default\">\n\t\t\t\t<div class=\"elementor-widget-container\">\n\t\t\t\t\t\t\t\t\t<div class=\"elementor-button-wrapper\">\n\t\t\t\t\t<a class=\"elementor-button elementor-button-link elementor-size-sm\" href=\"https:\/\/www.unavets.com\/quirino\/es\/servicios-gibraltar\/\">\n\t\t\t\t\t\t<span class=\"elementor-button-content-wrapper\">\n\t\t\t\t\t\t\t\t\t<span class=\"elementor-button-text\">Servicios<\/span>\n\t\t\t\t\t<\/span>\n\t\t\t\t\t<\/a>\n\t\t\t\t<\/div>\n\t\t\t\t\t\t\t\t<\/div>\n\t\t\t\t<\/div>\n\t\t\t\t\t<\/div>\n\t\t<\/div>\n\t\t\t\t\t<\/div>\n\t\t<\/section>\n\t\t\t\t\t<\/div>\n\t\t<\/div>\n\t\t\t\t\t<\/div>\n\t\t<\/section>\n\t\t\t\t<section class=\"elementor-section elementor-top-section elementor-element elementor-element-84faa9d elementor-section-boxed elementor-section-height-default elementor-section-height-default\" data-id=\"84faa9d\" data-element_type=\"section\" data-e-type=\"section\">\n\t\t\t\t\t\t<div class=\"elementor-container elementor-column-gap-default\">\n\t\t\t\t\t<div class=\"elementor-column elementor-col-100 elementor-top-column elementor-element elementor-element-a548bef\" data-id=\"a548bef\" data-element_type=\"column\" data-e-type=\"column\">\n\t\t\t<div class=\"elementor-widget-wrap elementor-element-populated\">\n\t\t\t\t\t\t<div class=\"elementor-element elementor-element-329284d elementor-widget elementor-widget-gallery\" data-id=\"329284d\" data-element_type=\"widget\" data-e-type=\"widget\" data-settings=\"{&quot;columns&quot;:&quot;3&quot;,&quot;aspect_ratio&quot;:&quot;1:1&quot;,&quot;lazyload&quot;:&quot;yes&quot;,&quot;gallery_layout&quot;:&quot;grid&quot;,&quot;columns_tablet&quot;:2,&quot;columns_mobile&quot;:1,&quot;gap&quot;:{&quot;unit&quot;:&quot;px&quot;,&quot;size&quot;:10,&quot;sizes&quot;:[]},&quot;gap_tablet&quot;:{&quot;unit&quot;:&quot;px&quot;,&quot;size&quot;:10,&quot;sizes&quot;:[]},&quot;gap_mobile&quot;:{&quot;unit&quot;:&quot;px&quot;,&quot;size&quot;:10,&quot;sizes&quot;:[]},&quot;link_to&quot;:&quot;file&quot;,&quot;overlay_background&quot;:&quot;yes&quot;,&quot;content_hover_animation&quot;:&quot;fade-in&quot;}\" data-widget_type=\"gallery.default\">\n\t\t\t\t<div class=\"elementor-widget-container\">\n\t\t\t\t\t\t\t<div class=\"elementor-gallery__container\">\n\t\t\t\t\t\t\t<a class=\"e-gallery-item elementor-gallery-item elementor-animated-content\" href=\"https:\/\/www.unavets.com\/quirino\/wp-content\/uploads\/sites\/33\/2023\/07\/A9_8635.jpg\" data-elementor-open-lightbox=\"yes\" data-elementor-lightbox-slideshow=\"329284d\" data-elementor-lightbox-title=\"_A9_8635\" data-e-action-hash=\"#elementor-action%3Aaction%3Dlightbox%26settings%3DeyJpZCI6MjIxNjQsInVybCI6Imh0dHBzOlwvXC93d3cudW5hdmV0cy5jb21cL3F1aXJpbm9cL3dwLWNvbnRlbnRcL3VwbG9hZHNcL3NpdGVzXC8zM1wvMjAyM1wvMDdcL0E5Xzg2MzUuanBnIiwic2xpZGVzaG93IjoiMzI5Mjg0ZCJ9\">\n\t\t\t\t\t<div class=\"e-gallery-image elementor-gallery-item__image\" data-thumbnail=\"https:\/\/www.unavets.com\/quirino\/wp-content\/uploads\/sites\/33\/2023\/07\/A9_8635.jpg\" data-width=\"600\" data-height=\"400\" aria-label=\"\" role=\"img\" ><\/div>\n\t\t\t\t\t\t\t\t\t\t\t<div class=\"elementor-gallery-item__overlay\"><\/div>\n\t\t\t\t\t\t\t\t\t\t\t\t\t\t<\/a>\n\t\t\t\t\t\t\t<a class=\"e-gallery-item elementor-gallery-item elementor-animated-content\" href=\"https:\/\/www.unavets.com\/quirino\/wp-content\/uploads\/sites\/33\/2023\/07\/MKG5017-1-e1690900536162.jpg\" data-elementor-open-lightbox=\"yes\" data-elementor-lightbox-slideshow=\"329284d\" data-elementor-lightbox-title=\"_MKG5017\" data-e-action-hash=\"#elementor-action%3Aaction%3Dlightbox%26settings%3DeyJpZCI6MjI0NDgsInVybCI6Imh0dHBzOlwvXC93d3cudW5hdmV0cy5jb21cL3F1aXJpbm9cL3dwLWNvbnRlbnRcL3VwbG9hZHNcL3NpdGVzXC8zM1wvMjAyM1wvMDdcL01LRzUwMTctMS1lMTY5MDkwMDUzNjE2Mi5qcGciLCJzbGlkZXNob3ciOiIzMjkyODRkIn0%3D\">\n\t\t\t\t\t<div class=\"e-gallery-image elementor-gallery-item__image\" data-thumbnail=\"https:\/\/www.unavets.com\/quirino\/wp-content\/uploads\/sites\/33\/2023\/07\/MKG5017-1-683x1024.jpg\" data-width=\"683\" data-height=\"1024\" aria-label=\"\" role=\"img\" ><\/div>\n\t\t\t\t\t\t\t\t\t\t\t<div class=\"elementor-gallery-item__overlay\"><\/div>\n\t\t\t\t\t\t\t\t\t\t\t\t\t\t<\/a>\n\t\t\t\t\t\t\t<a class=\"e-gallery-item elementor-gallery-item elementor-animated-content\" href=\"https:\/\/www.unavets.com\/quirino\/wp-content\/uploads\/sites\/33\/2023\/07\/A9_8631.jpg\" data-elementor-open-lightbox=\"yes\" data-elementor-lightbox-slideshow=\"329284d\" data-elementor-lightbox-title=\"_A9_8631\" data-e-action-hash=\"#elementor-action%3Aaction%3Dlightbox%26settings%3DeyJpZCI6MjIxNTksInVybCI6Imh0dHBzOlwvXC93d3cudW5hdmV0cy5jb21cL3F1aXJpbm9cL3dwLWNvbnRlbnRcL3VwbG9hZHNcL3NpdGVzXC8zM1wvMjAyM1wvMDdcL0E5Xzg2MzEuanBnIiwic2xpZGVzaG93IjoiMzI5Mjg0ZCJ9\">\n\t\t\t\t\t<div class=\"e-gallery-image elementor-gallery-item__image\" data-thumbnail=\"https:\/\/www.unavets.com\/quirino\/wp-content\/uploads\/sites\/33\/2023\/07\/A9_8631.jpg\" data-width=\"591\" data-height=\"394\" aria-label=\"\" role=\"img\" ><\/div>\n\t\t\t\t\t\t\t\t\t\t\t<div class=\"elementor-gallery-item__overlay\"><\/div>\n\t\t\t\t\t\t\t\t\t\t\t\t\t\t<\/a>\n\t\t\t\t\t\t\t<a class=\"e-gallery-item elementor-gallery-item elementor-animated-content\" href=\"https:\/\/www.unavets.com\/quirino\/wp-content\/uploads\/sites\/33\/2023\/07\/A9_8628.jpg\" data-elementor-open-lightbox=\"yes\" data-elementor-lightbox-slideshow=\"329284d\" data-elementor-lightbox-title=\"_A9_8628\" data-e-action-hash=\"#elementor-action%3Aaction%3Dlightbox%26settings%3DeyJpZCI6MjIxNTcsInVybCI6Imh0dHBzOlwvXC93d3cudW5hdmV0cy5jb21cL3F1aXJpbm9cL3dwLWNvbnRlbnRcL3VwbG9hZHNcL3NpdGVzXC8zM1wvMjAyM1wvMDdcL0E5Xzg2MjguanBnIiwic2xpZGVzaG93IjoiMzI5Mjg0ZCJ9\">\n\t\t\t\t\t<div class=\"e-gallery-image elementor-gallery-item__image\" data-thumbnail=\"https:\/\/www.unavets.com\/quirino\/wp-content\/uploads\/sites\/33\/2023\/07\/A9_8628.jpg\" data-width=\"600\" data-height=\"400\" aria-label=\"\" role=\"img\" ><\/div>\n\t\t\t\t\t\t\t\t\t\t\t<div class=\"elementor-gallery-item__overlay\"><\/div>\n\t\t\t\t\t\t\t\t\t\t\t\t\t\t<\/a>\n\t\t\t\t\t\t\t<a class=\"e-gallery-item elementor-gallery-item elementor-animated-content\" href=\"https:\/\/www.unavets.com\/quirino\/wp-content\/uploads\/sites\/33\/2023\/07\/MKG4848.jpg\" data-elementor-open-lightbox=\"yes\" data-elementor-lightbox-slideshow=\"329284d\" data-elementor-lightbox-title=\"_MKG4848\" data-e-action-hash=\"#elementor-action%3Aaction%3Dlightbox%26settings%3DeyJpZCI6MjI0MTIsInVybCI6Imh0dHBzOlwvXC93d3cudW5hdmV0cy5jb21cL3F1aXJpbm9cL3dwLWNvbnRlbnRcL3VwbG9hZHNcL3NpdGVzXC8zM1wvMjAyM1wvMDdcL01LRzQ4NDguanBnIiwic2xpZGVzaG93IjoiMzI5Mjg0ZCJ9\">\n\t\t\t\t\t<div class=\"e-gallery-image elementor-gallery-item__image\" data-thumbnail=\"https:\/\/www.unavets.com\/quirino\/wp-content\/uploads\/sites\/33\/2023\/07\/MKG4848-683x1024.jpg\" data-width=\"683\" data-height=\"1024\" aria-label=\"\" role=\"img\" ><\/div>\n\t\t\t\t\t\t\t\t\t\t\t<div class=\"elementor-gallery-item__overlay\"><\/div>\n\t\t\t\t\t\t\t\t\t\t\t\t\t\t<\/a>\n\t\t\t\t\t\t\t<a class=\"e-gallery-item elementor-gallery-item elementor-animated-content\" href=\"https:\/\/www.unavets.com\/quirino\/wp-content\/uploads\/sites\/33\/2023\/07\/A9_8644.jpg\" data-elementor-open-lightbox=\"yes\" data-elementor-lightbox-slideshow=\"329284d\" data-elementor-lightbox-title=\"_A9_8644\" data-e-action-hash=\"#elementor-action%3Aaction%3Dlightbox%26settings%3DeyJpZCI6MjIxNjgsInVybCI6Imh0dHBzOlwvXC93d3cudW5hdmV0cy5jb21cL3F1aXJpbm9cL3dwLWNvbnRlbnRcL3VwbG9hZHNcL3NpdGVzXC8zM1wvMjAyM1wvMDdcL0E5Xzg2NDQuanBnIiwic2xpZGVzaG93IjoiMzI5Mjg0ZCJ9\">\n\t\t\t\t\t<div class=\"e-gallery-image elementor-gallery-item__image\" data-thumbnail=\"https:\/\/www.unavets.com\/quirino\/wp-content\/uploads\/sites\/33\/2023\/07\/A9_8644.jpg\" data-width=\"600\" data-height=\"400\" aria-label=\"\" role=\"img\" ><\/div>\n\t\t\t\t\t\t\t\t\t\t\t<div class=\"elementor-gallery-item__overlay\"><\/div>\n\t\t\t\t\t\t\t\t\t\t\t\t\t\t<\/a>\n\t\t\t\t\t\t\t<a class=\"e-gallery-item elementor-gallery-item elementor-animated-content\" href=\"https:\/\/www.unavets.com\/quirino\/wp-content\/uploads\/sites\/33\/2023\/07\/A9_8634.jpg\" data-elementor-open-lightbox=\"yes\" data-elementor-lightbox-slideshow=\"329284d\" data-elementor-lightbox-title=\"_A9_8634\" data-e-action-hash=\"#elementor-action%3Aaction%3Dlightbox%26settings%3DeyJpZCI6MjIxNjEsInVybCI6Imh0dHBzOlwvXC93d3cudW5hdmV0cy5jb21cL3F1aXJpbm9cL3dwLWNvbnRlbnRcL3VwbG9hZHNcL3NpdGVzXC8zM1wvMjAyM1wvMDdcL0E5Xzg2MzQuanBnIiwic2xpZGVzaG93IjoiMzI5Mjg0ZCJ9\">\n\t\t\t\t\t<div class=\"e-gallery-image elementor-gallery-item__image\" data-thumbnail=\"https:\/\/www.unavets.com\/quirino\/wp-content\/uploads\/sites\/33\/2023\/07\/A9_8634.jpg\" data-width=\"595\" data-height=\"397\" aria-label=\"\" role=\"img\" ><\/div>\n\t\t\t\t\t\t\t\t\t\t\t<div class=\"elementor-gallery-item__overlay\"><\/div>\n\t\t\t\t\t\t\t\t\t\t\t\t\t\t<\/a>\n\t\t\t\t\t\t\t<a class=\"e-gallery-item elementor-gallery-item elementor-animated-content\" href=\"https:\/\/www.unavets.com\/quirino\/wp-content\/uploads\/sites\/33\/2023\/07\/A9_8653.jpg\" data-elementor-open-lightbox=\"yes\" data-elementor-lightbox-slideshow=\"329284d\" data-elementor-lightbox-title=\"_A9_8653\" data-e-action-hash=\"#elementor-action%3Aaction%3Dlightbox%26settings%3DeyJpZCI6MjIxNzAsInVybCI6Imh0dHBzOlwvXC93d3cudW5hdmV0cy5jb21cL3F1aXJpbm9cL3dwLWNvbnRlbnRcL3VwbG9hZHNcL3NpdGVzXC8zM1wvMjAyM1wvMDdcL0E5Xzg2NTMuanBnIiwic2xpZGVzaG93IjoiMzI5Mjg0ZCJ9\">\n\t\t\t\t\t<div class=\"e-gallery-image elementor-gallery-item__image\" data-thumbnail=\"https:\/\/www.unavets.com\/quirino\/wp-content\/uploads\/sites\/33\/2023\/07\/A9_8653.jpg\" data-width=\"600\" data-height=\"400\" aria-label=\"\" role=\"img\" ><\/div>\n\t\t\t\t\t\t\t\t\t\t\t<div class=\"elementor-gallery-item__overlay\"><\/div>\n\t\t\t\t\t\t\t\t\t\t\t\t\t\t<\/a>\n\t\t\t\t\t\t\t<a class=\"e-gallery-item elementor-gallery-item elementor-animated-content\" href=\"https:\/\/www.unavets.com\/quirino\/wp-content\/uploads\/sites\/33\/2023\/07\/MKG4825.jpg\" data-elementor-open-lightbox=\"yes\" data-elementor-lightbox-slideshow=\"329284d\" data-elementor-lightbox-title=\"_MKG4825\" data-e-action-hash=\"#elementor-action%3Aaction%3Dlightbox%26settings%3DeyJpZCI6MjI0MDYsInVybCI6Imh0dHBzOlwvXC93d3cudW5hdmV0cy5jb21cL3F1aXJpbm9cL3dwLWNvbnRlbnRcL3VwbG9hZHNcL3NpdGVzXC8zM1wvMjAyM1wvMDdcL01LRzQ4MjUuanBnIiwic2xpZGVzaG93IjoiMzI5Mjg0ZCJ9\">\n\t\t\t\t\t<div class=\"e-gallery-image elementor-gallery-item__image\" data-thumbnail=\"https:\/\/www.unavets.com\/quirino\/wp-content\/uploads\/sites\/33\/2023\/07\/MKG4825.jpg\" data-width=\"600\" data-height=\"900\" aria-label=\"\" role=\"img\" ><\/div>\n\t\t\t\t\t\t\t\t\t\t\t<div class=\"elementor-gallery-item__overlay\"><\/div>\n\t\t\t\t\t\t\t\t\t\t\t\t\t\t<\/a>\n\t\t\t\t\t<\/div>\n\t\t\t\t\t<\/div>\n\t\t\t\t<\/div>\n\t\t\t\t\t<\/div>\n\t\t<\/div>\n\t\t\t\t\t<\/div>\n\t\t<\/section>\n\t\t\t\t<\/div>\n\t\t","protected":false},"excerpt":{"rendered":"<p>Quirino Veterinary Clinic cuenta con los mejores equipos e instalaciones a nuestra disposici\u00f3n para ofrecerte el m\u00e1s alto nivel de atenci\u00f3n. \u00a0 Quirino Veterinary Clinic abri\u00f3 sus puertas en 2015 en Gibraltar con el objetivo de ofrecer a cada mascota un cuidado profesional y compasivo basado en los m\u00e1s altos est\u00e1ndares m\u00e9dicos.\u00a0 Entendemos que tu &hellip; <\/p>\n","protected":false},"author":60,"featured_media":0,"parent":0,"menu_order":0,"comment_status":"closed","ping_status":"closed","template":"page-fullwidth.php","meta":{"_acf_changed":false,"content-type":"","footnotes":""},"class_list":["post-24497","page","type-page","status-publish","hentry"],"acf":[],"_links":{"self":[{"href":"https:\/\/www.unavets.com\/quirino\/es\/wp-json\/wp\/v2\/pages\/24497","targetHints":{"allow":["GET"]}}],"collection":[{"href":"https:\/\/www.unavets.com\/quirino\/es\/wp-json\/wp\/v2\/pages"}],"about":[{"href":"https:\/\/www.unavets.com\/quirino\/es\/wp-json\/wp\/v2\/types\/page"}],"author":[{"embeddable":true,"href":"https:\/\/www.unavets.com\/quirino\/es\/wp-json\/wp\/v2\/users\/60"}],"replies":[{"embeddable":true,"href":"https:\/\/www.unavets.com\/quirino\/es\/wp-json\/wp\/v2\/comments?post=24497"}],"version-history":[{"count":7,"href":"https:\/\/www.unavets.com\/quirino\/es\/wp-json\/wp\/v2\/pages\/24497\/revisions"}],"predecessor-version":[{"id":24505,"href":"https:\/\/www.unavets.com\/quirino\/es\/wp-json\/wp\/v2\/pages\/24497\/revisions\/24505"}],"wp:attachment":[{"href":"https:\/\/www.unavets.com\/quirino\/es\/wp-json\/wp\/v2\/media?parent=24497"}],"curies":[{"name":"wp","href":"https:\/\/api.w.org\/{rel}","templated":true}]}}