{"id":24396,"date":"2025-10-27T17:29:00","date_gmt":"2025-10-27T17:29:00","guid":{"rendered":"https:\/\/www.unavets.com\/quirino\/?page_id=24396"},"modified":"2025-10-27T18:02:27","modified_gmt":"2025-10-27T18:02:27","slug":"instalaciones","status":"publish","type":"page","link":"https:\/\/www.unavets.com\/quirino\/es\/instalaciones\/","title":{"rendered":"Instalaciones"},"content":{"rendered":"\t\t<div data-elementor-type=\"wp-page\" data-elementor-id=\"24396\" class=\"elementor elementor-24396\" data-elementor-post-type=\"page\">\n\t\t\t\t\t\t<section class=\"elementor-section elementor-top-section elementor-element elementor-element-ac91977 elementor-section-boxed elementor-section-height-default elementor-section-height-default\" data-id=\"ac91977\" data-element_type=\"section\" data-e-type=\"section\">\n\t\t\t\t\t\t<div class=\"elementor-container elementor-column-gap-default\">\n\t\t\t\t\t<div class=\"elementor-column elementor-col-100 elementor-top-column elementor-element elementor-element-6427a01\" data-id=\"6427a01\" data-element_type=\"column\" data-e-type=\"column\">\n\t\t\t<div class=\"elementor-widget-wrap elementor-element-populated\">\n\t\t\t\t\t\t<div class=\"elementor-element elementor-element-9f9f208 elementor-widget elementor-widget-text-editor\" data-id=\"9f9f208\" data-element_type=\"widget\" data-e-type=\"widget\" data-widget_type=\"text-editor.default\">\n\t\t\t\t<div class=\"elementor-widget-container\">\n\t\t\t\t\t\t\t\t\t<p>La Cl\u00ednica Veterinaria Quirino La L\u00ednea de la Concepci\u00f3n cuenta con los mejores equipos e instalaciones a nuestra disposici\u00f3n para ofrecerte el m\u00e1s alto nivel de atenci\u00f3n.<\/p>\t\t\t\t\t\t\t\t<\/div>\n\t\t\t\t<\/div>\n\t\t\t\t<section class=\"elementor-section elementor-inner-section elementor-element elementor-element-b6e3f09 elementor-section-boxed elementor-section-height-default elementor-section-height-default\" data-id=\"b6e3f09\" data-element_type=\"section\" data-e-type=\"section\">\n\t\t\t\t\t\t<div class=\"elementor-container elementor-column-gap-default\">\n\t\t\t\t\t<div class=\"elementor-column elementor-col-50 elementor-inner-column elementor-element elementor-element-d38557f\" data-id=\"d38557f\" data-element_type=\"column\" data-e-type=\"column\">\n\t\t\t<div class=\"elementor-widget-wrap elementor-element-populated\">\n\t\t\t\t\t\t<div class=\"elementor-element elementor-element-b3569ba elementor-widget elementor-widget-image\" data-id=\"b3569ba\" data-element_type=\"widget\" data-e-type=\"widget\" data-widget_type=\"image.default\">\n\t\t\t\t<div class=\"elementor-widget-container\">\n\t\t\t\t\t\t\t\t\t\t\t\t\t\t\t<img fetchpriority=\"high\" width=\"1359\" height=\"903\" class=\"attachment-1536x1536 size-1536x1536 wp-image-24445 lazy\" alt=\"\" data-src=\"https:\/\/www.unavets.com\/quirino\/wp-content\/uploads\/sites\/33\/2025\/10\/quirino5.jpg\" data-lazy=\"https:\/\/www.unavets.com\/quirino\/wp-content\/uploads\/sites\/33\/2025\/10\/quirino5.jpg\" \/>\t\t\t\t\t\t\t\t\t\t\t\t\t\t\t<\/div>\n\t\t\t\t<\/div>\n\t\t\t\t\t<\/div>\n\t\t<\/div>\n\t\t\t\t<div class=\"elementor-column elementor-col-50 elementor-inner-column elementor-element elementor-element-debe757\" data-id=\"debe757\" data-element_type=\"column\" data-e-type=\"column\">\n\t\t\t<div class=\"elementor-widget-wrap elementor-element-populated\">\n\t\t\t\t\t\t<div class=\"elementor-element elementor-element-cefcd54 elementor-widget elementor-widget-text-editor\" data-id=\"cefcd54\" data-element_type=\"widget\" data-e-type=\"widget\" data-widget_type=\"text-editor.default\">\n\t\t\t\t<div class=\"elementor-widget-container\">\n\t\t\t\t\t\t\t\t\t<p>Las instalaciones de la<strong> Cl\u00ednica Veterinaria Quirino<\/strong> son modernas y funcionales. <strong>Disponemos de una planta baja con 4 consultas, sala de radiograf\u00eda computerizada digital, laboratorio y amplia sala de espera<\/strong>, para comodidad de nuestros pacientes.<\/p><p>\u2022 En la planta superior, contamos con un<strong> pre-quir\u00f3fano y quir\u00f3fano<\/strong> totalmente equipados, monitorizaci\u00f3n completa y nueva m\u00e1quina de anestesia. As\u00ed como de <strong>dos salas de hospitalizaci\u00f3n independientes, para perros y gatos.<\/strong> Tambi\u00e9n disponemos de un ascensor, para que el acceso sea lo m\u00e1s sencillo posible para las mascotas.<\/p><p>\u2022 <strong>El equipamiento de nuestro laboratorio interno<\/strong> es completo y muy avanzado, lo que nos permite obtener resultados, en el momento, de una serie de anal\u00edticas completas y test de diagn\u00f3stico r\u00e1pido.<\/p><p>\u2022 Contamos tambi\u00e9n con un <strong>equipo de ecograf\u00eda<\/strong> de \u00faltima generaci\u00f3n, para completar el diagn\u00f3stico por imagen.<\/p><p>\u2022 Nuestro equipo humano est\u00e1 formado por veterinarios de alto nivel en <strong>Medicina Interna, Cardiolog\u00eda y Oncolog\u00eda.<\/strong><\/p><p>\u2022 Tambi\u00e9n ofrecemos un servicio de especialidad en <strong>Traumatolog\u00eda veterinaria y cirug\u00eda traumatol\u00f3gica de peque\u00f1os animales.<\/strong><\/p>\t\t\t\t\t\t\t\t<\/div>\n\t\t\t\t<\/div>\n\t\t\t\t\t<\/div>\n\t\t<\/div>\n\t\t\t\t\t<\/div>\n\t\t<\/section>\n\t\t\t\t<section class=\"elementor-section elementor-inner-section elementor-element elementor-element-49b0bcb elementor-section-boxed elementor-section-height-default elementor-section-height-default\" data-id=\"49b0bcb\" data-element_type=\"section\" data-e-type=\"section\">\n\t\t\t\t\t\t<div class=\"elementor-container elementor-column-gap-default\">\n\t\t\t\t\t<div class=\"elementor-column elementor-col-50 elementor-inner-column elementor-element elementor-element-bd59347\" data-id=\"bd59347\" data-element_type=\"column\" data-e-type=\"column\">\n\t\t\t<div class=\"elementor-widget-wrap elementor-element-populated\">\n\t\t\t\t\t\t<div class=\"elementor-element elementor-element-2688b9a elementor-align-center elementor-widget elementor-widget-button\" data-id=\"2688b9a\" data-element_type=\"widget\" data-e-type=\"widget\" data-widget_type=\"button.default\">\n\t\t\t\t<div class=\"elementor-widget-container\">\n\t\t\t\t\t\t\t\t\t<div class=\"elementor-button-wrapper\">\n\t\t\t\t\t<a class=\"elementor-button elementor-button-link elementor-size-sm\" href=\"https:\/\/www.unavets.com\/quirino\/es\/nuestro-equipo-2\/\">\n\t\t\t\t\t\t<span class=\"elementor-button-content-wrapper\">\n\t\t\t\t\t\t\t\t\t<span class=\"elementor-button-text\">Nuestro Equipo<\/span>\n\t\t\t\t\t<\/span>\n\t\t\t\t\t<\/a>\n\t\t\t\t<\/div>\n\t\t\t\t\t\t\t\t<\/div>\n\t\t\t\t<\/div>\n\t\t\t\t\t<\/div>\n\t\t<\/div>\n\t\t\t\t<div class=\"elementor-column elementor-col-50 elementor-inner-column elementor-element elementor-element-aa854e6\" data-id=\"aa854e6\" data-element_type=\"column\" data-e-type=\"column\">\n\t\t\t<div class=\"elementor-widget-wrap elementor-element-populated\">\n\t\t\t\t\t\t<div class=\"elementor-element elementor-element-e3ee0fc elementor-align-center elementor-widget elementor-widget-button\" data-id=\"e3ee0fc\" data-element_type=\"widget\" data-e-type=\"widget\" data-widget_type=\"button.default\">\n\t\t\t\t<div class=\"elementor-widget-container\">\n\t\t\t\t\t\t\t\t\t<div class=\"elementor-button-wrapper\">\n\t\t\t\t\t<a class=\"elementor-button elementor-button-link elementor-size-sm\" href=\"https:\/\/www.unavets.com\/quirino\/es\/servicios\/\">\n\t\t\t\t\t\t<span class=\"elementor-button-content-wrapper\">\n\t\t\t\t\t\t\t\t\t<span class=\"elementor-button-text\">Servicios<\/span>\n\t\t\t\t\t<\/span>\n\t\t\t\t\t<\/a>\n\t\t\t\t<\/div>\n\t\t\t\t\t\t\t\t<\/div>\n\t\t\t\t<\/div>\n\t\t\t\t\t<\/div>\n\t\t<\/div>\n\t\t\t\t\t<\/div>\n\t\t<\/section>\n\t\t\t\t\t<\/div>\n\t\t<\/div>\n\t\t\t\t\t<\/div>\n\t\t<\/section>\n\t\t\t\t<section class=\"elementor-section elementor-top-section elementor-element elementor-element-84faa9d elementor-section-boxed elementor-section-height-default elementor-section-height-default\" data-id=\"84faa9d\" data-element_type=\"section\" data-e-type=\"section\">\n\t\t\t\t\t\t<div class=\"elementor-container elementor-column-gap-default\">\n\t\t\t\t\t<div class=\"elementor-column elementor-col-100 elementor-top-column elementor-element elementor-element-a548bef\" data-id=\"a548bef\" data-element_type=\"column\" data-e-type=\"column\">\n\t\t\t<div class=\"elementor-widget-wrap elementor-element-populated\">\n\t\t\t\t\t\t<div class=\"elementor-element elementor-element-329284d elementor-widget elementor-widget-gallery\" data-id=\"329284d\" data-element_type=\"widget\" data-e-type=\"widget\" data-settings=\"{&quot;columns&quot;:&quot;3&quot;,&quot;aspect_ratio&quot;:&quot;1:1&quot;,&quot;lazyload&quot;:&quot;yes&quot;,&quot;gallery_layout&quot;:&quot;grid&quot;,&quot;columns_tablet&quot;:2,&quot;columns_mobile&quot;:1,&quot;gap&quot;:{&quot;unit&quot;:&quot;px&quot;,&quot;size&quot;:10,&quot;sizes&quot;:[]},&quot;gap_tablet&quot;:{&quot;unit&quot;:&quot;px&quot;,&quot;size&quot;:10,&quot;sizes&quot;:[]},&quot;gap_mobile&quot;:{&quot;unit&quot;:&quot;px&quot;,&quot;size&quot;:10,&quot;sizes&quot;:[]},&quot;link_to&quot;:&quot;file&quot;,&quot;overlay_background&quot;:&quot;yes&quot;,&quot;content_hover_animation&quot;:&quot;fade-in&quot;}\" data-widget_type=\"gallery.default\">\n\t\t\t\t<div class=\"elementor-widget-container\">\n\t\t\t\t\t\t\t<div class=\"elementor-gallery__container\">\n\t\t\t\t\t\t\t<a class=\"e-gallery-item elementor-gallery-item elementor-animated-content\" href=\"https:\/\/www.unavets.com\/quirino\/wp-content\/uploads\/sites\/33\/2023\/08\/sin-titulo-8-1.jpg\" data-elementor-open-lightbox=\"yes\" data-elementor-lightbox-slideshow=\"329284d\" data-elementor-lightbox-title=\"sin-titulo-8-1.jpg\" data-e-action-hash=\"#elementor-action%3Aaction%3Dlightbox%26settings%3DeyJpZCI6MjMwOTEsInVybCI6Imh0dHBzOlwvXC93d3cudW5hdmV0cy5jb21cL3F1aXJpbm9cL3dwLWNvbnRlbnRcL3VwbG9hZHNcL3NpdGVzXC8zM1wvMjAyM1wvMDhcL3Npbi10aXR1bG8tOC0xLmpwZyIsInNsaWRlc2hvdyI6IjMyOTI4NGQifQ%3D%3D\">\n\t\t\t\t\t<div class=\"e-gallery-image elementor-gallery-item__image\" data-thumbnail=\"https:\/\/www.unavets.com\/quirino\/wp-content\/uploads\/sites\/33\/2023\/08\/sin-titulo-8-1.jpg\" data-width=\"724\" data-height=\"483\" aria-label=\"\" role=\"img\" ><\/div>\n\t\t\t\t\t\t\t\t\t\t\t<div class=\"elementor-gallery-item__overlay\"><\/div>\n\t\t\t\t\t\t\t\t\t\t\t\t\t\t<\/a>\n\t\t\t\t\t\t\t<a class=\"e-gallery-item elementor-gallery-item elementor-animated-content\" href=\"https:\/\/www.unavets.com\/quirino\/wp-content\/uploads\/sites\/33\/2023\/08\/INSTALACIONES-QUIRINO-LA-LINEA_____-1.jpg\" data-elementor-open-lightbox=\"yes\" data-elementor-lightbox-slideshow=\"329284d\" data-elementor-lightbox-title=\"INSTALACIONES-QUIRINO-LA-LINEA_____.jpg\" data-e-action-hash=\"#elementor-action%3Aaction%3Dlightbox%26settings%3DeyJpZCI6MjMxMjYsInVybCI6Imh0dHBzOlwvXC93d3cudW5hdmV0cy5jb21cL3F1aXJpbm9cL3dwLWNvbnRlbnRcL3VwbG9hZHNcL3NpdGVzXC8zM1wvMjAyM1wvMDhcL0lOU1RBTEFDSU9ORVMtUVVJUklOTy1MQS1MSU5FQV9fX19fLTEuanBnIiwic2xpZGVzaG93IjoiMzI5Mjg0ZCJ9\">\n\t\t\t\t\t<div class=\"e-gallery-image elementor-gallery-item__image\" data-thumbnail=\"https:\/\/www.unavets.com\/quirino\/wp-content\/uploads\/sites\/33\/2023\/08\/INSTALACIONES-QUIRINO-LA-LINEA_____-1.jpg\" data-width=\"724\" data-height=\"483\" aria-label=\"\" role=\"img\" ><\/div>\n\t\t\t\t\t\t\t\t\t\t\t<div class=\"elementor-gallery-item__overlay\"><\/div>\n\t\t\t\t\t\t\t\t\t\t\t\t\t\t<\/a>\n\t\t\t\t\t\t\t<a class=\"e-gallery-item elementor-gallery-item elementor-animated-content\" href=\"https:\/\/www.unavets.com\/quirino\/wp-content\/uploads\/sites\/33\/2023\/08\/INSTALACIONES-QUIRINO-LA-LINEA______-3.jpg\" data-elementor-open-lightbox=\"yes\" data-elementor-lightbox-slideshow=\"329284d\" data-elementor-lightbox-title=\"INSTALACIONES-QUIRINO-LA-LINEA______.jpg\" data-e-action-hash=\"#elementor-action%3Aaction%3Dlightbox%26settings%3DeyJpZCI6MjMxMjAsInVybCI6Imh0dHBzOlwvXC93d3cudW5hdmV0cy5jb21cL3F1aXJpbm9cL3dwLWNvbnRlbnRcL3VwbG9hZHNcL3NpdGVzXC8zM1wvMjAyM1wvMDhcL0lOU1RBTEFDSU9ORVMtUVVJUklOTy1MQS1MSU5FQV9fX19fXy0zLmpwZyIsInNsaWRlc2hvdyI6IjMyOTI4NGQifQ%3D%3D\">\n\t\t\t\t\t<div class=\"e-gallery-image elementor-gallery-item__image\" data-thumbnail=\"https:\/\/www.unavets.com\/quirino\/wp-content\/uploads\/sites\/33\/2023\/08\/INSTALACIONES-QUIRINO-LA-LINEA______-3.jpg\" data-width=\"508\" data-height=\"339\" aria-label=\"\" role=\"img\" ><\/div>\n\t\t\t\t\t\t\t\t\t\t\t<div class=\"elementor-gallery-item__overlay\"><\/div>\n\t\t\t\t\t\t\t\t\t\t\t\t\t\t<\/a>\n\t\t\t\t\t\t\t<a class=\"e-gallery-item elementor-gallery-item elementor-animated-content\" href=\"https:\/\/www.unavets.com\/quirino\/wp-content\/uploads\/sites\/33\/2025\/10\/quirino-4.jpg\" data-elementor-open-lightbox=\"yes\" data-elementor-lightbox-slideshow=\"329284d\" data-elementor-lightbox-title=\"quirino 4\" data-e-action-hash=\"#elementor-action%3Aaction%3Dlightbox%26settings%3DeyJpZCI6MjQ0MzYsInVybCI6Imh0dHBzOlwvXC93d3cudW5hdmV0cy5jb21cL3F1aXJpbm9cL3dwLWNvbnRlbnRcL3VwbG9hZHNcL3NpdGVzXC8zM1wvMjAyNVwvMTBcL3F1aXJpbm8tNC5qcGciLCJzbGlkZXNob3ciOiIzMjkyODRkIn0%3D\">\n\t\t\t\t\t<div class=\"e-gallery-image elementor-gallery-item__image\" data-thumbnail=\"https:\/\/www.unavets.com\/quirino\/wp-content\/uploads\/sites\/33\/2025\/10\/quirino-4.jpg\" data-width=\"724\" data-height=\"805\" aria-label=\"\" role=\"img\" ><\/div>\n\t\t\t\t\t\t\t\t\t\t\t<div class=\"elementor-gallery-item__overlay\"><\/div>\n\t\t\t\t\t\t\t\t\t\t\t\t\t\t<\/a>\n\t\t\t\t\t\t\t<a class=\"e-gallery-item elementor-gallery-item elementor-animated-content\" href=\"https:\/\/www.unavets.com\/quirino\/wp-content\/uploads\/sites\/33\/2023\/08\/sin-titulo-29-1.jpg\" data-elementor-open-lightbox=\"yes\" data-elementor-lightbox-slideshow=\"329284d\" data-elementor-lightbox-title=\"sin-titulo-29-1.jpg\" data-e-action-hash=\"#elementor-action%3Aaction%3Dlightbox%26settings%3DeyJpZCI6MjMxMDgsInVybCI6Imh0dHBzOlwvXC93d3cudW5hdmV0cy5jb21cL3F1aXJpbm9cL3dwLWNvbnRlbnRcL3VwbG9hZHNcL3NpdGVzXC8zM1wvMjAyM1wvMDhcL3Npbi10aXR1bG8tMjktMS5qcGciLCJzbGlkZXNob3ciOiIzMjkyODRkIn0%3D\">\n\t\t\t\t\t<div class=\"e-gallery-image elementor-gallery-item__image\" data-thumbnail=\"https:\/\/www.unavets.com\/quirino\/wp-content\/uploads\/sites\/33\/2023\/08\/sin-titulo-29-1.jpg\" data-width=\"724\" data-height=\"483\" aria-label=\"\" role=\"img\" ><\/div>\n\t\t\t\t\t\t\t\t\t\t\t<div class=\"elementor-gallery-item__overlay\"><\/div>\n\t\t\t\t\t\t\t\t\t\t\t\t\t\t<\/a>\n\t\t\t\t\t\t\t<a class=\"e-gallery-item elementor-gallery-item elementor-animated-content\" href=\"https:\/\/www.unavets.com\/quirino\/wp-content\/uploads\/sites\/33\/2023\/08\/INSTALACIONES-QUIRINO-LA-LINEA____-1.jpg\" data-elementor-open-lightbox=\"yes\" data-elementor-lightbox-slideshow=\"329284d\" data-elementor-lightbox-title=\"INSTALACIONES-QUIRINO-LA-LINEA____.jpg\" data-e-action-hash=\"#elementor-action%3Aaction%3Dlightbox%26settings%3DeyJpZCI6MjMxNTgsInVybCI6Imh0dHBzOlwvXC93d3cudW5hdmV0cy5jb21cL3F1aXJpbm9cL3dwLWNvbnRlbnRcL3VwbG9hZHNcL3NpdGVzXC8zM1wvMjAyM1wvMDhcL0lOU1RBTEFDSU9ORVMtUVVJUklOTy1MQS1MSU5FQV9fX18tMS5qcGciLCJzbGlkZXNob3ciOiIzMjkyODRkIn0%3D\">\n\t\t\t\t\t<div class=\"e-gallery-image elementor-gallery-item__image\" data-thumbnail=\"https:\/\/www.unavets.com\/quirino\/wp-content\/uploads\/sites\/33\/2023\/08\/INSTALACIONES-QUIRINO-LA-LINEA____-1.jpg\" data-width=\"724\" data-height=\"483\" aria-label=\"\" role=\"img\" ><\/div>\n\t\t\t\t\t\t\t\t\t\t\t<div class=\"elementor-gallery-item__overlay\"><\/div>\n\t\t\t\t\t\t\t\t\t\t\t\t\t\t<\/a>\n\t\t\t\t\t\t\t<a class=\"e-gallery-item elementor-gallery-item elementor-animated-content\" href=\"https:\/\/www.unavets.com\/quirino\/wp-content\/uploads\/sites\/33\/2025\/10\/quirino-3.jpg\" data-elementor-open-lightbox=\"yes\" data-elementor-lightbox-slideshow=\"329284d\" data-elementor-lightbox-title=\"quirino 3\" data-e-action-hash=\"#elementor-action%3Aaction%3Dlightbox%26settings%3DeyJpZCI6MjQ0MzQsInVybCI6Imh0dHBzOlwvXC93d3cudW5hdmV0cy5jb21cL3F1aXJpbm9cL3dwLWNvbnRlbnRcL3VwbG9hZHNcL3NpdGVzXC8zM1wvMjAyNVwvMTBcL3F1aXJpbm8tMy5qcGciLCJzbGlkZXNob3ciOiIzMjkyODRkIn0%3D\">\n\t\t\t\t\t<div class=\"e-gallery-image elementor-gallery-item__image\" data-thumbnail=\"https:\/\/www.unavets.com\/quirino\/wp-content\/uploads\/sites\/33\/2025\/10\/quirino-3-1024x681.jpg\" data-width=\"724\" data-height=\"481\" aria-label=\"\" role=\"img\" ><\/div>\n\t\t\t\t\t\t\t\t\t\t\t<div class=\"elementor-gallery-item__overlay\"><\/div>\n\t\t\t\t\t\t\t\t\t\t\t\t\t\t<\/a>\n\t\t\t\t\t\t\t<a class=\"e-gallery-item elementor-gallery-item elementor-animated-content\" href=\"https:\/\/www.unavets.com\/quirino\/wp-content\/uploads\/sites\/33\/2023\/08\/INSTALACIONES-QUIRINO-LA-LINEA__-1.jpg\" data-elementor-open-lightbox=\"yes\" data-elementor-lightbox-slideshow=\"329284d\" data-elementor-lightbox-title=\"INSTALACIONES-QUIRINO-LA-LINEA__.jpg\" data-e-action-hash=\"#elementor-action%3Aaction%3Dlightbox%26settings%3DeyJpZCI6MjMxMzAsInVybCI6Imh0dHBzOlwvXC93d3cudW5hdmV0cy5jb21cL3F1aXJpbm9cL3dwLWNvbnRlbnRcL3VwbG9hZHNcL3NpdGVzXC8zM1wvMjAyM1wvMDhcL0lOU1RBTEFDSU9ORVMtUVVJUklOTy1MQS1MSU5FQV9fLTEuanBnIiwic2xpZGVzaG93IjoiMzI5Mjg0ZCJ9\">\n\t\t\t\t\t<div class=\"e-gallery-image elementor-gallery-item__image\" data-thumbnail=\"https:\/\/www.unavets.com\/quirino\/wp-content\/uploads\/sites\/33\/2023\/08\/INSTALACIONES-QUIRINO-LA-LINEA__-1.jpg\" data-width=\"724\" data-height=\"483\" aria-label=\"\" role=\"img\" ><\/div>\n\t\t\t\t\t\t\t\t\t\t\t<div class=\"elementor-gallery-item__overlay\"><\/div>\n\t\t\t\t\t\t\t\t\t\t\t\t\t\t<\/a>\n\t\t\t\t\t\t\t<a class=\"e-gallery-item elementor-gallery-item elementor-animated-content\" href=\"https:\/\/www.unavets.com\/quirino\/wp-content\/uploads\/sites\/33\/2023\/08\/INSTALACIONES-QUIRINO-LA-LINEA_-1.jpg\" data-elementor-open-lightbox=\"yes\" data-elementor-lightbox-slideshow=\"329284d\" data-elementor-lightbox-title=\"INSTALACIONES-QUIRINO-LA-LINEA_.jpg\" data-e-action-hash=\"#elementor-action%3Aaction%3Dlightbox%26settings%3DeyJpZCI6MjMxMTAsInVybCI6Imh0dHBzOlwvXC93d3cudW5hdmV0cy5jb21cL3F1aXJpbm9cL3dwLWNvbnRlbnRcL3VwbG9hZHNcL3NpdGVzXC8zM1wvMjAyM1wvMDhcL0lOU1RBTEFDSU9ORVMtUVVJUklOTy1MQS1MSU5FQV8tMS5qcGciLCJzbGlkZXNob3ciOiIzMjkyODRkIn0%3D\">\n\t\t\t\t\t<div class=\"e-gallery-image elementor-gallery-item__image\" data-thumbnail=\"https:\/\/www.unavets.com\/quirino\/wp-content\/uploads\/sites\/33\/2023\/08\/INSTALACIONES-QUIRINO-LA-LINEA_-1.jpg\" data-width=\"724\" data-height=\"483\" aria-label=\"\" role=\"img\" ><\/div>\n\t\t\t\t\t\t\t\t\t\t\t<div class=\"elementor-gallery-item__overlay\"><\/div>\n\t\t\t\t\t\t\t\t\t\t\t\t\t\t<\/a>\n\t\t\t\t\t<\/div>\n\t\t\t\t\t<\/div>\n\t\t\t\t<\/div>\n\t\t\t\t\t<\/div>\n\t\t<\/div>\n\t\t\t\t\t<\/div>\n\t\t<\/section>\n\t\t\t\t<\/div>\n\t\t","protected":false},"excerpt":{"rendered":"<p>La Cl\u00ednica Veterinaria Quirino La L\u00ednea de la Concepci\u00f3n cuenta con los mejores equipos e instalaciones a nuestra disposici\u00f3n para ofrecerte el m\u00e1s alto nivel de atenci\u00f3n. Las instalaciones de la Cl\u00ednica Veterinaria Quirino son modernas y funcionales. Disponemos de una planta baja con 4 consultas, sala de radiograf\u00eda computerizada digital, laboratorio y amplia sala &hellip; <\/p>\n","protected":false},"author":60,"featured_media":0,"parent":0,"menu_order":0,"comment_status":"closed","ping_status":"closed","template":"page-fullwidth.php","meta":{"_acf_changed":false,"content-type":"","footnotes":""},"class_list":["post-24396","page","type-page","status-publish","hentry"],"acf":[],"_links":{"self":[{"href":"https:\/\/www.unavets.com\/quirino\/es\/wp-json\/wp\/v2\/pages\/24396","targetHints":{"allow":["GET"]}}],"collection":[{"href":"https:\/\/www.unavets.com\/quirino\/es\/wp-json\/wp\/v2\/pages"}],"about":[{"href":"https:\/\/www.unavets.com\/quirino\/es\/wp-json\/wp\/v2\/types\/page"}],"author":[{"embeddable":true,"href":"https:\/\/www.unavets.com\/quirino\/es\/wp-json\/wp\/v2\/users\/60"}],"replies":[{"embeddable":true,"href":"https:\/\/www.unavets.com\/quirino\/es\/wp-json\/wp\/v2\/comments?post=24396"}],"version-history":[{"count":13,"href":"https:\/\/www.unavets.com\/quirino\/es\/wp-json\/wp\/v2\/pages\/24396\/revisions"}],"predecessor-version":[{"id":24453,"href":"https:\/\/www.unavets.com\/quirino\/es\/wp-json\/wp\/v2\/pages\/24396\/revisions\/24453"}],"wp:attachment":[{"href":"https:\/\/www.unavets.com\/quirino\/es\/wp-json\/wp\/v2\/media?parent=24396"}],"curies":[{"name":"wp","href":"https:\/\/api.w.org\/{rel}","templated":true}]}}