{"id":18617,"date":"2022-04-20T09:43:11","date_gmt":"2022-04-20T09:43:11","guid":{"rendered":"https:\/\/www.unavets.com\/quirino\/?page_id=18617"},"modified":"2024-12-30T18:12:56","modified_gmt":"2024-12-30T18:12:56","slug":"clinica-veterinaria-quirino-la-linea-de-la-concepcion","status":"publish","type":"page","link":"https:\/\/www.unavets.com\/quirino\/es\/clinica-veterinaria-quirino-la-linea-de-la-concepcion\/","title":{"rendered":"Cl\u00ednica Veterinaria Quirino- La L\u00ednea de la Concepci\u00f3n"},"content":{"rendered":"\t\t<div data-elementor-type=\"wp-page\" data-elementor-id=\"18617\" class=\"elementor elementor-18617\" data-elementor-post-type=\"page\">\n\t\t\t\t\t\t<section class=\"elementor-section elementor-top-section elementor-element elementor-element-54cf215 pad-top-0 elementor-section-boxed elementor-section-height-default elementor-section-height-default\" data-id=\"54cf215\" data-element_type=\"section\" data-e-type=\"section\" id=\"main-sec\" data-settings=\"{&quot;background_background&quot;:&quot;classic&quot;}\">\n\t\t\t\t\t\t<div class=\"elementor-container elementor-column-gap-wide\">\n\t\t\t\t\t<div class=\"elementor-column elementor-col-100 elementor-top-column elementor-element elementor-element-d926441\" data-id=\"d926441\" data-element_type=\"column\" data-e-type=\"column\">\n\t\t\t<div class=\"elementor-widget-wrap elementor-element-populated\">\n\t\t\t\t\t\t<div class=\"elementor-element elementor-element-ac5c964 elementor-widget elementor-widget-text-editor\" data-id=\"ac5c964\" data-element_type=\"widget\" data-e-type=\"widget\" data-widget_type=\"text-editor.default\">\n\t\t\t\t<div class=\"elementor-widget-container\">\n\t\t\t\t\t\t\t\t\t<p><strong>Cl\u00ednica Veterinaria Quirino<\/strong><\/p>\n<p><b>Nuestro equipo de veterinarios y t\u00e9cnicos est\u00e1 altamente cualificado y experimentado en el cuidado de todo tipo de mascotas, desde perros y gatos hasta animales ex\u00f3ticos<\/b><br><\/p>\t\t\t\t\t\t\t\t<\/div>\n\t\t\t\t<\/div>\n\t\t\t\t<section class=\"elementor-section elementor-inner-section elementor-element elementor-element-98275a1 elementor-section-boxed elementor-section-height-default elementor-section-height-default\" data-id=\"98275a1\" data-element_type=\"section\" data-e-type=\"section\">\n\t\t\t\t\t\t<div class=\"elementor-container elementor-column-gap-default\">\n\t\t\t\t\t<div class=\"elementor-column elementor-col-50 elementor-inner-column elementor-element elementor-element-07b222c\" data-id=\"07b222c\" data-element_type=\"column\" data-e-type=\"column\">\n\t\t\t<div class=\"elementor-widget-wrap elementor-element-populated\">\n\t\t\t\t\t\t<div class=\"elementor-element elementor-element-44b52f4 elementor-widget elementor-widget-image\" data-id=\"44b52f4\" data-element_type=\"widget\" data-e-type=\"widget\" data-widget_type=\"image.default\">\n\t\t\t\t<div class=\"elementor-widget-container\">\n\t\t\t\t\t\t\t\t\t\t\t\t\t\t\t<img fetchpriority=\"high\" width=\"724\" height=\"917\" class=\"attachment-medium_large size-medium_large wp-image-24075 lazy\" alt=\"\" data-src=\"https:\/\/www.unavets.com\/quirino\/wp-content\/uploads\/sites\/33\/2024\/12\/quirino.png\" data-lazy=\"https:\/\/www.unavets.com\/quirino\/wp-content\/uploads\/sites\/33\/2024\/12\/quirino.png\" \/>\t\t\t\t\t\t\t\t\t\t\t\t\t\t\t<\/div>\n\t\t\t\t<\/div>\n\t\t\t\t\t<\/div>\n\t\t<\/div>\n\t\t\t\t<div class=\"elementor-column elementor-col-50 elementor-inner-column elementor-element elementor-element-e32254f\" data-id=\"e32254f\" data-element_type=\"column\" data-e-type=\"column\">\n\t\t\t<div class=\"elementor-widget-wrap elementor-element-populated\">\n\t\t\t\t\t\t<div class=\"elementor-element elementor-element-6494dd8 elementor-widget elementor-widget-text-editor\" data-id=\"6494dd8\" data-element_type=\"widget\" data-e-type=\"widget\" data-widget_type=\"text-editor.default\">\n\t\t\t\t<div class=\"elementor-widget-container\">\n\t\t\t\t\t\t\t\t\t<p>La Cl\u00ednica Veterinaria Quirino es una cl\u00ednica veterinaria ubicada en La L\u00ednea de la Concepci\u00f3n, en la C. V\u00eda Parque, 15, Bajo B. Con un <strong>tel\u00e9fono de contacto: 956762702 y urgencias en el +34 628 606 768,<\/strong> esta cl\u00ednica ofrece servicios de alta calidad para el cuidado de los animales.<\/p><p><strong>Nuestros servicios<\/strong><\/p><p>Ofrecemos una amplia gama de servicios para el cuidado de su mascota, incluyendo:<\/p><ul><li>Consultas generales<\/li><li>Vacunaciones<\/li><li>Esterilizaciones<\/li><li>Castraciones<\/li><li>Consultas de urgencia<\/li><\/ul><p>Nuestro equipo de veterinarios y t\u00e9cnicos est\u00e1 altamente cualificado y experimentado en el cuidado de todo tipo de mascotas, desde perros y gatos hasta animales ex\u00f3ticos. Estamos comprometidos a brindar a nuestros clientes la mejor atenci\u00f3n posible, y siempre estamos aprendiendo y creciendo para brindarles a nuestros pacientes el mejor cuidado posible.<\/p><p>Nuestras instalaciones est\u00e1n equipadas con la \u00faltima tecnolog\u00eda para brindar a nuestros pacientes el mejor cuidado posible. Tambi\u00e9n tenemos una entrada accesible para sillas de ruedas, lo que la hace un lugar c\u00f3modo y seguro para todos los clientes<\/p>\t\t\t\t\t\t\t\t<\/div>\n\t\t\t\t<\/div>\n\t\t\t\t\t<\/div>\n\t\t<\/div>\n\t\t\t\t\t<\/div>\n\t\t<\/section>\n\t\t\t\t<section class=\"elementor-section elementor-inner-section elementor-element elementor-element-cbd28ac elementor-section-boxed elementor-section-height-default elementor-section-height-default\" data-id=\"cbd28ac\" data-element_type=\"section\" data-e-type=\"section\">\n\t\t\t\t\t\t<div class=\"elementor-container elementor-column-gap-default\">\n\t\t\t\t\t<div class=\"elementor-column elementor-col-50 elementor-inner-column elementor-element elementor-element-e54cc90\" data-id=\"e54cc90\" data-element_type=\"column\" data-e-type=\"column\">\n\t\t\t<div class=\"elementor-widget-wrap elementor-element-populated\">\n\t\t\t\t\t\t<div class=\"elementor-element elementor-element-5db3b67 elementor-align-center elementor-widget elementor-widget-button\" data-id=\"5db3b67\" data-element_type=\"widget\" data-e-type=\"widget\" data-widget_type=\"button.default\">\n\t\t\t\t<div class=\"elementor-widget-container\">\n\t\t\t\t\t\t\t\t\t<div class=\"elementor-button-wrapper\">\n\t\t\t\t\t<a class=\"elementor-button elementor-button-link elementor-size-sm\" href=\"https:\/\/www.unavets.com\/tartanga\/es\/especialidades\/\">\n\t\t\t\t\t\t<span class=\"elementor-button-content-wrapper\">\n\t\t\t\t\t\t\t\t\t<span class=\"elementor-button-text\">Especialidades<\/span>\n\t\t\t\t\t<\/span>\n\t\t\t\t\t<\/a>\n\t\t\t\t<\/div>\n\t\t\t\t\t\t\t\t<\/div>\n\t\t\t\t<\/div>\n\t\t\t\t\t<\/div>\n\t\t<\/div>\n\t\t\t\t<div class=\"elementor-column elementor-col-50 elementor-inner-column elementor-element elementor-element-dc3e6b5\" data-id=\"dc3e6b5\" data-element_type=\"column\" data-e-type=\"column\">\n\t\t\t<div class=\"elementor-widget-wrap elementor-element-populated\">\n\t\t\t\t\t\t<div class=\"elementor-element elementor-element-ebe1efe elementor-align-center elementor-widget elementor-widget-button\" data-id=\"ebe1efe\" data-element_type=\"widget\" data-e-type=\"widget\" data-widget_type=\"button.default\">\n\t\t\t\t<div class=\"elementor-widget-container\">\n\t\t\t\t\t\t\t\t\t<div class=\"elementor-button-wrapper\">\n\t\t\t\t\t<a class=\"elementor-button elementor-button-link elementor-size-sm\" href=\"https:\/\/www.unavets.com\/tartanga\/es\/servicios\/\">\n\t\t\t\t\t\t<span class=\"elementor-button-content-wrapper\">\n\t\t\t\t\t\t\t\t\t<span class=\"elementor-button-text\">Servicios<\/span>\n\t\t\t\t\t<\/span>\n\t\t\t\t\t<\/a>\n\t\t\t\t<\/div>\n\t\t\t\t\t\t\t\t<\/div>\n\t\t\t\t<\/div>\n\t\t\t\t\t<\/div>\n\t\t<\/div>\n\t\t\t\t\t<\/div>\n\t\t<\/section>\n\t\t\t\t\t<\/div>\n\t\t<\/div>\n\t\t\t\t\t<\/div>\n\t\t<\/section>\n\t\t\t\t<section class=\"elementor-section elementor-top-section elementor-element elementor-element-c64bf4c elementor-section-boxed elementor-section-height-default elementor-section-height-default\" data-id=\"c64bf4c\" data-element_type=\"section\" data-e-type=\"section\">\n\t\t\t\t\t\t<div class=\"elementor-container elementor-column-gap-default\">\n\t\t\t\t\t<div class=\"elementor-column elementor-col-100 elementor-top-column elementor-element elementor-element-46ea748\" data-id=\"46ea748\" data-element_type=\"column\" data-e-type=\"column\">\n\t\t\t<div class=\"elementor-widget-wrap elementor-element-populated\">\n\t\t\t\t\t\t<div class=\"elementor-element elementor-element-ad3e405 elementor-widget elementor-widget-gallery\" data-id=\"ad3e405\" data-element_type=\"widget\" data-e-type=\"widget\" data-settings=\"{&quot;columns&quot;:&quot;3&quot;,&quot;aspect_ratio&quot;:&quot;1:1&quot;,&quot;lazyload&quot;:&quot;yes&quot;,&quot;gallery_layout&quot;:&quot;grid&quot;,&quot;columns_tablet&quot;:2,&quot;columns_mobile&quot;:1,&quot;gap&quot;:{&quot;unit&quot;:&quot;px&quot;,&quot;size&quot;:10,&quot;sizes&quot;:[]},&quot;gap_tablet&quot;:{&quot;unit&quot;:&quot;px&quot;,&quot;size&quot;:10,&quot;sizes&quot;:[]},&quot;gap_mobile&quot;:{&quot;unit&quot;:&quot;px&quot;,&quot;size&quot;:10,&quot;sizes&quot;:[]},&quot;link_to&quot;:&quot;file&quot;,&quot;overlay_background&quot;:&quot;yes&quot;,&quot;content_hover_animation&quot;:&quot;fade-in&quot;}\" data-widget_type=\"gallery.default\">\n\t\t\t\t<div class=\"elementor-widget-container\">\n\t\t\t\t\t\t\t<div class=\"elementor-gallery__container\">\n\t\t\t\t\t\t\t<a class=\"e-gallery-item elementor-gallery-item elementor-animated-content\" href=\"https:\/\/www.unavets.com\/quirino\/wp-content\/uploads\/sites\/33\/2023\/08\/INSTALACIONES-QUIRINO-LA-LINEA______.jpg\" data-elementor-open-lightbox=\"yes\" data-elementor-lightbox-slideshow=\"ad3e405\" data-elementor-lightbox-title=\"INSTALACIONES QUIRINO LA LINEA______\" data-e-action-hash=\"#elementor-action%3Aaction%3Dlightbox%26settings%3DeyJpZCI6MjI5MjIsInVybCI6Imh0dHBzOlwvXC93d3cudW5hdmV0cy5jb21cL3F1aXJpbm9cL3dwLWNvbnRlbnRcL3VwbG9hZHNcL3NpdGVzXC8zM1wvMjAyM1wvMDhcL0lOU1RBTEFDSU9ORVMtUVVJUklOTy1MQS1MSU5FQV9fX19fXy5qcGciLCJzbGlkZXNob3ciOiJhZDNlNDA1In0%3D\">\n\t\t\t\t\t<div class=\"e-gallery-image elementor-gallery-item__image\" data-thumbnail=\"https:\/\/www.unavets.com\/quirino\/wp-content\/uploads\/sites\/33\/2023\/08\/INSTALACIONES-QUIRINO-LA-LINEA______.jpg\" data-width=\"508\" data-height=\"339\" aria-label=\"\" role=\"img\" ><\/div>\n\t\t\t\t\t\t\t\t\t\t\t<div class=\"elementor-gallery-item__overlay\"><\/div>\n\t\t\t\t\t\t\t\t\t\t\t\t\t\t<\/a>\n\t\t\t\t\t\t\t<a class=\"e-gallery-item elementor-gallery-item elementor-animated-content\" href=\"https:\/\/www.unavets.com\/quirino\/wp-content\/uploads\/sites\/33\/2023\/08\/INSTALACIONES-QUIRINO-LA-LINEA.jpg\" data-elementor-open-lightbox=\"yes\" data-elementor-lightbox-slideshow=\"ad3e405\" data-elementor-lightbox-title=\"INSTALACIONES QUIRINO LA LINEA\" data-e-action-hash=\"#elementor-action%3Aaction%3Dlightbox%26settings%3DeyJpZCI6MjI5MzIsInVybCI6Imh0dHBzOlwvXC93d3cudW5hdmV0cy5jb21cL3F1aXJpbm9cL3dwLWNvbnRlbnRcL3VwbG9hZHNcL3NpdGVzXC8zM1wvMjAyM1wvMDhcL0lOU1RBTEFDSU9ORVMtUVVJUklOTy1MQS1MSU5FQS5qcGciLCJzbGlkZXNob3ciOiJhZDNlNDA1In0%3D\">\n\t\t\t\t\t<div class=\"e-gallery-image elementor-gallery-item__image\" data-thumbnail=\"https:\/\/www.unavets.com\/quirino\/wp-content\/uploads\/sites\/33\/2023\/08\/INSTALACIONES-QUIRINO-LA-LINEA.jpg\" data-width=\"724\" data-height=\"483\" aria-label=\"\" role=\"img\" ><\/div>\n\t\t\t\t\t\t\t\t\t\t\t<div class=\"elementor-gallery-item__overlay\"><\/div>\n\t\t\t\t\t\t\t\t\t\t\t\t\t\t<\/a>\n\t\t\t\t\t\t\t<a class=\"e-gallery-item elementor-gallery-item elementor-animated-content\" href=\"https:\/\/www.unavets.com\/quirino\/wp-content\/uploads\/sites\/33\/2023\/08\/INSTALACIONES-QUIRINO-LA-LINEA____.jpg\" data-elementor-open-lightbox=\"yes\" data-elementor-lightbox-slideshow=\"ad3e405\" data-elementor-lightbox-title=\"INSTALACIONES QUIRINO LA LINEA____\" data-e-action-hash=\"#elementor-action%3Aaction%3Dlightbox%26settings%3DeyJpZCI6MjI5MjYsInVybCI6Imh0dHBzOlwvXC93d3cudW5hdmV0cy5jb21cL3F1aXJpbm9cL3dwLWNvbnRlbnRcL3VwbG9hZHNcL3NpdGVzXC8zM1wvMjAyM1wvMDhcL0lOU1RBTEFDSU9ORVMtUVVJUklOTy1MQS1MSU5FQV9fX18uanBnIiwic2xpZGVzaG93IjoiYWQzZTQwNSJ9\">\n\t\t\t\t\t<div class=\"e-gallery-image elementor-gallery-item__image\" data-thumbnail=\"https:\/\/www.unavets.com\/quirino\/wp-content\/uploads\/sites\/33\/2023\/08\/INSTALACIONES-QUIRINO-LA-LINEA____.jpg\" data-width=\"724\" data-height=\"483\" aria-label=\"\" role=\"img\" ><\/div>\n\t\t\t\t\t\t\t\t\t\t\t<div class=\"elementor-gallery-item__overlay\"><\/div>\n\t\t\t\t\t\t\t\t\t\t\t\t\t\t<\/a>\n\t\t\t\t\t\t\t<a class=\"e-gallery-item elementor-gallery-item elementor-animated-content\" href=\"https:\/\/www.unavets.com\/quirino\/wp-content\/uploads\/sites\/33\/2023\/08\/INSTALACIONES-QUIRINO-LA-LINEA__.jpg\" data-elementor-open-lightbox=\"yes\" data-elementor-lightbox-slideshow=\"ad3e405\" data-elementor-lightbox-title=\"INSTALACIONES QUIRINO LA LINEA__\" data-e-action-hash=\"#elementor-action%3Aaction%3Dlightbox%26settings%3DeyJpZCI6MjI5MjgsInVybCI6Imh0dHBzOlwvXC93d3cudW5hdmV0cy5jb21cL3F1aXJpbm9cL3dwLWNvbnRlbnRcL3VwbG9hZHNcL3NpdGVzXC8zM1wvMjAyM1wvMDhcL0lOU1RBTEFDSU9ORVMtUVVJUklOTy1MQS1MSU5FQV9fLmpwZyIsInNsaWRlc2hvdyI6ImFkM2U0MDUifQ%3D%3D\">\n\t\t\t\t\t<div class=\"e-gallery-image elementor-gallery-item__image\" data-thumbnail=\"https:\/\/www.unavets.com\/quirino\/wp-content\/uploads\/sites\/33\/2023\/08\/INSTALACIONES-QUIRINO-LA-LINEA__.jpg\" data-width=\"724\" data-height=\"483\" aria-label=\"\" role=\"img\" ><\/div>\n\t\t\t\t\t\t\t\t\t\t\t<div class=\"elementor-gallery-item__overlay\"><\/div>\n\t\t\t\t\t\t\t\t\t\t\t\t\t\t<\/a>\n\t\t\t\t\t\t\t<a class=\"e-gallery-item elementor-gallery-item elementor-animated-content\" href=\"https:\/\/www.unavets.com\/quirino\/wp-content\/uploads\/sites\/33\/2023\/08\/INSTALACIONES-QUIRINO-LA-LINEA_.jpg\" data-elementor-open-lightbox=\"yes\" data-elementor-lightbox-slideshow=\"ad3e405\" data-elementor-lightbox-title=\"INSTALACIONES QUIRINO LA LINEA_\" data-e-action-hash=\"#elementor-action%3Aaction%3Dlightbox%26settings%3DeyJpZCI6MjI5MzAsInVybCI6Imh0dHBzOlwvXC93d3cudW5hdmV0cy5jb21cL3F1aXJpbm9cL3dwLWNvbnRlbnRcL3VwbG9hZHNcL3NpdGVzXC8zM1wvMjAyM1wvMDhcL0lOU1RBTEFDSU9ORVMtUVVJUklOTy1MQS1MSU5FQV8uanBnIiwic2xpZGVzaG93IjoiYWQzZTQwNSJ9\">\n\t\t\t\t\t<div class=\"e-gallery-image elementor-gallery-item__image\" data-thumbnail=\"https:\/\/www.unavets.com\/quirino\/wp-content\/uploads\/sites\/33\/2023\/08\/INSTALACIONES-QUIRINO-LA-LINEA_.jpg\" data-width=\"724\" data-height=\"483\" aria-label=\"\" role=\"img\" ><\/div>\n\t\t\t\t\t\t\t\t\t\t\t<div class=\"elementor-gallery-item__overlay\"><\/div>\n\t\t\t\t\t\t\t\t\t\t\t\t\t\t<\/a>\n\t\t\t\t\t\t\t<a class=\"e-gallery-item elementor-gallery-item elementor-animated-content\" href=\"https:\/\/www.unavets.com\/quirino\/wp-content\/uploads\/sites\/33\/2023\/08\/INSTALACIONES-QUIRINO-LA-LINEA_____.jpg\" data-elementor-open-lightbox=\"yes\" data-elementor-lightbox-slideshow=\"ad3e405\" data-elementor-lightbox-title=\"INSTALACIONES QUIRINO LA LINEA_____\" data-e-action-hash=\"#elementor-action%3Aaction%3Dlightbox%26settings%3DeyJpZCI6MjI5MjQsInVybCI6Imh0dHBzOlwvXC93d3cudW5hdmV0cy5jb21cL3F1aXJpbm9cL3dwLWNvbnRlbnRcL3VwbG9hZHNcL3NpdGVzXC8zM1wvMjAyM1wvMDhcL0lOU1RBTEFDSU9ORVMtUVVJUklOTy1MQS1MSU5FQV9fX19fLmpwZyIsInNsaWRlc2hvdyI6ImFkM2U0MDUifQ%3D%3D\">\n\t\t\t\t\t<div class=\"e-gallery-image elementor-gallery-item__image\" data-thumbnail=\"https:\/\/www.unavets.com\/quirino\/wp-content\/uploads\/sites\/33\/2023\/08\/INSTALACIONES-QUIRINO-LA-LINEA_____.jpg\" data-width=\"724\" data-height=\"483\" aria-label=\"\" role=\"img\" ><\/div>\n\t\t\t\t\t\t\t\t\t\t\t<div class=\"elementor-gallery-item__overlay\"><\/div>\n\t\t\t\t\t\t\t\t\t\t\t\t\t\t<\/a>\n\t\t\t\t\t<\/div>\n\t\t\t\t\t<\/div>\n\t\t\t\t<\/div>\n\t\t\t\t\t<\/div>\n\t\t<\/div>\n\t\t\t\t\t<\/div>\n\t\t<\/section>\n\t\t\t\t<\/div>\n\t\t","protected":false},"excerpt":{"rendered":"<p>Cl\u00ednica Veterinaria Quirino Nuestro equipo de veterinarios y t\u00e9cnicos est\u00e1 altamente cualificado y experimentado en el cuidado de todo tipo de mascotas, desde perros y gatos hasta animales ex\u00f3ticos La Cl\u00ednica Veterinaria Quirino es una cl\u00ednica veterinaria ubicada en La L\u00ednea de la Concepci\u00f3n, en la C. V\u00eda Parque, 15, Bajo B. Con un tel\u00e9fono &hellip; <\/p>\n","protected":false},"author":8,"featured_media":0,"parent":0,"menu_order":0,"comment_status":"closed","ping_status":"closed","template":"page-fullwidth.php","meta":{"_acf_changed":false,"content-type":"","footnotes":""},"class_list":["post-18617","page","type-page","status-publish","hentry"],"acf":[],"_links":{"self":[{"href":"https:\/\/www.unavets.com\/quirino\/es\/wp-json\/wp\/v2\/pages\/18617","targetHints":{"allow":["GET"]}}],"collection":[{"href":"https:\/\/www.unavets.com\/quirino\/es\/wp-json\/wp\/v2\/pages"}],"about":[{"href":"https:\/\/www.unavets.com\/quirino\/es\/wp-json\/wp\/v2\/types\/page"}],"author":[{"embeddable":true,"href":"https:\/\/www.unavets.com\/quirino\/es\/wp-json\/wp\/v2\/users\/8"}],"replies":[{"embeddable":true,"href":"https:\/\/www.unavets.com\/quirino\/es\/wp-json\/wp\/v2\/comments?post=18617"}],"version-history":[{"count":6,"href":"https:\/\/www.unavets.com\/quirino\/es\/wp-json\/wp\/v2\/pages\/18617\/revisions"}],"predecessor-version":[{"id":24087,"href":"https:\/\/www.unavets.com\/quirino\/es\/wp-json\/wp\/v2\/pages\/18617\/revisions\/24087"}],"wp:attachment":[{"href":"https:\/\/www.unavets.com\/quirino\/es\/wp-json\/wp\/v2\/media?parent=18617"}],"curies":[{"name":"wp","href":"https:\/\/api.w.org\/{rel}","templated":true}]}}