{"id":23613,"date":"2022-05-17T15:15:09","date_gmt":"2022-05-17T15:15:09","guid":{"rendered":"https:\/\/www.unavets.com\/?page_id=23613"},"modified":"2022-05-17T15:22:01","modified_gmt":"2022-05-17T15:22:01","slug":"terapia-laser","status":"publish","type":"page","link":"https:\/\/www.unavets.com\/pt-pt\/terapia-laser\/","title":{"rendered":"Terapia laser"},"content":{"rendered":"\t\t<div data-elementor-type=\"wp-page\" data-elementor-id=\"23613\" class=\"elementor elementor-23613 elementor-13651\" data-elementor-post-type=\"page\">\n\t\t\t\t\t\t<section class=\"elementor-section elementor-top-section elementor-element elementor-element-ae03942 elementor-section-boxed elementor-section-height-default elementor-section-height-default\" data-id=\"ae03942\" data-element_type=\"section\" data-e-type=\"section\" id=\"main-sec\">\n\t\t\t\t\t\t<div class=\"elementor-container elementor-column-gap-default\">\n\t\t\t\t\t<div class=\"elementor-column elementor-col-100 elementor-top-column elementor-element elementor-element-e1aab43\" data-id=\"e1aab43\" data-element_type=\"column\" data-e-type=\"column\">\n\t\t\t<div class=\"elementor-widget-wrap elementor-element-populated\">\n\t\t\t\t\t\t<div class=\"elementor-element elementor-element-91cf5db elementor-widget elementor-widget-section_titleleft\" data-id=\"91cf5db\" data-element_type=\"widget\" data-e-type=\"widget\" data-widget_type=\"section_titleleft.default\">\n\t\t\t\t<div class=\"elementor-widget-container\">\n\t\t\t\t\t        <div class=\"ab_text-title fl-wrap\">\n            <h3>O que \u00e9 terapia laser? <\/h3> A terapia laser \u00e9 um tratamento sem medicamentos, sem cirurgia, que \u00e9 usado em medicina veterin\u00e1ria h\u00e1 d\u00e9cadas. A efic\u00e1cia deste tratamento tem sido clinicamente comprovada no tratamento de uma s\u00e9rie de problemas de sa\u00fade em c\u00e3es, gatos, e outros animais. <span class=\"section-separator fl-sec-sep\"><\/span>        <\/div>\n        \t\t\t\t<\/div>\n\t\t\t\t<\/div>\n\t\t\t\t\t<\/div>\n\t\t<\/div>\n\t\t\t\t\t<\/div>\n\t\t<\/section>\n\t\t\t\t<section class=\"elementor-section elementor-top-section elementor-element elementor-element-582df9f elementor-section-boxed elementor-section-height-default elementor-section-height-default\" data-id=\"582df9f\" data-element_type=\"section\" data-e-type=\"section\">\n\t\t\t\t\t\t<div class=\"elementor-container elementor-column-gap-wide\">\n\t\t\t\t\t<div class=\"elementor-column elementor-col-50 elementor-top-column elementor-element elementor-element-6bbc9a0\" data-id=\"6bbc9a0\" data-element_type=\"column\" data-e-type=\"column\">\n\t\t\t<div class=\"elementor-widget-wrap elementor-element-populated\">\n\t\t\t\t\t\t<div class=\"elementor-element elementor-element-fe19039 elementor-widget elementor-widget-text-editor\" data-id=\"fe19039\" data-element_type=\"widget\" data-e-type=\"widget\" data-widget_type=\"text-editor.default\">\n\t\t\t\t<div class=\"elementor-widget-container\">\n\t\t\t\t\t\t\t\t\t<p><strong>Que afe\u00e7\u00f5es s\u00e3o tratadas pela terapia laser nos animais de estima\u00e7\u00e3o?<\/strong><\/p><p>As afe\u00e7\u00f5es mais comuns para as quais usamos terapia laser s\u00e3o:<\/p><ul><li>Doen\u00e7a degenerativa das articula\u00e7\u00f5es (artrite)<\/li><li>Dores nas costas\/doen\u00e7a dos discos<\/li><li>Dist\u00farbios dermatol\u00f3gicos (p. ex. manchas, dermatite interdigital e granulomas por lamber)<\/li><li>Recupera\u00e7\u00e3o\/al\u00edvio da dor p\u00f3s-cir\u00fargica<\/li><li>Tendinite<\/li><li>Feridas<\/li><li>Otite externa (infe\u00e7\u00f5es dos ouvidos)<\/li><li>Entorses e luxa\u00e7\u00f5es<\/li><\/ul>\t\t\t\t\t\t\t\t<\/div>\n\t\t\t\t<\/div>\n\t\t\t\t\t<\/div>\n\t\t<\/div>\n\t\t\t\t<div class=\"elementor-column elementor-col-50 elementor-top-column elementor-element elementor-element-5bbcd99\" data-id=\"5bbcd99\" data-element_type=\"column\" data-e-type=\"column\">\n\t\t\t<div class=\"elementor-widget-wrap elementor-element-populated\">\n\t\t\t\t\t\t<div class=\"elementor-element elementor-element-94fd506 elementor-widget elementor-widget-image\" data-id=\"94fd506\" data-element_type=\"widget\" data-e-type=\"widget\" data-widget_type=\"image.default\">\n\t\t\t\t<div class=\"elementor-widget-container\">\n\t\t\t\t\t\t\t\t\t\t\t\t\t\t\t<img decoding=\"async\" src=\"http:\/\/www.unavets.com\/cabrils\/wp-content\/uploads\/sites\/2\/2020\/10\/shutterstock_607531682-1.jpg\" title=\"\" alt=\"\" loading=\"lazy\" \/>\t\t\t\t\t\t\t\t\t\t\t\t\t\t\t<\/div>\n\t\t\t\t<\/div>\n\t\t\t\t\t<\/div>\n\t\t<\/div>\n\t\t\t\t\t<\/div>\n\t\t<\/section>\n\t\t\t\t<section class=\"elementor-section elementor-top-section elementor-element elementor-element-4fc21cc elementor-section-boxed elementor-section-height-default elementor-section-height-default\" data-id=\"4fc21cc\" data-element_type=\"section\" data-e-type=\"section\">\n\t\t\t\t\t\t<div class=\"elementor-container elementor-column-gap-default\">\n\t\t\t\t\t<div class=\"elementor-column elementor-col-100 elementor-top-column elementor-element elementor-element-c275dc6\" data-id=\"c275dc6\" data-element_type=\"column\" data-e-type=\"column\">\n\t\t\t<div class=\"elementor-widget-wrap elementor-element-populated\">\n\t\t\t\t\t\t<div class=\"elementor-element elementor-element-779a4df elementor-widget elementor-widget-section_titleleft\" data-id=\"779a4df\" data-element_type=\"widget\" data-e-type=\"widget\" data-widget_type=\"section_titleleft.default\">\n\t\t\t\t<div class=\"elementor-widget-container\">\n\t\t\t\t\t        <div class=\"ab_text-title fl-wrap\">\n            <h3>Como funciona a terapia laser para o seu animal de estima\u00e7\u00e3o <\/h3><span class=\"section-separator fl-sec-sep\"><\/span>        <\/div>\n        \t\t\t\t<\/div>\n\t\t\t\t<\/div>\n\t\t\t\t\t<\/div>\n\t\t<\/div>\n\t\t\t\t\t<\/div>\n\t\t<\/section>\n\t\t\t\t<section class=\"elementor-section elementor-top-section elementor-element elementor-element-4381848 elementor-section-boxed elementor-section-height-default elementor-section-height-default\" data-id=\"4381848\" data-element_type=\"section\" data-e-type=\"section\">\n\t\t\t\t\t\t<div class=\"elementor-container elementor-column-gap-wide\">\n\t\t\t\t\t<div class=\"elementor-column elementor-col-50 elementor-top-column elementor-element elementor-element-23d4522\" data-id=\"23d4522\" data-element_type=\"column\" data-e-type=\"column\">\n\t\t\t<div class=\"elementor-widget-wrap elementor-element-populated\">\n\t\t\t\t\t\t<div class=\"elementor-element elementor-element-b9cf8bb elementor-widget elementor-widget-image\" data-id=\"b9cf8bb\" data-element_type=\"widget\" data-e-type=\"widget\" data-widget_type=\"image.default\">\n\t\t\t\t<div class=\"elementor-widget-container\">\n\t\t\t\t\t\t\t\t\t\t\t\t\t\t\t<img decoding=\"async\" src=\"http:\/\/www.unavets.com\/cabrils\/wp-content\/uploads\/sites\/2\/2020\/10\/shutterstock_400487158-1.jpg\" title=\"\" alt=\"\" loading=\"lazy\" \/>\t\t\t\t\t\t\t\t\t\t\t\t\t\t\t<\/div>\n\t\t\t\t<\/div>\n\t\t\t\t\t<\/div>\n\t\t<\/div>\n\t\t\t\t<div class=\"elementor-column elementor-col-50 elementor-top-column elementor-element elementor-element-98854c0\" data-id=\"98854c0\" data-element_type=\"column\" data-e-type=\"column\">\n\t\t\t<div class=\"elementor-widget-wrap elementor-element-populated\">\n\t\t\t\t\t\t<div class=\"elementor-element elementor-element-12fc066 elementor-widget elementor-widget-text-editor\" data-id=\"12fc066\" data-element_type=\"widget\" data-e-type=\"widget\" data-widget_type=\"text-editor.default\">\n\t\t\t\t<div class=\"elementor-widget-container\">\n\t\t\t\t\t\t\t\t\t<p>A terapia laser usa um raio intenso de part\u00edculas de luz (fot\u00f5es) para penetrar profundamente nos tecidos, de forma segura e indolor, e estimular as c\u00e9lulas a sarar. Estes fot\u00f5es estimulam as mitoc\u00f4ndrias no interior das c\u00e9lulas a produzir ATP atrav\u00e9s de uma altera\u00e7\u00e3o qu\u00edmica chamada \u00abfoto-bio-modula\u00e7\u00e3o\u00bb.<\/p><p>A ATP fornece a energia necess\u00e1ria \u00e0 recupera\u00e7\u00e3o dos tecidos. Este aumento na produ\u00e7\u00e3o de ATP reduz inflama\u00e7\u00f5es, alivia as dores, acelera a repara\u00e7\u00e3o dos tecidos e o crescimento celular, melhora o fluxo de sangue para o local da les\u00e3o, permite uma mais r\u00e1pida recupera\u00e7\u00e3o do ferimento, e pode melhorar a fun\u00e7\u00e3o nervosa. Outra caracter\u00edstica \u00f3tima da terapia laser \u00e9 a inexist\u00eancia de efeitos secund\u00e1rios conhecidos, e o facto de a maioria dos animais de estima\u00e7\u00e3o demonstrar resultados positivos de imediato.<\/p>\t\t\t\t\t\t\t\t<\/div>\n\t\t\t\t<\/div>\n\t\t\t\t<div class=\"elementor-element elementor-element-8f67123 elementor-align-center elementor-widget elementor-widget-button\" data-id=\"8f67123\" data-element_type=\"widget\" data-e-type=\"widget\" data-widget_type=\"button.default\">\n\t\t\t\t<div class=\"elementor-widget-container\">\n\t\t\t\t\t\t\t\t\t<div class=\"elementor-button-wrapper\">\n\t\t\t\t\t<a class=\"elementor-button elementor-button-link elementor-size-md\" href=\"https:\/\/www.unavets.com\/pt-pt\/os-nossos-consultorios\/\">\n\t\t\t\t\t\t<span class=\"elementor-button-content-wrapper\">\n\t\t\t\t\t\t<span class=\"elementor-button-icon\">\n\t\t\t\t<i aria-hidden=\"true\" class=\"far fa-calendar-alt\"><\/i>\t\t\t<\/span>\n\t\t\t\t\t\t\t\t\t<span class=\"elementor-button-text\">Encontre o consult\u00f3rio UNAVETS mais pr\u00f3ximo<\/span>\n\t\t\t\t\t<\/span>\n\t\t\t\t\t<\/a>\n\t\t\t\t<\/div>\n\t\t\t\t\t\t\t\t<\/div>\n\t\t\t\t<\/div>\n\t\t\t\t\t<\/div>\n\t\t<\/div>\n\t\t\t\t\t<\/div>\n\t\t<\/section>\n\t\t\t\t<section class=\"elementor-section elementor-top-section elementor-element elementor-element-c8cf544 elementor-section-boxed elementor-section-height-default elementor-section-height-default\" data-id=\"c8cf544\" data-element_type=\"section\" data-e-type=\"section\">\n\t\t\t\t\t\t<div class=\"elementor-container elementor-column-gap-default\">\n\t\t\t\t\t<div class=\"elementor-column elementor-col-100 elementor-top-column elementor-element elementor-element-7b9db89\" data-id=\"7b9db89\" data-element_type=\"column\" data-e-type=\"column\">\n\t\t\t<div class=\"elementor-widget-wrap elementor-element-populated\">\n\t\t\t\t\t\t<div class=\"elementor-element elementor-element-d5a608c elementor-widget elementor-widget-section_titleleft\" data-id=\"d5a608c\" data-element_type=\"widget\" data-e-type=\"widget\" data-widget_type=\"section_titleleft.default\">\n\t\t\t\t<div class=\"elementor-widget-container\">\n\t\t\t\t\t        <div class=\"ab_text-title fl-wrap\">\n            <h3>O que esperar durante a terapia laser<\/h3><span class=\"section-separator fl-sec-sep\"><\/span>        <\/div>\n        \t\t\t\t<\/div>\n\t\t\t\t<\/div>\n\t\t\t\t<div class=\"elementor-element elementor-element-0442a35 elementor-widget elementor-widget-text-editor\" data-id=\"0442a35\" data-element_type=\"widget\" data-e-type=\"widget\" data-widget_type=\"text-editor.default\">\n\t\t\t\t<div class=\"elementor-widget-container\">\n\t\t\t\t\t\t\t\t\t<p class=\"Body\">A luz laser \u00e9 aplicada nas \u00e1reas do corpo que necessitam de tratamento atrav\u00e9s da utiliza\u00e7\u00e3o de um aparelho manual n\u00e3o invasivo. Durante o tratamento, os animais de estima\u00e7\u00e3o sentem, por norma, uma sensa\u00e7\u00e3o quente, calmante que \u00e9 semelhante a uma massagem. A maioria das sess\u00f5es \u00e9 realizada em menos de 10 minutos. No entanto a quantidade e frequ\u00eancia dos tratamentos utilizados s\u00e3o determinadas pela gravidade e pelo tipo da afe\u00e7\u00e3o.<\/p><p class=\"Body\">\u00a0<\/p>\t\t\t\t\t\t\t\t<\/div>\n\t\t\t\t<\/div>\n\t\t\t\t\t<\/div>\n\t\t<\/div>\n\t\t\t\t\t<\/div>\n\t\t<\/section>\n\t\t\t\t<\/div>\n\t\t","protected":false},"excerpt":{"rendered":"<p>O que \u00e9 terapia laser? A terapia laser \u00e9 um tratamento sem medicamentos, sem cirurgia, que \u00e9 usado em medicina veterin\u00e1ria h\u00e1 d\u00e9cadas. A efic\u00e1cia deste tratamento tem sido clinicamente comprovada no tratamento de uma s\u00e9rie de problemas de sa\u00fade em c\u00e3es, gatos, e outros animais. Que afe\u00e7\u00f5es s\u00e3o tratadas pela terapia laser nos animais &hellip; <\/p>\n","protected":false},"author":8,"featured_media":0,"parent":0,"menu_order":0,"comment_status":"closed","ping_status":"closed","template":"page-fullwidth.php","meta":{"_acf_changed":false,"content-type":"","footnotes":""},"class_list":["post-23613","page","type-page","status-publish","hentry"],"acf":[],"_links":{"self":[{"href":"https:\/\/www.unavets.com\/pt-pt\/wp-json\/wp\/v2\/pages\/23613","targetHints":{"allow":["GET"]}}],"collection":[{"href":"https:\/\/www.unavets.com\/pt-pt\/wp-json\/wp\/v2\/pages"}],"about":[{"href":"https:\/\/www.unavets.com\/pt-pt\/wp-json\/wp\/v2\/types\/page"}],"author":[{"embeddable":true,"href":"https:\/\/www.unavets.com\/pt-pt\/wp-json\/wp\/v2\/users\/8"}],"replies":[{"embeddable":true,"href":"https:\/\/www.unavets.com\/pt-pt\/wp-json\/wp\/v2\/comments?post=23613"}],"version-history":[{"count":0,"href":"https:\/\/www.unavets.com\/pt-pt\/wp-json\/wp\/v2\/pages\/23613\/revisions"}],"wp:attachment":[{"href":"https:\/\/www.unavets.com\/pt-pt\/wp-json\/wp\/v2\/media?parent=23613"}],"curies":[{"name":"wp","href":"https:\/\/api.w.org\/{rel}","templated":true}]}}