{"id":22439,"date":"2022-03-30T09:28:38","date_gmt":"2022-03-30T09:28:38","guid":{"rendered":"https:\/\/www.unavets.com\/oportunidades-de-carreira\/"},"modified":"2025-01-10T12:55:17","modified_gmt":"2025-01-10T12:55:17","slug":"oportunidades-de-carreira","status":"publish","type":"page","link":"https:\/\/www.unavets.com\/pt-pt\/oportunidades-de-carreira\/","title":{"rendered":"Oportunidades de carreira"},"content":{"rendered":"\t\t<div data-elementor-type=\"wp-page\" data-elementor-id=\"22439\" class=\"elementor elementor-22439 elementor-16284\" data-elementor-post-type=\"page\">\n\t\t\t\t\t\t<section class=\"elementor-section elementor-top-section elementor-element elementor-element-3e3628f elementor-section-boxed elementor-section-height-default elementor-section-height-default\" data-id=\"3e3628f\" data-element_type=\"section\" data-e-type=\"section\" id=\"main-sec\">\n\t\t\t\t\t\t<div class=\"elementor-container elementor-column-gap-default\">\n\t\t\t\t\t<div class=\"elementor-column elementor-col-100 elementor-top-column elementor-element elementor-element-0e0c4a5\" data-id=\"0e0c4a5\" data-element_type=\"column\" data-e-type=\"column\">\n\t\t\t<div class=\"elementor-widget-wrap elementor-element-populated\">\n\t\t\t\t\t\t<div class=\"elementor-element elementor-element-b3297f4 elementor-widget elementor-widget-section_titleleft\" data-id=\"b3297f4\" data-element_type=\"widget\" data-e-type=\"widget\" data-widget_type=\"section_titleleft.default\">\n\t\t\t\t<div class=\"elementor-widget-container\">\n\t\t\t\t\t        <div class=\"ab_text-title fl-wrap\">\n            <h3>Junte-se \u00e0 fam\u00edlia UNAVETS!<\/h3><span class=\"section-separator fl-sec-sep\"><\/span>        <\/div>\n        \t\t\t\t<\/div>\n\t\t\t\t<\/div>\n\t\t\t\t<div class=\"elementor-element elementor-element-c740a2f elementor-widget elementor-widget-text-editor\" data-id=\"c740a2f\" data-element_type=\"widget\" data-e-type=\"widget\" data-widget_type=\"text-editor.default\">\n\t\t\t\t<div class=\"elementor-widget-container\">\n\t\t\t\t\t\t\t\t\t<p>Na <strong>UNAVETS<\/strong> encontrar\u00e1 um ambiente onde poder\u00e1 desenvolver-se profissionalmente e melhorar a sua forma\u00e7\u00e3o, um ambiente colaborativo onde veterin\u00e1rios e auxiliares de veterin\u00e1ria apreciam a sua profiss\u00e3o.<\/p>\n<p>Clique na posi\u00e7\u00e3o que lhe interessa e veja se temos vagas dispon\u00edveis nos nossos consult\u00f3rios e hospitais veterin\u00e1rios em Espanha e Portugal.<\/p>\n\t\t\t\t\t\t\t\t<\/div>\n\t\t\t\t<\/div>\n\t\t\t\t<section class=\"elementor-section elementor-inner-section elementor-element elementor-element-dc4d19a elementor-section-boxed elementor-section-height-default elementor-section-height-default\" data-id=\"dc4d19a\" data-element_type=\"section\" data-e-type=\"section\">\n\t\t\t\t\t\t<div class=\"elementor-container elementor-column-gap-default\">\n\t\t\t\t\t<div class=\"elementor-column elementor-col-33 elementor-inner-column elementor-element elementor-element-87a4808\" data-id=\"87a4808\" data-element_type=\"column\" data-e-type=\"column\">\n\t\t\t<div class=\"elementor-widget-wrap elementor-element-populated\">\n\t\t\t\t\t\t<div class=\"elementor-element elementor-element-30e2c51 elementor-position-top elementor-widget elementor-widget-image-box\" data-id=\"30e2c51\" data-element_type=\"widget\" data-e-type=\"widget\" data-widget_type=\"image-box.default\">\n\t\t\t\t<div class=\"elementor-widget-container\">\n\t\t\t\t\t<div class=\"elementor-image-box-wrapper\"><figure class=\"elementor-image-box-img\"><a href=\"https:\/\/www.unavets.com\/pt-pt\/medico-veterinario\/\" tabindex=\"-1\"><img fetchpriority=\"high\" decoding=\"async\" width=\"424\" height=\"280\" src=\"https:\/\/www.unavets.com\/wp-content\/uploads\/2021\/05\/Facilities_11-2-424x280.jpg\" class=\"elementor-animation-grow attachment-townhub-lgal size-townhub-lgal wp-image-16585\" alt=\"\" \/><\/a><\/figure><div class=\"elementor-image-box-content\"><h3 class=\"elementor-image-box-title\"><a href=\"https:\/\/www.unavets.com\/pt-pt\/medico-veterinario\/\">M\u00e9dico Veterin\u00e1rio<\/a><\/h3><\/div><\/div>\t\t\t\t<\/div>\n\t\t\t\t<\/div>\n\t\t\t\t\t<\/div>\n\t\t<\/div>\n\t\t\t\t<div class=\"elementor-column elementor-col-33 elementor-inner-column elementor-element elementor-element-9f7d9c3\" data-id=\"9f7d9c3\" data-element_type=\"column\" data-e-type=\"column\">\n\t\t\t<div class=\"elementor-widget-wrap elementor-element-populated\">\n\t\t\t\t\t\t<div class=\"elementor-element elementor-element-ee76f3f elementor-position-top elementor-widget elementor-widget-image-box\" data-id=\"ee76f3f\" data-element_type=\"widget\" data-e-type=\"widget\" data-widget_type=\"image-box.default\">\n\t\t\t\t<div class=\"elementor-widget-container\">\n\t\t\t\t\t<div class=\"elementor-image-box-wrapper\"><figure class=\"elementor-image-box-img\"><a href=\"https:\/\/www.unavets.com\/pt-pt\/enfermeiro-veterinario\/\" tabindex=\"-1\"><img decoding=\"async\" width=\"424\" height=\"280\" src=\"https:\/\/www.unavets.com\/wp-content\/uploads\/2020\/09\/location2-424x280.jpg\" class=\"elementor-animation-grow attachment-townhub-lgal size-townhub-lgal wp-image-12327\" alt=\"\" \/><\/a><\/figure><div class=\"elementor-image-box-content\"><h3 class=\"elementor-image-box-title\"><a href=\"https:\/\/www.unavets.com\/pt-pt\/enfermeiro-veterinario\/\">Enfermeiro Veterin\u00e1rio<\/a><\/h3><\/div><\/div>\t\t\t\t<\/div>\n\t\t\t\t<\/div>\n\t\t\t\t\t<\/div>\n\t\t<\/div>\n\t\t\t\t<div class=\"elementor-column elementor-col-33 elementor-inner-column elementor-element elementor-element-da74dd0\" data-id=\"da74dd0\" data-element_type=\"column\" data-e-type=\"column\">\n\t\t\t<div class=\"elementor-widget-wrap elementor-element-populated\">\n\t\t\t\t\t\t<div class=\"elementor-element elementor-element-be20a1f elementor-position-top elementor-widget elementor-widget-image-box\" data-id=\"be20a1f\" data-element_type=\"widget\" data-e-type=\"widget\" data-widget_type=\"image-box.default\">\n\t\t\t\t<div class=\"elementor-widget-container\">\n\t\t\t\t\t<div class=\"elementor-image-box-wrapper\"><figure class=\"elementor-image-box-img\"><a href=\"https:\/\/www.unavets.com\/pt-pt\/auxiliar-veterinaria\/\" tabindex=\"-1\"><img decoding=\"async\" width=\"424\" height=\"280\" src=\"https:\/\/www.unavets.com\/wp-content\/uploads\/2020\/08\/Mutt-Source-Photocase_Sonja-424x280.jpg\" class=\"elementor-animation-grow attachment-townhub-lgal size-townhub-lgal wp-image-11927\" alt=\"\" \/><\/a><\/figure><div class=\"elementor-image-box-content\"><h3 class=\"elementor-image-box-title\"><a href=\"https:\/\/www.unavets.com\/pt-pt\/auxiliar-veterinaria\/\">Auxiliar Veterin\u00e1ria<\/a><\/h3><\/div><\/div>\t\t\t\t<\/div>\n\t\t\t\t<\/div>\n\t\t\t\t\t<\/div>\n\t\t<\/div>\n\t\t\t\t\t<\/div>\n\t\t<\/section>\n\t\t\t\t\t<\/div>\n\t\t<\/div>\n\t\t\t\t\t<\/div>\n\t\t<\/section>\n\t\t\t\t<section class=\"elementor-section elementor-top-section elementor-element elementor-element-a19038b pad-bot-50 elementor-section-boxed elementor-section-height-default elementor-section-height-default\" data-id=\"a19038b\" data-element_type=\"section\" data-e-type=\"section\">\n\t\t\t\t\t\t<div class=\"elementor-container elementor-column-gap-wide\">\n\t\t\t\t\t<div class=\"elementor-column elementor-col-33 elementor-top-column elementor-element elementor-element-646a46b\" data-id=\"646a46b\" data-element_type=\"column\" data-e-type=\"column\">\n\t\t\t<div class=\"elementor-widget-wrap elementor-element-populated\">\n\t\t\t\t\t\t<section class=\"elementor-section elementor-inner-section elementor-element elementor-element-fbbfba9 elementor-section-boxed elementor-section-height-default elementor-section-height-default\" data-id=\"fbbfba9\" data-element_type=\"section\" data-e-type=\"section\">\n\t\t\t\t\t\t<div class=\"elementor-container elementor-column-gap-default\">\n\t\t\t\t\t<div class=\"elementor-column elementor-col-100 elementor-inner-column elementor-element elementor-element-447a859\" data-id=\"447a859\" data-element_type=\"column\" data-e-type=\"column\">\n\t\t\t<div class=\"elementor-widget-wrap elementor-element-populated\">\n\t\t\t\t\t\t<div class=\"elementor-element elementor-element-7536926 elementor-widget elementor-widget-html\" data-id=\"7536926\" data-element_type=\"widget\" data-e-type=\"widget\" data-widget_type=\"html.default\">\n\t\t\t\t<div class=\"elementor-widget-container\">\n\t\t\t\t\t<img decoding=\"async\" src=\"\/wp-content\/uploads\/2020\/11\/shutterstock_1097793086-1-388x257.jpg\"\/>\t\t\t\t<\/div>\n\t\t\t\t<\/div>\n\t\t\t\t\t<\/div>\n\t\t<\/div>\n\t\t\t\t\t<\/div>\n\t\t<\/section>\n\t\t\t\t<div class=\"elementor-element elementor-element-48e8351 elementor-widget elementor-widget-section_titleleft\" data-id=\"48e8351\" data-element_type=\"widget\" data-e-type=\"widget\" data-widget_type=\"section_titleleft.default\">\n\t\t\t\t<div class=\"elementor-widget-container\">\n\t\t\t\t\t        <div class=\"ab_text-title fl-wrap\">\n            <h3>Contacte-nos<\/h3><span class=\"section-separator fl-sec-sep\"><\/span>        <\/div>\n        \t\t\t\t<\/div>\n\t\t\t\t<\/div>\n\t\t\t\t<div class=\"elementor-element elementor-element-2454101 contact-infos-widget elementor-widget elementor-widget-text-editor\" data-id=\"2454101\" data-element_type=\"widget\" data-e-type=\"widget\" data-widget_type=\"text-editor.default\">\n\t\t\t\t<div class=\"elementor-widget-container\">\n\t\t\t\t\t\t\t\t\t<ul class=\"no-list-style contact-infos\"><li><span class=\"no-rep\"><i class=\"fal fa-envelope\"><\/i> E-mail:<\/span><a href=\"mailto:seleccion@unavets.com\">seleccion@unavets.com<\/a><\/li><\/ul><ul class=\"no-list-style contact-socials\"><li><a href=\"https:\/\/www.linkedin.com\/company\/unavets\/?originalSubdomain=es\" target=\"_blank\" rel=\"noopener\"><i class=\"fab fa-linkedin\"><\/i><\/a><\/li><\/ul>\t\t\t\t\t\t\t\t<\/div>\n\t\t\t\t<\/div>\n\t\t\t\t\t<\/div>\n\t\t<\/div>\n\t\t\t\t<div class=\"elementor-column elementor-col-66 elementor-top-column elementor-element elementor-element-46189e7\" data-id=\"46189e7\" data-element_type=\"column\" data-e-type=\"column\">\n\t\t\t<div class=\"elementor-widget-wrap elementor-element-populated\">\n\t\t\t\t\t\t<div class=\"elementor-element elementor-element-dac1497 elementor-widget elementor-widget-section_titleleft\" data-id=\"dac1497\" data-element_type=\"widget\" data-e-type=\"widget\" data-widget_type=\"section_titleleft.default\">\n\t\t\t\t<div class=\"elementor-widget-container\">\n\t\t\t\t\t        <div class=\"ab_text-title fl-wrap\">\n            <h3>Candidate-se hoje<\/h3><span class=\"section-separator fl-sec-sep\"><\/span>        <\/div>\n        \t\t\t\t<\/div>\n\t\t\t\t<\/div>\n\t\t\t\t<div class=\"elementor-element elementor-element-ed2cf04 elementor-widget elementor-widget-text-editor\" data-id=\"ed2cf04\" data-element_type=\"widget\" data-e-type=\"widget\" data-widget_type=\"text-editor.default\">\n\t\t\t\t<div class=\"elementor-widget-container\">\n\t\t\t\t\t\t\t\t\t<p>Estamos sempre dispostos a expandir a nossa equipa com profissionais qualificados, dedicados e apaixonados.<\/p>\n<p>Se n\u00e3o existir qualquer vaga dispon\u00edvel de momento, preencha o formul\u00e1rio abaixo e teremos em conta a sua candidatura para vagas futuras.<\/p>\n\t\t\t\t\t\t\t\t<\/div>\n\t\t\t\t<\/div>\n\t\t\t\t<div class=\"elementor-element elementor-element-47b84e9 elementor-widget elementor-widget-text-editor\" data-id=\"47b84e9\" data-element_type=\"widget\" data-e-type=\"widget\" data-widget_type=\"text-editor.default\">\n\t\t\t\t<div class=\"elementor-widget-container\">\n\t\t\t\t\t\t\t\t\t<p>\n\t\t\t\t\t\t<script>\n\t\t\t\t\t\t\twindow.hsFormsOnReady = window.hsFormsOnReady || [];\n\t\t\t\t\t\t\twindow.hsFormsOnReady.push(()=>{\n\t\t\t\t\t\t\t\thbspt.forms.create({\n\t\t\t\t\t\t\t\t\tportalId: 8560088,\n\t\t\t\t\t\t\t\t\tformId: \"c72c6d84-0a1f-45c9-850f-d2bf455f1790\",\n\t\t\t\t\t\t\t\t\ttarget: \"#hbspt-form-1778156425000-5625844239\",\n\t\t\t\t\t\t\t\t\tregion: \"na1\",\n\t\t\t\t\t\t\t\t\t\n\t\t\t\t\t\t\t})});\n\t\t\t\t\t\t<\/script>\n\t\t\t\t\t\t<div class=\"hbspt-form\" id=\"hbspt-form-1778156425000-5625844239\"><\/div><\/p>\t\t\t\t\t\t\t\t<\/div>\n\t\t\t\t<\/div>\n\t\t\t\t\t<\/div>\n\t\t<\/div>\n\t\t\t\t\t<\/div>\n\t\t<\/section>\n\t\t\t\t<\/div>\n\t\t","protected":false},"excerpt":{"rendered":"<p>Junte-se \u00e0 fam\u00edlia UNAVETS! Na UNAVETS encontrar\u00e1 um ambiente onde poder\u00e1 desenvolver-se profissionalmente e melhorar a sua forma\u00e7\u00e3o, um ambiente colaborativo onde veterin\u00e1rios e auxiliares de veterin\u00e1ria apreciam a sua profiss\u00e3o. Clique na posi\u00e7\u00e3o que lhe interessa e veja se temos vagas dispon\u00edveis nos nossos consult\u00f3rios e hospitais veterin\u00e1rios em Espanha e Portugal. M\u00e9dico Veterin\u00e1rio &hellip; <\/p>\n","protected":false},"author":1,"featured_media":0,"parent":0,"menu_order":0,"comment_status":"closed","ping_status":"closed","template":"page-fullwidth.php","meta":{"_acf_changed":false,"content-type":"","footnotes":""},"class_list":["post-22439","page","type-page","status-publish","hentry"],"acf":[],"_links":{"self":[{"href":"https:\/\/www.unavets.com\/pt-pt\/wp-json\/wp\/v2\/pages\/22439","targetHints":{"allow":["GET"]}}],"collection":[{"href":"https:\/\/www.unavets.com\/pt-pt\/wp-json\/wp\/v2\/pages"}],"about":[{"href":"https:\/\/www.unavets.com\/pt-pt\/wp-json\/wp\/v2\/types\/page"}],"author":[{"embeddable":true,"href":"https:\/\/www.unavets.com\/pt-pt\/wp-json\/wp\/v2\/users\/1"}],"replies":[{"embeddable":true,"href":"https:\/\/www.unavets.com\/pt-pt\/wp-json\/wp\/v2\/comments?post=22439"}],"version-history":[{"count":3,"href":"https:\/\/www.unavets.com\/pt-pt\/wp-json\/wp\/v2\/pages\/22439\/revisions"}],"predecessor-version":[{"id":31510,"href":"https:\/\/www.unavets.com\/pt-pt\/wp-json\/wp\/v2\/pages\/22439\/revisions\/31510"}],"wp:attachment":[{"href":"https:\/\/www.unavets.com\/pt-pt\/wp-json\/wp\/v2\/media?parent=22439"}],"curies":[{"name":"wp","href":"https:\/\/api.w.org\/{rel}","templated":true}]}}