{"id":22435,"date":"2022-03-30T09:28:35","date_gmt":"2022-03-30T09:28:35","guid":{"rendered":"https:\/\/www.unavets.com\/cuidados-intensivos-2\/"},"modified":"2022-05-19T13:42:33","modified_gmt":"2022-05-19T13:42:33","slug":"cuidados-intensivos","status":"publish","type":"page","link":"https:\/\/www.unavets.com\/pt-pt\/cuidados-intensivos\/","title":{"rendered":"Cuidados Intensivos"},"content":{"rendered":"\t\t<div data-elementor-type=\"wp-page\" data-elementor-id=\"22435\" class=\"elementor elementor-22435 elementor-15794\" data-elementor-post-type=\"page\">\n\t\t\t\t\t\t<section class=\"elementor-section elementor-top-section elementor-element elementor-element-2a99c9f elementor-section-boxed elementor-section-height-default elementor-section-height-default\" data-id=\"2a99c9f\" data-element_type=\"section\" data-e-type=\"section\" id=\"main-sec\">\n\t\t\t\t\t\t<div class=\"elementor-container elementor-column-gap-default\">\n\t\t\t\t\t<div class=\"elementor-column elementor-col-50 elementor-top-column elementor-element elementor-element-5f96574\" data-id=\"5f96574\" data-element_type=\"column\" data-e-type=\"column\">\n\t\t\t<div class=\"elementor-widget-wrap elementor-element-populated\">\n\t\t\t\t\t\t<div class=\"elementor-element elementor-element-55119c4 elementor-widget elementor-widget-text-editor\" data-id=\"55119c4\" data-element_type=\"widget\" data-e-type=\"widget\" data-widget_type=\"text-editor.default\">\n\t\t\t\t<div class=\"elementor-widget-container\">\n\t\t\t\t\t\t\t\t\t<p><span style=\"font-weight: 400\">O objetivo da Unidade \u00e9 o seguimento de doentes cr\u00edticos que, dependendo da complexidade e gravidade do caso, requerem cuidados constates, monitoriza\u00e7\u00e3o, assist\u00eancia e terapia do mais alto n\u00edvel.<\/span><\/p>\n<p><span style=\"font-weight: 400\">A unidade est\u00e1 equipada com equipamentos de \u00faltima gera\u00e7\u00e3o, como monitores multiparam\u00e9tricos, dispositivos de oxigena\u00e7\u00e3o e ventila\u00e7\u00e3o assistida, e instala\u00e7\u00f5es confort\u00e1veis que permitem uma estada confort\u00e1vel no hospital.<\/span><\/p>\n<p><span style=\"font-weight: 400\">Os principais exemplos de doentes tratados na Unidade de Cuidados Intensivos s\u00e3o os doentes que necessitam de ventila\u00e7\u00e3o assistida, que padecem de insufici\u00eancia respirat\u00f3ria aguda, que se encontram coma devido \u00e0 ingest\u00e3o de produtos t\u00f3xicos ou em coma induzido, com traumatismos cranioencef\u00e1licos, doentes p\u00f3s-cir\u00fargicos com dificuldade em despertar, doentes card\u00edacos e doentes com enfermidades neurol\u00f3gicas graves (t\u00e9tano, neurite com insufici\u00eancia respirat\u00f3ria, estado epil\u00e9tico, etc.).<\/span><\/p>\n\t\t\t\t\t\t\t\t<\/div>\n\t\t\t\t<\/div>\n\t\t\t\t\t<\/div>\n\t\t<\/div>\n\t\t\t\t<div class=\"elementor-column elementor-col-50 elementor-top-column elementor-element elementor-element-3afdde6\" data-id=\"3afdde6\" data-element_type=\"column\" data-e-type=\"column\">\n\t\t\t<div class=\"elementor-widget-wrap elementor-element-populated\">\n\t\t\t\t\t\t<div class=\"elementor-element elementor-element-4511905 elementor-widget elementor-widget-image\" data-id=\"4511905\" data-element_type=\"widget\" data-e-type=\"widget\" data-widget_type=\"image.default\">\n\t\t\t\t<div class=\"elementor-widget-container\">\n\t\t\t\t\t\t\t\t\t\t\t\t\t\t\t<img fetchpriority=\"high\" decoding=\"async\" width=\"786\" height=\"524\" src=\"https:\/\/www.unavets.com\/wp-content\/uploads\/2021\/02\/location2-786x524.jpg\" class=\"attachment-townhub-featured-image size-townhub-featured-image wp-image-15231\" alt=\"\" \/>\t\t\t\t\t\t\t\t\t\t\t\t\t\t\t<\/div>\n\t\t\t\t<\/div>\n\t\t\t\t\t<\/div>\n\t\t<\/div>\n\t\t\t\t\t<\/div>\n\t\t<\/section>\n\t\t\t\t<section class=\"elementor-section elementor-top-section elementor-element elementor-element-c738470 elementor-section-boxed elementor-section-height-default elementor-section-height-default\" data-id=\"c738470\" data-element_type=\"section\" data-e-type=\"section\">\n\t\t\t\t\t\t<div class=\"elementor-container elementor-column-gap-default\">\n\t\t\t\t\t<div class=\"elementor-column elementor-col-100 elementor-top-column elementor-element elementor-element-ff0dce7\" data-id=\"ff0dce7\" data-element_type=\"column\" data-e-type=\"column\">\n\t\t\t<div class=\"elementor-widget-wrap elementor-element-populated\">\n\t\t\t\t\t\t<div class=\"elementor-element elementor-element-d25727d elementor-align-center elementor-widget elementor-widget-button\" data-id=\"d25727d\" data-element_type=\"widget\" data-e-type=\"widget\" data-widget_type=\"button.default\">\n\t\t\t\t<div class=\"elementor-widget-container\">\n\t\t\t\t\t\t\t\t\t<div class=\"elementor-button-wrapper\">\n\t\t\t\t\t<a class=\"elementor-button elementor-button-link elementor-size-md\" href=\"https:\/\/www.unavets.com\/pt-pt\/os-nossos-consultorios\/\">\n\t\t\t\t\t\t<span class=\"elementor-button-content-wrapper\">\n\t\t\t\t\t\t\t\t\t<span class=\"elementor-button-text\">Encontre o consult\u00f3rio UNAVETS mais pr\u00f3ximo<\/span>\n\t\t\t\t\t<\/span>\n\t\t\t\t\t<\/a>\n\t\t\t\t<\/div>\n\t\t\t\t\t\t\t\t<\/div>\n\t\t\t\t<\/div>\n\t\t\t\t\t<\/div>\n\t\t<\/div>\n\t\t\t\t\t<\/div>\n\t\t<\/section>\n\t\t\t\t<\/div>\n\t\t","protected":false},"excerpt":{"rendered":"<p>O objetivo da Unidade \u00e9 o seguimento de doentes cr\u00edticos que, dependendo da complexidade e gravidade do caso, requerem cuidados constates, monitoriza\u00e7\u00e3o, assist\u00eancia e terapia do mais alto n\u00edvel. A unidade est\u00e1 equipada com equipamentos de \u00faltima gera\u00e7\u00e3o, como monitores multiparam\u00e9tricos, dispositivos de oxigena\u00e7\u00e3o e ventila\u00e7\u00e3o assistida, e instala\u00e7\u00f5es confort\u00e1veis que permitem uma estada confort\u00e1vel &hellip; <\/p>\n","protected":false},"author":4,"featured_media":0,"parent":0,"menu_order":0,"comment_status":"closed","ping_status":"closed","template":"page-fullwidth.php","meta":{"_acf_changed":false,"content-type":"","footnotes":""},"class_list":["post-22435","page","type-page","status-publish","hentry"],"acf":[],"_links":{"self":[{"href":"https:\/\/www.unavets.com\/pt-pt\/wp-json\/wp\/v2\/pages\/22435","targetHints":{"allow":["GET"]}}],"collection":[{"href":"https:\/\/www.unavets.com\/pt-pt\/wp-json\/wp\/v2\/pages"}],"about":[{"href":"https:\/\/www.unavets.com\/pt-pt\/wp-json\/wp\/v2\/types\/page"}],"author":[{"embeddable":true,"href":"https:\/\/www.unavets.com\/pt-pt\/wp-json\/wp\/v2\/users\/4"}],"replies":[{"embeddable":true,"href":"https:\/\/www.unavets.com\/pt-pt\/wp-json\/wp\/v2\/comments?post=22435"}],"version-history":[{"count":0,"href":"https:\/\/www.unavets.com\/pt-pt\/wp-json\/wp\/v2\/pages\/22435\/revisions"}],"wp:attachment":[{"href":"https:\/\/www.unavets.com\/pt-pt\/wp-json\/wp\/v2\/media?parent=22435"}],"curies":[{"name":"wp","href":"https:\/\/api.w.org\/{rel}","templated":true}]}}