{"id":22433,"date":"2022-03-30T09:28:26","date_gmt":"2022-03-30T09:28:26","guid":{"rendered":"https:\/\/www.unavets.com\/etologia-2\/"},"modified":"2022-05-19T09:24:41","modified_gmt":"2022-05-19T09:24:41","slug":"etologia","status":"publish","type":"page","link":"https:\/\/www.unavets.com\/pt-pt\/etologia\/","title":{"rendered":"Etologia"},"content":{"rendered":"\t\t<div data-elementor-type=\"wp-page\" data-elementor-id=\"22433\" class=\"elementor elementor-22433 elementor-15791\" data-elementor-post-type=\"page\">\n\t\t\t\t\t\t<section class=\"elementor-section elementor-top-section elementor-element elementor-element-eda042b elementor-section-boxed elementor-section-height-default elementor-section-height-default\" data-id=\"eda042b\" data-element_type=\"section\" data-e-type=\"section\" id=\"main-sec\">\n\t\t\t\t\t\t<div class=\"elementor-container elementor-column-gap-default\">\n\t\t\t\t\t<div class=\"elementor-column elementor-col-100 elementor-top-column elementor-element elementor-element-5754817\" data-id=\"5754817\" data-element_type=\"column\" data-e-type=\"column\">\n\t\t\t<div class=\"elementor-widget-wrap elementor-element-populated\">\n\t\t\t\t\t\t<div class=\"elementor-element elementor-element-0649fb7 elementor-widget elementor-widget-section_titleleft\" data-id=\"0649fb7\" data-element_type=\"widget\" data-e-type=\"widget\" data-widget_type=\"section_titleleft.default\">\n\t\t\t\t<div class=\"elementor-widget-container\">\n\t\t\t\t\t        <div class=\"ab_text-title fl-wrap\">\n            \u00c9 a especialidade veterin\u00e1ria relacionada com a preven\u00e7\u00e3o e tratamento de doen\u00e7as associadas a movimenta\u00e7\u00e3o, comportamento, nutri\u00e7\u00e3o, sele\u00e7\u00e3o gen\u00e9tica, de c\u00e3es, gatos e outros animais de companhia.<span class=\"section-separator fl-sec-sep\"><\/span>        <\/div>\n        \t\t\t\t<\/div>\n\t\t\t\t<\/div>\n\t\t\t\t\t<\/div>\n\t\t<\/div>\n\t\t\t\t\t<\/div>\n\t\t<\/section>\n\t\t\t\t<section class=\"elementor-section elementor-top-section elementor-element elementor-element-2a99c9f elementor-section-boxed elementor-section-height-default elementor-section-height-default\" data-id=\"2a99c9f\" data-element_type=\"section\" data-e-type=\"section\">\n\t\t\t\t\t\t<div class=\"elementor-container elementor-column-gap-default\">\n\t\t\t\t\t<div class=\"elementor-column elementor-col-50 elementor-top-column elementor-element elementor-element-5f96574\" data-id=\"5f96574\" data-element_type=\"column\" data-e-type=\"column\">\n\t\t\t<div class=\"elementor-widget-wrap elementor-element-populated\">\n\t\t\t\t\t\t<div class=\"elementor-element elementor-element-55119c4 elementor-widget elementor-widget-text-editor\" data-id=\"55119c4\" data-element_type=\"widget\" data-e-type=\"widget\" data-widget_type=\"text-editor.default\">\n\t\t\t\t<div class=\"elementor-widget-container\">\n\t\t\t\t\t\t\t\t\t<p>A teologia \u00e9 o estudo objetivo e cient\u00edfico do comportamento do animal, que destaca o comportamento em condi\u00e7\u00f5es naturais, encarando o comportamento como um tra\u00e7o evolutivo. A etologia \u00e9 um campo em r\u00e1pido crescimento. Entender a etologia ou o comportamento animal pode ser importante no treino do animal. Considerar o comportamento natural das diferentes esp\u00e9cies ou ra\u00e7as permite aos treinadores escolher os animais melhor preparados para a realiza\u00e7\u00e3o de uma determinada tarefa. Permite-lhes, al\u00e9m disso, incentivar a pr\u00e1tica de comportamentos que ocorrem naturalmente e interromper os que n\u00e3o s\u00e3o desejados.<span class=\"Apple-converted-space\">&nbsp;<\/span><\/p>\n<p>Esta especialidade veterin\u00e1ria est\u00e1 igualmente concentrada na preven\u00e7\u00e3o e no tratamento de doen\u00e7as associadas \u00e0 gest\u00e3o, comportamento, nutri\u00e7\u00e3o e sele\u00e7\u00e3o gen\u00e9tica de c\u00e3es, gatos e outros animais de companhia.<span class=\"Apple-converted-space\">&nbsp; <\/span>Muitos dos comportamentos an\u00f3malos apresentados por animais de companhia est\u00e3o associados \u00e0s patologias de que padecem, como quando os c\u00e3es s\u00e3o agressivos para membros da sua fam\u00edlia porque sentem dor articular ou t\u00eam epilepsia, porque sofrem de uma doen\u00e7a end\u00f3crina como o hipotiroidismo, ou os gatos que urinam fora das caixas de areia ou apresentam alop\u00e9cia no abd\u00f3men devido a c\u00e1lculos renais, etc.<\/p>\n\t\t\t\t\t\t\t\t<\/div>\n\t\t\t\t<\/div>\n\t\t\t\t\t<\/div>\n\t\t<\/div>\n\t\t\t\t<div class=\"elementor-column elementor-col-50 elementor-top-column elementor-element elementor-element-3afdde6\" data-id=\"3afdde6\" data-element_type=\"column\" data-e-type=\"column\">\n\t\t\t<div class=\"elementor-widget-wrap elementor-element-populated\">\n\t\t\t\t\t\t<div class=\"elementor-element elementor-element-4511905 elementor-widget elementor-widget-image\" data-id=\"4511905\" data-element_type=\"widget\" data-e-type=\"widget\" data-widget_type=\"image.default\">\n\t\t\t\t<div class=\"elementor-widget-container\">\n\t\t\t\t\t\t\t\t\t\t\t\t\t\t\t<img fetchpriority=\"high\" decoding=\"async\" width=\"786\" height=\"524\" src=\"https:\/\/www.unavets.com\/wp-content\/uploads\/2020\/11\/88175425_1572738959542162_9043014969842466816_o-786x524.jpg\" class=\"attachment-townhub-featured-image size-townhub-featured-image wp-image-23254\" alt=\"\" \/>\t\t\t\t\t\t\t\t\t\t\t\t\t\t\t<\/div>\n\t\t\t\t<\/div>\n\t\t\t\t<div data-dce-background-color=\"#53ADA9\" class=\"elementor-element elementor-element-87c3367 elementor-align-center elementor-widget elementor-widget-button\" data-id=\"87c3367\" data-element_type=\"widget\" data-e-type=\"widget\" data-widget_type=\"button.default\">\n\t\t\t\t<div class=\"elementor-widget-container\">\n\t\t\t\t\t\t\t\t\t<div class=\"elementor-button-wrapper\">\n\t\t\t\t\t<a class=\"elementor-button elementor-button-link elementor-size-md\" href=\"https:\/\/www.unavets.com\/pt-pt\/os-nossos-consultorios\/\">\n\t\t\t\t\t\t<span class=\"elementor-button-content-wrapper\">\n\t\t\t\t\t\t<span class=\"elementor-button-icon\">\n\t\t\t\t<i aria-hidden=\"true\" class=\"far fa-calendar-alt\"><\/i>\t\t\t<\/span>\n\t\t\t\t\t\t\t\t\t<span class=\"elementor-button-text\">Encontre o consult\u00f3rio UNAVETS mais pr\u00f3ximo<\/span>\n\t\t\t\t\t<\/span>\n\t\t\t\t\t<\/a>\n\t\t\t\t<\/div>\n\t\t\t\t\t\t\t\t<\/div>\n\t\t\t\t<\/div>\n\t\t\t\t\t<\/div>\n\t\t<\/div>\n\t\t\t\t\t<\/div>\n\t\t<\/section>\n\t\t\t\t<section class=\"elementor-section elementor-top-section elementor-element elementor-element-c738470 elementor-section-boxed elementor-section-height-default elementor-section-height-default\" data-id=\"c738470\" data-element_type=\"section\" data-e-type=\"section\">\n\t\t\t\t\t\t<div class=\"elementor-container elementor-column-gap-default\">\n\t\t\t\t\t<div class=\"elementor-column elementor-col-100 elementor-top-column elementor-element elementor-element-ff0dce7\" data-id=\"ff0dce7\" data-element_type=\"column\" data-e-type=\"column\">\n\t\t\t<div class=\"elementor-widget-wrap elementor-element-populated\">\n\t\t\t\t\t\t<div class=\"elementor-element elementor-element-6932eb9 elementor-widget elementor-widget-text-editor\" data-id=\"6932eb9\" data-element_type=\"widget\" data-e-type=\"widget\" data-widget_type=\"text-editor.default\">\n\t\t\t\t<div class=\"elementor-widget-container\">\n\t\t\t\t\t\t\t\t\t<p>Problemas de trato, nos quais \u00e9 importante respeitar um adequado per\u00edodo de socializa\u00e7\u00e3o, o desmame, como apresentar um novo animal de estima\u00e7\u00e3o em locais onde j\u00e1 vivem outros gatos, problemas de aprendizagem de h\u00e1bitos de higiene em cachorros, transtornos por separa\u00e7\u00e3o, stress nos gatos, enriquecimento ambiental em c\u00e3es e gatos, adequa\u00e7\u00e3o aos ru\u00eddos, fobias&#8230; todas essas altera\u00e7\u00f5es ou patologias s\u00e3o objeto desta especialidade e requerem a consultam de um veterin\u00e1rio et\u00f3logo.<\/p>\n\t\t\t\t\t\t\t\t<\/div>\n\t\t\t\t<\/div>\n\t\t\t\t\t<\/div>\n\t\t<\/div>\n\t\t\t\t\t<\/div>\n\t\t<\/section>\n\t\t\t\t<\/div>\n\t\t","protected":false},"excerpt":{"rendered":"<p>\u00c9 a especialidade veterin\u00e1ria relacionada com a preven\u00e7\u00e3o e tratamento de doen\u00e7as associadas a movimenta\u00e7\u00e3o, comportamento, nutri\u00e7\u00e3o, sele\u00e7\u00e3o gen\u00e9tica, de c\u00e3es, gatos e outros animais de companhia. A teologia \u00e9 o estudo objetivo e cient\u00edfico do comportamento do animal, que destaca o comportamento em condi\u00e7\u00f5es naturais, encarando o comportamento como um tra\u00e7o evolutivo. A etologia &hellip; <\/p>\n","protected":false},"author":4,"featured_media":0,"parent":0,"menu_order":0,"comment_status":"closed","ping_status":"closed","template":"page-fullwidth.php","meta":{"_acf_changed":false,"content-type":"","footnotes":""},"class_list":["post-22433","page","type-page","status-publish","hentry"],"acf":[],"_links":{"self":[{"href":"https:\/\/www.unavets.com\/pt-pt\/wp-json\/wp\/v2\/pages\/22433","targetHints":{"allow":["GET"]}}],"collection":[{"href":"https:\/\/www.unavets.com\/pt-pt\/wp-json\/wp\/v2\/pages"}],"about":[{"href":"https:\/\/www.unavets.com\/pt-pt\/wp-json\/wp\/v2\/types\/page"}],"author":[{"embeddable":true,"href":"https:\/\/www.unavets.com\/pt-pt\/wp-json\/wp\/v2\/users\/4"}],"replies":[{"embeddable":true,"href":"https:\/\/www.unavets.com\/pt-pt\/wp-json\/wp\/v2\/comments?post=22433"}],"version-history":[{"count":0,"href":"https:\/\/www.unavets.com\/pt-pt\/wp-json\/wp\/v2\/pages\/22433\/revisions"}],"wp:attachment":[{"href":"https:\/\/www.unavets.com\/pt-pt\/wp-json\/wp\/v2\/media?parent=22433"}],"curies":[{"name":"wp","href":"https:\/\/api.w.org\/{rel}","templated":true}]}}