{"id":22431,"date":"2022-03-30T09:28:24","date_gmt":"2022-03-30T09:28:24","guid":{"rendered":"https:\/\/www.unavets.com\/reabilitacao\/"},"modified":"2022-05-17T14:55:02","modified_gmt":"2022-05-17T14:55:02","slug":"reabilitacao","status":"publish","type":"page","link":"https:\/\/www.unavets.com\/pt-pt\/reabilitacao\/","title":{"rendered":"Reabilita\u00e7\u00e3o"},"content":{"rendered":"\t\t<div data-elementor-type=\"wp-page\" data-elementor-id=\"22431\" class=\"elementor elementor-22431 elementor-14428\" data-elementor-post-type=\"page\">\n\t\t\t\t\t\t<section class=\"elementor-section elementor-top-section elementor-element elementor-element-aa20f85 elementor-section-boxed elementor-section-height-default elementor-section-height-default\" data-id=\"aa20f85\" data-element_type=\"section\" data-e-type=\"section\" id=\"main-sec\">\n\t\t\t\t\t\t<div class=\"elementor-container elementor-column-gap-default\">\n\t\t\t\t\t<div class=\"elementor-column elementor-col-100 elementor-top-column elementor-element elementor-element-6169b33\" data-id=\"6169b33\" data-element_type=\"column\" data-e-type=\"column\">\n\t\t\t<div class=\"elementor-widget-wrap elementor-element-populated\">\n\t\t\t\t\t\t<div class=\"elementor-element elementor-element-3633bdf elementor-widget elementor-widget-section_titleleft\" data-id=\"3633bdf\" data-element_type=\"widget\" data-e-type=\"widget\" data-widget_type=\"section_titleleft.default\">\n\t\t\t\t<div class=\"elementor-widget-container\">\n\t\t\t\t\t        <div class=\"ab_text-title fl-wrap\">\n            <h3>O que \u00e9 a reabilita\u00e7\u00e3o? <\/h3> A reabilita\u00e7\u00e3o \u00e9 um tipo de terapia n\u00e3o invasiva, que se centra nas rela\u00e7\u00f5es entre m\u00fasculos, ossos, nervos, tend\u00f5es e ligamentos para reduzir a dor e melhorar a fun\u00e7\u00e3o corporal ap\u00f3s uma les\u00e3o ou doen\u00e7a.<span class=\"section-separator fl-sec-sep\"><\/span>        <\/div>\n        \t\t\t\t<\/div>\n\t\t\t\t<\/div>\n\t\t\t\t\t<\/div>\n\t\t<\/div>\n\t\t\t\t\t<\/div>\n\t\t<\/section>\n\t\t\t\t<section class=\"elementor-section elementor-top-section elementor-element elementor-element-c3ea68c elementor-section-boxed elementor-section-height-default elementor-section-height-default\" data-id=\"c3ea68c\" data-element_type=\"section\" data-e-type=\"section\">\n\t\t\t\t\t\t<div class=\"elementor-container elementor-column-gap-default\">\n\t\t\t\t\t<div class=\"elementor-column elementor-col-50 elementor-top-column elementor-element elementor-element-50fc700\" data-id=\"50fc700\" data-element_type=\"column\" data-e-type=\"column\">\n\t\t\t<div class=\"elementor-widget-wrap elementor-element-populated\">\n\t\t\t\t\t\t<div class=\"elementor-element elementor-element-e817fcf elementor-widget elementor-widget-text-editor\" data-id=\"e817fcf\" data-element_type=\"widget\" data-e-type=\"widget\" data-widget_type=\"text-editor.default\">\n\t\t\t\t<div class=\"elementor-widget-container\">\n\t\t\t\t\t\t\t\t\t<p>A reabilita\u00e7\u00e3o canina e felina emprega t\u00e9cnicas semelhantes \u00e0s utilizadas na fisioterapia humana, para alcan\u00e7ar um dos objetivos que se seguem:<\/p>\n<ul>\n<li>Acelerar a recupera\u00e7\u00e3o depois de uma les\u00e3o ou cirurgia.<\/li>\n<li>Aumentar a mobilidade e flexibilidade.<\/li>\n<li>Melhorar a resist\u00eancia e a agilidade.<\/li>\n<li>Diminuir a dor.<\/li>\n<li>Facilitar a perda de peso.<\/li>\n<li>Manter as fun\u00e7\u00f5es e impedir problemas futuros.<\/li>\n<li>Melhorar a qualidade de vida.<\/li>\n<\/ul>\n\t\t\t\t\t\t\t\t<\/div>\n\t\t\t\t<\/div>\n\t\t\t\t\t<\/div>\n\t\t<\/div>\n\t\t\t\t<div class=\"elementor-column elementor-col-50 elementor-top-column elementor-element elementor-element-4104cbf\" data-id=\"4104cbf\" data-element_type=\"column\" data-e-type=\"column\">\n\t\t\t<div class=\"elementor-widget-wrap elementor-element-populated\">\n\t\t\t\t\t\t<div class=\"elementor-element elementor-element-2887ab0 elementor-widget elementor-widget-image\" data-id=\"2887ab0\" data-element_type=\"widget\" data-e-type=\"widget\" data-widget_type=\"image.default\">\n\t\t\t\t<div class=\"elementor-widget-container\">\n\t\t\t\t\t\t\t\t\t\t\t\t\t\t\t<img decoding=\"async\" src=\"http:\/\/www.unavets.com\/lastablas\/wp-content\/uploads\/sites\/2\/2020\/10\/shutterstock_264930377-1.jpg\" title=\"\" alt=\"\" loading=\"lazy\" \/>\t\t\t\t\t\t\t\t\t\t\t\t\t\t\t<\/div>\n\t\t\t\t<\/div>\n\t\t\t\t\t<\/div>\n\t\t<\/div>\n\t\t\t\t\t<\/div>\n\t\t<\/section>\n\t\t\t\t<section class=\"elementor-section elementor-top-section elementor-element elementor-element-cd05954 elementor-section-boxed elementor-section-height-default elementor-section-height-default\" data-id=\"cd05954\" data-element_type=\"section\" data-e-type=\"section\">\n\t\t\t\t\t\t<div class=\"elementor-container elementor-column-gap-default\">\n\t\t\t\t\t<div class=\"elementor-column elementor-col-100 elementor-top-column elementor-element elementor-element-d7b400b\" data-id=\"d7b400b\" data-element_type=\"column\" data-e-type=\"column\">\n\t\t\t<div class=\"elementor-widget-wrap elementor-element-populated\">\n\t\t\t\t\t\t<div class=\"elementor-element elementor-element-99c2e50 elementor-widget elementor-widget-section_titleleft\" data-id=\"99c2e50\" data-element_type=\"widget\" data-e-type=\"widget\" data-widget_type=\"section_titleleft.default\">\n\t\t\t\t<div class=\"elementor-widget-container\">\n\t\t\t\t\t        <div class=\"ab_text-title fl-wrap\">\n            <h3>Tipos de terapias de reabilita\u00e7\u00e3o<\/h3><span class=\"section-separator fl-sec-sep\"><\/span>        <\/div>\n        \t\t\t\t<\/div>\n\t\t\t\t<\/div>\n\t\t\t\t\t<\/div>\n\t\t<\/div>\n\t\t\t\t\t<\/div>\n\t\t<\/section>\n\t\t\t\t<section class=\"elementor-section elementor-top-section elementor-element elementor-element-d6912f2 elementor-section-boxed elementor-section-height-default elementor-section-height-default\" data-id=\"d6912f2\" data-element_type=\"section\" data-e-type=\"section\">\n\t\t\t\t\t\t<div class=\"elementor-container elementor-column-gap-default\">\n\t\t\t\t\t<div class=\"elementor-column elementor-col-50 elementor-top-column elementor-element elementor-element-855df31\" data-id=\"855df31\" data-element_type=\"column\" data-e-type=\"column\">\n\t\t\t<div class=\"elementor-widget-wrap elementor-element-populated\">\n\t\t\t\t\t\t<div class=\"elementor-element elementor-element-852645a elementor-widget elementor-widget-image\" data-id=\"852645a\" data-element_type=\"widget\" data-e-type=\"widget\" data-widget_type=\"image.default\">\n\t\t\t\t<div class=\"elementor-widget-container\">\n\t\t\t\t\t\t\t\t\t\t\t\t\t\t\t<img decoding=\"async\" src=\"http:\/\/www.unavets.com\/lastablas\/wp-content\/uploads\/sites\/2\/2020\/10\/shutterstock_1724944462-1.jpg\" title=\"\" alt=\"\" loading=\"lazy\" \/>\t\t\t\t\t\t\t\t\t\t\t\t\t\t\t<\/div>\n\t\t\t\t<\/div>\n\t\t\t\t<div class=\"elementor-element elementor-element-d733e79 elementor-align-center elementor-widget elementor-widget-button\" data-id=\"d733e79\" data-element_type=\"widget\" data-e-type=\"widget\" data-widget_type=\"button.default\">\n\t\t\t\t<div class=\"elementor-widget-container\">\n\t\t\t\t\t\t\t\t\t<div class=\"elementor-button-wrapper\">\n\t\t\t\t\t<a class=\"elementor-button elementor-button-link elementor-size-md\" href=\"https:\/\/www.unavets.com\/pt-pt\/os-nossos-consultorios\/\">\n\t\t\t\t\t\t<span class=\"elementor-button-content-wrapper\">\n\t\t\t\t\t\t<span class=\"elementor-button-icon\">\n\t\t\t\t<i aria-hidden=\"true\" class=\"far fa-calendar-alt\"><\/i>\t\t\t<\/span>\n\t\t\t\t\t\t\t\t\t<span class=\"elementor-button-text\">Encontre o consult\u00f3rio UNAVETS mais pr\u00f3ximo<\/span>\n\t\t\t\t\t<\/span>\n\t\t\t\t\t<\/a>\n\t\t\t\t<\/div>\n\t\t\t\t\t\t\t\t<\/div>\n\t\t\t\t<\/div>\n\t\t\t\t\t<\/div>\n\t\t<\/div>\n\t\t\t\t<div class=\"elementor-column elementor-col-50 elementor-top-column elementor-element elementor-element-cf991b9\" data-id=\"cf991b9\" data-element_type=\"column\" data-e-type=\"column\">\n\t\t\t<div class=\"elementor-widget-wrap elementor-element-populated\">\n\t\t\t\t\t\t<div class=\"elementor-element elementor-element-270252d elementor-widget elementor-widget-text-editor\" data-id=\"270252d\" data-element_type=\"widget\" data-e-type=\"widget\" data-widget_type=\"text-editor.default\">\n\t\t\t\t<div class=\"elementor-widget-container\">\n\t\t\t\t\t\t\t\t\t<p>Depois de uma avalia\u00e7\u00e3o realizada pelos nossos especialistas, concebemos um plano individual de tratamento, com base nas necessidades do doente. A maioria dos animais de estima\u00e7\u00e3o pode beneficiar de uma abordagem multidisciplinar, que englobe terapias como:<\/p>\n<ul>\n<li>Massagem<\/li>\n<li>Estimula\u00e7\u00e3o el\u00e9trica neuromuscular<\/li>\n<li>Amplitude de movimento passivo e exerc\u00edcios de alongamento<\/li>\n<li>Sess\u00f5es de laser ou ultrassom terap\u00eautico<\/li>\n<li>Programa de exerc\u00edcios terap\u00eauticos<\/li>\n<li>Passadeira aqu\u00e1tica<\/li>\n<\/ul>\n<p>Estas t\u00e9cnicas podem ajudar tanto os animais que padecem de um decl\u00ednio das fun\u00e7\u00f5es vitais ou que sentem dor relacionada com a artrose e o envelhecimento, como no caso de animais obesos ou c\u00e3es de trabalho e desporto; tamb\u00e9m \u00e9 eficaz nos animais que recuperam de uma les\u00e3o ou cirurgia.<\/p>\n\t\t\t\t\t\t\t\t<\/div>\n\t\t\t\t<\/div>\n\t\t\t\t\t<\/div>\n\t\t<\/div>\n\t\t\t\t\t<\/div>\n\t\t<\/section>\n\t\t\t\t<section class=\"elementor-section elementor-top-section elementor-element elementor-element-37b42a2 elementor-section-boxed elementor-section-height-default elementor-section-height-default\" data-id=\"37b42a2\" data-element_type=\"section\" data-e-type=\"section\">\n\t\t\t\t\t\t<div class=\"elementor-container elementor-column-gap-default\">\n\t\t\t\t\t<div class=\"elementor-column elementor-col-100 elementor-top-column elementor-element elementor-element-e1489ba\" data-id=\"e1489ba\" data-element_type=\"column\" data-e-type=\"column\">\n\t\t\t<div class=\"elementor-widget-wrap elementor-element-populated\">\n\t\t\t\t\t\t<div class=\"elementor-element elementor-element-cc1ffa3 elementor-widget elementor-widget-section_titleleft\" data-id=\"cc1ffa3\" data-element_type=\"widget\" data-e-type=\"widget\" data-widget_type=\"section_titleleft.default\">\n\t\t\t\t<div class=\"elementor-widget-container\">\n\t\t\t\t\t        <div class=\"ab_text-title fl-wrap\">\n            <h3>Como \u00e9 que sabe se o seu animal de estima\u00e7\u00e3o precisa de reabilita\u00e7\u00e3o?<\/h3><span class=\"section-separator fl-sec-sep\"><\/span>        <\/div>\n        \t\t\t\t<\/div>\n\t\t\t\t<\/div>\n\t\t\t\t<div class=\"elementor-element elementor-element-a4bab11 elementor-widget elementor-widget-text-editor\" data-id=\"a4bab11\" data-element_type=\"widget\" data-e-type=\"widget\" data-widget_type=\"text-editor.default\">\n\t\t\t\t<div class=\"elementor-widget-container\">\n\t\t\t\t\t\t\t\t\t<p>A maioria dos animais de estima\u00e7\u00e3o pode beneficiar de algum tipo de reabilita\u00e7\u00e3o.<br \/>Est\u00e1 indicada, entre outros, nos casos que se seguem:<\/p>\n<p><strong>Ortopedia<\/strong><\/p>\n<ul>\n<li>Cirurgia articular<\/li>\n<li>Artrite<\/li>\n<li>Les\u00f5es desportivas<\/li>\n<li>Repara\u00e7\u00e3o de fraturas<\/li>\n<li>Repara\u00e7\u00e3o de tend\u00f5es e ligamentos<\/li>\n<li>Displasia da anca e do cotovelo<\/li>\n<\/ul>\n\t\t\t\t\t\t\t\t<\/div>\n\t\t\t\t<\/div>\n\t\t\t\t<div class=\"elementor-element elementor-element-10c798f elementor-widget elementor-widget-text-editor\" data-id=\"10c798f\" data-element_type=\"widget\" data-e-type=\"widget\" data-widget_type=\"text-editor.default\">\n\t\t\t\t<div class=\"elementor-widget-container\">\n\t\t\t\t\t\t\t\t\t<p><strong>Neurologia<\/strong><\/p>\n<ul>\n<li>P\u00f3s-operat\u00f3rio de cirurgias \u00e0 coluna ou aos discos<\/li>\n<li>Doen\u00e7a do disco intervertebral n\u00e3o-cir\u00fargico<\/li>\n<li>S\u00edndrome de Wobbler<\/li>\n<li>Movimento descoordenado (ataxia)<\/li>\n<li>Les\u00f5es dos nervos perif\u00e9ricos<\/li>\n<li>Doen\u00e7a nervosa degenerativa<\/li>\n<\/ul>\n<p><strong>Gerais<\/strong><\/p>\n<ul>\n<li>Dor cr\u00f3nica<\/li>\n<li>Envelhecimento (debilidade, rigidez, artrite)<\/li>\n<li>Redu\u00e7\u00e3o e manuten\u00e7\u00e3o da obesidade\/peso<\/li>\n<li>Treino de for\u00e7a e aptid\u00e3o f\u00edsica para c\u00e3es de competi\u00e7\u00e3o e de trabalho<\/li>\n<\/ul>\n\t\t\t\t\t\t\t\t<\/div>\n\t\t\t\t<\/div>\n\t\t\t\t\t<\/div>\n\t\t<\/div>\n\t\t\t\t\t<\/div>\n\t\t<\/section>\n\t\t\t\t<\/div>\n\t\t","protected":false},"excerpt":{"rendered":"<p>O que \u00e9 a reabilita\u00e7\u00e3o? A reabilita\u00e7\u00e3o \u00e9 um tipo de terapia n\u00e3o invasiva, que se centra nas rela\u00e7\u00f5es entre m\u00fasculos, ossos, nervos, tend\u00f5es e ligamentos para reduzir a dor e melhorar a fun\u00e7\u00e3o corporal ap\u00f3s uma les\u00e3o ou doen\u00e7a. A reabilita\u00e7\u00e3o canina e felina emprega t\u00e9cnicas semelhantes \u00e0s utilizadas na fisioterapia humana, para alcan\u00e7ar &hellip; <\/p>\n","protected":false},"author":4,"featured_media":0,"parent":0,"menu_order":0,"comment_status":"closed","ping_status":"closed","template":"page-fullwidth.php","meta":{"_acf_changed":false,"content-type":"","footnotes":""},"class_list":["post-22431","page","type-page","status-publish","hentry"],"acf":[],"_links":{"self":[{"href":"https:\/\/www.unavets.com\/pt-pt\/wp-json\/wp\/v2\/pages\/22431","targetHints":{"allow":["GET"]}}],"collection":[{"href":"https:\/\/www.unavets.com\/pt-pt\/wp-json\/wp\/v2\/pages"}],"about":[{"href":"https:\/\/www.unavets.com\/pt-pt\/wp-json\/wp\/v2\/types\/page"}],"author":[{"embeddable":true,"href":"https:\/\/www.unavets.com\/pt-pt\/wp-json\/wp\/v2\/users\/4"}],"replies":[{"embeddable":true,"href":"https:\/\/www.unavets.com\/pt-pt\/wp-json\/wp\/v2\/comments?post=22431"}],"version-history":[{"count":0,"href":"https:\/\/www.unavets.com\/pt-pt\/wp-json\/wp\/v2\/pages\/22431\/revisions"}],"wp:attachment":[{"href":"https:\/\/www.unavets.com\/pt-pt\/wp-json\/wp\/v2\/media?parent=22431"}],"curies":[{"name":"wp","href":"https:\/\/api.w.org\/{rel}","templated":true}]}}