{"id":22429,"date":"2022-03-30T09:28:22","date_gmt":"2022-03-30T09:28:22","guid":{"rendered":"https:\/\/www.unavets.com\/oftalmologia-2\/"},"modified":"2022-05-19T13:44:06","modified_gmt":"2022-05-19T13:44:06","slug":"oftalmologia","status":"publish","type":"page","link":"https:\/\/www.unavets.com\/pt-pt\/oftalmologia\/","title":{"rendered":"Oftalmologia"},"content":{"rendered":"\t\t<div data-elementor-type=\"wp-page\" data-elementor-id=\"22429\" class=\"elementor elementor-22429 elementor-16843\" data-elementor-post-type=\"page\">\n\t\t\t\t\t\t<section class=\"elementor-section elementor-top-section elementor-element elementor-element-ef54e43 elementor-section-boxed elementor-section-height-default elementor-section-height-default\" data-id=\"ef54e43\" data-element_type=\"section\" data-e-type=\"section\" id=\"main-sec\">\n\t\t\t\t\t\t<div class=\"elementor-container elementor-column-gap-default\">\n\t\t\t\t\t<div class=\"elementor-column elementor-col-50 elementor-top-column elementor-element elementor-element-33d4413\" data-id=\"33d4413\" data-element_type=\"column\" data-e-type=\"column\">\n\t\t\t<div class=\"elementor-widget-wrap elementor-element-populated\">\n\t\t\t\t\t\t<div class=\"elementor-element elementor-element-b1127ad elementor-widget elementor-widget-text-editor\" data-id=\"b1127ad\" data-element_type=\"widget\" data-e-type=\"widget\" data-widget_type=\"text-editor.default\">\n\t\t\t\t<div class=\"elementor-widget-container\">\n\t\t\t\t\t\t\t\t\t<p>As consultas de oftalmologia s\u00e3o quase sempre motivo de urg\u00eancia; dado que uma atua\u00e7\u00e3o atempada garante um melhor progn\u00f3stico, sinais como co\u00e7ar os olhos, ter as p\u00e1lpebras fechadas ou secre\u00e7\u00f5es oculares s\u00e3o um bom motivo para procurar um veterin\u00e1rio. Os olhos s\u00e3o estruturas muito delicadas e sens\u00edveis que permitem que o seu animal de estima\u00e7\u00e3o interaja com o ambiente que o rodeia gra\u00e7as ao sentido da vis\u00e3o.<\/p>\n<p>O servi\u00e7o de oftalmologia do hospital conta com a equipa e os materiais necess\u00e1rios a garantir o diagn\u00f3stico correto e o tratamento das doen\u00e7as oculares mais comuns.<\/p>\n\t\t\t\t\t\t\t\t<\/div>\n\t\t\t\t<\/div>\n\t\t\t\t<div class=\"elementor-element elementor-element-b831e8b elementor-align-center elementor-widget elementor-widget-button\" data-id=\"b831e8b\" data-element_type=\"widget\" data-e-type=\"widget\" data-widget_type=\"button.default\">\n\t\t\t\t<div class=\"elementor-widget-container\">\n\t\t\t\t\t\t\t\t\t<div class=\"elementor-button-wrapper\">\n\t\t\t\t\t<a class=\"elementor-button elementor-button-link elementor-size-sm\" href=\"https:\/\/www.unavets.com\/pt-pt\/os-nossos-consultorios\/\">\n\t\t\t\t\t\t<span class=\"elementor-button-content-wrapper\">\n\t\t\t\t\t\t\t\t\t<span class=\"elementor-button-text\">Encontre o consult\u00f3rio UNAVETS mais pr\u00f3ximo<\/span>\n\t\t\t\t\t<\/span>\n\t\t\t\t\t<\/a>\n\t\t\t\t<\/div>\n\t\t\t\t\t\t\t\t<\/div>\n\t\t\t\t<\/div>\n\t\t\t\t\t<\/div>\n\t\t<\/div>\n\t\t\t\t<div class=\"elementor-column elementor-col-50 elementor-top-column elementor-element elementor-element-2773314\" data-id=\"2773314\" data-element_type=\"column\" data-e-type=\"column\">\n\t\t\t<div class=\"elementor-widget-wrap elementor-element-populated\">\n\t\t\t\t\t\t<div class=\"elementor-element elementor-element-c899f6b elementor-widget elementor-widget-image\" data-id=\"c899f6b\" data-element_type=\"widget\" data-e-type=\"widget\" data-widget_type=\"image.default\">\n\t\t\t\t<div class=\"elementor-widget-container\">\n\t\t\t\t\t\t\t\t\t\t\t\t\t\t\t<img fetchpriority=\"high\" decoding=\"async\" width=\"724\" height=\"483\" src=\"https:\/\/www.unavets.com\/wp-content\/uploads\/2021\/03\/Depositphotos_1452865_original-2.jpg\" class=\"attachment-large size-large wp-image-15689\" alt=\"\" \/>\t\t\t\t\t\t\t\t\t\t\t\t\t\t\t<\/div>\n\t\t\t\t<\/div>\n\t\t\t\t\t<\/div>\n\t\t<\/div>\n\t\t\t\t\t<\/div>\n\t\t<\/section>\n\t\t\t\t<section class=\"elementor-section elementor-top-section elementor-element elementor-element-beac245 elementor-section-boxed elementor-section-height-default elementor-section-height-default\" data-id=\"beac245\" data-element_type=\"section\" data-e-type=\"section\">\n\t\t\t\t\t\t<div class=\"elementor-container elementor-column-gap-default\">\n\t\t\t\t\t<div class=\"elementor-column elementor-col-100 elementor-top-column elementor-element elementor-element-0c005f4\" data-id=\"0c005f4\" data-element_type=\"column\" data-e-type=\"column\">\n\t\t\t<div class=\"elementor-widget-wrap elementor-element-populated\">\n\t\t\t\t\t\t<div class=\"elementor-element elementor-element-61c9b99 elementor-widget elementor-widget-section_titleleft\" data-id=\"61c9b99\" data-element_type=\"widget\" data-e-type=\"widget\" data-widget_type=\"section_titleleft.default\">\n\t\t\t\t<div class=\"elementor-widget-container\">\n\t\t\t\t\t        <div class=\"ab_text-title fl-wrap\">\n            <h3>Les\u00f5es oculares mais comuns<\/h3><span class=\"section-separator fl-sec-sep\"><\/span>        <\/div>\n        \t\t\t\t<\/div>\n\t\t\t\t<\/div>\n\t\t\t\t\t<\/div>\n\t\t<\/div>\n\t\t\t\t\t<\/div>\n\t\t<\/section>\n\t\t\t\t<section class=\"elementor-section elementor-top-section elementor-element elementor-element-a739991 elementor-section-boxed elementor-section-height-default elementor-section-height-default\" data-id=\"a739991\" data-element_type=\"section\" data-e-type=\"section\">\n\t\t\t\t\t\t<div class=\"elementor-container elementor-column-gap-default\">\n\t\t\t\t\t<div class=\"elementor-column elementor-col-50 elementor-top-column elementor-element elementor-element-930bfe1\" data-id=\"930bfe1\" data-element_type=\"column\" data-e-type=\"column\">\n\t\t\t<div class=\"elementor-widget-wrap elementor-element-populated\">\n\t\t\t\t\t\t<div class=\"elementor-element elementor-element-62f19aa elementor-widget elementor-widget-image\" data-id=\"62f19aa\" data-element_type=\"widget\" data-e-type=\"widget\" data-widget_type=\"image.default\">\n\t\t\t\t<div class=\"elementor-widget-container\">\n\t\t\t\t\t\t\t\t\t\t\t\t\t\t\t<img decoding=\"async\" width=\"658\" height=\"1024\" src=\"https:\/\/www.unavets.com\/wp-content\/uploads\/2021\/03\/Depositphotos_2097148_original-2-658x1024.jpg\" class=\"attachment-large size-large wp-image-15685\" alt=\"\" \/>\t\t\t\t\t\t\t\t\t\t\t\t\t\t\t<\/div>\n\t\t\t\t<\/div>\n\t\t\t\t<div class=\"elementor-element elementor-element-cbb5346 elementor-align-center elementor-widget elementor-widget-button\" data-id=\"cbb5346\" data-element_type=\"widget\" data-e-type=\"widget\" data-widget_type=\"button.default\">\n\t\t\t\t<div class=\"elementor-widget-container\">\n\t\t\t\t\t\t\t\t\t<div class=\"elementor-button-wrapper\">\n\t\t\t\t\t<a class=\"elementor-button elementor-button-link elementor-size-sm\" href=\"https:\/\/www.unavets.com\/pt-pt\/os-nossos-consultorios\/\">\n\t\t\t\t\t\t<span class=\"elementor-button-content-wrapper\">\n\t\t\t\t\t\t\t\t\t<span class=\"elementor-button-text\">Encontre o consult\u00f3rio UNAVETS mais pr\u00f3ximo<\/span>\n\t\t\t\t\t<\/span>\n\t\t\t\t\t<\/a>\n\t\t\t\t<\/div>\n\t\t\t\t\t\t\t\t<\/div>\n\t\t\t\t<\/div>\n\t\t\t\t\t<\/div>\n\t\t<\/div>\n\t\t\t\t<div class=\"elementor-column elementor-col-50 elementor-top-column elementor-element elementor-element-e942da3\" data-id=\"e942da3\" data-element_type=\"column\" data-e-type=\"column\">\n\t\t\t<div class=\"elementor-widget-wrap elementor-element-populated\">\n\t\t\t\t\t\t<div class=\"elementor-element elementor-element-8a18a00 elementor-widget elementor-widget-text-editor\" data-id=\"8a18a00\" data-element_type=\"widget\" data-e-type=\"widget\" data-widget_type=\"text-editor.default\">\n\t\t\t\t<div class=\"elementor-widget-container\">\n\t\t\t\t\t\t\t\t\t<p><strong>\u00dalceras da c\u00f3rnea<\/strong> Nos nossos consult\u00f3rios tratamos diariamente de \u00falceras da c\u00f3rnea simples e complexas. Hoje em dia, a t\u00e9cnica de polimento da c\u00f3rnea e a aplica\u00e7\u00e3o de lentes de contacto terap\u00eauticas levam a que a resolu\u00e7\u00e3o cir\u00fargica das \u00falceras mais complicadas seja um processo mais f\u00e1cil e seguro. Em casos excecionais, para as \u00falceras profundas ou as que t\u00eam um grande risco de perfura\u00e7\u00e3o, utilizamos t\u00e9cnicas de enxerto de membrana ocular.<\/p>\n<p><strong>Prolapso da gl\u00e2ndula lacrimal<\/strong> ou da membrana nictitante: O prolapso da gl\u00e2ndula \u00e9 um processo muito frequente, respons\u00e1vel pela produ\u00e7\u00e3o de 40% das secre\u00e7\u00f5es aquosas da l\u00e1grima. Hoje em dia recomendamos a cirurgia para a reposicionar e evitar que perca a sua fun\u00e7\u00e3o.<\/p>\n<p><strong>Entr\u00f3pio\/Ectr\u00f3pio:<\/strong> Muitos dos problemas oculares que afetam os nossos animais de estima\u00e7\u00e3o devem-se a anomalias na posi\u00e7\u00e3o e forma das p\u00e1lpebras. Nos nossos consult\u00f3rios realizamos t\u00e9cnicas de corre\u00e7\u00e3o pl\u00e1stica das p\u00e1lpebras incluindo t\u00e9cnicas especiais como a cirurgia de Shar-pei, ou t\u00e9cnicas para corrigir o s\u00edndrome ocular braquiocef\u00e1lico.<\/p>\n<p><strong>Uve\u00edte:<\/strong> Trata-se de uma inflama\u00e7\u00e3o intraocular, que pode ser resultado de um processo externo (traumatismo, acidente) ou interno (infe\u00e7\u00e3o, neoplasia, processos de resposta imunit\u00e1ria), cujas consequ\u00eancias podem ser muito graves. Um diagn\u00f3stico correto e a defini\u00e7\u00e3o do tratamento o mais r\u00e1pido poss\u00edvel s\u00e3o fundamentais para um bom progn\u00f3stico.<\/p>\n<p><strong>Glaucoma:<\/strong> \u00c9 o resultado de um aumento da press\u00e3o dentro do olho, o que produz uma sintomatologia muito dolorosa e pode produzir a perda da vis\u00e3o dos nossos animais de estima\u00e7\u00e3o. Em muitos casos \u00e9 necess\u00e1rio recorrer \u00e0 cirurgia para poder controlar o processo.<\/p>\n<p><strong>Cataratas:<\/strong> Tal como acontece com os humanos, os nossos animais de estima\u00e7\u00e3o tamb\u00e9m podem sofrer altera\u00e7\u00f5es dos cristalinos que degenerem na forma\u00e7\u00e3o de cataratas. Nestes casos \u00e9 importante conhecer a causa das mesmas para poder realizar um estudo e recomendar a cirurgia, sempre e quando o seu animal de estima\u00e7\u00e3o tenha a possibilidade de recuperar a vis\u00e3o.<\/p>\n\t\t\t\t\t\t\t\t<\/div>\n\t\t\t\t<\/div>\n\t\t\t\t\t<\/div>\n\t\t<\/div>\n\t\t\t\t\t<\/div>\n\t\t<\/section>\n\t\t\t\t<section class=\"elementor-section elementor-top-section elementor-element elementor-element-63814c2 elementor-section-boxed elementor-section-height-default elementor-section-height-default\" data-id=\"63814c2\" data-element_type=\"section\" data-e-type=\"section\">\n\t\t\t\t\t\t<div class=\"elementor-container elementor-column-gap-default\">\n\t\t\t\t\t<div class=\"elementor-column elementor-col-100 elementor-top-column elementor-element elementor-element-956ada6\" data-id=\"956ada6\" data-element_type=\"column\" data-e-type=\"column\">\n\t\t\t<div class=\"elementor-widget-wrap elementor-element-populated\">\n\t\t\t\t\t\t<div class=\"elementor-element elementor-element-e87768d elementor-widget elementor-widget-text-editor\" data-id=\"e87768d\" data-element_type=\"widget\" data-e-type=\"widget\" data-widget_type=\"text-editor.default\">\n\t\t\t\t<div class=\"elementor-widget-container\">\n\t\t\t\t\t\t\t\t\t<p><strong>Vis\u00e3o:<\/strong> A perda de vis\u00e3o pode ser tempor\u00e1ria ou permanente, parcial ou total; pode ocorrer em idades diferentes e ser o resultado de doen\u00e7as diferentes. \u00c9 importante, em qualquer exame m\u00e9dico, averiguar se a vis\u00e3o do animal de estima\u00e7\u00e3o n\u00e3o representa problemas para eles. Se nota que o seu animal de estima\u00e7\u00e3o tem dificuldades de vis\u00e3o, n\u00e3o hesite em recorrer aos nossos consult\u00f3rios.<\/p>\n<p>Muitas das doen\u00e7as que afetam os olhos podem conduzir a uma cegueira irrevers\u00edvel ou mesmo \u00e0 perda do olho.<\/p>\n\t\t\t\t\t\t\t\t<\/div>\n\t\t\t\t<\/div>\n\t\t\t\t\t<\/div>\n\t\t<\/div>\n\t\t\t\t\t<\/div>\n\t\t<\/section>\n\t\t\t\t<\/div>\n\t\t","protected":false},"excerpt":{"rendered":"<p>As consultas de oftalmologia s\u00e3o quase sempre motivo de urg\u00eancia; dado que uma atua\u00e7\u00e3o atempada garante um melhor progn\u00f3stico, sinais como co\u00e7ar os olhos, ter as p\u00e1lpebras fechadas ou secre\u00e7\u00f5es oculares s\u00e3o um bom motivo para procurar um veterin\u00e1rio. Os olhos s\u00e3o estruturas muito delicadas e sens\u00edveis que permitem que o seu animal de estima\u00e7\u00e3o &hellip; <\/p>\n","protected":false},"author":4,"featured_media":0,"parent":0,"menu_order":0,"comment_status":"closed","ping_status":"closed","template":"page-fullwidth.php","meta":{"_acf_changed":false,"content-type":"","footnotes":""},"class_list":["post-22429","page","type-page","status-publish","hentry"],"acf":[],"_links":{"self":[{"href":"https:\/\/www.unavets.com\/pt-pt\/wp-json\/wp\/v2\/pages\/22429","targetHints":{"allow":["GET"]}}],"collection":[{"href":"https:\/\/www.unavets.com\/pt-pt\/wp-json\/wp\/v2\/pages"}],"about":[{"href":"https:\/\/www.unavets.com\/pt-pt\/wp-json\/wp\/v2\/types\/page"}],"author":[{"embeddable":true,"href":"https:\/\/www.unavets.com\/pt-pt\/wp-json\/wp\/v2\/users\/4"}],"replies":[{"embeddable":true,"href":"https:\/\/www.unavets.com\/pt-pt\/wp-json\/wp\/v2\/comments?post=22429"}],"version-history":[{"count":0,"href":"https:\/\/www.unavets.com\/pt-pt\/wp-json\/wp\/v2\/pages\/22429\/revisions"}],"wp:attachment":[{"href":"https:\/\/www.unavets.com\/pt-pt\/wp-json\/wp\/v2\/media?parent=22429"}],"curies":[{"name":"wp","href":"https:\/\/api.w.org\/{rel}","templated":true}]}}