{"id":22427,"date":"2022-03-30T09:28:20","date_gmt":"2022-03-30T09:28:20","guid":{"rendered":"https:\/\/www.unavets.com\/hospitalizacao\/"},"modified":"2022-07-14T15:55:27","modified_gmt":"2022-07-14T15:55:27","slug":"hospitalizacao","status":"publish","type":"page","link":"https:\/\/www.unavets.com\/pt-pt\/hospitalizacao\/","title":{"rendered":"Hospitaliza\u00e7\u00e3o"},"content":{"rendered":"\t\t<div data-elementor-type=\"wp-post\" data-elementor-id=\"22427\" class=\"elementor elementor-22427 elementor-15660\" data-elementor-post-type=\"page\">\n\t\t\t\t\t\t<section class=\"elementor-section elementor-top-section elementor-element elementor-element-67a8c2b elementor-section-boxed elementor-section-height-default elementor-section-height-default\" data-id=\"67a8c2b\" data-element_type=\"section\" data-e-type=\"section\" id=\"main-sec\">\n\t\t\t\t\t\t<div class=\"elementor-container elementor-column-gap-wide\">\n\t\t\t\t\t<div class=\"elementor-column elementor-col-50 elementor-top-column elementor-element elementor-element-ca9591a\" data-id=\"ca9591a\" data-element_type=\"column\" data-e-type=\"column\">\n\t\t\t<div class=\"elementor-widget-wrap elementor-element-populated\">\n\t\t\t\t\t\t<div class=\"elementor-element elementor-element-47bc17d elementor-widget elementor-widget-text-editor\" data-id=\"47bc17d\" data-element_type=\"widget\" data-e-type=\"widget\" data-widget_type=\"text-editor.default\">\n\t\t\t\t<div class=\"elementor-widget-container\">\n\t\t\t\t\t\t\t\t\t<div class=\"ewa-rteLine\">Os nossos consult\u00f3rios UNAVETS est\u00e3o dedicados ao cuidado intensivo do doente. Oferecemos \u00e1reas independentes e exclusivas para c\u00e3es e gatos, bem como para animais infecciosos.<\/div>\n<div class=\"ewa-rteLine\">&nbsp;<\/div>\n<div class=\"ewa-rteLine\">Os doentes s\u00e3o constantemente monitorizados pelos veterin\u00e1rios nos nossos consult\u00f3rios UNAVETS.<\/div>\n<div>&nbsp;<\/div>\n<div class=\"ewa-rteLine\">Os nossos consult\u00f3rios, localizados em Espanha e Portugal, oferecem equipamentos de infus\u00e3o constante para terapia de perfus\u00e3o, nutri\u00e7\u00e3o atrav\u00e9s de entuba\u00e7\u00e3o nasoesof\u00e1gica, drenos, cateteres, oxigenoterapia, l\u00e2mpadas quentes e mais.<\/div>\n\t\t\t\t\t\t\t\t<\/div>\n\t\t\t\t<\/div>\n\t\t\t\t<div class=\"elementor-element elementor-element-3c2eed1 elementor-align-center elementor-widget elementor-widget-button\" data-id=\"3c2eed1\" data-element_type=\"widget\" data-e-type=\"widget\" data-widget_type=\"button.default\">\n\t\t\t\t<div class=\"elementor-widget-container\">\n\t\t\t\t\t\t\t\t\t<div class=\"elementor-button-wrapper\">\n\t\t\t\t\t<a class=\"elementor-button elementor-button-link elementor-size-sm\" href=\"https:\/\/www.unavets.com\/pt-pt\/os-nossos-consultorios\/\">\n\t\t\t\t\t\t<span class=\"elementor-button-content-wrapper\">\n\t\t\t\t\t\t\t\t\t<span class=\"elementor-button-text\">Encontre um consult\u00f3rio UNAVETS perto de si<\/span>\n\t\t\t\t\t<\/span>\n\t\t\t\t\t<\/a>\n\t\t\t\t<\/div>\n\t\t\t\t\t\t\t\t<\/div>\n\t\t\t\t<\/div>\n\t\t\t\t\t<\/div>\n\t\t<\/div>\n\t\t\t\t<div class=\"elementor-column elementor-col-50 elementor-top-column elementor-element elementor-element-2d1c6da\" data-id=\"2d1c6da\" data-element_type=\"column\" data-e-type=\"column\">\n\t\t\t<div class=\"elementor-widget-wrap elementor-element-populated\">\n\t\t\t\t\t\t<div class=\"elementor-element elementor-element-9b41ca2 elementor-widget elementor-widget-image\" data-id=\"9b41ca2\" data-element_type=\"widget\" data-e-type=\"widget\" data-widget_type=\"image.default\">\n\t\t\t\t<div class=\"elementor-widget-container\">\n\t\t\t\t\t\t\t\t\t\t\t\t\t\t\t<img fetchpriority=\"high\" decoding=\"async\" width=\"500\" height=\"333\" src=\"https:\/\/www.unavets.com\/wp-content\/uploads\/2021\/06\/hospitalization.jpeg\" class=\"attachment-large size-large wp-image-17648\" alt=\"\" \/>\t\t\t\t\t\t\t\t\t\t\t\t\t\t\t<\/div>\n\t\t\t\t<\/div>\n\t\t\t\t\t<\/div>\n\t\t<\/div>\n\t\t\t\t\t<\/div>\n\t\t<\/section>\n\t\t\t\t<section class=\"elementor-section elementor-top-section elementor-element elementor-element-5d3fed1 elementor-section-boxed elementor-section-height-default elementor-section-height-default\" data-id=\"5d3fed1\" data-element_type=\"section\" data-e-type=\"section\">\n\t\t\t\t\t\t<div class=\"elementor-container elementor-column-gap-default\">\n\t\t\t\t\t<div class=\"elementor-column elementor-col-100 elementor-top-column elementor-element elementor-element-89d9722\" data-id=\"89d9722\" data-element_type=\"column\" data-e-type=\"column\">\n\t\t\t<div class=\"elementor-widget-wrap elementor-element-populated\">\n\t\t\t\t\t\t<section class=\"elementor-section elementor-inner-section elementor-element elementor-element-d6542dd elementor-section-boxed elementor-section-height-default elementor-section-height-default\" data-id=\"d6542dd\" data-element_type=\"section\" data-e-type=\"section\">\n\t\t\t\t\t\t<div class=\"elementor-container elementor-column-gap-default\">\n\t\t\t\t\t<div class=\"elementor-column elementor-col-100 elementor-inner-column elementor-element elementor-element-9c1f476\" data-id=\"9c1f476\" data-element_type=\"column\" data-e-type=\"column\">\n\t\t\t<div class=\"elementor-widget-wrap elementor-element-populated\">\n\t\t\t\t\t\t<div class=\"elementor-element elementor-element-f0fd0ba elementor-widget elementor-widget-text-editor\" data-id=\"f0fd0ba\" data-element_type=\"widget\" data-e-type=\"widget\" data-widget_type=\"text-editor.default\">\n\t\t\t\t<div class=\"elementor-widget-container\">\n\t\t\t\t\t\t\t\t\t<p>A hospitaliza\u00e7\u00e3o \u00e9 fundamental para animais que foram sujeitos a interven\u00e7\u00f5es cir\u00fargicas para doen\u00e7as que exigem tratamento e supervis\u00e3o cont\u00ednua (falha renal, processos infecciosos graves. dist\u00farbios digestivos&#8230;), onde recebem terapia de perfus\u00e3o intravenosa, nutri\u00e7\u00e3o e medica\u00e7\u00e3o parenteral.&nbsp;<\/p>\n<p>Na UNAVETS, os nossos veterin\u00e1rios e auxiliares oferecem supervis\u00e3o constante ao verificar a hidrata\u00e7\u00e3o, ingest\u00e3o de alimentos, sinais vitais, n\u00edveis de oxig\u00e9nio, etc. do doente.<\/p>\n<p>Isto permite-lhes acompanhar quaisquer altera\u00e7\u00f5es ao estado do doente para que possam oferecer o tratamento adequado.<\/p>\n<p style=\"letter-spacing: 0.1px\">Temos duas \u00e1reas diferentes para cuidar de c\u00e3es e gatos e uma terceira \u00e1rea independente para isolar animais com doen\u00e7as infecciosas de modo a evitar qualquer poss\u00edvel cont\u00e1gio.<\/p>\n<p style=\"letter-spacing: 0.1px\">Temos equipamentos para monitoriza\u00e7\u00e3o e tratamento de todo o tipo de animais (l\u00e2mpadas de calor, equipamento de infus\u00e3o e uma unidade-jaula de cuidados intensivos (UCI) na qual o oxig\u00e9nio e a temperatura s\u00e3o controlados).<\/p>\n\t\t\t\t\t\t\t\t<\/div>\n\t\t\t\t<\/div>\n\t\t\t\t\t<\/div>\n\t\t<\/div>\n\t\t\t\t\t<\/div>\n\t\t<\/section>\n\t\t\t\t\t<\/div>\n\t\t<\/div>\n\t\t\t\t\t<\/div>\n\t\t<\/section>\n\t\t\t\t<\/div>\n\t\t","protected":false},"excerpt":{"rendered":"<p>Os nossos consult\u00f3rios UNAVETS est\u00e3o dedicados ao cuidado intensivo do doente. Oferecemos \u00e1reas independentes e exclusivas para c\u00e3es e gatos, bem como para animais infecciosos. &nbsp; Os doentes s\u00e3o constantemente monitorizados pelos veterin\u00e1rios nos nossos consult\u00f3rios UNAVETS. &nbsp; Os nossos consult\u00f3rios, localizados em Espanha e Portugal, oferecem equipamentos de infus\u00e3o constante para terapia de perfus\u00e3o, &hellip; <\/p>\n","protected":false},"author":4,"featured_media":0,"parent":0,"menu_order":0,"comment_status":"closed","ping_status":"closed","template":"page-fullwidth.php","meta":{"_acf_changed":false,"content-type":"","footnotes":""},"class_list":["post-22427","page","type-page","status-publish","hentry"],"acf":[],"_links":{"self":[{"href":"https:\/\/www.unavets.com\/pt-pt\/wp-json\/wp\/v2\/pages\/22427","targetHints":{"allow":["GET"]}}],"collection":[{"href":"https:\/\/www.unavets.com\/pt-pt\/wp-json\/wp\/v2\/pages"}],"about":[{"href":"https:\/\/www.unavets.com\/pt-pt\/wp-json\/wp\/v2\/types\/page"}],"author":[{"embeddable":true,"href":"https:\/\/www.unavets.com\/pt-pt\/wp-json\/wp\/v2\/users\/4"}],"replies":[{"embeddable":true,"href":"https:\/\/www.unavets.com\/pt-pt\/wp-json\/wp\/v2\/comments?post=22427"}],"version-history":[{"count":0,"href":"https:\/\/www.unavets.com\/pt-pt\/wp-json\/wp\/v2\/pages\/22427\/revisions"}],"wp:attachment":[{"href":"https:\/\/www.unavets.com\/pt-pt\/wp-json\/wp\/v2\/media?parent=22427"}],"curies":[{"name":"wp","href":"https:\/\/api.w.org\/{rel}","templated":true}]}}