{"id":22423,"date":"2022-03-30T09:28:17","date_gmt":"2022-03-30T09:28:17","guid":{"rendered":"https:\/\/www.unavets.com\/traumatologia-2\/"},"modified":"2022-05-19T13:48:26","modified_gmt":"2022-05-19T13:48:26","slug":"traumatologia","status":"publish","type":"page","link":"https:\/\/www.unavets.com\/pt-pt\/traumatologia\/","title":{"rendered":"Traumatologia"},"content":{"rendered":"\t\t<div data-elementor-type=\"wp-page\" data-elementor-id=\"22423\" class=\"elementor elementor-22423 elementor-13697\" data-elementor-post-type=\"page\">\n\t\t\t\t\t\t<section class=\"elementor-section elementor-top-section elementor-element elementor-element-0d8b8a8 elementor-section-boxed elementor-section-height-default elementor-section-height-default\" data-id=\"0d8b8a8\" data-element_type=\"section\" data-e-type=\"section\" id=\"main-sec\">\n\t\t\t\t\t\t<div class=\"elementor-container elementor-column-gap-default\">\n\t\t\t\t\t<div class=\"elementor-column elementor-col-100 elementor-top-column elementor-element elementor-element-f437d38\" data-id=\"f437d38\" data-element_type=\"column\" data-e-type=\"column\">\n\t\t\t<div class=\"elementor-widget-wrap elementor-element-populated\">\n\t\t\t\t\t\t<div class=\"elementor-element elementor-element-8a3bf4e elementor-widget elementor-widget-section_titleleft\" data-id=\"8a3bf4e\" data-element_type=\"widget\" data-e-type=\"widget\" data-widget_type=\"section_titleleft.default\">\n\t\t\t\t<div class=\"elementor-widget-container\">\n\t\t\t\t\t        <div class=\"ab_text-title fl-wrap\">\n            O nosso servi\u00e7o de trauma \u00e9 dedicado ao estudo e tratamento de les\u00f5es do sistema m\u00fasculo-esquel\u00e9tico.<span class=\"section-separator fl-sec-sep\"><\/span>        <\/div>\n        \t\t\t\t<\/div>\n\t\t\t\t<\/div>\n\t\t\t\t\t<\/div>\n\t\t<\/div>\n\t\t\t\t\t<\/div>\n\t\t<\/section>\n\t\t\t\t<section class=\"elementor-section elementor-top-section elementor-element elementor-element-00e92cb elementor-section-boxed elementor-section-height-default elementor-section-height-default\" data-id=\"00e92cb\" data-element_type=\"section\" data-e-type=\"section\">\n\t\t\t\t\t\t<div class=\"elementor-container elementor-column-gap-default\">\n\t\t\t\t\t<div class=\"elementor-column elementor-col-50 elementor-top-column elementor-element elementor-element-8daadcb\" data-id=\"8daadcb\" data-element_type=\"column\" data-e-type=\"column\">\n\t\t\t<div class=\"elementor-widget-wrap elementor-element-populated\">\n\t\t\t\t\t\t<div class=\"elementor-element elementor-element-309f637 elementor-widget elementor-widget-text-editor\" data-id=\"309f637\" data-element_type=\"widget\" data-e-type=\"widget\" data-widget_type=\"text-editor.default\">\n\t\t\t\t<div class=\"elementor-widget-container\">\n\t\t\t\t\t\t\t\t\t<p>O trabalho dos nossos especialistas vai muito al\u00e9m dos ferimentos por traumatismo; inclui tamb\u00e9m o estudo de ferimentos naturais ou adquiridos que afetem o movimento dos animais, nas vertentes preventiva, terap\u00eautica, de reabilita\u00e7\u00e3o e investiga\u00e7\u00e3o.<\/p>\n<p>As patologias mais frequentes s\u00e3o:<\/p>\n<p>\u2022 Fraturas \u00f3sseas<br \/>\u2022 Osteoartrite<br \/>\u2022 Artrite<br \/>\u2022 Displasia da anca<br \/>\u2022 Entorses<br \/>\u2022 Luxa\u00e7\u00f5es<br \/>\u2022 Tendinites<br \/>\u2022 Roturas musculares<\/p>\n<p>Os tratamentos conservadores t\u00eam por base:<br \/>\u2022 Redu\u00e7\u00f5es incruentas<br \/>\u2022 Curativos suaves (compress\u00e3o, adesiva\u00e7\u00e3o, imobilizadores tipo Velpeau, Gillchrist, Robert-Jones),<br \/>\u2022 Talas<br \/>\u2022 Tra\u00e7\u00e3o esquel\u00e9tica ou cut\u00e2nea<\/p>\n<p>A cirurgias traumatol\u00f3gicas mais comuns para c\u00e3es e gatos s\u00e3o as destinadas ao tratamento de fraturas. Tal deve-se ao facto de os ferimentos mais comuns serem provocados por atropelamentos ou por quedas em altura. Outra les\u00e3o frequente nos c\u00e3es \u00e9 a rutura do ligamento cruzado do joelho.<\/p>\n<p>Dependendo do tipo de les\u00e3o e do osso ou articula\u00e7\u00e3o afetado: ombro, cotovelo, anca, joelho, etc., aplicamos diferentes t\u00e9cnicas para resolver o problema. Utilizando placas, parafusos, fixadores, agulhas ou t\u00e9cnicas minimamente invasivas como a artroscopia.<\/p>\n\t\t\t\t\t\t\t\t<\/div>\n\t\t\t\t<\/div>\n\t\t\t\t\t<\/div>\n\t\t<\/div>\n\t\t\t\t<div class=\"elementor-column elementor-col-50 elementor-top-column elementor-element elementor-element-b483f61\" data-id=\"b483f61\" data-element_type=\"column\" data-e-type=\"column\">\n\t\t\t<div class=\"elementor-widget-wrap elementor-element-populated\">\n\t\t\t\t\t\t<div class=\"elementor-element elementor-element-68cf39d elementor-widget elementor-widget-image\" data-id=\"68cf39d\" data-element_type=\"widget\" data-e-type=\"widget\" data-widget_type=\"image.default\">\n\t\t\t\t<div class=\"elementor-widget-container\">\n\t\t\t\t\t\t\t\t\t\t\t\t\t\t\t<img decoding=\"async\" src=\"http:\/\/www.unavets.com\/lastablas\/wp-content\/uploads\/sites\/2\/2020\/10\/Depositphotos_39249071_m-2015.jpg\" title=\"\" alt=\"\" loading=\"lazy\" \/>\t\t\t\t\t\t\t\t\t\t\t\t\t\t\t<\/div>\n\t\t\t\t<\/div>\n\t\t\t\t<div class=\"elementor-element elementor-element-f3d920b elementor-align-center elementor-widget elementor-widget-button\" data-id=\"f3d920b\" data-element_type=\"widget\" data-e-type=\"widget\" data-widget_type=\"button.default\">\n\t\t\t\t<div class=\"elementor-widget-container\">\n\t\t\t\t\t\t\t\t\t<div class=\"elementor-button-wrapper\">\n\t\t\t\t\t<a class=\"elementor-button elementor-button-link elementor-size-md\" href=\"https:\/\/www.unavets.com\/pt-pt\/os-nossos-consultorios\/\">\n\t\t\t\t\t\t<span class=\"elementor-button-content-wrapper\">\n\t\t\t\t\t\t\t\t\t<span class=\"elementor-button-text\">Encontre um consult\u00f3rio UNAVETS perto de si<\/span>\n\t\t\t\t\t<\/span>\n\t\t\t\t\t<\/a>\n\t\t\t\t<\/div>\n\t\t\t\t\t\t\t\t<\/div>\n\t\t\t\t<\/div>\n\t\t\t\t\t<\/div>\n\t\t<\/div>\n\t\t\t\t\t<\/div>\n\t\t<\/section>\n\t\t\t\t<\/div>\n\t\t","protected":false},"excerpt":{"rendered":"<p>O nosso servi\u00e7o de trauma \u00e9 dedicado ao estudo e tratamento de les\u00f5es do sistema m\u00fasculo-esquel\u00e9tico. O trabalho dos nossos especialistas vai muito al\u00e9m dos ferimentos por traumatismo; inclui tamb\u00e9m o estudo de ferimentos naturais ou adquiridos que afetem o movimento dos animais, nas vertentes preventiva, terap\u00eautica, de reabilita\u00e7\u00e3o e investiga\u00e7\u00e3o. As patologias mais frequentes &hellip; <\/p>\n","protected":false},"author":1,"featured_media":0,"parent":0,"menu_order":0,"comment_status":"closed","ping_status":"closed","template":"page-fullwidth.php","meta":{"_acf_changed":false,"content-type":"","footnotes":""},"class_list":["post-22423","page","type-page","status-publish","hentry"],"acf":[],"_links":{"self":[{"href":"https:\/\/www.unavets.com\/pt-pt\/wp-json\/wp\/v2\/pages\/22423","targetHints":{"allow":["GET"]}}],"collection":[{"href":"https:\/\/www.unavets.com\/pt-pt\/wp-json\/wp\/v2\/pages"}],"about":[{"href":"https:\/\/www.unavets.com\/pt-pt\/wp-json\/wp\/v2\/types\/page"}],"author":[{"embeddable":true,"href":"https:\/\/www.unavets.com\/pt-pt\/wp-json\/wp\/v2\/users\/1"}],"replies":[{"embeddable":true,"href":"https:\/\/www.unavets.com\/pt-pt\/wp-json\/wp\/v2\/comments?post=22423"}],"version-history":[{"count":0,"href":"https:\/\/www.unavets.com\/pt-pt\/wp-json\/wp\/v2\/pages\/22423\/revisions"}],"wp:attachment":[{"href":"https:\/\/www.unavets.com\/pt-pt\/wp-json\/wp\/v2\/media?parent=22423"}],"curies":[{"name":"wp","href":"https:\/\/api.w.org\/{rel}","templated":true}]}}