{"id":22419,"date":"2022-03-30T09:28:14","date_gmt":"2022-03-30T09:28:14","guid":{"rendered":"https:\/\/www.unavets.com\/neurologia-2\/"},"modified":"2022-05-19T13:43:04","modified_gmt":"2022-05-19T13:43:04","slug":"neurologia","status":"publish","type":"page","link":"https:\/\/www.unavets.com\/pt-pt\/neurologia\/","title":{"rendered":"Neurologia"},"content":{"rendered":"\t\t<div data-elementor-type=\"wp-page\" data-elementor-id=\"22419\" class=\"elementor elementor-22419 elementor-13691\" data-elementor-post-type=\"page\">\n\t\t\t\t\t\t<section class=\"elementor-section elementor-top-section elementor-element elementor-element-a4f3c65 elementor-section-boxed elementor-section-height-default elementor-section-height-default\" data-id=\"a4f3c65\" data-element_type=\"section\" data-e-type=\"section\" id=\"main-sec\">\n\t\t\t\t\t\t<div class=\"elementor-container elementor-column-gap-default\">\n\t\t\t\t\t<div class=\"elementor-column elementor-col-100 elementor-top-column elementor-element elementor-element-5d6a999\" data-id=\"5d6a999\" data-element_type=\"column\" data-e-type=\"column\">\n\t\t\t<div class=\"elementor-widget-wrap elementor-element-populated\">\n\t\t\t\t\t\t<div class=\"elementor-element elementor-element-4e22f76 elementor-widget elementor-widget-section_titleleft\" data-id=\"4e22f76\" data-element_type=\"widget\" data-e-type=\"widget\" data-widget_type=\"section_titleleft.default\">\n\t\t\t\t<div class=\"elementor-widget-container\">\n\t\t\t\t\t        <div class=\"ab_text-title fl-wrap\">\n            A neurologia envolve o diagn\u00f3stico e o tratamento de doen\u00e7as que afetam o sistema nervoso do seu animal de estima\u00e7\u00e3o.<span class=\"section-separator fl-sec-sep\"><\/span>        <\/div>\n        \t\t\t\t<\/div>\n\t\t\t\t<\/div>\n\t\t\t\t\t<\/div>\n\t\t<\/div>\n\t\t\t\t\t<\/div>\n\t\t<\/section>\n\t\t\t\t<section class=\"elementor-section elementor-top-section elementor-element elementor-element-1ae5a60 elementor-section-boxed elementor-section-height-default elementor-section-height-default\" data-id=\"1ae5a60\" data-element_type=\"section\" data-e-type=\"section\">\n\t\t\t\t\t\t<div class=\"elementor-container elementor-column-gap-default\">\n\t\t\t\t\t<div class=\"elementor-column elementor-col-50 elementor-top-column elementor-element elementor-element-56bb823\" data-id=\"56bb823\" data-element_type=\"column\" data-e-type=\"column\">\n\t\t\t<div class=\"elementor-widget-wrap elementor-element-populated\">\n\t\t\t\t\t\t<div class=\"elementor-element elementor-element-8ff02f8 elementor-widget elementor-widget-text-editor\" data-id=\"8ff02f8\" data-element_type=\"widget\" data-e-type=\"widget\" data-widget_type=\"text-editor.default\">\n\t\t\t\t<div class=\"elementor-widget-container\">\n\t\t\t\t\t\t\t\t\t<p>As perturba\u00e7\u00f5es neurol\u00f3gicas afetam o sistema nervoso central (o c\u00e9rebro e a medula espinhal) e\/ou perif\u00e9rico (os nervos e g\u00e2nglios fora do c\u00e9rebro e da medula espinhal).<\/p>\n<p>Entre os sinais de doen\u00e7a neurol\u00f3gica contam-se:<\/p>\n<ul>\n<li>Paresia: a aus\u00eancia parcial de movimento volunt\u00e1rio de um ou mais membros.<\/li>\n<li>Paralisia: a aus\u00eancia total de movimento volunt\u00e1rio de um ou mais membros.<\/li>\n<li>Ataxia e falta de coordena\u00e7\u00e3o.<\/li>\n<li>Tremores.<\/li>\n<li>Perda de equil\u00edbrio, cabe\u00e7a inclinada.<\/li>\n<li>Comportamentos anormais.<\/li>\n<li>Depress\u00e3o do estado mental.<\/li>\n<li>Ataques<\/li>\n<\/ul>\n\t\t\t\t\t\t\t\t<\/div>\n\t\t\t\t<\/div>\n\t\t\t\t\t<\/div>\n\t\t<\/div>\n\t\t\t\t<div class=\"elementor-column elementor-col-50 elementor-top-column elementor-element elementor-element-a5d4f0f\" data-id=\"a5d4f0f\" data-element_type=\"column\" data-e-type=\"column\">\n\t\t\t<div class=\"elementor-widget-wrap elementor-element-populated\">\n\t\t\t\t\t\t<div class=\"elementor-element elementor-element-8a6c994 elementor-widget elementor-widget-image\" data-id=\"8a6c994\" data-element_type=\"widget\" data-e-type=\"widget\" data-widget_type=\"image.default\">\n\t\t\t\t<div class=\"elementor-widget-container\">\n\t\t\t\t\t\t\t\t\t\t\t\t\t\t\t<img decoding=\"async\" src=\"http:\/\/www.unavets.com\/lastablas\/wp-content\/uploads\/sites\/2\/2020\/10\/Depositphotos_19143729_original-1.jpg\" title=\"\" alt=\"\" loading=\"lazy\" \/>\t\t\t\t\t\t\t\t\t\t\t\t\t\t\t<\/div>\n\t\t\t\t<\/div>\n\t\t\t\t<div class=\"elementor-element elementor-element-f90a175 elementor-align-center elementor-widget elementor-widget-button\" data-id=\"f90a175\" data-element_type=\"widget\" data-e-type=\"widget\" data-widget_type=\"button.default\">\n\t\t\t\t<div class=\"elementor-widget-container\">\n\t\t\t\t\t\t\t\t\t<div class=\"elementor-button-wrapper\">\n\t\t\t\t\t<a class=\"elementor-button elementor-button-link elementor-size-md\" href=\"https:\/\/www.unavets.com\/pt-pt\/os-nossos-consultorios\/\">\n\t\t\t\t\t\t<span class=\"elementor-button-content-wrapper\">\n\t\t\t\t\t\t\t\t\t<span class=\"elementor-button-text\">Encontre um consult\u00f3rio UNAVETS perto de si<\/span>\n\t\t\t\t\t<\/span>\n\t\t\t\t\t<\/a>\n\t\t\t\t<\/div>\n\t\t\t\t\t\t\t\t<\/div>\n\t\t\t\t<\/div>\n\t\t\t\t\t<\/div>\n\t\t<\/div>\n\t\t\t\t\t<\/div>\n\t\t<\/section>\n\t\t\t\t<\/div>\n\t\t","protected":false},"excerpt":{"rendered":"<p>A neurologia envolve o diagn\u00f3stico e o tratamento de doen\u00e7as que afetam o sistema nervoso do seu animal de estima\u00e7\u00e3o. As perturba\u00e7\u00f5es neurol\u00f3gicas afetam o sistema nervoso central (o c\u00e9rebro e a medula espinhal) e\/ou perif\u00e9rico (os nervos e g\u00e2nglios fora do c\u00e9rebro e da medula espinhal). Entre os sinais de doen\u00e7a neurol\u00f3gica contam-se: Paresia: &hellip; <\/p>\n","protected":false},"author":1,"featured_media":0,"parent":0,"menu_order":0,"comment_status":"closed","ping_status":"closed","template":"page-fullwidth.php","meta":{"_acf_changed":false,"content-type":"","footnotes":""},"class_list":["post-22419","page","type-page","status-publish","hentry"],"acf":[],"_links":{"self":[{"href":"https:\/\/www.unavets.com\/pt-pt\/wp-json\/wp\/v2\/pages\/22419","targetHints":{"allow":["GET"]}}],"collection":[{"href":"https:\/\/www.unavets.com\/pt-pt\/wp-json\/wp\/v2\/pages"}],"about":[{"href":"https:\/\/www.unavets.com\/pt-pt\/wp-json\/wp\/v2\/types\/page"}],"author":[{"embeddable":true,"href":"https:\/\/www.unavets.com\/pt-pt\/wp-json\/wp\/v2\/users\/1"}],"replies":[{"embeddable":true,"href":"https:\/\/www.unavets.com\/pt-pt\/wp-json\/wp\/v2\/comments?post=22419"}],"version-history":[{"count":0,"href":"https:\/\/www.unavets.com\/pt-pt\/wp-json\/wp\/v2\/pages\/22419\/revisions"}],"wp:attachment":[{"href":"https:\/\/www.unavets.com\/pt-pt\/wp-json\/wp\/v2\/media?parent=22419"}],"curies":[{"name":"wp","href":"https:\/\/api.w.org\/{rel}","templated":true}]}}