{"id":22417,"date":"2022-03-30T09:28:12","date_gmt":"2022-03-30T09:28:12","guid":{"rendered":"https:\/\/www.unavets.com\/medicina-interna-2\/"},"modified":"2022-05-19T13:41:54","modified_gmt":"2022-05-19T13:41:54","slug":"medicina-interna","status":"publish","type":"page","link":"https:\/\/www.unavets.com\/pt-pt\/medicina-interna\/","title":{"rendered":"Medicina Interna"},"content":{"rendered":"\t\t<div data-elementor-type=\"wp-page\" data-elementor-id=\"22417\" class=\"elementor elementor-22417 elementor-13688\" data-elementor-post-type=\"page\">\n\t\t\t\t\t\t<section class=\"elementor-section elementor-top-section elementor-element elementor-element-14cc5aa elementor-section-boxed elementor-section-height-default elementor-section-height-default\" data-id=\"14cc5aa\" data-element_type=\"section\" data-e-type=\"section\" id=\"main-sec\">\n\t\t\t\t\t\t<div class=\"elementor-container elementor-column-gap-default\">\n\t\t\t\t\t<div class=\"elementor-column elementor-col-100 elementor-top-column elementor-element elementor-element-c6478dc\" data-id=\"c6478dc\" data-element_type=\"column\" data-e-type=\"column\">\n\t\t\t<div class=\"elementor-widget-wrap elementor-element-populated\">\n\t\t\t\t\t\t<div class=\"elementor-element elementor-element-5138330 elementor-widget elementor-widget-section_titleleft\" data-id=\"5138330\" data-element_type=\"widget\" data-e-type=\"widget\" data-widget_type=\"section_titleleft.default\">\n\t\t\t\t<div class=\"elementor-widget-container\">\n\t\t\t\t\t        <div class=\"ab_text-title fl-wrap\">\n            Os nossos especialistas em medicina interna cuidam dos \u00f3rg\u00e3os internos do seu animal de estima\u00e7\u00e3o atrav\u00e9s de tratamentos n\u00e3o-cir\u00fargicos.<span class=\"section-separator fl-sec-sep\"><\/span>        <\/div>\n        \t\t\t\t<\/div>\n\t\t\t\t<\/div>\n\t\t\t\t\t<\/div>\n\t\t<\/div>\n\t\t\t\t\t<\/div>\n\t\t<\/section>\n\t\t\t\t<section class=\"elementor-section elementor-top-section elementor-element elementor-element-723861f elementor-section-boxed elementor-section-height-default elementor-section-height-default\" data-id=\"723861f\" data-element_type=\"section\" data-e-type=\"section\">\n\t\t\t\t\t\t<div class=\"elementor-container elementor-column-gap-default\">\n\t\t\t\t\t<div class=\"elementor-column elementor-col-50 elementor-top-column elementor-element elementor-element-cda5e4c\" data-id=\"cda5e4c\" data-element_type=\"column\" data-e-type=\"column\">\n\t\t\t<div class=\"elementor-widget-wrap elementor-element-populated\">\n\t\t\t\t\t\t<div class=\"elementor-element elementor-element-3157111 elementor-widget elementor-widget-text-editor\" data-id=\"3157111\" data-element_type=\"widget\" data-e-type=\"widget\" data-widget_type=\"text-editor.default\">\n\t\t\t\t<div class=\"elementor-widget-container\">\n\t\t\t\t\t\t\t\t\t<p><span data-preserver-spaces=\"true\">Os nossos m\u00e9dicos veterin\u00e1rios dedicam-se a animais de estima\u00e7\u00e3o cujo diagn\u00f3stico \u00e9 mais complexo por apresentarem sintomas em v\u00e1rios \u00f3rg\u00e3os ou padecerem de v\u00e1rias doen\u00e7as.&nbsp;<\/span><\/p>\n<p><span data-preserver-spaces=\"true\">A Medicina Interna constitui o ramo principal de que decorrem v\u00e1rias subespecialidades:&nbsp;<\/span><\/p>\n<ul>\n<li><span data-preserver-spaces=\"true\">Endocrinologia: o estudo do sistema end\u00f3crino, composto pela gl\u00e2ndula tiroide, pelas gl\u00e2ndulas suprarrenais, pelo p\u00e2ncreas, pelo hipot\u00e1lamo e pelo hip\u00f3fise.&nbsp;<\/span><\/li>\n<li><span data-preserver-spaces=\"true\">Gastroenterologia: o estudo do sistema digestivo, composto por es\u00f3fago, est\u00f4mago, intestino delgado e grosso, f\u00edgado, vias biliares e p\u00e2ncreas.&nbsp;<\/span><\/li>\n<li><span data-preserver-spaces=\"true\">Nefrologia: o estudo da estrutura e da fun\u00e7\u00e3o dos rins, incluindo a preven\u00e7\u00e3o e o tratamento das doen\u00e7as renais.&nbsp;<\/span><\/li>\n<li><span data-preserver-spaces=\"true\">Urologia: o estudo do trato urin\u00e1rio inferior, que consiste na bexiga e na uretra.&nbsp;<\/span><\/li>\n<li><span data-preserver-spaces=\"true\">Pneumologia: o estudo do trato respirat\u00f3rio superior (incluindo nariz, nasofaringe, laringe e traqueia) e do trato respirat\u00f3rio inferior (incluindo br\u00f4nquios e pulm\u00f5es).&nbsp;<\/span><\/li>\n<\/ul>\n\t\t\t\t\t\t\t\t<\/div>\n\t\t\t\t<\/div>\n\t\t\t\t\t<\/div>\n\t\t<\/div>\n\t\t\t\t<div class=\"elementor-column elementor-col-50 elementor-top-column elementor-element elementor-element-760d231\" data-id=\"760d231\" data-element_type=\"column\" data-e-type=\"column\">\n\t\t\t<div class=\"elementor-widget-wrap elementor-element-populated\">\n\t\t\t\t\t\t<div class=\"elementor-element elementor-element-0507788 elementor-widget elementor-widget-image\" data-id=\"0507788\" data-element_type=\"widget\" data-e-type=\"widget\" data-widget_type=\"image.default\">\n\t\t\t\t<div class=\"elementor-widget-container\">\n\t\t\t\t\t\t\t\t\t\t\t\t\t\t\t<img decoding=\"async\" src=\"http:\/\/www.unavets.com\/lastablas\/wp-content\/uploads\/sites\/2\/2020\/10\/Depositphotos_13408459_original-1.jpg\" title=\"\" alt=\"\" loading=\"lazy\" \/>\t\t\t\t\t\t\t\t\t\t\t\t\t\t\t<\/div>\n\t\t\t\t<\/div>\n\t\t\t\t<div data-dce-background-color=\"#53ADA9\" class=\"elementor-element elementor-element-9f11662 elementor-align-center elementor-widget elementor-widget-button\" data-id=\"9f11662\" data-element_type=\"widget\" data-e-type=\"widget\" data-widget_type=\"button.default\">\n\t\t\t\t<div class=\"elementor-widget-container\">\n\t\t\t\t\t\t\t\t\t<div class=\"elementor-button-wrapper\">\n\t\t\t\t\t<a class=\"elementor-button elementor-button-link elementor-size-md\" href=\"https:\/\/www.unavets.com\/pt-pt\/os-nossos-consultorios\/\">\n\t\t\t\t\t\t<span class=\"elementor-button-content-wrapper\">\n\t\t\t\t\t\t\t\t\t<span class=\"elementor-button-text\">Encontre um consult\u00f3rio UNAVETS perto de si<\/span>\n\t\t\t\t\t<\/span>\n\t\t\t\t\t<\/a>\n\t\t\t\t<\/div>\n\t\t\t\t\t\t\t\t<\/div>\n\t\t\t\t<\/div>\n\t\t\t\t\t<\/div>\n\t\t<\/div>\n\t\t\t\t\t<\/div>\n\t\t<\/section>\n\t\t\t\t<\/div>\n\t\t","protected":false},"excerpt":{"rendered":"<p>Os nossos especialistas em medicina interna cuidam dos \u00f3rg\u00e3os internos do seu animal de estima\u00e7\u00e3o atrav\u00e9s de tratamentos n\u00e3o-cir\u00fargicos. Os nossos m\u00e9dicos veterin\u00e1rios dedicam-se a animais de estima\u00e7\u00e3o cujo diagn\u00f3stico \u00e9 mais complexo por apresentarem sintomas em v\u00e1rios \u00f3rg\u00e3os ou padecerem de v\u00e1rias doen\u00e7as. A Medicina Interna constitui o ramo principal de que decorrem v\u00e1rias &hellip; <\/p>\n","protected":false},"author":1,"featured_media":0,"parent":0,"menu_order":0,"comment_status":"closed","ping_status":"closed","template":"page-fullwidth.php","meta":{"_acf_changed":false,"content-type":"","footnotes":""},"class_list":["post-22417","page","type-page","status-publish","hentry"],"acf":[],"_links":{"self":[{"href":"https:\/\/www.unavets.com\/pt-pt\/wp-json\/wp\/v2\/pages\/22417","targetHints":{"allow":["GET"]}}],"collection":[{"href":"https:\/\/www.unavets.com\/pt-pt\/wp-json\/wp\/v2\/pages"}],"about":[{"href":"https:\/\/www.unavets.com\/pt-pt\/wp-json\/wp\/v2\/types\/page"}],"author":[{"embeddable":true,"href":"https:\/\/www.unavets.com\/pt-pt\/wp-json\/wp\/v2\/users\/1"}],"replies":[{"embeddable":true,"href":"https:\/\/www.unavets.com\/pt-pt\/wp-json\/wp\/v2\/comments?post=22417"}],"version-history":[{"count":0,"href":"https:\/\/www.unavets.com\/pt-pt\/wp-json\/wp\/v2\/pages\/22417\/revisions"}],"wp:attachment":[{"href":"https:\/\/www.unavets.com\/pt-pt\/wp-json\/wp\/v2\/media?parent=22417"}],"curies":[{"name":"wp","href":"https:\/\/api.w.org\/{rel}","templated":true}]}}