{"id":22415,"date":"2022-03-30T09:28:11","date_gmt":"2022-03-30T09:28:11","guid":{"rendered":"https:\/\/www.unavets.com\/dermatologia-2\/"},"modified":"2022-05-19T13:40:50","modified_gmt":"2022-05-19T13:40:50","slug":"dermatologia","status":"publish","type":"page","link":"https:\/\/www.unavets.com\/pt-pt\/dermatologia\/","title":{"rendered":"Dermatologia"},"content":{"rendered":"\t\t<div data-elementor-type=\"wp-page\" data-elementor-id=\"22415\" class=\"elementor elementor-22415 elementor-13682\" data-elementor-post-type=\"page\">\n\t\t\t\t\t\t<section class=\"elementor-section elementor-top-section elementor-element elementor-element-5c593fd elementor-section-boxed elementor-section-height-default elementor-section-height-default\" data-id=\"5c593fd\" data-element_type=\"section\" data-e-type=\"section\" id=\"main-sec\">\n\t\t\t\t\t\t<div class=\"elementor-container elementor-column-gap-default\">\n\t\t\t\t\t<div class=\"elementor-column elementor-col-100 elementor-top-column elementor-element elementor-element-33974b2\" data-id=\"33974b2\" data-element_type=\"column\" data-e-type=\"column\">\n\t\t\t<div class=\"elementor-widget-wrap elementor-element-populated\">\n\t\t\t\t\t\t<div class=\"elementor-element elementor-element-7b8c902 elementor-widget elementor-widget-section_titleleft\" data-id=\"7b8c902\" data-element_type=\"widget\" data-e-type=\"widget\" data-widget_type=\"section_titleleft.default\">\n\t\t\t\t<div class=\"elementor-widget-container\">\n\t\t\t\t\t        <div class=\"ab_text-title fl-wrap\">\n            A dermatologia \u00e9 uma das especialidades que apresenta o maior n\u00famero de casos em consult\u00f3rios de animais.<span class=\"section-separator fl-sec-sep\"><\/span>        <\/div>\n        \t\t\t\t<\/div>\n\t\t\t\t<\/div>\n\t\t\t\t\t<\/div>\n\t\t<\/div>\n\t\t\t\t\t<\/div>\n\t\t<\/section>\n\t\t\t\t<section class=\"elementor-section elementor-top-section elementor-element elementor-element-69f6e6e elementor-section-boxed elementor-section-height-default elementor-section-height-default\" data-id=\"69f6e6e\" data-element_type=\"section\" data-e-type=\"section\">\n\t\t\t\t\t\t<div class=\"elementor-container elementor-column-gap-default\">\n\t\t\t\t\t<div class=\"elementor-column elementor-col-50 elementor-top-column elementor-element elementor-element-590144a\" data-id=\"590144a\" data-element_type=\"column\" data-e-type=\"column\">\n\t\t\t<div class=\"elementor-widget-wrap elementor-element-populated\">\n\t\t\t\t\t\t<div class=\"elementor-element elementor-element-a05b452 elementor-widget elementor-widget-text-editor\" data-id=\"a05b452\" data-element_type=\"widget\" data-e-type=\"widget\" data-widget_type=\"text-editor.default\">\n\t\t\t\t<div class=\"elementor-widget-container\">\n\t\t\t\t\t\t\t\t\t<p>Fornecemos cuidados dermatol\u00f3gicos abrangentes para animais de estima\u00e7\u00e3o que sofram de uma s\u00e9rie de problemas, incluindo:<\/p>\n<ul>\n<li>Dermatite al\u00e9rgica: dermatite at\u00f3pica.<\/li>\n<li>Intoler\u00e2ncia alimentar\/hipersensibilidade.<\/li>\n<li>Dermatite al\u00e9rgica \u00e0 picada das pulgas.<\/li>\n<li>Doen\u00e7as parasit\u00e1rias: sarna sarc\u00f3tica e sarna demod\u00e9cica, carra\u00e7as.<\/li>\n<li>Doen\u00e7as de pele imunomediadas: l\u00fapus eritematoso, p\u00eanfigo.<\/li>\n<li>Doen\u00e7as bacterianas: piodermas superficiais e profundos.<\/li>\n<li>Doen\u00e7as f\u00fangicas: dermatofitoses, dermatite por Malassezia.<\/li>\n<li>Doen\u00e7as end\u00f3crinas de pele: hiperadrenocorticismo, hipotiroidismo,&nbsp;&nbsp;&nbsp;alopecia X.<\/li>\n<li>Dist\u00farbios de queratiniza\u00e7\u00e3o.<\/li>\n<li>Tumores e quistos neopl\u00e1sicos e n\u00e3o-neopl\u00e1sticos.<\/li>\n<\/ul>\n\t\t\t\t\t\t\t\t<\/div>\n\t\t\t\t<\/div>\n\t\t\t\t\t<\/div>\n\t\t<\/div>\n\t\t\t\t<div class=\"elementor-column elementor-col-50 elementor-top-column elementor-element elementor-element-64a3c13\" data-id=\"64a3c13\" data-element_type=\"column\" data-e-type=\"column\">\n\t\t\t<div class=\"elementor-widget-wrap elementor-element-populated\">\n\t\t\t\t\t\t<div class=\"elementor-element elementor-element-8875c29 elementor-widget elementor-widget-image\" data-id=\"8875c29\" data-element_type=\"widget\" data-e-type=\"widget\" data-widget_type=\"image.default\">\n\t\t\t\t<div class=\"elementor-widget-container\">\n\t\t\t\t\t\t\t\t\t\t\t\t\t\t\t<img decoding=\"async\" src=\"http:\/\/www.unavets.com\/lastablas\/wp-content\/uploads\/sites\/2\/2020\/10\/shutterstock_1029444703-1.jpg\" title=\"\" alt=\"\" loading=\"lazy\" \/>\t\t\t\t\t\t\t\t\t\t\t\t\t\t\t<\/div>\n\t\t\t\t<\/div>\n\t\t\t\t<div class=\"elementor-element elementor-element-c802013 elementor-align-center elementor-widget elementor-widget-button\" data-id=\"c802013\" data-element_type=\"widget\" data-e-type=\"widget\" data-widget_type=\"button.default\">\n\t\t\t\t<div class=\"elementor-widget-container\">\n\t\t\t\t\t\t\t\t\t<div class=\"elementor-button-wrapper\">\n\t\t\t\t\t<a class=\"elementor-button elementor-button-link elementor-size-sm\" href=\"https:\/\/www.unavets.com\/pt-pt\/os-nossos-consultorios\/\">\n\t\t\t\t\t\t<span class=\"elementor-button-content-wrapper\">\n\t\t\t\t\t\t\t\t\t<span class=\"elementor-button-text\">Encontre um consult\u00f3rio UNAVETS perto de si<\/span>\n\t\t\t\t\t<\/span>\n\t\t\t\t\t<\/a>\n\t\t\t\t<\/div>\n\t\t\t\t\t\t\t\t<\/div>\n\t\t\t\t<\/div>\n\t\t\t\t\t<\/div>\n\t\t<\/div>\n\t\t\t\t\t<\/div>\n\t\t<\/section>\n\t\t\t\t<section class=\"elementor-section elementor-top-section elementor-element elementor-element-37a0ff3 elementor-section-boxed elementor-section-height-default elementor-section-height-default\" data-id=\"37a0ff3\" data-element_type=\"section\" data-e-type=\"section\">\n\t\t\t\t\t\t<div class=\"elementor-container elementor-column-gap-default\">\n\t\t\t\t\t<div class=\"elementor-column elementor-col-100 elementor-top-column elementor-element elementor-element-ee3dc7f\" data-id=\"ee3dc7f\" data-element_type=\"column\" data-e-type=\"column\">\n\t\t\t<div class=\"elementor-widget-wrap elementor-element-populated\">\n\t\t\t\t\t\t<div class=\"elementor-element elementor-element-ce7c382 elementor-widget elementor-widget-section_titleleft\" data-id=\"ce7c382\" data-element_type=\"widget\" data-e-type=\"widget\" data-widget_type=\"section_titleleft.default\">\n\t\t\t\t<div class=\"elementor-widget-container\">\n\t\t\t\t\t        <div class=\"ab_text-title fl-wrap\">\n            <h3>Testes Dermatol\u00f3gicos Comuns<\/h3><span class=\"section-separator fl-sec-sep\"><\/span>        <\/div>\n        \t\t\t\t<\/div>\n\t\t\t\t<\/div>\n\t\t\t\t\t<\/div>\n\t\t<\/div>\n\t\t\t\t\t<\/div>\n\t\t<\/section>\n\t\t\t\t<section class=\"elementor-section elementor-top-section elementor-element elementor-element-2646f02 elementor-section-boxed elementor-section-height-default elementor-section-height-default\" data-id=\"2646f02\" data-element_type=\"section\" data-e-type=\"section\">\n\t\t\t\t\t\t<div class=\"elementor-container elementor-column-gap-default\">\n\t\t\t\t\t<div class=\"elementor-column elementor-col-50 elementor-top-column elementor-element elementor-element-9ef2ba8\" data-id=\"9ef2ba8\" data-element_type=\"column\" data-e-type=\"column\">\n\t\t\t<div class=\"elementor-widget-wrap elementor-element-populated\">\n\t\t\t\t\t\t<div class=\"elementor-element elementor-element-a993002 elementor-widget elementor-widget-image\" data-id=\"a993002\" data-element_type=\"widget\" data-e-type=\"widget\" data-widget_type=\"image.default\">\n\t\t\t\t<div class=\"elementor-widget-container\">\n\t\t\t\t\t\t\t\t\t\t\t\t\t\t\t<img decoding=\"async\" src=\"http:\/\/www.unavets.com\/lastablas\/wp-content\/uploads\/sites\/2\/2020\/10\/shutterstock_607531682-1.jpg\" title=\"\" alt=\"\" loading=\"lazy\" \/>\t\t\t\t\t\t\t\t\t\t\t\t\t\t\t<\/div>\n\t\t\t\t<\/div>\n\t\t\t\t\t<\/div>\n\t\t<\/div>\n\t\t\t\t<div class=\"elementor-column elementor-col-50 elementor-top-column elementor-element elementor-element-f919179\" data-id=\"f919179\" data-element_type=\"column\" data-e-type=\"column\">\n\t\t\t<div class=\"elementor-widget-wrap elementor-element-populated\">\n\t\t\t\t\t\t<div class=\"elementor-element elementor-element-5aba8c1 elementor-widget elementor-widget-text-editor\" data-id=\"5aba8c1\" data-element_type=\"widget\" data-e-type=\"widget\" data-widget_type=\"text-editor.default\">\n\t\t\t\t<div class=\"elementor-widget-container\">\n\t\t\t\t\t\t\t\t\t<p>Realizamos os seguintes testes para estabelecer um bom diagn\u00f3stico dermatol\u00f3gico:<\/p>\n<ul>\n<li>Raspagem cut\u00e2nea: um bom indicador de problemas dermatol\u00f3gicos, em especial se se suspeitar da presen\u00e7a de parasitas da pele.<\/li>\n<li>Tricograma: an\u00e1lise microsc\u00f3pica de pelos arrancados.<\/li>\n<li>Exame citol\u00f3gico.<\/li>\n<li>Culturas bacterianas e micol\u00f3gicas.<\/li>\n<li>Testes de alergias.<\/li>\n<li>Bi\u00f3psia cut\u00e2nea.<\/li>\n<li>Pain\u00e9is hematol\u00f3gicos e bioqu\u00edmicos.<\/li>\n<li>Testes de fun\u00e7\u00e3o end\u00f3crina e imune.<\/li>\n<\/ul>\n\t\t\t\t\t\t\t\t<\/div>\n\t\t\t\t<\/div>\n\t\t\t\t\t<\/div>\n\t\t<\/div>\n\t\t\t\t\t<\/div>\n\t\t<\/section>\n\t\t\t\t<\/div>\n\t\t","protected":false},"excerpt":{"rendered":"<p>A dermatologia \u00e9 uma das especialidades que apresenta o maior n\u00famero de casos em consult\u00f3rios de animais. Fornecemos cuidados dermatol\u00f3gicos abrangentes para animais de estima\u00e7\u00e3o que sofram de uma s\u00e9rie de problemas, incluindo: Dermatite al\u00e9rgica: dermatite at\u00f3pica. Intoler\u00e2ncia alimentar\/hipersensibilidade. Dermatite al\u00e9rgica \u00e0 picada das pulgas. Doen\u00e7as parasit\u00e1rias: sarna sarc\u00f3tica e sarna demod\u00e9cica, carra\u00e7as. Doen\u00e7as de &hellip; <\/p>\n","protected":false},"author":1,"featured_media":0,"parent":0,"menu_order":0,"comment_status":"closed","ping_status":"closed","template":"page-fullwidth.php","meta":{"_acf_changed":false,"content-type":"","footnotes":""},"class_list":["post-22415","page","type-page","status-publish","hentry"],"acf":[],"_links":{"self":[{"href":"https:\/\/www.unavets.com\/pt-pt\/wp-json\/wp\/v2\/pages\/22415","targetHints":{"allow":["GET"]}}],"collection":[{"href":"https:\/\/www.unavets.com\/pt-pt\/wp-json\/wp\/v2\/pages"}],"about":[{"href":"https:\/\/www.unavets.com\/pt-pt\/wp-json\/wp\/v2\/types\/page"}],"author":[{"embeddable":true,"href":"https:\/\/www.unavets.com\/pt-pt\/wp-json\/wp\/v2\/users\/1"}],"replies":[{"embeddable":true,"href":"https:\/\/www.unavets.com\/pt-pt\/wp-json\/wp\/v2\/comments?post=22415"}],"version-history":[{"count":0,"href":"https:\/\/www.unavets.com\/pt-pt\/wp-json\/wp\/v2\/pages\/22415\/revisions"}],"wp:attachment":[{"href":"https:\/\/www.unavets.com\/pt-pt\/wp-json\/wp\/v2\/media?parent=22415"}],"curies":[{"name":"wp","href":"https:\/\/api.w.org\/{rel}","templated":true}]}}