{"id":22413,"date":"2022-03-30T09:28:03","date_gmt":"2022-03-30T09:28:03","guid":{"rendered":"https:\/\/www.unavets.com\/cardiologia-2\/"},"modified":"2022-05-19T13:40:16","modified_gmt":"2022-05-19T13:40:16","slug":"cardiologia","status":"publish","type":"page","link":"https:\/\/www.unavets.com\/pt-pt\/cardiologia\/","title":{"rendered":"Cardiologia"},"content":{"rendered":"\t\t<div data-elementor-type=\"wp-page\" data-elementor-id=\"22413\" class=\"elementor elementor-22413 elementor-13676\" data-elementor-post-type=\"page\">\n\t\t\t\t\t\t<section class=\"elementor-section elementor-top-section elementor-element elementor-element-eda042b elementor-section-boxed elementor-section-height-default elementor-section-height-default\" data-id=\"eda042b\" data-element_type=\"section\" data-e-type=\"section\" id=\"main-sec\">\n\t\t\t\t\t\t<div class=\"elementor-container elementor-column-gap-default\">\n\t\t\t\t\t<div class=\"elementor-column elementor-col-100 elementor-top-column elementor-element elementor-element-5754817\" data-id=\"5754817\" data-element_type=\"column\" data-e-type=\"column\">\n\t\t\t<div class=\"elementor-widget-wrap elementor-element-populated\">\n\t\t\t\t\t\t<div class=\"elementor-element elementor-element-0649fb7 elementor-widget elementor-widget-section_titleleft\" data-id=\"0649fb7\" data-element_type=\"widget\" data-e-type=\"widget\" data-widget_type=\"section_titleleft.default\">\n\t\t\t\t<div class=\"elementor-widget-container\">\n\t\t\t\t\t        <div class=\"ab_text-title fl-wrap\">\n            A cardiologia \u00e9 o estudo das doen\u00e7as card\u00edacas e das repercuss\u00f5es que outras doen\u00e7as sist\u00e9micas podem ter sobre o cora\u00e7\u00e3o.<span class=\"section-separator fl-sec-sep\"><\/span>        <\/div>\n        \t\t\t\t<\/div>\n\t\t\t\t<\/div>\n\t\t\t\t\t<\/div>\n\t\t<\/div>\n\t\t\t\t\t<\/div>\n\t\t<\/section>\n\t\t\t\t<section class=\"elementor-section elementor-top-section elementor-element elementor-element-2a99c9f elementor-section-boxed elementor-section-height-default elementor-section-height-default\" data-id=\"2a99c9f\" data-element_type=\"section\" data-e-type=\"section\">\n\t\t\t\t\t\t<div class=\"elementor-container elementor-column-gap-default\">\n\t\t\t\t\t<div class=\"elementor-column elementor-col-50 elementor-top-column elementor-element elementor-element-5f96574\" data-id=\"5f96574\" data-element_type=\"column\" data-e-type=\"column\">\n\t\t\t<div class=\"elementor-widget-wrap elementor-element-populated\">\n\t\t\t\t\t\t<div class=\"elementor-element elementor-element-55119c4 elementor-widget elementor-widget-text-editor\" data-id=\"55119c4\" data-element_type=\"widget\" data-e-type=\"widget\" data-widget_type=\"text-editor.default\">\n\t\t\t\t<div class=\"elementor-widget-container\">\n\t\t\t\t\t\t\t\t\t<p>Oferecemos aos animais de estima\u00e7\u00e3o que padecem de problemas card\u00edacos cuidados m\u00e9dicos especializados. Os nossos cardiologistas oferecem servi\u00e7os de excel\u00eancia para o diagn\u00f3stico e o tratamento das doen\u00e7as cardiorrespirat\u00f3rias, com o compromisso de melhorar e manter a qualidade de vida do seu animal de estima\u00e7\u00e3o. Os meios de diagn\u00f3stico mais utilizados s\u00e3o t\u00e9cnicas n\u00e3o-invasivas utilizadas na avalia\u00e7\u00e3o de animais de estima\u00e7\u00e3o com doen\u00e7a cardiovascular ou suspeita de doen\u00e7a pulmonar:<\/p>\n<ul>\n<li><strong>Ecocardiografia<\/strong>, ecocardiografia Doppler &#8211; utilizam ultrassons para obter imagens do cora\u00e7\u00e3o, das suas v\u00e1lvulas e do fluxo sangu\u00edneo. Isto pode determinar a causa dos sopros card\u00edacos e avaliar a for\u00e7a e a sa\u00fade do cora\u00e7\u00e3o e das suas c\u00e2maras.<\/li>\n<li><strong>Radiografia<\/strong>: utilizada para fornecer informa\u00e7\u00e3o acerca do t\u00f3rax e de todas as suas estruturas.<\/li>\n<li><strong>Eletrocardiograma (ECG):<\/strong> avalia a disritmia, o ritmo card\u00edaco e poss\u00edveis irregularidades (arritmias) nos seus animais.<\/li>\n<li><strong>An\u00e1lises sangu\u00edneas:<\/strong> s\u00e3o usadas para examinar, por exemplo, a fun\u00e7\u00e3o renal e o estado da tiroide.&nbsp;<\/li>\n<\/ul>\n\t\t\t\t\t\t\t\t<\/div>\n\t\t\t\t<\/div>\n\t\t\t\t\t<\/div>\n\t\t<\/div>\n\t\t\t\t<div class=\"elementor-column elementor-col-50 elementor-top-column elementor-element elementor-element-3afdde6\" data-id=\"3afdde6\" data-element_type=\"column\" data-e-type=\"column\">\n\t\t\t<div class=\"elementor-widget-wrap elementor-element-populated\">\n\t\t\t\t\t\t<div class=\"elementor-element elementor-element-4511905 elementor-widget elementor-widget-image\" data-id=\"4511905\" data-element_type=\"widget\" data-e-type=\"widget\" data-widget_type=\"image.default\">\n\t\t\t\t<div class=\"elementor-widget-container\">\n\t\t\t\t\t\t\t\t\t\t\t\t\t\t\t<img decoding=\"async\" src=\"http:\/\/www.unavets.com\/lastablas\/wp-content\/uploads\/sites\/2\/2020\/10\/Depositphotos_43555933_original-1.jpg\" title=\"\" alt=\"\" loading=\"lazy\" \/>\t\t\t\t\t\t\t\t\t\t\t\t\t\t\t<\/div>\n\t\t\t\t<\/div>\n\t\t\t\t<div class=\"elementor-element elementor-element-31871b0 elementor-align-center elementor-widget elementor-widget-button\" data-id=\"31871b0\" data-element_type=\"widget\" data-e-type=\"widget\" data-widget_type=\"button.default\">\n\t\t\t\t<div class=\"elementor-widget-container\">\n\t\t\t\t\t\t\t\t\t<div class=\"elementor-button-wrapper\">\n\t\t\t\t\t<a class=\"elementor-button elementor-button-link elementor-size-md\" href=\"https:\/\/www.unavets.com\/pt-pt\/os-nossos-consultorios\/\">\n\t\t\t\t\t\t<span class=\"elementor-button-content-wrapper\">\n\t\t\t\t\t\t\t\t\t<span class=\"elementor-button-text\">Encontre um consult\u00f3rio UNAVETS perto de si<\/span>\n\t\t\t\t\t<\/span>\n\t\t\t\t\t<\/a>\n\t\t\t\t<\/div>\n\t\t\t\t\t\t\t\t<\/div>\n\t\t\t\t<\/div>\n\t\t\t\t\t<\/div>\n\t\t<\/div>\n\t\t\t\t\t<\/div>\n\t\t<\/section>\n\t\t\t\t<\/div>\n\t\t","protected":false},"excerpt":{"rendered":"<p>A cardiologia \u00e9 o estudo das doen\u00e7as card\u00edacas e das repercuss\u00f5es que outras doen\u00e7as sist\u00e9micas podem ter sobre o cora\u00e7\u00e3o. Oferecemos aos animais de estima\u00e7\u00e3o que padecem de problemas card\u00edacos cuidados m\u00e9dicos especializados. Os nossos cardiologistas oferecem servi\u00e7os de excel\u00eancia para o diagn\u00f3stico e o tratamento das doen\u00e7as cardiorrespirat\u00f3rias, com o compromisso de melhorar e &hellip; <\/p>\n","protected":false},"author":1,"featured_media":0,"parent":0,"menu_order":0,"comment_status":"closed","ping_status":"closed","template":"page-fullwidth.php","meta":{"_acf_changed":false,"content-type":"","footnotes":""},"class_list":["post-22413","page","type-page","status-publish","hentry"],"acf":[],"_links":{"self":[{"href":"https:\/\/www.unavets.com\/pt-pt\/wp-json\/wp\/v2\/pages\/22413","targetHints":{"allow":["GET"]}}],"collection":[{"href":"https:\/\/www.unavets.com\/pt-pt\/wp-json\/wp\/v2\/pages"}],"about":[{"href":"https:\/\/www.unavets.com\/pt-pt\/wp-json\/wp\/v2\/types\/page"}],"author":[{"embeddable":true,"href":"https:\/\/www.unavets.com\/pt-pt\/wp-json\/wp\/v2\/users\/1"}],"replies":[{"embeddable":true,"href":"https:\/\/www.unavets.com\/pt-pt\/wp-json\/wp\/v2\/comments?post=22413"}],"version-history":[{"count":0,"href":"https:\/\/www.unavets.com\/pt-pt\/wp-json\/wp\/v2\/pages\/22413\/revisions"}],"wp:attachment":[{"href":"https:\/\/www.unavets.com\/pt-pt\/wp-json\/wp\/v2\/media?parent=22413"}],"curies":[{"name":"wp","href":"https:\/\/api.w.org\/{rel}","templated":true}]}}