{"id":22072,"date":"2022-03-21T16:09:49","date_gmt":"2022-03-21T16:09:49","guid":{"rendered":"https:\/\/www.unavets.com\/tratamento-de-animais-exoticos\/"},"modified":"2022-05-17T15:01:53","modified_gmt":"2022-05-17T15:01:53","slug":"tratamento-de-animais-exoticos","status":"publish","type":"page","link":"https:\/\/www.unavets.com\/pt-pt\/tratamento-de-animais-exoticos\/","title":{"rendered":"Tratamento de animais ex\u00f3ticos"},"content":{"rendered":"\t\t<div data-elementor-type=\"wp-page\" data-elementor-id=\"22072\" class=\"elementor elementor-22072 elementor-13666\" data-elementor-post-type=\"page\">\n\t\t\t\t\t\t<section class=\"elementor-section elementor-top-section elementor-element elementor-element-d1ae804 elementor-section-boxed elementor-section-height-default elementor-section-height-default\" data-id=\"d1ae804\" data-element_type=\"section\" data-e-type=\"section\" id=\"main-sec\">\n\t\t\t\t\t\t<div class=\"elementor-container elementor-column-gap-default\">\n\t\t\t\t\t<div class=\"elementor-column elementor-col-100 elementor-top-column elementor-element elementor-element-a1ae7fe\" data-id=\"a1ae7fe\" data-element_type=\"column\" data-e-type=\"column\">\n\t\t\t<div class=\"elementor-widget-wrap elementor-element-populated\">\n\t\t\t\t\t\t<div class=\"elementor-element elementor-element-bcca159 elementor-widget elementor-widget-section_titleleft\" data-id=\"bcca159\" data-element_type=\"widget\" data-e-type=\"widget\" data-widget_type=\"section_titleleft.default\">\n\t\t\t\t<div class=\"elementor-widget-container\">\n\t\t\t\t\t        <div class=\"ab_text-title fl-wrap\">\n            Os animais de estima\u00e7\u00e3o v\u00eam em todas as formas, tamanhos e cores!<span class=\"section-separator fl-sec-sep\"><\/span>        <\/div>\n        \t\t\t\t<\/div>\n\t\t\t\t<\/div>\n\t\t\t\t\t<\/div>\n\t\t<\/div>\n\t\t\t\t\t<\/div>\n\t\t<\/section>\n\t\t\t\t<section class=\"elementor-section elementor-top-section elementor-element elementor-element-2578358 elementor-section-boxed elementor-section-height-default elementor-section-height-default\" data-id=\"2578358\" data-element_type=\"section\" data-e-type=\"section\">\n\t\t\t\t\t\t<div class=\"elementor-container elementor-column-gap-default\">\n\t\t\t\t\t<div class=\"elementor-column elementor-col-50 elementor-top-column elementor-element elementor-element-e7c9e13\" data-id=\"e7c9e13\" data-element_type=\"column\" data-e-type=\"column\">\n\t\t\t<div class=\"elementor-widget-wrap elementor-element-populated\">\n\t\t\t\t\t\t<div class=\"elementor-element elementor-element-eb2f045 elementor-widget elementor-widget-text-editor\" data-id=\"eb2f045\" data-element_type=\"widget\" data-e-type=\"widget\" data-widget_type=\"text-editor.default\">\n\t\t\t\t<div class=\"elementor-widget-container\">\n\t\t\t\t\t\t\t\t\t<p>Alguns dos muitos tipos de animais de estima\u00e7\u00e3o ex\u00f3ticos que tratamos incluem:<\/p>\n<ul>\n<li>Aves &#8211; A maioria das aves, exceto esp\u00e9cies maiores, como araras ou catatuas<\/li>\n<li>Mam\u00edferos\/pequenos mam\u00edferos: Coelhos, petauros-do-a\u00e7\u00facar, ratazanas, porquinhos-da-\u00edndia, hamsters, fur\u00f5es, ouri\u00e7os, entre outros<\/li>\n<li>R\u00e9pteis e anf\u00edbios: Cobras n\u00e3o-venenosas, drag\u00f5es-barbudos, camale\u00f5es, tartarugas, entre outros<\/li>\n<\/ul>\n<p>Os animais de estima\u00e7\u00e3o ex\u00f3ticos t\u00eam necessidades espec\u00edficas a n\u00edvel de habitat e dieta. Aguardamos com expectativa a possibilidade de trabalhar consigo no sentido de desenvolver um plano para manter o seu animal de estima\u00e7\u00e3o saud\u00e1vel e seguro. Tal como sucede com os c\u00e3es e os gatos, os animais de estima\u00e7\u00e3o ex\u00f3ticos beneficiam da realiza\u00e7\u00e3o de exames f\u00edsicos para a dete\u00e7\u00e3o precoce de problemas de sa\u00fade.<\/p>\n\t\t\t\t\t\t\t\t<\/div>\n\t\t\t\t<\/div>\n\t\t\t\t<div data-dce-background-color=\"#53ADA9\" class=\"elementor-element elementor-element-dc36793 elementor-align-center elementor-widget elementor-widget-button\" data-id=\"dc36793\" data-element_type=\"widget\" data-e-type=\"widget\" data-widget_type=\"button.default\">\n\t\t\t\t<div class=\"elementor-widget-container\">\n\t\t\t\t\t\t\t\t\t<div class=\"elementor-button-wrapper\">\n\t\t\t\t\t<a class=\"elementor-button elementor-button-link elementor-size-md\" href=\"https:\/\/www.unavets.com\/pt-pt\/os-nossos-consultorios\/\">\n\t\t\t\t\t\t<span class=\"elementor-button-content-wrapper\">\n\t\t\t\t\t\t\t\t\t<span class=\"elementor-button-text\">Encontre um consult\u00f3rio UNAVETS perto de si<\/span>\n\t\t\t\t\t<\/span>\n\t\t\t\t\t<\/a>\n\t\t\t\t<\/div>\n\t\t\t\t\t\t\t\t<\/div>\n\t\t\t\t<\/div>\n\t\t\t\t\t<\/div>\n\t\t<\/div>\n\t\t\t\t<div class=\"elementor-column elementor-col-50 elementor-top-column elementor-element elementor-element-a4781b5\" data-id=\"a4781b5\" data-element_type=\"column\" data-e-type=\"column\">\n\t\t\t<div class=\"elementor-widget-wrap elementor-element-populated\">\n\t\t\t\t\t\t<div class=\"elementor-element elementor-element-56d6d23 elementor-widget elementor-widget-image\" data-id=\"56d6d23\" data-element_type=\"widget\" data-e-type=\"widget\" data-widget_type=\"image.default\">\n\t\t\t\t<div class=\"elementor-widget-container\">\n\t\t\t\t\t\t\t\t\t\t\t\t\t\t\t<img fetchpriority=\"high\" decoding=\"async\" width=\"724\" height=\"448\" src=\"https:\/\/www.unavets.com\/wp-content\/uploads\/2021\/06\/shutterstock_309191834-1-1024x633.jpg\" class=\"attachment-large size-large wp-image-17857\" alt=\"\" \/>\t\t\t\t\t\t\t\t\t\t\t\t\t\t\t<\/div>\n\t\t\t\t<\/div>\n\t\t\t\t\t<\/div>\n\t\t<\/div>\n\t\t\t\t\t<\/div>\n\t\t<\/section>\n\t\t\t\t<\/div>\n\t\t","protected":false},"excerpt":{"rendered":"<p>Os animais de estima\u00e7\u00e3o v\u00eam em todas as formas, tamanhos e cores! Alguns dos muitos tipos de animais de estima\u00e7\u00e3o ex\u00f3ticos que tratamos incluem: Aves &#8211; A maioria das aves, exceto esp\u00e9cies maiores, como araras ou catatuas Mam\u00edferos\/pequenos mam\u00edferos: Coelhos, petauros-do-a\u00e7\u00facar, ratazanas, porquinhos-da-\u00edndia, hamsters, fur\u00f5es, ouri\u00e7os, entre outros R\u00e9pteis e anf\u00edbios: Cobras n\u00e3o-venenosas, drag\u00f5es-barbudos, camale\u00f5es, &hellip; <\/p>\n","protected":false},"author":1,"featured_media":0,"parent":0,"menu_order":0,"comment_status":"closed","ping_status":"closed","template":"page-fullwidth.php","meta":{"_acf_changed":false,"content-type":"","footnotes":""},"class_list":["post-22072","page","type-page","status-publish","hentry"],"acf":[],"_links":{"self":[{"href":"https:\/\/www.unavets.com\/pt-pt\/wp-json\/wp\/v2\/pages\/22072","targetHints":{"allow":["GET"]}}],"collection":[{"href":"https:\/\/www.unavets.com\/pt-pt\/wp-json\/wp\/v2\/pages"}],"about":[{"href":"https:\/\/www.unavets.com\/pt-pt\/wp-json\/wp\/v2\/types\/page"}],"author":[{"embeddable":true,"href":"https:\/\/www.unavets.com\/pt-pt\/wp-json\/wp\/v2\/users\/1"}],"replies":[{"embeddable":true,"href":"https:\/\/www.unavets.com\/pt-pt\/wp-json\/wp\/v2\/comments?post=22072"}],"version-history":[{"count":0,"href":"https:\/\/www.unavets.com\/pt-pt\/wp-json\/wp\/v2\/pages\/22072\/revisions"}],"wp:attachment":[{"href":"https:\/\/www.unavets.com\/pt-pt\/wp-json\/wp\/v2\/media?parent=22072"}],"curies":[{"name":"wp","href":"https:\/\/api.w.org\/{rel}","templated":true}]}}