{"id":22070,"date":"2022-03-21T16:09:48","date_gmt":"2022-03-21T16:09:48","guid":{"rendered":"https:\/\/www.unavets.com\/prevencao-de-parasitas\/"},"modified":"2022-07-13T12:48:59","modified_gmt":"2022-07-13T12:48:59","slug":"prevencao-de-parasitas","status":"publish","type":"page","link":"https:\/\/www.unavets.com\/pt-pt\/prevencao-de-parasitas\/","title":{"rendered":"Preven\u00e7\u00e3o de parasitas"},"content":{"rendered":"\t\t<div data-elementor-type=\"wp-page\" data-elementor-id=\"22070\" class=\"elementor elementor-22070 elementor-13663\" data-elementor-post-type=\"page\">\n\t\t\t\t\t\t<section class=\"elementor-section elementor-top-section elementor-element elementor-element-c624933 elementor-section-boxed elementor-section-height-default elementor-section-height-default\" data-id=\"c624933\" data-element_type=\"section\" data-e-type=\"section\" id=\"main-sec\">\n\t\t\t\t\t\t<div class=\"elementor-container elementor-column-gap-default\">\n\t\t\t\t\t<div class=\"elementor-column elementor-col-100 elementor-top-column elementor-element elementor-element-fdb0f79\" data-id=\"fdb0f79\" data-element_type=\"column\" data-e-type=\"column\">\n\t\t\t<div class=\"elementor-widget-wrap\">\n\t\t\t\t\t\t\t<\/div>\n\t\t<\/div>\n\t\t\t\t\t<\/div>\n\t\t<\/section>\n\t\t\t\t<section class=\"elementor-section elementor-top-section elementor-element elementor-element-23e20c4 elementor-section-boxed elementor-section-height-default elementor-section-height-default\" data-id=\"23e20c4\" data-element_type=\"section\" data-e-type=\"section\">\n\t\t\t\t\t\t<div class=\"elementor-container elementor-column-gap-wide\">\n\t\t\t\t\t<div class=\"elementor-column elementor-col-50 elementor-top-column elementor-element elementor-element-39ec02b\" data-id=\"39ec02b\" data-element_type=\"column\" data-e-type=\"column\">\n\t\t\t<div class=\"elementor-widget-wrap elementor-element-populated\">\n\t\t\t\t\t\t<div class=\"elementor-element elementor-element-42e394f elementor-widget elementor-widget-section_titleleft\" data-id=\"42e394f\" data-element_type=\"widget\" data-e-type=\"widget\" data-widget_type=\"section_titleleft.default\">\n\t\t\t\t<div class=\"elementor-widget-container\">\n\t\t\t\t\t        <div class=\"ab_text-title fl-wrap\">\n            <h3>Tratamento de Parasitas<\/h3>Os parasitas podem afetar o seu animal de estima\u00e7\u00e3o de v\u00e1rias maneiras, da simples irrita\u00e7\u00e3o a doen\u00e7as que poder\u00e3o colocar a sua vida em risco, se n\u00e3o forem tratadas.<span class=\"section-separator fl-sec-sep\"><\/span>        <\/div>\n        \t\t\t\t<\/div>\n\t\t\t\t<\/div>\n\t\t\t\t<div class=\"elementor-element elementor-element-4ccd9aa elementor-widget elementor-widget-text-editor\" data-id=\"4ccd9aa\" data-element_type=\"widget\" data-e-type=\"widget\" data-widget_type=\"text-editor.default\">\n\t\t\t\t<div class=\"elementor-widget-container\">\n\t\t\t\t\t\t\t\t\t<p>\u00c9 bastante comum que um c\u00e3o ou gato seja infetado por um parasita interno ou externo em determinado ponto da sua vida.&nbsp; &nbsp;O seu m\u00e9dico veterin\u00e1rio pode ajudar a prevenir, diagnosticar com precis\u00e3o e tratar com seguran\u00e7a os parasitas e outros problemas de sa\u00fade que, n\u00e3o s\u00f3 afetam o seu c\u00e3o ou gato, mas tamb\u00e9m amea\u00e7am a seguran\u00e7a da sua fam\u00edlia.<\/p>\n<p><strong>Parasitas que tratamos<\/strong><\/p>\n<ul>\n<li>Dirofil\u00e1rias (&#8220;verme do cora\u00e7\u00e3o&#8221;)<\/li>\n<li>Pulgas<\/li>\n<li>Carra\u00e7as<\/li>\n<li>\u00c1caros auriculares<\/li>\n<\/ul>\n\t\t\t\t\t\t\t\t<\/div>\n\t\t\t\t<\/div>\n\t\t\t\t<div class=\"elementor-element elementor-element-0c3766f elementor-widget elementor-widget-toggle\" data-id=\"0c3766f\" data-element_type=\"widget\" data-e-type=\"widget\" data-widget_type=\"toggle.default\">\n\t\t\t\t<div class=\"elementor-widget-container\">\n\t\t\t\t\t\t\t<div class=\"elementor-toggle\">\n\t\t\t\t\t\t\t<div class=\"elementor-toggle-item\">\n\t\t\t\t\t<div id=\"elementor-tab-title-1281\" class=\"elementor-tab-title\" data-tab=\"1\" role=\"button\" aria-controls=\"elementor-tab-content-1281\" aria-expanded=\"false\">\n\t\t\t\t\t\t\t\t\t\t\t\t<span class=\"elementor-toggle-icon elementor-toggle-icon-left\" aria-hidden=\"true\">\n\t\t\t\t\t\t\t\t\t\t\t\t\t\t\t<span class=\"elementor-toggle-icon-closed\"><i class=\"fas fa-chevron-down\"><\/i><\/span>\n\t\t\t\t\t\t\t\t<span class=\"elementor-toggle-icon-opened\"><i class=\"elementor-toggle-icon-opened fas fa-chevron-up\"><\/i><\/span>\n\t\t\t\t\t\t\t\t\t\t\t\t\t<\/span>\n\t\t\t\t\t\t\t\t\t\t\t\t<a class=\"elementor-toggle-title\" tabindex=\"0\">Outros parasitas que tratamos<\/a>\n\t\t\t\t\t<\/div>\n\n\t\t\t\t\t<div id=\"elementor-tab-content-1281\" class=\"elementor-tab-content elementor-clearfix\" data-tab=\"1\" role=\"region\" aria-labelledby=\"elementor-tab-title-1281\"><ul>\n<li>Cocc\u00eddias<\/li>\n<li>Giardia<\/li>\n<li>\u00c1caros da sarna<\/li>\n<li>Toxoplasmose<\/li>\n<li>Ancil\u00f3stomos<\/li>\n<li>Lombrigas<\/li>\n<li>T\u00e9nias<\/li>\n<li>Tricur\u00eddeos<\/li>\n<\/ul>\n<\/div>\n\t\t\t\t<\/div>\n\t\t\t\t\t\t\t\t<\/div>\n\t\t\t\t\t\t<\/div>\n\t\t\t\t<\/div>\n\t\t\t\t\t<\/div>\n\t\t<\/div>\n\t\t\t\t<div class=\"elementor-column elementor-col-50 elementor-top-column elementor-element elementor-element-9aa0a5b\" data-id=\"9aa0a5b\" data-element_type=\"column\" data-e-type=\"column\">\n\t\t\t<div class=\"elementor-widget-wrap elementor-element-populated\">\n\t\t\t\t\t\t<div class=\"elementor-element elementor-element-59f36b9 elementor-widget elementor-widget-image\" data-id=\"59f36b9\" data-element_type=\"widget\" data-e-type=\"widget\" data-widget_type=\"image.default\">\n\t\t\t\t<div class=\"elementor-widget-container\">\n\t\t\t\t\t\t\t\t\t\t\t\t\t\t\t<img decoding=\"async\" src=\"http:\/\/www.unavets.com\/cabrils\/wp-content\/uploads\/sites\/2\/2020\/10\/Depositphotos_32245909_original.jpg\" title=\"\" alt=\"\" loading=\"lazy\" \/>\t\t\t\t\t\t\t\t\t\t\t\t\t\t\t<\/div>\n\t\t\t\t<\/div>\n\t\t\t\t<div class=\"elementor-element elementor-element-0c9c77f elementor-align-center elementor-widget elementor-widget-button\" data-id=\"0c9c77f\" data-element_type=\"widget\" data-e-type=\"widget\" data-widget_type=\"button.default\">\n\t\t\t\t<div class=\"elementor-widget-container\">\n\t\t\t\t\t\t\t\t\t<div class=\"elementor-button-wrapper\">\n\t\t\t\t\t<a class=\"elementor-button elementor-button-link elementor-size-sm\" href=\"https:\/\/www.unavets.com\/pt-pt\/os-nossos-consultorios\/\">\n\t\t\t\t\t\t<span class=\"elementor-button-content-wrapper\">\n\t\t\t\t\t\t\t\t\t<span class=\"elementor-button-text\">Encontre um consult\u00f3rio UNAVETS perto de si<\/span>\n\t\t\t\t\t<\/span>\n\t\t\t\t\t<\/a>\n\t\t\t\t<\/div>\n\t\t\t\t\t\t\t\t<\/div>\n\t\t\t\t<\/div>\n\t\t\t\t\t<\/div>\n\t\t<\/div>\n\t\t\t\t\t<\/div>\n\t\t<\/section>\n\t\t\t\t<section class=\"elementor-section elementor-top-section elementor-element elementor-element-0490590 elementor-section-boxed elementor-section-height-default elementor-section-height-default\" data-id=\"0490590\" data-element_type=\"section\" data-e-type=\"section\">\n\t\t\t\t\t\t<div class=\"elementor-container elementor-column-gap-default\">\n\t\t\t\t\t<div class=\"elementor-column elementor-col-100 elementor-top-column elementor-element elementor-element-90d6398\" data-id=\"90d6398\" data-element_type=\"column\" data-e-type=\"column\">\n\t\t\t<div class=\"elementor-widget-wrap elementor-element-populated\">\n\t\t\t\t\t\t<div class=\"elementor-element elementor-element-e4ccbce elementor-widget elementor-widget-section_titleleft\" data-id=\"e4ccbce\" data-element_type=\"widget\" data-e-type=\"widget\" data-widget_type=\"section_titleleft.default\">\n\t\t\t\t<div class=\"elementor-widget-container\">\n\t\t\t\t\t        <div class=\"ab_text-title fl-wrap\">\n            <h3>Preven\u00e7\u00e3o durante todo o ano<\/h3><span class=\"section-separator fl-sec-sep\"><\/span>        <\/div>\n        \t\t\t\t<\/div>\n\t\t\t\t<\/div>\n\t\t\t\t\t<\/div>\n\t\t<\/div>\n\t\t\t\t\t<\/div>\n\t\t<\/section>\n\t\t\t\t<section class=\"elementor-section elementor-top-section elementor-element elementor-element-dfd8eeb elementor-section-boxed elementor-section-height-default elementor-section-height-default\" data-id=\"dfd8eeb\" data-element_type=\"section\" data-e-type=\"section\">\n\t\t\t\t\t\t<div class=\"elementor-container elementor-column-gap-wide\">\n\t\t\t\t\t<div class=\"elementor-column elementor-col-50 elementor-top-column elementor-element elementor-element-d85710c\" data-id=\"d85710c\" data-element_type=\"column\" data-e-type=\"column\">\n\t\t\t<div class=\"elementor-widget-wrap elementor-element-populated\">\n\t\t\t\t\t\t<div class=\"elementor-element elementor-element-11c38c2 elementor-widget elementor-widget-image\" data-id=\"11c38c2\" data-element_type=\"widget\" data-e-type=\"widget\" data-widget_type=\"image.default\">\n\t\t\t\t<div class=\"elementor-widget-container\">\n\t\t\t\t\t\t\t\t\t\t\t\t\t\t\t<img decoding=\"async\" src=\"http:\/\/www.unavets.com\/cabrils\/wp-content\/uploads\/sites\/2\/2020\/10\/Depositphotos_37113019_original-1.jpg\" title=\"\" alt=\"\" loading=\"lazy\" \/>\t\t\t\t\t\t\t\t\t\t\t\t\t\t\t<\/div>\n\t\t\t\t<\/div>\n\t\t\t\t<div class=\"elementor-element elementor-element-436fe97 elementor-align-center elementor-widget elementor-widget-button\" data-id=\"436fe97\" data-element_type=\"widget\" data-e-type=\"widget\" data-widget_type=\"button.default\">\n\t\t\t\t<div class=\"elementor-widget-container\">\n\t\t\t\t\t\t\t\t\t<div class=\"elementor-button-wrapper\">\n\t\t\t\t\t<a class=\"elementor-button elementor-button-link elementor-size-sm\" href=\"https:\/\/www.unavets.com\/pt-pt\/os-nossos-consultorios\/\">\n\t\t\t\t\t\t<span class=\"elementor-button-content-wrapper\">\n\t\t\t\t\t\t\t\t\t<span class=\"elementor-button-text\">Encontre um consult\u00f3rio UNAVETS perto de si<\/span>\n\t\t\t\t\t<\/span>\n\t\t\t\t\t<\/a>\n\t\t\t\t<\/div>\n\t\t\t\t\t\t\t\t<\/div>\n\t\t\t\t<\/div>\n\t\t\t\t\t<\/div>\n\t\t<\/div>\n\t\t\t\t<div class=\"elementor-column elementor-col-50 elementor-top-column elementor-element elementor-element-bb8646e\" data-id=\"bb8646e\" data-element_type=\"column\" data-e-type=\"column\">\n\t\t\t<div class=\"elementor-widget-wrap elementor-element-populated\">\n\t\t\t\t\t\t<div class=\"elementor-element elementor-element-0274e95 elementor-widget elementor-widget-text-editor\" data-id=\"0274e95\" data-element_type=\"widget\" data-e-type=\"widget\" data-widget_type=\"text-editor.default\">\n\t\t\t\t<div class=\"elementor-widget-container\">\n\t\t\t\t\t\t\t\t\t<p>O seu animal de estima\u00e7\u00e3o pode ser infetado em qualquer altura do ano. Os parasitas externos, como pulgas e carra\u00e7as, podem ser menos prevalentes ao ar livre durante certas alturas do ano. No entanto, sobrevivem, frequentemente, dentro de casa durante os meses de inverno, criando um ciclo de vida ininterrupto. Outros parasitas internos, como os vermes, podem afetar o seu animal de estima\u00e7\u00e3o durante todo o ano.<\/p>\n<ul>\n<li>Use um tratamento preventivo contra pulgas e\/ou carra\u00e7as durante todo o ano.<\/li>\n<li>D\u00ea aos seus animais de estima\u00e7\u00e3o apenas alimentos cozinhados ou preparados (nunca carne crua).<\/li>\n<li>Minimize a exposi\u00e7\u00e3o a \u00e1reas onde passem muitos animais de estima\u00e7\u00e3o.<\/li>\n<li>Limpe as fezes do animal de estima\u00e7\u00e3o regularmente.<\/li>\n<li>Consulte o m\u00e9dico veterin\u00e1rio para realiza\u00e7\u00e3o de exames f\u00edsicos e an\u00e1lises anuais.<\/li>\n<li>Administre a medica\u00e7\u00e3o de desparasita\u00e7\u00e3o da forma recomendada pelo veterin\u00e1rio.<\/li>\n<li>Informe-se junto do seu m\u00e9dico veterin\u00e1rio sobre os riscos relacionados com infe\u00e7\u00f5es parasit\u00e1rias e sobre medidas de controlo preventivo durante todo o ano, administradas mensalmente.<\/li>\n<\/ul>\n\t\t\t\t\t\t\t\t<\/div>\n\t\t\t\t<\/div>\n\t\t\t\t\t<\/div>\n\t\t<\/div>\n\t\t\t\t\t<\/div>\n\t\t<\/section>\n\t\t\t\t<section class=\"elementor-section elementor-top-section elementor-element elementor-element-b7c84f4 elementor-section-boxed elementor-section-height-default elementor-section-height-default\" data-id=\"b7c84f4\" data-element_type=\"section\" data-e-type=\"section\">\n\t\t\t\t\t\t<div class=\"elementor-container elementor-column-gap-default\">\n\t\t\t\t\t<div class=\"elementor-column elementor-col-100 elementor-top-column elementor-element elementor-element-34e1032\" data-id=\"34e1032\" data-element_type=\"column\" data-e-type=\"column\">\n\t\t\t<div class=\"elementor-widget-wrap elementor-element-populated\">\n\t\t\t\t\t\t<div class=\"elementor-element elementor-element-993aa03 elementor-widget elementor-widget-section_titleleft\" data-id=\"993aa03\" data-element_type=\"widget\" data-e-type=\"widget\" data-widget_type=\"section_titleleft.default\">\n\t\t\t\t<div class=\"elementor-widget-container\">\n\t\t\t\t\t        <div class=\"ab_text-title fl-wrap\">\n            <h3>Perguntas comuns sobre animais de estima\u00e7\u00e3o e parasitas<\/h3><span class=\"section-separator fl-sec-sep\"><\/span>        <\/div>\n        \t\t\t\t<\/div>\n\t\t\t\t<\/div>\n\t\t\t\t<div class=\"elementor-element elementor-element-e19d109 elementor-widget elementor-widget-text-editor\" data-id=\"e19d109\" data-element_type=\"widget\" data-e-type=\"widget\" data-widget_type=\"text-editor.default\">\n\t\t\t\t<div class=\"elementor-widget-container\">\n\t\t\t\t\t\t\t\t\t<p><em>As pulgas e carra\u00e7as do meu animal de estima\u00e7\u00e3o representam um risco para a sa\u00fade da minha fam\u00edlia?<\/em><\/p>\n<p>Sim. As pulgas e carra\u00e7as podem ser portadoras e transmissoras, direta ou indiretamente, de v\u00e1rias potenciais doen\u00e7as em seres humanos. Por exemplo, a riquetsiose (doen\u00e7a infeciosa causada pela riqu\u00e9tsia) pode ser diretamente transmitida por carra\u00e7as. A bartonelose (doen\u00e7a infeciosa causada pela Bartonella) \u00e9 transmitida entre gatos por pulgas e pode afetar seres humanos. Al\u00e9m disso, as pulgas servem de hospedeiros intermedi\u00e1rios das t\u00e9nias, que podem infetar tanto os animais de estima\u00e7\u00e3o como os humanos.<\/p>\n<p><em>&nbsp;<\/em><\/p>\n<p><em>Que tipos de parasitas internos ou vermes podem infetar o meu c\u00e3o ou gato?<\/em><\/p>\n<p>H\u00e1 uma s\u00e9rie de vermes intestinais que podem infetar c\u00e3es e gatos, e variam consoante as esp\u00e9cies. Em geral, contam-se entre eles lombrigas, ancil\u00f3stomos, tricur\u00eddeos e t\u00e9nias, e s\u00e3o muito prol\u00edficos. De facto, um verme pode produzir mais de 100.000 ovos por dia, que passam depois para as fezes do seu animal de estima\u00e7\u00e3o e se espalham pela \u00e1rea em que este circula.<\/p>\n<\/p>\n<p><em>As dirofil\u00e1rias s\u00e3o um parasita a temer pelo meu animal de estima\u00e7\u00e3o?<\/em><\/p>\n<\/p>\n<p>Sim. As dirofil\u00e1rias podem ser um problema muito grave tanto para c\u00e3es como para gatos, em especial os que se encontrarem em \u00e1reas infestadas de mosquitos, dado que estes s\u00e3o vetor e hospedeiro intermedi\u00e1rio da praga. Trata-se de parasitas que podem matar ou debilitar com gravidade os animais infetados. O motivo para tal prende-se com o facto de as dirofil\u00e1riasviverem na corrente sangu\u00ednea, nos pulm\u00f5es e no cora\u00e7\u00e3o dos animais de estima\u00e7\u00e3o infetados. O m\u00e9dico veterin\u00e1rio pode fazer an\u00e1lises sangu\u00edneas para determinar se o seu animal de estima\u00e7\u00e3o tem dirofilariose. A forma mais eficaz de profilaxia \u00e9 um programa preventivo durante todo o ano.<\/p>\n\t\t\t\t\t\t\t\t<\/div>\n\t\t\t\t<\/div>\n\t\t\t\t\t<\/div>\n\t\t<\/div>\n\t\t\t\t\t<\/div>\n\t\t<\/section>\n\t\t\t\t<\/div>\n\t\t","protected":false},"excerpt":{"rendered":"<p>Tratamento de Parasitas Os parasitas podem afetar o seu animal de estima\u00e7\u00e3o de v\u00e1rias maneiras, da simples irrita\u00e7\u00e3o a doen\u00e7as que poder\u00e3o colocar a sua vida em risco, se n\u00e3o forem tratadas. \u00c9 bastante comum que um c\u00e3o ou gato seja infetado por um parasita interno ou externo em determinado ponto da sua vida.&nbsp; &nbsp;O &hellip; <\/p>\n","protected":false},"author":1,"featured_media":0,"parent":0,"menu_order":0,"comment_status":"closed","ping_status":"closed","template":"page-fullwidth.php","meta":{"_acf_changed":false,"content-type":"","footnotes":""},"class_list":["post-22070","page","type-page","status-publish","hentry"],"acf":[],"_links":{"self":[{"href":"https:\/\/www.unavets.com\/pt-pt\/wp-json\/wp\/v2\/pages\/22070","targetHints":{"allow":["GET"]}}],"collection":[{"href":"https:\/\/www.unavets.com\/pt-pt\/wp-json\/wp\/v2\/pages"}],"about":[{"href":"https:\/\/www.unavets.com\/pt-pt\/wp-json\/wp\/v2\/types\/page"}],"author":[{"embeddable":true,"href":"https:\/\/www.unavets.com\/pt-pt\/wp-json\/wp\/v2\/users\/1"}],"replies":[{"embeddable":true,"href":"https:\/\/www.unavets.com\/pt-pt\/wp-json\/wp\/v2\/comments?post=22070"}],"version-history":[{"count":0,"href":"https:\/\/www.unavets.com\/pt-pt\/wp-json\/wp\/v2\/pages\/22070\/revisions"}],"wp:attachment":[{"href":"https:\/\/www.unavets.com\/pt-pt\/wp-json\/wp\/v2\/media?parent=22070"}],"curies":[{"name":"wp","href":"https:\/\/api.w.org\/{rel}","templated":true}]}}