{"id":22067,"date":"2022-03-21T16:09:47","date_gmt":"2022-03-21T16:09:47","guid":{"rendered":"https:\/\/www.unavets.com\/grooming\/"},"modified":"2022-05-17T14:56:19","modified_gmt":"2022-05-17T14:56:19","slug":"grooming","status":"publish","type":"page","link":"https:\/\/www.unavets.com\/pt-pt\/grooming\/","title":{"rendered":"Grooming"},"content":{"rendered":"\t\t<div data-elementor-type=\"wp-page\" data-elementor-id=\"22067\" class=\"elementor elementor-22067 elementor-13657\" data-elementor-post-type=\"page\">\n\t\t\t\t\t\t<section class=\"elementor-section elementor-top-section elementor-element elementor-element-ad6c992 elementor-section-boxed elementor-section-height-default elementor-section-height-default\" data-id=\"ad6c992\" data-element_type=\"section\" data-e-type=\"section\" id=\"main-sec\">\n\t\t\t\t\t\t<div class=\"elementor-container elementor-column-gap-default\">\n\t\t\t\t\t<div class=\"elementor-column elementor-col-100 elementor-top-column elementor-element elementor-element-4fca954\" data-id=\"4fca954\" data-element_type=\"column\" data-e-type=\"column\">\n\t\t\t<div class=\"elementor-widget-wrap elementor-element-populated\">\n\t\t\t\t\t\t<div class=\"elementor-element elementor-element-b35070a elementor-widget elementor-widget-section_titleleft\" data-id=\"b35070a\" data-element_type=\"widget\" data-e-type=\"widget\" data-widget_type=\"section_titleleft.default\">\n\t\t\t\t<div class=\"elementor-widget-container\">\n\t\t\t\t\t        <div class=\"ab_text-title fl-wrap\">\n            <h3>Porque \u00e9 o Grooming Importante?<\/h3><span class=\"section-separator fl-sec-sep\"><\/span>        <\/div>\n        \t\t\t\t<\/div>\n\t\t\t\t<\/div>\n\t\t\t\t<div class=\"elementor-element elementor-element-d8a6b5c elementor-align-center elementor-widget elementor-widget-button\" data-id=\"d8a6b5c\" data-element_type=\"widget\" data-e-type=\"widget\" data-widget_type=\"button.default\">\n\t\t\t\t<div class=\"elementor-widget-container\">\n\t\t\t\t\t\t\t\t\t<div class=\"elementor-button-wrapper\">\n\t\t\t\t\t<a class=\"elementor-button elementor-button-link elementor-size-sm\" href=\"https:\/\/www.unavets.com\/pt-pt\/os-nossos-consultorios\/\">\n\t\t\t\t\t\t<span class=\"elementor-button-content-wrapper\">\n\t\t\t\t\t\t\t\t\t<span class=\"elementor-button-text\">Encontre um groomer UNAVETS perto de si<\/span>\n\t\t\t\t\t<\/span>\n\t\t\t\t\t<\/a>\n\t\t\t\t<\/div>\n\t\t\t\t\t\t\t\t<\/div>\n\t\t\t\t<\/div>\n\t\t\t\t\t<\/div>\n\t\t<\/div>\n\t\t\t\t\t<\/div>\n\t\t<\/section>\n\t\t\t\t<section class=\"elementor-section elementor-top-section elementor-element elementor-element-7c34974 elementor-section-boxed elementor-section-height-default elementor-section-height-default\" data-id=\"7c34974\" data-element_type=\"section\" data-e-type=\"section\">\n\t\t\t\t\t\t<div class=\"elementor-container elementor-column-gap-default\">\n\t\t\t\t\t<div class=\"elementor-column elementor-col-50 elementor-top-column elementor-element elementor-element-906dcd0\" data-id=\"906dcd0\" data-element_type=\"column\" data-e-type=\"column\">\n\t\t\t<div class=\"elementor-widget-wrap elementor-element-populated\">\n\t\t\t\t\t\t<div class=\"elementor-element elementor-element-c80b5c4 elementor-widget elementor-widget-text-editor\" data-id=\"c80b5c4\" data-element_type=\"widget\" data-e-type=\"widget\" data-widget_type=\"text-editor.default\">\n\t\t\t\t<div class=\"elementor-widget-container\">\n\t\t\t\t\t\t\t\t\t<p>N\u00e3o \u00e9&nbsp;s\u00f3 uma quest\u00e3o visual! O grooming \u00e9 essencial para a sa\u00fade e o bem-estar do seu animal de estima\u00e7\u00e3o. Negligenciar o grooming do seu animal de estima\u00e7\u00e3o pode conduzir a pelos compridos e emaranhados, que se podem tornar muito desconfort\u00e1veis, provocar determinadas doen\u00e7as de pele e aumentar a probabilidade de o seu animal de estima\u00e7\u00e3o apanhar pulgas ou piolhos.<\/p>\n<p>Os nossos servi\u00e7os de grooming s\u00e3o pensados \u00e0 medida das necessidades do seu animal de estima\u00e7\u00e3o. Oferecemos servi\u00e7os para c\u00e3es e gatos, que ajudam a remover o pelo ca\u00eddo e a pele morta, para al\u00e9m de espalhar \u00f3leos naturais pela sua pelagem.<\/p>\n<p>Os nossos especialistas acumulam experi\u00eancia no corte e estiliza\u00e7\u00e3o de, pelo menos, 200 c\u00e3es e gatos de todas as ra\u00e7as e tamanhos. Enquanto o seu animal de estima\u00e7\u00e3o usufrui dos nossos servi\u00e7os, o nosso especialista em grooming tamb\u00e9m ir\u00e1 verificar a presen\u00e7a de quaisquer irregularidades dermatol\u00f3gicas.<\/p>\n\t\t\t\t\t\t\t\t<\/div>\n\t\t\t\t<\/div>\n\t\t\t\t\t<\/div>\n\t\t<\/div>\n\t\t\t\t<div class=\"elementor-column elementor-col-50 elementor-top-column elementor-element elementor-element-a320c3f\" data-id=\"a320c3f\" data-element_type=\"column\" data-e-type=\"column\">\n\t\t\t<div class=\"elementor-widget-wrap elementor-element-populated\">\n\t\t\t\t\t\t<div class=\"elementor-element elementor-element-68c1fc0 elementor-widget elementor-widget-image\" data-id=\"68c1fc0\" data-element_type=\"widget\" data-e-type=\"widget\" data-widget_type=\"image.default\">\n\t\t\t\t<div class=\"elementor-widget-container\">\n\t\t\t\t\t\t\t\t\t\t\t\t\t\t\t<img decoding=\"async\" src=\"http:\/\/www.unavets.com\/cabrils\/wp-content\/uploads\/sites\/2\/2020\/10\/Depositphotos_88516206_s-2015.jpg\" title=\"\" alt=\"\" loading=\"lazy\" \/>\t\t\t\t\t\t\t\t\t\t\t\t\t\t\t<\/div>\n\t\t\t\t<\/div>\n\t\t\t\t\t<\/div>\n\t\t<\/div>\n\t\t\t\t\t<\/div>\n\t\t<\/section>\n\t\t\t\t<section class=\"elementor-section elementor-top-section elementor-element elementor-element-1fa06ca elementor-section-boxed elementor-section-height-default elementor-section-height-default\" data-id=\"1fa06ca\" data-element_type=\"section\" data-e-type=\"section\">\n\t\t\t\t\t\t<div class=\"elementor-container elementor-column-gap-default\">\n\t\t\t\t\t<div class=\"elementor-column elementor-col-100 elementor-top-column elementor-element elementor-element-fda8778\" data-id=\"fda8778\" data-element_type=\"column\" data-e-type=\"column\">\n\t\t\t<div class=\"elementor-widget-wrap elementor-element-populated\">\n\t\t\t\t\t\t<div class=\"elementor-element elementor-element-b943d0b elementor-widget elementor-widget-section_titleleft\" data-id=\"b943d0b\" data-element_type=\"widget\" data-e-type=\"widget\" data-widget_type=\"section_titleleft.default\">\n\t\t\t\t<div class=\"elementor-widget-container\">\n\t\t\t\t\t        <div class=\"ab_text-title fl-wrap\">\n            <h3>Os nossos Servi\u00e7os de Grooming<\/h3><span class=\"section-separator fl-sec-sep\"><\/span>        <\/div>\n        \t\t\t\t<\/div>\n\t\t\t\t<\/div>\n\t\t\t\t\t<\/div>\n\t\t<\/div>\n\t\t\t\t\t<\/div>\n\t\t<\/section>\n\t\t\t\t<section class=\"elementor-section elementor-top-section elementor-element elementor-element-4127e7c elementor-section-boxed elementor-section-height-default elementor-section-height-default\" data-id=\"4127e7c\" data-element_type=\"section\" data-e-type=\"section\">\n\t\t\t\t\t\t<div class=\"elementor-container elementor-column-gap-default\">\n\t\t\t\t\t<div class=\"elementor-column elementor-col-50 elementor-top-column elementor-element elementor-element-fb4b934\" data-id=\"fb4b934\" data-element_type=\"column\" data-e-type=\"column\">\n\t\t\t<div class=\"elementor-widget-wrap elementor-element-populated\">\n\t\t\t\t\t\t<div class=\"elementor-element elementor-element-3ed2070 elementor-widget elementor-widget-image\" data-id=\"3ed2070\" data-element_type=\"widget\" data-e-type=\"widget\" data-widget_type=\"image.default\">\n\t\t\t\t<div class=\"elementor-widget-container\">\n\t\t\t\t\t\t\t\t\t\t\t\t\t\t\t<img decoding=\"async\" src=\"http:\/\/www.unavets.com\/cabrils\/wp-content\/uploads\/sites\/2\/2020\/10\/Depositphotos_36911593_xl-2015.jpg\" title=\"\" alt=\"\" loading=\"lazy\" \/>\t\t\t\t\t\t\t\t\t\t\t\t\t\t\t<\/div>\n\t\t\t\t<\/div>\n\t\t\t\t\t<\/div>\n\t\t<\/div>\n\t\t\t\t<div class=\"elementor-column elementor-col-50 elementor-top-column elementor-element elementor-element-32feb3e\" data-id=\"32feb3e\" data-element_type=\"column\" data-e-type=\"column\">\n\t\t\t<div class=\"elementor-widget-wrap elementor-element-populated\">\n\t\t\t\t\t\t<div class=\"elementor-element elementor-element-136ff03 elementor-widget elementor-widget-text-editor\" data-id=\"136ff03\" data-element_type=\"widget\" data-e-type=\"widget\" data-widget_type=\"text-editor.default\">\n\t\t\t\t<div class=\"elementor-widget-container\">\n\t\t\t\t\t\t\t\t\t<ul>\n<li>Banho com infus\u00e3o de oxig\u00e9nio, utilizando um champ\u00f4 especial e amigo dos animais.<\/li>\n<li>Secagem suave<\/li>\n<li>Escovagem de 15 minutos<\/li>\n<li>Corte do pelo e remo\u00e7\u00e3o de n\u00f3s leve<\/li>\n<li>Leve aparadela do focinho<\/li>\n<li>Limpeza das orelhas, remo\u00e7\u00e3o de pelos e lavagem<\/li>\n<li>Cortar as unhas e aparar os pelos das patas<\/li>\n<li>Tosquia higi\u00e9nica<\/li>\n<li>Limpeza das gl\u00e2ndulas anais<\/li>\n<li>Fita ou la\u00e7o<\/li>\n<\/ul>\n\t\t\t\t\t\t\t\t<\/div>\n\t\t\t\t<\/div>\n\t\t\t\t<div class=\"elementor-element elementor-element-df3dab1 elementor-align-center elementor-widget elementor-widget-button\" data-id=\"df3dab1\" data-element_type=\"widget\" data-e-type=\"widget\" data-widget_type=\"button.default\">\n\t\t\t\t<div class=\"elementor-widget-container\">\n\t\t\t\t\t\t\t\t\t<div class=\"elementor-button-wrapper\">\n\t\t\t\t\t<a class=\"elementor-button elementor-button-link elementor-size-sm\" href=\"https:\/\/www.unavets.com\/pt-pt\/os-nossos-consultorios\/\">\n\t\t\t\t\t\t<span class=\"elementor-button-content-wrapper\">\n\t\t\t\t\t\t\t\t\t<span class=\"elementor-button-text\">Encontre um groomer UNAVETS perto de si<\/span>\n\t\t\t\t\t<\/span>\n\t\t\t\t\t<\/a>\n\t\t\t\t<\/div>\n\t\t\t\t\t\t\t\t<\/div>\n\t\t\t\t<\/div>\n\t\t\t\t\t<\/div>\n\t\t<\/div>\n\t\t\t\t\t<\/div>\n\t\t<\/section>\n\t\t\t\t<section class=\"elementor-section elementor-top-section elementor-element elementor-element-8f26fac elementor-section-boxed elementor-section-height-default elementor-section-height-default\" data-id=\"8f26fac\" data-element_type=\"section\" data-e-type=\"section\">\n\t\t\t\t\t\t<div class=\"elementor-container elementor-column-gap-default\">\n\t\t\t\t\t<div class=\"elementor-column elementor-col-100 elementor-top-column elementor-element elementor-element-c2095f6\" data-id=\"c2095f6\" data-element_type=\"column\" data-e-type=\"column\">\n\t\t\t<div class=\"elementor-widget-wrap elementor-element-populated\">\n\t\t\t\t\t\t<div class=\"elementor-element elementor-element-3bc448e elementor-widget elementor-widget-text-editor\" data-id=\"3bc448e\" data-element_type=\"widget\" data-e-type=\"widget\" data-widget_type=\"text-editor.default\">\n\t\t\t\t<div class=\"elementor-widget-container\">\n\t\t\t\t\t\t\t\t\t<blockquote>\n<p>Sou uma dona super-protetora e fico muito ansiosa quando a minha cadela Alma &#8211; uma linda fox terrier de 2 anos &#8211; tem de ir ao grooming. Depois da minha primeira visita e com alguma prepara\u00e7\u00e3o pr\u00e9via (obrigada pelas dicas) a minha ansiedade em lev\u00e1-la ao servi\u00e7o de grooming foi resolvida. Ador\u00e1mos o vosso servi\u00e7o e<br \/>a paix\u00e3o que demonstram, e mal podemos esperar por vos voltar a ver.<\/p>\n<p><i>Maria, L. (Tres Cantos)<\/i><\/p>\n<\/p>\n<\/blockquote>\n\t\t\t\t\t\t\t\t<\/div>\n\t\t\t\t<\/div>\n\t\t\t\t\t<\/div>\n\t\t<\/div>\n\t\t\t\t\t<\/div>\n\t\t<\/section>\n\t\t\t\t<section class=\"elementor-section elementor-top-section elementor-element elementor-element-136fa46 elementor-section-boxed elementor-section-height-default elementor-section-height-default\" data-id=\"136fa46\" data-element_type=\"section\" data-e-type=\"section\">\n\t\t\t\t\t\t<div class=\"elementor-container elementor-column-gap-default\">\n\t\t\t\t\t<div class=\"elementor-column elementor-col-100 elementor-top-column elementor-element elementor-element-f34db9f\" data-id=\"f34db9f\" data-element_type=\"column\" data-e-type=\"column\">\n\t\t\t<div class=\"elementor-widget-wrap elementor-element-populated\">\n\t\t\t\t\t\t<div class=\"elementor-element elementor-element-9f30d0f elementor-widget elementor-widget-section_titleleft\" data-id=\"9f30d0f\" data-element_type=\"widget\" data-e-type=\"widget\" data-widget_type=\"section_titleleft.default\">\n\t\t\t\t<div class=\"elementor-widget-container\">\n\t\t\t\t\t        <div class=\"ab_text-title fl-wrap\">\n            <h3>Como Preparar o seu Animal de Estima\u00e7\u00e3o para o Grooming<\/h3><span class=\"section-separator fl-sec-sep\"><\/span>        <\/div>\n        \t\t\t\t<\/div>\n\t\t\t\t<\/div>\n\t\t\t\t<div class=\"elementor-element elementor-element-59e8e46 elementor-widget elementor-widget-text-editor\" data-id=\"59e8e46\" data-element_type=\"widget\" data-e-type=\"widget\" data-widget_type=\"text-editor.default\">\n\t\t\t\t<div class=\"elementor-widget-container\">\n\t\t\t\t\t\t\t\t\t<p>Primeiro recomendamos que se assegure de que o seu animal de estima\u00e7\u00e3o tem todas as vacinas necess\u00e1rias, pelo menos 48 horas antes da sua visita. Tamb\u00e9m recomendamos que fa\u00e7a uma lista de quaisquer preocupa\u00e7\u00f5es espec\u00edficas que possa ter como problemas de pele, irrita\u00e7\u00f5es cut\u00e2neas ou incha\u00e7os que possa ter detetado. Nada \u00e9 mais importante do que a sa\u00fade do seu animal de estima\u00e7\u00e3o, e \u00e9 fundamental que os donos de animais de estima\u00e7\u00e3o nos comuniquem de antem\u00e3o quaisquer problemas subjacentes ou necessidades espec\u00edficas.<\/p>\n<p>Depois, comece a habituar o seu animal de estima\u00e7\u00e3o \u00e0 experi\u00eancia do grooming fazendo algumas coisas espec\u00edficas: Em primeiro lugar, tocar nas patas do seu animal de estima\u00e7\u00e3o enquanto brincam e tocar noutras \u00e1reas com as quais n\u00e3o costuma estabelecer contacto diariamente, como o interior das orelhas ou mesmo entre os dedos. Tamb\u00e9m \u00e9 \u00fatil usar artigos dom\u00e9sticos comuns, como um secador para habituar o seu animal de estima\u00e7\u00e3o ao ru\u00eddo e \u00e0s vibra\u00e7\u00f5es de uma m\u00e1quina de tosquiar e lima de unhas. Ao faz\u00ea-lo, assegure-se de que o secador est\u00e1 regulado para velocidade e temperatura baixas e nunca aponte o secador diretamente para o focinho. Quanto mais confort\u00e1vel o seu animal de estima\u00e7\u00e3o se sentir previamente, melhor ser\u00e1 a experi\u00eancia &#8211; em especial se for a sua primeira visita.<\/p>\n<p>Tamb\u00e9m recomendamos que d\u00ea banho ao seu animal de estima\u00e7\u00e3o antes da visita e que escove o seu c\u00e3o em casa com regularidade. Isto n\u00e3o s\u00f3 o prepara para o sal\u00e3o como tamb\u00e9m lhe garante algum tempo para se dedicar a ele. Os banhos e escovagens regulares em casa tamb\u00e9m ajudam a manter o seu animal de estima\u00e7\u00e3o saud\u00e1vel e cuidado entre as visitas ao groomer.<\/p>\n<p>Para os estreantes &#8211; em especial os animais de estima\u00e7\u00e3o nervosos &#8211; sugerimos que, se poss\u00edvel, nos visitem para conhecer primeiro o groomer. Isso ajudar\u00e1 o seu animal de estima\u00e7\u00e3o a come\u00e7ar a desenvolver uma rela\u00e7\u00e3o e a habituar-se aos cheiros e aos sons.<\/p>\n<p>No dia do grooming, temos algumas sugest\u00f5es para ajudar a gerir os nervos do seu animal de estima\u00e7\u00e3o. Primeiro pode levar o seu animal de estima\u00e7\u00e3o para um passeio no parque, para o ajudar a acalmar com algum exerc\u00edcio. E mesmo antes do grooming, pode ajudar o seu animal de estima\u00e7\u00e3o a relaxar, passando alguns minutos com ele, massajando-lhe as costas, as patas, a barriga e a cauda. Estas atividades podem ajudar a gerir a ansiedade e a preparar o seu animal de estima\u00e7\u00e3o para uma melhor experi\u00eancia de grooming.<\/p>\n\t\t\t\t\t\t\t\t<\/div>\n\t\t\t\t<\/div>\n\t\t\t\t\t<\/div>\n\t\t<\/div>\n\t\t\t\t\t<\/div>\n\t\t<\/section>\n\t\t\t\t<section class=\"elementor-section elementor-top-section elementor-element elementor-element-4117693 elementor-section-boxed elementor-section-height-default elementor-section-height-default\" data-id=\"4117693\" data-element_type=\"section\" data-e-type=\"section\">\n\t\t\t\t\t\t<div class=\"elementor-container elementor-column-gap-default\">\n\t\t\t\t\t<div class=\"elementor-column elementor-col-100 elementor-top-column elementor-element elementor-element-8bb9fa9\" data-id=\"8bb9fa9\" data-element_type=\"column\" data-e-type=\"column\">\n\t\t\t<div class=\"elementor-widget-wrap elementor-element-populated\">\n\t\t\t\t\t\t<div class=\"elementor-element elementor-element-73c7af7 elementor-align-center elementor-widget elementor-widget-button\" data-id=\"73c7af7\" data-element_type=\"widget\" data-e-type=\"widget\" data-widget_type=\"button.default\">\n\t\t\t\t<div class=\"elementor-widget-container\">\n\t\t\t\t\t\t\t\t\t<div class=\"elementor-button-wrapper\">\n\t\t\t\t\t<a class=\"elementor-button elementor-button-link elementor-size-sm\" href=\"https:\/\/www.unavets.com\/pt-pt\/os-nossos-consultorios\/\">\n\t\t\t\t\t\t<span class=\"elementor-button-content-wrapper\">\n\t\t\t\t\t\t\t\t\t<span class=\"elementor-button-text\">Encontre um groomer UNAVETS perto de si<\/span>\n\t\t\t\t\t<\/span>\n\t\t\t\t\t<\/a>\n\t\t\t\t<\/div>\n\t\t\t\t\t\t\t\t<\/div>\n\t\t\t\t<\/div>\n\t\t\t\t\t<\/div>\n\t\t<\/div>\n\t\t\t\t\t<\/div>\n\t\t<\/section>\n\t\t\t\t<\/div>\n\t\t","protected":false},"excerpt":{"rendered":"<p>Porque \u00e9 o Grooming Importante? Encontre um groomer UNAVETS perto de si N\u00e3o \u00e9&nbsp;s\u00f3 uma quest\u00e3o visual! O grooming \u00e9 essencial para a sa\u00fade e o bem-estar do seu animal de estima\u00e7\u00e3o. Negligenciar o grooming do seu animal de estima\u00e7\u00e3o pode conduzir a pelos compridos e emaranhados, que se podem tornar muito desconfort\u00e1veis, provocar determinadas &hellip; <\/p>\n","protected":false},"author":1,"featured_media":0,"parent":0,"menu_order":0,"comment_status":"closed","ping_status":"closed","template":"page-fullwidth.php","meta":{"_acf_changed":false,"content-type":"","footnotes":""},"class_list":["post-22067","page","type-page","status-publish","hentry"],"acf":[],"_links":{"self":[{"href":"https:\/\/www.unavets.com\/pt-pt\/wp-json\/wp\/v2\/pages\/22067","targetHints":{"allow":["GET"]}}],"collection":[{"href":"https:\/\/www.unavets.com\/pt-pt\/wp-json\/wp\/v2\/pages"}],"about":[{"href":"https:\/\/www.unavets.com\/pt-pt\/wp-json\/wp\/v2\/types\/page"}],"author":[{"embeddable":true,"href":"https:\/\/www.unavets.com\/pt-pt\/wp-json\/wp\/v2\/users\/1"}],"replies":[{"embeddable":true,"href":"https:\/\/www.unavets.com\/pt-pt\/wp-json\/wp\/v2\/comments?post=22067"}],"version-history":[{"count":0,"href":"https:\/\/www.unavets.com\/pt-pt\/wp-json\/wp\/v2\/pages\/22067\/revisions"}],"wp:attachment":[{"href":"https:\/\/www.unavets.com\/pt-pt\/wp-json\/wp\/v2\/media?parent=22067"}],"curies":[{"name":"wp","href":"https:\/\/api.w.org\/{rel}","templated":true}]}}