{"id":22066,"date":"2022-03-21T16:09:46","date_gmt":"2022-03-21T16:09:46","guid":{"rendered":"https:\/\/www.unavets.com\/profilaxia-dentaria\/"},"modified":"2022-05-17T14:54:39","modified_gmt":"2022-05-17T14:54:39","slug":"profilaxia-dentaria","status":"publish","type":"page","link":"https:\/\/www.unavets.com\/pt-pt\/profilaxia-dentaria\/","title":{"rendered":"Profil\u00e1xia dent\u00e1ria"},"content":{"rendered":"\t\t<div data-elementor-type=\"wp-page\" data-elementor-id=\"22066\" class=\"elementor elementor-22066 elementor-13654\" data-elementor-post-type=\"page\">\n\t\t\t\t\t\t<section class=\"elementor-section elementor-top-section elementor-element elementor-element-56c1c0c elementor-section-boxed elementor-section-height-default elementor-section-height-default\" data-id=\"56c1c0c\" data-element_type=\"section\" data-e-type=\"section\" id=\"main-sec\">\n\t\t\t\t\t\t<div class=\"elementor-container elementor-column-gap-wide\">\n\t\t\t\t\t<div class=\"elementor-column elementor-col-50 elementor-top-column elementor-element elementor-element-f90e0fc\" data-id=\"f90e0fc\" data-element_type=\"column\" data-e-type=\"column\">\n\t\t\t<div class=\"elementor-widget-wrap elementor-element-populated\">\n\t\t\t\t\t\t<div class=\"elementor-element elementor-element-bee8c22 elementor-widget elementor-widget-text-editor\" data-id=\"bee8c22\" data-element_type=\"widget\" data-e-type=\"widget\" data-widget_type=\"text-editor.default\">\n\t\t\t\t<div class=\"elementor-widget-container\">\n\t\t\t\t\t\t\t\t\t<p>A sa\u00fade oral \u00e9 uma parte muito importante da sa\u00fade geral do seu animal de estima\u00e7\u00e3o, dado que os problemas dent\u00e1rios podem causar outros problemas de sa\u00fade. Deve verificar os dentes e as gengivas do seu animal de estima\u00e7\u00e3o pelo menos uma vez por ano, na sua visita anual ao veterin\u00e1rio, a fim de procurar sinais precoces de eventuais problemas e para manter a sa\u00fade da boca do seu animal de estima\u00e7\u00e3o.<\/p>\n<p>Os nossos servi\u00e7os dent\u00e1rios abrangentes incluem:<\/p>\n<ul>\n<li>Destartariza\u00e7\u00e3o ultrass\u00f3nica (elimina o t\u00e1rtaro acumulado)<\/li>\n<li>Polimento (alisa pequenas imperfei\u00e7\u00f5es na superf\u00edcie do dente)<\/li>\n<li>Aplica\u00e7\u00e3o de fl\u00faor<\/li>\n<li>Raios-X dent\u00e1rios digitais (para avaliar melhor a sa\u00fade oral)<\/li>\n<li>Extra\u00e7\u00f5es dent\u00e1rias (se necess\u00e1rio)<\/li>\n<\/ul>\n<p>O processo tem in\u00edcio com a avalia\u00e7\u00e3o oral da boca do seu animal de estima\u00e7\u00e3o por parte do m\u00e9dico veterin\u00e1rio. Podem ser necess\u00e1rios raios-X para avaliar a sa\u00fade da mand\u00edbula e das ra\u00edzes abaixo da linha das gengivas.  As limpezas dent\u00e1rias s\u00e3o realizadas sob anestesia geral para garantir um tratamento completo.<\/p>\n\t\t\t\t\t\t\t\t<\/div>\n\t\t\t\t<\/div>\n\t\t\t\t\t<\/div>\n\t\t<\/div>\n\t\t\t\t<div class=\"elementor-column elementor-col-50 elementor-top-column elementor-element elementor-element-84c26b8\" data-id=\"84c26b8\" data-element_type=\"column\" data-e-type=\"column\">\n\t\t\t<div class=\"elementor-widget-wrap elementor-element-populated\">\n\t\t\t\t\t\t<div class=\"elementor-element elementor-element-646802b elementor-widget elementor-widget-image\" data-id=\"646802b\" data-element_type=\"widget\" data-e-type=\"widget\" data-widget_type=\"image.default\">\n\t\t\t\t<div class=\"elementor-widget-container\">\n\t\t\t\t\t\t\t\t\t\t\t\t\t\t\t<img decoding=\"async\" src=\"http:\/\/www.unavets.com\/cabrils\/wp-content\/uploads\/sites\/2\/2020\/10\/shutterstock_152002499-scaled.jpg\" title=\"\" alt=\"\" loading=\"lazy\" \/>\t\t\t\t\t\t\t\t\t\t\t\t\t\t\t<\/div>\n\t\t\t\t<\/div>\n\t\t\t\t<div class=\"elementor-element elementor-element-d6115b3 elementor-align-center elementor-widget elementor-widget-button\" data-id=\"d6115b3\" data-element_type=\"widget\" data-e-type=\"widget\" data-widget_type=\"button.default\">\n\t\t\t\t<div class=\"elementor-widget-container\">\n\t\t\t\t\t\t\t\t\t<div class=\"elementor-button-wrapper\">\n\t\t\t\t\t<a class=\"elementor-button elementor-button-link elementor-size-sm\" href=\"https:\/\/www.unavets.com\/pt-pt\/os-nossos-consultorios\/\">\n\t\t\t\t\t\t<span class=\"elementor-button-content-wrapper\">\n\t\t\t\t\t\t\t\t\t<span class=\"elementor-button-text\">Encontre um consult\u00f3rio UNAVETS perto de si<\/span>\n\t\t\t\t\t<\/span>\n\t\t\t\t\t<\/a>\n\t\t\t\t<\/div>\n\t\t\t\t\t\t\t\t<\/div>\n\t\t\t\t<\/div>\n\t\t\t\t\t<\/div>\n\t\t<\/div>\n\t\t\t\t\t<\/div>\n\t\t<\/section>\n\t\t\t\t<section class=\"elementor-section elementor-top-section elementor-element elementor-element-e3208bc elementor-section-boxed elementor-section-height-default elementor-section-height-default\" data-id=\"e3208bc\" data-element_type=\"section\" data-e-type=\"section\">\n\t\t\t\t\t\t<div class=\"elementor-container elementor-column-gap-default\">\n\t\t\t\t\t<div class=\"elementor-column elementor-col-100 elementor-top-column elementor-element elementor-element-3a6bb97\" data-id=\"3a6bb97\" data-element_type=\"column\" data-e-type=\"column\">\n\t\t\t<div class=\"elementor-widget-wrap elementor-element-populated\">\n\t\t\t\t\t\t<div class=\"elementor-element elementor-element-861214b elementor-widget elementor-widget-section_titleleft\" data-id=\"861214b\" data-element_type=\"widget\" data-e-type=\"widget\" data-widget_type=\"section_titleleft.default\">\n\t\t\t\t<div class=\"elementor-widget-container\">\n\t\t\t\t\t        <div class=\"ab_text-title fl-wrap\">\n            <h3>O que procurar<\/h3><span class=\"section-separator fl-sec-sep\"><\/span>        <\/div>\n        \t\t\t\t<\/div>\n\t\t\t\t<\/div>\n\t\t\t\t\t<\/div>\n\t\t<\/div>\n\t\t\t\t\t<\/div>\n\t\t<\/section>\n\t\t\t\t<section class=\"elementor-section elementor-top-section elementor-element elementor-element-ab4d0e8 elementor-section-boxed elementor-section-height-default elementor-section-height-default\" data-id=\"ab4d0e8\" data-element_type=\"section\" data-e-type=\"section\">\n\t\t\t\t\t\t<div class=\"elementor-container elementor-column-gap-wide\">\n\t\t\t\t\t<div class=\"elementor-column elementor-col-50 elementor-top-column elementor-element elementor-element-eaa0b45\" data-id=\"eaa0b45\" data-element_type=\"column\" data-e-type=\"column\">\n\t\t\t<div class=\"elementor-widget-wrap elementor-element-populated\">\n\t\t\t\t\t\t<div class=\"elementor-element elementor-element-9565ffa elementor-widget elementor-widget-image\" data-id=\"9565ffa\" data-element_type=\"widget\" data-e-type=\"widget\" data-widget_type=\"image.default\">\n\t\t\t\t<div class=\"elementor-widget-container\">\n\t\t\t\t\t\t\t\t\t\t\t\t\t\t\t<img decoding=\"async\" src=\"http:\/\/www.unavets.com\/cabrils\/wp-content\/uploads\/sites\/2\/2020\/10\/Depositphotos_13921798_original-1-1.jpg\" title=\"\" alt=\"\" loading=\"lazy\" \/>\t\t\t\t\t\t\t\t\t\t\t\t\t\t\t<\/div>\n\t\t\t\t<\/div>\n\t\t\t\t<div class=\"elementor-element elementor-element-b7a336f elementor-align-center elementor-widget elementor-widget-button\" data-id=\"b7a336f\" data-element_type=\"widget\" data-e-type=\"widget\" data-widget_type=\"button.default\">\n\t\t\t\t<div class=\"elementor-widget-container\">\n\t\t\t\t\t\t\t\t\t<div class=\"elementor-button-wrapper\">\n\t\t\t\t\t<a class=\"elementor-button elementor-button-link elementor-size-sm\" href=\"https:\/\/www.unavets.com\/pt-pt\/os-nossos-consultorios\/\">\n\t\t\t\t\t\t<span class=\"elementor-button-content-wrapper\">\n\t\t\t\t\t\t\t\t\t<span class=\"elementor-button-text\">Encontre um consult\u00f3rio UNAVETS perto de si<\/span>\n\t\t\t\t\t<\/span>\n\t\t\t\t\t<\/a>\n\t\t\t\t<\/div>\n\t\t\t\t\t\t\t\t<\/div>\n\t\t\t\t<\/div>\n\t\t\t\t\t<\/div>\n\t\t<\/div>\n\t\t\t\t<div class=\"elementor-column elementor-col-50 elementor-top-column elementor-element elementor-element-9e32f1c\" data-id=\"9e32f1c\" data-element_type=\"column\" data-e-type=\"column\">\n\t\t\t<div class=\"elementor-widget-wrap elementor-element-populated\">\n\t\t\t\t\t\t<div class=\"elementor-element elementor-element-198a0c2 elementor-widget elementor-widget-text-editor\" data-id=\"198a0c2\" data-element_type=\"widget\" data-e-type=\"widget\" data-widget_type=\"text-editor.default\">\n\t\t\t\t<div class=\"elementor-widget-container\">\n\t\t\t\t\t\t\t\t\t<p>Procure uma avalia\u00e7\u00e3o dos dentes do seu animal de estima\u00e7\u00e3o se verificar algum dos seguintes problemas:<\/p>\n<ul>\n<li>Dentes partidos ou soltos<\/li>\n<li>Dentes adicionais ou dentes de leite retidos<\/li>\n<li>Dentes descoloridos ou cobertos de t\u00e1rtaro<\/li>\n<li>Mau h\u00e1lito<\/li>\n<li>Mastiga\u00e7\u00e3o anormal, excessiva produ\u00e7\u00e3o de saliva ou deixar cair alimentos da boca<\/li>\n<li>Perda de apetite ou recusa de alimentos<\/li>\n<li>Dor na boca ou na regi\u00e3o adjacente<\/li>\n<li>Hemorragia na boca<\/li>\n<li>Incha\u00e7o nas \u00e1reas adjacentes<\/li>\n<li>Alguns animais de estima\u00e7\u00e3o tornam-se irrit\u00e1veis quando t\u00eam problemas dent\u00e1rios, pelo que quaisquer mudan\u00e7as de comportamento do seu animal de estima\u00e7\u00e3o justificam uma consulta no veterin\u00e1rio. Tenha sempre cuidado ao avaliar a boca do seu animal de estima\u00e7\u00e3o porque um animal em sofrimento pode morder.<\/li>\n<\/ul>\n\t\t\t\t\t\t\t\t<\/div>\n\t\t\t\t<\/div>\n\t\t\t\t\t<\/div>\n\t\t<\/div>\n\t\t\t\t\t<\/div>\n\t\t<\/section>\n\t\t\t\t<section class=\"elementor-section elementor-top-section elementor-element elementor-element-f18a6c4 elementor-section-boxed elementor-section-height-default elementor-section-height-default\" data-id=\"f18a6c4\" data-element_type=\"section\" data-e-type=\"section\">\n\t\t\t\t\t\t<div class=\"elementor-container elementor-column-gap-default\">\n\t\t\t\t\t<div class=\"elementor-column elementor-col-100 elementor-top-column elementor-element elementor-element-4fa234e\" data-id=\"4fa234e\" data-element_type=\"column\" data-e-type=\"column\">\n\t\t\t<div class=\"elementor-widget-wrap elementor-element-populated\">\n\t\t\t\t\t\t<div class=\"elementor-element elementor-element-33aae71 elementor-widget elementor-widget-section_titleleft\" data-id=\"33aae71\" data-element_type=\"widget\" data-e-type=\"widget\" data-widget_type=\"section_titleleft.default\">\n\t\t\t\t<div class=\"elementor-widget-container\">\n\t\t\t\t\t        <div class=\"ab_text-title fl-wrap\">\n            <h3>Porque \u00e9 que a medicina dent\u00e1ria requer anestesia?<\/h3><span class=\"section-separator fl-sec-sep\"><\/span>        <\/div>\n        \t\t\t\t<\/div>\n\t\t\t\t<\/div>\n\t\t\t\t<div class=\"elementor-element elementor-element-361f189 elementor-widget elementor-widget-text-editor\" data-id=\"361f189\" data-element_type=\"widget\" data-e-type=\"widget\" data-widget_type=\"text-editor.default\">\n\t\t\t\t<div class=\"elementor-widget-container\">\n\t\t\t\t\t\t\t\t\t<p>Os procedimentos realizados quando traz o seu animal de estima\u00e7\u00e3o para consulta dent\u00e1ria t\u00eam sempre como finalidade ajudar o animal e manter uma boca saud\u00e1vel. Uilizamos t\u00e9cnicas para minimizar a dor e o desconforto, e perguntar-lhe-emos como se sente, para que aceite os procedimentos.&nbsp;O seu animal de estima\u00e7\u00e3o n\u00e3o compreende os benef\u00edcios dos procedimentos dent\u00e1rios e as suas rea\u00e7\u00f5es ser\u00e3o sempre no sentido de se mover, de tentar fugir ou mesmo de morder.<\/p>\n<p>A <a href=\"https:\/\/www.avma.org\/public\/PetCare\/Pages\/Whenyourpetneedsanesthesia.aspx\" target=\"_blank\" rel=\"noopener\">anestesia<\/a> torna poss\u00edvel a realiza\u00e7\u00e3o de procedimentos dent\u00e1rios com menos stress e dor para o seu animal de estima\u00e7\u00e3o. Por outro lado, a anestesia permite uma limpeza mais completa porque o seu animal de estima\u00e7\u00e3o n\u00e3o se est\u00e1 a movimentar e a arriscar les\u00f5es provocadas pelo equipamento dent\u00e1rio. Se forem necess\u00e1rias radiografias (raios-X), o seu animal de estima\u00e7\u00e3o ter\u00e1 de estar im\u00f3vel para ser poss\u00edvel obter imagens boas, o que \u00e9 improv\u00e1vel sem seda\u00e7\u00e3o profunda ou anestesia.<\/p>\n<p>Apesar de a anestesia n\u00e3o ser um procedimento isento de riscos, nunca foi t\u00e3o seguro como agora, continuando a apresentar melhorias. Os seus riscos s\u00e3o muito reduzidos e amplamente superados pelos benef\u00edcios. A maioria dos animais de estima\u00e7\u00e3o vai para casa no mesmo dia do procedimento, apesar de alguns poderem parecer um pouco atordoados durante o resto do dia.<\/p>\n\t\t\t\t\t\t\t\t<\/div>\n\t\t\t\t<\/div>\n\t\t\t\t\t<\/div>\n\t\t<\/div>\n\t\t\t\t\t<\/div>\n\t\t<\/section>\n\t\t\t\t<section class=\"elementor-section elementor-top-section elementor-element elementor-element-4f21ff7 elementor-section-boxed elementor-section-height-default elementor-section-height-default\" data-id=\"4f21ff7\" data-element_type=\"section\" data-e-type=\"section\">\n\t\t\t\t\t\t<div class=\"elementor-container elementor-column-gap-default\">\n\t\t\t\t\t<div class=\"elementor-column elementor-col-100 elementor-top-column elementor-element elementor-element-d87642a\" data-id=\"d87642a\" data-element_type=\"column\" data-e-type=\"column\">\n\t\t\t<div class=\"elementor-widget-wrap elementor-element-populated\">\n\t\t\t\t\t\t<div class=\"elementor-element elementor-element-7b39b18 elementor-widget elementor-widget-section_titleleft\" data-id=\"7b39b18\" data-element_type=\"widget\" data-e-type=\"widget\" data-widget_type=\"section_titleleft.default\">\n\t\t\t\t<div class=\"elementor-widget-container\">\n\t\t\t\t\t        <div class=\"ab_text-title fl-wrap\">\n            <h3>Causas dos problemas dent\u00e1rios dos animais de estima\u00e7\u00e3o<\/h3><span class=\"section-separator fl-sec-sep\"><\/span>        <\/div>\n        \t\t\t\t<\/div>\n\t\t\t\t<\/div>\n\t\t\t\t<div class=\"elementor-element elementor-element-37304dd elementor-widget elementor-widget-text-editor\" data-id=\"37304dd\" data-element_type=\"widget\" data-e-type=\"widget\" data-widget_type=\"text-editor.default\">\n\t\t\t\t<div class=\"elementor-widget-container\">\n\t\t\t\t\t\t\t\t\t<p>Embora as c\u00e1ries sejam menos habituais em animais de estima\u00e7\u00e3o do que em pessoas, aqueles podem desenvolver os mesmos problemas dent\u00e1rios:<\/p>\n<ul>\n<li>Ra\u00edzes e dentes partidos<\/li>\n<li>Doen\u00e7a periodontal<\/li>\n<li>Abcessos ou dentes infetados<\/li>\n<li>Quistos ou tumores na boca<\/li>\n<li>Maloclus\u00e3o ou desalinhamento dos dentes e da mordida<\/li>\n<li>Fratura da mand\u00edbula<\/li>\n<li>Defeitos do palato (como a fenda palatina)<\/li>\n<\/ul>\n\t\t\t\t\t\t\t\t<\/div>\n\t\t\t\t<\/div>\n\t\t\t\t<div class=\"elementor-element elementor-element-b30f11f elementor-widget elementor-widget-toggle\" data-id=\"b30f11f\" data-element_type=\"widget\" data-e-type=\"widget\" data-widget_type=\"toggle.default\">\n\t\t\t\t<div class=\"elementor-widget-container\">\n\t\t\t\t\t\t\t<div class=\"elementor-toggle\">\n\t\t\t\t\t\t\t<div class=\"elementor-toggle-item\">\n\t\t\t\t\t<div id=\"elementor-tab-title-1871\" class=\"elementor-tab-title\" data-tab=\"1\" role=\"button\" aria-controls=\"elementor-tab-content-1871\" aria-expanded=\"false\">\n\t\t\t\t\t\t\t\t\t\t\t\t<span class=\"elementor-toggle-icon elementor-toggle-icon-left\" aria-hidden=\"true\">\n\t\t\t\t\t\t\t\t\t\t\t\t\t\t\t<span class=\"elementor-toggle-icon-closed\"><i class=\"fas fa-chevron-down\"><\/i><\/span>\n\t\t\t\t\t\t\t\t<span class=\"elementor-toggle-icon-opened\"><i class=\"elementor-toggle-icon-opened fas fa-chevron-up\"><\/i><\/span>\n\t\t\t\t\t\t\t\t\t\t\t\t\t<\/span>\n\t\t\t\t\t\t\t\t\t\t\t\t<a class=\"elementor-toggle-title\" tabindex=\"0\">Explore mais causas de problemas dent\u00e1rios em animais de estima\u00e7\u00e3o<\/a>\n\t\t\t\t\t<\/div>\n\n\t\t\t\t\t<div id=\"elementor-tab-content-1871\" class=\"elementor-tab-content elementor-clearfix\" data-tab=\"1\" role=\"region\" aria-labelledby=\"elementor-tab-title-1871\"><p>A doen\u00e7a periodontal constitui o problema odontol\u00f3gico mais comum em c\u00e3es e gatos. Os primeiros sinais da doen\u00e7a periodontal surgem, normalmente, aos 3 ou 4 anos de idade, piorando \u00e0 medida que o seu animal envelhece, caso n\u00e3o sejam tomadas medidas preventivas eficazes. A dete\u00e7\u00e3o precoce e o seu tratamento atempado s\u00e3o cruciais para prevenir doen\u00e7a periodontal avan\u00e7ada, os problemas e a dor que lhe est\u00e3o associados. Outros problemas de sa\u00fade associados \u00e0 doen\u00e7a periodontal incluem altera\u00e7\u00f5es a n\u00edvel renal, hep\u00e1tico e do m\u00fasculo card\u00edaco.<\/p>\n<p>Come\u00e7a com a placa dent\u00e1ria, que endurece e se transforma em t\u00e1rtaro. O t\u00e1rtaro acima da linha das gengivas v\u00ea-se e retira-se facilmente, mas a placa bacteriana e o t\u00e1rtaro abaixo da linha gengival s\u00e3o nocivos, criando condi\u00e7\u00f5es para a infe\u00e7\u00e3o e danos na mand\u00edbula, bem como nos tecidos que ligam o dente ao maxilar. A doen\u00e7a periodontal \u00e9 classificada numa escala de 0 (normal) a 4 (severa).<\/p>\n<p>O tratamento da doen\u00e7a periodontal envolve uma limpeza dent\u00e1ria profunda e, eventualmente, radiografias para determinar a gravidade da doen\u00e7a. Os nossos veterin\u00e1rios far\u00e3o recomenda\u00e7\u00f5es com base no estado geral de sa\u00fade dos dentes do seu animal de estima\u00e7\u00e3o, oferecendo-lhe op\u00e7\u00f5es a ter em considera\u00e7\u00e3o.<\/p><\/p>\n<\/div>\n\t\t\t\t<\/div>\n\t\t\t\t\t\t\t\t<\/div>\n\t\t\t\t\t\t<\/div>\n\t\t\t\t<\/div>\n\t\t\t\t\t<\/div>\n\t\t<\/div>\n\t\t\t\t\t<\/div>\n\t\t<\/section>\n\t\t\t\t<\/div>\n\t\t","protected":false},"excerpt":{"rendered":"<p>A sa\u00fade oral \u00e9 uma parte muito importante da sa\u00fade geral do seu animal de estima\u00e7\u00e3o, dado que os problemas dent\u00e1rios podem causar outros problemas de sa\u00fade. Deve verificar os dentes e as gengivas do seu animal de estima\u00e7\u00e3o pelo menos uma vez por ano, na sua visita anual ao veterin\u00e1rio, a fim de procurar &hellip; <\/p>\n","protected":false},"author":1,"featured_media":0,"parent":0,"menu_order":0,"comment_status":"closed","ping_status":"closed","template":"page-fullwidth.php","meta":{"_acf_changed":false,"content-type":"","footnotes":""},"class_list":["post-22066","page","type-page","status-publish","hentry"],"acf":[],"_links":{"self":[{"href":"https:\/\/www.unavets.com\/pt-pt\/wp-json\/wp\/v2\/pages\/22066","targetHints":{"allow":["GET"]}}],"collection":[{"href":"https:\/\/www.unavets.com\/pt-pt\/wp-json\/wp\/v2\/pages"}],"about":[{"href":"https:\/\/www.unavets.com\/pt-pt\/wp-json\/wp\/v2\/types\/page"}],"author":[{"embeddable":true,"href":"https:\/\/www.unavets.com\/pt-pt\/wp-json\/wp\/v2\/users\/1"}],"replies":[{"embeddable":true,"href":"https:\/\/www.unavets.com\/pt-pt\/wp-json\/wp\/v2\/comments?post=22066"}],"version-history":[{"count":0,"href":"https:\/\/www.unavets.com\/pt-pt\/wp-json\/wp\/v2\/pages\/22066\/revisions"}],"wp:attachment":[{"href":"https:\/\/www.unavets.com\/pt-pt\/wp-json\/wp\/v2\/media?parent=22066"}],"curies":[{"name":"wp","href":"https:\/\/api.w.org\/{rel}","templated":true}]}}