{"id":22064,"date":"2022-03-21T16:09:46","date_gmt":"2022-03-21T16:09:46","guid":{"rendered":"https:\/\/www.unavets.com\/medicina-preventiva\/"},"modified":"2022-05-17T14:50:42","modified_gmt":"2022-05-17T14:50:42","slug":"medicina-preventiva","status":"publish","type":"page","link":"https:\/\/www.unavets.com\/pt-pt\/medicina-preventiva\/","title":{"rendered":"Medicina Preventiva"},"content":{"rendered":"\t\t<div data-elementor-type=\"wp-page\" data-elementor-id=\"22064\" class=\"elementor elementor-22064 elementor-13648\" data-elementor-post-type=\"page\">\n\t\t\t\t\t\t<section class=\"elementor-section elementor-top-section elementor-element elementor-element-3db8bda elementor-section-boxed elementor-section-height-default elementor-section-height-default\" data-id=\"3db8bda\" data-element_type=\"section\" data-e-type=\"section\" id=\"main-sec\">\n\t\t\t\t\t\t<div class=\"elementor-container elementor-column-gap-default\">\n\t\t\t\t\t<div class=\"elementor-column elementor-col-100 elementor-top-column elementor-element elementor-element-70b3759\" data-id=\"70b3759\" data-element_type=\"column\" data-e-type=\"column\">\n\t\t\t<div class=\"elementor-widget-wrap elementor-element-populated\">\n\t\t\t\t\t\t<div class=\"elementor-element elementor-element-6cd3ec4 elementor-widget elementor-widget-section_titleleft\" data-id=\"6cd3ec4\" data-element_type=\"widget\" data-e-type=\"widget\" data-widget_type=\"section_titleleft.default\">\n\t\t\t\t<div class=\"elementor-widget-container\">\n\t\t\t\t\t        <div class=\"ab_text-title fl-wrap\">\n            <h3>Servi\u00e7os de Cuidados Preventivos Oferecidos<\/h3>Ao fazer da sa\u00fade a longo prazo dos nossos animais de estima\u00e7\u00e3o uma prioridade permanente, podemos evitar muitos problemas m\u00e9dicos e aumentar o bem-estar e longevidade dos membros peludos da nossa fam\u00edlia.<span class=\"section-separator fl-sec-sep\"><\/span>        <\/div>\n        \t\t\t\t<\/div>\n\t\t\t\t<\/div>\n\t\t\t\t<div class=\"elementor-element elementor-element-b418e00 elementor-align-center elementor-widget elementor-widget-button\" data-id=\"b418e00\" data-element_type=\"widget\" data-e-type=\"widget\" data-widget_type=\"button.default\">\n\t\t\t\t<div class=\"elementor-widget-container\">\n\t\t\t\t\t\t\t\t\t<div class=\"elementor-button-wrapper\">\n\t\t\t\t\t<a class=\"elementor-button elementor-button-link elementor-size-sm\" href=\"https:\/\/www.unavets.com\/pt-pt\/os-nossos-consultorios\/\">\n\t\t\t\t\t\t<span class=\"elementor-button-content-wrapper\">\n\t\t\t\t\t\t\t\t\t<span class=\"elementor-button-text\">Encontre um consult\u00f3rio UNAVETS perto de si<\/span>\n\t\t\t\t\t<\/span>\n\t\t\t\t\t<\/a>\n\t\t\t\t<\/div>\n\t\t\t\t\t\t\t\t<\/div>\n\t\t\t\t<\/div>\n\t\t\t\t\t<\/div>\n\t\t<\/div>\n\t\t\t\t\t<\/div>\n\t\t<\/section>\n\t\t\t\t<section class=\"elementor-section elementor-top-section elementor-element elementor-element-2dd579f elementor-section-boxed elementor-section-height-default elementor-section-height-default\" data-id=\"2dd579f\" data-element_type=\"section\" data-e-type=\"section\">\n\t\t\t\t\t\t<div class=\"elementor-container elementor-column-gap-wide\">\n\t\t\t\t\t<div class=\"elementor-column elementor-col-50 elementor-top-column elementor-element elementor-element-17a35f0\" data-id=\"17a35f0\" data-element_type=\"column\" data-e-type=\"column\">\n\t\t\t<div class=\"elementor-widget-wrap elementor-element-populated\">\n\t\t\t\t\t\t<div class=\"elementor-element elementor-element-d8acb1c elementor-widget elementor-widget-text-editor\" data-id=\"d8acb1c\" data-element_type=\"widget\" data-e-type=\"widget\" data-widget_type=\"text-editor.default\">\n\t\t\t\t<div class=\"elementor-widget-container\">\n\t\t\t\t\t\t\t\t\t<p>Servi\u00e7os de Cuidados preventivos que os consult\u00f3rios UNAVETS oferecem:<\/p>\n<ul>\n<li><strong>Realize<\/strong><strong>\u201c<\/strong><strong>check-ups<\/strong><strong>\u201d<\/strong> N\u00e3o espere at\u00e9 os problemas se desenvolverem. Como acontece com os seres humanos, \u00e9 mais f\u00e1cil descobrir e tratar os problemas quando estes s\u00e3o detetados nas fases iniciais, e a realiza\u00e7\u00e3o de check-ups regulares garantir\u00e1 a sa\u00fade a longo prazo dos seus animais de estima\u00e7\u00e3o.<\/li>\n<li><strong>Esterilize ou castre os seus animais de estima\u00e7\u00e3o.<\/strong> Ao esterilizar ou castrar os seus animais, ir\u00e1 diminuir a probabilidade de desenvolverem tumores mam\u00e1rios e doen\u00e7a da pr\u00f3stata, ser\u00e1 menos prov\u00e1vel que deambulem e se firam ou percam, e poder\u00e1 ainda evitar gesta\u00e7\u00f5es indesej\u00e1veis. Para al\u00e9m de as gesta\u00e7\u00f5es representarem um risco potencial para o seu animal de estima\u00e7\u00e3o, esses cachorrinhos e gatinhos aumentam os j\u00e1 significativos problemas de sobrepopula\u00e7\u00e3o e representar\u00e3o um fardo financeiro para si.<\/li>\n<li><strong>Vacine os seus animais de estima\u00e7\u00e3o<\/strong> Ao vacinar os seus animais de estima\u00e7\u00e3o, diminui a probabilidade de contra\u00edrem doen\u00e7as graves e evit\u00e1veis.<\/li>\n<li><strong>Use medica\u00e7\u00e3o preventiva do verme do cora\u00e7\u00e3o.<\/strong> Este \u00e9 um problema evit\u00e1vel e que pode ser fatal se ignorado.<\/li>\n<li><strong>Use um adequado controlo de pulgas e carra\u00e7as.<\/strong> Para evitar problemas e escolher os produtos adequados, \u00e9 melhor pedir conselhos ao seu veterin\u00e1rio.<\/li>\n<li><strong>A Limpeza Dent\u00e1ria Regular<\/strong> \u00e9 recomendada para impedir problemas dos dentes e gengivas.<\/li>\n<\/ul>\n\t\t\t\t\t\t\t\t<\/div>\n\t\t\t\t<\/div>\n\t\t\t\t\t<\/div>\n\t\t<\/div>\n\t\t\t\t<div class=\"elementor-column elementor-col-50 elementor-top-column elementor-element elementor-element-d4f28c3\" data-id=\"d4f28c3\" data-element_type=\"column\" data-e-type=\"column\">\n\t\t\t<div class=\"elementor-widget-wrap elementor-element-populated\">\n\t\t\t\t\t\t<div class=\"elementor-element elementor-element-970c5f3 elementor-widget elementor-widget-image\" data-id=\"970c5f3\" data-element_type=\"widget\" data-e-type=\"widget\" data-widget_type=\"image.default\">\n\t\t\t\t<div class=\"elementor-widget-container\">\n\t\t\t\t\t\t\t\t\t\t\t\t\t\t\t<img decoding=\"async\" src=\"http:\/\/www.unavets.com\/cabrils\/wp-content\/uploads\/sites\/2\/2020\/10\/Depositphotos_32245909_original.jpg\" title=\"\" alt=\"\" loading=\"lazy\" \/>\t\t\t\t\t\t\t\t\t\t\t\t\t\t\t<\/div>\n\t\t\t\t<\/div>\n\t\t\t\t\t<\/div>\n\t\t<\/div>\n\t\t\t\t\t<\/div>\n\t\t<\/section>\n\t\t\t\t<section class=\"elementor-section elementor-top-section elementor-element elementor-element-9750c6d elementor-section-boxed elementor-section-height-default elementor-section-height-default\" data-id=\"9750c6d\" data-element_type=\"section\" data-e-type=\"section\">\n\t\t\t\t\t\t<div class=\"elementor-container elementor-column-gap-default\">\n\t\t\t\t\t<div class=\"elementor-column elementor-col-100 elementor-top-column elementor-element elementor-element-60b6ab3\" data-id=\"60b6ab3\" data-element_type=\"column\" data-e-type=\"column\">\n\t\t\t<div class=\"elementor-widget-wrap elementor-element-populated\">\n\t\t\t\t\t\t<div class=\"elementor-element elementor-element-c1b4b66 elementor-widget elementor-widget-section_titleleft\" data-id=\"c1b4b66\" data-element_type=\"widget\" data-e-type=\"widget\" data-widget_type=\"section_titleleft.default\">\n\t\t\t\t<div class=\"elementor-widget-container\">\n\t\t\t\t\t        <div class=\"ab_text-title fl-wrap\">\n            <h3>Cuidados Preventivos em Casa<\/h3><span class=\"section-separator fl-sec-sep\"><\/span>        <\/div>\n        \t\t\t\t<\/div>\n\t\t\t\t<\/div>\n\t\t\t\t\t<\/div>\n\t\t<\/div>\n\t\t\t\t\t<\/div>\n\t\t<\/section>\n\t\t\t\t<section class=\"elementor-section elementor-top-section elementor-element elementor-element-dd942a8 elementor-section-boxed elementor-section-height-default elementor-section-height-default\" data-id=\"dd942a8\" data-element_type=\"section\" data-e-type=\"section\">\n\t\t\t\t\t\t<div class=\"elementor-container elementor-column-gap-wide\">\n\t\t\t\t\t<div class=\"elementor-column elementor-col-50 elementor-top-column elementor-element elementor-element-bb0d607\" data-id=\"bb0d607\" data-element_type=\"column\" data-e-type=\"column\">\n\t\t\t<div class=\"elementor-widget-wrap elementor-element-populated\">\n\t\t\t\t\t\t<div class=\"elementor-element elementor-element-5f60a87 elementor-widget elementor-widget-image\" data-id=\"5f60a87\" data-element_type=\"widget\" data-e-type=\"widget\" data-widget_type=\"image.default\">\n\t\t\t\t<div class=\"elementor-widget-container\">\n\t\t\t\t\t\t\t\t\t\t\t\t\t\t\t<img decoding=\"async\" src=\"http:\/\/www.unavets.com\/cabrils\/wp-content\/uploads\/sites\/2\/2020\/10\/preventative-care-at-home.jpeg\" title=\"\" alt=\"\" loading=\"lazy\" \/>\t\t\t\t\t\t\t\t\t\t\t\t\t\t\t<\/div>\n\t\t\t\t<\/div>\n\t\t\t\t\t<\/div>\n\t\t<\/div>\n\t\t\t\t<div class=\"elementor-column elementor-col-50 elementor-top-column elementor-element elementor-element-834d42c\" data-id=\"834d42c\" data-element_type=\"column\" data-e-type=\"column\">\n\t\t\t<div class=\"elementor-widget-wrap elementor-element-populated\">\n\t\t\t\t\t\t<div class=\"elementor-element elementor-element-47b8a73 elementor-widget elementor-widget-text-editor\" data-id=\"47b8a73\" data-element_type=\"widget\" data-e-type=\"widget\" data-widget_type=\"text-editor.default\">\n\t\t\t\t<div class=\"elementor-widget-container\">\n\t\t\t\t\t\t\t\t\t<ul>\n<li><strong>Ofere\u00e7a uma alimenta\u00e7\u00e3o de boa qualidade.<\/strong> Consulte-nos para determinar a alimenta\u00e7\u00e3o correta para os seus animais de estima\u00e7\u00e3o. As ra\u00e7\u00f5es para animais de estima\u00e7\u00e3o de elevada qualidade promovem uma boa sa\u00fade a longo prazo para os seus animais.<\/li>\n<li><strong>Passeie o seu c\u00e3o todos os dias e assegure-se de que faz exerc\u00edcio suficiente.<\/strong> Pergunte ao seu veterin\u00e1rio qual a quantidade de exerc\u00edcio que a ra\u00e7a do seu c\u00e3o exige, e ofere\u00e7a-lhe bastante exposi\u00e7\u00e3o ao ar fresco e \u00e0 luz solar. Passar tempo a brincar com os seus gatos tamb\u00e9m os pode ajudar a manterem-se ativos e a aumentar a sua longevidade.<\/li>\n<li><strong>Mantenha o peso adequado dos seus animais.<\/strong> Evitar a obesidade tamb\u00e9m pode ajudar a impedir afe\u00e7\u00f5es relacionadas com esta, como problemas articulares, problemas de cora\u00e7\u00e3o e diabetes, pelo que \u00e9 fundamental que os seus animais de estima\u00e7\u00e3o mantenham um peso saud\u00e1vel. Uma vez mais, consulte o seu veterin\u00e1rio sobre o peso ideal para os seus animais de estima\u00e7\u00e3o.<\/li>\n<\/ul>\n\t\t\t\t\t\t\t\t<\/div>\n\t\t\t\t<\/div>\n\t\t\t\t\t<\/div>\n\t\t<\/div>\n\t\t\t\t\t<\/div>\n\t\t<\/section>\n\t\t\t\t<section class=\"elementor-section elementor-top-section elementor-element elementor-element-0fdedfa elementor-section-boxed elementor-section-height-default elementor-section-height-default\" data-id=\"0fdedfa\" data-element_type=\"section\" data-e-type=\"section\">\n\t\t\t\t\t\t<div class=\"elementor-container elementor-column-gap-default\">\n\t\t\t\t\t<div class=\"elementor-column elementor-col-100 elementor-top-column elementor-element elementor-element-0544dd2\" data-id=\"0544dd2\" data-element_type=\"column\" data-e-type=\"column\">\n\t\t\t<div class=\"elementor-widget-wrap elementor-element-populated\">\n\t\t\t\t\t\t<div class=\"elementor-element elementor-element-0faff00 elementor-widget elementor-widget-toggle\" data-id=\"0faff00\" data-element_type=\"widget\" data-e-type=\"widget\" data-widget_type=\"toggle.default\">\n\t\t\t\t<div class=\"elementor-widget-container\">\n\t\t\t\t\t\t\t<div class=\"elementor-toggle\">\n\t\t\t\t\t\t\t<div class=\"elementor-toggle-item\">\n\t\t\t\t\t<div id=\"elementor-tab-title-1641\" class=\"elementor-tab-title\" data-tab=\"1\" role=\"button\" aria-controls=\"elementor-tab-content-1641\" aria-expanded=\"false\">\n\t\t\t\t\t\t\t\t\t\t\t\t<span class=\"elementor-toggle-icon elementor-toggle-icon-left\" aria-hidden=\"true\">\n\t\t\t\t\t\t\t\t\t\t\t\t\t\t\t<span class=\"elementor-toggle-icon-closed\"><i class=\"fas fa-chevron-down\"><\/i><\/span>\n\t\t\t\t\t\t\t\t<span class=\"elementor-toggle-icon-opened\"><i class=\"elementor-toggle-icon-opened fas fa-chevron-up\"><\/i><\/span>\n\t\t\t\t\t\t\t\t\t\t\t\t\t<\/span>\n\t\t\t\t\t\t\t\t\t\t\t\t<a class=\"elementor-toggle-title\" tabindex=\"0\">Mais cuidados preventivos em casa<\/a>\n\t\t\t\t\t<\/div>\n\n\t\t\t\t\t<div id=\"elementor-tab-content-1641\" class=\"elementor-tab-content elementor-clearfix\" data-tab=\"1\" role=\"region\" aria-labelledby=\"elementor-tab-title-1641\"><ul>\n<li><strong>Tenha sempre o seu c\u00e3o de trela nos locais p\u00fablicos.<\/strong> N\u00e3o deixe que o seu c\u00e3o vagueie solto &#8211; as hip\u00f3teses de ser atropelado ou de se perder s\u00e3o demasiado elevadas para arriscar deix\u00e1-lo \u00e0 solta. Mater os seus gatos dentro de casa tamb\u00e9m os ajuda a viver mais tempo e impede que sejam feridos ou mortos por viaturas em circula\u00e7\u00e3o.<\/li>\n<li><strong>N\u00e3o utilize pesticidas, fungicidas ou fertilizantes t\u00f3xicos em locais a que os seus animais de estima\u00e7\u00e3o tenham acesso.<\/strong><\/li>\n<li><strong>Armazene todos os produtos dom\u00e9sticos potencialmente t\u00f3xicos, incluindo detergentes, etc., fora do alcance dos seus animais de estima\u00e7\u00e3o.<\/strong><\/li>\n<li><strong>Escove os dentes do seu c\u00e3o ou gato<\/strong><strong><\/strong><strong>de forma regular com uma pasta dent\u00edfrica formulada para c\u00e3es ou gatos ou com bicarbonato de s\u00f3dio<\/strong> &#8211; nunca com uma pasta de dentes concebida para utiliza\u00e7\u00e3o humana. Esta rotina pode evitar problemas dent\u00e1rios dispendiosos e graves mais tarde.<\/li>\n<li><strong>Socialize e treine os seus cachorrinhos desde cedo.<\/strong> Isto ajudar\u00e1 a evitar confrontos com outros c\u00e3es mais tarde e tamb\u00e9m ajudar\u00e1 a evitar problemas comportamentais que poder\u00e3o ser de dif\u00edcil resolu\u00e7\u00e3o em c\u00e3es adultos.<\/li>\n<li><strong>Passe tempo com os seus animais de estima\u00e7\u00e3o todos os dias.<\/strong> Passar tempo de qualidade com eles poder\u00e1 ajudar ao seu bem-estar emocional e, como tal, real\u00e7ar a sua pr\u00f3pria sa\u00fade geral.<\/li>\n<li><strong>Nunca deixe os seus animais de estima\u00e7\u00e3o no carro num dia quente.&nbsp;<\/strong>No carro as temperaturas, mesmo com as janelas abertas, podem alcan\u00e7ar n\u00edveis fatais em poucos minutos. Basta a temperatura exterior estar acima dos 20 graus para j\u00e1 n\u00e3o ser seguro deixar animais num carro.<\/li>\n<li><strong>Quando viajar com os seus animais de estima\u00e7\u00e3o, mantenha os c\u00e3es numa transportadora ou restringidos com um cinto de seguran\u00e7a especial para c\u00e3es (n\u00e3o com um cinto de seguran\u00e7a humano) e mantenha os gatos tamb\u00e9m numa transportadora.<\/strong> Isso impedir\u00e1 que os seus animais se firam num acidente, e n\u00e3o se esque\u00e7a que, mesmo a baixas velocidades, os passageiros sem cinto de seguran\u00e7a num carro (sejam humanos, c\u00e3es ou gatos) podem ficar gravemente feridos.<\/li>\n<li><strong>Considere a possibilidade de aderir a um programa de seguros para animais de estima\u00e7\u00e3o.<\/strong> Existem v\u00e1rios programas de seguros para animais de estima\u00e7\u00e3o que cobrem as necessidades do seu animal de estima\u00e7\u00e3o em caso de acidente ou doen\u00e7a. No entanto, estes problemas n\u00e3o cobrem os cuidados no momento do tratamento, pelo que dever\u00e1 estar pronto para pagar os cuidados m\u00e9dicos quando o seu animal estiver a ser tratado. Al\u00e9m disso, estes planos t\u00eam restri\u00e7\u00f5es sobre os procedimentos cobertos pelas ap\u00f3lices, por isso leia as limita\u00e7\u00f5es da ap\u00f3lice com aten\u00e7\u00e3o. Estas ap\u00f3lices n\u00e3o substituem a exist\u00eancia de uma conta poupan\u00e7a dispon\u00edvel para cobrir os cuidados m\u00e9dicos necess\u00e1rios.<\/li>\n<\/ul>\n<\/div>\n\t\t\t\t<\/div>\n\t\t\t\t\t\t\t\t<\/div>\n\t\t\t\t\t\t<\/div>\n\t\t\t\t<\/div>\n\t\t\t\t\t<\/div>\n\t\t<\/div>\n\t\t\t\t\t<\/div>\n\t\t<\/section>\n\t\t\t\t<section class=\"elementor-section elementor-top-section elementor-element elementor-element-65b9c4a elementor-section-boxed elementor-section-height-default elementor-section-height-default\" data-id=\"65b9c4a\" data-element_type=\"section\" data-e-type=\"section\">\n\t\t\t\t\t\t<div class=\"elementor-container elementor-column-gap-default\">\n\t\t\t\t\t<div class=\"elementor-column elementor-col-100 elementor-top-column elementor-element elementor-element-906859e\" data-id=\"906859e\" data-element_type=\"column\" data-e-type=\"column\">\n\t\t\t<div class=\"elementor-widget-wrap elementor-element-populated\">\n\t\t\t\t\t\t<div class=\"elementor-element elementor-element-682607e elementor-align-center elementor-widget elementor-widget-button\" data-id=\"682607e\" data-element_type=\"widget\" data-e-type=\"widget\" data-widget_type=\"button.default\">\n\t\t\t\t<div class=\"elementor-widget-container\">\n\t\t\t\t\t\t\t\t\t<div class=\"elementor-button-wrapper\">\n\t\t\t\t\t<a class=\"elementor-button elementor-button-link elementor-size-sm\" href=\"https:\/\/www.unavets.com\/pt-pt\/os-nossos-consultorios\/\">\n\t\t\t\t\t\t<span class=\"elementor-button-content-wrapper\">\n\t\t\t\t\t\t\t\t\t<span class=\"elementor-button-text\">Encontre um consult\u00f3rio UNAVETS perto de si<\/span>\n\t\t\t\t\t<\/span>\n\t\t\t\t\t<\/a>\n\t\t\t\t<\/div>\n\t\t\t\t\t\t\t\t<\/div>\n\t\t\t\t<\/div>\n\t\t\t\t\t<\/div>\n\t\t<\/div>\n\t\t\t\t\t<\/div>\n\t\t<\/section>\n\t\t\t\t<\/div>\n\t\t","protected":false},"excerpt":{"rendered":"<p>Servi\u00e7os de Cuidados Preventivos Oferecidos Ao fazer da sa\u00fade a longo prazo dos nossos animais de estima\u00e7\u00e3o uma prioridade permanente, podemos evitar muitos problemas m\u00e9dicos e aumentar o bem-estar e longevidade dos membros peludos da nossa fam\u00edlia. Encontre um consult\u00f3rio UNAVETS perto de si Servi\u00e7os de Cuidados preventivos que os consult\u00f3rios UNAVETS oferecem: Realize\u201ccheck-ups\u201d N\u00e3o &hellip; <\/p>\n","protected":false},"author":1,"featured_media":0,"parent":0,"menu_order":0,"comment_status":"closed","ping_status":"closed","template":"page-fullwidth.php","meta":{"_acf_changed":false,"content-type":"","footnotes":""},"class_list":["post-22064","page","type-page","status-publish","hentry"],"acf":[],"_links":{"self":[{"href":"https:\/\/www.unavets.com\/pt-pt\/wp-json\/wp\/v2\/pages\/22064","targetHints":{"allow":["GET"]}}],"collection":[{"href":"https:\/\/www.unavets.com\/pt-pt\/wp-json\/wp\/v2\/pages"}],"about":[{"href":"https:\/\/www.unavets.com\/pt-pt\/wp-json\/wp\/v2\/types\/page"}],"author":[{"embeddable":true,"href":"https:\/\/www.unavets.com\/pt-pt\/wp-json\/wp\/v2\/users\/1"}],"replies":[{"embeddable":true,"href":"https:\/\/www.unavets.com\/pt-pt\/wp-json\/wp\/v2\/comments?post=22064"}],"version-history":[{"count":0,"href":"https:\/\/www.unavets.com\/pt-pt\/wp-json\/wp\/v2\/pages\/22064\/revisions"}],"wp:attachment":[{"href":"https:\/\/www.unavets.com\/pt-pt\/wp-json\/wp\/v2\/media?parent=22064"}],"curies":[{"name":"wp","href":"https:\/\/api.w.org\/{rel}","templated":true}]}}