{"id":22057,"date":"2022-03-21T16:09:45","date_gmt":"2022-03-21T16:09:45","guid":{"rendered":"https:\/\/www.unavets.com\/cirurgia\/"},"modified":"2022-05-17T14:52:30","modified_gmt":"2022-05-17T14:52:30","slug":"cirurgia","status":"publish","type":"page","link":"https:\/\/www.unavets.com\/pt-pt\/cirurgia\/","title":{"rendered":"Cirurgia"},"content":{"rendered":"\t\t<div data-elementor-type=\"wp-page\" data-elementor-id=\"22057\" class=\"elementor elementor-22057 elementor-15933\" data-elementor-post-type=\"page\">\n\t\t\t\t\t\t<section class=\"elementor-section elementor-top-section elementor-element elementor-element-ac00ebd elementor-section-boxed elementor-section-height-default elementor-section-height-default\" data-id=\"ac00ebd\" data-element_type=\"section\" data-e-type=\"section\" id=\"main-sec\">\n\t\t\t\t\t\t<div class=\"elementor-container elementor-column-gap-default\">\n\t\t\t\t\t<div class=\"elementor-column elementor-col-100 elementor-top-column elementor-element elementor-element-9ee8d34\" data-id=\"9ee8d34\" data-element_type=\"column\" data-e-type=\"column\">\n\t\t\t<div class=\"elementor-widget-wrap elementor-element-populated\">\n\t\t\t\t\t\t<div class=\"elementor-element elementor-element-a43f6b2 elementor-widget elementor-widget-section_titleleft\" data-id=\"a43f6b2\" data-element_type=\"widget\" data-e-type=\"widget\" data-widget_type=\"section_titleleft.default\">\n\t\t\t\t<div class=\"elementor-widget-container\">\n\t\t\t\t\t        <div class=\"ab_text-title fl-wrap\">\n            <h3>Servi\u00e7o de cirurgia e salas de opera\u00e7\u00f5es <\/h3>Estamos equipados com salas pr\u00e9-operat\u00f3rias e cir\u00fargicas com equipamento anest\u00e9sico, monitoriza\u00e7\u00e3o, material avan\u00e7ado e pessoal qualificado para supervisionar com seguran\u00e7a todos os nossos doentes.<span class=\"section-separator fl-sec-sep\"><\/span>        <\/div>\n        \t\t\t\t<\/div>\n\t\t\t\t<\/div>\n\t\t\t\t\t<\/div>\n\t\t<\/div>\n\t\t\t\t\t<\/div>\n\t\t<\/section>\n\t\t\t\t<section class=\"elementor-section elementor-top-section elementor-element elementor-element-e119a8d elementor-section-boxed elementor-section-height-default elementor-section-height-default\" data-id=\"e119a8d\" data-element_type=\"section\" data-e-type=\"section\">\n\t\t\t\t\t\t<div class=\"elementor-container elementor-column-gap-wide\">\n\t\t\t\t\t<div class=\"elementor-column elementor-col-50 elementor-top-column elementor-element elementor-element-16802e0\" data-id=\"16802e0\" data-element_type=\"column\" data-e-type=\"column\">\n\t\t\t<div class=\"elementor-widget-wrap elementor-element-populated\">\n\t\t\t\t\t\t<div class=\"elementor-element elementor-element-df8c585 elementor-widget elementor-widget-text-editor\" data-id=\"df8c585\" data-element_type=\"widget\" data-e-type=\"widget\" data-widget_type=\"text-editor.default\">\n\t\t\t\t<div class=\"elementor-widget-container\">\n\t\t\t\t\t\t\t\t\t<p><span data-sheets-value=\"{\" data-sheets-userformat=\"{\">Para garantir a sa\u00fade e o bem-estar do seu animal de estima\u00e7\u00e3o, realizamos no nosso consult\u00f3rio cirurgias de rotina, bem como outras mais complexas. Alguns procedimentos de cirurgia geral e outros mais avan\u00e7ados incluem cirurgia do ouvido, cirurgia da pele, cirurgia traumatol\u00f3gica, cirurgia oral e a maioria das cirurgias dos tecidos moles. Estamos orgulhosos dos nossos profissionais, experientes e amantes dos animais, que est\u00e3o \u00e0 sua disposi\u00e7\u00e3o para o ajudar e aos seus animais de estima\u00e7\u00e3o. <br \/><\/span><\/p>\n<p><span data-sheets-value=\"{\" data-sheets-userformat=\"{\"><strong>Servi\u00e7os de cirurgia<\/strong><\/span><\/p>\n<ul>\n<li><span data-sheets-value=\"{\" data-sheets-userformat=\"{\">Consulta de cirurgia<\/span><\/li>\n<li><span data-sheets-value=\"{\" data-sheets-userformat=\"{\">Traumatologia e Ortopedia<\/span><\/li>\n<li><span data-sheets-value=\"{\" data-sheets-userformat=\"{\">Repara\u00e7\u00e3o de fraturas e cirurgia de reconstru\u00e7\u00e3o de feridas traum\u00e1ticas complexas<br \/><\/span><\/li>\n<li><span data-sheets-value=\"{\" data-sheets-userformat=\"{\">Cirurgia de rotina dos tecidos moles &#8211; esteriliza\u00e7\u00e3o, extra\u00e7\u00e3o de corpos estranhos abdominais, cirurgias urin\u00e1rias<br \/><\/span><\/li>\n<li><span data-sheets-value=\"{\" data-sheets-userformat=\"{\">Cirurgia oncol\u00f3gica. Inclui a pele e procedimentos reconstrutivos<br \/><\/span><\/li>\n<li><span data-sheets-value=\"{\" data-sheets-userformat=\"{\">Procedimentos laparosc\u00f3picos de rotina (invas\u00e3o m\u00ednima) como biopsias do f\u00edgado, ovario-histerectomia, etc.<br \/><\/span><\/li>\n<li><span data-sheets-value=\"{\" data-sheets-userformat=\"{\">Procedimentos laparosc\u00f3picos avan\u00e7ados<br \/><\/span><\/li>\n<li><span data-sheets-value=\"{\" data-sheets-userformat=\"{\">Procedimentos de toracoscopia \/ Procedimentos intervencionistas &#8211; cateter endotraqueal, cateteres de stent uretrais e ureterais<br \/><\/span><\/li>\n<li><span data-sheets-value=\"{\" data-sheets-userformat=\"{\">Substitui\u00e7\u00e3o da anca<\/span><\/li>\n<\/ul>\n\t\t\t\t\t\t\t\t<\/div>\n\t\t\t\t<\/div>\n\t\t\t\t\t<\/div>\n\t\t<\/div>\n\t\t\t\t<div class=\"elementor-column elementor-col-50 elementor-top-column elementor-element elementor-element-6b07854\" data-id=\"6b07854\" data-element_type=\"column\" data-e-type=\"column\">\n\t\t\t<div class=\"elementor-widget-wrap elementor-element-populated\">\n\t\t\t\t\t\t<div class=\"elementor-element elementor-element-52a597c elementor-widget elementor-widget-image\" data-id=\"52a597c\" data-element_type=\"widget\" data-e-type=\"widget\" data-widget_type=\"image.default\">\n\t\t\t\t<div class=\"elementor-widget-container\">\n\t\t\t\t\t\t\t\t\t\t\t\t\t\t\t<img fetchpriority=\"high\" decoding=\"async\" width=\"724\" height=\"482\" src=\"https:\/\/www.unavets.com\/wp-content\/uploads\/2021\/06\/CAT-SURGERY-2.jpg\" class=\"attachment-large size-large wp-image-17123\" alt=\"\" \/>\t\t\t\t\t\t\t\t\t\t\t\t\t\t\t<\/div>\n\t\t\t\t<\/div>\n\t\t\t\t<div class=\"elementor-element elementor-element-94d055e elementor-align-center elementor-widget elementor-widget-button\" data-id=\"94d055e\" data-element_type=\"widget\" data-e-type=\"widget\" data-widget_type=\"button.default\">\n\t\t\t\t<div class=\"elementor-widget-container\">\n\t\t\t\t\t\t\t\t\t<div class=\"elementor-button-wrapper\">\n\t\t\t\t\t<a class=\"elementor-button elementor-button-link elementor-size-sm\" href=\"https:\/\/www.unavets.com\/pt-pt\/os-nossos-consultorios\/\">\n\t\t\t\t\t\t<span class=\"elementor-button-content-wrapper\">\n\t\t\t\t\t\t\t\t\t<span class=\"elementor-button-text\">Encontre o consult\u00f3rio UNAVETS mais pr\u00f3ximo<\/span>\n\t\t\t\t\t<\/span>\n\t\t\t\t\t<\/a>\n\t\t\t\t<\/div>\n\t\t\t\t\t\t\t\t<\/div>\n\t\t\t\t<\/div>\n\t\t\t\t\t<\/div>\n\t\t<\/div>\n\t\t\t\t\t<\/div>\n\t\t<\/section>\n\t\t\t\t<section class=\"elementor-section elementor-top-section elementor-element elementor-element-d2b7079 elementor-section-boxed elementor-section-height-default elementor-section-height-default\" data-id=\"d2b7079\" data-element_type=\"section\" data-e-type=\"section\">\n\t\t\t\t\t\t<div class=\"elementor-container elementor-column-gap-default\">\n\t\t\t\t\t<div class=\"elementor-column elementor-col-100 elementor-top-column elementor-element elementor-element-62a7dbf\" data-id=\"62a7dbf\" data-element_type=\"column\" data-e-type=\"column\">\n\t\t\t<div class=\"elementor-widget-wrap elementor-element-populated\">\n\t\t\t\t\t\t<div class=\"elementor-element elementor-element-25296f2 elementor-widget elementor-widget-section_titleleft\" data-id=\"25296f2\" data-element_type=\"widget\" data-e-type=\"widget\" data-widget_type=\"section_titleleft.default\">\n\t\t\t\t<div class=\"elementor-widget-container\">\n\t\t\t\t\t        <div class=\"ab_text-title fl-wrap\">\n            <h3>Quando considerar a cirurgia?<\/h3><span class=\"section-separator fl-sec-sep\"><\/span>        <\/div>\n        \t\t\t\t<\/div>\n\t\t\t\t<\/div>\n\t\t\t\t\t<\/div>\n\t\t<\/div>\n\t\t\t\t\t<\/div>\n\t\t<\/section>\n\t\t\t\t<section class=\"elementor-section elementor-top-section elementor-element elementor-element-5273c73 elementor-section-boxed elementor-section-height-default elementor-section-height-default\" data-id=\"5273c73\" data-element_type=\"section\" data-e-type=\"section\">\n\t\t\t\t\t\t<div class=\"elementor-container elementor-column-gap-wide\">\n\t\t\t\t\t<div class=\"elementor-column elementor-col-50 elementor-top-column elementor-element elementor-element-c34a04f\" data-id=\"c34a04f\" data-element_type=\"column\" data-e-type=\"column\">\n\t\t\t<div class=\"elementor-widget-wrap elementor-element-populated\">\n\t\t\t\t\t\t<div class=\"elementor-element elementor-element-5fa0839 elementor-widget elementor-widget-image\" data-id=\"5fa0839\" data-element_type=\"widget\" data-e-type=\"widget\" data-widget_type=\"image.default\">\n\t\t\t\t<div class=\"elementor-widget-container\">\n\t\t\t\t\t\t\t\t\t\t\t\t\t\t\t<img decoding=\"async\" width=\"560\" height=\"373\" src=\"https:\/\/www.unavets.com\/wp-content\/uploads\/2021\/09\/Captura.png\" class=\"attachment-townhub-featured-image size-townhub-featured-image wp-image-19624\" alt=\"\" \/>\t\t\t\t\t\t\t\t\t\t\t\t\t\t\t<\/div>\n\t\t\t\t<\/div>\n\t\t\t\t\t<\/div>\n\t\t<\/div>\n\t\t\t\t<div class=\"elementor-column elementor-col-50 elementor-top-column elementor-element elementor-element-3bda614\" data-id=\"3bda614\" data-element_type=\"column\" data-e-type=\"column\">\n\t\t\t<div class=\"elementor-widget-wrap elementor-element-populated\">\n\t\t\t\t\t\t<div class=\"elementor-element elementor-element-4066844 elementor-widget elementor-widget-text-editor\" data-id=\"4066844\" data-element_type=\"widget\" data-e-type=\"widget\" data-widget_type=\"text-editor.default\">\n\t\t\t\t<div class=\"elementor-widget-container\">\n\t\t\t\t\t\t\t\t\t<ul>\n<li><span data-sheets-value=\"{\" data-sheets-userformat=\"{\">Por les\u00f5es traumatol\u00f3gicas<br \/><\/span><\/li>\n<li><span data-sheets-value=\"{\" data-sheets-userformat=\"{\">Diagn\u00f3stico e tratamento cir\u00fargico da claudica\u00e7\u00e3o<br \/><\/span><\/li>\n<li><span data-sheets-value=\"{\" data-sheets-userformat=\"{\">Diagn\u00f3stico e tratamento das doen\u00e7as de desenvolvimento: displasia da anca e do cotovelo<\/span><\/li>\n<li>Presen\u00e7a de tumores<\/li>\n<li><span data-sheets-value=\"{\" data-sheets-userformat=\"{\">Abd\u00f3men agudo<br \/><\/span><\/li>\n<li><span data-sheets-value=\"{\" data-sheets-userformat=\"{\">Doen\u00e7a do trato urin\u00e1rio<br \/><\/span><\/li>\n<li><span data-sheets-value=\"{\" data-sheets-userformat=\"{\">Doen\u00e7a intrator\u00e1cica<\/span><\/li>\n<li><span data-sheets-value=\"{\" data-sheets-userformat=\"{\">Doen\u00e7a das vias respirat\u00f3rias<br \/><\/span><\/li>\n<li><span data-sheets-value=\"{\" data-sheets-userformat=\"{\">Tratamento de ferimentos complexos<br \/><\/span><\/li>\n<li><span data-sheets-value=\"{\" data-sheets-userformat=\"{\">Tratamento preventivo minimamente invasivo<\/span><\/li>\n<\/ul>\n\t\t\t\t\t\t\t\t<\/div>\n\t\t\t\t<\/div>\n\t\t\t\t<div class=\"elementor-element elementor-element-8dfadf9 elementor-align-center elementor-widget elementor-widget-button\" data-id=\"8dfadf9\" data-element_type=\"widget\" data-e-type=\"widget\" data-widget_type=\"button.default\">\n\t\t\t\t<div class=\"elementor-widget-container\">\n\t\t\t\t\t\t\t\t\t<div class=\"elementor-button-wrapper\">\n\t\t\t\t\t<a class=\"elementor-button elementor-button-link elementor-size-sm\" href=\"https:\/\/www.unavets.com\/pt-pt\/os-nossos-consultorios\/\">\n\t\t\t\t\t\t<span class=\"elementor-button-content-wrapper\">\n\t\t\t\t\t\t\t\t\t<span class=\"elementor-button-text\">Encontre o consult\u00f3rio UNAVETS mais pr\u00f3ximo<\/span>\n\t\t\t\t\t<\/span>\n\t\t\t\t\t<\/a>\n\t\t\t\t<\/div>\n\t\t\t\t\t\t\t\t<\/div>\n\t\t\t\t<\/div>\n\t\t\t\t\t<\/div>\n\t\t<\/div>\n\t\t\t\t\t<\/div>\n\t\t<\/section>\n\t\t\t\t<\/div>\n\t\t","protected":false},"excerpt":{"rendered":"<p>Servi\u00e7o de cirurgia e salas de opera\u00e7\u00f5es Estamos equipados com salas pr\u00e9-operat\u00f3rias e cir\u00fargicas com equipamento anest\u00e9sico, monitoriza\u00e7\u00e3o, material avan\u00e7ado e pessoal qualificado para supervisionar com seguran\u00e7a todos os nossos doentes. Para garantir a sa\u00fade e o bem-estar do seu animal de estima\u00e7\u00e3o, realizamos no nosso consult\u00f3rio cirurgias de rotina, bem como outras mais complexas. &hellip; <\/p>\n","protected":false},"author":1,"featured_media":0,"parent":0,"menu_order":0,"comment_status":"closed","ping_status":"closed","template":"page-fullwidth.php","meta":{"_acf_changed":false,"content-type":"","footnotes":""},"class_list":["post-22057","page","type-page","status-publish","hentry"],"acf":[],"_links":{"self":[{"href":"https:\/\/www.unavets.com\/pt-pt\/wp-json\/wp\/v2\/pages\/22057","targetHints":{"allow":["GET"]}}],"collection":[{"href":"https:\/\/www.unavets.com\/pt-pt\/wp-json\/wp\/v2\/pages"}],"about":[{"href":"https:\/\/www.unavets.com\/pt-pt\/wp-json\/wp\/v2\/types\/page"}],"author":[{"embeddable":true,"href":"https:\/\/www.unavets.com\/pt-pt\/wp-json\/wp\/v2\/users\/1"}],"replies":[{"embeddable":true,"href":"https:\/\/www.unavets.com\/pt-pt\/wp-json\/wp\/v2\/comments?post=22057"}],"version-history":[{"count":0,"href":"https:\/\/www.unavets.com\/pt-pt\/wp-json\/wp\/v2\/pages\/22057\/revisions"}],"wp:attachment":[{"href":"https:\/\/www.unavets.com\/pt-pt\/wp-json\/wp\/v2\/media?parent=22057"}],"curies":[{"name":"wp","href":"https:\/\/api.w.org\/{rel}","templated":true}]}}