{"id":22055,"date":"2022-03-21T16:09:45","date_gmt":"2022-03-21T16:09:45","guid":{"rendered":"https:\/\/www.unavets.com\/endoscopias\/"},"modified":"2022-05-17T14:53:50","modified_gmt":"2022-05-17T14:53:50","slug":"endoscopias","status":"publish","type":"page","link":"https:\/\/www.unavets.com\/pt-pt\/endoscopias\/","title":{"rendered":"Endoscopias"},"content":{"rendered":"\t\t<div data-elementor-type=\"wp-page\" data-elementor-id=\"22055\" class=\"elementor elementor-22055 elementor-13645\" data-elementor-post-type=\"page\">\n\t\t\t\t\t\t<section class=\"elementor-section elementor-top-section elementor-element elementor-element-8a995fa elementor-section-boxed elementor-section-height-default elementor-section-height-default\" data-id=\"8a995fa\" data-element_type=\"section\" data-e-type=\"section\" id=\"main-sec\">\n\t\t\t\t\t\t<div class=\"elementor-container elementor-column-gap-default\">\n\t\t\t\t\t<div class=\"elementor-column elementor-col-100 elementor-top-column elementor-element elementor-element-57419ef\" data-id=\"57419ef\" data-element_type=\"column\" data-e-type=\"column\">\n\t\t\t<div class=\"elementor-widget-wrap elementor-element-populated\">\n\t\t\t\t\t\t<div class=\"elementor-element elementor-element-039ce7b elementor-widget elementor-widget-section_titleleft\" data-id=\"039ce7b\" data-element_type=\"widget\" data-e-type=\"widget\" data-widget_type=\"section_titleleft.default\">\n\t\t\t\t<div class=\"elementor-widget-container\">\n\t\t\t\t\t        <div class=\"ab_text-title fl-wrap\">\n            <h3>O que \u00e9 a endoscopia?<\/h3><span class=\"section-separator fl-sec-sep\"><\/span>        <\/div>\n        \t\t\t\t<\/div>\n\t\t\t\t<\/div>\n\t\t\t\t\t<\/div>\n\t\t<\/div>\n\t\t\t\t\t<\/div>\n\t\t<\/section>\n\t\t\t\t<section class=\"elementor-section elementor-top-section elementor-element elementor-element-6652604 elementor-section-boxed elementor-section-height-default elementor-section-height-default\" data-id=\"6652604\" data-element_type=\"section\" data-e-type=\"section\">\n\t\t\t\t\t\t<div class=\"elementor-container elementor-column-gap-default\">\n\t\t\t\t\t<div class=\"elementor-column elementor-col-50 elementor-top-column elementor-element elementor-element-4f88ead\" data-id=\"4f88ead\" data-element_type=\"column\" data-e-type=\"column\">\n\t\t\t<div class=\"elementor-widget-wrap elementor-element-populated\">\n\t\t\t\t\t\t<div class=\"elementor-element elementor-element-a1b5651 elementor-widget elementor-widget-text-editor\" data-id=\"a1b5651\" data-element_type=\"widget\" data-e-type=\"widget\" data-widget_type=\"text-editor.default\">\n\t\t\t\t<div class=\"elementor-widget-container\">\n\t\t\t\t\t\t\t\t\t<p>A <strong>Endoscopia<\/strong>&nbsp;\u00e9 um procedimento durante o qual um tubo com uma c\u00e2mara e uma fonte de luz \u00e9 introduzido atrav\u00e9s de um dos orif\u00edcios naturais do corpo, como o trato respirat\u00f3rio, o trato intestinal ou atrav\u00e9s de incis\u00f5es cir\u00fargicas, de modo a observar as cavidades internas do corpo. Tamb\u00e9m podem ser usados, em simult\u00e2neo, instrumentos para realizar cirurgias minimamente invasivas (cauteriza\u00e7\u00e3o de tecidos, remo\u00e7\u00e3o de quistos, p\u00f3lipos ou tumores&#8230;).<\/p>\n<p>A endoscopia exige anestesia, para n\u00e3o provocar qualquer dor ou trauma ao paciente. Pode ser usada para explorar o nariz, os ouvidos, o sistema digestivo, o sistema respirat\u00f3rio, o sistema reprodutivo e o sistema urin\u00e1rio.<\/p>\n\t\t\t\t\t\t\t\t<\/div>\n\t\t\t\t<\/div>\n\t\t\t\t<div class=\"elementor-element elementor-element-68588cf elementor-align-center elementor-widget elementor-widget-button\" data-id=\"68588cf\" data-element_type=\"widget\" data-e-type=\"widget\" data-widget_type=\"button.default\">\n\t\t\t\t<div class=\"elementor-widget-container\">\n\t\t\t\t\t\t\t\t\t<div class=\"elementor-button-wrapper\">\n\t\t\t\t\t<a class=\"elementor-button elementor-button-link elementor-size-md\" href=\"https:\/\/www.unavets.com\/pt-pt\/os-nossos-consultorios\/\">\n\t\t\t\t\t\t<span class=\"elementor-button-content-wrapper\">\n\t\t\t\t\t\t\t\t\t<span class=\"elementor-button-text\">Encontre um consult\u00f3rio UNAVETS perto de si<\/span>\n\t\t\t\t\t<\/span>\n\t\t\t\t\t<\/a>\n\t\t\t\t<\/div>\n\t\t\t\t\t\t\t\t<\/div>\n\t\t\t\t<\/div>\n\t\t\t\t\t<\/div>\n\t\t<\/div>\n\t\t\t\t<div class=\"elementor-column elementor-col-50 elementor-top-column elementor-element elementor-element-010377d\" data-id=\"010377d\" data-element_type=\"column\" data-e-type=\"column\">\n\t\t\t<div class=\"elementor-widget-wrap elementor-element-populated\">\n\t\t\t\t\t\t<div class=\"elementor-element elementor-element-0770fd4 elementor-widget elementor-widget-image\" data-id=\"0770fd4\" data-element_type=\"widget\" data-e-type=\"widget\" data-widget_type=\"image.default\">\n\t\t\t\t<div class=\"elementor-widget-container\">\n\t\t\t\t\t\t\t\t\t\t\t\t\t\t\t<img decoding=\"async\" src=\"http:\/\/www.unavets.com\/lastablas\/wp-content\/uploads\/sites\/2\/2020\/10\/shutterstock_503391556-1.jpg\" title=\"\" alt=\"\" loading=\"lazy\" \/>\t\t\t\t\t\t\t\t\t\t\t\t\t\t\t<\/div>\n\t\t\t\t<\/div>\n\t\t\t\t\t<\/div>\n\t\t<\/div>\n\t\t\t\t\t<\/div>\n\t\t<\/section>\n\t\t\t\t<section class=\"elementor-section elementor-top-section elementor-element elementor-element-3e4aeaf elementor-section-boxed elementor-section-height-default elementor-section-height-default\" data-id=\"3e4aeaf\" data-element_type=\"section\" data-e-type=\"section\">\n\t\t\t\t\t\t<div class=\"elementor-container elementor-column-gap-default\">\n\t\t\t\t\t<div class=\"elementor-column elementor-col-100 elementor-top-column elementor-element elementor-element-58dbd55\" data-id=\"58dbd55\" data-element_type=\"column\" data-e-type=\"column\">\n\t\t\t<div class=\"elementor-widget-wrap elementor-element-populated\">\n\t\t\t\t\t\t<div class=\"elementor-element elementor-element-cab16c7 elementor-widget elementor-widget-section_titleleft\" data-id=\"cab16c7\" data-element_type=\"widget\" data-e-type=\"widget\" data-widget_type=\"section_titleleft.default\">\n\t\t\t\t<div class=\"elementor-widget-container\">\n\t\t\t\t\t        <div class=\"ab_text-title fl-wrap\">\n            <h3>Quando \u00e9 que a endoscopia \u00e9 considerada?<\/h3><span class=\"section-separator fl-sec-sep\"><\/span>        <\/div>\n        \t\t\t\t<\/div>\n\t\t\t\t<\/div>\n\t\t\t\t<div class=\"elementor-element elementor-element-0949ae3 elementor-widget elementor-widget-text-editor\" data-id=\"0949ae3\" data-element_type=\"widget\" data-e-type=\"widget\" data-widget_type=\"text-editor.default\">\n\t\t\t\t<div class=\"elementor-widget-container\">\n\t\t\t\t\t\t\t\t\t<p>\u00c9 frequentemente utilizada para compreender a causa dos espirros, dos v\u00f3mitos, da diarreia ou dos problemas urin\u00e1rios dos seus animais de estima\u00e7\u00e3o e pode ser utilizada para extrair objetos do nariz, dos pulm\u00f5es, do est\u00f4mago e do es\u00f3fago sem que seja necess\u00e1rio realizar uma cirurgia dolorosa.<\/p>\n<p>O tempo de recupera\u00e7\u00e3o \u00e9 imediato, pelo que, uma vez terminada, o seu animal de estima\u00e7\u00e3o poder retomar a sua vida normal.<\/p>\n\t\t\t\t\t\t\t\t<\/div>\n\t\t\t\t<\/div>\n\t\t\t\t\t<\/div>\n\t\t<\/div>\n\t\t\t\t\t<\/div>\n\t\t<\/section>\n\t\t\t\t<\/div>\n\t\t","protected":false},"excerpt":{"rendered":"<p>O que \u00e9 a endoscopia? A Endoscopia&nbsp;\u00e9 um procedimento durante o qual um tubo com uma c\u00e2mara e uma fonte de luz \u00e9 introduzido atrav\u00e9s de um dos orif\u00edcios naturais do corpo, como o trato respirat\u00f3rio, o trato intestinal ou atrav\u00e9s de incis\u00f5es cir\u00fargicas, de modo a observar as cavidades internas do corpo. Tamb\u00e9m podem &hellip; <\/p>\n","protected":false},"author":1,"featured_media":0,"parent":0,"menu_order":0,"comment_status":"closed","ping_status":"closed","template":"page-fullwidth.php","meta":{"_acf_changed":false,"content-type":"","footnotes":""},"class_list":["post-22055","page","type-page","status-publish","hentry"],"acf":[],"_links":{"self":[{"href":"https:\/\/www.unavets.com\/pt-pt\/wp-json\/wp\/v2\/pages\/22055","targetHints":{"allow":["GET"]}}],"collection":[{"href":"https:\/\/www.unavets.com\/pt-pt\/wp-json\/wp\/v2\/pages"}],"about":[{"href":"https:\/\/www.unavets.com\/pt-pt\/wp-json\/wp\/v2\/types\/page"}],"author":[{"embeddable":true,"href":"https:\/\/www.unavets.com\/pt-pt\/wp-json\/wp\/v2\/users\/1"}],"replies":[{"embeddable":true,"href":"https:\/\/www.unavets.com\/pt-pt\/wp-json\/wp\/v2\/comments?post=22055"}],"version-history":[{"count":0,"href":"https:\/\/www.unavets.com\/pt-pt\/wp-json\/wp\/v2\/pages\/22055\/revisions"}],"wp:attachment":[{"href":"https:\/\/www.unavets.com\/pt-pt\/wp-json\/wp\/v2\/media?parent=22055"}],"curies":[{"name":"wp","href":"https:\/\/api.w.org\/{rel}","templated":true}]}}