{"id":22051,"date":"2022-03-21T16:09:45","date_gmt":"2022-03-21T16:09:45","guid":{"rendered":"https:\/\/www.unavets.com\/cuidados-de-emergencia-24-horas\/"},"modified":"2022-05-17T14:49:56","modified_gmt":"2022-05-17T14:49:56","slug":"cuidados-de-emergencia-24-horas","status":"publish","type":"page","link":"https:\/\/www.unavets.com\/pt-pt\/cuidados-de-emergencia-24-horas\/","title":{"rendered":"Cuidados de Emerg\u00eancia 24 Horas"},"content":{"rendered":"\t\t<div data-elementor-type=\"wp-post\" data-elementor-id=\"22051\" class=\"elementor elementor-22051 elementor-13595\" data-elementor-post-type=\"page\">\n\t\t\t\t\t\t<section class=\"elementor-section elementor-top-section elementor-element elementor-element-67a8c2b elementor-section-boxed elementor-section-height-default elementor-section-height-default\" data-id=\"67a8c2b\" data-element_type=\"section\" data-e-type=\"section\" id=\"main-sec\">\n\t\t\t\t\t\t<div class=\"elementor-container elementor-column-gap-wide\">\n\t\t\t\t\t<div class=\"elementor-column elementor-col-50 elementor-top-column elementor-element elementor-element-ca9591a\" data-id=\"ca9591a\" data-element_type=\"column\" data-e-type=\"column\">\n\t\t\t<div class=\"elementor-widget-wrap elementor-element-populated\">\n\t\t\t\t\t\t<div class=\"elementor-element elementor-element-9cee75d elementor-widget elementor-widget-section_titleleft\" data-id=\"9cee75d\" data-element_type=\"widget\" data-e-type=\"widget\" data-widget_type=\"section_titleleft.default\">\n\t\t\t\t<div class=\"elementor-widget-container\">\n\t\t\t\t\t        <div class=\"ab_text-title fl-wrap\">\n            A UNAVETS presta cuidados de hospitaliza\u00e7\u00e3o 24 Horas dedicados aos cuidados intensivos do doente.<span class=\"section-separator fl-sec-sep\"><\/span>        <\/div>\n        \t\t\t\t<\/div>\n\t\t\t\t<\/div>\n\t\t\t\t<div class=\"elementor-element elementor-element-47bc17d elementor-widget elementor-widget-text-editor\" data-id=\"47bc17d\" data-element_type=\"widget\" data-e-type=\"widget\" data-widget_type=\"text-editor.default\">\n\t\t\t\t<div class=\"elementor-widget-container\">\n\t\t\t\t\t\t\t\t\t<p>Os consult\u00f3rios UNAVETS est\u00e3o comprometidos em minimizar o stress que pode estar associado \u00e0s visitas de emerg\u00eancia, tanto para si como para o seu animal de estima\u00e7\u00e3o.&nbsp;Muitos dos nossos consult\u00f3rios em Espanha e Portugal oferecem \u00e1reas separadas para c\u00e3es e gatos, bem como uma terceira \u00e1rea independente para isolar animais com doen\u00e7as infecciosas.<\/p>\n<p>Todos os consult\u00f3rios UNAVETS t\u00eam uma equipa de veterin\u00e1rios experientes, t\u00e9cnicos de veterin\u00e1ria registados e auxiliares de cuidados animais. Todos os nossos consult\u00f3rios t\u00eam os equipamentos mais recentes, juntamente com uma equipa excecionalmente treinada para garantir que o seu animal de estima\u00e7\u00e3o estar\u00e1 em excelentes m\u00e3os.<\/p>\n<p>Os nossos doentes s\u00e3o constantemente monitorizados pelas nossas equipas veterin\u00e1rias. Oferecemos equipamentos de infus\u00e3o constante para terapia de perfus\u00e3o, nutri\u00e7\u00e3o atrav\u00e9s de entuba\u00e7\u00e3o nasoesof\u00e1gica, drenos, cateteres, oxigenoterapia, l\u00e2mpadas quentes e mais.<\/p>\n<p>Alguns dos tratamentos mais comuns oferecidos pelos nossos consult\u00f3rios s\u00e3o:<\/p>\n<ul>\n<li>Hemorragia grave<\/li>\n<li>Perda de consci\u00eancia<\/li>\n<li>Envenenamento<\/li>\n<\/ul>\n\t\t\t\t\t\t\t\t<\/div>\n\t\t\t\t<\/div>\n\t\t\t\t<div class=\"elementor-element elementor-element-bfe3c66 elementor-widget elementor-widget-toggle\" data-id=\"bfe3c66\" data-element_type=\"widget\" data-e-type=\"widget\" data-widget_type=\"toggle.default\">\n\t\t\t\t<div class=\"elementor-widget-container\">\n\t\t\t\t\t\t\t<div class=\"elementor-toggle\">\n\t\t\t\t\t\t\t<div class=\"elementor-toggle-item\">\n\t\t\t\t\t<div id=\"elementor-tab-title-2011\" class=\"elementor-tab-title\" data-tab=\"1\" role=\"button\" aria-controls=\"elementor-tab-content-2011\" aria-expanded=\"false\">\n\t\t\t\t\t\t\t\t\t\t\t\t<span class=\"elementor-toggle-icon elementor-toggle-icon-left\" aria-hidden=\"true\">\n\t\t\t\t\t\t\t\t\t\t\t\t\t\t\t<span class=\"elementor-toggle-icon-closed\"><i class=\"fas fa-chevron-down\"><\/i><\/span>\n\t\t\t\t\t\t\t\t<span class=\"elementor-toggle-icon-opened\"><i class=\"elementor-toggle-icon-opened fas fa-chevron-up\"><\/i><\/span>\n\t\t\t\t\t\t\t\t\t\t\t\t\t<\/span>\n\t\t\t\t\t\t\t\t\t\t\t\t<a class=\"elementor-toggle-title\" tabindex=\"0\">Outros tratamentos comuns<\/a>\n\t\t\t\t\t<\/div>\n\n\t\t\t\t\t<div id=\"elementor-tab-content-2011\" class=\"elementor-tab-content elementor-clearfix\" data-tab=\"1\" role=\"region\" aria-labelledby=\"elementor-tab-title-2011\"><ul>\n<li>Vomi\u00e7\u00e3o<\/li>\n<li>Diarreia<\/li>\n<li>Ingest\u00e3o de subst\u00e2ncias estranhas<\/li>\n<li>Incapacidade em urinar<\/li>\n<li>Les\u00f5es oculares<\/li>\n<li>Fraturas \u00f3sseas<\/li>\n<li>Ataques<\/li>\n<\/ul>\n<\/div>\n\t\t\t\t<\/div>\n\t\t\t\t\t\t\t\t<\/div>\n\t\t\t\t\t\t<\/div>\n\t\t\t\t<\/div>\n\t\t\t\t\t<\/div>\n\t\t<\/div>\n\t\t\t\t<div class=\"elementor-column elementor-col-50 elementor-top-column elementor-element elementor-element-2d1c6da\" data-id=\"2d1c6da\" data-element_type=\"column\" data-e-type=\"column\">\n\t\t\t<div class=\"elementor-widget-wrap elementor-element-populated\">\n\t\t\t\t\t\t<div class=\"elementor-element elementor-element-27e3476 elementor-widget elementor-widget-image\" data-id=\"27e3476\" data-element_type=\"widget\" data-e-type=\"widget\" data-widget_type=\"image.default\">\n\t\t\t\t<div class=\"elementor-widget-container\">\n\t\t\t\t\t\t\t\t\t\t\t\t\t\t\t<img decoding=\"async\" src=\"http:\/\/www.unavets.com\/cabrils\/wp-content\/uploads\/sites\/2\/2020\/10\/Depositphotos_15857321_xl-2015-1.jpg\" title=\"\" alt=\"\" loading=\"lazy\" \/>\t\t\t\t\t\t\t\t\t\t\t\t\t\t\t<\/div>\n\t\t\t\t<\/div>\n\t\t\t\t<div class=\"elementor-element elementor-element-12c9f53 elementor-align-center elementor-widget elementor-widget-button\" data-id=\"12c9f53\" data-element_type=\"widget\" data-e-type=\"widget\" data-widget_type=\"button.default\">\n\t\t\t\t<div class=\"elementor-widget-container\">\n\t\t\t\t\t\t\t\t\t<div class=\"elementor-button-wrapper\">\n\t\t\t\t\t<a class=\"elementor-button elementor-button-link elementor-size-sm\" href=\"https:\/\/www.unavets.com\/pt-pt\/os-nossos-consultorios\/\">\n\t\t\t\t\t\t<span class=\"elementor-button-content-wrapper\">\n\t\t\t\t\t\t\t\t\t<span class=\"elementor-button-text\">Encontre um consult\u00f3rio de cuidados de emerg\u00eancia UNAVETS perto de si<\/span>\n\t\t\t\t\t<\/span>\n\t\t\t\t\t<\/a>\n\t\t\t\t<\/div>\n\t\t\t\t\t\t\t\t<\/div>\n\t\t\t\t<\/div>\n\t\t\t\t\t<\/div>\n\t\t<\/div>\n\t\t\t\t\t<\/div>\n\t\t<\/section>\n\t\t\t\t<section class=\"elementor-section elementor-top-section elementor-element elementor-element-69551ef elementor-section-boxed elementor-section-height-default elementor-section-height-default\" data-id=\"69551ef\" data-element_type=\"section\" data-e-type=\"section\">\n\t\t\t\t\t\t<div class=\"elementor-container elementor-column-gap-default\">\n\t\t\t\t\t<div class=\"elementor-column elementor-col-100 elementor-top-column elementor-element elementor-element-8f43640\" data-id=\"8f43640\" data-element_type=\"column\" data-e-type=\"column\">\n\t\t\t<div class=\"elementor-widget-wrap elementor-element-populated\">\n\t\t\t\t\t\t<div class=\"elementor-element elementor-element-8b892ed elementor-widget elementor-widget-section_titleleft\" data-id=\"8b892ed\" data-element_type=\"widget\" data-e-type=\"widget\" data-widget_type=\"section_titleleft.default\">\n\t\t\t\t<div class=\"elementor-widget-container\">\n\t\t\t\t\t        <div class=\"ab_text-title fl-wrap\">\n            <h3>Por que raz\u00e3o poder\u00e1 precisar de um servi\u00e7o veterin\u00e1rio de emerg\u00eancia?<\/h3><span class=\"section-separator fl-sec-sep\"><\/span>        <\/div>\n        \t\t\t\t<\/div>\n\t\t\t\t<\/div>\n\t\t\t\t\t<\/div>\n\t\t<\/div>\n\t\t\t\t\t<\/div>\n\t\t<\/section>\n\t\t\t\t<section class=\"elementor-section elementor-top-section elementor-element elementor-element-6e3d86e elementor-section-boxed elementor-section-height-default elementor-section-height-default\" data-id=\"6e3d86e\" data-element_type=\"section\" data-e-type=\"section\">\n\t\t\t\t\t\t<div class=\"elementor-container elementor-column-gap-wide\">\n\t\t\t\t\t<div class=\"elementor-column elementor-col-50 elementor-top-column elementor-element elementor-element-5e7d794\" data-id=\"5e7d794\" data-element_type=\"column\" data-e-type=\"column\">\n\t\t\t<div class=\"elementor-widget-wrap elementor-element-populated\">\n\t\t\t\t\t\t<div class=\"elementor-element elementor-element-54508ac elementor-widget elementor-widget-image\" data-id=\"54508ac\" data-element_type=\"widget\" data-e-type=\"widget\" data-widget_type=\"image.default\">\n\t\t\t\t<div class=\"elementor-widget-container\">\n\t\t\t\t\t\t\t\t\t\t\t\t\t\t\t<img decoding=\"async\" src=\"http:\/\/www.unavets.com\/cabrils\/wp-content\/uploads\/sites\/2\/2020\/10\/shutterstock_250701550-1.jpg\" title=\"\" alt=\"\" loading=\"lazy\" \/>\t\t\t\t\t\t\t\t\t\t\t\t\t\t\t<\/div>\n\t\t\t\t<\/div>\n\t\t\t\t\t<\/div>\n\t\t<\/div>\n\t\t\t\t<div class=\"elementor-column elementor-col-50 elementor-top-column elementor-element elementor-element-e34ab1d\" data-id=\"e34ab1d\" data-element_type=\"column\" data-e-type=\"column\">\n\t\t\t<div class=\"elementor-widget-wrap elementor-element-populated\">\n\t\t\t\t\t\t<div class=\"elementor-element elementor-element-1b58f75 elementor-widget elementor-widget-text-editor\" data-id=\"1b58f75\" data-element_type=\"widget\" data-e-type=\"widget\" data-widget_type=\"text-editor.default\">\n\t\t\t\t<div class=\"elementor-widget-container\">\n\t\t\t\t\t\t\t\t\t<p>Podem existir muitas raz\u00f5es diferentes para considerar o tratamento de emerg\u00eancia do seu animal de estima\u00e7\u00e3o. Alguns dos sinais de que o seu animal de estima\u00e7\u00e3o pode necessitar de cuidados de emerg\u00eancia incluem:<\/p>\n<ul>\n<li>Dificuldades respirat\u00f3rias<\/li>\n<li>Perda de sangue<\/li>\n<li>Vomi\u00e7\u00e3o cont\u00ednua<\/li>\n<li>Diarreia persistente<\/li>\n<li>Ossos partidos<\/li>\n<li>Perda de consci\u00eancia<\/li>\n<\/ul>\n<p>Qualquer um destes sintomas pode ser grave para o seu animal de estima\u00e7\u00e3o e dever\u00e1 contactar-nos de imediato se acredita que tem em m\u00e3os uma emerg\u00eancia. Por favor n\u00e3o tente lidar com a situa\u00e7\u00e3o por si, a menos que seja necess\u00e1rio aplicar primeiros socorros b\u00e1sicos imediatos ao seu animal de estima\u00e7\u00e3o.<\/p>\n\t\t\t\t\t\t\t\t<\/div>\n\t\t\t\t<\/div>\n\t\t\t\t<div class=\"elementor-element elementor-element-875b7f6 elementor-align-center elementor-widget elementor-widget-button\" data-id=\"875b7f6\" data-element_type=\"widget\" data-e-type=\"widget\" data-widget_type=\"button.default\">\n\t\t\t\t<div class=\"elementor-widget-container\">\n\t\t\t\t\t\t\t\t\t<div class=\"elementor-button-wrapper\">\n\t\t\t\t\t<a class=\"elementor-button elementor-button-link elementor-size-sm\" href=\"https:\/\/www.unavets.com\/pt-pt\/os-nossos-consultorios\/\">\n\t\t\t\t\t\t<span class=\"elementor-button-content-wrapper\">\n\t\t\t\t\t\t\t\t\t<span class=\"elementor-button-text\">Encontre um consult\u00f3rio de cuidados de emerg\u00eancia UNAVETS perto de si<\/span>\n\t\t\t\t\t<\/span>\n\t\t\t\t\t<\/a>\n\t\t\t\t<\/div>\n\t\t\t\t\t\t\t\t<\/div>\n\t\t\t\t<\/div>\n\t\t\t\t\t<\/div>\n\t\t<\/div>\n\t\t\t\t\t<\/div>\n\t\t<\/section>\n\t\t\t\t<\/div>\n\t\t","protected":false},"excerpt":{"rendered":"<p>A UNAVETS presta cuidados de hospitaliza\u00e7\u00e3o 24 Horas dedicados aos cuidados intensivos do doente. Os consult\u00f3rios UNAVETS est\u00e3o comprometidos em minimizar o stress que pode estar associado \u00e0s visitas de emerg\u00eancia, tanto para si como para o seu animal de estima\u00e7\u00e3o.&nbsp;Muitos dos nossos consult\u00f3rios em Espanha e Portugal oferecem \u00e1reas separadas para c\u00e3es e gatos, &hellip; <\/p>\n","protected":false},"author":1,"featured_media":0,"parent":0,"menu_order":0,"comment_status":"closed","ping_status":"closed","template":"page-fullwidth.php","meta":{"_acf_changed":false,"content-type":"","footnotes":""},"class_list":["post-22051","page","type-page","status-publish","hentry"],"acf":[],"_links":{"self":[{"href":"https:\/\/www.unavets.com\/pt-pt\/wp-json\/wp\/v2\/pages\/22051","targetHints":{"allow":["GET"]}}],"collection":[{"href":"https:\/\/www.unavets.com\/pt-pt\/wp-json\/wp\/v2\/pages"}],"about":[{"href":"https:\/\/www.unavets.com\/pt-pt\/wp-json\/wp\/v2\/types\/page"}],"author":[{"embeddable":true,"href":"https:\/\/www.unavets.com\/pt-pt\/wp-json\/wp\/v2\/users\/1"}],"replies":[{"embeddable":true,"href":"https:\/\/www.unavets.com\/pt-pt\/wp-json\/wp\/v2\/comments?post=22051"}],"version-history":[{"count":0,"href":"https:\/\/www.unavets.com\/pt-pt\/wp-json\/wp\/v2\/pages\/22051\/revisions"}],"wp:attachment":[{"href":"https:\/\/www.unavets.com\/pt-pt\/wp-json\/wp\/v2\/media?parent=22051"}],"curies":[{"name":"wp","href":"https:\/\/api.w.org\/{rel}","templated":true}]}}