{"id":22050,"date":"2022-03-21T16:09:45","date_gmt":"2022-03-21T16:09:45","guid":{"rendered":"https:\/\/www.unavets.com\/analises-clinicas\/"},"modified":"2022-05-17T14:52:54","modified_gmt":"2022-05-17T14:52:54","slug":"analises-clinicas","status":"publish","type":"page","link":"https:\/\/www.unavets.com\/pt-pt\/analises-clinicas\/","title":{"rendered":"An\u00e1lises cl\u00ednicas"},"content":{"rendered":"\t\t<div data-elementor-type=\"wp-page\" data-elementor-id=\"22050\" class=\"elementor elementor-22050 elementor-13641\" data-elementor-post-type=\"page\">\n\t\t\t\t\t\t<section class=\"elementor-section elementor-top-section elementor-element elementor-element-decd392 elementor-section-boxed elementor-section-height-default elementor-section-height-default\" data-id=\"decd392\" data-element_type=\"section\" data-e-type=\"section\" id=\"main-sec\">\n\t\t\t\t\t\t<div class=\"elementor-container elementor-column-gap-default\">\n\t\t\t\t\t<div class=\"elementor-column elementor-col-100 elementor-top-column elementor-element elementor-element-f1a5cbe\" data-id=\"f1a5cbe\" data-element_type=\"column\" data-e-type=\"column\">\n\t\t\t<div class=\"elementor-widget-wrap elementor-element-populated\">\n\t\t\t\t\t\t<div class=\"elementor-element elementor-element-6b69548 elementor-widget elementor-widget-section_titleleft\" data-id=\"6b69548\" data-element_type=\"widget\" data-e-type=\"widget\" data-widget_type=\"section_titleleft.default\">\n\t\t\t\t<div class=\"elementor-widget-container\">\n\t\t\t\t\t        <div class=\"ab_text-title fl-wrap\">\n            <h3>Os nossos testes de laborat\u00f3rio <\/h3> Realizamos testes laboratoriais b\u00e1sicos no consult\u00f3rio. As amostras para os testes podem ser recolhidas por um dos nossos veterin\u00e1rios, ou pode recolher amostras em casa (fezes, urina) e traz\u00ea-las para o consult\u00f3rio.<span class=\"section-separator fl-sec-sep\"><\/span>        <\/div>\n        \t\t\t\t<\/div>\n\t\t\t\t<\/div>\n\t\t\t\t<section class=\"elementor-section elementor-inner-section elementor-element elementor-element-a67e1a7 elementor-section-boxed elementor-section-height-default elementor-section-height-default\" data-id=\"a67e1a7\" data-element_type=\"section\" data-e-type=\"section\">\n\t\t\t\t\t\t<div class=\"elementor-container elementor-column-gap-default\">\n\t\t\t\t\t<div class=\"elementor-column elementor-col-50 elementor-inner-column elementor-element elementor-element-fa22066\" data-id=\"fa22066\" data-element_type=\"column\" data-e-type=\"column\">\n\t\t\t<div class=\"elementor-widget-wrap elementor-element-populated\">\n\t\t\t\t\t\t<div class=\"elementor-element elementor-element-e470157 elementor-widget elementor-widget-text-editor\" data-id=\"e470157\" data-element_type=\"widget\" data-e-type=\"widget\" data-widget_type=\"text-editor.default\">\n\t\t\t\t<div class=\"elementor-widget-container\">\n\t\t\t\t\t\t\t\t\t<p><strong>An\u00e1lises ao Sangue<\/strong><\/p>\n<p>Uma das an\u00e1lises ao sangue mais comuns que realizamos \u00e9 o hemograma completo<br \/>que analisa os valores e a apar\u00eancia das c\u00e9lulas<br \/>do sangue. O hemograma completo \u00e9 importante no diagn\u00f3stico e na monitoriza\u00e7\u00e3o de<br \/>doen\u00e7as e infe\u00e7\u00f5es, e pode indicar se o seu animal de estima\u00e7\u00e3o tem<br \/>desidrata\u00e7\u00e3o, diarreia ou anemia, por exemplo. Os resultados das<br \/>an\u00e1lises podem dizer-nos muito sobre o funcionamento do corpo do seu animal de estima\u00e7\u00e3o<br \/>e sugere poss\u00edveis problemas de sa\u00fade.<\/p>\n<p><strong>An\u00e1lise de Amostras Fecais<\/strong><\/p>\n<p>As amostras fecais podem ser recolhidas antes da consulta, ou podem <br \/>ser recolhidas por um dos nossos veterin\u00e1rios. O material \u00e9, em seguida,&nbsp;examinado sob um microsc\u00f3pio. Podemos detetar a presen\u00e7a dos&nbsp;quistos de parasitas como as Giardia e os Criptosporidium ou ovos de&nbsp;outros parasitas, como lombrigas, ancil\u00f3stomos, e&nbsp;t\u00e9nias. Larvas, lombrigas adultas ou segmentos de t\u00e9nias tamb\u00e9m podem&nbsp;ser observadas.<\/p>\n\t\t\t\t\t\t\t\t<\/div>\n\t\t\t\t<\/div>\n\t\t\t\t\t<\/div>\n\t\t<\/div>\n\t\t\t\t<div class=\"elementor-column elementor-col-50 elementor-inner-column elementor-element elementor-element-2f25146\" data-id=\"2f25146\" data-element_type=\"column\" data-e-type=\"column\">\n\t\t\t<div class=\"elementor-widget-wrap elementor-element-populated\">\n\t\t\t\t\t\t<div class=\"elementor-element elementor-element-20b145d elementor-widget elementor-widget-image\" data-id=\"20b145d\" data-element_type=\"widget\" data-e-type=\"widget\" data-widget_type=\"image.default\">\n\t\t\t\t<div class=\"elementor-widget-container\">\n\t\t\t\t\t\t\t\t\t\t\t\t\t\t\t<img decoding=\"async\" src=\"http:\/\/www.unavets.com\/cabrils\/wp-content\/uploads\/sites\/2\/2020\/10\/shutterstock_599408846-1.jpg\" title=\"\" alt=\"\" loading=\"lazy\" \/>\t\t\t\t\t\t\t\t\t\t\t\t\t\t\t<\/div>\n\t\t\t\t<\/div>\n\t\t\t\t<div class=\"elementor-element elementor-element-005fef2 elementor-align-center elementor-widget elementor-widget-button\" data-id=\"005fef2\" data-element_type=\"widget\" data-e-type=\"widget\" data-widget_type=\"button.default\">\n\t\t\t\t<div class=\"elementor-widget-container\">\n\t\t\t\t\t\t\t\t\t<div class=\"elementor-button-wrapper\">\n\t\t\t\t\t<a class=\"elementor-button elementor-button-link elementor-size-sm\" href=\"https:\/\/www.unavets.com\/pt-pt\/os-nossos-consultorios\/\">\n\t\t\t\t\t\t<span class=\"elementor-button-content-wrapper\">\n\t\t\t\t\t\t\t\t\t<span class=\"elementor-button-text\">Encontre um consult\u00f3rio UNAVETS perto de si<\/span>\n\t\t\t\t\t<\/span>\n\t\t\t\t\t<\/a>\n\t\t\t\t<\/div>\n\t\t\t\t\t\t\t\t<\/div>\n\t\t\t\t<\/div>\n\t\t\t\t\t<\/div>\n\t\t<\/div>\n\t\t\t\t\t<\/div>\n\t\t<\/section>\n\t\t\t\t\t<\/div>\n\t\t<\/div>\n\t\t\t\t\t<\/div>\n\t\t<\/section>\n\t\t\t\t<section class=\"elementor-section elementor-top-section elementor-element elementor-element-89d4d65 elementor-section-boxed elementor-section-height-default elementor-section-height-default\" data-id=\"89d4d65\" data-element_type=\"section\" data-e-type=\"section\">\n\t\t\t\t\t\t<div class=\"elementor-container elementor-column-gap-default\">\n\t\t\t\t\t<div class=\"elementor-column elementor-col-50 elementor-top-column elementor-element elementor-element-a511881\" data-id=\"a511881\" data-element_type=\"column\" data-e-type=\"column\">\n\t\t\t<div class=\"elementor-widget-wrap elementor-element-populated\">\n\t\t\t\t\t\t<div class=\"elementor-element elementor-element-2ee0160 elementor-widget elementor-widget-image\" data-id=\"2ee0160\" data-element_type=\"widget\" data-e-type=\"widget\" data-widget_type=\"image.default\">\n\t\t\t\t<div class=\"elementor-widget-container\">\n\t\t\t\t\t\t\t\t\t\t\t\t\t\t\t<img decoding=\"async\" src=\"http:\/\/www.unavets.com\/cabrils\/wp-content\/uploads\/sites\/2\/2020\/10\/shutterstock_487940758-1.jpg\" title=\"\" alt=\"\" loading=\"lazy\" \/>\t\t\t\t\t\t\t\t\t\t\t\t\t\t\t<\/div>\n\t\t\t\t<\/div>\n\t\t\t\t\t<\/div>\n\t\t<\/div>\n\t\t\t\t<div class=\"elementor-column elementor-col-50 elementor-top-column elementor-element elementor-element-50c20bb\" data-id=\"50c20bb\" data-element_type=\"column\" data-e-type=\"column\">\n\t\t\t<div class=\"elementor-widget-wrap elementor-element-populated\">\n\t\t\t\t\t\t<div class=\"elementor-element elementor-element-5167805 elementor-widget elementor-widget-text-editor\" data-id=\"5167805\" data-element_type=\"widget\" data-e-type=\"widget\" data-widget_type=\"text-editor.default\">\n\t\t\t\t<div class=\"elementor-widget-container\">\n\t\t\t\t\t\t\t\t\t<p><strong>An\u00e1lises \u00e0 Urina<\/strong><\/p>\n<p>A an\u00e1lise de amostras de urina (urin\u00e1lise) \u00e9 importante na dete\u00e7\u00e3o<br \/>de diversos tipos de infe\u00e7\u00e3o do trato urin\u00e1rio, doen\u00e7a renal, ou hemorragia<br \/>interna. A amostra deve ser analisada imediatamente depois<br \/>da recolha, dado que a urina deixada \u00e0 temperatura ambiente ou mais elevada se ir\u00e1<br \/>degradar, e os resultados da an\u00e1lise n\u00e3o ser\u00e3o exatos. Os testes &nbsp;levados a cabo nas amostra de urina incluem a avalia\u00e7\u00e3o do aspeto,&nbsp;da qu\u00edmica e da sedimenta\u00e7\u00e3o. A urina normal \u00e9 de cor amarela ou \u00e2mbar&nbsp;e deve ser transparente ou l\u00edmpida. A presen\u00e7a de&nbsp;doen\u00e7as ou infe\u00e7\u00f5es podem alterar a cor ou a clareza.<\/p>\n\t\t\t\t\t\t\t\t<\/div>\n\t\t\t\t<\/div>\n\t\t\t\t\t<\/div>\n\t\t<\/div>\n\t\t\t\t\t<\/div>\n\t\t<\/section>\n\t\t\t\t<section class=\"elementor-section elementor-top-section elementor-element elementor-element-0ed56cb elementor-section-boxed elementor-section-height-default elementor-section-height-default\" data-id=\"0ed56cb\" data-element_type=\"section\" data-e-type=\"section\">\n\t\t\t\t\t\t<div class=\"elementor-container elementor-column-gap-default\">\n\t\t\t\t\t<div class=\"elementor-column elementor-col-100 elementor-top-column elementor-element elementor-element-006b001\" data-id=\"006b001\" data-element_type=\"column\" data-e-type=\"column\">\n\t\t\t<div class=\"elementor-widget-wrap elementor-element-populated\">\n\t\t\t\t\t\t<section class=\"elementor-section elementor-inner-section elementor-element elementor-element-b43b109 elementor-section-boxed elementor-section-height-default elementor-section-height-default\" data-id=\"b43b109\" data-element_type=\"section\" data-e-type=\"section\">\n\t\t\t\t\t\t<div class=\"elementor-container elementor-column-gap-default\">\n\t\t\t\t\t<div class=\"elementor-column elementor-col-50 elementor-inner-column elementor-element elementor-element-bc1bd96\" data-id=\"bc1bd96\" data-element_type=\"column\" data-e-type=\"column\">\n\t\t\t<div class=\"elementor-widget-wrap elementor-element-populated\">\n\t\t\t\t\t\t<div class=\"elementor-element elementor-element-3096e07 elementor-widget elementor-widget-text-editor\" data-id=\"3096e07\" data-element_type=\"widget\" data-e-type=\"widget\" data-widget_type=\"text-editor.default\">\n\t\t\t\t<div class=\"elementor-widget-container\">\n\t\t\t\t\t\t\t\t\t<p><strong>An\u00e1lises Hormonais<\/strong><\/p>\n<p>O excesso ou a falta de determinadas hormonas nos animais pode desencadear doen\u00e7as diferentes como a diabetes, o s\u00edndrome de Cushing, a doen\u00e7a de Addison, o hipertiroidismo, etc. Por esta raz\u00e3o, podemos usar uma amostra de sangue processada no nosso laborat\u00f3rio para identificar o n\u00edvel destas hormonas no corpo dos nossos pacientes.<\/p>\n<p><strong>Citologia<\/strong><\/p>\n<p>A citologia \u00e9 um teste de diagn\u00f3stico utilizado pelos veterin\u00e1rios da UNAVETS para detetar anomalias ou les\u00f5es nas c\u00e9lulas. Para o fazer, precisamos de colher uma amostra da les\u00e3o, por aspira\u00e7\u00e3o com uma agulha ou impress\u00e3o da les\u00e3o, aplicando t\u00e9cnicas de colora\u00e7\u00e3o \u00e0 amostra e analisando-a sob um microsc\u00f3pio.<\/p>\n<p>A citologia permite-nos:<\/p>\n<ul>\n<li>Detetar se uma les\u00e3o \u00e9 tumoral ou n\u00e3o.<\/li>\n<li>Avaliar se os neoplasmos ou tumores s\u00e3o benignos ou malignos.<\/li>\n<li>Determinar se deve ser usado um tratamento m\u00e9dico ou cir\u00fargico.<\/li>\n<\/ul>\n\t\t\t\t\t\t\t\t<\/div>\n\t\t\t\t<\/div>\n\t\t\t\t\t<\/div>\n\t\t<\/div>\n\t\t\t\t<div class=\"elementor-column elementor-col-50 elementor-inner-column elementor-element elementor-element-cf56748\" data-id=\"cf56748\" data-element_type=\"column\" data-e-type=\"column\">\n\t\t\t<div class=\"elementor-widget-wrap elementor-element-populated\">\n\t\t\t\t\t\t<div class=\"elementor-element elementor-element-be3a4a8 elementor-widget elementor-widget-image\" data-id=\"be3a4a8\" data-element_type=\"widget\" data-e-type=\"widget\" data-widget_type=\"image.default\">\n\t\t\t\t<div class=\"elementor-widget-container\">\n\t\t\t\t\t\t\t\t\t\t\t\t\t\t\t<img fetchpriority=\"high\" decoding=\"async\" width=\"724\" height=\"543\" src=\"https:\/\/www.unavets.com\/wp-content\/uploads\/2021\/06\/Citologia-1024x768.jpeg\" class=\"attachment-large size-large wp-image-17978\" alt=\"citologia\" \/>\t\t\t\t\t\t\t\t\t\t\t\t\t\t\t<\/div>\n\t\t\t\t<\/div>\n\t\t\t\t<div class=\"elementor-element elementor-element-11c5c2c elementor-align-center elementor-widget elementor-widget-button\" data-id=\"11c5c2c\" data-element_type=\"widget\" data-e-type=\"widget\" data-widget_type=\"button.default\">\n\t\t\t\t<div class=\"elementor-widget-container\">\n\t\t\t\t\t\t\t\t\t<div class=\"elementor-button-wrapper\">\n\t\t\t\t\t<a class=\"elementor-button elementor-button-link elementor-size-sm\" href=\"https:\/\/www.unavets.com\/pt-pt\/os-nossos-consultorios\/\">\n\t\t\t\t\t\t<span class=\"elementor-button-content-wrapper\">\n\t\t\t\t\t\t\t\t\t<span class=\"elementor-button-text\">Encontre um consult\u00f3rio UNAVETS perto de si<\/span>\n\t\t\t\t\t<\/span>\n\t\t\t\t\t<\/a>\n\t\t\t\t<\/div>\n\t\t\t\t\t\t\t\t<\/div>\n\t\t\t\t<\/div>\n\t\t\t\t\t<\/div>\n\t\t<\/div>\n\t\t\t\t\t<\/div>\n\t\t<\/section>\n\t\t\t\t\t<\/div>\n\t\t<\/div>\n\t\t\t\t\t<\/div>\n\t\t<\/section>\n\t\t\t\t<\/div>\n\t\t","protected":false},"excerpt":{"rendered":"<p>Os nossos testes de laborat\u00f3rio Realizamos testes laboratoriais b\u00e1sicos no consult\u00f3rio. As amostras para os testes podem ser recolhidas por um dos nossos veterin\u00e1rios, ou pode recolher amostras em casa (fezes, urina) e traz\u00ea-las para o consult\u00f3rio. An\u00e1lises ao Sangue Uma das an\u00e1lises ao sangue mais comuns que realizamos \u00e9 o hemograma completoque analisa os &hellip; <\/p>\n","protected":false},"author":1,"featured_media":0,"parent":0,"menu_order":0,"comment_status":"closed","ping_status":"closed","template":"page-fullwidth.php","meta":{"_acf_changed":false,"content-type":"","footnotes":""},"class_list":["post-22050","page","type-page","status-publish","hentry"],"acf":[],"_links":{"self":[{"href":"https:\/\/www.unavets.com\/pt-pt\/wp-json\/wp\/v2\/pages\/22050","targetHints":{"allow":["GET"]}}],"collection":[{"href":"https:\/\/www.unavets.com\/pt-pt\/wp-json\/wp\/v2\/pages"}],"about":[{"href":"https:\/\/www.unavets.com\/pt-pt\/wp-json\/wp\/v2\/types\/page"}],"author":[{"embeddable":true,"href":"https:\/\/www.unavets.com\/pt-pt\/wp-json\/wp\/v2\/users\/1"}],"replies":[{"embeddable":true,"href":"https:\/\/www.unavets.com\/pt-pt\/wp-json\/wp\/v2\/comments?post=22050"}],"version-history":[{"count":0,"href":"https:\/\/www.unavets.com\/pt-pt\/wp-json\/wp\/v2\/pages\/22050\/revisions"}],"wp:attachment":[{"href":"https:\/\/www.unavets.com\/pt-pt\/wp-json\/wp\/v2\/media?parent=22050"}],"curies":[{"name":"wp","href":"https:\/\/api.w.org\/{rel}","templated":true}]}}