{"id":22048,"date":"2022-03-21T16:09:45","date_gmt":"2022-03-21T16:09:45","guid":{"rendered":"https:\/\/www.unavets.com\/beneficios-unavets\/"},"modified":"2022-07-04T19:33:35","modified_gmt":"2022-07-04T19:33:35","slug":"beneficios-unavets","status":"publish","type":"page","link":"https:\/\/www.unavets.com\/pt-pt\/beneficios-unavets\/","title":{"rendered":"Benef\u00edcios UNAVETS"},"content":{"rendered":"\t\t<div data-elementor-type=\"wp-post\" data-elementor-id=\"22048\" class=\"elementor elementor-22048 elementor-12945\" data-elementor-post-type=\"page\">\n\t\t\t\t\t\t<section class=\"elementor-section elementor-top-section elementor-element elementor-element-7baeb5a elementor-section-boxed elementor-section-height-default elementor-section-height-default\" data-id=\"7baeb5a\" data-element_type=\"section\" data-e-type=\"section\" id=\"main-sec\">\n\t\t\t\t\t\t<div class=\"elementor-container elementor-column-gap-default\">\n\t\t\t\t\t<div class=\"elementor-column elementor-col-100 elementor-top-column elementor-element elementor-element-a1b5152\" data-id=\"a1b5152\" data-element_type=\"column\" data-e-type=\"column\">\n\t\t\t<div class=\"elementor-widget-wrap elementor-element-populated\">\n\t\t\t\t\t\t<div class=\"elementor-element elementor-element-5b0bc90 elementor-widget elementor-widget-section_title\" data-id=\"5b0bc90\" data-element_type=\"widget\" data-e-type=\"widget\" data-widget_type=\"section_title.default\">\n\t\t\t\t<div class=\"elementor-widget-container\">\n\t\t\t\t\t        <div class=\"section-title section-title-dk-blue fl-wrap\">\n                        <h2><span>Apoio aos nossos Consult\u00f3rios e Hospitais<\/span><\/h2>                                        <span class=\"section-separator section-separator-dk-blue\"><\/span> \n                         \n        <\/div>\n        \t\t\t\t<\/div>\n\t\t\t\t<\/div>\n\t\t\t\t\t<\/div>\n\t\t<\/div>\n\t\t\t\t\t<\/div>\n\t\t<\/section>\n\t\t\t\t<section class=\"elementor-section elementor-top-section elementor-element elementor-element-2a88f59 elementor-section-boxed elementor-section-height-default elementor-section-height-default\" data-id=\"2a88f59\" data-element_type=\"section\" data-e-type=\"section\">\n\t\t\t\t\t\t<div class=\"elementor-container elementor-column-gap-default\">\n\t\t\t\t\t<div class=\"elementor-column elementor-col-50 elementor-top-column elementor-element elementor-element-1e959b8\" data-id=\"1e959b8\" data-element_type=\"column\" data-e-type=\"column\" id=\"support_left\">\n\t\t\t<div class=\"elementor-widget-wrap elementor-element-populated\">\n\t\t\t\t\t\t<div data-dce-advanced-background-color=\"#FFFFFF\" class=\"elementor-element elementor-element-b706a21 elementor-widget elementor-widget-feature_box\" data-id=\"b706a21\" data-element_type=\"widget\" data-e-type=\"widget\" data-widget_type=\"feature_box.default\">\n\t\t\t\t<div class=\"elementor-widget-container\">\n\t\t\t\t\t  \n        <!--features-box --> \n        <div class=\"features-box gray-bg\">\n                        <div class=\"time-line-icon\">\n                <i class=\"fad fa-calculator\"><\/i>\n            <\/div>\n                        <h3>Apoio Empresarial <\/h3>            <p>Fornecer apoio comercial completo aos consult\u00f3rios, incluindo Finan\u00e7as e Compras, Contabilidade, Jur\u00eddico, Recrutamento, Forma\u00e7\u00e3o, Instala\u00e7\u00f5es e Equipamento, Digital, Marketing, e Gest\u00e3o de TI.<\/p>        <\/div>\n        <!-- features-box end  -->      \n        \t\t\t\t<\/div>\n\t\t\t\t<\/div>\n\t\t\t\t<div data-dce-advanced-background-color=\"#FFFFFF\" class=\"elementor-element elementor-element-99f5446 elementor-widget elementor-widget-feature_box\" data-id=\"99f5446\" data-element_type=\"widget\" data-e-type=\"widget\" data-widget_type=\"feature_box.default\">\n\t\t\t\t<div class=\"elementor-widget-container\">\n\t\t\t\t\t  \n        <!--features-box --> \n        <div class=\"features-box\">\n                        <div class=\"time-line-icon\">\n                <i class=\"fal fa-chart-network\"><\/i>\n            <\/div>\n                        <h3>Lideran\u00e7a do Pensamento <\/h3>            <p>Fomentar a ind\u00fastria e a cria\u00e7\u00e3o de redes e desenvolvimento de grupos. Permite a partilha e a colabora\u00e7\u00e3o em casos especiais ou complicados. Um Conselho Consultivo Cl\u00ednico fornecer\u00e1 orienta\u00e7\u00e3o cont\u00ednua ao grupo sobre os \u00faltimos avan\u00e7os em mat\u00e9ria de cuidados de sa\u00fade.<\/p>        <\/div>\n        <!-- features-box end  -->      \n        \t\t\t\t<\/div>\n\t\t\t\t<\/div>\n\t\t\t\t<div data-dce-advanced-background-color=\"#F6F6F6\" class=\"elementor-element elementor-element-c05666e elementor-widget elementor-widget-feature_box\" data-id=\"c05666e\" data-element_type=\"widget\" data-e-type=\"widget\" data-widget_type=\"feature_box.default\">\n\t\t\t\t<div class=\"elementor-widget-container\">\n\t\t\t\t\t  \n        <!--features-box --> \n        <div class=\"features-box gray-bg\">\n                        <div class=\"time-line-icon\">\n                <i class=\"fal fa-megaphone\"><\/i>\n            <\/div>\n                        <h3>Marketing<\/h3>            <p>Fornecer uma plataforma de marketing com campanhas de vanguarda nos media digitais para assegurar que o seu consult\u00f3rio \u00e9 exibido aos clientes certos no momento certo.\n<\/p>\n<br>\n<br>        <\/div>\n        <!-- features-box end  -->      \n        \t\t\t\t<\/div>\n\t\t\t\t<\/div>\n\t\t\t\t<div data-dce-advanced-background-color=\"#FFFFFF\" class=\"elementor-element elementor-element-7952d48 elementor-widget elementor-widget-feature_box\" data-id=\"7952d48\" data-element_type=\"widget\" data-e-type=\"widget\" data-widget_type=\"feature_box.default\">\n\t\t\t\t<div class=\"elementor-widget-container\">\n\t\t\t\t\t  \n        <!--features-box --> \n        <div class=\"features-box\">\n                        <div class=\"time-line-icon\">\n                <i class=\"fad fa-users-medical\"><\/i>\n            <\/div>\n                        <h3>Melhor Experi\u00eancia do Cliente <\/h3>            <p>Renovar continuamente as experi\u00eancias dos clientes com experi\u00eancias nos consult\u00f3rios melhoradas, promo\u00e7\u00f5es personalizadas, eventos comunit\u00e1rios e sociais e redes de refer\u00eancia. <\/p>        <\/div>\n        <!-- features-box end  -->      \n        \t\t\t\t<\/div>\n\t\t\t\t<\/div>\n\t\t\t\t<div class=\"elementor-element elementor-element-7ba0fd5 elementor-widget elementor-widget-feature_box\" data-id=\"7ba0fd5\" data-element_type=\"widget\" data-e-type=\"widget\" data-widget_type=\"feature_box.default\">\n\t\t\t\t<div class=\"elementor-widget-container\">\n\t\t\t\t\t  \n        <!--features-box --> \n        <div class=\"features-box gray-bg\">\n                        <div class=\"time-line-icon\">\n                <i class=\"fal fa-ambulance\"><\/i>\n            <\/div>\n                        <h3>Planos de Sa\u00fade<\/h3>            <p>O plano de sa\u00fade da UNAVETS oferece aos clientes dos nossos consult\u00f3rios servi\u00e7os de cuidados de sa\u00fade preventivos de valor acrescentado \u00fanico.<\/p>        <\/div>\n        <!-- features-box end  -->      \n        \t\t\t\t<\/div>\n\t\t\t\t<\/div>\n\t\t\t\t\t<\/div>\n\t\t<\/div>\n\t\t\t\t<div class=\"elementor-column elementor-col-50 elementor-top-column elementor-element elementor-element-77beb88\" data-id=\"77beb88\" data-element_type=\"column\" data-e-type=\"column\" id=\"support_right\">\n\t\t\t<div class=\"elementor-widget-wrap elementor-element-populated\">\n\t\t\t\t\t\t<div data-dce-advanced-background-color=\"#FFFFFF\" class=\"elementor-element elementor-element-217e4b5 elementor-widget elementor-widget-feature_box\" data-id=\"217e4b5\" data-element_type=\"widget\" data-e-type=\"widget\" data-widget_type=\"feature_box.default\">\n\t\t\t\t<div class=\"elementor-widget-container\">\n\t\t\t\t\t  \n        <!--features-box --> \n        <div class=\"features-box gray-bg\">\n                        <div class=\"time-line-icon\">\n                <i class=\"fad fa-user-md\"><\/i>\n            <\/div>\n                        <h3>Contrata\u00e7\u00e3o e Desenvolvimento <\/h3>            <p>Apoiar os consult\u00f3rios na forma\u00e7\u00e3o de pessoal, orienta\u00e7\u00e3o de carreira e desenvolvimento profissional, incluindo forma\u00e7\u00e3o formal e no local de trabalho.<\/p>\n<br>        <\/div>\n        <!-- features-box end  -->      \n        \t\t\t\t<\/div>\n\t\t\t\t<\/div>\n\t\t\t\t<div data-dce-advanced-background-color=\"#FFFFFF\" class=\"elementor-element elementor-element-6239b3f elementor-widget elementor-widget-feature_box\" data-id=\"6239b3f\" data-element_type=\"widget\" data-e-type=\"widget\" data-widget_type=\"feature_box.default\">\n\t\t\t\t<div class=\"elementor-widget-container\">\n\t\t\t\t\t  \n        <!--features-box --> \n        <div class=\"features-box\">\n                        <div class=\"time-line-icon\">\n                <i class=\"fal fa-file-certificate\"><\/i>\n            <\/div>\n                        <h3>Forma\u00e7\u00e3o Cont\u00ednua <\/h3>            <p>A UNAVETS investe em programas de forma\u00e7\u00e3o, semin\u00e1rios, confer\u00eancias e outros desenvolvimentos profissionais cont\u00ednuos para a nossa equipa. Al\u00e9m disso, a transfer\u00eancia de conhecimentos entre consult\u00f3rios \u00e9 encorajada e fomentada.<\/p>\n<br>        <\/div>\n        <!-- features-box end  -->      \n        \t\t\t\t<\/div>\n\t\t\t\t<\/div>\n\t\t\t\t<div data-dce-advanced-background-color=\"#FFFFFF\" class=\"elementor-element elementor-element-b0e0b54 elementor-widget elementor-widget-feature_box\" data-id=\"b0e0b54\" data-element_type=\"widget\" data-e-type=\"widget\" data-widget_type=\"feature_box.default\">\n\t\t\t\t<div class=\"elementor-widget-container\">\n\t\t\t\t\t  \n        <!--features-box --> \n        <div class=\"features-box gray-bg\">\n                        <div class=\"time-line-icon\">\n                <i class=\"fal fa-laptop-medical\"><\/i>\n            <\/div>\n                        <h3>Oferta Digital de Ponta <\/h3>            <p> A UNAVETS est\u00e1 a criar experi\u00eancias online inovadoras e aplica\u00e7\u00f5es m\u00f3veis para apoiar os nossos consult\u00f3rios e expandir o seu alcance atrav\u00e9s das redes sociais, pesquisa Google e listagens locais.<p>        <\/div>\n        <!-- features-box end  -->      \n        \t\t\t\t<\/div>\n\t\t\t\t<\/div>\n\t\t\t\t<div data-dce-advanced-background-color=\"#F6F6F6\" class=\"elementor-element elementor-element-f664074 elementor-widget elementor-widget-feature_box\" data-id=\"f664074\" data-element_type=\"widget\" data-e-type=\"widget\" data-widget_type=\"feature_box.default\">\n\t\t\t\t<div class=\"elementor-widget-container\">\n\t\t\t\t\t  \n        <!--features-box --> \n        <div class=\"features-box\">\n                        <div class=\"time-line-icon\">\n                <i class=\"fad fa-hospital-alt\"><\/i>\n            <\/div>\n                        <h3>Transforma\u00e7\u00e3o de Consult\u00f3rios<\/h3>            <p>Apoio cont\u00ednuo para garantir ao seu consult\u00f3rio \u00e1reas de espera atualizadas, balc\u00e3o de atendimento, garantias de marketing, sinaliza\u00e7\u00e3o, e equipamento atualizado.<\/p>\n<br>        <\/div>\n        <!-- features-box end  -->      \n        \t\t\t\t<\/div>\n\t\t\t\t<\/div>\n\t\t\t\t<div data-dce-advanced-background-color=\"#FFFFFF\" class=\"elementor-element elementor-element-e26b947 elementor-widget elementor-widget-feature_box\" data-id=\"e26b947\" data-element_type=\"widget\" data-e-type=\"widget\" data-widget_type=\"feature_box.default\">\n\t\t\t\t<div class=\"elementor-widget-container\">\n\t\t\t\t\t  \n        <!--features-box --> \n        <div class=\"features-box gray-bg\">\n                        <div class=\"time-line-icon\">\n                <i class=\"fal fa-credit-card\"><\/i>\n            <\/div>\n                        <h3>Poder de compra<\/h3>            <p>As rela\u00e7\u00f5es com os principais fornecedores e parceiros permitem \u00e0 UNAVETS negociar taxas favor\u00e1veis.<\/p>\n<br>        <\/div>\n        <!-- features-box end  -->      \n        \t\t\t\t<\/div>\n\t\t\t\t<\/div>\n\t\t\t\t\t<\/div>\n\t\t<\/div>\n\t\t\t\t\t<\/div>\n\t\t<\/section>\n\t\t\t\t<section class=\"elementor-section elementor-top-section elementor-element elementor-element-1e4de5f elementor-section-boxed elementor-section-height-default elementor-section-height-default\" data-id=\"1e4de5f\" data-element_type=\"section\" data-e-type=\"section\">\n\t\t\t\t\t\t<div class=\"elementor-container elementor-column-gap-default\">\n\t\t\t\t\t<div class=\"elementor-column elementor-col-33 elementor-top-column elementor-element elementor-element-1dd755d\" data-id=\"1dd755d\" data-element_type=\"column\" data-e-type=\"column\">\n\t\t\t<div class=\"elementor-widget-wrap elementor-element-populated\">\n\t\t\t\t\t\t<div class=\"elementor-element elementor-element-00d42df elementor-align-left round-button elementor-widget elementor-widget-button\" data-id=\"00d42df\" data-element_type=\"widget\" data-e-type=\"widget\" data-widget_type=\"button.default\">\n\t\t\t\t<div class=\"elementor-widget-container\">\n\t\t\t\t\t\t\t\t\t<div class=\"elementor-button-wrapper\">\n\t\t\t\t\t<a class=\"elementor-button elementor-button-link elementor-size-sm\" href=\"https:\/\/www.unavets.com\/pt-pt\/sobre-unavets\/\">\n\t\t\t\t\t\t<span class=\"elementor-button-content-wrapper\">\n\t\t\t\t\t\t<span class=\"elementor-button-icon\">\n\t\t\t\t<i aria-hidden=\"true\" class=\"fas fa-arrow-left\"><\/i>\t\t\t<\/span>\n\t\t\t\t\t\t\t\t\t<span class=\"elementor-button-text\">Anterior: Sobre UNAVETS<\/span>\n\t\t\t\t\t<\/span>\n\t\t\t\t\t<\/a>\n\t\t\t\t<\/div>\n\t\t\t\t\t\t\t\t<\/div>\n\t\t\t\t<\/div>\n\t\t\t\t\t<\/div>\n\t\t<\/div>\n\t\t\t\t<div class=\"elementor-column elementor-col-33 elementor-top-column elementor-element elementor-element-cc64619\" data-id=\"cc64619\" data-element_type=\"column\" data-e-type=\"column\">\n\t\t\t<div class=\"elementor-widget-wrap\">\n\t\t\t\t\t\t\t<\/div>\n\t\t<\/div>\n\t\t\t\t<div class=\"elementor-column elementor-col-33 elementor-top-column elementor-element elementor-element-7e036b5\" data-id=\"7e036b5\" data-element_type=\"column\" data-e-type=\"column\">\n\t\t\t<div class=\"elementor-widget-wrap elementor-element-populated\">\n\t\t\t\t\t\t<div class=\"elementor-element elementor-element-08bf149 elementor-align-right round-button elementor-widget elementor-widget-button\" data-id=\"08bf149\" data-element_type=\"widget\" data-e-type=\"widget\" data-widget_type=\"button.default\">\n\t\t\t\t<div class=\"elementor-widget-container\">\n\t\t\t\t\t\t\t\t\t<div class=\"elementor-button-wrapper\">\n\t\t\t\t\t<a class=\"elementor-button elementor-button-link elementor-size-sm\" href=\"https:\/\/www.unavets.com\/pt-pt\/como-juntar-se-a-nos\/\">\n\t\t\t\t\t\t<span class=\"elementor-button-content-wrapper\">\n\t\t\t\t\t\t<span class=\"elementor-button-icon\">\n\t\t\t\t<i aria-hidden=\"true\" class=\"fas fa-arrow-right\"><\/i>\t\t\t<\/span>\n\t\t\t\t\t\t\t\t\t<span class=\"elementor-button-text\">Seguinte: Como Juntar-se a N\u00f3s<\/span>\n\t\t\t\t\t<\/span>\n\t\t\t\t\t<\/a>\n\t\t\t\t<\/div>\n\t\t\t\t\t\t\t\t<\/div>\n\t\t\t\t<\/div>\n\t\t\t\t\t<\/div>\n\t\t<\/div>\n\t\t\t\t\t<\/div>\n\t\t<\/section>\n\t\t\t\t<\/div>\n\t\t","protected":false},"excerpt":{"rendered":"<p>Apoio aos nossos Consult\u00f3rios e Hospitais Apoio Empresarial Fornecer apoio comercial completo aos consult\u00f3rios, incluindo Finan\u00e7as e Compras, Contabilidade, Jur\u00eddico, Recrutamento, Forma\u00e7\u00e3o, Instala\u00e7\u00f5es e Equipamento, Digital, Marketing, e Gest\u00e3o de TI. Lideran\u00e7a do Pensamento Fomentar a ind\u00fastria e a cria\u00e7\u00e3o de redes e desenvolvimento de grupos. Permite a partilha e a colabora\u00e7\u00e3o em casos especiais &hellip; <\/p>\n","protected":false},"author":1,"featured_media":0,"parent":0,"menu_order":0,"comment_status":"closed","ping_status":"closed","template":"page-fullwidth.php","meta":{"_acf_changed":false,"content-type":"","footnotes":""},"class_list":["post-22048","page","type-page","status-publish","hentry"],"acf":[],"_links":{"self":[{"href":"https:\/\/www.unavets.com\/pt-pt\/wp-json\/wp\/v2\/pages\/22048","targetHints":{"allow":["GET"]}}],"collection":[{"href":"https:\/\/www.unavets.com\/pt-pt\/wp-json\/wp\/v2\/pages"}],"about":[{"href":"https:\/\/www.unavets.com\/pt-pt\/wp-json\/wp\/v2\/types\/page"}],"author":[{"embeddable":true,"href":"https:\/\/www.unavets.com\/pt-pt\/wp-json\/wp\/v2\/users\/1"}],"replies":[{"embeddable":true,"href":"https:\/\/www.unavets.com\/pt-pt\/wp-json\/wp\/v2\/comments?post=22048"}],"version-history":[{"count":0,"href":"https:\/\/www.unavets.com\/pt-pt\/wp-json\/wp\/v2\/pages\/22048\/revisions"}],"wp:attachment":[{"href":"https:\/\/www.unavets.com\/pt-pt\/wp-json\/wp\/v2\/media?parent=22048"}],"curies":[{"name":"wp","href":"https:\/\/api.w.org\/{rel}","templated":true}]}}