{"id":22033,"date":"2022-03-21T16:09:44","date_gmt":"2022-03-21T16:09:44","guid":{"rendered":"https:\/\/www.unavets.com\/como-juntar-se-a-nos\/"},"modified":"2022-07-04T20:07:56","modified_gmt":"2022-07-04T20:07:56","slug":"como-juntar-se-a-nos","status":"publish","type":"page","link":"https:\/\/www.unavets.com\/pt-pt\/como-juntar-se-a-nos\/","title":{"rendered":"Como Juntar-se a N\u00f3s"},"content":{"rendered":"\t\t<div data-elementor-type=\"wp-post\" data-elementor-id=\"22033\" class=\"elementor elementor-22033 elementor-12619\" data-elementor-post-type=\"page\">\n\t\t\t\t\t\t<section data-dce-background-color=\"#FFFFFF\" class=\"elementor-section elementor-top-section elementor-element elementor-element-505d5d5 gray-bg particles-decor elementor-section-boxed elementor-section-height-default elementor-section-height-default\" data-id=\"505d5d5\" data-element_type=\"section\" data-e-type=\"section\" id=\"main-sec\" data-settings=\"{&quot;background_background&quot;:&quot;classic&quot;}\">\n\t\t\t\t\t\t<div class=\"elementor-container elementor-column-gap-default\">\n\t\t\t\t\t<div class=\"elementor-column elementor-col-100 elementor-top-column elementor-element elementor-element-6f5a9b0\" data-id=\"6f5a9b0\" data-element_type=\"column\" data-e-type=\"column\">\n\t\t\t<div class=\"elementor-widget-wrap elementor-element-populated\">\n\t\t\t\t\t\t<section class=\"elementor-section elementor-inner-section elementor-element elementor-element-64d3993 elementor-section-boxed elementor-section-height-default elementor-section-height-default\" data-id=\"64d3993\" data-element_type=\"section\" data-e-type=\"section\">\n\t\t\t\t\t\t<div class=\"elementor-container elementor-column-gap-default\">\n\t\t\t\t\t<div class=\"elementor-column elementor-col-100 elementor-inner-column elementor-element elementor-element-07dda7f\" data-id=\"07dda7f\" data-element_type=\"column\" data-e-type=\"column\">\n\t\t\t<div class=\"elementor-widget-wrap elementor-element-populated\">\n\t\t\t\t\t\t<div class=\"elementor-element elementor-element-0d23dd5 elementor-widget elementor-widget-text-editor\" data-id=\"0d23dd5\" data-element_type=\"widget\" data-e-type=\"widget\" data-widget_type=\"text-editor.default\">\n\t\t\t\t<div class=\"elementor-widget-container\">\n\t\t\t\t\t\t\t\t\t<p>Durante o processo de aquisi\u00e7\u00e3o da UNAVETS, trabalharemos consigo para avaliar adequadamente as suas necessidades e para o acompanhar atrav\u00e9s dos passos financeiros e legais necess\u00e1rios a alcan\u00e7ar uma venda.Para criar uma experi\u00eancia positiva que lhe permita continuar as suas opera\u00e7\u00f5es quotidianas, cri\u00e1mos um processo que nos permite conhecermo-nos mutuamente.&nbsp;<\/p>\n\t\t\t\t\t\t\t\t<\/div>\n\t\t\t\t<\/div>\n\t\t\t\t\t<\/div>\n\t\t<\/div>\n\t\t\t\t\t<\/div>\n\t\t<\/section>\n\t\t\t\t<section data-dce-background-color=\"#FFFFFF\" class=\"elementor-section elementor-inner-section elementor-element elementor-element-bc43731 gray-bg elementor-section-boxed elementor-section-height-default elementor-section-height-default\" data-id=\"bc43731\" data-element_type=\"section\" data-e-type=\"section\" data-settings=\"{&quot;background_background&quot;:&quot;classic&quot;}\">\n\t\t\t\t\t\t<div class=\"elementor-container elementor-column-gap-no\">\n\t\t\t\t\t<div class=\"elementor-column elementor-col-33 elementor-inner-column elementor-element elementor-element-624963b\" data-id=\"624963b\" data-element_type=\"column\" data-e-type=\"column\">\n\t\t\t<div class=\"elementor-widget-wrap elementor-element-populated\">\n\t\t\t\t\t\t<div class=\"elementor-element elementor-element-fbd1064 elementor-widget elementor-widget-process\" data-id=\"fbd1064\" data-element_type=\"widget\" data-e-type=\"widget\" data-widget_type=\"process.default\">\n\t\t\t\t<div class=\"elementor-widget-container\">\n\t\t\t\t\t        <!--process-item-->\n        <div class=\"process-item-wrap\">\n            <div class=\"process-item_time-line bot-decor-no\">\n                <div class=\"pi_head color-bg\">1<\/div>                <div class=\"pi-text fl-wrap\">\n                                        <h4>Revis\u00e3o Preliminar (NDA)<\/h4>                    <p>Inclui a recolha de informa\u00e7\u00f5es preliminares e um acordo de n\u00e3o divulga\u00e7\u00e3o (NDA) para que possamos compreender o seu neg\u00f3cio.<\/p>                <\/div>\n                \n            <\/div>\n        <\/div>\n        <!--process-item end-->\n        \t\t\t\t<\/div>\n\t\t\t\t<\/div>\n\t\t\t\t\t<\/div>\n\t\t<\/div>\n\t\t\t\t<div class=\"elementor-column elementor-col-33 elementor-inner-column elementor-element elementor-element-1de1250\" data-id=\"1de1250\" data-element_type=\"column\" data-e-type=\"column\">\n\t\t\t<div class=\"elementor-widget-wrap elementor-element-populated\">\n\t\t\t\t\t\t<div class=\"elementor-element elementor-element-e3c4160 elementor-widget elementor-widget-process\" data-id=\"e3c4160\" data-element_type=\"widget\" data-e-type=\"widget\" data-widget_type=\"process.default\">\n\t\t\t\t<div class=\"elementor-widget-container\">\n\t\t\t\t\t        <!--process-item-->\n        <div class=\"process-item-wrap\">\n            <div class=\"process-item_time-line bot-decor-no\">\n                <div class=\"pi_head color-bg\">2<\/div>                <div class=\"pi-text fl-wrap\">\n                                        <h4>Oferta (LOI)<\/h4>                    <p>Os termos ser\u00e3o propostos com base na oportunidade partilhada e ser\u00e1 realizada uma oferta; e se acordado, \u00e9 assinada uma carta de inten\u00e7\u00f5es (LOI).<\/p>                <\/div>\n                \n            <\/div>\n        <\/div>\n        <!--process-item end-->\n        \t\t\t\t<\/div>\n\t\t\t\t<\/div>\n\t\t\t\t\t<\/div>\n\t\t<\/div>\n\t\t\t\t<div class=\"elementor-column elementor-col-33 elementor-inner-column elementor-element elementor-element-8fbecee\" data-id=\"8fbecee\" data-element_type=\"column\" data-e-type=\"column\">\n\t\t\t<div class=\"elementor-widget-wrap elementor-element-populated\">\n\t\t\t\t\t\t<div class=\"elementor-element elementor-element-d4beca8 elementor-widget elementor-widget-process\" data-id=\"d4beca8\" data-element_type=\"widget\" data-e-type=\"widget\" data-widget_type=\"process.default\">\n\t\t\t\t<div class=\"elementor-widget-container\">\n\t\t\t\t\t        <!--process-item-->\n        <div class=\"process-item-wrap\">\n            <div class=\"process-item_time-line bot-decor-\">\n                <div class=\"pi_head color-bg\">3<\/div>                <div class=\"pi-text fl-wrap\">\n                                        <h4>Due Diligence<\/h4>                    <p>\u00c9 realizado um processo formal de Due Diligence Legal e Financeira para verificar o perfil comercial do consult\u00f3rio.<\/p><p>\u00a0<\/p>                <\/div>\n                \n            <\/div>\n        <\/div>\n        <!--process-item end-->\n        \t\t\t\t<\/div>\n\t\t\t\t<\/div>\n\t\t\t\t\t<\/div>\n\t\t<\/div>\n\t\t\t\t\t<\/div>\n\t\t<\/section>\n\t\t\t\t<section data-dce-background-color=\"#FFFFFF\" class=\"elementor-section elementor-inner-section elementor-element elementor-element-a0d8437 gray-bg elementor-section-boxed elementor-section-height-default elementor-section-height-default\" data-id=\"a0d8437\" data-element_type=\"section\" data-e-type=\"section\" data-settings=\"{&quot;background_background&quot;:&quot;classic&quot;}\">\n\t\t\t\t\t\t<div class=\"elementor-container elementor-column-gap-no\">\n\t\t\t\t\t<div class=\"elementor-column elementor-col-33 elementor-inner-column elementor-element elementor-element-3378288\" data-id=\"3378288\" data-element_type=\"column\" data-e-type=\"column\">\n\t\t\t<div class=\"elementor-widget-wrap elementor-element-populated\">\n\t\t\t\t\t\t<div class=\"elementor-element elementor-element-97e8460 elementor-widget elementor-widget-process\" data-id=\"97e8460\" data-element_type=\"widget\" data-e-type=\"widget\" data-widget_type=\"process.default\">\n\t\t\t\t<div class=\"elementor-widget-container\">\n\t\t\t\t\t        <!--process-item-->\n        <div class=\"process-item-wrap\">\n            <div class=\"process-item_time-line bot-decor-no\">\n                <div class=\"pi_head color-bg\">4<\/div>                <div class=\"pi-text fl-wrap\">\n                                        <h4>Acordos <\/h4>                    <p>Os acordos de compra ser\u00e3o redigidos de modo a refletir os termos mutuamente acordados.<\/p>                <\/div>\n                \n            <\/div>\n        <\/div>\n        <!--process-item end-->\n        \t\t\t\t<\/div>\n\t\t\t\t<\/div>\n\t\t\t\t\t<\/div>\n\t\t<\/div>\n\t\t\t\t<div class=\"elementor-column elementor-col-33 elementor-inner-column elementor-element elementor-element-7c9ab1b\" data-id=\"7c9ab1b\" data-element_type=\"column\" data-e-type=\"column\">\n\t\t\t<div class=\"elementor-widget-wrap elementor-element-populated\">\n\t\t\t\t\t\t<div class=\"elementor-element elementor-element-9f05bae elementor-widget elementor-widget-process\" data-id=\"9f05bae\" data-element_type=\"widget\" data-e-type=\"widget\" data-widget_type=\"process.default\">\n\t\t\t\t<div class=\"elementor-widget-container\">\n\t\t\t\t\t        <!--process-item-->\n        <div class=\"process-item-wrap\">\n            <div class=\"process-item_time-line bot-decor-no\">\n                <div class=\"pi_head color-bg\">5<\/div>                <div class=\"pi-text fl-wrap\">\n                                        <h4>Encerramento & Transi\u00e7\u00e3o <\/h4>                    <p>Realize acordos e re\u00fana-se com o resto da equipa UNAVETS!<br \/><br \/><\/p>                <\/div>\n                \n            <\/div>\n        <\/div>\n        <!--process-item end-->\n        \t\t\t\t<\/div>\n\t\t\t\t<\/div>\n\t\t\t\t\t<\/div>\n\t\t<\/div>\n\t\t\t\t<div class=\"elementor-column elementor-col-33 elementor-inner-column elementor-element elementor-element-d311d46\" data-id=\"d311d46\" data-element_type=\"column\" data-e-type=\"column\">\n\t\t\t<div class=\"elementor-widget-wrap elementor-element-populated\">\n\t\t\t\t\t\t<div class=\"elementor-element elementor-element-a02749d elementor-widget elementor-widget-process\" data-id=\"a02749d\" data-element_type=\"widget\" data-e-type=\"widget\" data-widget_type=\"process.default\">\n\t\t\t\t<div class=\"elementor-widget-container\">\n\t\t\t\t\t        <!--process-item-->\n        <div class=\"process-item-wrap\">\n            <div class=\"process-item_time-line bot-decor-yes\">\n                <div class=\"pi_head color-bg\">6<\/div>                <div class=\"pi-text fl-wrap\">\n                                        <h4>Integra\u00e7\u00e3o de Parceiros <\/h4>                    <p>A equipa de Parceiros da UNAVETS ir\u00e1 acompanh\u00e1-lo atrav\u00e9s do nosso processo de integra\u00e7\u00e3o.<\/p>                <\/div>\n                \n            <\/div>\n        <\/div>\n        <!--process-item end-->\n        \t\t\t\t<\/div>\n\t\t\t\t<\/div>\n\t\t\t\t\t<\/div>\n\t\t<\/div>\n\t\t\t\t\t<\/div>\n\t\t<\/section>\n\t\t\t\t<section data-dce-background-color=\"#FFFFFF\" class=\"elementor-section elementor-inner-section elementor-element elementor-element-875ae06 gray-bg elementor-section-boxed elementor-section-height-default elementor-section-height-default\" data-id=\"875ae06\" data-element_type=\"section\" data-e-type=\"section\" data-settings=\"{&quot;background_background&quot;:&quot;classic&quot;}\">\n\t\t\t\t\t\t<div class=\"elementor-container elementor-column-gap-no\">\n\t\t\t\t\t<div class=\"elementor-column elementor-col-33 elementor-inner-column elementor-element elementor-element-ac941d9\" data-id=\"ac941d9\" data-element_type=\"column\" data-e-type=\"column\">\n\t\t\t<div class=\"elementor-widget-wrap\">\n\t\t\t\t\t\t\t<\/div>\n\t\t<\/div>\n\t\t\t\t<div class=\"elementor-column elementor-col-33 elementor-inner-column elementor-element elementor-element-92c32b9\" data-id=\"92c32b9\" data-element_type=\"column\" data-e-type=\"column\">\n\t\t\t<div class=\"elementor-widget-wrap elementor-element-populated\">\n\t\t\t\t\t\t<div class=\"elementor-element elementor-element-f37299b elementor-widget elementor-widget-process\" data-id=\"f37299b\" data-element_type=\"widget\" data-e-type=\"widget\" data-widget_type=\"process.default\">\n\t\t\t\t<div class=\"elementor-widget-container\">\n\t\t\t\t\t        <!--process-item-->\n        <div class=\"process-item-wrap\">\n            <div class=\"process-item_time-line bot-decor-no\">\n                <div class=\"pi_head color-bg\">7<\/div>                <div class=\"pi-text fl-wrap\">\n                                        <h4>Crescimento Futuro <\/h4>                    <p>Chegue a acordo sobre um plano de a\u00e7\u00e3o cl\u00ednica que incorpore RH, Opera\u00e7\u00f5es, Finan\u00e7as, Digital, Marketing &amp; Forma\u00e7\u00e3o.<\/p>                <\/div>\n                \n            <\/div>\n        <\/div>\n        <!--process-item end-->\n        \t\t\t\t<\/div>\n\t\t\t\t<\/div>\n\t\t\t\t\t<\/div>\n\t\t<\/div>\n\t\t\t\t<div class=\"elementor-column elementor-col-33 elementor-inner-column elementor-element elementor-element-46a45ee\" data-id=\"46a45ee\" data-element_type=\"column\" data-e-type=\"column\">\n\t\t\t<div class=\"elementor-widget-wrap\">\n\t\t\t\t\t\t\t<\/div>\n\t\t<\/div>\n\t\t\t\t\t<\/div>\n\t\t<\/section>\n\t\t\t\t\t<\/div>\n\t\t<\/div>\n\t\t\t\t\t<\/div>\n\t\t<\/section>\n\t\t\t\t<section class=\"elementor-section elementor-top-section elementor-element elementor-element-efc8b18 elementor-section-boxed elementor-section-height-default elementor-section-height-default\" data-id=\"efc8b18\" data-element_type=\"section\" data-e-type=\"section\">\n\t\t\t\t\t\t<div class=\"elementor-container elementor-column-gap-default\">\n\t\t\t\t\t<div class=\"elementor-column elementor-col-33 elementor-top-column elementor-element elementor-element-4f5d17b\" data-id=\"4f5d17b\" data-element_type=\"column\" data-e-type=\"column\">\n\t\t\t<div class=\"elementor-widget-wrap elementor-element-populated\">\n\t\t\t\t\t\t<div class=\"elementor-element elementor-element-e91f589 elementor-align-left elementor-widget elementor-widget-button\" data-id=\"e91f589\" data-element_type=\"widget\" data-e-type=\"widget\" data-widget_type=\"button.default\">\n\t\t\t\t<div class=\"elementor-widget-container\">\n\t\t\t\t\t\t\t\t\t<div class=\"elementor-button-wrapper\">\n\t\t\t\t\t<a class=\"elementor-button elementor-button-link elementor-size-sm\" href=\"https:\/\/www.unavets.com\/pt-pt\/beneficios-unavets\/\">\n\t\t\t\t\t\t<span class=\"elementor-button-content-wrapper\">\n\t\t\t\t\t\t<span class=\"elementor-button-icon\">\n\t\t\t\t<i aria-hidden=\"true\" class=\"fas fa-arrow-left\"><\/i>\t\t\t<\/span>\n\t\t\t\t\t\t\t\t\t<span class=\"elementor-button-text\">Anterior: Benef\u00edcios UNAVETS<\/span>\n\t\t\t\t\t<\/span>\n\t\t\t\t\t<\/a>\n\t\t\t\t<\/div>\n\t\t\t\t\t\t\t\t<\/div>\n\t\t\t\t<\/div>\n\t\t\t\t\t<\/div>\n\t\t<\/div>\n\t\t\t\t<div class=\"elementor-column elementor-col-33 elementor-top-column elementor-element elementor-element-3a3a05a\" data-id=\"3a3a05a\" data-element_type=\"column\" data-e-type=\"column\">\n\t\t\t<div class=\"elementor-widget-wrap\">\n\t\t\t\t\t\t\t<\/div>\n\t\t<\/div>\n\t\t\t\t<div class=\"elementor-column elementor-col-33 elementor-top-column elementor-element elementor-element-cef2185\" data-id=\"cef2185\" data-element_type=\"column\" data-e-type=\"column\">\n\t\t\t<div class=\"elementor-widget-wrap elementor-element-populated\">\n\t\t\t\t\t\t<div class=\"elementor-element elementor-element-c13e6f1 elementor-align-right elementor-widget elementor-widget-button\" data-id=\"c13e6f1\" data-element_type=\"widget\" data-e-type=\"widget\" data-widget_type=\"button.default\">\n\t\t\t\t<div class=\"elementor-widget-container\">\n\t\t\t\t\t\t\t\t\t<div class=\"elementor-button-wrapper\">\n\t\t\t\t\t<a class=\"elementor-button elementor-button-link elementor-size-sm\" href=\"https:\/\/www.unavets.com\/pt-pt\/contacte-nos\/\">\n\t\t\t\t\t\t<span class=\"elementor-button-content-wrapper\">\n\t\t\t\t\t\t<span class=\"elementor-button-icon\">\n\t\t\t\t<i aria-hidden=\"true\" class=\"fas fa-arrow-right\"><\/i>\t\t\t<\/span>\n\t\t\t\t\t\t\t\t\t<span class=\"elementor-button-text\">Seguinte: Contacte-nos<\/span>\n\t\t\t\t\t<\/span>\n\t\t\t\t\t<\/a>\n\t\t\t\t<\/div>\n\t\t\t\t\t\t\t\t<\/div>\n\t\t\t\t<\/div>\n\t\t\t\t\t<\/div>\n\t\t<\/div>\n\t\t\t\t\t<\/div>\n\t\t<\/section>\n\t\t\t\t<\/div>\n\t\t","protected":false},"excerpt":{"rendered":"<p>Durante o processo de aquisi\u00e7\u00e3o da UNAVETS, trabalharemos consigo para avaliar adequadamente as suas necessidades e para o acompanhar atrav\u00e9s dos passos financeiros e legais necess\u00e1rios a alcan\u00e7ar uma venda.Para criar uma experi\u00eancia positiva que lhe permita continuar as suas opera\u00e7\u00f5es quotidianas, cri\u00e1mos um processo que nos permite conhecermo-nos mutuamente.&nbsp; 1 Revis\u00e3o Preliminar (NDA) Inclui &hellip; <\/p>\n","protected":false},"author":4,"featured_media":0,"parent":0,"menu_order":0,"comment_status":"closed","ping_status":"closed","template":"page-fullwidth.php","meta":{"_acf_changed":false,"content-type":"","footnotes":""},"class_list":["post-22033","page","type-page","status-publish","hentry"],"acf":[],"_links":{"self":[{"href":"https:\/\/www.unavets.com\/pt-pt\/wp-json\/wp\/v2\/pages\/22033","targetHints":{"allow":["GET"]}}],"collection":[{"href":"https:\/\/www.unavets.com\/pt-pt\/wp-json\/wp\/v2\/pages"}],"about":[{"href":"https:\/\/www.unavets.com\/pt-pt\/wp-json\/wp\/v2\/types\/page"}],"author":[{"embeddable":true,"href":"https:\/\/www.unavets.com\/pt-pt\/wp-json\/wp\/v2\/users\/4"}],"replies":[{"embeddable":true,"href":"https:\/\/www.unavets.com\/pt-pt\/wp-json\/wp\/v2\/comments?post=22033"}],"version-history":[{"count":0,"href":"https:\/\/www.unavets.com\/pt-pt\/wp-json\/wp\/v2\/pages\/22033\/revisions"}],"wp:attachment":[{"href":"https:\/\/www.unavets.com\/pt-pt\/wp-json\/wp\/v2\/media?parent=22033"}],"curies":[{"name":"wp","href":"https:\/\/api.w.org\/{rel}","templated":true}]}}