{"id":22012,"date":"2022-03-21T16:09:43","date_gmt":"2022-03-21T16:09:43","guid":{"rendered":"https:\/\/www.unavets.com\/medicina-felina\/"},"modified":"2022-05-17T15:02:55","modified_gmt":"2022-05-17T15:02:55","slug":"medicina-felina","status":"publish","type":"page","link":"https:\/\/www.unavets.com\/pt-pt\/medicina-felina\/","title":{"rendered":"Medicina Felina"},"content":{"rendered":"\t\t<div data-elementor-type=\"wp-page\" data-elementor-id=\"22012\" class=\"elementor elementor-22012 elementor-16871\" data-elementor-post-type=\"page\">\n\t\t\t\t\t\t<section class=\"elementor-section elementor-top-section elementor-element elementor-element-d168079 elementor-section-boxed elementor-section-height-default elementor-section-height-default\" data-id=\"d168079\" data-element_type=\"section\" data-e-type=\"section\" id=\"main-sec\">\n\t\t\t\t\t\t<div class=\"elementor-container elementor-column-gap-default\">\n\t\t\t\t\t<div class=\"elementor-column elementor-col-100 elementor-top-column elementor-element elementor-element-81a755a\" data-id=\"81a755a\" data-element_type=\"column\" data-e-type=\"column\">\n\t\t\t<div class=\"elementor-widget-wrap elementor-element-populated\">\n\t\t\t\t\t\t<div class=\"elementor-element elementor-element-b7bb85c elementor-widget elementor-widget-section_titleleft\" data-id=\"b7bb85c\" data-element_type=\"widget\" data-e-type=\"widget\" data-widget_type=\"section_titleleft.default\">\n\t\t\t\t<div class=\"elementor-widget-container\">\n\t\t\t\t\t        <div class=\"ab_text-title fl-wrap\">\n            Os gatos s\u00e3o muito diferentes dos c\u00e3es, o seu comportamento, movimento e at\u00e9 as suas doen\u00e7as s\u00e3o totalmente diferentes dos c\u00e3es, raz\u00e3o pela qual o nosso centro tem instala\u00e7\u00f5es concebidas especificamente para gatos, uma sala de espera, sala de consultas e hospitaliza\u00e7\u00e3o exclusivas para eles, e veterin\u00e1rios e assistentes com forma\u00e7\u00e3o espec\u00edfica em medicina felina, que adoram gatos e sabem como lidar com eles e trat\u00e1-los.        <\/div>\n        \t\t\t\t<\/div>\n\t\t\t\t<\/div>\n\t\t\t\t<div class=\"elementor-element elementor-element-100bdd8 elementor-align-center elementor-widget elementor-widget-button\" data-id=\"100bdd8\" data-element_type=\"widget\" data-e-type=\"widget\" data-widget_type=\"button.default\">\n\t\t\t\t<div class=\"elementor-widget-container\">\n\t\t\t\t\t\t\t\t\t<div class=\"elementor-button-wrapper\">\n\t\t\t\t\t<a class=\"elementor-button elementor-button-link elementor-size-sm\" href=\"https:\/\/www.unavets.com\/pt-pt\/os-nossos-consultorios\/\">\n\t\t\t\t\t\t<span class=\"elementor-button-content-wrapper\">\n\t\t\t\t\t\t\t\t\t<span class=\"elementor-button-text\">Encontre o consult\u00f3rio UNAVETS mais pr\u00f3ximo<\/span>\n\t\t\t\t\t<\/span>\n\t\t\t\t\t<\/a>\n\t\t\t\t<\/div>\n\t\t\t\t\t\t\t\t<\/div>\n\t\t\t\t<\/div>\n\t\t\t\t<div class=\"elementor-element elementor-element-64203ec elementor-widget elementor-widget-image\" data-id=\"64203ec\" data-element_type=\"widget\" data-e-type=\"widget\" data-widget_type=\"image.default\">\n\t\t\t\t<div class=\"elementor-widget-container\">\n\t\t\t\t\t\t\t\t\t\t\t\t\t\t\t<img fetchpriority=\"high\" decoding=\"async\" width=\"724\" height=\"529\" src=\"https:\/\/www.unavets.com\/wp-content\/uploads\/2021\/05\/shutterstock_471593315-2-768x561.jpg\" class=\"attachment-medium_large size-medium_large wp-image-16868\" alt=\"\" \/>\t\t\t\t\t\t\t\t\t\t\t\t\t\t\t<\/div>\n\t\t\t\t<\/div>\n\t\t\t\t\t<\/div>\n\t\t<\/div>\n\t\t\t\t\t<\/div>\n\t\t<\/section>\n\t\t\t\t<\/div>\n\t\t","protected":false},"excerpt":{"rendered":"<p>Os gatos s\u00e3o muito diferentes dos c\u00e3es, o seu comportamento, movimento e at\u00e9 as suas doen\u00e7as s\u00e3o totalmente diferentes dos c\u00e3es, raz\u00e3o pela qual o nosso centro tem instala\u00e7\u00f5es concebidas especificamente para gatos, uma sala de espera, sala de consultas e hospitaliza\u00e7\u00e3o exclusivas para eles, e veterin\u00e1rios e assistentes com forma\u00e7\u00e3o espec\u00edfica em medicina felina, &hellip; <\/p>\n","protected":false},"author":4,"featured_media":0,"parent":0,"menu_order":0,"comment_status":"closed","ping_status":"closed","template":"page-fullwidth.php","meta":{"_acf_changed":false,"content-type":"","footnotes":""},"class_list":["post-22012","page","type-page","status-publish","hentry"],"acf":[],"_links":{"self":[{"href":"https:\/\/www.unavets.com\/pt-pt\/wp-json\/wp\/v2\/pages\/22012","targetHints":{"allow":["GET"]}}],"collection":[{"href":"https:\/\/www.unavets.com\/pt-pt\/wp-json\/wp\/v2\/pages"}],"about":[{"href":"https:\/\/www.unavets.com\/pt-pt\/wp-json\/wp\/v2\/types\/page"}],"author":[{"embeddable":true,"href":"https:\/\/www.unavets.com\/pt-pt\/wp-json\/wp\/v2\/users\/4"}],"replies":[{"embeddable":true,"href":"https:\/\/www.unavets.com\/pt-pt\/wp-json\/wp\/v2\/comments?post=22012"}],"version-history":[{"count":0,"href":"https:\/\/www.unavets.com\/pt-pt\/wp-json\/wp\/v2\/pages\/22012\/revisions"}],"wp:attachment":[{"href":"https:\/\/www.unavets.com\/pt-pt\/wp-json\/wp\/v2\/media?parent=22012"}],"curies":[{"name":"wp","href":"https:\/\/api.w.org\/{rel}","templated":true}]}}