{"id":21999,"date":"2022-03-21T16:09:42","date_gmt":"2022-03-21T16:09:42","guid":{"rendered":"https:\/\/www.unavets.com\/aconselhamento-nutricional\/"},"modified":"2022-05-17T14:55:48","modified_gmt":"2022-05-17T14:55:48","slug":"aconselhamento-nutricional","status":"publish","type":"page","link":"https:\/\/www.unavets.com\/pt-pt\/aconselhamento-nutricional\/","title":{"rendered":"Aconselhamento Nutricional"},"content":{"rendered":"\t\t<div data-elementor-type=\"wp-page\" data-elementor-id=\"21999\" class=\"elementor elementor-21999 elementor-16874\" data-elementor-post-type=\"page\">\n\t\t\t\t\t\t<section class=\"elementor-section elementor-top-section elementor-element elementor-element-ef54e43 elementor-section-boxed elementor-section-height-default elementor-section-height-default\" data-id=\"ef54e43\" data-element_type=\"section\" data-e-type=\"section\" id=\"main-sec\">\n\t\t\t\t\t\t<div class=\"elementor-container elementor-column-gap-default\">\n\t\t\t\t\t<div class=\"elementor-column elementor-col-50 elementor-top-column elementor-element elementor-element-33d4413\" data-id=\"33d4413\" data-element_type=\"column\" data-e-type=\"column\">\n\t\t\t<div class=\"elementor-widget-wrap elementor-element-populated\">\n\t\t\t\t\t\t<div class=\"elementor-element elementor-element-b1127ad elementor-widget elementor-widget-text-editor\" data-id=\"b1127ad\" data-element_type=\"widget\" data-e-type=\"widget\" data-widget_type=\"text-editor.default\">\n\t\t\t\t<div class=\"elementor-widget-container\">\n\t\t\t\t\t\t\t\t\t<p><span style=\"font-weight: 400\">Uma boa alimenta\u00e7\u00e3o \u00e9 a fundamental para um bom estado de sa\u00fade e para melhorar a qualidade de vida dos nossos animais de estima\u00e7\u00e3o.<\/span><\/p>\n<p><span style=\"font-weight: 400\">As necessidades nutricionais de c\u00e3es e gatos s\u00e3o diferentes nas v\u00e1rias etapas da vida: cachorro, adulto e s\u00e9nior. Uma alimenta\u00e7\u00e3o adequada a cada etapa ajuda a impedir doen\u00e7as como, por exemplo, artrose, insufici\u00eancia renal, doen\u00e7a hep\u00e1tica ou card\u00edaca, ou doen\u00e7a periodontal.<\/span><\/p>\n<p><span style=\"font-weight: 400\">Podemos oferecer aconselhamento sobre a alimenta\u00e7\u00e3o mais adequada a cada momento da sua vida, incluindo quando surgem problemas de excesso de peso, determinadas enfermidades ou durante o per\u00edodo de convalescen\u00e7a depois de uma interven\u00e7\u00e3o cir\u00fargica.<\/span> <\/p>\n<p><span style=\"font-weight: 400\">Dispomos de uma loja especializada com uma ampla gama de alimentos equilibrados para c\u00e3es e gatos.<\/span><\/p>\n\t\t\t\t\t\t\t\t<\/div>\n\t\t\t\t<\/div>\n\t\t\t\t\t<\/div>\n\t\t<\/div>\n\t\t\t\t<div class=\"elementor-column elementor-col-50 elementor-top-column elementor-element elementor-element-edba810\" data-id=\"edba810\" data-element_type=\"column\" data-e-type=\"column\">\n\t\t\t<div class=\"elementor-widget-wrap elementor-element-populated\">\n\t\t\t\t\t\t<div class=\"elementor-element elementor-element-4eed034 elementor-widget elementor-widget-image\" data-id=\"4eed034\" data-element_type=\"widget\" data-e-type=\"widget\" data-widget_type=\"image.default\">\n\t\t\t\t<div class=\"elementor-widget-container\">\n\t\t\t\t\t\t\t\t\t\t\t\t\t\t\t<img fetchpriority=\"high\" decoding=\"async\" width=\"724\" height=\"405\" src=\"https:\/\/www.unavets.com\/wp-content\/uploads\/2021\/05\/shutterstock_1333510985-2-1024x573.jpg\" class=\"attachment-large size-large wp-image-16791\" alt=\"\" \/>\t\t\t\t\t\t\t\t\t\t\t\t\t\t\t<\/div>\n\t\t\t\t<\/div>\n\t\t\t\t<div class=\"elementor-element elementor-element-165c760 elementor-align-center elementor-widget elementor-widget-button\" data-id=\"165c760\" data-element_type=\"widget\" data-e-type=\"widget\" data-widget_type=\"button.default\">\n\t\t\t\t<div class=\"elementor-widget-container\">\n\t\t\t\t\t\t\t\t\t<div class=\"elementor-button-wrapper\">\n\t\t\t\t\t<a class=\"elementor-button elementor-button-link elementor-size-sm\" href=\"https:\/\/www.unavets.com\/pt-pt\/os-nossos-consultorios\/\">\n\t\t\t\t\t\t<span class=\"elementor-button-content-wrapper\">\n\t\t\t\t\t\t<span class=\"elementor-button-icon\">\n\t\t\t\t<i aria-hidden=\"true\" class=\"far fa-calendar-plus\"><\/i>\t\t\t<\/span>\n\t\t\t\t\t\t\t\t\t<span class=\"elementor-button-text\">Encontre o consult\u00f3rio UNAVETS mais pr\u00f3ximo<\/span>\n\t\t\t\t\t<\/span>\n\t\t\t\t\t<\/a>\n\t\t\t\t<\/div>\n\t\t\t\t\t\t\t\t<\/div>\n\t\t\t\t<\/div>\n\t\t\t\t\t<\/div>\n\t\t<\/div>\n\t\t\t\t\t<\/div>\n\t\t<\/section>\n\t\t\t\t<\/div>\n\t\t","protected":false},"excerpt":{"rendered":"<p>Uma boa alimenta\u00e7\u00e3o \u00e9 a fundamental para um bom estado de sa\u00fade e para melhorar a qualidade de vida dos nossos animais de estima\u00e7\u00e3o. As necessidades nutricionais de c\u00e3es e gatos s\u00e3o diferentes nas v\u00e1rias etapas da vida: cachorro, adulto e s\u00e9nior. Uma alimenta\u00e7\u00e3o adequada a cada etapa ajuda a impedir doen\u00e7as como, por exemplo, &hellip; <\/p>\n","protected":false},"author":1,"featured_media":0,"parent":0,"menu_order":0,"comment_status":"closed","ping_status":"closed","template":"page-fullwidth.php","meta":{"_acf_changed":false,"content-type":"","footnotes":""},"class_list":["post-21999","page","type-page","status-publish","hentry"],"acf":[],"_links":{"self":[{"href":"https:\/\/www.unavets.com\/pt-pt\/wp-json\/wp\/v2\/pages\/21999","targetHints":{"allow":["GET"]}}],"collection":[{"href":"https:\/\/www.unavets.com\/pt-pt\/wp-json\/wp\/v2\/pages"}],"about":[{"href":"https:\/\/www.unavets.com\/pt-pt\/wp-json\/wp\/v2\/types\/page"}],"author":[{"embeddable":true,"href":"https:\/\/www.unavets.com\/pt-pt\/wp-json\/wp\/v2\/users\/1"}],"replies":[{"embeddable":true,"href":"https:\/\/www.unavets.com\/pt-pt\/wp-json\/wp\/v2\/comments?post=21999"}],"version-history":[{"count":0,"href":"https:\/\/www.unavets.com\/pt-pt\/wp-json\/wp\/v2\/pages\/21999\/revisions"}],"wp:attachment":[{"href":"https:\/\/www.unavets.com\/pt-pt\/wp-json\/wp\/v2\/media?parent=21999"}],"curies":[{"name":"wp","href":"https:\/\/api.w.org\/{rel}","templated":true}]}}