{"id":21996,"date":"2022-03-21T16:08:36","date_gmt":"2022-03-21T16:08:36","guid":{"rendered":"https:\/\/www.unavets.com\/microchip\/"},"modified":"2022-05-17T14:51:59","modified_gmt":"2022-05-17T14:51:59","slug":"microchip","status":"publish","type":"page","link":"https:\/\/www.unavets.com\/pt-pt\/microchip\/","title":{"rendered":"Microchip"},"content":{"rendered":"\t\t<div data-elementor-type=\"wp-page\" data-elementor-id=\"21996\" class=\"elementor elementor-21996 elementor-16729\" data-elementor-post-type=\"page\">\n\t\t\t\t\t\t<section class=\"elementor-section elementor-top-section elementor-element elementor-element-d168079 elementor-section-boxed elementor-section-height-default elementor-section-height-default\" data-id=\"d168079\" data-element_type=\"section\" data-e-type=\"section\" id=\"main-sec\">\n\t\t\t\t\t\t<div class=\"elementor-container elementor-column-gap-default\">\n\t\t\t\t\t<div class=\"elementor-column elementor-col-100 elementor-top-column elementor-element elementor-element-81a755a\" data-id=\"81a755a\" data-element_type=\"column\" data-e-type=\"column\">\n\t\t\t<div class=\"elementor-widget-wrap elementor-element-populated\">\n\t\t\t\t\t\t<div class=\"elementor-element elementor-element-b1127ad elementor-widget elementor-widget-text-editor\" data-id=\"b1127ad\" data-element_type=\"widget\" data-e-type=\"widget\" data-widget_type=\"text-editor.default\">\n\t\t\t\t<div class=\"elementor-widget-container\">\n\t\t\t\t\t\t\t\t\t<p>A identifica\u00e7\u00e3o dos c\u00e3es e dos gatos tem de ser feita antes dos tr\u00eas meses de idade e atrav\u00e9s de um veterin\u00e1rio ou colaborador oficial. O microchip \u00e9 um aparelho eletr\u00f3nico min\u00fasculo, mais ou menos do tamanho de um gr\u00e3o de arroz, que \u00e9 implantado na pele dos seus companheiros animais. Cada microchip tem um c\u00f3digo de d\u00edgitos e letras \u00fanico que serve para identificar o animal e est\u00e1 associado \u00e0 informa\u00e7\u00e3o de contacto da sua fam\u00edlia: morada, n\u00fameros de telefone e nomes. <span style=\"letter-spacing: 0.1px\">Todos os consult\u00f3rios UNAVETS oferecem servi\u00e7os de implanta\u00e7\u00e3o de microchip.<\/span><\/p>\n<p><b>Para que serve o microchip?<\/b>&nbsp;<\/p>\n<p><span style=\"letter-spacing: 0.1px\">O microchip serve para reconhecer legalmente que o animal de estima\u00e7\u00e3o pertence a uma fam\u00edlia. Se o animal de estima\u00e7\u00e3o se perder e tiver microchip, a probabilidade de ser poss\u00edvel identificar e reunir o animal de estima\u00e7\u00e3o com a sua fam\u00edlia aumenta significativamente. E em caso de roubo, permite provar que o animal lhe pertence.&nbsp;<\/span>Se encontrar um animal de estima\u00e7\u00e3o perdido, pode lev\u00e1-lo a um consult\u00f3rio veterin\u00e1rio que realizar\u00e1 um scan simples e r\u00e1pido do animal com um aparelho espec\u00edfico.<span class=\"Apple-converted-space\">&nbsp;<\/span>Este ler\u00e1 a informa\u00e7\u00e3o no microchip e ajudar\u00e1 a localizar o dono do animal de estima\u00e7\u00e3o.<\/p>\n\t\t\t\t\t\t\t\t<\/div>\n\t\t\t\t<\/div>\n\t\t\t\t<div class=\"elementor-element elementor-element-2341a2c elementor-align-center elementor-widget elementor-widget-button\" data-id=\"2341a2c\" data-element_type=\"widget\" data-e-type=\"widget\" data-widget_type=\"button.default\">\n\t\t\t\t<div class=\"elementor-widget-container\">\n\t\t\t\t\t\t\t\t\t<div class=\"elementor-button-wrapper\">\n\t\t\t\t\t<a class=\"elementor-button elementor-button-link elementor-size-sm\" href=\"https:\/\/www.unavets.com\/pt-pt\/os-nossos-consultorios\/\">\n\t\t\t\t\t\t<span class=\"elementor-button-content-wrapper\">\n\t\t\t\t\t\t<span class=\"elementor-button-icon\">\n\t\t\t\t<i aria-hidden=\"true\" class=\"far fa-calendar-plus\"><\/i>\t\t\t<\/span>\n\t\t\t\t\t\t\t\t\t<span class=\"elementor-button-text\">Pronto para fazer a sua marca\u00e7\u00e3o?<\/span>\n\t\t\t\t\t<\/span>\n\t\t\t\t\t<\/a>\n\t\t\t\t<\/div>\n\t\t\t\t\t\t\t\t<\/div>\n\t\t\t\t<\/div>\n\t\t\t\t<div class=\"elementor-element elementor-element-c899f6b elementor-widget elementor-widget-image\" data-id=\"c899f6b\" data-element_type=\"widget\" data-e-type=\"widget\" data-widget_type=\"image.default\">\n\t\t\t\t<div class=\"elementor-widget-container\">\n\t\t\t\t\t\t\t\t\t\t\t\t\t\t\t<img fetchpriority=\"high\" decoding=\"async\" width=\"724\" height=\"370\" src=\"https:\/\/www.unavets.com\/wp-content\/uploads\/2021\/05\/Woman-leaning-down-to-Dog-1-1-1024x523.jpg\" class=\"attachment-large size-large wp-image-16744\" alt=\"\" \/>\t\t\t\t\t\t\t\t\t\t\t\t\t\t\t<\/div>\n\t\t\t\t<\/div>\n\t\t\t\t\t<\/div>\n\t\t<\/div>\n\t\t\t\t\t<\/div>\n\t\t<\/section>\n\t\t\t\t<\/div>\n\t\t","protected":false},"excerpt":{"rendered":"<p>A identifica\u00e7\u00e3o dos c\u00e3es e dos gatos tem de ser feita antes dos tr\u00eas meses de idade e atrav\u00e9s de um veterin\u00e1rio ou colaborador oficial. O microchip \u00e9 um aparelho eletr\u00f3nico min\u00fasculo, mais ou menos do tamanho de um gr\u00e3o de arroz, que \u00e9 implantado na pele dos seus companheiros animais. Cada microchip tem um &hellip; <\/p>\n","protected":false},"author":1,"featured_media":0,"parent":0,"menu_order":0,"comment_status":"closed","ping_status":"closed","template":"page-fullwidth.php","meta":{"_acf_changed":false,"content-type":"","footnotes":""},"class_list":["post-21996","page","type-page","status-publish","hentry"],"acf":[],"_links":{"self":[{"href":"https:\/\/www.unavets.com\/pt-pt\/wp-json\/wp\/v2\/pages\/21996","targetHints":{"allow":["GET"]}}],"collection":[{"href":"https:\/\/www.unavets.com\/pt-pt\/wp-json\/wp\/v2\/pages"}],"about":[{"href":"https:\/\/www.unavets.com\/pt-pt\/wp-json\/wp\/v2\/types\/page"}],"author":[{"embeddable":true,"href":"https:\/\/www.unavets.com\/pt-pt\/wp-json\/wp\/v2\/users\/1"}],"replies":[{"embeddable":true,"href":"https:\/\/www.unavets.com\/pt-pt\/wp-json\/wp\/v2\/comments?post=21996"}],"version-history":[{"count":0,"href":"https:\/\/www.unavets.com\/pt-pt\/wp-json\/wp\/v2\/pages\/21996\/revisions"}],"wp:attachment":[{"href":"https:\/\/www.unavets.com\/pt-pt\/wp-json\/wp\/v2\/media?parent=21996"}],"curies":[{"name":"wp","href":"https:\/\/api.w.org\/{rel}","templated":true}]}}