{"id":21995,"date":"2022-03-21T16:08:36","date_gmt":"2022-03-21T16:08:36","guid":{"rendered":"https:\/\/www.unavets.com\/esterilizacao\/"},"modified":"2022-07-13T13:35:52","modified_gmt":"2022-07-13T13:35:52","slug":"esterilizacao","status":"publish","type":"page","link":"https:\/\/www.unavets.com\/pt-pt\/esterilizacao\/","title":{"rendered":"Esteriliza\u00e7\u00e3o"},"content":{"rendered":"\t\t<div data-elementor-type=\"wp-page\" data-elementor-id=\"21995\" class=\"elementor elementor-21995 elementor-16949\" data-elementor-post-type=\"page\">\n\t\t\t\t\t\t<section class=\"elementor-section elementor-top-section elementor-element elementor-element-d168079 elementor-section-boxed elementor-section-height-default elementor-section-height-default\" data-id=\"d168079\" data-element_type=\"section\" data-e-type=\"section\" id=\"main-sec\">\n\t\t\t\t\t\t<div class=\"elementor-container elementor-column-gap-default\">\n\t\t\t\t\t<div class=\"elementor-column elementor-col-100 elementor-top-column elementor-element elementor-element-81a755a\" data-id=\"81a755a\" data-element_type=\"column\" data-e-type=\"column\">\n\t\t\t<div class=\"elementor-widget-wrap elementor-element-populated\">\n\t\t\t\t\t\t<div class=\"elementor-element elementor-element-b7bb85c elementor-widget elementor-widget-section_titleleft\" data-id=\"b7bb85c\" data-element_type=\"widget\" data-e-type=\"widget\" data-widget_type=\"section_titleleft.default\">\n\t\t\t\t<div class=\"elementor-widget-container\">\n\t\t\t\t\t        <div class=\"ab_text-title fl-wrap\">\n            <h3>Esteriliza\u00e7\u00e3o em machos e f\u00eameas<\/h3><span class=\"section-separator fl-sec-sep\"><\/span>        <\/div>\n        \t\t\t\t<\/div>\n\t\t\t\t<\/div>\n\t\t\t\t<div class=\"elementor-element elementor-element-b1127ad elementor-widget elementor-widget-text-editor\" data-id=\"b1127ad\" data-element_type=\"widget\" data-e-type=\"widget\" data-widget_type=\"text-editor.default\">\n\t\t\t\t<div class=\"elementor-widget-container\">\n\t\t\t\t\t\t\t\t\t<p>A esteriliza\u00e7\u00e3o ou a castra\u00e7\u00e3o s\u00e3o procedimentos cir\u00fargicos comuns, realizados por veterin\u00e1rios da UNAVETS, durante os quais se removem os ov\u00e1rios e os \u00fateros nas f\u00eameas e os test\u00edculos nos machos. \u00c9 realizado num bloco operat\u00f3rio esterilizado sob anestesia geral, analgesia, monitoriza\u00e7\u00e3o constante e supervis\u00e3o durante a recupera\u00e7\u00e3o depois da opera\u00e7\u00e3o. Em geral, a esteriliza\u00e7\u00e3o evita a reprodu\u00e7\u00e3o sem controlo ou indesejada e o poss\u00edvel abandono dos cachorros.<\/p>\n<p>A esteriliza\u00e7\u00e3o tamb\u00e9m reduz alguns problemas de comportamento atribu\u00eddos \u00e0s hormonas, como a marca\u00e7\u00e3o com urina ou o dom\u00ednio.<\/p>\n<ul>\n<li><strong>Machos castrados:<\/strong> Reduz o risco de hiperplasia prost\u00e1tica, tumores perianais e cancro testicular.<\/li>\n<li><strong>F\u00eameas esterilizadas:<\/strong> Reduz o risco de tumores mam\u00e1rios. Elimina o risco de transtornos hormonais e do estro, tumores nos ov\u00e1rios, no \u00fatero e no colo do \u00fatero, e infe\u00e7\u00f5es uterinas como a pi\u00f3metra.<\/li>\n<\/ul>\n\t\t\t\t\t\t\t\t<\/div>\n\t\t\t\t<\/div>\n\t\t\t\t<div class=\"elementor-element elementor-element-2341a2c elementor-align-center elementor-widget elementor-widget-button\" data-id=\"2341a2c\" data-element_type=\"widget\" data-e-type=\"widget\" data-widget_type=\"button.default\">\n\t\t\t\t<div class=\"elementor-widget-container\">\n\t\t\t\t\t\t\t\t\t<div class=\"elementor-button-wrapper\">\n\t\t\t\t\t<a class=\"elementor-button elementor-button-link elementor-size-sm\" href=\"https:\/\/www.unavets.com\/pt-pt\/os-nossos-consultorios\/\">\n\t\t\t\t\t\t<span class=\"elementor-button-content-wrapper\">\n\t\t\t\t\t\t\t\t\t<span class=\"elementor-button-text\"> Encontre o consult\u00f3rio UNAVETS mais pr\u00f3ximo<\/span>\n\t\t\t\t\t<\/span>\n\t\t\t\t\t<\/a>\n\t\t\t\t<\/div>\n\t\t\t\t\t\t\t\t<\/div>\n\t\t\t\t<\/div>\n\t\t\t\t\t<\/div>\n\t\t<\/div>\n\t\t\t\t\t<\/div>\n\t\t<\/section>\n\t\t\t\t<section class=\"elementor-section elementor-top-section elementor-element elementor-element-ef54e43 elementor-section-boxed elementor-section-height-default elementor-section-height-default\" data-id=\"ef54e43\" data-element_type=\"section\" data-e-type=\"section\">\n\t\t\t\t\t\t<div class=\"elementor-container elementor-column-gap-default\">\n\t\t\t\t\t<div class=\"elementor-column elementor-col-100 elementor-top-column elementor-element elementor-element-33d4413\" data-id=\"33d4413\" data-element_type=\"column\" data-e-type=\"column\">\n\t\t\t<div class=\"elementor-widget-wrap elementor-element-populated\">\n\t\t\t\t\t\t<div class=\"elementor-element elementor-element-c899f6b elementor-widget elementor-widget-image\" data-id=\"c899f6b\" data-element_type=\"widget\" data-e-type=\"widget\" data-widget_type=\"image.default\">\n\t\t\t\t<div class=\"elementor-widget-container\">\n\t\t\t\t\t\t\t\t\t\t\t\t\t\t\t<img fetchpriority=\"high\" decoding=\"async\" width=\"1500\" height=\"1000\" src=\"https:\/\/www.unavets.com\/wp-content\/uploads\/2021\/05\/DSC8241-2-e1622101269229.jpg\" class=\"attachment-1536x1536 size-1536x1536 wp-image-16705\" alt=\"\" \/>\t\t\t\t\t\t\t\t\t\t\t\t\t\t\t<\/div>\n\t\t\t\t<\/div>\n\t\t\t\t\t<\/div>\n\t\t<\/div>\n\t\t\t\t\t<\/div>\n\t\t<\/section>\n\t\t\t\t<\/div>\n\t\t","protected":false},"excerpt":{"rendered":"<p>Esteriliza\u00e7\u00e3o em machos e f\u00eameas A esteriliza\u00e7\u00e3o ou a castra\u00e7\u00e3o s\u00e3o procedimentos cir\u00fargicos comuns, realizados por veterin\u00e1rios da UNAVETS, durante os quais se removem os ov\u00e1rios e os \u00fateros nas f\u00eameas e os test\u00edculos nos machos. \u00c9 realizado num bloco operat\u00f3rio esterilizado sob anestesia geral, analgesia, monitoriza\u00e7\u00e3o constante e supervis\u00e3o durante a recupera\u00e7\u00e3o depois da &hellip; <\/p>\n","protected":false},"author":1,"featured_media":0,"parent":0,"menu_order":0,"comment_status":"closed","ping_status":"closed","template":"page-fullwidth.php","meta":{"_acf_changed":false,"content-type":"","footnotes":""},"class_list":["post-21995","page","type-page","status-publish","hentry"],"acf":[],"_links":{"self":[{"href":"https:\/\/www.unavets.com\/pt-pt\/wp-json\/wp\/v2\/pages\/21995","targetHints":{"allow":["GET"]}}],"collection":[{"href":"https:\/\/www.unavets.com\/pt-pt\/wp-json\/wp\/v2\/pages"}],"about":[{"href":"https:\/\/www.unavets.com\/pt-pt\/wp-json\/wp\/v2\/types\/page"}],"author":[{"embeddable":true,"href":"https:\/\/www.unavets.com\/pt-pt\/wp-json\/wp\/v2\/users\/1"}],"replies":[{"embeddable":true,"href":"https:\/\/www.unavets.com\/pt-pt\/wp-json\/wp\/v2\/comments?post=21995"}],"version-history":[{"count":0,"href":"https:\/\/www.unavets.com\/pt-pt\/wp-json\/wp\/v2\/pages\/21995\/revisions"}],"wp:attachment":[{"href":"https:\/\/www.unavets.com\/pt-pt\/wp-json\/wp\/v2\/media?parent=21995"}],"curies":[{"name":"wp","href":"https:\/\/api.w.org\/{rel}","templated":true}]}}