{"id":21993,"date":"2022-03-21T16:08:34","date_gmt":"2022-03-21T16:08:34","guid":{"rendered":"https:\/\/www.unavets.com\/visitas-ao-domicilio\/"},"modified":"2022-05-17T14:55:29","modified_gmt":"2022-05-17T14:55:29","slug":"visitas-ao-domicilio","status":"publish","type":"page","link":"https:\/\/www.unavets.com\/pt-pt\/visitas-ao-domicilio\/","title":{"rendered":"Visitas ao Domic\u00edlio"},"content":{"rendered":"\t\t<div data-elementor-type=\"wp-page\" data-elementor-id=\"21993\" class=\"elementor elementor-21993 elementor-16834\" data-elementor-post-type=\"page\">\n\t\t\t\t\t\t<section class=\"elementor-section elementor-top-section elementor-element elementor-element-d168079 elementor-section-boxed elementor-section-height-default elementor-section-height-default\" data-id=\"d168079\" data-element_type=\"section\" data-e-type=\"section\" id=\"main-sec\">\n\t\t\t\t\t\t<div class=\"elementor-container elementor-column-gap-default\">\n\t\t\t\t\t<div class=\"elementor-column elementor-col-100 elementor-top-column elementor-element elementor-element-81a755a\" data-id=\"81a755a\" data-element_type=\"column\" data-e-type=\"column\">\n\t\t\t<div class=\"elementor-widget-wrap elementor-element-populated\">\n\t\t\t\t\t\t<div class=\"elementor-element elementor-element-b7bb85c elementor-widget elementor-widget-section_titleleft\" data-id=\"b7bb85c\" data-element_type=\"widget\" data-e-type=\"widget\" data-widget_type=\"section_titleleft.default\">\n\t\t\t\t<div class=\"elementor-widget-container\">\n\t\t\t\t\t        <div class=\"ab_text-title fl-wrap\">\n            No caso de n\u00e3o poder viajar para um dos nossos centros, a UNAVETS oferece servi\u00e7os de consulta ao domic\u00edlio, atrav\u00e9s dos quais um veterin\u00e1rio da UNAVETS ir\u00e1 a sua casa para tratar do seu animal de estima\u00e7\u00e3o.<span class=\"section-separator fl-sec-sep\"><\/span>        <\/div>\n        \t\t\t\t<\/div>\n\t\t\t\t<\/div>\n\t\t\t\t<div class=\"elementor-element elementor-element-1ca0505 elementor-align-center elementor-widget elementor-widget-button\" data-id=\"1ca0505\" data-element_type=\"widget\" data-e-type=\"widget\" data-widget_type=\"button.default\">\n\t\t\t\t<div class=\"elementor-widget-container\">\n\t\t\t\t\t\t\t\t\t<div class=\"elementor-button-wrapper\">\n\t\t\t\t\t<a class=\"elementor-button elementor-button-link elementor-size-sm\" href=\"https:\/\/www.unavets.com\/pt-pt\/os-nossos-consultorios\/\">\n\t\t\t\t\t\t<span class=\"elementor-button-content-wrapper\">\n\t\t\t\t\t\t\t\t\t<span class=\"elementor-button-text\">Encontre o consult\u00f3rio UNAVETS mais pr\u00f3ximo<\/span>\n\t\t\t\t\t<\/span>\n\t\t\t\t\t<\/a>\n\t\t\t\t<\/div>\n\t\t\t\t\t\t\t\t<\/div>\n\t\t\t\t<\/div>\n\t\t\t\t\t<\/div>\n\t\t<\/div>\n\t\t\t\t\t<\/div>\n\t\t<\/section>\n\t\t\t\t<section class=\"elementor-section elementor-top-section elementor-element elementor-element-d75d751 elementor-section-boxed elementor-section-height-default elementor-section-height-default\" data-id=\"d75d751\" data-element_type=\"section\" data-e-type=\"section\">\n\t\t\t\t\t\t<div class=\"elementor-container elementor-column-gap-default\">\n\t\t\t\t\t<div class=\"elementor-column elementor-col-100 elementor-top-column elementor-element elementor-element-5fb2525\" data-id=\"5fb2525\" data-element_type=\"column\" data-e-type=\"column\">\n\t\t\t<div class=\"elementor-widget-wrap elementor-element-populated\">\n\t\t\t\t\t\t<div class=\"elementor-element elementor-element-d099bc3 elementor-widget elementor-widget-image\" data-id=\"d099bc3\" data-element_type=\"widget\" data-e-type=\"widget\" data-widget_type=\"image.default\">\n\t\t\t\t<div class=\"elementor-widget-container\">\n\t\t\t\t\t\t\t\t\t\t\t\t\t\t\t<img fetchpriority=\"high\" decoding=\"async\" width=\"724\" height=\"515\" src=\"https:\/\/www.unavets.com\/wp-content\/uploads\/2021\/06\/shutterstock_639299914-1-768x546.jpg\" class=\"attachment-medium_large size-medium_large wp-image-17829\" alt=\"\" \/>\t\t\t\t\t\t\t\t\t\t\t\t\t\t\t<\/div>\n\t\t\t\t<\/div>\n\t\t\t\t\t<\/div>\n\t\t<\/div>\n\t\t\t\t\t<\/div>\n\t\t<\/section>\n\t\t\t\t<\/div>\n\t\t","protected":false},"excerpt":{"rendered":"<p>No caso de n\u00e3o poder viajar para um dos nossos centros, a UNAVETS oferece servi\u00e7os de consulta ao domic\u00edlio, atrav\u00e9s dos quais um veterin\u00e1rio da UNAVETS ir\u00e1 a sua casa para tratar do seu animal de estima\u00e7\u00e3o. Encontre o consult\u00f3rio UNAVETS mais pr\u00f3ximo<\/p>\n","protected":false},"author":4,"featured_media":0,"parent":0,"menu_order":0,"comment_status":"closed","ping_status":"closed","template":"page-fullwidth.php","meta":{"_acf_changed":false,"content-type":"","footnotes":""},"class_list":["post-21993","page","type-page","status-publish","hentry"],"acf":[],"_links":{"self":[{"href":"https:\/\/www.unavets.com\/pt-pt\/wp-json\/wp\/v2\/pages\/21993","targetHints":{"allow":["GET"]}}],"collection":[{"href":"https:\/\/www.unavets.com\/pt-pt\/wp-json\/wp\/v2\/pages"}],"about":[{"href":"https:\/\/www.unavets.com\/pt-pt\/wp-json\/wp\/v2\/types\/page"}],"author":[{"embeddable":true,"href":"https:\/\/www.unavets.com\/pt-pt\/wp-json\/wp\/v2\/users\/4"}],"replies":[{"embeddable":true,"href":"https:\/\/www.unavets.com\/pt-pt\/wp-json\/wp\/v2\/comments?post=21993"}],"version-history":[{"count":0,"href":"https:\/\/www.unavets.com\/pt-pt\/wp-json\/wp\/v2\/pages\/21993\/revisions"}],"wp:attachment":[{"href":"https:\/\/www.unavets.com\/pt-pt\/wp-json\/wp\/v2\/media?parent=21993"}],"curies":[{"name":"wp","href":"https:\/\/api.w.org\/{rel}","templated":true}]}}