{"id":21990,"date":"2022-03-21T16:08:33","date_gmt":"2022-03-21T16:08:33","guid":{"rendered":"https:\/\/www.unavets.com\/medicina-geral\/"},"modified":"2022-05-17T14:50:17","modified_gmt":"2022-05-17T14:50:17","slug":"medicina-geral","status":"publish","type":"page","link":"https:\/\/www.unavets.com\/pt-pt\/medicina-geral\/","title":{"rendered":"Medicina Geral"},"content":{"rendered":"\t\t<div data-elementor-type=\"wp-page\" data-elementor-id=\"21990\" class=\"elementor elementor-21990 elementor-17157\" data-elementor-post-type=\"page\">\n\t\t\t\t\t\t<section class=\"elementor-section elementor-top-section elementor-element elementor-element-d168079 elementor-section-boxed elementor-section-height-default elementor-section-height-default\" data-id=\"d168079\" data-element_type=\"section\" data-e-type=\"section\" id=\"main-sec\">\n\t\t\t\t\t\t<div class=\"elementor-container elementor-column-gap-default\">\n\t\t\t\t\t<div class=\"elementor-column elementor-col-100 elementor-top-column elementor-element elementor-element-81a755a\" data-id=\"81a755a\" data-element_type=\"column\" data-e-type=\"column\">\n\t\t\t<div class=\"elementor-widget-wrap elementor-element-populated\">\n\t\t\t\t\t\t<div class=\"elementor-element elementor-element-b1127ad elementor-widget elementor-widget-text-editor\" data-id=\"b1127ad\" data-element_type=\"widget\" data-e-type=\"widget\" data-widget_type=\"text-editor.default\">\n\t\t\t\t<div class=\"elementor-widget-container\">\n\t\t\t\t\t\t\t\t\t<p>A medicina geral constitui o primeiro n\u00edvel de aten\u00e7\u00e3o m\u00e9dica veterin\u00e1ria para os animais de estima\u00e7\u00e3o e \u00e9 fundamental para a preven\u00e7\u00e3o, dete\u00e7\u00e3o, tratamento e seguimento das doen\u00e7as. Mediante a realiza\u00e7\u00e3o dos ensaios cl\u00ednicos necess\u00e1rios podemos diagnosticar as patologias de animal e iniciar um tratamento ou optar pelo seu encaminhamento para um especialista.<\/p>\n\t\t\t\t\t\t\t\t<\/div>\n\t\t\t\t<\/div>\n\t\t\t\t<div class=\"elementor-element elementor-element-2341a2c elementor-align-center elementor-widget elementor-widget-button\" data-id=\"2341a2c\" data-element_type=\"widget\" data-e-type=\"widget\" data-widget_type=\"button.default\">\n\t\t\t\t<div class=\"elementor-widget-container\">\n\t\t\t\t\t\t\t\t\t<div class=\"elementor-button-wrapper\">\n\t\t\t\t\t<a class=\"elementor-button elementor-button-link elementor-size-sm\" href=\"https:\/\/www.unavets.com\/pt-pt\/os-nossos-consultorios\/\">\n\t\t\t\t\t\t<span class=\"elementor-button-content-wrapper\">\n\t\t\t\t\t\t\t\t\t<span class=\"elementor-button-text\">Encontre o consult\u00f3rio UNAVETS mais pr\u00f3ximo<\/span>\n\t\t\t\t\t<\/span>\n\t\t\t\t\t<\/a>\n\t\t\t\t<\/div>\n\t\t\t\t\t\t\t\t<\/div>\n\t\t\t\t<\/div>\n\t\t\t\t<div class=\"elementor-element elementor-element-c899f6b elementor-widget elementor-widget-image\" data-id=\"c899f6b\" data-element_type=\"widget\" data-e-type=\"widget\" data-widget_type=\"image.default\">\n\t\t\t\t<div class=\"elementor-widget-container\">\n\t\t\t\t\t\t\t\t\t\t\t\t\t\t\t<img fetchpriority=\"high\" decoding=\"async\" width=\"724\" height=\"529\" src=\"https:\/\/www.unavets.com\/wp-content\/uploads\/2021\/02\/shutterstock_670571038-1.jpg\" class=\"attachment-large size-large wp-image-15219\" alt=\"\" \/>\t\t\t\t\t\t\t\t\t\t\t\t\t\t\t<\/div>\n\t\t\t\t<\/div>\n\t\t\t\t\t<\/div>\n\t\t<\/div>\n\t\t\t\t\t<\/div>\n\t\t<\/section>\n\t\t\t\t<\/div>\n\t\t","protected":false},"excerpt":{"rendered":"<p>A medicina geral constitui o primeiro n\u00edvel de aten\u00e7\u00e3o m\u00e9dica veterin\u00e1ria para os animais de estima\u00e7\u00e3o e \u00e9 fundamental para a preven\u00e7\u00e3o, dete\u00e7\u00e3o, tratamento e seguimento das doen\u00e7as. Mediante a realiza\u00e7\u00e3o dos ensaios cl\u00ednicos necess\u00e1rios podemos diagnosticar as patologias de animal e iniciar um tratamento ou optar pelo seu encaminhamento para um especialista. Encontre o &hellip; <\/p>\n","protected":false},"author":1,"featured_media":0,"parent":0,"menu_order":0,"comment_status":"closed","ping_status":"closed","template":"page-fullwidth.php","meta":{"_acf_changed":false,"content-type":"","footnotes":""},"class_list":["post-21990","page","type-page","status-publish","hentry"],"acf":[],"_links":{"self":[{"href":"https:\/\/www.unavets.com\/pt-pt\/wp-json\/wp\/v2\/pages\/21990","targetHints":{"allow":["GET"]}}],"collection":[{"href":"https:\/\/www.unavets.com\/pt-pt\/wp-json\/wp\/v2\/pages"}],"about":[{"href":"https:\/\/www.unavets.com\/pt-pt\/wp-json\/wp\/v2\/types\/page"}],"author":[{"embeddable":true,"href":"https:\/\/www.unavets.com\/pt-pt\/wp-json\/wp\/v2\/users\/1"}],"replies":[{"embeddable":true,"href":"https:\/\/www.unavets.com\/pt-pt\/wp-json\/wp\/v2\/comments?post=21990"}],"version-history":[{"count":0,"href":"https:\/\/www.unavets.com\/pt-pt\/wp-json\/wp\/v2\/pages\/21990\/revisions"}],"wp:attachment":[{"href":"https:\/\/www.unavets.com\/pt-pt\/wp-json\/wp\/v2\/media?parent=21990"}],"curies":[{"name":"wp","href":"https:\/\/api.w.org\/{rel}","templated":true}]}}